{"id":243425,"date":"2026-03-04T14:27:51","date_gmt":"2026-03-04T13:27:51","guid":{"rendered":"https:\/\/hauxlifesupport.de\/lentreprise\/nouveautes\/nizza-haux-starmed-quadro\/"},"modified":"2026-03-16T13:32:45","modified_gmt":"2026-03-16T12:32:45","slug":"nizza-haux-starmed-quadro","status":"publish","type":"page","link":"https:\/\/hauxlifesupport.de\/fr\/lentreprise\/nouveautes\/nizza-haux-starmed-quadro\/","title":{"rendered":"Nouveaut\u00e9s &#8211; Le plus grand syst\u00e8me de chambres hyperbares d\u2019Europe \u00e0 l\u2019h\u00f4pital Pasteur II de Nice"},"content":{"rendered":"<p>[et_pb_section fb_built=\u00a0\u00bb1&Prime; admin_label=\u00a0\u00bbSlider\u00a0\u00bb _builder_version=\u00a0\u00bb4.21.0&Prime; _module_preset=\u00a0\u00bbdefault\u00a0\u00bb width=\u00a0\u00bb100%\u00a0\u00bb max_width=\u00a0\u00bb100%\u00a0\u00bb custom_padding=\u00a0\u00bb0px||0px||false|false\u00a0\u00bb custom_padding_tablet=\u00a0\u00bb0px||0px||false|false\u00a0\u00bb custom_padding_phone=\u00a0\u00bb0px||0px||false|false\u00a0\u00bb global_colors_info=\u00a0\u00bb{}\u00a0\u00bb][et_pb_row _builder_version=\u00a0\u00bb4.21.0&Prime; _module_preset=\u00a0\u00bbdefault\u00a0\u00bb background_enable_color=\u00a0\u00bboff\u00a0\u00bb width=\u00a0\u00bb100%\u00a0\u00bb width_tablet=\u00a0\u00bb100%\u00a0\u00bb width_phone=\u00a0\u00bb100%\u00a0\u00bb width_last_edited=\u00a0\u00bbon|desktop\u00a0\u00bb max_width=\u00a0\u00bb100%\u00a0\u00bb module_alignment=\u00a0\u00bbleft\u00a0\u00bb custom_margin=\u00a0\u00bb0px||0px||false|false\u00a0\u00bb custom_margin_tablet=\u00a0\u00bb|0px||0px|false|false\u00a0\u00bb custom_padding=\u00a0\u00bb0px||0px||false|false\u00a0\u00bb custom_padding_tablet=\u00a0\u00bb|0px||0px|false|true\u00a0\u00bb global_colors_info=\u00a0\u00bb{}\u00a0\u00bb][et_pb_column type=\u00a0\u00bb4_4&Prime; _builder_version=\u00a0\u00bb4.21.0&Prime; _module_preset=\u00a0\u00bbdefault\u00a0\u00bb background_enable_color=\u00a0\u00bboff\u00a0\u00bb global_colors_info=\u00a0\u00bb{}\u00a0\u00bb][et_pb_slider _builder_version=\u00a0\u00bb4.23.1&Prime; _module_preset=\u00a0\u00bbdefault\u00a0\u00bb custom_padding_tablet=\u00a0\u00bb180px|0px|180px|0px|false|false\u00a0\u00bb header_font_size_tablet=\u00a0\u00bb\u00a0\u00bb header_font_size_phone=\u00a0\u00bb39px\u00a0\u00bb header_font_size_last_edited=\u00a0\u00bbon|tablet\u00a0\u00bb body_font_size_phone=\u00a0\u00bb39px\u00a0\u00bb global_colors_info=\u00a0\u00bb{}\u00a0\u00bb][et_pb_slide _builder_version=\u00a0\u00bb4.23.1&Prime; _module_preset=\u00a0\u00bbdefault\u00a0\u00bb background_color=\u00a0\u00bb#0C71C3&Prime; background_enable_color=\u00a0\u00bbon\u00a0\u00bb background_image=\u00a0\u00bbhttps:\/\/hauxlifesupport.de\/wp-content\/uploads\/2025\/12\/NEWS_HAUX_Druckkammer_HyperbaricPressureChamber_Nizza_Pasteur_2_Hospital_Neon-Flagge2_2025-scaled.jpg\u00a0\u00bb parallax=\u00a0\u00bbon\u00a0\u00bb custom_padding=\u00a0\u00bb|0px||0px|false|false\u00a0\u00bb global_colors_info=\u00a0\u00bb{}\u00a0\u00bb sticky_transition=\u00a0\u00bbon\u00a0\u00bb]<\/p>\n<p><strong><br \/><\/strong><strong><\/strong><\/p>\n<p>[\/et_pb_slide][\/et_pb_slider][\/et_pb_column][\/et_pb_row][\/et_pb_section][et_pb_section fb_built=\u00a0\u00bb1&Prime; admin_label=\u00a0\u00bbWillkommen\u00a0\u00bb _builder_version=\u00a0\u00bb4.21.0&Prime; _module_preset=\u00a0\u00bbdefault\u00a0\u00bb min_height=\u00a0\u00bb1575.7px\u00a0\u00bb custom_padding=\u00a0\u00bb||40px|||\u00a0\u00bb global_colors_info=\u00a0\u00bb{}\u00a0\u00bb][et_pb_row _builder_version=\u00a0\u00bb4.21.0&Prime; _module_preset=\u00a0\u00bb_initial\u00a0\u00bb custom_margin_tablet=\u00a0\u00bb||0px||false|false\u00a0\u00bb custom_margin_phone=\u00a0\u00bb||0px||false|false\u00a0\u00bb custom_margin_last_edited=\u00a0\u00bbon|phone\u00a0\u00bb custom_padding_tablet=\u00a0\u00bb||0px||false|false\u00a0\u00bb custom_padding_phone=\u00a0\u00bb||0px||false|false\u00a0\u00bb global_colors_info=\u00a0\u00bb{}\u00a0\u00bb][et_pb_column type=\u00a0\u00bb4_4&Prime; _builder_version=\u00a0\u00bb4.21.0&Prime; _module_preset=\u00a0\u00bbdefault\u00a0\u00bb global_colors_info=\u00a0\u00bb{}\u00a0\u00bb][et_pb_text _builder_version=\u00a0\u00bb4.23.1&Prime; _module_preset=\u00a0\u00bbdefault\u00a0\u00bb global_colors_info=\u00a0\u00bb{}\u00a0\u00bb]<\/p>\n<h2><strong>Nouveaut\u00e9s<\/strong><\/h2>\n<h2><span style=\"text-decoration: underline;\">Le plus grand syst\u00e8me de chambres hyperbares d\u2019Europe \u00e0 l\u2019h\u00f4pital Pasteur II de Nice<\/span><\/h2>\n<p>[\/et_pb_text][\/et_pb_column][\/et_pb_row][et_pb_row _builder_version=\u00a0\u00bb4.23.1&Prime; _module_preset=\u00a0\u00bbdefault\u00a0\u00bb custom_padding=\u00a0\u00bb||30px|||\u00a0\u00bb global_colors_info=\u00a0\u00bb{}\u00a0\u00bb][et_pb_column type=\u00a0\u00bb4_4&Prime; _builder_version=\u00a0\u00bb4.23.1&Prime; _module_preset=\u00a0\u00bbdefault\u00a0\u00bb global_colors_info=\u00a0\u00bb{}\u00a0\u00bb][et_pb_text _builder_version=\u00a0\u00bb4.23.1&Prime; _module_preset=\u00a0\u00bbdefault\u00a0\u00bb global_colors_info=\u00a0\u00bb{}\u00a0\u00bb]<\/p>\n<p>Avec la mise en service r\u00e9ussie du nouveau syst\u00e8me de chambre hyperbare\u00a0<strong>HAUX-STARMED-QUADRO 3000-2200\/3,3\/SC4 +6,6\/SC2\u00a0<\/strong>\u00e0 l\u2019h\u00f4pital Pasteur II de Nice, HAUX-LIFE-SUPPORT GmbH \u00e9tablit une nouvelle r\u00e9f\u00e9rence en m\u00e9decine hyperbare. Le projet, qui a d\u00e9but\u00e9 en juin 2022, a \u00e9t\u00e9 achev\u00e9 en ao\u00fbt 2025 apr\u00e8s une phase intensive de planification et de fabrication.<\/p>\n<p>[\/et_pb_text][\/et_pb_column][\/et_pb_row][et_pb_row column_structure=\u00a0\u00bb2_5,3_5&Prime; _builder_version=\u00a0\u00bb4.23.1&Prime; _module_preset=\u00a0\u00bbdefault\u00a0\u00bb custom_margin=\u00a0\u00bb|auto|-4px|auto||\u00a0\u00bb custom_padding=\u00a0\u00bb||20px|||\u00a0\u00bb global_colors_info=\u00a0\u00bb{}\u00a0\u00bb][et_pb_column type=\u00a0\u00bb2_5&Prime; _builder_version=\u00a0\u00bb4.23.1&Prime; _module_preset=\u00a0\u00bbdefault\u00a0\u00bb global_colors_info=\u00a0\u00bb{}\u00a0\u00bb][et_pb_image src=\u00a0\u00bbhttps:\/\/hauxlifesupport.de\/wp-content\/uploads\/2025\/12\/NEWS_HAUX_Druckkammer_HyperbaricPressureChamber_Nizza_Pasteur_2_Hospital_Innenraum_2025-scaled.jpg\u00a0\u00bb title_text=\u00a0\u00bbNEWS_HAUX_Druckkammer_HyperbaricPressureChamber_Nizza_Pasteur_2_Hospital_Innenraum_2025&Prime; _builder_version=\u00a0\u00bb4.23.1&Prime; _module_preset=\u00a0\u00bbdefault\u00a0\u00bb max_height=\u00a0\u00bb617px\u00a0\u00bb global_colors_info=\u00a0\u00bb{}\u00a0\u00bb][\/et_pb_image][\/et_pb_column][et_pb_column type=\u00a0\u00bb3_5&Prime; _builder_version=\u00a0\u00bb4.23.1&Prime; _module_preset=\u00a0\u00bbdefault\u00a0\u00bb global_colors_info=\u00a0\u00bb{}\u00a0\u00bb][et_pb_text _builder_version=\u00a0\u00bb4.23.1&Prime; _module_preset=\u00a0\u00bbdefault\u00a0\u00bb custom_margin=\u00a0\u00bb||17px|||\u00a0\u00bb global_colors_info=\u00a0\u00bb{}\u00a0\u00bb]<\/p>\n<p><strong>Sp\u00e9cifications techniques<\/strong><\/p>\n<p>Le nouveau syst\u00e8me de chambres hyperbare se compose d\u2019un syst\u00e8me HAUX-QUADRO avec trois chambres principales et trois antichambres. L\u2019ensemble du syst\u00e8me p\u00e8se un peu moins de 200 tonnes. C\u2019est l\u2019un des syst\u00e8mes les plus performants et les plus grands jamais mis en \u0153uvre \u00e0 ce jour.<\/p>\n<p>Les chambres sont compos\u00e9es comme suit :<\/p>\n<ul>\n<li>Chambre 1 : 7 personnes dans la salle principale, 3 personnes dans l\u2019antichambre<\/li>\n<li>Chambre 2 : 13 personnes dans la salle principale, 3 personnes dans l\u2019antichambre<\/li>\n<li>Chambre 3 : 13 personnes dans la salle principale, 2 personnes dans l\u2019antichambre<\/li>\n<\/ul>\n<p>Jusqu\u2019\u00e0 41 personnes peuvent utiliser les chambres en m\u00eame temps, dont 30 peuvent \u00eatre soign\u00e9es en m\u00eame temps \u2013 une dimension exceptionnelle \u00e0 l\u2019\u00e9chelle internationale.<\/p>\n<p>Une chambre, avec son antichambre, est con\u00e7ue pour une pression de service pouvant atteindre 5,6 bars de surpression, ce qui permet notamment de traiter les accidents de plong\u00e9e graves. Les autres chambres fonctionnent \u00e0 une pression de service pouvant atteindre 3,3 bars, ce qui les qualifie pour diverses applications dans le domaine de l\u2019oxyg\u00e9noth\u00e9rapie hyperbare (OHB).<\/p>\n<p>[\/et_pb_text][\/et_pb_column][\/et_pb_row][et_pb_row column_structure=\u00a0\u00bb1_2,1_2&Prime; _builder_version=\u00a0\u00bb4.23.1&Prime; _module_preset=\u00a0\u00bbdefault\u00a0\u00bb min_height=\u00a0\u00bb417.8px\u00a0\u00bb custom_padding=\u00a0\u00bb||18px|||\u00a0\u00bb global_colors_info=\u00a0\u00bb{}\u00a0\u00bb][et_pb_column type=\u00a0\u00bb1_2&Prime; _builder_version=\u00a0\u00bb4.23.1&Prime; _module_preset=\u00a0\u00bbdefault\u00a0\u00bb global_colors_info=\u00a0\u00bb{}\u00a0\u00bb][et_pb_text _builder_version=\u00a0\u00bb4.23.1&Prime; _module_preset=\u00a0\u00bbdefault\u00a0\u00bb min_height=\u00a0\u00bb389.8px\u00a0\u00bb custom_margin=\u00a0\u00bb||-2px|||\u00a0\u00bb custom_padding=\u00a0\u00bb||2px|||\u00a0\u00bb global_colors_info=\u00a0\u00bb{}\u00a0\u00bb]<\/p>\n<p><strong>Des solutions innovantes pour la s\u00e9curit\u00e9, le confort et la flexibilit\u00e9<\/strong><\/p>\n<p>L\u2019installation propose de nombreuses adaptations et fonctionnalit\u00e9s de confort sp\u00e9cifiques \u00e0 chaque client. Celles-ci incluent :<\/p>\n<ul>\n<li>Un syst\u00e8me complet de divertissement patient connect\u00e9 au r\u00e9seau<\/li>\n<li>Un espace pouvant accueillir jusqu\u2019\u00e0 8 lits de patients<\/li>\n<li>Trois gaz configur\u00e9s par client pouvant \u00eatre s\u00e9lectionn\u00e9s individuellement \u00e0 chaque poste respiratoire<\/li>\n<\/ul>\n<p style=\"text-align: left;\">Des sas \u00e0 m\u00e9dicaments vissables permettant des transferts flexibles pendant le fonctionnement<\/p>\n<p>[\/et_pb_text][\/et_pb_column][et_pb_column type=\u00a0\u00bb1_2&Prime; _builder_version=\u00a0\u00bb4.23.1&Prime; _module_preset=\u00a0\u00bbdefault\u00a0\u00bb global_colors_info=\u00a0\u00bb{}\u00a0\u00bb][et_pb_image src=\u00a0\u00bbhttps:\/\/hauxlifesupport.de\/wp-content\/uploads\/2025\/12\/NEWS_HAUX_Druckkammer_HyperbaricPressureChamber_Nizza_Pasteur_2_Hospital_Patientenbett_2025-scaled.jpg\u00a0\u00bb title_text=\u00a0\u00bbNEWS_HAUX_Druckkammer_HyperbaricPressureChamber_Nizza_Pasteur_2_Hospital_Patientenbett_2025&Prime; _builder_version=\u00a0\u00bb4.23.1&Prime; _module_preset=\u00a0\u00bbdefault\u00a0\u00bb custom_margin=\u00a0\u00bb||-4px|||\u00a0\u00bb custom_padding=\u00a0\u00bb0px|||||\u00a0\u00bb global_colors_info=\u00a0\u00bb{}\u00a0\u00bb][\/et_pb_image][\/et_pb_column][\/et_pb_row][et_pb_row _builder_version=\u00a0\u00bb4.23.1&Prime; _module_preset=\u00a0\u00bbdefault\u00a0\u00bb min_height=\u00a0\u00bb87.2px\u00a0\u00bb custom_margin=\u00a0\u00bb|auto|3px|auto||\u00a0\u00bb custom_padding=\u00a0\u00bb||0px|||\u00a0\u00bb global_colors_info=\u00a0\u00bb{}\u00a0\u00bb][et_pb_column type=\u00a0\u00bb4_4&Prime; _builder_version=\u00a0\u00bb4.23.1&Prime; _module_preset=\u00a0\u00bbdefault\u00a0\u00bb global_colors_info=\u00a0\u00bb{}\u00a0\u00bb][et_pb_text _builder_version=\u00a0\u00bb4.23.1&Prime; _module_preset=\u00a0\u00bbdefault\u00a0\u00bb min_height=\u00a0\u00bb60.2px\u00a0\u00bb custom_margin=\u00a0\u00bb||30px|||\u00a0\u00bb global_colors_info=\u00a0\u00bb{}\u00a0\u00bb]<\/p>\n<p>Un autre point fort technique : les chambres ont \u00e9t\u00e9 con\u00e7ues de mani\u00e8re modulaire et sont d\u00e9mont\u00e9es en plusieurs sections pour faciliter leur transport et leur mise en place, un d\u00e9fi logistique qui n\u2019a pu \u00eatre relev\u00e9 que gr\u00e2ce \u00e0 l\u2019\u00e9troite collaboration de tous les participants au projet.<\/p>\n<p>[\/et_pb_text][\/et_pb_column][\/et_pb_row][et_pb_row column_structure=\u00a0\u00bb2_5,3_5&Prime; _builder_version=\u00a0\u00bb4.23.1&Prime; _module_preset=\u00a0\u00bbdefault\u00a0\u00bb min_height=\u00a0\u00bb408.1px\u00a0\u00bb custom_margin=\u00a0\u00bb|auto|18px|auto|false|false\u00a0\u00bb global_colors_info=\u00a0\u00bb{}\u00a0\u00bb][et_pb_column type=\u00a0\u00bb2_5&Prime; _builder_version=\u00a0\u00bb4.23.1&Prime; _module_preset=\u00a0\u00bbdefault\u00a0\u00bb global_colors_info=\u00a0\u00bb{}\u00a0\u00bb][et_pb_image src=\u00a0\u00bbhttps:\/\/hauxlifesupport.de\/wp-content\/uploads\/2025\/12\/NEWS_HAUX_Druckkammer_HyperbaricPressureChamber_Nizza_Pasteur_2_Hospital_Fahrstand_2025.jpeg\u00a0\u00bb title_text=\u00a0\u00bbNEWS_HAUX_Druckkammer_HyperbaricPressureChamber_Nizza_Pasteur_2_Hospital_Fahrstand_2025&Prime; _builder_version=\u00a0\u00bb4.23.1&Prime; _module_preset=\u00a0\u00bbdefault\u00a0\u00bb transform_scale=\u00a0\u00bb102%|102%\u00a0\u00bb global_colors_info=\u00a0\u00bb{}\u00a0\u00bb][\/et_pb_image][\/et_pb_column][et_pb_column type=\u00a0\u00bb3_5&Prime; _builder_version=\u00a0\u00bb4.23.1&Prime; _module_preset=\u00a0\u00bbdefault\u00a0\u00bb global_colors_info=\u00a0\u00bb{}\u00a0\u00bb][et_pb_text _builder_version=\u00a0\u00bb4.23.1&Prime; _module_preset=\u00a0\u00bbdefault\u00a0\u00bb global_colors_info=\u00a0\u00bb{}\u00a0\u00bb]<\/p>\n<p><strong>Int\u00e9gration m\u00e9dicale et importance strat\u00e9gique<\/strong><\/p>\n<p>La nouvelle installation fera d\u00e9sormais partie int\u00e9grante du service des urgences de l\u2019h\u00f4pital Pasteur II. Outre les soins standard en OHB, le syst\u00e8me offre, gr\u00e2ce \u00e0 sa zone haute pression, des conditions id\u00e9ales pour le traitement des accidents de d\u00e9compression et des accidents de plong\u00e9e graves.<\/p>\n<p>De plus, l\u2019installation sera utilis\u00e9e \u00e0 des fins de recherche et d\u2019essai, preuve de l\u2019engagement clair de l\u2019h\u00f4pital en faveur du d\u00e9veloppement scientifique de l\u2019oxyg\u00e9noth\u00e9rapie hyperbare.<\/p>\n<p>Par rapport \u00e0 l\u2019installation pr\u00e9c\u00e9dente, la nouvelle solution s\u00e9duit par son espace nettement plus grand, son confort accru pour les patients et sa grande flexibilit\u00e9 de traitement.<\/p>\n<p>[\/et_pb_text][\/et_pb_column][\/et_pb_row][et_pb_row column_structure=\u00a0\u00bb1_2,1_2&Prime; _builder_version=\u00a0\u00bb4.23.1&Prime; _module_preset=\u00a0\u00bbdefault\u00a0\u00bb global_colors_info=\u00a0\u00bb{}\u00a0\u00bb][et_pb_column type=\u00a0\u00bb1_2&Prime; _builder_version=\u00a0\u00bb4.23.1&Prime; _module_preset=\u00a0\u00bbdefault\u00a0\u00bb global_colors_info=\u00a0\u00bb{}\u00a0\u00bb][et_pb_text _builder_version=\u00a0\u00bb4.23.1&Prime; _module_preset=\u00a0\u00bbdefault\u00a0\u00bb global_colors_info=\u00a0\u00bb{}\u00a0\u00bb]<\/p>\n<p><strong>Une installation complexe du syst\u00e8me de chambres dans l\u2019h\u00f4pital<\/strong><\/p>\n<p>L\u2019installation du syst\u00e8me de chambres a pr\u00e9sent\u00e9 un d\u00e9fi particulier. En raison de son am\u00e9nagement architectural, un transport conventionnel n\u2019\u00e9tait pas possible.<\/p>\n<p>Les chambres ont donc \u00e9t\u00e9 transport\u00e9es sur le site \u00e0 l\u2019aide d\u2019une grue. Un v\u00e9hicule de transport sp\u00e9cial a ensuite assur\u00e9 l\u2019acheminement sur un route \u00e9troite et en pente jusqu\u2019\u00e0 leur emplacement final sur le b\u00e2timent. Outre une entreprise de transport, quatre autres partenaires ont particip\u00e9 \u00e0 cette prouesse logistique.<\/p>\n<p>L\u2019installation impressionnante et l\u2019importance technique du projet ont \u00e9galement \u00e9t\u00e9 relay\u00e9es par les m\u00e9dias. Une cha\u00eene de t\u00e9l\u00e9vision r\u00e9gionale fran\u00e7aise a diffus\u00e9 un court reportage sur l\u2019installation du nouveau syst\u00e8me de chambres hyperbares et sur sa premi\u00e8re utilisation.<\/p>\n<p>[\/et_pb_text][\/et_pb_column][et_pb_column type=\u00a0\u00bb1_2&Prime; _builder_version=\u00a0\u00bb4.23.1&Prime; _module_preset=\u00a0\u00bbdefault\u00a0\u00bb global_colors_info=\u00a0\u00bb{}\u00a0\u00bb][et_pb_video src=\u00a0\u00bbhttps:\/\/www.youtube.com\/watch?v=PxbTtj0cHYQ&#038;si=XQjdqttltKzxButw\u00a0\u00bb font_icon=\u00a0\u00bb&#xe0a3;||divi||400&Prime; _builder_version=\u00a0\u00bb4.23.1&Prime; _module_preset=\u00a0\u00bbdefault\u00a0\u00bb width=\u00a0\u00bb100%\u00a0\u00bb max_width=\u00a0\u00bb100%\u00a0\u00bb hover_enabled=\u00a0\u00bb0&Prime; custom_css_free_form=\u00a0\u00bb.et_pb_video_play {||    text-decoration: none !important;||}||||.et_pb_video iframe,||.et_pb_video video {||    width: 100%;||    aspect-ratio: 16 \/ 9;||    height: auto;||}\u00a0\u00bb global_colors_info=\u00a0\u00bb{}\u00a0\u00bb sticky_enabled=\u00a0\u00bb0&Prime;][\/et_pb_video][\/et_pb_column][\/et_pb_row][et_pb_row _builder_version=\u00a0\u00bb4.23.1&Prime; _module_preset=\u00a0\u00bbdefault\u00a0\u00bb custom_padding=\u00a0\u00bb0px|||||\u00a0\u00bb global_colors_info=\u00a0\u00bb{}\u00a0\u00bb][et_pb_column type=\u00a0\u00bb4_4&Prime; _builder_version=\u00a0\u00bb4.23.1&Prime; _module_preset=\u00a0\u00bbdefault\u00a0\u00bb global_colors_info=\u00a0\u00bb{}\u00a0\u00bb][et_pb_text _builder_version=\u00a0\u00bb4.23.1&Prime; _module_preset=\u00a0\u00bbdefault\u00a0\u00bb custom_margin=\u00a0\u00bb15px||21px||false|false\u00a0\u00bb global_colors_info=\u00a0\u00bb{}\u00a0\u00bb]<\/p>\n<p><strong>D\u00e9veloppement et coordination de projet par un seul et m\u00eame prestataire<\/strong><\/p>\n<p>HAUX-LIFE-SUPPORT a pris en charge l\u2019ensemble de l\u2019ing\u00e9nierie du projet et la gestion organisationnelle globale, depuis la planification initiale jusqu\u2019\u00e0 la mise en service et la r\u00e9ception par le client, en passant par la fabrication. Les dimensions de l\u2019installation et la complexit\u00e9 de son installation ont notamment n\u00e9cessit\u00e9 une gestion de projet pr\u00e9cise et interdisciplinaire. La r\u00e9ussite de ce projet montre que les d\u00e9fis complexes peuvent \u00eatre relev\u00e9s gr\u00e2ce \u00e0 une planification professionnelle, une technologie innovante et une \u00e9troite collaboration.<\/p>\n<p>[\/et_pb_text][\/et_pb_column][\/et_pb_row][et_pb_row _builder_version=\u00a0\u00bb4.23.1&Prime; _module_preset=\u00a0\u00bbdefault\u00a0\u00bb global_colors_info=\u00a0\u00bb{}\u00a0\u00bb][et_pb_column type=\u00a0\u00bb4_4&Prime; _builder_version=\u00a0\u00bb4.23.1&Prime; _module_preset=\u00a0\u00bbdefault\u00a0\u00bb global_colors_info=\u00a0\u00bb{}\u00a0\u00bb][et_pb_image src=\u00a0\u00bbhttps:\/\/hauxlifesupport.de\/wp-content\/uploads\/2025\/12\/NEWS_HAUX_Druckkammer_HyperbaricPressureChamber_Nizza_Pasteur_2_Hospital_Turen_2025-scaled.jpg\u00a0\u00bb title_text=\u00a0\u00bbNEWS_HAUX_Druckkammer_HyperbaricPressureChamber_Nizza_Pasteur_2_Hospital_T\u00fcren_2025&Prime; force_fullwidth=\u00a0\u00bbon\u00a0\u00bb _builder_version=\u00a0\u00bb4.23.1&Prime; _module_preset=\u00a0\u00bbdefault\u00a0\u00bb global_colors_info=\u00a0\u00bb{}\u00a0\u00bb][\/et_pb_image][\/et_pb_column][\/et_pb_row][\/et_pb_section]<\/p>\n","protected":false},"excerpt":{"rendered":"<p>Nouveaut\u00e9s Le plus grand syst\u00e8me de chambres hyperbares d\u2019Europe \u00e0 l\u2019h\u00f4pital Pasteur II de NiceAvec la mise en service r\u00e9ussie du nouveau syst\u00e8me de chambre hyperbare\u00a0HAUX-STARMED-QUADRO 3000-2200\/3,3\/SC4 +6,6\/SC2\u00a0\u00e0 l\u2019h\u00f4pital Pasteur II de Nice, HAUX-LIFE-SUPPORT GmbH \u00e9tablit une nouvelle r\u00e9f\u00e9rence en m\u00e9decine hyperbare. Le projet, qui a d\u00e9but\u00e9 en juin 2022, a \u00e9t\u00e9 achev\u00e9 en ao\u00fbt [&hellip;]<\/p>\n","protected":false},"author":3,"featured_media":0,"parent":243256,"menu_order":0,"comment_status":"closed","ping_status":"closed","template":"","meta":{"_et_pb_use_builder":"on","_et_pb_old_content":"","_et_gb_content_width":"","_relevanssi_hide_post":"","_relevanssi_hide_content":"","_relevanssi_pin_for_all":"","_relevanssi_pin_keywords":"","_relevanssi_unpin_keywords":"","_relevanssi_related_keywords":"","_relevanssi_related_include_ids":"","_relevanssi_related_exclude_ids":"","_relevanssi_related_no_append":"","_relevanssi_related_not_related":"","_relevanssi_related_posts":"","_relevanssi_noindex_reason":"","footnotes":""},"class_list":["post-243425","page","type-page","status-publish","hentry"],"_links":{"self":[{"href":"https:\/\/hauxlifesupport.de\/fr\/wp-json\/wp\/v2\/pages\/243425","targetHints":{"allow":["GET"]}}],"collection":[{"href":"https:\/\/hauxlifesupport.de\/fr\/wp-json\/wp\/v2\/pages"}],"about":[{"href":"https:\/\/hauxlifesupport.de\/fr\/wp-json\/wp\/v2\/types\/page"}],"author":[{"embeddable":true,"href":"https:\/\/hauxlifesupport.de\/fr\/wp-json\/wp\/v2\/users\/3"}],"replies":[{"embeddable":true,"href":"https:\/\/hauxlifesupport.de\/fr\/wp-json\/wp\/v2\/comments?post=243425"}],"version-history":[{"count":10,"href":"https:\/\/hauxlifesupport.de\/fr\/wp-json\/wp\/v2\/pages\/243425\/revisions"}],"predecessor-version":[{"id":243584,"href":"https:\/\/hauxlifesupport.de\/fr\/wp-json\/wp\/v2\/pages\/243425\/revisions\/243584"}],"up":[{"embeddable":true,"href":"https:\/\/hauxlifesupport.de\/fr\/wp-json\/wp\/v2\/pages\/243256"}],"wp:attachment":[{"href":"https:\/\/hauxlifesupport.de\/fr\/wp-json\/wp\/v2\/media?parent=243425"}],"curies":[{"name":"wp","href":"https:\/\/api.w.org\/{rel}","templated":true}]}}