{"id":243363,"date":"2024-12-11T16:50:21","date_gmt":"2024-12-11T15:50:21","guid":{"rendered":"https:\/\/hauxlifesupport.de\/lentreprise\/nouveautes\/ostrava-haux-quadro-2700-2200\/"},"modified":"2026-03-03T15:07:17","modified_gmt":"2026-03-03T14:07:17","slug":"ostrava-haux-quadro-2700-2200","status":"publish","type":"page","link":"https:\/\/hauxlifesupport.de\/fr\/lentreprise\/nouveautes\/ostrava-haux-quadro-2700-2200\/","title":{"rendered":"Nouveaut\u00e9s &#8211; Chambre de pression HAUX ultramoderne \u00e0 l&rsquo;Ostrava City Hospital"},"content":{"rendered":"<p>[et_pb_section fb_built=\u00a0\u00bb1&Prime; admin_label=\u00a0\u00bbSlider\u00a0\u00bb _builder_version=\u00a0\u00bb4.21.0&Prime; _module_preset=\u00a0\u00bbdefault\u00a0\u00bb width=\u00a0\u00bb100%\u00a0\u00bb max_width=\u00a0\u00bb100%\u00a0\u00bb custom_padding=\u00a0\u00bb0px||0px||false|false\u00a0\u00bb custom_padding_tablet=\u00a0\u00bb0px||0px||false|false\u00a0\u00bb custom_padding_phone=\u00a0\u00bb0px||0px||false|false\u00a0\u00bb global_colors_info=\u00a0\u00bb{}\u00a0\u00bb][et_pb_row _builder_version=\u00a0\u00bb4.21.0&Prime; _module_preset=\u00a0\u00bbdefault\u00a0\u00bb background_enable_color=\u00a0\u00bboff\u00a0\u00bb width=\u00a0\u00bb100%\u00a0\u00bb width_tablet=\u00a0\u00bb100%\u00a0\u00bb width_phone=\u00a0\u00bb100%\u00a0\u00bb width_last_edited=\u00a0\u00bbon|desktop\u00a0\u00bb max_width=\u00a0\u00bb100%\u00a0\u00bb module_alignment=\u00a0\u00bbleft\u00a0\u00bb custom_margin=\u00a0\u00bb0px||0px||false|false\u00a0\u00bb custom_margin_tablet=\u00a0\u00bb|0px||0px|false|false\u00a0\u00bb custom_padding=\u00a0\u00bb0px||0px||false|false\u00a0\u00bb custom_padding_tablet=\u00a0\u00bb|0px||0px|false|true\u00a0\u00bb global_colors_info=\u00a0\u00bb{}\u00a0\u00bb][et_pb_column type=\u00a0\u00bb4_4&Prime; _builder_version=\u00a0\u00bb4.21.0&Prime; _module_preset=\u00a0\u00bbdefault\u00a0\u00bb background_enable_color=\u00a0\u00bboff\u00a0\u00bb global_colors_info=\u00a0\u00bb{}\u00a0\u00bb][et_pb_slider _builder_version=\u00a0\u00bb4.23.1&Prime; _module_preset=\u00a0\u00bbdefault\u00a0\u00bb custom_padding_tablet=\u00a0\u00bb180px|0px|180px|0px|false|false\u00a0\u00bb header_font_size_tablet=\u00a0\u00bb\u00a0\u00bb header_font_size_phone=\u00a0\u00bb39px\u00a0\u00bb header_font_size_last_edited=\u00a0\u00bbon|tablet\u00a0\u00bb body_font_size_phone=\u00a0\u00bb39px\u00a0\u00bb global_colors_info=\u00a0\u00bb{}\u00a0\u00bb][et_pb_slide _builder_version=\u00a0\u00bb4.23.1&Prime; _module_preset=\u00a0\u00bbdefault\u00a0\u00bb background_color=\u00a0\u00bb#0C71C3&Prime; background_enable_color=\u00a0\u00bbon\u00a0\u00bb background_image=\u00a0\u00bbhttps:\/\/hauxlifesupport.de\/wp-content\/uploads\/2024\/12\/HAUX-LIFE-SUPPORT_HAUX-QUADRO_2700-2200_Ostrava_Innen-4-scaled.jpg\u00a0\u00bb background_position=\u00a0\u00bbtop_center\u00a0\u00bb background_vertical_offset=\u00a0\u00bb0%\u00a0\u00bb custom_padding=\u00a0\u00bb|0px||0px|false|false\u00a0\u00bb global_colors_info=\u00a0\u00bb{}\u00a0\u00bb sticky_transition=\u00a0\u00bbon\u00a0\u00bb]<\/p>\n<p><strong><br \/><\/strong><strong><\/strong><\/p>\n<p>[\/et_pb_slide][\/et_pb_slider][\/et_pb_column][\/et_pb_row][\/et_pb_section][et_pb_section fb_built=\u00a0\u00bb1&Prime; admin_label=\u00a0\u00bbWillkommen\u00a0\u00bb _builder_version=\u00a0\u00bb4.21.0&Prime; _module_preset=\u00a0\u00bbdefault\u00a0\u00bb min_height=\u00a0\u00bb1575.7px\u00a0\u00bb custom_padding=\u00a0\u00bb||40px|||\u00a0\u00bb global_colors_info=\u00a0\u00bb{}\u00a0\u00bb][et_pb_row _builder_version=\u00a0\u00bb4.21.0&Prime; _module_preset=\u00a0\u00bb_initial\u00a0\u00bb custom_margin_tablet=\u00a0\u00bb||0px||false|false\u00a0\u00bb custom_margin_phone=\u00a0\u00bb||0px||false|false\u00a0\u00bb custom_margin_last_edited=\u00a0\u00bbon|phone\u00a0\u00bb custom_padding_tablet=\u00a0\u00bb||0px||false|false\u00a0\u00bb custom_padding_phone=\u00a0\u00bb||0px||false|false\u00a0\u00bb global_colors_info=\u00a0\u00bb{}\u00a0\u00bb][et_pb_column type=\u00a0\u00bb4_4&Prime; _builder_version=\u00a0\u00bb4.21.0&Prime; _module_preset=\u00a0\u00bbdefault\u00a0\u00bb global_colors_info=\u00a0\u00bb{}\u00a0\u00bb][et_pb_text _builder_version=\u00a0\u00bb4.23.1&Prime; _module_preset=\u00a0\u00bbdefault\u00a0\u00bb hover_enabled=\u00a0\u00bb0&Prime; global_colors_info=\u00a0\u00bb{}\u00a0\u00bb sticky_enabled=\u00a0\u00bb0&Prime;]<\/p>\n<h2><strong>Nouveaut\u00e9s<\/strong><\/h2>\n<h2><span style=\"text-decoration: underline;\">Chambre de pression HAUX ultramoderne \u00e0 l&rsquo;Ostrava City Hospital<\/span><strong><em><\/em><\/strong><\/h2>\n<p>[\/et_pb_text][\/et_pb_column][\/et_pb_row][et_pb_row _builder_version=\u00a0\u00bb4.23.1&Prime; _module_preset=\u00a0\u00bbdefault\u00a0\u00bb custom_padding=\u00a0\u00bb||30px|||\u00a0\u00bb global_colors_info=\u00a0\u00bb{}\u00a0\u00bb][et_pb_column type=\u00a0\u00bb4_4&Prime; _builder_version=\u00a0\u00bb4.23.1&Prime; _module_preset=\u00a0\u00bbdefault\u00a0\u00bb global_colors_info=\u00a0\u00bb{}\u00a0\u00bb][et_pb_text _builder_version=\u00a0\u00bb4.23.1&Prime; _module_preset=\u00a0\u00bbdefault\u00a0\u00bb hover_enabled=\u00a0\u00bb0&Prime; global_colors_info=\u00a0\u00bb{}\u00a0\u00bb sticky_enabled=\u00a0\u00bb0&Prime;]<\/p>\n<p>Nous sommes heureux d&rsquo;annoncer l&rsquo;installation et la mise en service r\u00e9ussies du <strong>HAUX- QUADRO 2700-2200<\/strong> au prestigieux h\u00f4pital municipal d\u2019Ostrava en R\u00e9publique tch\u00e8que. Ce projet repr\u00e9sente une avanc\u00e9e majeure dans le domaine de l&rsquo;oxyg\u00e9noth\u00e9rapie hyperbare (OHB) en R\u00e9publique tch\u00e8que et d\u00e9montre notre r\u00f4le de leader dans le d\u00e9veloppement de technologies m\u00e9dicales avanc\u00e9es.<\/p>\n<p>[\/et_pb_text][\/et_pb_column][\/et_pb_row][et_pb_row _builder_version=\u00a0\u00bb4.23.1&Prime; _module_preset=\u00a0\u00bbdefault\u00a0\u00bb global_colors_info=\u00a0\u00bb{}\u00a0\u00bb][et_pb_column type=\u00a0\u00bb4_4&Prime; _builder_version=\u00a0\u00bb4.23.1&Prime; _module_preset=\u00a0\u00bbdefault\u00a0\u00bb global_colors_info=\u00a0\u00bb{}\u00a0\u00bb][et_pb_video src=\u00a0\u00bbhttps:\/\/hauxlifesupport.de\/wp-content\/uploads\/2024\/12\/IMG_1144.mp4&Prime; _builder_version=\u00a0\u00bb4.23.1&Prime; _module_preset=\u00a0\u00bbdefault\u00a0\u00bb width=\u00a0\u00bb100%\u00a0\u00bb module_alignment=\u00a0\u00bbleft\u00a0\u00bb global_colors_info=\u00a0\u00bb{}\u00a0\u00bb][\/et_pb_video][\/et_pb_column][\/et_pb_row][et_pb_row _builder_version=\u00a0\u00bb4.21.0&Prime; _module_preset=\u00a0\u00bb_initial\u00a0\u00bb global_colors_info=\u00a0\u00bb{}\u00a0\u00bb][et_pb_column type=\u00a0\u00bb4_4&Prime; _builder_version=\u00a0\u00bb4.21.0&Prime; _module_preset=\u00a0\u00bbdefault\u00a0\u00bb global_colors_info=\u00a0\u00bb{}\u00a0\u00bb][et_pb_text _builder_version=\u00a0\u00bb4.23.1&Prime; _module_preset=\u00a0\u00bbdefault\u00a0\u00bb custom_padding=\u00a0\u00bb30px||||false|false\u00a0\u00bb hover_enabled=\u00a0\u00bb0&Prime; border_style_bottom=\u00a0\u00bbnone\u00a0\u00bb global_colors_info=\u00a0\u00bb{}\u00a0\u00bb sticky_enabled=\u00a0\u00bb0&Prime;]<\/p>\n<p><strong>Sp\u00e9cifications techniques<\/strong><\/p>\n<p>La chambre hyperbare de type <strong>HAUX-QUADRO 2700-2200<\/strong>, avec son caisson rectangulaire, a \u00e9t\u00e9 con\u00e7ue pour offrir un environnement de traitement optimal. Avec une capacit\u00e9 de seize personnes dans la chambre principale et de deux personnes dans le sas, nous pouvons garantir que plusieurs patients b\u00e9n\u00e9ficient simultan\u00e9ment de la th\u00e9rapie HBO. Le caisson est con\u00e7u pour une surpression de 2 bars.<\/p>\n<p><strong>Chronologie du projet<\/strong><strong> et \u00e9tapes cl\u00e9s<\/strong><\/p>\n<p>En 2007, nous avions d\u00e9j\u00e0 modernis\u00e9 le syst\u00e8me de commande du centre hyperbare de l&rsquo;h\u00f4pital municipal d&rsquo;Ostrava, datant alors de plusieurs d\u00e9cennies. Le nouvel appel d&rsquo;offres de 2020, que nous avons remport\u00e9 dans le cadre d&rsquo;un appel d&rsquo;offres de l&rsquo;UE, comprenait le remplacement de l&rsquo;installation existante par un caisson hyperbare enti\u00e8rement neuf et ultramoderne. La conception du projet a \u00e9t\u00e9 prise en charge par notre bureau d&rsquo;\u00e9tudes. L&rsquo;objectif \u00e9tait de continuer \u00e0 utiliser le local technique d\u00e9j\u00e0 existant dans le b\u00e2timent voisin et d&rsquo;int\u00e9grer le caisson hyperbare moderne dans un nouveau b\u00e2timent. Le projet a \u00e9t\u00e9 achev\u00e9 avec succ\u00e8s en 2024 et toutes les exigences du client ont \u00e9t\u00e9 satisfaites.<\/p>\n<p><strong>Une excellente collaboration<\/strong><\/p>\n<p>L&rsquo;un des principaux facteurs de la r\u00e9ussite de ce projet a \u00e9t\u00e9 l&rsquo;\u00e9troite collaboration avec notre partenaire local HAUX \u00e0 Ostrava, qui a coordonn\u00e9 avec succ\u00e8s la communication avec l&rsquo;h\u00f4pital municipal d&rsquo;Ostrava. Gr\u00e2ce \u00e0 cette coop\u00e9ration en partenariat, l&rsquo;h\u00f4pital a pu mettre \u00e0 jour son oxyg\u00e9noth\u00e9rapie \u00e0 la pointe de la technologie. Cela permet de garantir un traitement optimal des patients et de poursuivre au plus haut niveau la recherche dans le domaine de l&rsquo;oxyg\u00e9noth\u00e9rapie hyperbare, qui est men\u00e9e en coop\u00e9ration avec l&rsquo;h\u00f4pital universitaire local. Une entreprise de transport sp\u00e9cialis\u00e9e dans les transports lourds a \u00e9galement jou\u00e9 un r\u00f4le important en permettant l&rsquo;introduction sans probl\u00e8me et en toute s\u00e9curit\u00e9 du caisson hyperbare d&rsquo;un poids d&rsquo;environ 45 tonnes dans le nouveau b\u00e2timent.<\/p>\n<p><strong>Sp\u00e9cificit\u00e9s du projet<\/strong><\/p>\n<p>Par rapport \u00e0 la chambre pr\u00e9c\u00e9dente, la nouvelle chambre <strong>HAUX-QUADRO 2700-2200<\/strong> de l&rsquo;h\u00f4pital municipal d\u2019Ostrava offre &#8211; outre la forme rectangulaire particuli\u00e8re du caisson de pression &#8211; plusieurs fonctions et avantages innovants qui am\u00e9liorent consid\u00e9rablement le traitement th\u00e9rapeutique des patients, dont en particulier la tr\u00e8s faible r\u00e9sistance respiratoire et notamment l&rsquo;assistance expiratoire. Alors que les d\u00e9tendeurs traditionnels g\u00e9n\u00e8rent souvent une certaine r\u00e9sistance, une technologie sp\u00e9ciale dans la nouvelle chambre hyperbare assure une r\u00e9sistance respiratoire minimale et permet aux patients de garder le masque respiratoire pendant toute la dur\u00e9e du traitement, m\u00eame avec une pression dans le caisson inf\u00e9rieure \u00e0 0,3 bar.<\/p>\n<p><strong>Perspectives<\/strong><\/p>\n<p>Avec l&rsquo;installation r\u00e9ussie de ce centre hyperbare ultramoderne, l&rsquo;h\u00f4pital municipal d&rsquo;Ostrava est d\u00e9sormais en mesure de proposer la th\u00e9rapie OHB \u00e0 un nouveau niveau en R\u00e9publique tch\u00e8que.<\/p>\n<p>Chez HAUX, nous nous engageons \u00e0 d\u00e9velopper des technologies m\u00e9dicales de pointe et \u00e0 les mettre en \u0153uvre chez nos clients afin d&rsquo;am\u00e9liorer les soins de sant\u00e9 dans le monde entier. La collaboration avec l&rsquo;h\u00f4pital municipal d\u2019Ostrava est l&rsquo;un des nombreux exemples de la mani\u00e8re dont nos innovations et notre expertise peuvent optimiser la pratique m\u00e9dicale et am\u00e9liorer durablement les soins aux patients gr\u00e2ce aux progr\u00e8s technologiques.<\/p>\n<p>[\/et_pb_text][\/et_pb_column][\/et_pb_row][\/et_pb_section]<\/p>\n","protected":false},"excerpt":{"rendered":"<p>Nouveaut\u00e9s Chambre de pression HAUX ultramoderne \u00e0 l&rsquo;Ostrava City HospitalNous sommes heureux d&rsquo;annoncer l&rsquo;installation et la mise en service r\u00e9ussies du HAUX- QUADRO 2700-2200 au prestigieux h\u00f4pital municipal d\u2019Ostrava en R\u00e9publique tch\u00e8que. Ce projet repr\u00e9sente une avanc\u00e9e majeure dans le domaine de l&rsquo;oxyg\u00e9noth\u00e9rapie hyperbare (OHB) en R\u00e9publique tch\u00e8que et d\u00e9montre notre r\u00f4le de leader dans [&hellip;]<\/p>\n","protected":false},"author":3,"featured_media":0,"parent":243256,"menu_order":0,"comment_status":"closed","ping_status":"closed","template":"","meta":{"_et_pb_use_builder":"on","_et_pb_old_content":"","_et_gb_content_width":"","_relevanssi_hide_post":"","_relevanssi_hide_content":"","_relevanssi_pin_for_all":"","_relevanssi_pin_keywords":"","_relevanssi_unpin_keywords":"","_relevanssi_related_keywords":"","_relevanssi_related_include_ids":"","_relevanssi_related_exclude_ids":"","_relevanssi_related_no_append":"","_relevanssi_related_not_related":"","_relevanssi_related_posts":"","_relevanssi_noindex_reason":"","footnotes":""},"class_list":["post-243363","page","type-page","status-publish","hentry"],"_links":{"self":[{"href":"https:\/\/hauxlifesupport.de\/fr\/wp-json\/wp\/v2\/pages\/243363","targetHints":{"allow":["GET"]}}],"collection":[{"href":"https:\/\/hauxlifesupport.de\/fr\/wp-json\/wp\/v2\/pages"}],"about":[{"href":"https:\/\/hauxlifesupport.de\/fr\/wp-json\/wp\/v2\/types\/page"}],"author":[{"embeddable":true,"href":"https:\/\/hauxlifesupport.de\/fr\/wp-json\/wp\/v2\/users\/3"}],"replies":[{"embeddable":true,"href":"https:\/\/hauxlifesupport.de\/fr\/wp-json\/wp\/v2\/comments?post=243363"}],"version-history":[{"count":6,"href":"https:\/\/hauxlifesupport.de\/fr\/wp-json\/wp\/v2\/pages\/243363\/revisions"}],"predecessor-version":[{"id":243375,"href":"https:\/\/hauxlifesupport.de\/fr\/wp-json\/wp\/v2\/pages\/243363\/revisions\/243375"}],"up":[{"embeddable":true,"href":"https:\/\/hauxlifesupport.de\/fr\/wp-json\/wp\/v2\/pages\/243256"}],"wp:attachment":[{"href":"https:\/\/hauxlifesupport.de\/fr\/wp-json\/wp\/v2\/media?parent=243363"}],"curies":[{"name":"wp","href":"https:\/\/api.w.org\/{rel}","templated":true}]}}