{"id":243298,"date":"2024-09-03T08:25:29","date_gmt":"2024-09-03T06:25:29","guid":{"rendered":"https:\/\/hauxlifesupport.de\/lentreprise\/news\/auftrag-fuer-hoehenphysiologie-und-hyperbare-kammer\/"},"modified":"2026-03-03T15:08:25","modified_gmt":"2026-03-03T14:08:25","slug":"caisson-de-physiologie-daltitude-et-caisson-hyperbare","status":"publish","type":"page","link":"https:\/\/hauxlifesupport.de\/fr\/lentreprise\/nouveautes\/caisson-de-physiologie-daltitude-et-caisson-hyperbare\/","title":{"rendered":"Nouveaut\u00e9s &#8211; Contrat pour un caisson de physiologie d\u2019altitude et d\u2019un caisson hyperbare"},"content":{"rendered":"<p>[et_pb_section fb_built=\u00a0\u00bb1&Prime; admin_label=\u00a0\u00bbSlider\u00a0\u00bb _builder_version=\u00a0\u00bb4.21.0&Prime; _module_preset=\u00a0\u00bbdefault\u00a0\u00bb width=\u00a0\u00bb100%\u00a0\u00bb max_width=\u00a0\u00bb100%\u00a0\u00bb custom_padding=\u00a0\u00bb0px||0px||false|false\u00a0\u00bb custom_padding_tablet=\u00a0\u00bb0px||0px||false|false\u00a0\u00bb custom_padding_phone=\u00a0\u00bb0px||0px||false|false\u00a0\u00bb global_colors_info=\u00a0\u00bb{}\u00a0\u00bb][et_pb_row _builder_version=\u00a0\u00bb4.21.0&Prime; _module_preset=\u00a0\u00bbdefault\u00a0\u00bb background_enable_color=\u00a0\u00bboff\u00a0\u00bb width=\u00a0\u00bb100%\u00a0\u00bb width_tablet=\u00a0\u00bb100%\u00a0\u00bb width_phone=\u00a0\u00bb100%\u00a0\u00bb width_last_edited=\u00a0\u00bbon|desktop\u00a0\u00bb max_width=\u00a0\u00bb100%\u00a0\u00bb module_alignment=\u00a0\u00bbleft\u00a0\u00bb custom_margin=\u00a0\u00bb0px||0px||false|false\u00a0\u00bb custom_margin_tablet=\u00a0\u00bb|0px||0px|false|false\u00a0\u00bb custom_padding=\u00a0\u00bb0px||0px||false|false\u00a0\u00bb custom_padding_tablet=\u00a0\u00bb|0px||0px|false|true\u00a0\u00bb global_colors_info=\u00a0\u00bb{}\u00a0\u00bb][et_pb_column type=\u00a0\u00bb4_4&Prime; _builder_version=\u00a0\u00bb4.21.0&Prime; _module_preset=\u00a0\u00bbdefault\u00a0\u00bb background_enable_color=\u00a0\u00bboff\u00a0\u00bb global_colors_info=\u00a0\u00bb{}\u00a0\u00bb][et_pb_slider _builder_version=\u00a0\u00bb4.23.1&Prime; _module_preset=\u00a0\u00bbdefault\u00a0\u00bb custom_padding_tablet=\u00a0\u00bb180px|0px|180px|0px|false|false\u00a0\u00bb header_font_size_tablet=\u00a0\u00bb\u00a0\u00bb header_font_size_phone=\u00a0\u00bb39px\u00a0\u00bb header_font_size_last_edited=\u00a0\u00bbon|tablet\u00a0\u00bb body_font_size_phone=\u00a0\u00bb39px\u00a0\u00bb global_colors_info=\u00a0\u00bb{}\u00a0\u00bb][et_pb_slide _builder_version=\u00a0\u00bb4.23.1&Prime; _module_preset=\u00a0\u00bbdefault\u00a0\u00bb background_image=\u00a0\u00bbhttps:\/\/hauxlifesupport.de\/wp-content\/uploads\/2023\/10\/Produkte_Sondersysteme_H_D.jpg\u00a0\u00bb background_position=\u00a0\u00bbtop_center\u00a0\u00bb background_vertical_offset=\u00a0\u00bb0%\u00a0\u00bb custom_padding=\u00a0\u00bb|0px||0px|false|false\u00a0\u00bb global_colors_info=\u00a0\u00bb{}\u00a0\u00bb sticky_transition=\u00a0\u00bbon\u00a0\u00bb]<\/p>\n<p><strong><br \/><\/strong><strong><\/strong><\/p>\n<p>[\/et_pb_slide][\/et_pb_slider][\/et_pb_column][\/et_pb_row][\/et_pb_section][et_pb_section fb_built=\u00a0\u00bb1&Prime; admin_label=\u00a0\u00bbWillkommen\u00a0\u00bb _builder_version=\u00a0\u00bb4.21.0&Prime; _module_preset=\u00a0\u00bbdefault\u00a0\u00bb global_colors_info=\u00a0\u00bb{}\u00a0\u00bb][et_pb_row _builder_version=\u00a0\u00bb4.21.0&Prime; _module_preset=\u00a0\u00bb_initial\u00a0\u00bb custom_margin_tablet=\u00a0\u00bb||0px||false|false\u00a0\u00bb custom_margin_phone=\u00a0\u00bb||0px||false|false\u00a0\u00bb custom_margin_last_edited=\u00a0\u00bbon|phone\u00a0\u00bb custom_padding_tablet=\u00a0\u00bb||0px||false|false\u00a0\u00bb custom_padding_phone=\u00a0\u00bb||0px||false|false\u00a0\u00bb global_colors_info=\u00a0\u00bb{}\u00a0\u00bb][et_pb_column type=\u00a0\u00bb4_4&Prime; _builder_version=\u00a0\u00bb4.21.0&Prime; _module_preset=\u00a0\u00bbdefault\u00a0\u00bb global_colors_info=\u00a0\u00bb{}\u00a0\u00bb][et_pb_text _builder_version=\u00a0\u00bb4.23.1&Prime; _module_preset=\u00a0\u00bbdefault\u00a0\u00bb hover_enabled=\u00a0\u00bb0&Prime; global_colors_info=\u00a0\u00bb{}\u00a0\u00bb sticky_enabled=\u00a0\u00bb0&Prime;]<\/p>\n<h2><strong>Nouveaut\u00e9s<\/strong><\/h2>\n<h2><span style=\"text-decoration: underline;\">Contrat pour un caisson de physiologie d\u2019altitude et d\u2019un caisson hyperbare<\/span><\/h2>\n<p><strong><em><\/em><\/strong><\/p>\n<p>[\/et_pb_text][\/et_pb_column][\/et_pb_row][et_pb_row _builder_version=\u00a0\u00bb4.21.0&Prime; _module_preset=\u00a0\u00bb_initial\u00a0\u00bb global_colors_info=\u00a0\u00bb{}\u00a0\u00bb][et_pb_column type=\u00a0\u00bb4_4&Prime; _builder_version=\u00a0\u00bb4.21.0&Prime; _module_preset=\u00a0\u00bbdefault\u00a0\u00bb global_colors_info=\u00a0\u00bb{}\u00a0\u00bb][et_pb_text _builder_version=\u00a0\u00bb4.23.1&Prime; _module_preset=\u00a0\u00bbdefault\u00a0\u00bb border_style_bottom=\u00a0\u00bbnone\u00a0\u00bb global_colors_info=\u00a0\u00bb{}\u00a0\u00bb]<\/p>\n<p class=\"FlietextFettberschriftZentriert\"><strong>L\u2019Institut A\u00e9rom\u00e9dical Tch\u00e8que confie \u00e0 HAUX-LIFE-SUPPORT la fourniture d\u2019un caisson de physiologie d\u2019altitude et d\u2019un caisson hyperbare.<\/strong><\/p>\n<p>Apr\u00e8s un appel d\u2019offre public \u00e0 l\u2019\u00e9chelle europ\u00e9enne, le contrat de l\u2019Institut A\u00e9rom\u00e9dical Tch\u00e8que pour une chambre de physiologie d\u2019altitude, une chambre hyperbare et les travaux de transformation n\u00e9cessaires sur le b\u00e2timent a \u00e9t\u00e9 attribu\u00e9 \u00e0 <strong>HAUX-LIFE-SUPPORT GmbH<\/strong>.<\/p>\n<p><strong>HAUX-LIFE-SUPPORT GmbH<\/strong> a conclu un partenariat global, \u00e0 long terme et strat\u00e9gique dans le domaine de la physiologie de l\u2019altitude hypobare avec la soci\u00e9t\u00e9 autrichienne <strong>JFJ Consulting GmbH<\/strong> afin de d\u00e9velopper ses activit\u00e9s dans ce secteur.<\/p>\n<p>L\u2019objectif de ce partenariat est le d\u00e9veloppement constant des chambres de physiologie d\u2019altitude HAUX pour l\u2019entra\u00eenement des pilotes au plus haut niveau de performance, de qualit\u00e9 et de s\u00e9curit\u00e9, ainsi que le soutien commercial mondial dans ce domaine d\u2019expertise.<\/p>\n<p>Alors que le syst\u00e8me hyperbare m\u00e9dical <strong>HAUX-STARMED-QUADRO<\/strong> sera utilis\u00e9, entre autres, pour effectuer des profils de traitement m\u00e9dical hyperbare standard, la chambre hypobare <strong>HAUX-PILOTSTAR<\/strong> sera utilis\u00e9e pour former des pilotes pour des op\u00e9rations \u00e0 des altitudes allant jusqu\u2019\u00e0 35 000 pieds et pour effectuer des examens de physiologie de vol.<\/p>\n<p>La livraison et la mise en service des deux installations sont pr\u00e9vues pour la fin de 2021.[\/et_pb_text][\/et_pb_column][\/et_pb_row][\/et_pb_section][et_pb_section fb_built=\u00a0\u00bb1&Prime; custom_padding_last_edited=\u00a0\u00bbon|tablet\u00a0\u00bb admin_label=\u00a0\u00bbNews HAUX-LIFE-SUPPORT\u00a0\u00bb _builder_version=\u00a0\u00bb4.21.0&Prime; _module_preset=\u00a0\u00bbdefault\u00a0\u00bb background_color=\u00a0\u00bbRGBA(255,255,255,0)\u00a0\u00bb background_image=\u00a0\u00bbhttps:\/\/hauxlifesupport.de\/wp-content\/uploads\/2023\/06\/827aa74837e28e0ff72c3c9487b38e28.jpg\u00a0\u00bb custom_padding=\u00a0\u00bb||||false|false\u00a0\u00bb custom_padding_tablet=\u00a0\u00bb||||false|false\u00a0\u00bb custom_padding_phone=\u00a0\u00bb||||false|false\u00a0\u00bb global_colors_info=\u00a0\u00bb{}\u00a0\u00bb][et_pb_row _builder_version=\u00a0\u00bb4.21.0&Prime; _module_preset=\u00a0\u00bbdefault\u00a0\u00bb global_colors_info=\u00a0\u00bb{}\u00a0\u00bb][et_pb_column type=\u00a0\u00bb4_4&Prime; admin_label=\u00a0\u00bbSpalte\u00a0\u00bb _builder_version=\u00a0\u00bb4.21.0&Prime; _module_preset=\u00a0\u00bbdefault\u00a0\u00bb global_colors_info=\u00a0\u00bb{}\u00a0\u00bb][dica_divi_carousel show_items_tablet=\u00a0\u00bb2&Prime; autoplay=\u00a0\u00bbon\u00a0\u00bb hoverpause=\u00a0\u00bbon\u00a0\u00bb autoplay_speed=\u00a0\u00bb2500&Prime; arrow_nav_color=\u00a0\u00bbgcid-8d004b11-584e-4716-8158-78133c0b6f77&Prime; content_container_padding=\u00a0\u00bb0px|40px|0px|40px|false|false\u00a0\u00bb content_container_padding_tablet=\u00a0\u00bb0px|28px|0px|28px|false|false\u00a0\u00bb content_container_padding_phone=\u00a0\u00bb0px|28px|0px|28px|false|false\u00a0\u00bb content_container_padding_last_edited=\u00a0\u00bbon|desktop\u00a0\u00bb arrow_position_tablet=\u00a0\u00bbmiddle-inside\u00a0\u00bb arrow_position_phone=\u00a0\u00bbmiddle-inside\u00a0\u00bb arrow_font_size_phone=\u00a0\u00bb40px\u00a0\u00bb admin_label=\u00a0\u00bbDivi Carousel\u00a0\u00bb _builder_version=\u00a0\u00bb4.23.1&Prime; _module_preset=\u00a0\u00bb_initial\u00a0\u00bb title_text_color=\u00a0\u00bbgcid-8d004b11-584e-4716-8158-78133c0b6f77&Prime; global_colors_info=\u00a0\u00bb{%22gcid-8d004b11-584e-4716-8158-78133c0b6f77%22:%91%22arrow_nav_color%22,%22title_text_color%22%93}\u00a0\u00bb][dica_divi_carouselitem button_url_new_window=\u00a0\u00bb1&Prime; image=\u00a0\u00bbhttps:\/\/hauxlifesupport.de\/wp-content\/uploads\/2023\/07\/QUADRO_3D.jpg\u00a0\u00bb image_lightbox=\u00a0\u00bbon\u00a0\u00bb image_padding=\u00a0\u00bb||||false|false\u00a0\u00bb content_padding=\u00a0\u00bb||||false|false\u00a0\u00bb button_margin=\u00a0\u00bb||||false|false\u00a0\u00bb button_padding=\u00a0\u00bb||||false|false\u00a0\u00bb custom_margin=\u00a0\u00bb||||false|false\u00a0\u00bb custom_padding=\u00a0\u00bb||||false|false\u00a0\u00bb _builder_version=\u00a0\u00bb4.23.1&Prime; _module_preset=\u00a0\u00bbdefault\u00a0\u00bb header_level=\u00a0\u00bbh3&Prime; header_font=\u00a0\u00bb|700|||||||\u00a0\u00bb header_text_color=\u00a0\u00bbgcid-8d004b11-584e-4716-8158-78133c0b6f77&Prime; global_colors_info=\u00a0\u00bb{%22gcid-8d004b11-584e-4716-8158-78133c0b6f77%22:%91%22header_text_color%22%93}\u00a0\u00bb][\/dica_divi_carouselitem][dica_divi_carouselitem button_url_new_window=\u00a0\u00bb1&Prime; image=\u00a0\u00bbhttps:\/\/hauxlifesupport.de\/wp-content\/uploads\/2023\/07\/PILOTSTAR_3D_bearbeitet.jpg\u00a0\u00bb image_padding=\u00a0\u00bb||||false|false\u00a0\u00bb content_padding=\u00a0\u00bb||||false|false\u00a0\u00bb button_margin=\u00a0\u00bb||||false|false\u00a0\u00bb button_padding=\u00a0\u00bb||||false|false\u00a0\u00bb custom_margin=\u00a0\u00bb||||false|false\u00a0\u00bb custom_padding=\u00a0\u00bb||||false|false\u00a0\u00bb _builder_version=\u00a0\u00bb4.23.1&Prime; _module_preset=\u00a0\u00bbdefault\u00a0\u00bb header_level=\u00a0\u00bbh3&Prime; header_font=\u00a0\u00bb|700|||||||\u00a0\u00bb header_text_color=\u00a0\u00bbgcid-8d004b11-584e-4716-8158-78133c0b6f77&Prime; global_colors_info=\u00a0\u00bb{%22gcid-8d004b11-584e-4716-8158-78133c0b6f77%22:%91%22header_text_color%22%93}\u00a0\u00bb][\/dica_divi_carouselitem][\/dica_divi_carousel][\/et_pb_column][\/et_pb_row][\/et_pb_section]<\/p>\n","protected":false},"excerpt":{"rendered":"<p>Nouveaut\u00e9s Contrat pour un caisson de physiologie d\u2019altitude et d\u2019un caisson hyperbare L\u2019Institut A\u00e9rom\u00e9dical Tch\u00e8que confie \u00e0 HAUX-LIFE-SUPPORT la fourniture d\u2019un caisson de physiologie d\u2019altitude et d\u2019un caisson hyperbare. Apr\u00e8s un appel d\u2019offre public \u00e0 l\u2019\u00e9chelle europ\u00e9enne, le contrat de l\u2019Institut A\u00e9rom\u00e9dical Tch\u00e8que pour une chambre de physiologie d\u2019altitude, une chambre hyperbare et les travaux [&hellip;]<\/p>\n","protected":false},"author":3,"featured_media":0,"parent":243256,"menu_order":0,"comment_status":"closed","ping_status":"closed","template":"","meta":{"_et_pb_use_builder":"on","_et_pb_old_content":"","_et_gb_content_width":"","_relevanssi_hide_post":"","_relevanssi_hide_content":"","_relevanssi_pin_for_all":"","_relevanssi_pin_keywords":"","_relevanssi_unpin_keywords":"","_relevanssi_related_keywords":"","_relevanssi_related_include_ids":"","_relevanssi_related_exclude_ids":"","_relevanssi_related_no_append":"","_relevanssi_related_not_related":"","_relevanssi_related_posts":"","_relevanssi_noindex_reason":"","footnotes":""},"class_list":["post-243298","page","type-page","status-publish","hentry"],"_links":{"self":[{"href":"https:\/\/hauxlifesupport.de\/fr\/wp-json\/wp\/v2\/pages\/243298","targetHints":{"allow":["GET"]}}],"collection":[{"href":"https:\/\/hauxlifesupport.de\/fr\/wp-json\/wp\/v2\/pages"}],"about":[{"href":"https:\/\/hauxlifesupport.de\/fr\/wp-json\/wp\/v2\/types\/page"}],"author":[{"embeddable":true,"href":"https:\/\/hauxlifesupport.de\/fr\/wp-json\/wp\/v2\/users\/3"}],"replies":[{"embeddable":true,"href":"https:\/\/hauxlifesupport.de\/fr\/wp-json\/wp\/v2\/comments?post=243298"}],"version-history":[{"count":8,"href":"https:\/\/hauxlifesupport.de\/fr\/wp-json\/wp\/v2\/pages\/243298\/revisions"}],"predecessor-version":[{"id":243377,"href":"https:\/\/hauxlifesupport.de\/fr\/wp-json\/wp\/v2\/pages\/243298\/revisions\/243377"}],"up":[{"embeddable":true,"href":"https:\/\/hauxlifesupport.de\/fr\/wp-json\/wp\/v2\/pages\/243256"}],"wp:attachment":[{"href":"https:\/\/hauxlifesupport.de\/fr\/wp-json\/wp\/v2\/media?parent=243298"}],"curies":[{"name":"wp","href":"https:\/\/api.w.org\/{rel}","templated":true}]}}