{"id":243281,"date":"2024-09-03T08:52:17","date_gmt":"2024-09-03T06:52:17","guid":{"rendered":"https:\/\/hauxlifesupport.de\/lentreprise\/news\/taucherglockenanlage-fur-das-rhein-schiff-carl-straat\/"},"modified":"2026-03-02T21:34:08","modified_gmt":"2026-03-02T20:34:08","slug":"navire-cloche-de-plongee-carl-straat","status":"publish","type":"page","link":"https:\/\/hauxlifesupport.de\/fr\/lentreprise\/nouveautes\/navire-cloche-de-plongee-carl-straat\/","title":{"rendered":"Nouveaut\u00e9s &#8211; Syst\u00e8me de cloche de plong\u00e9e pour le navire rh\u00e9nan\u00a0Carl Straat"},"content":{"rendered":"<p>[et_pb_section fb_built=\u00a0\u00bb1&Prime; admin_label=\u00a0\u00bbSlider\u00a0\u00bb _builder_version=\u00a0\u00bb4.21.0&Prime; _module_preset=\u00a0\u00bbdefault\u00a0\u00bb width=\u00a0\u00bb100%\u00a0\u00bb max_width=\u00a0\u00bb100%\u00a0\u00bb custom_padding=\u00a0\u00bb0px||0px||false|false\u00a0\u00bb custom_padding_tablet=\u00a0\u00bb0px||0px||false|false\u00a0\u00bb custom_padding_phone=\u00a0\u00bb0px||0px||false|false\u00a0\u00bb global_colors_info=\u00a0\u00bb{}\u00a0\u00bb][et_pb_row _builder_version=\u00a0\u00bb4.21.0&Prime; _module_preset=\u00a0\u00bbdefault\u00a0\u00bb background_enable_color=\u00a0\u00bboff\u00a0\u00bb width=\u00a0\u00bb100%\u00a0\u00bb width_tablet=\u00a0\u00bb100%\u00a0\u00bb width_phone=\u00a0\u00bb100%\u00a0\u00bb width_last_edited=\u00a0\u00bbon|desktop\u00a0\u00bb max_width=\u00a0\u00bb100%\u00a0\u00bb module_alignment=\u00a0\u00bbleft\u00a0\u00bb custom_margin=\u00a0\u00bb0px||0px||false|false\u00a0\u00bb custom_margin_tablet=\u00a0\u00bb|0px||0px|false|false\u00a0\u00bb custom_padding=\u00a0\u00bb0px||0px||false|false\u00a0\u00bb custom_padding_tablet=\u00a0\u00bb|0px||0px|false|true\u00a0\u00bb global_colors_info=\u00a0\u00bb{}\u00a0\u00bb][et_pb_column type=\u00a0\u00bb4_4&Prime; _builder_version=\u00a0\u00bb4.21.0&Prime; _module_preset=\u00a0\u00bbdefault\u00a0\u00bb background_enable_color=\u00a0\u00bboff\u00a0\u00bb global_colors_info=\u00a0\u00bb{}\u00a0\u00bb][et_pb_slider _builder_version=\u00a0\u00bb4.21.0&Prime; _module_preset=\u00a0\u00bbdefault\u00a0\u00bb custom_padding_tablet=\u00a0\u00bb180px|0px|180px|0px|false|false\u00a0\u00bb header_font_size_tablet=\u00a0\u00bb\u00a0\u00bb header_font_size_phone=\u00a0\u00bb39px\u00a0\u00bb header_font_size_last_edited=\u00a0\u00bbon|tablet\u00a0\u00bb body_font_size_phone=\u00a0\u00bb39px\u00a0\u00bb global_colors_info=\u00a0\u00bb{}\u00a0\u00bb][et_pb_slide _builder_version=\u00a0\u00bb4.21.0&Prime; _module_preset=\u00a0\u00bbdefault\u00a0\u00bb background_image=\u00a0\u00bbhttps:\/\/hauxlifesupport.de\/wp-content\/uploads\/2023\/10\/Produkte_Tauchtechnik_Taucherglockenschiff.jpg\u00a0\u00bb custom_padding=\u00a0\u00bb|0px||0px|false|false\u00a0\u00bb global_colors_info=\u00a0\u00bb{}\u00a0\u00bb sticky_transition=\u00a0\u00bbon\u00a0\u00bb]<\/p>\n<p><strong><br \/><\/strong><strong><\/strong><\/p>\n<p>[\/et_pb_slide][\/et_pb_slider][\/et_pb_column][\/et_pb_row][\/et_pb_section][et_pb_section fb_built=\u00a0\u00bb1&Prime; admin_label=\u00a0\u00bbWillkommen\u00a0\u00bb _builder_version=\u00a0\u00bb4.21.0&Prime; _module_preset=\u00a0\u00bbdefault\u00a0\u00bb global_colors_info=\u00a0\u00bb{}\u00a0\u00bb][et_pb_row _builder_version=\u00a0\u00bb4.21.0&Prime; _module_preset=\u00a0\u00bb_initial\u00a0\u00bb custom_margin_tablet=\u00a0\u00bb||0px||false|false\u00a0\u00bb custom_margin_phone=\u00a0\u00bb||0px||false|false\u00a0\u00bb custom_margin_last_edited=\u00a0\u00bbon|phone\u00a0\u00bb custom_padding_tablet=\u00a0\u00bb||0px||false|false\u00a0\u00bb custom_padding_phone=\u00a0\u00bb||0px||false|false\u00a0\u00bb global_colors_info=\u00a0\u00bb{}\u00a0\u00bb][et_pb_column type=\u00a0\u00bb4_4&Prime; _builder_version=\u00a0\u00bb4.21.0&Prime; _module_preset=\u00a0\u00bbdefault\u00a0\u00bb global_colors_info=\u00a0\u00bb{}\u00a0\u00bb][et_pb_text _builder_version=\u00a0\u00bb4.23.1&Prime; _module_preset=\u00a0\u00bbdefault\u00a0\u00bb hover_enabled=\u00a0\u00bb0&Prime; global_colors_info=\u00a0\u00bb{}\u00a0\u00bb sticky_enabled=\u00a0\u00bb0&Prime;]<\/p>\n<h2><strong>Nouveaut\u00e9s<\/strong><\/h2>\n<h2><span style=\"text-decoration: underline;\">Syst\u00e8me de cloche de plong\u00e9e pour le navire rh\u00e9nan <em>Carl Straat<\/em><\/span><\/h2>\n<p><strong><em><\/em><\/strong><\/p>\n<p>[\/et_pb_text][\/et_pb_column][\/et_pb_row][et_pb_row _builder_version=\u00a0\u00bb4.21.0&Prime; _module_preset=\u00a0\u00bb_initial\u00a0\u00bb global_colors_info=\u00a0\u00bb{}\u00a0\u00bb][et_pb_column type=\u00a0\u00bb4_4&Prime; _builder_version=\u00a0\u00bb4.21.0&Prime; _module_preset=\u00a0\u00bbdefault\u00a0\u00bb global_colors_info=\u00a0\u00bb{}\u00a0\u00bb][et_pb_text _builder_version=\u00a0\u00bb4.23.1&Prime; _module_preset=\u00a0\u00bbdefault\u00a0\u00bb border_style_bottom=\u00a0\u00bbnone\u00a0\u00bb global_colors_info=\u00a0\u00bb{}\u00a0\u00bb]<strong>HAUX-LIFE-SUPPORT<\/strong> a \u00e9t\u00e9 s\u00e9lectionn\u00e9 pour fournir le syst\u00e8me de cloche de plong\u00e9e du navire Carl Straat pour le Wasserstra\u00dfen- et Schifffahrtsamt Duisburg-Rhein (WSA). Le nouveau navire \u00e0 cloche de plong\u00e9e remplacera le navire du m\u00eame nom que la WSA exploite dans les eaux du Rhin depuis 1963.<\/p>\n<p>Le syst\u00e8me moderne de cloches de plong\u00e9e d\u00e9velopp\u00e9 par <strong>HAUX<\/strong> est int\u00e9gr\u00e9 dans un m\u00e9canisme de levage qui permet au navire de naviguer sur le Rhin et ses affluents et d\u2019op\u00e9rer sans abaisser le niveau de l\u2019eau. La WSA note que le Carl Straat peut \u00e9galement \u00eatre utilis\u00e9 pour produire des ancres \u00e0 baril dans des zones de gravier ou de roche et pour effectuer des \u00e9chantillonnages par forage avec un gla\u00e7age \u00e0 l\u2019azote.<\/p>\n<p>Selon le professeur Hans-Heinrich Witte, pr\u00e9sident de la direction g\u00e9n\u00e9rale de la WSA de Coblence, \u00ab\u00a0le nouveau navire \u00e0 cloche de plong\u00e9e moderne est un sp\u00e9cimen unique. Sur le Rhin et ses affluents, ce navire sp\u00e9cial est n\u00e9cessaire pour rechercher et r\u00e9cup\u00e9rer des cargaisons perdues ou des \u00e9paves. En outre, il sera utilis\u00e9 pour des travaux importants sur le lit du fleuve ou pour des inspections de construction.\u00a0\u00bb<\/p>\n<p>Int\u00e9grant les caissons hyperbares <strong>HAUX-STARCOM<\/strong> et <strong>HAUX-BELLSTAR<\/strong>, la cloche de plong\u00e9e se compose d\u2019un sas d\u2019entr\u00e9e, d\u2019un conduit d\u2019\u00e9cluse avec escalier et d\u2019un caisson d\u2019une capacit\u00e9 de six personnes. La cloche peut fournir une pression de fonctionnement pour une profondeur de travail allant jusqu\u2019\u00e0 10 m\u00e8tres pour les travaux sous-marins dans le lit des rivi\u00e8res. Entre autres caract\u00e9ristiques, la conception sp\u00e9ciale de l\u2019assemblage tient compte de l\u2019influence des forces du courant sous-marin et sera \u00e9quip\u00e9e du syst\u00e8me certifi\u00e9 <strong>HAUX-FIRE-EXTINGUISHING SYSTEM<\/strong>, un syst\u00e8me d\u2019air respirable \u00e0 haute performance pour tous les composants de la chambre ainsi que pour le chauffage et l\u2019isolation de la cloche.<\/p>\n<p>Les chantiers navals Damen de Hardinxveld, aux Pays-Bas, ont \u00e9t\u00e9 charg\u00e9s de la construction du nouveau Carl Straat, dont la livraison \u00e0 l\u2019ASM est pr\u00e9vue pour 2020.<\/p>\n<p>Pour un article int\u00e9ressant contenant de nombreuses informations sur le syst\u00e8me de cloche de plong\u00e9e, cliquez sur le lien suivant <a href=\"https:\/\/www.home-of-welding.com\/news\/den-gefahren-unter-wasser-auf-der-spur-1359\" target=\"_blank\" rel=\"noopener\">ici<\/a>.[\/et_pb_text][\/et_pb_column][\/et_pb_row][\/et_pb_section][et_pb_section fb_built=\u00a0\u00bb1&Prime; custom_padding_last_edited=\u00a0\u00bbon|tablet\u00a0\u00bb admin_label=\u00a0\u00bbNews HAUX-LIFE-SUPPORT\u00a0\u00bb _builder_version=\u00a0\u00bb4.21.0&Prime; _module_preset=\u00a0\u00bbdefault\u00a0\u00bb background_color=\u00a0\u00bbRGBA(255,255,255,0)\u00a0\u00bb background_image=\u00a0\u00bbhttps:\/\/hauxlifesupport.de\/wp-content\/uploads\/2023\/06\/827aa74837e28e0ff72c3c9487b38e28.jpg\u00a0\u00bb custom_padding=\u00a0\u00bb||||false|false\u00a0\u00bb custom_padding_tablet=\u00a0\u00bb||||false|false\u00a0\u00bb custom_padding_phone=\u00a0\u00bb||||false|false\u00a0\u00bb global_colors_info=\u00a0\u00bb{}\u00a0\u00bb][et_pb_row _builder_version=\u00a0\u00bb4.21.0&Prime; _module_preset=\u00a0\u00bbdefault\u00a0\u00bb global_colors_info=\u00a0\u00bb{}\u00a0\u00bb][et_pb_column type=\u00a0\u00bb4_4&Prime; admin_label=\u00a0\u00bbSpalte\u00a0\u00bb _builder_version=\u00a0\u00bb4.21.0&Prime; _module_preset=\u00a0\u00bbdefault\u00a0\u00bb global_colors_info=\u00a0\u00bb{}\u00a0\u00bb][dica_divi_carousel show_items_tablet=\u00a0\u00bb2&Prime; autoplay=\u00a0\u00bbon\u00a0\u00bb hoverpause=\u00a0\u00bbon\u00a0\u00bb autoplay_speed=\u00a0\u00bb2500&Prime; arrow_nav_color=\u00a0\u00bbgcid-8d004b11-584e-4716-8158-78133c0b6f77&Prime; content_container_padding=\u00a0\u00bb0px|40px|0px|40px|false|false\u00a0\u00bb content_container_padding_tablet=\u00a0\u00bb0px|28px|0px|28px|false|false\u00a0\u00bb content_container_padding_phone=\u00a0\u00bb0px|28px|0px|28px|false|false\u00a0\u00bb content_container_padding_last_edited=\u00a0\u00bbon|desktop\u00a0\u00bb arrow_position_tablet=\u00a0\u00bbmiddle-inside\u00a0\u00bb arrow_position_phone=\u00a0\u00bbmiddle-inside\u00a0\u00bb arrow_font_size_phone=\u00a0\u00bb40px\u00a0\u00bb admin_label=\u00a0\u00bbDivi Carousel\u00a0\u00bb _builder_version=\u00a0\u00bb4.23.1&Prime; _module_preset=\u00a0\u00bb_initial\u00a0\u00bb title_text_color=\u00a0\u00bbgcid-8d004b11-584e-4716-8158-78133c0b6f77&Prime; global_colors_info=\u00a0\u00bb{%22gcid-8d004b11-584e-4716-8158-78133c0b6f77%22:%91%22arrow_nav_color%22,%22title_text_color%22%93}\u00a0\u00bb][dica_divi_carouselitem button_url_new_window=\u00a0\u00bb1&Prime; image=\u00a0\u00bbhttps:\/\/hauxlifesupport.de\/wp-content\/uploads\/2023\/07\/Taucherglocke.jpg\u00a0\u00bb image_padding=\u00a0\u00bb||||false|false\u00a0\u00bb content_padding=\u00a0\u00bb||||false|false\u00a0\u00bb button_margin=\u00a0\u00bb||||false|false\u00a0\u00bb button_padding=\u00a0\u00bb||||false|false\u00a0\u00bb custom_margin=\u00a0\u00bb||||false|false\u00a0\u00bb custom_padding=\u00a0\u00bb||||false|false\u00a0\u00bb _builder_version=\u00a0\u00bb4.21.0&Prime; _module_preset=\u00a0\u00bbdefault\u00a0\u00bb header_level=\u00a0\u00bbh3&Prime; header_font=\u00a0\u00bb|700|||||||\u00a0\u00bb header_text_color=\u00a0\u00bbgcid-8d004b11-584e-4716-8158-78133c0b6f77&Prime; global_colors_info=\u00a0\u00bb{%22gcid-8d004b11-584e-4716-8158-78133c0b6f77%22:%91%22header_text_color%22%93}\u00a0\u00bb][\/dica_divi_carouselitem][dica_divi_carouselitem button_url_new_window=\u00a0\u00bb1&Prime; image=\u00a0\u00bbhttps:\/\/hauxlifesupport.de\/wp-content\/uploads\/2023\/07\/Schleusenrohr_2.jpg\u00a0\u00bb image_padding=\u00a0\u00bb||||false|false\u00a0\u00bb content_padding=\u00a0\u00bb||||false|false\u00a0\u00bb button_margin=\u00a0\u00bb||||false|false\u00a0\u00bb button_padding=\u00a0\u00bb||||false|false\u00a0\u00bb custom_margin=\u00a0\u00bb||||false|false\u00a0\u00bb custom_padding=\u00a0\u00bb||||false|false\u00a0\u00bb _builder_version=\u00a0\u00bb4.21.0&Prime; _module_preset=\u00a0\u00bbdefault\u00a0\u00bb header_level=\u00a0\u00bbh3&Prime; header_font=\u00a0\u00bb|700|||||||\u00a0\u00bb header_text_color=\u00a0\u00bbgcid-8d004b11-584e-4716-8158-78133c0b6f77&Prime; global_colors_info=\u00a0\u00bb{%22gcid-8d004b11-584e-4716-8158-78133c0b6f77%22:%91%22header_text_color%22%93}\u00a0\u00bb][\/dica_divi_carouselitem][\/dica_divi_carousel][\/et_pb_column][\/et_pb_row][\/et_pb_section]<\/p>\n","protected":false},"excerpt":{"rendered":"<p>Nouveaut\u00e9s Syst\u00e8me de cloche de plong\u00e9e pour le navire rh\u00e9nan Carl Straat HAUX-LIFE-SUPPORT a \u00e9t\u00e9 s\u00e9lectionn\u00e9 pour fournir le syst\u00e8me de cloche de plong\u00e9e du navire Carl Straat pour le Wasserstra\u00dfen- et Schifffahrtsamt Duisburg-Rhein (WSA). Le nouveau navire \u00e0 cloche de plong\u00e9e remplacera le navire du m\u00eame nom que la WSA exploite dans les eaux [&hellip;]<\/p>\n","protected":false},"author":3,"featured_media":0,"parent":243256,"menu_order":0,"comment_status":"closed","ping_status":"closed","template":"","meta":{"_et_pb_use_builder":"on","_et_pb_old_content":"","_et_gb_content_width":"","_relevanssi_hide_post":"","_relevanssi_hide_content":"","_relevanssi_pin_for_all":"","_relevanssi_pin_keywords":"","_relevanssi_unpin_keywords":"","_relevanssi_related_keywords":"","_relevanssi_related_include_ids":"","_relevanssi_related_exclude_ids":"","_relevanssi_related_no_append":"","_relevanssi_related_not_related":"","_relevanssi_related_posts":"","_relevanssi_noindex_reason":"","footnotes":""},"class_list":["post-243281","page","type-page","status-publish","hentry"],"_links":{"self":[{"href":"https:\/\/hauxlifesupport.de\/fr\/wp-json\/wp\/v2\/pages\/243281","targetHints":{"allow":["GET"]}}],"collection":[{"href":"https:\/\/hauxlifesupport.de\/fr\/wp-json\/wp\/v2\/pages"}],"about":[{"href":"https:\/\/hauxlifesupport.de\/fr\/wp-json\/wp\/v2\/types\/page"}],"author":[{"embeddable":true,"href":"https:\/\/hauxlifesupport.de\/fr\/wp-json\/wp\/v2\/users\/3"}],"replies":[{"embeddable":true,"href":"https:\/\/hauxlifesupport.de\/fr\/wp-json\/wp\/v2\/comments?post=243281"}],"version-history":[{"count":7,"href":"https:\/\/hauxlifesupport.de\/fr\/wp-json\/wp\/v2\/pages\/243281\/revisions"}],"predecessor-version":[{"id":243349,"href":"https:\/\/hauxlifesupport.de\/fr\/wp-json\/wp\/v2\/pages\/243281\/revisions\/243349"}],"up":[{"embeddable":true,"href":"https:\/\/hauxlifesupport.de\/fr\/wp-json\/wp\/v2\/pages\/243256"}],"wp:attachment":[{"href":"https:\/\/hauxlifesupport.de\/fr\/wp-json\/wp\/v2\/media?parent=243281"}],"curies":[{"name":"wp","href":"https:\/\/api.w.org\/{rel}","templated":true}]}}