{"id":240561,"date":"2023-06-26T11:06:08","date_gmt":"2023-06-26T09:06:08","guid":{"rendered":"https:\/\/hauxlifesupport.de\/?page_id=240561"},"modified":"2023-10-11T13:27:49","modified_gmt":"2023-10-11T11:27:49","slug":"haux-lss","status":"publish","type":"page","link":"https:\/\/hauxlifesupport.de\/fr\/produits\/systemes-de-plongee\/haux-lss\/","title":{"rendered":"HAUX LSS"},"content":{"rendered":"<p>[et_pb_section fb_built=\u00a0\u00bb1&Prime; admin_label=\u00a0\u00bbSlider\u00a0\u00bb _builder_version=\u00a0\u00bb4.21.0&Prime; _module_preset=\u00a0\u00bbdefault\u00a0\u00bb width=\u00a0\u00bb100%\u00a0\u00bb max_width=\u00a0\u00bb100%\u00a0\u00bb custom_padding=\u00a0\u00bb0px||0px||false|false\u00a0\u00bb custom_padding_tablet=\u00a0\u00bb0px||0px||false|false\u00a0\u00bb custom_padding_phone=\u00a0\u00bb0px||0px||false|false\u00a0\u00bb global_colors_info=\u00a0\u00bb{}\u00a0\u00bb][et_pb_row _builder_version=\u00a0\u00bb4.21.0&Prime; _module_preset=\u00a0\u00bbdefault\u00a0\u00bb background_enable_color=\u00a0\u00bboff\u00a0\u00bb width=\u00a0\u00bb100%\u00a0\u00bb width_tablet=\u00a0\u00bb100%\u00a0\u00bb width_phone=\u00a0\u00bb100%\u00a0\u00bb width_last_edited=\u00a0\u00bbon|desktop\u00a0\u00bb max_width=\u00a0\u00bb100%\u00a0\u00bb module_alignment=\u00a0\u00bbleft\u00a0\u00bb custom_margin=\u00a0\u00bb0px||0px||false|false\u00a0\u00bb custom_margin_tablet=\u00a0\u00bb|0px||0px|false|false\u00a0\u00bb custom_padding=\u00a0\u00bb0px||0px||false|false\u00a0\u00bb custom_padding_tablet=\u00a0\u00bb|0px||0px|false|true\u00a0\u00bb global_colors_info=\u00a0\u00bb{}\u00a0\u00bb][et_pb_column type=\u00a0\u00bb4_4&Prime; _builder_version=\u00a0\u00bb4.21.0&Prime; _module_preset=\u00a0\u00bbdefault\u00a0\u00bb background_enable_color=\u00a0\u00bboff\u00a0\u00bb global_colors_info=\u00a0\u00bb{}\u00a0\u00bb][et_pb_slider _builder_version=\u00a0\u00bb4.21.0&Prime; _module_preset=\u00a0\u00bbdefault\u00a0\u00bb custom_padding_tablet=\u00a0\u00bb180px|0px|180px|0px|false|false\u00a0\u00bb hover_enabled=\u00a0\u00bb0&Prime; header_font_size_tablet=\u00a0\u00bb\u00a0\u00bb header_font_size_phone=\u00a0\u00bb39px\u00a0\u00bb header_font_size_last_edited=\u00a0\u00bbon|tablet\u00a0\u00bb body_font_size_phone=\u00a0\u00bb39px\u00a0\u00bb global_colors_info=\u00a0\u00bb{}\u00a0\u00bb sticky_enabled=\u00a0\u00bb0&Prime;][et_pb_slide _builder_version=\u00a0\u00bb4.21.0&Prime; _module_preset=\u00a0\u00bbdefault\u00a0\u00bb background_image=\u00a0\u00bbhttps:\/\/hauxlifesupport.de\/wp-content\/uploads\/2023\/10\/Produkte_Tauchtechnik_Unterpunkte.jpg\u00a0\u00bb custom_padding=\u00a0\u00bb|0px||0px|false|false\u00a0\u00bb hover_enabled=\u00a0\u00bb0&Prime; global_colors_info=\u00a0\u00bb{}\u00a0\u00bb sticky_transition=\u00a0\u00bbon\u00a0\u00bb title_text=\u00a0\u00bbProdukte_Tauchtechnik_Unterpunkte\u00a0\u00bb sticky_enabled=\u00a0\u00bb0&Prime;]<\/p>\n<p><strong><br \/><\/strong><strong><\/strong><\/p>\n<p>[\/et_pb_slide][\/et_pb_slider][\/et_pb_column][\/et_pb_row][\/et_pb_section][et_pb_section fb_built=\u00a0\u00bb1&Prime; admin_label=\u00a0\u00bbWillkommen\u00a0\u00bb _builder_version=\u00a0\u00bb4.21.0&Prime; _module_preset=\u00a0\u00bbdefault\u00a0\u00bb global_colors_info=\u00a0\u00bb{}\u00a0\u00bb][et_pb_row _builder_version=\u00a0\u00bb4.21.0&Prime; _module_preset=\u00a0\u00bb_initial\u00a0\u00bb custom_margin_tablet=\u00a0\u00bb||0px||false|false\u00a0\u00bb custom_margin_phone=\u00a0\u00bb||0px||false|false\u00a0\u00bb custom_margin_last_edited=\u00a0\u00bbon|phone\u00a0\u00bb custom_padding_tablet=\u00a0\u00bb||0px||false|false\u00a0\u00bb custom_padding_phone=\u00a0\u00bb||0px||false|false\u00a0\u00bb global_colors_info=\u00a0\u00bb{}\u00a0\u00bb][et_pb_column type=\u00a0\u00bb4_4&Prime; _builder_version=\u00a0\u00bb4.21.0&Prime; _module_preset=\u00a0\u00bbdefault\u00a0\u00bb global_colors_info=\u00a0\u00bb{}\u00a0\u00bb][et_pb_text _builder_version=\u00a0\u00bb4.21.0&Prime; _module_preset=\u00a0\u00bbdefault\u00a0\u00bb global_colors_info=\u00a0\u00bb{}\u00a0\u00bb]<\/p>\n<h2><strong><span style=\"text-decoration: underline;\">HAUX-LSS<\/span><\/strong><\/h2>\n<p>[\/et_pb_text][\/et_pb_column][\/et_pb_row][et_pb_row _builder_version=\u00a0\u00bb4.21.0&Prime; _module_preset=\u00a0\u00bb_initial\u00a0\u00bb global_colors_info=\u00a0\u00bb{}\u00a0\u00bb][et_pb_column type=\u00a0\u00bb4_4&Prime; _builder_version=\u00a0\u00bb4.21.0&Prime; _module_preset=\u00a0\u00bbdefault\u00a0\u00bb global_colors_info=\u00a0\u00bb{}\u00a0\u00bb][et_pb_text _builder_version=\u00a0\u00bb4.21.0&Prime; _module_preset=\u00a0\u00bbdefault\u00a0\u00bb border_style_bottom=\u00a0\u00bbnone\u00a0\u00bb global_colors_info=\u00a0\u00bb{}\u00a0\u00bb]<\/p>\n<p>Le syst\u00e8me HAUX-LSS sort au maintien de la respirabilit\u00e9 de l\u2019atmosph\u00e8re dans les caissons.<\/p>\n<p>Le traitement du gaz est trait\u00e9 se fait en circuit ferm\u00e9. Il passe dans de la chaux sod\u00e9e qui absorbe le CO<sub>2<\/sub>. L\u2019atmosph\u00e8re du caisson est enrichie \u00e0 intervalles r\u00e9guliers par injection directe d\u2019une quantit\u00e9 pr\u00e9d\u00e9finie d\u2019oxyg\u00e8ne.<\/p>\n<p>L\u2019avantage de ce syst\u00e8me r\u00e9side dans sa faible consommation en gaz, notamment \u00e0 des pressions plus \u00e9lev\u00e9es qui n\u00e9cessitent de l\u2019h\u00e9lium pour respirer.<\/p>\n<p>Des s\u00e9cheurs et des filtres ad\u00e9quats, garantissent qui l\u2019humidit\u00e9 de l\u2019air reste constamment faible et \u00e9vitent le d\u00e9veloppement d\u2019odeur. Le d\u00e9veloppement de germes est ainsi \u00e9galement \u00e9vit\u00e9.<\/p>\n<p>Les syst\u00e8mes de survies sont con\u00e7us avec la redondance n\u00e9cessaire pour assurer un niveau maximal de s\u00e9curit\u00e9.<\/p>\n<p>[\/et_pb_text][\/et_pb_column][\/et_pb_row][\/et_pb_section][et_pb_section fb_built=\u00a0\u00bb1&Prime; admin_label=\u00a0\u00bbNews HAUX-LIFE-SUPPORT\u00a0\u00bb _builder_version=\u00a0\u00bb4.21.0&Prime; _module_preset=\u00a0\u00bbdefault\u00a0\u00bb background_image=\u00a0\u00bbhttps:\/\/hauxlifesupport.de\/wp-content\/uploads\/2023\/06\/827aa74837e28e0ff72c3c9487b38e28.jpg\u00a0\u00bb global_colors_info=\u00a0\u00bb{}\u00a0\u00bb][et_pb_row _builder_version=\u00a0\u00bb4.21.0&Prime; _module_preset=\u00a0\u00bbdefault\u00a0\u00bb global_colors_info=\u00a0\u00bb{}\u00a0\u00bb][et_pb_column type=\u00a0\u00bb4_4&Prime; _builder_version=\u00a0\u00bb4.21.0&Prime; _module_preset=\u00a0\u00bbdefault\u00a0\u00bb global_colors_info=\u00a0\u00bb{}\u00a0\u00bb][dica_divi_carousel show_items_tablet=\u00a0\u00bb2&Prime; autoplay=\u00a0\u00bbon\u00a0\u00bb autoplay_speed=\u00a0\u00bb2500&Prime; arrow_nav_color=\u00a0\u00bbgcid-8d004b11-584e-4716-8158-78133c0b6f77&Prime; arrow_position_tablet=\u00a0\u00bbmiddle-inside\u00a0\u00bb arrow_position_phone=\u00a0\u00bbmiddle-inside\u00a0\u00bb arrow_position_last_edited=\u00a0\u00bbon|phone\u00a0\u00bb arrow_font_size_phone=\u00a0\u00bb40px\u00a0\u00bb admin_label=\u00a0\u00bbDivi Carousel\u00a0\u00bb _builder_version=\u00a0\u00bb4.21.0&Prime; _module_preset=\u00a0\u00bb_initial\u00a0\u00bb title_text_color=\u00a0\u00bbgcid-8d004b11-584e-4716-8158-78133c0b6f77&Prime; global_colors_info=\u00a0\u00bb{%22gcid-8d004b11-584e-4716-8158-78133c0b6f77%22:%91%22title_text_color%22,%22arrow_nav_color%22%93}\u00a0\u00bb][dica_divi_carouselitem button_url=\u00a0\u00bbhttps:\/\/hauxlifesupport.de\/job-karriere\/ihr-einstieg-bei-haux-life-support\/\u00a0\u00bb button_url_new_window=\u00a0\u00bb1&Prime; image=\u00a0\u00bbhttps:\/\/hauxlifesupport.de\/wp-content\/uploads\/2023\/07\/csm_HAUX-LIFE-SUPPORT_LSS_diving_life_support_system_SEATEC_1_8f7236904b.jpg\u00a0\u00bb image_padding=\u00a0\u00bb||||false|false\u00a0\u00bb content_padding=\u00a0\u00bb||||false|false\u00a0\u00bb button_margin=\u00a0\u00bb||||false|false\u00a0\u00bb button_padding=\u00a0\u00bb||||false|false\u00a0\u00bb custom_margin=\u00a0\u00bb||||false|false\u00a0\u00bb custom_padding=\u00a0\u00bb||||false|false\u00a0\u00bb _builder_version=\u00a0\u00bb4.21.0&Prime; _module_preset=\u00a0\u00bbdefault\u00a0\u00bb header_level=\u00a0\u00bbh3&Prime; header_font=\u00a0\u00bb|700|||||||\u00a0\u00bb header_text_color=\u00a0\u00bbgcid-8d004b11-584e-4716-8158-78133c0b6f77&Prime; global_colors_info=\u00a0\u00bb{%22gcid-8d004b11-584e-4716-8158-78133c0b6f77%22:%91%22header_text_color%22%93}\u00a0\u00bb][\/dica_divi_carouselitem][dica_divi_carouselitem button_url=\u00a0\u00bbhttps:\/\/hauxlifesupport.de\/job-karriere\/praktikum-diplomarbeit\/\u00a0\u00bb button_url_new_window=\u00a0\u00bb1&Prime; image=\u00a0\u00bbhttps:\/\/hauxlifesupport.de\/wp-content\/uploads\/2023\/07\/HAUX-LIFE-SUPPORT_LSS_diving_life_support_system_SEATEC_control_station.jpg\u00a0\u00bb image_padding=\u00a0\u00bb||||false|false\u00a0\u00bb content_padding=\u00a0\u00bb||||false|false\u00a0\u00bb button_margin=\u00a0\u00bb||||false|false\u00a0\u00bb button_padding=\u00a0\u00bb||||false|false\u00a0\u00bb custom_margin=\u00a0\u00bb||||false|false\u00a0\u00bb custom_padding=\u00a0\u00bb||||false|false\u00a0\u00bb _builder_version=\u00a0\u00bb4.21.0&Prime; _module_preset=\u00a0\u00bbdefault\u00a0\u00bb header_level=\u00a0\u00bbh3&Prime; header_font=\u00a0\u00bb|700|||||||\u00a0\u00bb header_text_color=\u00a0\u00bbgcid-8d004b11-584e-4716-8158-78133c0b6f77&Prime; custom_button=\u00a0\u00bbon\u00a0\u00bb global_colors_info=\u00a0\u00bb{%22gcid-8d004b11-584e-4716-8158-78133c0b6f77%22:%91%22header_text_color%22%93}\u00a0\u00bb][\/dica_divi_carouselitem][\/dica_divi_carousel][\/et_pb_column][\/et_pb_row][\/et_pb_section]<\/p>\n","protected":false},"excerpt":{"rendered":"<p>HAUX-LSSLe syst\u00e8me HAUX-LSS sort au maintien de la respirabilit\u00e9 de l\u2019atmosph\u00e8re dans les caissons. Le traitement du gaz est trait\u00e9 se fait en circuit ferm\u00e9. Il passe dans de la chaux sod\u00e9e qui absorbe le CO2. L\u2019atmosph\u00e8re du caisson est enrichie \u00e0 intervalles r\u00e9guliers par injection directe d\u2019une quantit\u00e9 pr\u00e9d\u00e9finie d\u2019oxyg\u00e8ne. L\u2019avantage de ce syst\u00e8me [&hellip;]<\/p>\n","protected":false},"author":1,"featured_media":0,"parent":240388,"menu_order":40,"comment_status":"closed","ping_status":"closed","template":"","meta":{"_et_pb_use_builder":"on","_et_pb_old_content":"","_et_gb_content_width":"","_relevanssi_hide_post":"","_relevanssi_hide_content":"","_relevanssi_pin_for_all":"","_relevanssi_pin_keywords":"","_relevanssi_unpin_keywords":"","_relevanssi_related_keywords":"","_relevanssi_related_include_ids":"","_relevanssi_related_exclude_ids":"","_relevanssi_related_no_append":"","_relevanssi_related_not_related":"","_relevanssi_related_posts":"","_relevanssi_noindex_reason":"","footnotes":""},"class_list":["post-240561","page","type-page","status-publish","hentry"],"_links":{"self":[{"href":"https:\/\/hauxlifesupport.de\/fr\/wp-json\/wp\/v2\/pages\/240561","targetHints":{"allow":["GET"]}}],"collection":[{"href":"https:\/\/hauxlifesupport.de\/fr\/wp-json\/wp\/v2\/pages"}],"about":[{"href":"https:\/\/hauxlifesupport.de\/fr\/wp-json\/wp\/v2\/types\/page"}],"author":[{"embeddable":true,"href":"https:\/\/hauxlifesupport.de\/fr\/wp-json\/wp\/v2\/users\/1"}],"replies":[{"embeddable":true,"href":"https:\/\/hauxlifesupport.de\/fr\/wp-json\/wp\/v2\/comments?post=240561"}],"version-history":[{"count":9,"href":"https:\/\/hauxlifesupport.de\/fr\/wp-json\/wp\/v2\/pages\/240561\/revisions"}],"predecessor-version":[{"id":241963,"href":"https:\/\/hauxlifesupport.de\/fr\/wp-json\/wp\/v2\/pages\/240561\/revisions\/241963"}],"up":[{"embeddable":true,"href":"https:\/\/hauxlifesupport.de\/fr\/wp-json\/wp\/v2\/pages\/240388"}],"wp:attachment":[{"href":"https:\/\/hauxlifesupport.de\/fr\/wp-json\/wp\/v2\/media?parent=240561"}],"curies":[{"name":"wp","href":"https:\/\/api.w.org\/{rel}","templated":true}]}}