{"id":240530,"date":"2023-06-26T11:15:26","date_gmt":"2023-06-26T09:15:26","guid":{"rendered":"https:\/\/hauxlifesupport.de\/?page_id=240530"},"modified":"2023-10-11T14:01:10","modified_gmt":"2023-10-11T12:01:10","slug":"systemes-anti-incendie","status":"publish","type":"page","link":"https:\/\/hauxlifesupport.de\/fr\/produits\/equipements-et-accessoires-medicaux\/equipements\/systemes-anti-incendie\/","title":{"rendered":"Syst\u00e8mes anti-incendie"},"content":{"rendered":"<p>[et_pb_section fb_built=\u00a0\u00bb1&Prime; admin_label=\u00a0\u00bbSlider\u00a0\u00bb _builder_version=\u00a0\u00bb4.21.0&Prime; _module_preset=\u00a0\u00bbdefault\u00a0\u00bb width=\u00a0\u00bb100%\u00a0\u00bb max_width=\u00a0\u00bb100%\u00a0\u00bb custom_padding=\u00a0\u00bb0px||0px||false|false\u00a0\u00bb custom_padding_tablet=\u00a0\u00bb0px||0px||false|false\u00a0\u00bb custom_padding_phone=\u00a0\u00bb0px||0px||false|false\u00a0\u00bb global_colors_info=\u00a0\u00bb{}\u00a0\u00bb][et_pb_row _builder_version=\u00a0\u00bb4.21.0&Prime; _module_preset=\u00a0\u00bbdefault\u00a0\u00bb background_enable_color=\u00a0\u00bboff\u00a0\u00bb width=\u00a0\u00bb100%\u00a0\u00bb width_tablet=\u00a0\u00bb100%\u00a0\u00bb width_phone=\u00a0\u00bb100%\u00a0\u00bb width_last_edited=\u00a0\u00bbon|desktop\u00a0\u00bb max_width=\u00a0\u00bb100%\u00a0\u00bb module_alignment=\u00a0\u00bbleft\u00a0\u00bb custom_margin=\u00a0\u00bb0px||0px||false|false\u00a0\u00bb custom_margin_tablet=\u00a0\u00bb|0px||0px|false|false\u00a0\u00bb custom_padding=\u00a0\u00bb0px||0px||false|false\u00a0\u00bb custom_padding_tablet=\u00a0\u00bb|0px||0px|false|true\u00a0\u00bb global_colors_info=\u00a0\u00bb{}\u00a0\u00bb][et_pb_column type=\u00a0\u00bb4_4&Prime; _builder_version=\u00a0\u00bb4.21.0&Prime; _module_preset=\u00a0\u00bbdefault\u00a0\u00bb background_enable_color=\u00a0\u00bboff\u00a0\u00bb global_colors_info=\u00a0\u00bb{}\u00a0\u00bb][et_pb_slider admin_label=\u00a0\u00bbSlider\u00a0\u00bb _builder_version=\u00a0\u00bb4.21.0&Prime; _module_preset=\u00a0\u00bbb8ceb8f1-18e1-4a30-87c9-e9b64e615132&Prime; custom_padding_tablet=\u00a0\u00bb180px|0px|180px|0px|false|false\u00a0\u00bb hover_enabled=\u00a0\u00bb0&Prime; header_font_size_tablet=\u00a0\u00bb\u00a0\u00bb header_font_size_phone=\u00a0\u00bb39px\u00a0\u00bb header_font_size_last_edited=\u00a0\u00bbon|tablet\u00a0\u00bb body_font_size_phone=\u00a0\u00bb39px\u00a0\u00bb global_colors_info=\u00a0\u00bb{}\u00a0\u00bb sticky_enabled=\u00a0\u00bb0&Prime;][et_pb_slide _builder_version=\u00a0\u00bb4.21.0&Prime; _module_preset=\u00a0\u00bb2dc5af35-e1f8-410a-afef-aba0a25e6ce5&Prime; background_color=\u00a0\u00bbRGBA(255,255,255,0)\u00a0\u00bb background_enable_color=\u00a0\u00bbon\u00a0\u00bb background_image=\u00a0\u00bbhttps:\/\/hauxlifesupport.de\/wp-content\/uploads\/2023\/10\/Produkte_Medizin_Unterpunkte.jpg\u00a0\u00bb custom_padding=\u00a0\u00bb|0px||0px|false|false\u00a0\u00bb hover_enabled=\u00a0\u00bb0&Prime; global_colors_info=\u00a0\u00bb{}\u00a0\u00bb sticky_transition=\u00a0\u00bbon\u00a0\u00bb title_text=\u00a0\u00bbProdukte_Medizin_Unterpunkte\u00a0\u00bb sticky_enabled=\u00a0\u00bb0&Prime;][\/et_pb_slide][\/et_pb_slider][\/et_pb_column][\/et_pb_row][\/et_pb_section][et_pb_section fb_built=\u00a0\u00bb1&Prime; admin_label=\u00a0\u00bbWillkommen\u00a0\u00bb _builder_version=\u00a0\u00bb4.21.0&Prime; _module_preset=\u00a0\u00bbdefault\u00a0\u00bb global_colors_info=\u00a0\u00bb{}\u00a0\u00bb][et_pb_row _builder_version=\u00a0\u00bb4.21.0&Prime; _module_preset=\u00a0\u00bbdefault\u00a0\u00bb global_colors_info=\u00a0\u00bb{}\u00a0\u00bb][et_pb_column type=\u00a0\u00bb4_4&Prime; _builder_version=\u00a0\u00bb4.21.0&Prime; _module_preset=\u00a0\u00bbdefault\u00a0\u00bb global_colors_info=\u00a0\u00bb{}\u00a0\u00bb][et_pb_text _builder_version=\u00a0\u00bb4.21.0&Prime; _module_preset=\u00a0\u00bbdefault\u00a0\u00bb global_colors_info=\u00a0\u00bb{}\u00a0\u00bb]<\/p>\n<h2><strong>Syst\u00e8mes anti-incendie HAUX<\/strong><\/h2>\n<h2 class=\"\"><span style=\"text-decoration: underline;\">Les \u00e9quipements optimaux pour votre syst\u00e8me<\/span><\/h2>\n<p>Les incendies en Chambres Hyperbares sont extr\u00eamement rares par rapport au nombre de sessions. Cependant lorsqu\u2019ils ont lieu, ils progressent beaucoup plus rapidement qu\u2019en conditions atmosph\u00e9riques normales.<\/p>\n<p>Les incendies en milieu hyperbare sont difficilement ma\u00eetrisables:<\/p>\n<ul>\n<li>en raison de la pression partielle \u00e9lev\u00e9e de l\u2019oxyg\u00e8ne dans la chambre<\/li>\n<li>de la forte hausse de pression caus\u00e9e par l\u2019augmentation de la temp\u00e9rature<\/li>\n<li>de la courte dur\u00e9e avant l\u2019apparition de dommages irr\u00e9versibles<\/li>\n<li>de l\u2019efficacit\u00e9 limit\u00e9e des extincteurs existants<\/li>\n<\/ul>\n<p><strong>HAUX-LIFE-SUPPORT<\/strong> impose le risque z\u00e9ro dans la pr\u00e9vention incendie.<\/p>\n<p>[\/et_pb_text][\/et_pb_column][\/et_pb_row][et_pb_row _builder_version=\u00a0\u00bb4.21.0&Prime; _module_preset=\u00a0\u00bbdefault\u00a0\u00bb global_colors_info=\u00a0\u00bb{}\u00a0\u00bb][et_pb_column type=\u00a0\u00bb4_4&Prime; _builder_version=\u00a0\u00bb4.21.0&Prime; _module_preset=\u00a0\u00bbdefault\u00a0\u00bb global_colors_info=\u00a0\u00bb{}\u00a0\u00bb][et_pb_accordion _builder_version=\u00a0\u00bb4.21.0&Prime; _module_preset=\u00a0\u00bbdefault\u00a0\u00bb global_colors_info=\u00a0\u00bb{}\u00a0\u00bb][et_pb_accordion_item title=\u00a0\u00bbHAUX-SPRAY-FOG SYST\u00c8ME ANTI-INCENDIE PAR BRUMISATION\u00a0\u00bb open=\u00a0\u00bbon\u00a0\u00bb _builder_version=\u00a0\u00bb4.21.0&Prime; _module_preset=\u00a0\u00bbdefault\u00a0\u00bb global_colors_info=\u00a0\u00bb{}\u00a0\u00bb]<\/p>\n<p><strong><img loading=\"lazy\" decoding=\"async\" src=\"https:\/\/hauxlifesupport.de\/wp-content\/uploads\/2023\/07\/HAUX-SPRAY-FOG_fire_extinguishing_water_tank_piping_pressure_reducers-1-300x225.jpg\" alt=\"\" class=\"wp-image-2134 alignnone size-medium\" width=\"300\" height=\"225\" title=\"\"> <img loading=\"lazy\" decoding=\"async\" src=\"https:\/\/hauxlifesupport.de\/wp-content\/uploads\/2023\/07\/csm_HAUX-SPRAY-FOG_hbo_chamber_fire_extinguishing_pilot_release_valve_unit_manometer_5128b85bc8-300x225.jpg\" alt=\"\" class=\"wp-image-2138 alignnone size-medium\" width=\"300\" height=\"225\" title=\"\" srcset=\"https:\/\/hauxlifesupport.de\/wp-content\/uploads\/2023\/07\/csm_HAUX-SPRAY-FOG_hbo_chamber_fire_extinguishing_pilot_release_valve_unit_manometer_5128b85bc8-300x225.jpg 300w, https:\/\/hauxlifesupport.de\/wp-content\/uploads\/2023\/07\/csm_HAUX-SPRAY-FOG_hbo_chamber_fire_extinguishing_pilot_release_valve_unit_manometer_5128b85bc8.jpg 386w\" sizes=\"auto, (max-width: 300px) 100vw, 300px\" \/> <img loading=\"lazy\" decoding=\"async\" src=\"https:\/\/hauxlifesupport.de\/wp-content\/uploads\/2023\/07\/csm_HAUX-SPRAY-FOG_fire_extinguishing_complete_system_installed_outside_HAUX-STARMED_0225a93c32-225x300.jpg\" alt=\"\" class=\"wp-image-2142 alignnone size-medium\" width=\"225\" height=\"300\" title=\"\" srcset=\"https:\/\/hauxlifesupport.de\/wp-content\/uploads\/2023\/07\/csm_HAUX-SPRAY-FOG_fire_extinguishing_complete_system_installed_outside_HAUX-STARMED_0225a93c32-225x300.jpg 225w, https:\/\/hauxlifesupport.de\/wp-content\/uploads\/2023\/07\/csm_HAUX-SPRAY-FOG_fire_extinguishing_complete_system_installed_outside_HAUX-STARMED_0225a93c32.jpg 386w\" sizes=\"auto, (max-width: 225px) 100vw, 225px\" \/><\/strong><\/p>\n<p><strong>HAUX-LIFE-SUPPORT<\/strong> a con\u00e7u le plus moderne et le plus efficace des syst\u00e8mes anti-incendie pour chambres HBO.<\/p>\n<p>Le syst\u00e8me <strong>HAUX-SPRAY-FOG<\/strong> combine les propri\u00e9t\u00e9s des extincteurs \u00e0 gicleur et \u00e0 brumisation. Cette combinaison permet une haute efficacit\u00e9 sans grande consommation d\u2019eau, m\u00eame en cas de session \u00e0 haute pression et assure une extinction du feu en quelques secondes, d\u2019o\u00f9 une s\u00e9curit\u00e9 optimale des occupants de la chambre.<\/p>\n<p>L\u2019approvisionnement en eau s\u2019effectue via un r\u00e9servoir ind\u00e9pendant qui est dimensionn\u00e9 en fonction de la taille de la chambre.<\/p>\n<p>Il est possible de rajouter un module <strong>HAUX-SPRAY-FOG<\/strong> sur une chambre d\u00e9j\u00e0 existante.<\/p>\n<p>[\/et_pb_accordion_item][et_pb_accordion_item title=\u00a0\u00bbHAUX-FIREMASTER\u00a0\u00bb _builder_version=\u00a0\u00bb4.21.0&Prime; _module_preset=\u00a0\u00bbdefault\u00a0\u00bb global_colors_info=\u00a0\u00bb{}\u00a0\u00bb open=\u00a0\u00bboff\u00a0\u00bb]<\/p>\n<p><img loading=\"lazy\" decoding=\"async\" src=\"https:\/\/hauxlifesupport.de\/wp-content\/uploads\/2023\/07\/HAUX-FIREMASTER_fire_extinguisher_hyperbaric_chambers_up_to_10_bar_500x375-300x225.jpg\" alt=\"\" class=\"wp-image-2146 alignnone size-medium\" width=\"300\" height=\"225\" title=\"\"><\/p>\n<p>L\u2019extincteur pour chambre hyperbare <strong>HAUX-FIREMASTER<\/strong> est con\u00e7u pour une utilisation dans des chambres pressuris\u00e9es \u00e0 l\u2019air jusqu\u2019\u00e0 10 bar de pression de service.<br \/>L\u2019extincteur est test\u00e9 et approuv\u00e9 par DNV-GL.<\/p>\n<p>L\u2019extincteur est utilisable pour une <strong>intervention sur incendie (feux class\u00e9s A)<\/strong>.<\/p>\n<p>La <strong>pression de propulsion<\/strong> est de 140 bar, ce qui autorise une utilisation dans une chambre hyperbare jusqu\u2019\u00e0 10 bar.<\/p>\n<p>Dans une chambre pressuris\u00e9e \u00e0 l\u2019H\u00e9lium, une utilisation de propulsion par du gaz H\u00e9lium est possible.<\/p>\n<p>L\u2019\u00e9quipement <strong>HAUX-FIREMASTER<\/strong> se compose de:<\/p>\n<ul>\n<li>une cuve pressurisable contenant: de l\u2019eau, un agent additif \u00e9mulsifiant et de l\u2019air comprim\u00e9<\/li>\n<li>une vanne de commande munie d\u2019une goupille de s\u00e9curit\u00e9, d\u2019un manom\u00e8tre et d\u2019un tuyau plongeur<\/li>\n<li>une tuyau d\u2019aspersion avec poign\u00e9e d\u2019actionnement<\/li>\n<\/ul>\n<p>[\/et_pb_accordion_item][\/et_pb_accordion][\/et_pb_column][\/et_pb_row][\/et_pb_section]<\/p>\n","protected":false},"excerpt":{"rendered":"<p>Syst\u00e8mes anti-incendie HAUX Les \u00e9quipements optimaux pour votre syst\u00e8me Les incendies en Chambres Hyperbares sont extr\u00eamement rares par rapport au nombre de sessions. Cependant lorsqu\u2019ils ont lieu, ils progressent beaucoup plus rapidement qu\u2019en conditions atmosph\u00e9riques normales. Les incendies en milieu hyperbare sont difficilement ma\u00eetrisables: en raison de la pression partielle \u00e9lev\u00e9e de l\u2019oxyg\u00e8ne dans la [&hellip;]<\/p>\n","protected":false},"author":1,"featured_media":0,"parent":240526,"menu_order":20,"comment_status":"closed","ping_status":"closed","template":"","meta":{"_et_pb_use_builder":"on","_et_pb_old_content":"","_et_gb_content_width":"","_relevanssi_hide_post":"","_relevanssi_hide_content":"","_relevanssi_pin_for_all":"","_relevanssi_pin_keywords":"","_relevanssi_unpin_keywords":"","_relevanssi_related_keywords":"","_relevanssi_related_include_ids":"","_relevanssi_related_exclude_ids":"","_relevanssi_related_no_append":"","_relevanssi_related_not_related":"","_relevanssi_related_posts":"","_relevanssi_noindex_reason":"","footnotes":""},"class_list":["post-240530","page","type-page","status-publish","hentry"],"_links":{"self":[{"href":"https:\/\/hauxlifesupport.de\/fr\/wp-json\/wp\/v2\/pages\/240530","targetHints":{"allow":["GET"]}}],"collection":[{"href":"https:\/\/hauxlifesupport.de\/fr\/wp-json\/wp\/v2\/pages"}],"about":[{"href":"https:\/\/hauxlifesupport.de\/fr\/wp-json\/wp\/v2\/types\/page"}],"author":[{"embeddable":true,"href":"https:\/\/hauxlifesupport.de\/fr\/wp-json\/wp\/v2\/users\/1"}],"replies":[{"embeddable":true,"href":"https:\/\/hauxlifesupport.de\/fr\/wp-json\/wp\/v2\/comments?post=240530"}],"version-history":[{"count":9,"href":"https:\/\/hauxlifesupport.de\/fr\/wp-json\/wp\/v2\/pages\/240530\/revisions"}],"predecessor-version":[{"id":242007,"href":"https:\/\/hauxlifesupport.de\/fr\/wp-json\/wp\/v2\/pages\/240530\/revisions\/242007"}],"up":[{"embeddable":true,"href":"https:\/\/hauxlifesupport.de\/fr\/wp-json\/wp\/v2\/pages\/240526"}],"wp:attachment":[{"href":"https:\/\/hauxlifesupport.de\/fr\/wp-json\/wp\/v2\/media?parent=240530"}],"curies":[{"name":"wp","href":"https:\/\/api.w.org\/{rel}","templated":true}]}}