{"id":240528,"date":"2023-06-26T11:14:18","date_gmt":"2023-06-26T09:14:18","guid":{"rendered":"https:\/\/hauxlifesupport.de\/?page_id=240528"},"modified":"2023-10-11T13:37:56","modified_gmt":"2023-10-11T11:37:56","slug":"instruments-de-mesure-et-danalyse","status":"publish","type":"page","link":"https:\/\/hauxlifesupport.de\/fr\/produits\/equipements-et-accessoires-medicaux\/equipements\/instruments-de-mesure-et-danalyse\/","title":{"rendered":"Instruments de mesure et d&rsquo;analyse"},"content":{"rendered":"<p>[et_pb_section fb_built=\u00a0\u00bb1&Prime; admin_label=\u00a0\u00bbSlider\u00a0\u00bb _builder_version=\u00a0\u00bb4.21.0&Prime; _module_preset=\u00a0\u00bbdefault\u00a0\u00bb width=\u00a0\u00bb100%\u00a0\u00bb max_width=\u00a0\u00bb100%\u00a0\u00bb custom_padding=\u00a0\u00bb0px||0px||false|false\u00a0\u00bb custom_padding_tablet=\u00a0\u00bb0px||0px||false|false\u00a0\u00bb custom_padding_phone=\u00a0\u00bb0px||0px||false|false\u00a0\u00bb global_colors_info=\u00a0\u00bb{}\u00a0\u00bb][et_pb_row _builder_version=\u00a0\u00bb4.21.0&Prime; _module_preset=\u00a0\u00bbdefault\u00a0\u00bb background_enable_color=\u00a0\u00bboff\u00a0\u00bb width=\u00a0\u00bb100%\u00a0\u00bb width_tablet=\u00a0\u00bb100%\u00a0\u00bb width_phone=\u00a0\u00bb100%\u00a0\u00bb width_last_edited=\u00a0\u00bbon|desktop\u00a0\u00bb max_width=\u00a0\u00bb100%\u00a0\u00bb module_alignment=\u00a0\u00bbleft\u00a0\u00bb custom_margin=\u00a0\u00bb0px||0px||false|false\u00a0\u00bb custom_margin_tablet=\u00a0\u00bb|0px||0px|false|false\u00a0\u00bb custom_padding=\u00a0\u00bb0px||0px||false|false\u00a0\u00bb custom_padding_tablet=\u00a0\u00bb|0px||0px|false|true\u00a0\u00bb global_colors_info=\u00a0\u00bb{}\u00a0\u00bb][et_pb_column type=\u00a0\u00bb4_4&Prime; _builder_version=\u00a0\u00bb4.21.0&Prime; _module_preset=\u00a0\u00bbdefault\u00a0\u00bb background_enable_color=\u00a0\u00bboff\u00a0\u00bb global_colors_info=\u00a0\u00bb{}\u00a0\u00bb][et_pb_slider _builder_version=\u00a0\u00bb4.21.0&Prime; _module_preset=\u00a0\u00bbb8ceb8f1-18e1-4a30-87c9-e9b64e615132&Prime; custom_padding_tablet=\u00a0\u00bb180px|0px|180px|0px|false|false\u00a0\u00bb hover_enabled=\u00a0\u00bb0&Prime; header_font_size_tablet=\u00a0\u00bb\u00a0\u00bb header_font_size_phone=\u00a0\u00bb39px\u00a0\u00bb header_font_size_last_edited=\u00a0\u00bbon|tablet\u00a0\u00bb body_font_size_phone=\u00a0\u00bb39px\u00a0\u00bb global_colors_info=\u00a0\u00bb{}\u00a0\u00bb sticky_enabled=\u00a0\u00bb0&Prime;][et_pb_slide _builder_version=\u00a0\u00bb4.21.0&Prime; _module_preset=\u00a0\u00bb2dc5af35-e1f8-410a-afef-aba0a25e6ce5&Prime; background_color=\u00a0\u00bbRGBA(255,255,255,0)\u00a0\u00bb background_enable_color=\u00a0\u00bbon\u00a0\u00bb background_image=\u00a0\u00bbhttps:\/\/hauxlifesupport.de\/wp-content\/uploads\/2023\/10\/Produkte_Medizin_Unterpunkte.jpg\u00a0\u00bb custom_padding=\u00a0\u00bb|0px||0px|false|false\u00a0\u00bb hover_enabled=\u00a0\u00bb0&Prime; global_colors_info=\u00a0\u00bb{}\u00a0\u00bb sticky_transition=\u00a0\u00bbon\u00a0\u00bb title_text=\u00a0\u00bbProdukte_Medizin_Unterpunkte\u00a0\u00bb sticky_enabled=\u00a0\u00bb0&Prime;][\/et_pb_slide][\/et_pb_slider][\/et_pb_column][\/et_pb_row][\/et_pb_section][et_pb_section fb_built=\u00a0\u00bb1&Prime; admin_label=\u00a0\u00bbWillkommen\u00a0\u00bb _builder_version=\u00a0\u00bb4.21.0&Prime; _module_preset=\u00a0\u00bbdefault\u00a0\u00bb global_colors_info=\u00a0\u00bb{}\u00a0\u00bb][et_pb_row _builder_version=\u00a0\u00bb4.21.0&Prime; _module_preset=\u00a0\u00bb_initial\u00a0\u00bb custom_margin_tablet=\u00a0\u00bb||0px||false|false\u00a0\u00bb custom_margin_phone=\u00a0\u00bb||0px||false|false\u00a0\u00bb custom_margin_last_edited=\u00a0\u00bbon|phone\u00a0\u00bb custom_padding_tablet=\u00a0\u00bb||0px||false|false\u00a0\u00bb custom_padding_phone=\u00a0\u00bb||0px||false|false\u00a0\u00bb global_colors_info=\u00a0\u00bb{}\u00a0\u00bb][et_pb_column type=\u00a0\u00bb4_4&Prime; _builder_version=\u00a0\u00bb4.21.0&Prime; _module_preset=\u00a0\u00bbdefault\u00a0\u00bb global_colors_info=\u00a0\u00bb{}\u00a0\u00bb][et_pb_text _builder_version=\u00a0\u00bb4.21.0&Prime; _module_preset=\u00a0\u00bbdefault\u00a0\u00bb global_colors_info=\u00a0\u00bb{}\u00a0\u00bb]<\/p>\n<h2><strong>Appareils de mesure et d\u2019analyse <\/strong><\/h2>\n<h2><span style=\"text-decoration: underline;\">Composants pour votre syst\u00e8me<\/span><\/h2>\n<p>Les appareils de mesure et d\u2019analyse HAUX permettent la surveillance de divers param\u00e8tres tels que le taux d\u2019oxyg\u00e8ne ou de dioxyde de carbone \u00e0 l\u2019int\u00e9rieur d\u2019un syst\u00e8me hyperbare.<\/p>\n<p>[\/et_pb_text][\/et_pb_column][\/et_pb_row][et_pb_row _builder_version=\u00a0\u00bb4.21.0&Prime; _module_preset=\u00a0\u00bb_initial\u00a0\u00bb global_colors_info=\u00a0\u00bb{}\u00a0\u00bb][et_pb_column type=\u00a0\u00bb4_4&Prime; _builder_version=\u00a0\u00bb4.21.0&Prime; _module_preset=\u00a0\u00bbdefault\u00a0\u00bb global_colors_info=\u00a0\u00bb{}\u00a0\u00bb][et_pb_accordion _builder_version=\u00a0\u00bb4.21.0&Prime; _module_preset=\u00a0\u00bbdefault\u00a0\u00bb global_colors_info=\u00a0\u00bb{}\u00a0\u00bb][et_pb_accordion_item title=\u00a0\u00bbHAUX-OXYMETER\u00a0\u00bb open=\u00a0\u00bbon\u00a0\u00bb _builder_version=\u00a0\u00bb4.21.0&Prime; _module_preset=\u00a0\u00bbdefault\u00a0\u00bb global_colors_info=\u00a0\u00bb{}\u00a0\u00bb]<\/p>\n<p><img loading=\"lazy\" decoding=\"async\" src=\"https:\/\/hauxlifesupport.de\/wp-content\/uploads\/2023\/07\/HAUX-OXYMETER_oxygen_monitoring_in_hbo_chamber_atmosphere_BUS_screen_alarm.jpg\" alt=\"\" class=\"wp-image-2155 alignnone size-full\" width=\"802\" height=\"480\" title=\"\" srcset=\"https:\/\/hauxlifesupport.de\/wp-content\/uploads\/2023\/07\/HAUX-OXYMETER_oxygen_monitoring_in_hbo_chamber_atmosphere_BUS_screen_alarm.jpg 802w, https:\/\/hauxlifesupport.de\/wp-content\/uploads\/2023\/07\/HAUX-OXYMETER_oxygen_monitoring_in_hbo_chamber_atmosphere_BUS_screen_alarm-480x287.jpg 480w\" sizes=\"auto, (min-width: 0px) and (max-width: 480px) 480px, (min-width: 481px) 802px, 100vw\" \/><\/p>\n<p>Un taux d\u2019oxyg\u00e8ne trop \u00e9lev\u00e9 \u00e0 l\u2019int\u00e9rieur d\u2019une chambre d\u2019OHB augmente le risque d\u2019incendie!<\/p>\n<p>Le syst\u00e8me de mesure HAUX-OXYMETER sert \u00e0 contr\u00f4ler le taux d\u2019oxyg\u00e8ne dans l\u2019atmosph\u00e8re du caisson. Tout d\u00e9passement de la valeur limite d\u00e9clenche un signal d\u2019alarme.<\/p>\n<p>Plage de mesure: De 0 \u00e0 30\u00a0% ou 0 \u00e0 100\u00a0% vol. d\u2019oxyg\u00e8ne au choix.<\/p>\n<p>Un HAUX-OXYMETER peut \u00eatre install\u00e9 s\u00e9par\u00e9ment pour chaque compartiment du caisson, ou bien \u00e0 l\u2019aide d\u2019une vanne de s\u00e9lection, le gaz en provenance de chaque compartiment peut \u00eatre analys\u00e9 sur le m\u00eame HAUX-OXYMETER.<\/p>\n<p>[\/et_pb_accordion_item][et_pb_accordion_item title=\u00a0\u00bbHAUX-OXYSEARCH\u00a0\u00bb _builder_version=\u00a0\u00bb4.21.0&Prime; _module_preset=\u00a0\u00bbdefault\u00a0\u00bb global_colors_info=\u00a0\u00bb{}\u00a0\u00bb open=\u00a0\u00bboff\u00a0\u00bb]<\/p>\n<p><img loading=\"lazy\" decoding=\"async\" src=\"https:\/\/hauxlifesupport.de\/wp-content\/uploads\/2023\/07\/HAUX-OXYSEARCH_O2_partial_pressure_monitor_for_hyperbaric_chambers_500x375.jpg\" alt=\"\" class=\"wp-image-2121 alignnone size-full\" width=\"500\" height=\"375\" title=\"\" srcset=\"https:\/\/hauxlifesupport.de\/wp-content\/uploads\/2023\/07\/HAUX-OXYSEARCH_O2_partial_pressure_monitor_for_hyperbaric_chambers_500x375.jpg 500w, https:\/\/hauxlifesupport.de\/wp-content\/uploads\/2023\/07\/HAUX-OXYSEARCH_O2_partial_pressure_monitor_for_hyperbaric_chambers_500x375-480x360.jpg 480w\" sizes=\"auto, (min-width: 0px) and (max-width: 480px) 480px, (min-width: 481px) 500px, 100vw\" \/><\/p>\n<p>Le syst\u00e8me HAUX-OXYSEARCH est con\u00e7u pour la surveillance du taux d\u2019oxyg\u00e8ne \u00e0 l\u2019int\u00e9rieur de la chambre hyperbare.<\/p>\n<p>Le taux maximal d\u2019oxyg\u00e8ne autoris\u00e9 est 23\u00a0%. Le syst\u00e8me mobile HAUX-OXYSEARCH contr\u00f4le le taux moyen d\u2019oxyg\u00e8ne dans la chambre et en donne le graphe au cours du temps sur son \u00e9cran.<\/p>\n<p>Il permet aussi la surveillance continue du taux d\u2019oxyg\u00e8ne comme \u00e9quipement fixe.<\/p>\n<p>[\/et_pb_accordion_item][et_pb_accordion_item title=\u00a0\u00bbHAUX-TIMEMASTER\u00a0\u00bb _builder_version=\u00a0\u00bb4.21.0&Prime; _module_preset=\u00a0\u00bbdefault\u00a0\u00bb global_colors_info=\u00a0\u00bb{}\u00a0\u00bb open=\u00a0\u00bboff\u00a0\u00bb]<\/p>\n<p><img loading=\"lazy\" decoding=\"async\" src=\"https:\/\/hauxlifesupport.de\/wp-content\/uploads\/2023\/07\/HAUX-TIMEMASTER_triple_timer_with_3_countdown_modes_and_memories_500x375.jpg\" alt=\"\" class=\"wp-image-2159 alignnone size-full\" width=\"500\" height=\"375\" title=\"\" srcset=\"https:\/\/hauxlifesupport.de\/wp-content\/uploads\/2023\/07\/HAUX-TIMEMASTER_triple_timer_with_3_countdown_modes_and_memories_500x375.jpg 500w, https:\/\/hauxlifesupport.de\/wp-content\/uploads\/2023\/07\/HAUX-TIMEMASTER_triple_timer_with_3_countdown_modes_and_memories_500x375-480x360.jpg 480w\" sizes=\"auto, (min-width: 0px) and (max-width: 480px) 480px, (min-width: 481px) 500px, 100vw\" \/><\/p>\n<p>Le syst\u00e8me HAUX-TIMEMASTER sert au contr\u00f4le des temps de traitement ou de plong\u00e9e.<\/p>\n<p>Aliment\u00e9 par une pile bouton 1,5V, il dispose de 3 comptes \u00e0 rebours ind\u00e9pendants. La fin du compte \u00e0 rebours est signal\u00e9e par une alarme sonore pendant une minute. L\u2019\u00e9cran est partag\u00e9 en trois champs et affiche soit les trois comptes \u00e0 rebours, soit l\u2019heure actuelle et l\u2019heure de fin des comptes \u00e0 rebours.<\/p>\n<p>L\u2019appareil enregistre les derniers temps programm\u00e9s pour chaque compte \u00e0 rebours. Ceux-ci peuvent ainsi \u00eatre r\u00e9utilis\u00e9s apr\u00e8s la fin d\u2019un compte \u00e0 rebours.<\/p>\n<p>[\/et_pb_accordion_item][et_pb_accordion_item title=\u00a0\u00bbAPPAREIL DE MESURE DU TAUX DE CO2&Prime; _builder_version=\u00a0\u00bb4.21.0&Prime; _module_preset=\u00a0\u00bbdefault\u00a0\u00bb global_colors_info=\u00a0\u00bb{}\u00a0\u00bb open=\u00a0\u00bboff\u00a0\u00bb]<\/p>\n<p><img loading=\"lazy\" decoding=\"async\" src=\"https:\/\/hauxlifesupport.de\/wp-content\/uploads\/2023\/07\/HAUX-OXYMETER_O2_CO2_measurement_temperature_values_normal_BUS_screen_802x482.jpg\" alt=\"\" class=\"wp-image-2163 alignnone size-full\" width=\"802\" height=\"482\" title=\"\" srcset=\"https:\/\/hauxlifesupport.de\/wp-content\/uploads\/2023\/07\/HAUX-OXYMETER_O2_CO2_measurement_temperature_values_normal_BUS_screen_802x482.jpg 802w, https:\/\/hauxlifesupport.de\/wp-content\/uploads\/2023\/07\/HAUX-OXYMETER_O2_CO2_measurement_temperature_values_normal_BUS_screen_802x482-480x288.jpg 480w\" sizes=\"auto, (min-width: 0px) and (max-width: 480px) 480px, (min-width: 481px) 802px, 100vw\" \/><\/p>\n<p>Un capteur de CO<sub>2<\/sub> est utilis\u00e9 pour la mesure du taux de CO<sub>2<\/sub> dans la chambre hyperbare. L\u2019affichage des valeurs s\u2019effectue via le syst\u00e8me HAUX-DECOMAT, ou bien via un afficheur ind\u00e9pendant. Un signal sonore ou visuel est \u00e9mis en cas de d\u00e9passement de la valeur limite.<\/p>\n<p>[\/et_pb_accordion_item][\/et_pb_accordion][\/et_pb_column][\/et_pb_row][\/et_pb_section]<\/p>\n","protected":false},"excerpt":{"rendered":"<p>Appareils de mesure et d\u2019analyse Composants pour votre syst\u00e8me Les appareils de mesure et d\u2019analyse HAUX permettent la surveillance de divers param\u00e8tres tels que le taux d\u2019oxyg\u00e8ne ou de dioxyde de carbone \u00e0 l\u2019int\u00e9rieur d\u2019un syst\u00e8me hyperbare. Un taux d\u2019oxyg\u00e8ne trop \u00e9lev\u00e9 \u00e0 l\u2019int\u00e9rieur d\u2019une chambre d\u2019OHB augmente le risque d\u2019incendie! Le syst\u00e8me de mesure [&hellip;]<\/p>\n","protected":false},"author":1,"featured_media":0,"parent":240526,"menu_order":10,"comment_status":"closed","ping_status":"closed","template":"","meta":{"_et_pb_use_builder":"on","_et_pb_old_content":"","_et_gb_content_width":"","_relevanssi_hide_post":"","_relevanssi_hide_content":"","_relevanssi_pin_for_all":"","_relevanssi_pin_keywords":"","_relevanssi_unpin_keywords":"","_relevanssi_related_keywords":"","_relevanssi_related_include_ids":"","_relevanssi_related_exclude_ids":"","_relevanssi_related_no_append":"","_relevanssi_related_not_related":"","_relevanssi_related_posts":"","_relevanssi_noindex_reason":"","footnotes":""},"class_list":["post-240528","page","type-page","status-publish","hentry"],"_links":{"self":[{"href":"https:\/\/hauxlifesupport.de\/fr\/wp-json\/wp\/v2\/pages\/240528","targetHints":{"allow":["GET"]}}],"collection":[{"href":"https:\/\/hauxlifesupport.de\/fr\/wp-json\/wp\/v2\/pages"}],"about":[{"href":"https:\/\/hauxlifesupport.de\/fr\/wp-json\/wp\/v2\/types\/page"}],"author":[{"embeddable":true,"href":"https:\/\/hauxlifesupport.de\/fr\/wp-json\/wp\/v2\/users\/1"}],"replies":[{"embeddable":true,"href":"https:\/\/hauxlifesupport.de\/fr\/wp-json\/wp\/v2\/comments?post=240528"}],"version-history":[{"count":7,"href":"https:\/\/hauxlifesupport.de\/fr\/wp-json\/wp\/v2\/pages\/240528\/revisions"}],"predecessor-version":[{"id":241990,"href":"https:\/\/hauxlifesupport.de\/fr\/wp-json\/wp\/v2\/pages\/240528\/revisions\/241990"}],"up":[{"embeddable":true,"href":"https:\/\/hauxlifesupport.de\/fr\/wp-json\/wp\/v2\/pages\/240526"}],"wp:attachment":[{"href":"https:\/\/hauxlifesupport.de\/fr\/wp-json\/wp\/v2\/media?parent=240528"}],"curies":[{"name":"wp","href":"https:\/\/api.w.org\/{rel}","templated":true}]}}