{"id":240479,"date":"2023-06-26T11:01:42","date_gmt":"2023-06-26T09:01:42","guid":{"rendered":"https:\/\/hauxlifesupport.de\/?page_id=240479"},"modified":"2023-10-11T13:17:38","modified_gmt":"2023-10-11T11:17:38","slug":"chambres-hyperbares-haux-pour-la-plongee","status":"publish","type":"page","link":"https:\/\/hauxlifesupport.de\/fr\/produits\/systemes-de-plongee\/chambres-hyperbares-haux-pour-la-plongee\/","title":{"rendered":"Chambres Hyperbares HAUX pour la plong\u00e9e"},"content":{"rendered":"<p>[et_pb_section fb_built=\u00a0\u00bb1&Prime; admin_label=\u00a0\u00bbSlider\u00a0\u00bb _builder_version=\u00a0\u00bb4.21.0&Prime; _module_preset=\u00a0\u00bbdefault\u00a0\u00bb width=\u00a0\u00bb100%\u00a0\u00bb max_width=\u00a0\u00bb100%\u00a0\u00bb custom_padding=\u00a0\u00bb0px||0px||false|false\u00a0\u00bb custom_padding_tablet=\u00a0\u00bb0px||0px||false|false\u00a0\u00bb custom_padding_phone=\u00a0\u00bb0px||0px||false|false\u00a0\u00bb global_colors_info=\u00a0\u00bb{}\u00a0\u00bb][et_pb_row _builder_version=\u00a0\u00bb4.21.0&Prime; _module_preset=\u00a0\u00bbdefault\u00a0\u00bb background_enable_color=\u00a0\u00bboff\u00a0\u00bb width=\u00a0\u00bb100%\u00a0\u00bb width_tablet=\u00a0\u00bb100%\u00a0\u00bb width_phone=\u00a0\u00bb100%\u00a0\u00bb width_last_edited=\u00a0\u00bbon|desktop\u00a0\u00bb max_width=\u00a0\u00bb100%\u00a0\u00bb module_alignment=\u00a0\u00bbleft\u00a0\u00bb custom_margin=\u00a0\u00bb0px||0px||false|false\u00a0\u00bb custom_margin_tablet=\u00a0\u00bb|0px||0px|false|false\u00a0\u00bb custom_padding=\u00a0\u00bb0px||0px||false|false\u00a0\u00bb custom_padding_tablet=\u00a0\u00bb|0px||0px|false|true\u00a0\u00bb global_colors_info=\u00a0\u00bb{}\u00a0\u00bb][et_pb_column type=\u00a0\u00bb4_4&Prime; _builder_version=\u00a0\u00bb4.21.0&Prime; _module_preset=\u00a0\u00bbdefault\u00a0\u00bb background_enable_color=\u00a0\u00bboff\u00a0\u00bb global_colors_info=\u00a0\u00bb{}\u00a0\u00bb][et_pb_slider _builder_version=\u00a0\u00bb4.21.0&Prime; _module_preset=\u00a0\u00bbdefault\u00a0\u00bb custom_padding_tablet=\u00a0\u00bb180px|0px|180px|0px|false|false\u00a0\u00bb hover_enabled=\u00a0\u00bb0&Prime; header_font_size_tablet=\u00a0\u00bb\u00a0\u00bb header_font_size_phone=\u00a0\u00bb39px\u00a0\u00bb header_font_size_last_edited=\u00a0\u00bbon|tablet\u00a0\u00bb body_font_size_phone=\u00a0\u00bb39px\u00a0\u00bb global_colors_info=\u00a0\u00bb{}\u00a0\u00bb sticky_enabled=\u00a0\u00bb0&Prime;][et_pb_slide _builder_version=\u00a0\u00bb4.21.0&Prime; _module_preset=\u00a0\u00bbdefault\u00a0\u00bb background_image=\u00a0\u00bbhttps:\/\/hauxlifesupport.de\/wp-content\/uploads\/2023\/10\/Produkte_Tauchtechnik_Unterpunkte.jpg\u00a0\u00bb custom_padding=\u00a0\u00bb|0px||0px|false|false\u00a0\u00bb hover_enabled=\u00a0\u00bb0&Prime; global_colors_info=\u00a0\u00bb{}\u00a0\u00bb sticky_transition=\u00a0\u00bbon\u00a0\u00bb title_text=\u00a0\u00bbProdukte_Tauchtechnik_Unterpunkte\u00a0\u00bb sticky_enabled=\u00a0\u00bb0&Prime;][\/et_pb_slide][\/et_pb_slider][\/et_pb_column][\/et_pb_row][\/et_pb_section][et_pb_section fb_built=\u00a0\u00bb1&Prime; admin_label=\u00a0\u00bbWillkommen\u00a0\u00bb _builder_version=\u00a0\u00bb4.21.0&Prime; _module_preset=\u00a0\u00bbdefault\u00a0\u00bb global_colors_info=\u00a0\u00bb{}\u00a0\u00bb][et_pb_row _builder_version=\u00a0\u00bb4.21.0&Prime; _module_preset=\u00a0\u00bb_initial\u00a0\u00bb custom_margin_tablet=\u00a0\u00bb||0px||false|false\u00a0\u00bb custom_margin_phone=\u00a0\u00bb||0px||false|false\u00a0\u00bb custom_margin_last_edited=\u00a0\u00bbon|phone\u00a0\u00bb custom_padding_tablet=\u00a0\u00bb||0px||false|false\u00a0\u00bb custom_padding_phone=\u00a0\u00bb||0px||false|false\u00a0\u00bb global_colors_info=\u00a0\u00bb{}\u00a0\u00bb][et_pb_column type=\u00a0\u00bb4_4&Prime; _builder_version=\u00a0\u00bb4.21.0&Prime; _module_preset=\u00a0\u00bbdefault\u00a0\u00bb global_colors_info=\u00a0\u00bb{}\u00a0\u00bb][et_pb_text _builder_version=\u00a0\u00bb4.21.0&Prime; _module_preset=\u00a0\u00bbdefault\u00a0\u00bb global_colors_info=\u00a0\u00bb{}\u00a0\u00bb]<\/p>\n<h2 class=\"\"><strong>Innovation, exp\u00e9rience, qualit\u00e9<\/strong><\/h2>\n<h2><span style=\"text-decoration: underline;\">Chambres hyperbares HAUX pour la plong\u00e9e<\/span><strong><\/strong><span style=\"text-decoration: underline;\"><\/span><\/h2>\n<p>[\/et_pb_text][\/et_pb_column][\/et_pb_row][et_pb_row _builder_version=\u00a0\u00bb4.21.0&Prime; _module_preset=\u00a0\u00bb_initial\u00a0\u00bb global_colors_info=\u00a0\u00bb{}\u00a0\u00bb][et_pb_column type=\u00a0\u00bb4_4&Prime; _builder_version=\u00a0\u00bb4.21.0&Prime; _module_preset=\u00a0\u00bbdefault\u00a0\u00bb global_colors_info=\u00a0\u00bb{}\u00a0\u00bb][et_pb_text _builder_version=\u00a0\u00bb4.21.0&Prime; _module_preset=\u00a0\u00bbdefault\u00a0\u00bb border_style_bottom=\u00a0\u00bbnone\u00a0\u00bb global_colors_info=\u00a0\u00bb{}\u00a0\u00bb]<\/p>\n<p>Toutes les unit\u00e9s de plongeurs, qu&rsquo;il s&rsquo;agisse de plong\u00e9e commerciale, de recherche scientifique, de police, de pompiers, de services de secours, de militaires ou d&rsquo;\u00e9coles de plong\u00e9e, trouveront parmi les nombreux produits HAUX le syst\u00e8me id\u00e9al. Nous proposons par exemple:<\/p>\n<ul>\n<li>Les chambres hyperbares monoplace et biplaces HAUX-TRANSSTAR, HAUX-MEDICOM et HAUX-MEDISTAR.<\/li>\n<li>Les unit\u00e9s mobiles HAUX-MEDISTAR et HAUX-MEDILOCK<\/li>\n<li>Les unit\u00e9s stationnaires HAUX-STARCOM, HAUX-ECOSTAR et HAUX-SPACESTAR<\/li>\n<\/ul>\n<p>Les Chambres Hyperbares pour plongeurs peuvent en principe \u00eatre utilis\u00e9es sous forme de syst\u00e8me mobile ou bien fixe dans un b\u00e2timent, mais aussi int\u00e9gr\u00e9es en conteneur, sur un navire, un camion ou une remorque.<\/p>\n<p>[\/et_pb_text][\/et_pb_column][\/et_pb_row][et_pb_row _builder_version=\u00a0\u00bb4.21.0&Prime; _module_preset=\u00a0\u00bb_initial\u00a0\u00bb global_colors_info=\u00a0\u00bb{}\u00a0\u00bb][et_pb_column type=\u00a0\u00bb4_4&Prime; _builder_version=\u00a0\u00bb4.21.0&Prime; _module_preset=\u00a0\u00bbdefault\u00a0\u00bb global_colors_info=\u00a0\u00bb{}\u00a0\u00bb][et_pb_accordion _builder_version=\u00a0\u00bb4.21.0&Prime; _module_preset=\u00a0\u00bbdefault\u00a0\u00bb global_colors_info=\u00a0\u00bb{}\u00a0\u00bb][et_pb_accordion_item title=\u00a0\u00bbHAUX-STARCOM\u00a0\u00bb open=\u00a0\u00bbon\u00a0\u00bb _builder_version=\u00a0\u00bb4.21.0&Prime; _module_preset=\u00a0\u00bbdefault\u00a0\u00bb global_colors_info=\u00a0\u00bb{}\u00a0\u00bb]<\/p>\n<p><img loading=\"lazy\" decoding=\"async\" src=\"https:\/\/hauxlifesupport.de\/wp-content\/uploads\/2023\/07\/HAUX-STARCOM_containerized_diving_recompression_chamber_500x375-300x226.jpg\" alt=\"\" class=\"wp-image-1438 alignnone size-medium\" width=\"300\" height=\"226\" title=\"\"><img loading=\"lazy\" decoding=\"async\" src=\"https:\/\/hauxlifesupport.de\/wp-content\/uploads\/2023\/07\/HAUX-STARCOM_1300_recompression_diving_chamber-300x249.jpg\" alt=\"\" class=\"wp-image-1434 alignnone size-medium\" width=\"300\" height=\"249\" title=\"\"><img loading=\"lazy\" decoding=\"async\" src=\"https:\/\/hauxlifesupport.de\/wp-content\/uploads\/2023\/07\/HAUX_STARCOM-1800_diving_recompression_chamber_control_station_fire-fighting-300x179.jpg\" alt=\"\" class=\"wp-image-1430 alignnone size-medium\" width=\"300\" height=\"179\" title=\"\"><\/p>\n<p>Le mod\u00e8le HAUX-STARCOM, gr\u00e2ce \u00e0 sa technologie \u00e0 fonds plats, offre une surface optimale \u00e0 ses occupants pour des dimensions ext\u00e9rieures r\u00e9duites. Cette chambre est par cons\u00e9quent adapt\u00e9e \u00e0 une conteneurisation mais \u00e9galement utilisable \u00e0 bord d\u2019un bateau. L\u2019op\u00e9rateur reste constamment en contact visuel avec les occupants de la chambre gr\u00e2ce au pupitre ancr\u00e9 sur la fa\u00e7ade et au hublot le surmontant.<\/p>\n<p>Principales caract\u00e9ristiques du HAUX-STARCOM:<\/p>\n<ul>\n<li>Pression standard de 5 \u00e0 50 bar<\/li>\n<li>Diam\u00e8tre de 900 \u00e0 2500 mm<\/li>\n<li>Technologie fonds plats pour un grand gain de place (existe aussi avec des parois incurv\u00e9es pour les hautes pressions et pour des questions de masse)<\/li>\n<li>Mat\u00e9riaux: acier, acier inoxydable ou alliage d&rsquo;aluminium r\u00e9sistant, inoxydable \u00e0 l&rsquo;eau de mer<br \/>Pupitre ergonomique, simple et s\u00fbr d&rsquo;utilisation, ancr\u00e9 au choix \u00e0 l&rsquo;extr\u00e9mit\u00e9 ou sur le c\u00f4t\u00e9 de la chambre<\/li>\n<\/ul>\n<p>Un grand choix d&rsquo;accessoires optionnels est disponible:<\/p>\n<ul>\n<li>Le syst\u00e8me anti-incendie HAUX-SPRAY-FOG<\/li>\n<li>Les programmes de commande HAUX-DECOMAT 4.0, HAUX-DECOSUPPORT<\/li>\n<li>Le syst\u00e8me de climatisation HAUX-HEATMASTER\/HAUX-COOLMASTER<\/li>\n<li>Des r\u00e9servoirs de gaz pressuris\u00e9 suppl\u00e9mentaires de taille r\u00e9duite install\u00e9s sur ou sous la chambre<\/li>\n<li>Des clamps isolants pour une \u00e9tanch\u00e9it\u00e9 optimale lors de la connexion de caissons transport de plongeurs (par exemple clamps \u00e0 ba\u00efonnette DIN\/NATO-STANAG)<\/li>\n<\/ul>\n<p>Selon les disponibilit\u00e9s, nous pouvons aussi proposer, en location, les chambres hyperbares en conteneur HAUX-STARCOM 2000\/5,5.<\/p>\n<p>[\/et_pb_accordion_item][et_pb_accordion_item title=\u00a0\u00bbHAUX-SPACE-STAR\u00a0\u00bb _builder_version=\u00a0\u00bb4.21.0&Prime; _module_preset=\u00a0\u00bbdefault\u00a0\u00bb global_colors_info=\u00a0\u00bb{}\u00a0\u00bb open=\u00a0\u00bboff\u00a0\u00bb]<\/p>\n<p><img loading=\"lazy\" decoding=\"async\" src=\"https:\/\/hauxlifesupport.de\/wp-content\/uploads\/2023\/07\/HAUX-SPACE-STAR_containerized_mine-hunter_diving_chamber_closeup.jpg\" alt=\"\" class=\"wp-image-1445 alignnone size-full\" width=\"500\" height=\"375\" title=\"\" srcset=\"https:\/\/hauxlifesupport.de\/wp-content\/uploads\/2023\/07\/HAUX-SPACE-STAR_containerized_mine-hunter_diving_chamber_closeup.jpg 500w, https:\/\/hauxlifesupport.de\/wp-content\/uploads\/2023\/07\/HAUX-SPACE-STAR_containerized_mine-hunter_diving_chamber_closeup-480x360.jpg 480w\" sizes=\"auto, (min-width: 0px) and (max-width: 480px) 480px, (min-width: 481px) 500px, 100vw\" \/> <img loading=\"lazy\" decoding=\"async\" src=\"https:\/\/hauxlifesupport.de\/wp-content\/uploads\/2023\/07\/HAUX-SPACE-STAR_containerized_mine-hunter_diving_chamber_container_row.jpg\" alt=\"\" class=\"wp-image-1449 alignnone size-full\" width=\"500\" height=\"375\" title=\"\" srcset=\"https:\/\/hauxlifesupport.de\/wp-content\/uploads\/2023\/07\/HAUX-SPACE-STAR_containerized_mine-hunter_diving_chamber_container_row.jpg 500w, https:\/\/hauxlifesupport.de\/wp-content\/uploads\/2023\/07\/HAUX-SPACE-STAR_containerized_mine-hunter_diving_chamber_container_row-480x360.jpg 480w\" sizes=\"auto, (min-width: 0px) and (max-width: 480px) 480px, (min-width: 481px) 500px, 100vw\" \/><\/p>\n<p>Avec sa signature magn\u00e9tique extr\u00eamement faible, la chambre hyperbare HAUX-SPACE-STAR 1300\/5,5 DOME est sp\u00e9cialement destin\u00e9e aux b\u00e2timents chasseurs de mine. Elle est construite dans un alliage d&rsquo;aluminium r\u00e9sistant, inoxydable \u00e0 l&rsquo;eau de mer ou en acier inoxydable r\u00e9sistant aux chocs et aux vibrations et dot\u00e9e d&rsquo;un design particuli\u00e8rement compact tout en ayant une forte redondance des \u00e9quipements.<\/p>\n<p>Elle existe aussi en conteneur avec un syst\u00e8me int\u00e9gr\u00e9 de compresseur et approvisionnement en gaz pressuris\u00e9, pour une utilisation autonome dans les unit\u00e9s mobiles de plongeurs.<\/p>\n<p>[\/et_pb_accordion_item][et_pb_accordion_item title=\u00a0\u00bbHAUX-ECOSTAR\u00a0\u00bb _builder_version=\u00a0\u00bb4.21.0&Prime; _module_preset=\u00a0\u00bbdefault\u00a0\u00bb global_colors_info=\u00a0\u00bb{}\u00a0\u00bb open=\u00a0\u00bboff\u00a0\u00bb]<\/p>\n<p><img loading=\"lazy\" decoding=\"async\" src=\"https:\/\/hauxlifesupport.de\/wp-content\/uploads\/2023\/07\/HAUX-ECOSTAR_2000_space_saving_recompression_chamber.jpg\" alt=\"\" class=\"wp-image-1454 alignnone size-full\" width=\"500\" height=\"375\" title=\"\" srcset=\"https:\/\/hauxlifesupport.de\/wp-content\/uploads\/2023\/07\/HAUX-ECOSTAR_2000_space_saving_recompression_chamber.jpg 500w, https:\/\/hauxlifesupport.de\/wp-content\/uploads\/2023\/07\/HAUX-ECOSTAR_2000_space_saving_recompression_chamber-480x360.jpg 480w\" sizes=\"auto, (min-width: 0px) and (max-width: 480px) 480px, (min-width: 481px) 500px, 100vw\" \/> <img loading=\"lazy\" decoding=\"async\" src=\"https:\/\/hauxlifesupport.de\/wp-content\/uploads\/2023\/07\/HAUX-ECOSTAR_2000_space_saving_recompression_chamber_containerized.jpg\" alt=\"\" class=\"wp-image-1459 alignnone size-full\" width=\"500\" height=\"375\" title=\"\" srcset=\"https:\/\/hauxlifesupport.de\/wp-content\/uploads\/2023\/07\/HAUX-ECOSTAR_2000_space_saving_recompression_chamber_containerized.jpg 500w, https:\/\/hauxlifesupport.de\/wp-content\/uploads\/2023\/07\/HAUX-ECOSTAR_2000_space_saving_recompression_chamber_containerized-480x360.jpg 480w\" sizes=\"auto, (min-width: 0px) and (max-width: 480px) 480px, (min-width: 481px) 500px, 100vw\" \/><\/p>\n<p>La chambre hyperbare HAUX-ECOSTAR, avec son diam\u00e8tre de 2000 mm, est d\u00e9riv\u00e9e de la gamme HAUX-STARCOM. Elle est tr\u00e8s \u00e9conome en place puisque le sas de transfert, avec un diam\u00e8tre de 1500 mm, est int\u00e9gr\u00e9 dans la chambre principale. Cela permet d&rsquo;agencer, dans un conteneur, une chambre de traitement d\u2019accident de plong\u00e9e de 2000 mm de diam\u00e8tre pour une longueur d&rsquo;\u00e0 peine plus de 2200 mm avec sas de transfert int\u00e9gr\u00e9 ainsi qu&rsquo;un compresseur et un syst\u00e8me d&rsquo;approvisionnement en gaz comprim\u00e9.<\/p>\n<p>[\/et_pb_accordion_item][et_pb_accordion_item title=\u00a0\u00bbHAUX-MODULSTAR\u00a0\u00bb _builder_version=\u00a0\u00bb4.21.0&Prime; _module_preset=\u00a0\u00bbdefault\u00a0\u00bb global_colors_info=\u00a0\u00bb{}\u00a0\u00bb open=\u00a0\u00bboff\u00a0\u00bb]<\/p>\n<p><img loading=\"lazy\" decoding=\"async\" src=\"https:\/\/hauxlifesupport.de\/wp-content\/uploads\/2023\/07\/HAUX-MODULSTAR_modular_diving_chamber_control-station_red.jpg\" alt=\"\" class=\"wp-image-1471 alignnone size-full\" width=\"500\" height=\"375\" title=\"\" srcset=\"https:\/\/hauxlifesupport.de\/wp-content\/uploads\/2023\/07\/HAUX-MODULSTAR_modular_diving_chamber_control-station_red.jpg 500w, https:\/\/hauxlifesupport.de\/wp-content\/uploads\/2023\/07\/HAUX-MODULSTAR_modular_diving_chamber_control-station_red-480x360.jpg 480w\" sizes=\"auto, (min-width: 0px) and (max-width: 480px) 480px, (min-width: 481px) 500px, 100vw\" \/> <img loading=\"lazy\" decoding=\"async\" src=\"https:\/\/hauxlifesupport.de\/wp-content\/uploads\/2023\/07\/HAUX-MODULSTAR_modular_diving_chamber_control-station_montage.jpg\" alt=\"\" class=\"wp-image-1467 alignnone size-full\" width=\"500\" height=\"375\" title=\"\" srcset=\"https:\/\/hauxlifesupport.de\/wp-content\/uploads\/2023\/07\/HAUX-MODULSTAR_modular_diving_chamber_control-station_montage.jpg 500w, https:\/\/hauxlifesupport.de\/wp-content\/uploads\/2023\/07\/HAUX-MODULSTAR_modular_diving_chamber_control-station_montage-480x360.jpg 480w\" sizes=\"auto, (min-width: 0px) and (max-width: 480px) 480px, (min-width: 481px) 500px, 100vw\" \/> <img loading=\"lazy\" decoding=\"async\" src=\"https:\/\/hauxlifesupport.de\/wp-content\/uploads\/2023\/07\/HAUX-MODULSTAR_modular_diving_chamber_containerized_air-tanks.jpg\" alt=\"\" class=\"wp-image-1463 alignnone size-full\" width=\"500\" height=\"375\" title=\"\" srcset=\"https:\/\/hauxlifesupport.de\/wp-content\/uploads\/2023\/07\/HAUX-MODULSTAR_modular_diving_chamber_containerized_air-tanks.jpg 500w, https:\/\/hauxlifesupport.de\/wp-content\/uploads\/2023\/07\/HAUX-MODULSTAR_modular_diving_chamber_containerized_air-tanks-480x360.jpg 480w\" sizes=\"auto, (min-width: 0px) and (max-width: 480px) 480px, (min-width: 481px) 500px, 100vw\" \/><\/p>\n<p>Le syst\u00e8me HAUX-MODULSTAR est d\u00e9riv\u00e9 de la gamme HAUX-STARCOM. Gr\u00e2ce \u00e0 sa construction modulaire, cette chambre hyperbare peut \u00eatre adapt\u00e9e \u00e0 tout type de missions. Elle peut par exemple \u00eatre connect\u00e9e \u00e0 une autre chambre via un syst\u00e8me de sas int\u00e9gr\u00e9, la transformant ainsi en une chambre \u00e0 deux, voire trois compartiments.<\/p>\n<p>Gr\u00e2ce \u00e0 son d\u00e9montage ais\u00e9, la chambre HAUX-MODULSTAR peut \u00eatre install\u00e9e sans probl\u00e8me dans des espaces \u00e9troits comme les navires par exemple.<\/p>\n<p>[\/et_pb_accordion_item][et_pb_accordion_item title=\u00a0\u00bbHAUX-MEDISTAR\/MEDILOCK\u00a0\u00bb _builder_version=\u00a0\u00bb4.21.0&Prime; _module_preset=\u00a0\u00bbdefault\u00a0\u00bb global_colors_info=\u00a0\u00bb{}\u00a0\u00bb open=\u00a0\u00bboff\u00a0\u00bb]<\/p>\n<p><img loading=\"lazy\" decoding=\"async\" src=\"https:\/\/hauxlifesupport.de\/wp-content\/uploads\/2023\/07\/HAUX-MEDISTAR-MEDILOCK_two-person_transport_recompression_chambers_docked.jpg\" alt=\"\" class=\"wp-image-1479 alignnone size-full\" width=\"500\" height=\"404\" title=\"\" srcset=\"https:\/\/hauxlifesupport.de\/wp-content\/uploads\/2023\/07\/HAUX-MEDISTAR-MEDILOCK_two-person_transport_recompression_chambers_docked.jpg 500w, https:\/\/hauxlifesupport.de\/wp-content\/uploads\/2023\/07\/HAUX-MEDISTAR-MEDILOCK_two-person_transport_recompression_chambers_docked-480x388.jpg 480w\" sizes=\"auto, (min-width: 0px) and (max-width: 480px) 480px, (min-width: 481px) 500px, 100vw\" \/> <img loading=\"lazy\" decoding=\"async\" src=\"https:\/\/hauxlifesupport.de\/wp-content\/uploads\/2023\/07\/HAUX-MEDISTAR_transport_recompression_chamber_container_docked.jpg\" alt=\"\" class=\"wp-image-1475 alignnone size-full\" width=\"500\" height=\"375\" title=\"\" srcset=\"https:\/\/hauxlifesupport.de\/wp-content\/uploads\/2023\/07\/HAUX-MEDISTAR_transport_recompression_chamber_container_docked.jpg 500w, https:\/\/hauxlifesupport.de\/wp-content\/uploads\/2023\/07\/HAUX-MEDISTAR_transport_recompression_chamber_container_docked-480x360.jpg 480w\" sizes=\"auto, (min-width: 0px) and (max-width: 480px) 480px, (min-width: 481px) 500px, 100vw\" \/><br \/>La chambre hyperbare HAUX-MEDISTAR peut \u00eatre convertie en syst\u00e8me de chambre de traitement complet, compos\u00e9 d&rsquo;un sas de transfert et d&rsquo;une chambre principale gr\u00e2ce \u00e0 adjonction du module HAUX-MEDILOCK.<\/p>\n<p>L&rsquo;entr\u00e9e et la sortie d&rsquo;un m\u00e9decin ou d&rsquo;un accompagnant peut ainsi se faire sans changement de pression pour la personne accident\u00e9e.<\/p>\n<p>[\/et_pb_accordion_item][et_pb_accordion_item title=\u00a0\u00bbHAUX-MEDICOM\u00a0\u00bb _builder_version=\u00a0\u00bb4.21.0&Prime; _module_preset=\u00a0\u00bbdefault\u00a0\u00bb global_colors_info=\u00a0\u00bb{}\u00a0\u00bb open=\u00a0\u00bboff\u00a0\u00bb]<\/p>\n<p><img loading=\"lazy\" decoding=\"async\" src=\"https:\/\/hauxlifesupport.de\/wp-content\/uploads\/2023\/07\/HAUX-MEDICOM_3D_500x500.jpg\" alt=\"\" class=\"wp-image-1487 alignnone size-full\" width=\"500\" height=\"465\" title=\"\" srcset=\"https:\/\/hauxlifesupport.de\/wp-content\/uploads\/2023\/07\/HAUX-MEDICOM_3D_500x500.jpg 500w, https:\/\/hauxlifesupport.de\/wp-content\/uploads\/2023\/07\/HAUX-MEDICOM_3D_500x500-480x446.jpg 480w\" sizes=\"auto, (min-width: 0px) and (max-width: 480px) 480px, (min-width: 481px) 500px, 100vw\" \/> <img loading=\"lazy\" decoding=\"async\" src=\"https:\/\/hauxlifesupport.de\/wp-content\/uploads\/2023\/07\/Medicom-Heli-mit-Kammer_I.jpg\" alt=\"\" class=\"wp-image-1491 alignnone size-full\" width=\"580\" height=\"375\" title=\"\" srcset=\"https:\/\/hauxlifesupport.de\/wp-content\/uploads\/2023\/07\/Medicom-Heli-mit-Kammer_I.jpg 580w, https:\/\/hauxlifesupport.de\/wp-content\/uploads\/2023\/07\/Medicom-Heli-mit-Kammer_I-480x310.jpg 480w\" sizes=\"auto, (min-width: 0px) and (max-width: 480px) 480px, (min-width: 481px) 580px, 100vw\" \/> <img loading=\"lazy\" decoding=\"async\" src=\"https:\/\/hauxlifesupport.de\/wp-content\/uploads\/2023\/07\/DSCN8804_medicom_korea2952_www_500x400.jpg\" alt=\"\" class=\"wp-image-1483 alignnone size-full\" width=\"500\" height=\"446\" title=\"\" srcset=\"https:\/\/hauxlifesupport.de\/wp-content\/uploads\/2023\/07\/DSCN8804_medicom_korea2952_www_500x400.jpg 500w, https:\/\/hauxlifesupport.de\/wp-content\/uploads\/2023\/07\/DSCN8804_medicom_korea2952_www_500x400-480x428.jpg 480w\" sizes=\"auto, (min-width: 0px) and (max-width: 480px) 480px, (min-width: 481px) 500px, 100vw\" \/><\/p>\n<p>HAUX-MEDICOM est une chambre hyperbare transportable pour deux personnes (le plongeur accident\u00e9 et un accompagnateur) permettant le transport vers une autre chambre de traitement hyperbare. Elle int\u00e8gre un approvisionnement en gaz.<\/p>\n<p>Elle est \u00e9quip\u00e9e d&rsquo;un clamp \u00e0 ba\u00efonnette DIN\/NATO, d&rsquo;un pupitre compact muni d&rsquo;un manom\u00e8tre de pr\u00e9cision, d&rsquo;un interphone, du syst\u00e8me de commande de pression HAUX-MINISTARVALVE, du syst\u00e8me de ventilation HAUX-VENTMASTER, d\u2019un sas \u00e0 m\u00e9dicaments, de deux hublots et d&rsquo;un syst\u00e8me d\u2019inhalation d&rsquo;oxyg\u00e8ne. La pression standard est de 5,5 \u00e0 8 bar.<\/p>\n<p>En option : syst\u00e8me LIFE-SUPPORT pour un fonctionnement en circuit ferm\u00e9 ou semi-ferm\u00e9, batterie, \u00e9clairage, chariot mobile, r\u00e9servoirs de gaz comprim\u00e9 suppl\u00e9mentaires, commande par ordinateur et bien d&rsquo;autres \u00e9quipements.<\/p>\n<p>[\/et_pb_accordion_item][et_pb_accordion_item title=\u00a0\u00bbHAUX-TRANSSTAR\u00a0\u00bb _builder_version=\u00a0\u00bb4.21.0&Prime; _module_preset=\u00a0\u00bbdefault\u00a0\u00bb global_colors_info=\u00a0\u00bb{}\u00a0\u00bb open=\u00a0\u00bboff\u00a0\u00bb]<\/p>\n<p><img loading=\"lazy\" decoding=\"async\" src=\"https:\/\/hauxlifesupport.de\/wp-content\/uploads\/2023\/07\/HAUX-TRANSSTAR_monoplace_transport_diving_chamber_open.jpg\" alt=\"\" class=\"wp-image-1499 alignnone size-full\" width=\"500\" height=\"375\" title=\"\" srcset=\"https:\/\/hauxlifesupport.de\/wp-content\/uploads\/2023\/07\/HAUX-TRANSSTAR_monoplace_transport_diving_chamber_open.jpg 500w, https:\/\/hauxlifesupport.de\/wp-content\/uploads\/2023\/07\/HAUX-TRANSSTAR_monoplace_transport_diving_chamber_open-480x360.jpg 480w\" sizes=\"auto, (min-width: 0px) and (max-width: 480px) 480px, (min-width: 481px) 500px, 100vw\" \/> <img loading=\"lazy\" decoding=\"async\" src=\"https:\/\/hauxlifesupport.de\/wp-content\/uploads\/2023\/07\/HAUX-TRANSSTAR_monoplace_transport_diving_chamber_closed.jpg\" alt=\"\" class=\"wp-image-1495 alignnone size-full\" width=\"500\" height=\"375\" title=\"\" srcset=\"https:\/\/hauxlifesupport.de\/wp-content\/uploads\/2023\/07\/HAUX-TRANSSTAR_monoplace_transport_diving_chamber_closed.jpg 500w, https:\/\/hauxlifesupport.de\/wp-content\/uploads\/2023\/07\/HAUX-TRANSSTAR_monoplace_transport_diving_chamber_closed-480x360.jpg 480w\" sizes=\"auto, (min-width: 0px) and (max-width: 480px) 480px, (min-width: 481px) 500px, 100vw\" \/><\/p>\n<p>HAUX-TRANSSTAR est une chambre hyperbare transportable pour une personne.<\/p>\n<p>Elle est \u00e9quip\u00e9e d&rsquo;un clamp \u00e0 ba\u00efonnette DIN\/NATO, d&rsquo;un pupitre compact muni d&rsquo;un manom\u00e8tre de pr\u00e9cision, d&rsquo;un interphone, du syst\u00e8me de commande de pression HAUX-MINISTARVALVE, de sas \u00e0 m\u00e9dicaments, de deux hublots et d&rsquo;un syst\u00e8me d\u2019inhalation oxyg\u00e8ne. La pression standard est de 5,5 \u00e0 8 bar.<\/p>\n<p>[\/et_pb_accordion_item][\/et_pb_accordion][\/et_pb_column][\/et_pb_row][\/et_pb_section]<\/p>\n","protected":false},"excerpt":{"rendered":"<p>Innovation, exp\u00e9rience, qualit\u00e9 Chambres hyperbares HAUX pour la plong\u00e9eToutes les unit\u00e9s de plongeurs, qu&rsquo;il s&rsquo;agisse de plong\u00e9e commerciale, de recherche scientifique, de police, de pompiers, de services de secours, de militaires ou d&rsquo;\u00e9coles de plong\u00e9e, trouveront parmi les nombreux produits HAUX le syst\u00e8me id\u00e9al. Nous proposons par exemple: Les chambres hyperbares monoplace et biplaces HAUX-TRANSSTAR, [&hellip;]<\/p>\n","protected":false},"author":1,"featured_media":0,"parent":240388,"menu_order":10,"comment_status":"closed","ping_status":"closed","template":"","meta":{"_et_pb_use_builder":"on","_et_pb_old_content":"","_et_gb_content_width":"","_relevanssi_hide_post":"","_relevanssi_hide_content":"","_relevanssi_pin_for_all":"","_relevanssi_pin_keywords":"","_relevanssi_unpin_keywords":"","_relevanssi_related_keywords":"","_relevanssi_related_include_ids":"","_relevanssi_related_exclude_ids":"","_relevanssi_related_no_append":"","_relevanssi_related_not_related":"","_relevanssi_related_posts":"","_relevanssi_noindex_reason":"","footnotes":""},"class_list":["post-240479","page","type-page","status-publish","hentry"],"_links":{"self":[{"href":"https:\/\/hauxlifesupport.de\/fr\/wp-json\/wp\/v2\/pages\/240479","targetHints":{"allow":["GET"]}}],"collection":[{"href":"https:\/\/hauxlifesupport.de\/fr\/wp-json\/wp\/v2\/pages"}],"about":[{"href":"https:\/\/hauxlifesupport.de\/fr\/wp-json\/wp\/v2\/types\/page"}],"author":[{"embeddable":true,"href":"https:\/\/hauxlifesupport.de\/fr\/wp-json\/wp\/v2\/users\/1"}],"replies":[{"embeddable":true,"href":"https:\/\/hauxlifesupport.de\/fr\/wp-json\/wp\/v2\/comments?post=240479"}],"version-history":[{"count":7,"href":"https:\/\/hauxlifesupport.de\/fr\/wp-json\/wp\/v2\/pages\/240479\/revisions"}],"predecessor-version":[{"id":241948,"href":"https:\/\/hauxlifesupport.de\/fr\/wp-json\/wp\/v2\/pages\/240479\/revisions\/241948"}],"up":[{"embeddable":true,"href":"https:\/\/hauxlifesupport.de\/fr\/wp-json\/wp\/v2\/pages\/240388"}],"wp:attachment":[{"href":"https:\/\/hauxlifesupport.de\/fr\/wp-json\/wp\/v2\/media?parent=240479"}],"curies":[{"name":"wp","href":"https:\/\/api.w.org\/{rel}","templated":true}]}}