{"id":240390,"date":"2023-06-26T11:08:37","date_gmt":"2023-06-26T09:08:37","guid":{"rendered":"https:\/\/hauxlifesupport.de\/?page_id=240390"},"modified":"2023-10-10T14:36:11","modified_gmt":"2023-10-10T12:36:11","slug":"sas-tunneliers","status":"publish","type":"page","link":"https:\/\/hauxlifesupport.de\/fr\/produits\/sas-tunneliers\/","title":{"rendered":"Sas tunneliers"},"content":{"rendered":"<p>[et_pb_section fb_built=\u00a0\u00bb1&Prime; admin_label=\u00a0\u00bbSlider\u00a0\u00bb _builder_version=\u00a0\u00bb4.21.0&Prime; _module_preset=\u00a0\u00bbf2843d24-ad56-442f-a9e1-e3041953524c\u00a0\u00bb width=\u00a0\u00bb100%\u00a0\u00bb max_width=\u00a0\u00bb100%\u00a0\u00bb custom_padding=\u00a0\u00bb0px||0px||false|false\u00a0\u00bb custom_padding_tablet=\u00a0\u00bb0px||0px||false|false\u00a0\u00bb custom_padding_phone=\u00a0\u00bb0px||0px||false|false\u00a0\u00bb global_colors_info=\u00a0\u00bb{}\u00a0\u00bb][et_pb_row _builder_version=\u00a0\u00bb4.21.0&Prime; _module_preset=\u00a0\u00bb7cb6190c-4283-41e8-bb8b-ae469157ed96&Prime; width=\u00a0\u00bb100%\u00a0\u00bb width_tablet=\u00a0\u00bb100%\u00a0\u00bb width_phone=\u00a0\u00bb100%\u00a0\u00bb width_last_edited=\u00a0\u00bbon|desktop\u00a0\u00bb max_width=\u00a0\u00bb100%\u00a0\u00bb module_alignment=\u00a0\u00bbleft\u00a0\u00bb custom_margin=\u00a0\u00bb0px||0px||false|false\u00a0\u00bb custom_margin_tablet=\u00a0\u00bb|0px||0px|false|false\u00a0\u00bb custom_padding=\u00a0\u00bb0px||0px||false|false\u00a0\u00bb custom_padding_tablet=\u00a0\u00bb|0px||0px|false|true\u00a0\u00bb global_colors_info=\u00a0\u00bb{}\u00a0\u00bb][et_pb_column type=\u00a0\u00bb4_4&Prime; _builder_version=\u00a0\u00bb4.21.0&Prime; _module_preset=\u00a0\u00bbdefault\u00a0\u00bb global_colors_info=\u00a0\u00bb{}\u00a0\u00bb][et_pb_slider _builder_version=\u00a0\u00bb4.21.0&Prime; _module_preset=\u00a0\u00bbb8ceb8f1-18e1-4a30-87c9-e9b64e615132&Prime; custom_padding_tablet=\u00a0\u00bb180px|0px|180px|0px|false|false\u00a0\u00bb hover_enabled=\u00a0\u00bb0&Prime; header_font_size_tablet=\u00a0\u00bb\u00a0\u00bb header_font_size_phone=\u00a0\u00bb39px\u00a0\u00bb header_font_size_last_edited=\u00a0\u00bbon|tablet\u00a0\u00bb body_font_size_phone=\u00a0\u00bb39px\u00a0\u00bb global_colors_info=\u00a0\u00bb{}\u00a0\u00bb sticky_enabled=\u00a0\u00bb0&Prime;][et_pb_slide _builder_version=\u00a0\u00bb4.21.0&Prime; _module_preset=\u00a0\u00bb2dc5af35-e1f8-410a-afef-aba0a25e6ce5&Prime; background_image=\u00a0\u00bbhttps:\/\/hauxlifesupport.de\/wp-content\/uploads\/2023\/10\/Produkte_Tunnelbau_H_D.jpg\u00a0\u00bb custom_padding=\u00a0\u00bb|0px||0px|false|false\u00a0\u00bb hover_enabled=\u00a0\u00bb0&Prime; global_colors_info=\u00a0\u00bb{}\u00a0\u00bb sticky_transition=\u00a0\u00bbon\u00a0\u00bb title_text=\u00a0\u00bbProdukte_Tunnelbau_H_D\u00a0\u00bb sticky_enabled=\u00a0\u00bb0&Prime;][\/et_pb_slide][\/et_pb_slider][\/et_pb_column][\/et_pb_row][\/et_pb_section][et_pb_section fb_built=\u00a0\u00bb1&Prime; admin_label=\u00a0\u00bbWillkommen\u00a0\u00bb _builder_version=\u00a0\u00bb4.21.0&Prime; _module_preset=\u00a0\u00bbf2843d24-ad56-442f-a9e1-e3041953524c\u00a0\u00bb global_colors_info=\u00a0\u00bb{}\u00a0\u00bb][et_pb_row _builder_version=\u00a0\u00bb4.21.0&Prime; _module_preset=\u00a0\u00bb7cb6190c-4283-41e8-bb8b-ae469157ed96&Prime; custom_margin_tablet=\u00a0\u00bb||0px||false|false\u00a0\u00bb custom_margin_phone=\u00a0\u00bb||0px||false|false\u00a0\u00bb custom_margin_last_edited=\u00a0\u00bbon|phone\u00a0\u00bb custom_padding_tablet=\u00a0\u00bb||0px||false|false\u00a0\u00bb custom_padding_phone=\u00a0\u00bb||0px||false|false\u00a0\u00bb global_colors_info=\u00a0\u00bb{}\u00a0\u00bb][et_pb_column type=\u00a0\u00bb4_4&Prime; _builder_version=\u00a0\u00bb4.21.0&Prime; _module_preset=\u00a0\u00bbdefault\u00a0\u00bb global_colors_info=\u00a0\u00bb{}\u00a0\u00bb][et_pb_text _builder_version=\u00a0\u00bb4.21.0&Prime; _module_preset=\u00a0\u00bb1d6c08ce-9034-4863-b572-8d1f8fe79549&Prime; global_colors_info=\u00a0\u00bb{}\u00a0\u00bb]<\/p>\n<h1><strong>HAUX-LIFE-SUPPORT &#8211; G\u00e9nie civil et construction de tunnels<\/strong><\/h1>\n<h2><span style=\"text-decoration: underline;\">S\u00e9curit\u00e9, exp\u00e9rience, techniques robustes et innovantes<\/span><\/h2>\n<p>[\/et_pb_text][\/et_pb_column][\/et_pb_row][et_pb_row _builder_version=\u00a0\u00bb4.21.0&Prime; _module_preset=\u00a0\u00bb3cb11947-cb60-4ac8-b6e8-a249bbc44256&Prime; global_colors_info=\u00a0\u00bb{}\u00a0\u00bb][et_pb_column type=\u00a0\u00bb4_4&Prime; _builder_version=\u00a0\u00bb4.21.0&Prime; _module_preset=\u00a0\u00bbdefault\u00a0\u00bb global_colors_info=\u00a0\u00bb{}\u00a0\u00bb][et_pb_text _builder_version=\u00a0\u00bb4.21.0&Prime; _module_preset=\u00a0\u00bb5a82baeb-455d-473e-b1fb-a29db5629153&Prime; border_style_bottom=\u00a0\u00bbnone\u00a0\u00bb global_colors_info=\u00a0\u00bb{}\u00a0\u00bb]<\/p>\n<p>HAUX-LIFE-SUPPORT construit des sas pour le transfert de personnes et de mat\u00e9riel et des sas combin\u00e9s ainsi que des cloisons r\u00e9sistantes \u00e0 la pression, des portes-sas de grandes dimensions et des sas medicaux en utilisant des techniques robustes et modernes.<\/p>\n<p>Livraison rapide, flexibilit\u00e9 et rapport performance\/prix exceptionnel sont les points forts des constructions HAUX.<\/p>\n<p>[\/et_pb_text][\/et_pb_column][\/et_pb_row][et_pb_row _builder_version=\u00a0\u00bb4.21.0&Prime; _module_preset=\u00a0\u00bb3cb11947-cb60-4ac8-b6e8-a249bbc44256&Prime; global_colors_info=\u00a0\u00bb{}\u00a0\u00bb][et_pb_column type=\u00a0\u00bb4_4&Prime; _builder_version=\u00a0\u00bb4.21.0&Prime; _module_preset=\u00a0\u00bbdefault\u00a0\u00bb global_colors_info=\u00a0\u00bb{}\u00a0\u00bb][et_pb_accordion _builder_version=\u00a0\u00bb4.21.0&Prime; _module_preset=\u00a0\u00bbdefault\u00a0\u00bb global_colors_info=\u00a0\u00bb{}\u00a0\u00bb][et_pb_accordion_item title=\u00a0\u00bbHAUX-STARMED\/KD CHAMBRES DE TRAITEMENT M\u00c9DICAL\u00a0\u00bb open=\u00a0\u00bbon\u00a0\u00bb _builder_version=\u00a0\u00bb4.21.0&Prime; _module_preset=\u00a0\u00bbdefault\u00a0\u00bb global_colors_info=\u00a0\u00bb{}\u00a0\u00bb]<\/p>\n<p><img loading=\"lazy\" decoding=\"async\" src=\"https:\/\/hauxlifesupport.de\/wp-content\/uploads\/2023\/07\/HAUX-STARCOM-STARMED_KD_medical_tunnel_lock_containerized_500x375.jpg\" alt=\"\" class=\"wp-image-1994 alignnone size-full\" width=\"500\" height=\"375\" title=\"\" srcset=\"https:\/\/hauxlifesupport.de\/wp-content\/uploads\/2023\/07\/HAUX-STARCOM-STARMED_KD_medical_tunnel_lock_containerized_500x375.jpg 500w, https:\/\/hauxlifesupport.de\/wp-content\/uploads\/2023\/07\/HAUX-STARCOM-STARMED_KD_medical_tunnel_lock_containerized_500x375-480x360.jpg 480w\" sizes=\"auto, (min-width: 0px) and (max-width: 480px) 480px, (min-width: 481px) 500px, 100vw\" \/> <img loading=\"lazy\" decoding=\"async\" src=\"https:\/\/hauxlifesupport.de\/wp-content\/uploads\/2023\/07\/HAUX-STARMED_KD_6_medical_lock_tunneling_technology_interior_500x375.jpg\" alt=\"\" class=\"wp-image-1998 alignnone size-full\" width=\"500\" height=\"375\" title=\"\" srcset=\"https:\/\/hauxlifesupport.de\/wp-content\/uploads\/2023\/07\/HAUX-STARMED_KD_6_medical_lock_tunneling_technology_interior_500x375.jpg 500w, https:\/\/hauxlifesupport.de\/wp-content\/uploads\/2023\/07\/HAUX-STARMED_KD_6_medical_lock_tunneling_technology_interior_500x375-480x360.jpg 480w\" sizes=\"auto, (min-width: 0px) and (max-width: 480px) 480px, (min-width: 481px) 500px, 100vw\" \/><\/p>\n<p>Les chambres de traitement m\u00e9dical de type HAUX-STARMED\/KD sont utilis\u00e9es dans le monde entier sur des chantiers de g\u00e9nie civil et de construction de Tunnels, le plus souvent en tant que syst\u00e8me modulaire complet int\u00e9gr\u00e9 dans un conteneur. Cette chambre de traitement hyperbare sert aux soins d\u2019urgence pour travailleurs en milieu pressuris\u00e9 ou plongeurs victimes d\u2019accidents. Les syst\u00e8mes STARMED\/KD actuels ont un diam\u00e8tre de 2000 mm et une pression maximum de fonctionnement de 5 bar soit 50 m de profondeur.<\/p>\n<p>Des syst\u00e8mes sp\u00e9ciaux permettant d\u2019atteindre des pressions plus fortes ou encore d&rsquo;amarrer une chambre de transfert de personnes, sont r\u00e9alisables sur demande.<\/p>\n<p>Faites-nous part vos exigences et nous d\u00e9velopperons pour vous une solution optimale adapt\u00e9e \u00e0 vos besoins. Outre les \u00e9quipements standards, nous proposons un large \u00e9ventail de modules optionnels tels que: syst\u00e8me de climatisation, commande par ordinateur, production et r\u00e9serve d\u2019air et bien d\u2019autres encore.<\/p>\n<p>Selon les disponibilit\u00e9s, nous pouvons aussi proposer des syst\u00e8mes HAUX-STARMED d\u2019occasion ou en location.<\/p>\n<p>[\/et_pb_accordion_item][et_pb_accordion_item title=\u00a0\u00bbHAUX-TUNNELSTAR\/P SAS POUR LE TRANSFERT DE PERSONNES\u00a0\u00bb _builder_version=\u00a0\u00bb4.21.0&Prime; _module_preset=\u00a0\u00bbdefault\u00a0\u00bb global_colors_info=\u00a0\u00bb{}\u00a0\u00bb open=\u00a0\u00bboff\u00a0\u00bb]<\/p>\n<p><img loading=\"lazy\" decoding=\"async\" src=\"https:\/\/hauxlifesupport.de\/wp-content\/uploads\/2023\/07\/csm_HAUX-TUNNELSTAR_P_1800_double_cylindrical_chamber_tunnel_personnel_locks_8a44fda8aa.jpg\" alt=\"\" class=\"wp-image-2002 alignnone size-full\" width=\"386\" height=\"289\" title=\"\" srcset=\"https:\/\/hauxlifesupport.de\/wp-content\/uploads\/2023\/07\/csm_HAUX-TUNNELSTAR_P_1800_double_cylindrical_chamber_tunnel_personnel_locks_8a44fda8aa.jpg 386w, https:\/\/hauxlifesupport.de\/wp-content\/uploads\/2023\/07\/csm_HAUX-TUNNELSTAR_P_1800_double_cylindrical_chamber_tunnel_personnel_locks_8a44fda8aa-300x225.jpg 300w\" sizes=\"auto, (max-width: 386px) 100vw, 386px\" \/> <img loading=\"lazy\" decoding=\"async\" src=\"https:\/\/hauxlifesupport.de\/wp-content\/uploads\/2023\/07\/csm_HAUX-TUNNELSTAR_P_1800_series_production_tunneling_personnel_lock_building_site_2cdff37a2c.jpg\" alt=\"\" class=\"wp-image-2006 alignnone size-full\" width=\"386\" height=\"289\" title=\"\" srcset=\"https:\/\/hauxlifesupport.de\/wp-content\/uploads\/2023\/07\/csm_HAUX-TUNNELSTAR_P_1800_series_production_tunneling_personnel_lock_building_site_2cdff37a2c.jpg 386w, https:\/\/hauxlifesupport.de\/wp-content\/uploads\/2023\/07\/csm_HAUX-TUNNELSTAR_P_1800_series_production_tunneling_personnel_lock_building_site_2cdff37a2c-300x225.jpg 300w\" sizes=\"auto, (max-width: 386px) 100vw, 386px\" \/> <img loading=\"lazy\" decoding=\"async\" src=\"https:\/\/hauxlifesupport.de\/wp-content\/uploads\/2023\/07\/csm_HAUX-TUNNELSTAR_P_1500-1500_tunneling_personnel_lock_double_entry_eca80de05f.jpg\" alt=\"\" class=\"wp-image-2010 alignnone size-full\" width=\"386\" height=\"289\" title=\"\" srcset=\"https:\/\/hauxlifesupport.de\/wp-content\/uploads\/2023\/07\/csm_HAUX-TUNNELSTAR_P_1500-1500_tunneling_personnel_lock_double_entry_eca80de05f.jpg 386w, https:\/\/hauxlifesupport.de\/wp-content\/uploads\/2023\/07\/csm_HAUX-TUNNELSTAR_P_1500-1500_tunneling_personnel_lock_double_entry_eca80de05f-300x225.jpg 300w\" sizes=\"auto, (max-width: 386px) 100vw, 386px\" \/><\/p>\n<p>Les sas de type HAUX-TUNNELSTAR\/P sont construits suivant votre cahier des charges. Qu\u2019il s\u2019agisse de sas \u00e0 un, deux ou trois compartiments contenant de 2 \u00e0 40 personnes, jusqu&rsquo;\u00e0 des pressions de 10 bar et plus, faites-nous part de vos exigences, techniques et economiques et nous d\u00e9velopperons pour vous une solution optimale adapt\u00e9e \u00e0 vos besoins.<\/p>\n<p>Nous avons d\u00e9j\u00e0 r\u00e9alis\u00e9 plus de 350 syst\u00e8mes HAUX-TUNNELSTAR de toutes les formes et toutes les dimensions comme par exemple:<\/p>\n<ul>\n<li>Cylindre horizontal simple ou double,<\/li>\n<li>Escalier,<\/li>\n<li>Cylindre aplati,<\/li>\n<li>Cylindre vertical faisant office de sas<\/li>\n<li>Sas pour le transfert de personnes constitu\u00e9 de plusieurs parois r\u00e9sistantes \u00e0 la pression.<\/li>\n<\/ul>\n<p>Les Sas HAUX-TUNNELSTAR sont particuli\u00e8rement robustes, simples et facile d\u2019utilisation. Ils permettent une entr\u00e9e\/sortie ais\u00e9e dans l\u2019espace de travail. En plus des \u00e9quipements standards, nous vous proposons de nombreuses options, parmi lesquelles:<\/p>\n<ul>\n<li>Des portes circulaires et rectangulaires,<\/li>\n<li>Une prise d\u2019oxyg\u00e8ne \u00e9quip\u00e9e d\u2019un syst\u00e8me d\u2019analyse,<\/li>\n<li>Un syst\u00e8me de climatisation (chaud\/froid),<\/li>\n<li>Une commande par ordinateur et bien d\u2019autres options encore.<\/li>\n<li>Selon les disponibilit\u00e9s, nous pouvons aussi proposer des sas HAUX-TUNNELSTAR d\u2019occasion ou en location.<\/li>\n<\/ul>\n<p>Selon les disponibilit\u00e9s, nous pouvons aussi proposer des Sas HAUX-TUNNELSTAR d\u2019occasion ou en location.<\/p>\n<p>[\/et_pb_accordion_item][et_pb_accordion_item title=\u00a0\u00bbHAUX-TUNNELSTAR\/M SAS POUR LE TRANSFERT DE MAT\u00c9RIEL\u00a0\u00bb _builder_version=\u00a0\u00bb4.21.0&Prime; _module_preset=\u00a0\u00bbdefault\u00a0\u00bb global_colors_info=\u00a0\u00bb{}\u00a0\u00bb open=\u00a0\u00bboff\u00a0\u00bb]<\/p>\n<p><img loading=\"lazy\" decoding=\"async\" src=\"https:\/\/hauxlifesupport.de\/wp-content\/uploads\/2023\/07\/csm_HAUX-TUNNELSTAR_M_600_material_lock_tunnel_construction_London_5d079fb690.jpg\" alt=\"\" class=\"wp-image-2014 alignnone size-full\" width=\"386\" height=\"289\" title=\"\" srcset=\"https:\/\/hauxlifesupport.de\/wp-content\/uploads\/2023\/07\/csm_HAUX-TUNNELSTAR_M_600_material_lock_tunnel_construction_London_5d079fb690.jpg 386w, https:\/\/hauxlifesupport.de\/wp-content\/uploads\/2023\/07\/csm_HAUX-TUNNELSTAR_M_600_material_lock_tunnel_construction_London_5d079fb690-300x225.jpg 300w\" sizes=\"auto, (max-width: 386px) 100vw, 386px\" \/> <img loading=\"lazy\" decoding=\"async\" src=\"https:\/\/hauxlifesupport.de\/wp-content\/uploads\/2023\/07\/csm_HAUX-TUNNELSTAR_M_material_lock_tunnel_construction_master_door_workers_Luzern_825f38fa44.jpg\" alt=\"\" class=\"wp-image-2018 alignnone size-full\" width=\"386\" height=\"289\" title=\"\" srcset=\"https:\/\/hauxlifesupport.de\/wp-content\/uploads\/2023\/07\/csm_HAUX-TUNNELSTAR_M_material_lock_tunnel_construction_master_door_workers_Luzern_825f38fa44.jpg 386w, https:\/\/hauxlifesupport.de\/wp-content\/uploads\/2023\/07\/csm_HAUX-TUNNELSTAR_M_material_lock_tunnel_construction_master_door_workers_Luzern_825f38fa44-300x225.jpg 300w\" sizes=\"auto, (max-width: 386px) 100vw, 386px\" \/> <img loading=\"lazy\" decoding=\"async\" src=\"https:\/\/hauxlifesupport.de\/wp-content\/uploads\/2023\/07\/csm_HAUX-TUNNELSTAR_M_material_lock_tunnel_construction_building_site_Hamburg_382a92e1e3.jpg\" alt=\"\" class=\"wp-image-2022 alignnone size-full\" width=\"386\" height=\"450\" title=\"\" srcset=\"https:\/\/hauxlifesupport.de\/wp-content\/uploads\/2023\/07\/csm_HAUX-TUNNELSTAR_M_material_lock_tunnel_construction_building_site_Hamburg_382a92e1e3.jpg 386w, https:\/\/hauxlifesupport.de\/wp-content\/uploads\/2023\/07\/csm_HAUX-TUNNELSTAR_M_material_lock_tunnel_construction_building_site_Hamburg_382a92e1e3-257x300.jpg 257w\" sizes=\"auto, (max-width: 386px) 100vw, 386px\" \/><\/p>\n<p>Les sas de type HAUX-TUNNELSTAR\/M sont construits suivant votre cahier des charges.<\/p>\n<p>Qu\u2019il s\u2019agisse de sas horizontaux ou verticaux, \u00e0 profil rectangulaire ou constitu\u00e9s de plusieurs grandes portes-sas, pour des pressions de 5 bar et plus, faites-nous part de vos exigences et nous d\u00e9velopperons pour vous une solution optimale adapt\u00e9e \u00e0 vos besoins.<\/p>\n<p>Ces syst\u00e8mes sont particuli\u00e8rement robustes, simples et faciles d\u2019utilisation. Ils permettent une entr\u00e9e\/sortie ais\u00e9e du mat\u00e9riel dans l\u2019espace de travail.<\/p>\n<p>Outre les \u00e9quipements standards, nous proposons un large \u00e9ventail de modules optionnels tels que des portes circulaires ou rectangulaires, une commande SPS par ordinateur, un syst\u00e8me de rails rabattables et bien d\u2019autres options encore.<\/p>\n<p>Selon les disponibilit\u00e9s, nous pouvons aussi proposer des Sas HAUX-TUNNELSTAR\/M d\u2019occasion ou en location.<\/p>\n<p>[\/et_pb_accordion_item][et_pb_accordion_item title=\u00a0\u00bbPAROIS PRESSURIS\u00c9ES HAUX-TUNNELSTAR\/PW\u00a0\u00bb _builder_version=\u00a0\u00bb4.21.0&Prime; _module_preset=\u00a0\u00bbdefault\u00a0\u00bb global_colors_info=\u00a0\u00bb{}\u00a0\u00bb open=\u00a0\u00bboff\u00a0\u00bb]<\/p>\n<p><img loading=\"lazy\" decoding=\"async\" src=\"https:\/\/hauxlifesupport.de\/wp-content\/uploads\/2023\/07\/csm_HAUX-TUNNELSTAR_PW_pressure_wall_tunnel_personnel_transfer_lock_exterior_open_e4fe2fb570.jpg\" alt=\"\" class=\"wp-image-2026 alignnone size-full\" width=\"386\" height=\"289\" title=\"\" srcset=\"https:\/\/hauxlifesupport.de\/wp-content\/uploads\/2023\/07\/csm_HAUX-TUNNELSTAR_PW_pressure_wall_tunnel_personnel_transfer_lock_exterior_open_e4fe2fb570.jpg 386w, https:\/\/hauxlifesupport.de\/wp-content\/uploads\/2023\/07\/csm_HAUX-TUNNELSTAR_PW_pressure_wall_tunnel_personnel_transfer_lock_exterior_open_e4fe2fb570-300x225.jpg 300w\" sizes=\"auto, (max-width: 386px) 100vw, 386px\" \/> <img loading=\"lazy\" decoding=\"async\" src=\"https:\/\/hauxlifesupport.de\/wp-content\/uploads\/2023\/07\/csm_HAUX-TUNNELSTAR_PW_pressure_wall_tunnel_personnel_air_lock_exterior_closed_control_panel_b63278cbd5.jpg\" alt=\"\" class=\"wp-image-2030 alignnone size-full\" width=\"386\" height=\"289\" title=\"\" srcset=\"https:\/\/hauxlifesupport.de\/wp-content\/uploads\/2023\/07\/csm_HAUX-TUNNELSTAR_PW_pressure_wall_tunnel_personnel_air_lock_exterior_closed_control_panel_b63278cbd5.jpg 386w, https:\/\/hauxlifesupport.de\/wp-content\/uploads\/2023\/07\/csm_HAUX-TUNNELSTAR_PW_pressure_wall_tunnel_personnel_air_lock_exterior_closed_control_panel_b63278cbd5-300x225.jpg 300w\" sizes=\"auto, (max-width: 386px) 100vw, 386px\" \/> <img loading=\"lazy\" decoding=\"async\" src=\"https:\/\/hauxlifesupport.de\/wp-content\/uploads\/2023\/07\/csm_HAUX-TUNNELSTAR_PW_pressure_wall_tunnel_personnel_air_lock_cylindrical_chamber_interior_535d785df1.jpg\" alt=\"\" class=\"wp-image-2034 alignnone size-full\" width=\"386\" height=\"289\" title=\"\" srcset=\"https:\/\/hauxlifesupport.de\/wp-content\/uploads\/2023\/07\/csm_HAUX-TUNNELSTAR_PW_pressure_wall_tunnel_personnel_air_lock_cylindrical_chamber_interior_535d785df1.jpg 386w, https:\/\/hauxlifesupport.de\/wp-content\/uploads\/2023\/07\/csm_HAUX-TUNNELSTAR_PW_pressure_wall_tunnel_personnel_air_lock_cylindrical_chamber_interior_535d785df1-300x225.jpg 300w\" sizes=\"auto, (max-width: 386px) 100vw, 386px\" \/><\/p>\n<p>Gr\u00e2ce au syst\u00e8me HAUX-TUNNELSTAR\/PW, des sas pour le transfert de personnes en liaison, par exemple, avec la chambre de travail en b\u00e9ton pressuris\u00e9 de votre installation, peuvent \u00eatre r\u00e9alis\u00e9s, permettant ainsi l\u2019entr\u00e9e et la sortie de personnel et de mat\u00e9riel.<\/p>\n<p>Outre la possibilit\u00e9 de choisir toutes les dimensions, nous proposons un large \u00e9ventail d\u2019options tels que : portes circulaires ou rectangulaires, jeu de capteurs pour l\u2019affichage, enregistrement et commande de pression, prise d\u2019oxyg\u00e8ne \u00e9quip\u00e9e d\u2019un syst\u00e8me d\u2019analyse, syst\u00e8me de climatisation (chaud\/froid), commande par ordinateur et bien d\u2019autres options encore.<\/p>\n<p>[\/et_pb_accordion_item][et_pb_accordion_item title=\u00a0\u00bbPORTES\/SYST\u00c8MES D\u2019ACC\u00c8S HAUX-MASTERDOOR\u00a0\u00bb _builder_version=\u00a0\u00bb4.21.0&Prime; _module_preset=\u00a0\u00bbdefault\u00a0\u00bb global_colors_info=\u00a0\u00bb{}\u00a0\u00bb open=\u00a0\u00bboff\u00a0\u00bb]<\/p>\n<p><img loading=\"lazy\" decoding=\"async\" src=\"https:\/\/hauxlifesupport.de\/wp-content\/uploads\/2023\/07\/csm_HAUX-MASTERDOOR_large_air_lock_door_system_tunnel_construction_underground_rail_c2d11468df.jpg\" alt=\"\" class=\"wp-image-2038 alignnone size-full\" width=\"386\" height=\"289\" title=\"\" srcset=\"https:\/\/hauxlifesupport.de\/wp-content\/uploads\/2023\/07\/csm_HAUX-MASTERDOOR_large_air_lock_door_system_tunnel_construction_underground_rail_c2d11468df.jpg 386w, https:\/\/hauxlifesupport.de\/wp-content\/uploads\/2023\/07\/csm_HAUX-MASTERDOOR_large_air_lock_door_system_tunnel_construction_underground_rail_c2d11468df-300x225.jpg 300w\" sizes=\"auto, (max-width: 386px) 100vw, 386px\" \/> <img loading=\"lazy\" decoding=\"async\" src=\"https:\/\/hauxlifesupport.de\/wp-content\/uploads\/2023\/07\/csm_HAUX-MASTERDOOR_large_tunnel_door_system_two_doors_transport_loaded_e2f28fd4b5.jpg\" alt=\"\" class=\"wp-image-2043 alignnone size-full\" width=\"386\" height=\"289\" title=\"\" srcset=\"https:\/\/hauxlifesupport.de\/wp-content\/uploads\/2023\/07\/csm_HAUX-MASTERDOOR_large_tunnel_door_system_two_doors_transport_loaded_e2f28fd4b5.jpg 386w, https:\/\/hauxlifesupport.de\/wp-content\/uploads\/2023\/07\/csm_HAUX-MASTERDOOR_large_tunnel_door_system_two_doors_transport_loaded_e2f28fd4b5-300x225.jpg 300w\" sizes=\"auto, (max-width: 386px) 100vw, 386px\" \/> <img loading=\"lazy\" decoding=\"async\" src=\"https:\/\/hauxlifesupport.de\/wp-content\/uploads\/2023\/07\/csm_HAUX-MASTERDOOR_large_tunnel_air_lock_door_system_worker_in_front_of_door_572e4af463.jpg\" alt=\"\" class=\"wp-image-2047 alignnone size-full\" width=\"386\" height=\"289\" title=\"\" srcset=\"https:\/\/hauxlifesupport.de\/wp-content\/uploads\/2023\/07\/csm_HAUX-MASTERDOOR_large_tunnel_air_lock_door_system_worker_in_front_of_door_572e4af463.jpg 386w, https:\/\/hauxlifesupport.de\/wp-content\/uploads\/2023\/07\/csm_HAUX-MASTERDOOR_large_tunnel_air_lock_door_system_worker_in_front_of_door_572e4af463-300x225.jpg 300w\" sizes=\"auto, (max-width: 386px) 100vw, 386px\" \/><\/p>\n<p>Gr\u00e2ce au syst\u00e8me HAUX-MASTERDOOR, des Sas pour le transfert de mat\u00e9riel en liaison avec votre installation, par exemple avec un b\u00e2ti en b\u00e9ton pressuris\u00e9 peuvent \u00eatre r\u00e9alis\u00e9s permettant ainsi l\u2019entr\u00e9e et la sortie de trains tunneliers entiers ou d\u2019appareils de grandes dimensions tels que des pelleteuses ou des chargeuses \u00e0 roues.<\/p>\n<p>Nous disposons d\u2019un large choix d\u2019\u00e9quipements tels que des vannes de commande pour la mise sous pression et la d\u00e9pressurisation, une commande SPS par ordinateur, un syst\u00e8me de rails rabattables ainsi que des \u00e9quipements pour des Sas de transfert d\u2019urgence et bien d\u2019autres \u00e9quipements encore.<\/p>\n<p>Selon les disponibilit\u00e9s, nous pouvons aussi proposer des syst\u00e8mes HAUX-MASTERDOOR d\u2019occasion ou en location.<\/p>\n<p>[\/et_pb_accordion_item][\/et_pb_accordion][\/et_pb_column][\/et_pb_row][\/et_pb_section]<\/p>\n","protected":false},"excerpt":{"rendered":"<p>HAUX-LIFE-SUPPORT &#8211; G\u00e9nie civil et construction de tunnels S\u00e9curit\u00e9, exp\u00e9rience, techniques robustes et innovantesHAUX-LIFE-SUPPORT construit des sas pour le transfert de personnes et de mat\u00e9riel et des sas combin\u00e9s ainsi que des cloisons r\u00e9sistantes \u00e0 la pression, des portes-sas de grandes dimensions et des sas medicaux en utilisant des techniques robustes et modernes. Livraison rapide, [&hellip;]<\/p>\n","protected":false},"author":1,"featured_media":0,"parent":240379,"menu_order":130,"comment_status":"closed","ping_status":"closed","template":"","meta":{"_et_pb_use_builder":"on","_et_pb_old_content":"","_et_gb_content_width":"","_relevanssi_hide_post":"","_relevanssi_hide_content":"","_relevanssi_pin_for_all":"","_relevanssi_pin_keywords":"","_relevanssi_unpin_keywords":"","_relevanssi_related_keywords":"","_relevanssi_related_include_ids":"","_relevanssi_related_exclude_ids":"","_relevanssi_related_no_append":"","_relevanssi_related_not_related":"","_relevanssi_related_posts":"","_relevanssi_noindex_reason":"","footnotes":""},"class_list":["post-240390","page","type-page","status-publish","hentry"],"_links":{"self":[{"href":"https:\/\/hauxlifesupport.de\/fr\/wp-json\/wp\/v2\/pages\/240390","targetHints":{"allow":["GET"]}}],"collection":[{"href":"https:\/\/hauxlifesupport.de\/fr\/wp-json\/wp\/v2\/pages"}],"about":[{"href":"https:\/\/hauxlifesupport.de\/fr\/wp-json\/wp\/v2\/types\/page"}],"author":[{"embeddable":true,"href":"https:\/\/hauxlifesupport.de\/fr\/wp-json\/wp\/v2\/users\/1"}],"replies":[{"embeddable":true,"href":"https:\/\/hauxlifesupport.de\/fr\/wp-json\/wp\/v2\/comments?post=240390"}],"version-history":[{"count":8,"href":"https:\/\/hauxlifesupport.de\/fr\/wp-json\/wp\/v2\/pages\/240390\/revisions"}],"predecessor-version":[{"id":241879,"href":"https:\/\/hauxlifesupport.de\/fr\/wp-json\/wp\/v2\/pages\/240390\/revisions\/241879"}],"up":[{"embeddable":true,"href":"https:\/\/hauxlifesupport.de\/fr\/wp-json\/wp\/v2\/pages\/240379"}],"wp:attachment":[{"href":"https:\/\/hauxlifesupport.de\/fr\/wp-json\/wp\/v2\/media?parent=240390"}],"curies":[{"name":"wp","href":"https:\/\/api.w.org\/{rel}","templated":true}]}}