{"id":240388,"date":"2023-06-26T10:59:04","date_gmt":"2023-06-26T08:59:04","guid":{"rendered":"https:\/\/hauxlifesupport.de\/?page_id=240388"},"modified":"2026-03-04T13:50:43","modified_gmt":"2026-03-04T12:50:43","slug":"systemes-de-plongee","status":"publish","type":"page","link":"https:\/\/hauxlifesupport.de\/fr\/produits\/systemes-de-plongee\/","title":{"rendered":"Syst\u00e8mes de plong\u00e9e"},"content":{"rendered":"<p>[et_pb_section fb_built=\u00a0\u00bb1&Prime; admin_label=\u00a0\u00bbSlider\u00a0\u00bb _builder_version=\u00a0\u00bb4.21.0&Prime; _module_preset=\u00a0\u00bbf2843d24-ad56-442f-a9e1-e3041953524c\u00a0\u00bb width=\u00a0\u00bb100%\u00a0\u00bb max_width=\u00a0\u00bb100%\u00a0\u00bb custom_padding=\u00a0\u00bb0px||0px||false|false\u00a0\u00bb custom_padding_tablet=\u00a0\u00bb0px||0px||false|false\u00a0\u00bb custom_padding_phone=\u00a0\u00bb0px||0px||false|false\u00a0\u00bb global_colors_info=\u00a0\u00bb{}\u00a0\u00bb][et_pb_row _builder_version=\u00a0\u00bb4.21.0&Prime; _module_preset=\u00a0\u00bb7cb6190c-4283-41e8-bb8b-ae469157ed96&Prime; width=\u00a0\u00bb100%\u00a0\u00bb width_tablet=\u00a0\u00bb100%\u00a0\u00bb width_phone=\u00a0\u00bb100%\u00a0\u00bb width_last_edited=\u00a0\u00bbon|desktop\u00a0\u00bb max_width=\u00a0\u00bb100%\u00a0\u00bb module_alignment=\u00a0\u00bbleft\u00a0\u00bb custom_margin=\u00a0\u00bb0px||0px||false|false\u00a0\u00bb custom_margin_tablet=\u00a0\u00bb|0px||0px|false|false\u00a0\u00bb custom_padding=\u00a0\u00bb0px||0px||false|false\u00a0\u00bb custom_padding_tablet=\u00a0\u00bb|0px||0px|false|true\u00a0\u00bb global_colors_info=\u00a0\u00bb{}\u00a0\u00bb][et_pb_column type=\u00a0\u00bb4_4&Prime; _builder_version=\u00a0\u00bb4.21.0&Prime; _module_preset=\u00a0\u00bbdefault\u00a0\u00bb global_colors_info=\u00a0\u00bb{}\u00a0\u00bb][et_pb_slider _builder_version=\u00a0\u00bb4.21.0&Prime; _module_preset=\u00a0\u00bbb8ceb8f1-18e1-4a30-87c9-e9b64e615132&Prime; custom_padding_tablet=\u00a0\u00bb180px|0px|180px|0px|false|false\u00a0\u00bb header_font_size_tablet=\u00a0\u00bb\u00a0\u00bb header_font_size_phone=\u00a0\u00bb39px\u00a0\u00bb header_font_size_last_edited=\u00a0\u00bbon|tablet\u00a0\u00bb body_font_size_phone=\u00a0\u00bb39px\u00a0\u00bb global_colors_info=\u00a0\u00bb{}\u00a0\u00bb][et_pb_slide _builder_version=\u00a0\u00bb4.21.0&Prime; _module_preset=\u00a0\u00bb2dc5af35-e1f8-410a-afef-aba0a25e6ce5&Prime; background_image=\u00a0\u00bbhttps:\/\/hauxlifesupport.de\/wp-content\/uploads\/2023\/10\/Produkte_Tauchen_H_D.jpg\u00a0\u00bb custom_padding=\u00a0\u00bb|0px||0px|false|false\u00a0\u00bb global_colors_info=\u00a0\u00bb{}\u00a0\u00bb sticky_transition=\u00a0\u00bbon\u00a0\u00bb][\/et_pb_slide][\/et_pb_slider][\/et_pb_column][\/et_pb_row][\/et_pb_section][et_pb_section fb_built=\u00a0\u00bb1&Prime; admin_label=\u00a0\u00bbWillkommen\u00a0\u00bb _builder_version=\u00a0\u00bb4.21.0&Prime; _module_preset=\u00a0\u00bbf2843d24-ad56-442f-a9e1-e3041953524c\u00a0\u00bb global_colors_info=\u00a0\u00bb{}\u00a0\u00bb][et_pb_row _builder_version=\u00a0\u00bb4.21.0&Prime; _module_preset=\u00a0\u00bb7cb6190c-4283-41e8-bb8b-ae469157ed96&Prime; custom_margin_tablet=\u00a0\u00bb||0px||false|false\u00a0\u00bb custom_margin_phone=\u00a0\u00bb||0px||false|false\u00a0\u00bb custom_margin_last_edited=\u00a0\u00bbon|phone\u00a0\u00bb custom_padding_tablet=\u00a0\u00bb||0px||false|false\u00a0\u00bb custom_padding_phone=\u00a0\u00bb||0px||false|false\u00a0\u00bb global_colors_info=\u00a0\u00bb{}\u00a0\u00bb][et_pb_column type=\u00a0\u00bb4_4&Prime; _builder_version=\u00a0\u00bb4.21.0&Prime; _module_preset=\u00a0\u00bbdefault\u00a0\u00bb global_colors_info=\u00a0\u00bb{}\u00a0\u00bb][et_pb_text _builder_version=\u00a0\u00bb4.21.0&Prime; _module_preset=\u00a0\u00bb1d6c08ce-9034-4863-b572-8d1f8fe79549&Prime; global_colors_info=\u00a0\u00bb{}\u00a0\u00bb]<\/p>\n<h1><strong>HAUX-LIFE-SUPPORT \u2013 Syst\u00e8mes de plong\u00e9e<\/strong><\/h1>\n<h2><span style=\"text-decoration: underline;\">Technologie modulaire, orientation client, s\u00e9curit\u00e9, excellent rapport qualit\u00e9-prix<\/span><\/h2>\n<p>[\/et_pb_text][\/et_pb_column][\/et_pb_row][et_pb_row _builder_version=\u00a0\u00bb4.21.0&Prime; _module_preset=\u00a0\u00bb3cb11947-cb60-4ac8-b6e8-a249bbc44256&Prime; global_colors_info=\u00a0\u00bb{}\u00a0\u00bb][et_pb_column type=\u00a0\u00bb4_4&Prime; _builder_version=\u00a0\u00bb4.21.0&Prime; _module_preset=\u00a0\u00bbdefault\u00a0\u00bb global_colors_info=\u00a0\u00bb{}\u00a0\u00bb][et_pb_text _builder_version=\u00a0\u00bb4.21.0&Prime; _module_preset=\u00a0\u00bb5a82baeb-455d-473e-b1fb-a29db5629153&Prime; border_style_bottom=\u00a0\u00bbnone\u00a0\u00bb global_colors_info=\u00a0\u00bb{}\u00a0\u00bb]<\/p>\n<p>L&rsquo;int\u00e9r\u00eat pour la plong\u00e9e cro\u00eet de mani\u00e8re continue depuis plusieurs ann\u00e9es, en raison, entre autres, de l&rsquo;\u00e9puisement des mati\u00e8res premi\u00e8res. A l&rsquo;heure actuelle, un grand nombre de chambres hyperbares HAUX pour plongeurs ont \u00e9t\u00e9 livr\u00e9es dans le monde.<\/p>\n<p>Qu&rsquo;il s&rsquo;agisse de petites unit\u00e9s transportables de type HAUX-MEDISTAR et HAUX-MEDILOCK, de chambres fixes en container HAUX-STARCOM ou d&rsquo;installations de grandes tailles telles que HAUX-DEEPSTAR pour les plong\u00e9es \u00e0 saturation ou le simulateur de plong\u00e9e HAUX-DIVESTAR, nous concevons avec nos clients et fabriquons pour eux la solution optimale gr\u00e2ce \u00e0 nos syst\u00e8mes modulaires.<\/p>\n<p>[\/et_pb_text][\/et_pb_column][\/et_pb_row][\/et_pb_section][et_pb_section fb_built=\u00a0\u00bb1&Prime; custom_padding_last_edited=\u00a0\u00bbon|tablet\u00a0\u00bb admin_label=\u00a0\u00bbNews HAUX-LIFE-SUPPORT\u00a0\u00bb _builder_version=\u00a0\u00bb4.21.0&Prime; _module_preset=\u00a0\u00bbf2843d24-ad56-442f-a9e1-e3041953524c\u00a0\u00bb background_color=\u00a0\u00bbRGBA(255,255,255,0)\u00a0\u00bb background_image=\u00a0\u00bbhttps:\/\/hauxlifesupport.de\/wp-content\/uploads\/2023\/06\/827aa74837e28e0ff72c3c9487b38e28.jpg\u00a0\u00bb custom_padding=\u00a0\u00bb||||false|false\u00a0\u00bb custom_padding_tablet=\u00a0\u00bb||||false|false\u00a0\u00bb custom_padding_phone=\u00a0\u00bb||||false|false\u00a0\u00bb global_colors_info=\u00a0\u00bb{}\u00a0\u00bb][et_pb_row _builder_version=\u00a0\u00bb4.21.0&Prime; _module_preset=\u00a0\u00bb126ce2d4-8ee6-4926-a9d7-a28071ed68d8&Prime; global_colors_info=\u00a0\u00bb{}\u00a0\u00bb][et_pb_column type=\u00a0\u00bb4_4&Prime; admin_label=\u00a0\u00bbSpalte\u00a0\u00bb _builder_version=\u00a0\u00bb4.21.0&Prime; _module_preset=\u00a0\u00bbdefault\u00a0\u00bb global_colors_info=\u00a0\u00bb{}\u00a0\u00bb][dica_divi_carousel show_items_tablet=\u00a0\u00bb2&Prime; simulatetouch=\u00a0\u00bboff\u00a0\u00bb arrow_nav_color=\u00a0\u00bbgcid-8d004b11-584e-4716-8158-78133c0b6f77&Prime; arrow_position_tablet=\u00a0\u00bbmiddle-inside\u00a0\u00bb arrow_position_phone=\u00a0\u00bbmiddle-inside\u00a0\u00bb arrow_font_size_phone=\u00a0\u00bb40px\u00a0\u00bb admin_label=\u00a0\u00bbDivi Carousel\u00a0\u00bb _builder_version=\u00a0\u00bb4.23.1&Prime; _module_preset=\u00a0\u00bbe0e13787-200d-4cbc-abd0-a9d25c3c5a23&Prime; title_text_color=\u00a0\u00bbgcid-8d004b11-584e-4716-8158-78133c0b6f77&Prime; hover_enabled=\u00a0\u00bb0&Prime; global_colors_info=\u00a0\u00bb{%22gcid-8d004b11-584e-4716-8158-78133c0b6f77%22:%91%22arrow_nav_color%22,%22title_text_color%22%93}\u00a0\u00bb sticky_enabled=\u00a0\u00bb0&Prime;][dica_divi_carouselitem title=\u00a0\u00bbCHAMBRES HYPERBARES HAUX POUR LA PLONG\u00c9E\u00a0\u00bb button_text=\u00a0\u00bbEn savoir plus\u00a0\u00bb button_url=\u00a0\u00bbhttps:\/\/hauxlifesupport.de\/fr\/produits\/systemes-de-plongee\/chambres-hyperbares-haux-pour-la-plongee\/\u00a0\u00bb button_url_new_window=\u00a0\u00bb1&Prime; image=\u00a0\u00bbhttps:\/\/hauxlifesupport.de\/wp-content\/uploads\/2023\/07\/HAUX-MEDILOCK-MEDISTAR_recompression_diving_transport_chamber_lock_1_500x375.jpg\u00a0\u00bb image_padding=\u00a0\u00bb||||false|false\u00a0\u00bb content_padding=\u00a0\u00bb||||false|false\u00a0\u00bb button_margin=\u00a0\u00bb||||false|false\u00a0\u00bb button_padding=\u00a0\u00bb||||false|false\u00a0\u00bb custom_margin=\u00a0\u00bb||||false|false\u00a0\u00bb custom_padding=\u00a0\u00bb||||false|false\u00a0\u00bb _builder_version=\u00a0\u00bb4.21.0&Prime; _module_preset=\u00a0\u00bbdefault\u00a0\u00bb header_level=\u00a0\u00bbh3&Prime; header_font=\u00a0\u00bb|700|||||||\u00a0\u00bb header_text_color=\u00a0\u00bbgcid-8d004b11-584e-4716-8158-78133c0b6f77&Prime; global_colors_info=\u00a0\u00bb{%22gcid-8d004b11-584e-4716-8158-78133c0b6f77%22:%91%22header_text_color%22%93}\u00a0\u00bb]<\/p>\n<p>Les unit\u00e9s de plong\u00e9e &#8211; qu&rsquo;il s&rsquo;agisse de plongeurs professionnels, d&rsquo;instituts de recherche, de la police, des pompiers, des services de secours, de l&rsquo;arm\u00e9e, des \u00e9coles de plong\u00e9e ou des centres de plong\u00e9e &#8211; trouvent&#8230;<\/p>\n<p>[\/dica_divi_carouselitem][dica_divi_carouselitem title=\u00a0\u00bbSIMULATEURS DE PLONG\u00c9E\u00a0\u00bb button_text=\u00a0\u00bbEn savoir plus\u00a0\u00bb button_url=\u00a0\u00bbhttps:\/\/hauxlifesupport.de\/fr\/produits\/systemes-de-plongee\/simulateurs-haux-divestar\/\u00a0\u00bb button_url_new_window=\u00a0\u00bb1&Prime; image=\u00a0\u00bbhttps:\/\/hauxlifesupport.de\/wp-content\/uploads\/2023\/07\/HAUX-DIVESTAR_DIVING_SIMULATOR_HAUX-STARCOM_2300_Chamber_hall_500x375.jpg\u00a0\u00bb image_padding=\u00a0\u00bb||||false|false\u00a0\u00bb content_padding=\u00a0\u00bb||||false|false\u00a0\u00bb button_margin=\u00a0\u00bb||||false|false\u00a0\u00bb button_padding=\u00a0\u00bb||||false|false\u00a0\u00bb custom_margin=\u00a0\u00bb||||false|false\u00a0\u00bb custom_padding=\u00a0\u00bb||||false|false\u00a0\u00bb _builder_version=\u00a0\u00bb4.21.0&Prime; _module_preset=\u00a0\u00bbdefault\u00a0\u00bb header_level=\u00a0\u00bbh3&Prime; header_font=\u00a0\u00bb|700|||||||\u00a0\u00bb header_text_color=\u00a0\u00bbgcid-8d004b11-584e-4716-8158-78133c0b6f77&Prime; global_colors_info=\u00a0\u00bb{%22gcid-8d004b11-584e-4716-8158-78133c0b6f77%22:%91%22header_text_color%22%93}\u00a0\u00bb]<\/p>\n<p>Pour la formation des plongeurs, ainsi que pour les tests d&rsquo;appareils, HAUX-LIFE-SUPPORT fabrique des simulateurs de plong\u00e9e complexes pour&#8230;<\/p>\n<p>[\/dica_divi_carouselitem][dica_divi_carouselitem title=\u00a0\u00bbSYST\u00c8MES DE PLONG\u00c9E PROFONDE\u00a0\u00bb button_text=\u00a0\u00bbEn savoir plus\u00a0\u00bb button_url=\u00a0\u00bbhttps:\/\/hauxlifesupport.de\/fr\/produits\/systemes-de-plongee\/systeme-de-plongee-profonde-haux-deepstar\/\u00a0\u00bb button_url_new_window=\u00a0\u00bb1&Prime; image=\u00a0\u00bbhttps:\/\/hauxlifesupport.de\/wp-content\/uploads\/2023\/07\/HAUX-LIFE-SUPPORT_HAUX-DEEPSTAR_closed_deep_diving_bell_side_500x500-e1688640941642.png\u00a0\u00bb image_padding=\u00a0\u00bb||||false|false\u00a0\u00bb content_padding=\u00a0\u00bb||||false|false\u00a0\u00bb button_margin=\u00a0\u00bb||||false|false\u00a0\u00bb button_padding=\u00a0\u00bb||||false|false\u00a0\u00bb custom_margin=\u00a0\u00bb||||false|false\u00a0\u00bb custom_padding=\u00a0\u00bb||||false|false\u00a0\u00bb _builder_version=\u00a0\u00bb4.21.0&Prime; _module_preset=\u00a0\u00bbdefault\u00a0\u00bb header_level=\u00a0\u00bbh3&Prime; header_font=\u00a0\u00bb|700|||||||\u00a0\u00bb header_text_color=\u00a0\u00bbgcid-8d004b11-584e-4716-8158-78133c0b6f77&Prime; global_colors_info=\u00a0\u00bb{%22gcid-8d004b11-584e-4716-8158-78133c0b6f77%22:%91%22header_text_color%22%93}\u00a0\u00bb]<\/p>\n<p>L&rsquo;\u00e9quipe HAUX peut s&rsquo;appuyer sur l&rsquo;exp\u00e9rience acquise lors de la construction de plus de 30 syst\u00e8mes de plong\u00e9e profonde. HAUX-LIFE-SUPPORT con\u00e7oit, d\u00e9veloppe et fabrique des syst\u00e8mes de plong\u00e9e profonde et des wet-bells de toutes tailles&#8230;<\/p>\n<p>[\/dica_divi_carouselitem][dica_divi_carouselitem title=\u00a0\u00bbHAUX-LSS\u00a0\u00bb button_text=\u00a0\u00bbEn savoir plus\u00a0\u00bb button_url=\u00a0\u00bbhttps:\/\/hauxlifesupport.de\/fr\/produits\/systemes-de-plongee\/haux-lss\/\u00a0\u00bb button_url_new_window=\u00a0\u00bb1&Prime; image=\u00a0\u00bbhttps:\/\/hauxlifesupport.de\/wp-content\/uploads\/2023\/07\/HAUX-DEEPSTAR_HAUX-LSS_deep_diving_life_support_system_CO2_scrubber_500x375.png\u00a0\u00bb image_padding=\u00a0\u00bb||||false|false\u00a0\u00bb content_padding=\u00a0\u00bb||||false|false\u00a0\u00bb button_margin=\u00a0\u00bb||||false|false\u00a0\u00bb button_padding=\u00a0\u00bb||||false|false\u00a0\u00bb custom_margin=\u00a0\u00bb||||false|false\u00a0\u00bb custom_padding=\u00a0\u00bb||||false|false\u00a0\u00bb _builder_version=\u00a0\u00bb4.21.0&Prime; _module_preset=\u00a0\u00bbdefault\u00a0\u00bb header_level=\u00a0\u00bbh3&Prime; header_font=\u00a0\u00bb|700|||||||\u00a0\u00bb header_text_color=\u00a0\u00bbgcid-8d004b11-584e-4716-8158-78133c0b6f77&Prime; global_colors_info=\u00a0\u00bb{%22gcid-8d004b11-584e-4716-8158-78133c0b6f77%22:%91%22header_text_color%22%93}\u00a0\u00bb]<\/p>\n<p>Le HAUX-LSS sert \u00e0 maintenir la respirabilit\u00e9 d&rsquo;une atmosph\u00e8re de chambre hyperbare. Le syst\u00e8me fonctionne en circuit ferm\u00e9 gr\u00e2ce au traitement des gaz. L&rsquo;atmosph\u00e8re de la chambre est &#8230;.<\/p>\n<p>[\/dica_divi_carouselitem][\/dica_divi_carousel][\/et_pb_column][\/et_pb_row][\/et_pb_section]<\/p>\n","protected":false},"excerpt":{"rendered":"<p>HAUX-LIFE-SUPPORT \u2013 Syst\u00e8mes de plong\u00e9e Technologie modulaire, orientation client, s\u00e9curit\u00e9, excellent rapport qualit\u00e9-prixL&rsquo;int\u00e9r\u00eat pour la plong\u00e9e cro\u00eet de mani\u00e8re continue depuis plusieurs ann\u00e9es, en raison, entre autres, de l&rsquo;\u00e9puisement des mati\u00e8res premi\u00e8res. A l&rsquo;heure actuelle, un grand nombre de chambres hyperbares HAUX pour plongeurs ont \u00e9t\u00e9 livr\u00e9es dans le monde. Qu&rsquo;il s&rsquo;agisse de petites unit\u00e9s [&hellip;]<\/p>\n","protected":false},"author":1,"featured_media":0,"parent":240379,"menu_order":120,"comment_status":"closed","ping_status":"closed","template":"","meta":{"_et_pb_use_builder":"on","_et_pb_old_content":"","_et_gb_content_width":"","_relevanssi_hide_post":"","_relevanssi_hide_content":"","_relevanssi_pin_for_all":"","_relevanssi_pin_keywords":"","_relevanssi_unpin_keywords":"","_relevanssi_related_keywords":"","_relevanssi_related_include_ids":"","_relevanssi_related_exclude_ids":"","_relevanssi_related_no_append":"","_relevanssi_related_not_related":"","_relevanssi_related_posts":"","_relevanssi_noindex_reason":"","footnotes":""},"class_list":["post-240388","page","type-page","status-publish","hentry"],"_links":{"self":[{"href":"https:\/\/hauxlifesupport.de\/fr\/wp-json\/wp\/v2\/pages\/240388","targetHints":{"allow":["GET"]}}],"collection":[{"href":"https:\/\/hauxlifesupport.de\/fr\/wp-json\/wp\/v2\/pages"}],"about":[{"href":"https:\/\/hauxlifesupport.de\/fr\/wp-json\/wp\/v2\/types\/page"}],"author":[{"embeddable":true,"href":"https:\/\/hauxlifesupport.de\/fr\/wp-json\/wp\/v2\/users\/1"}],"replies":[{"embeddable":true,"href":"https:\/\/hauxlifesupport.de\/fr\/wp-json\/wp\/v2\/comments?post=240388"}],"version-history":[{"count":10,"href":"https:\/\/hauxlifesupport.de\/fr\/wp-json\/wp\/v2\/pages\/240388\/revisions"}],"predecessor-version":[{"id":243392,"href":"https:\/\/hauxlifesupport.de\/fr\/wp-json\/wp\/v2\/pages\/240388\/revisions\/243392"}],"up":[{"embeddable":true,"href":"https:\/\/hauxlifesupport.de\/fr\/wp-json\/wp\/v2\/pages\/240379"}],"wp:attachment":[{"href":"https:\/\/hauxlifesupport.de\/fr\/wp-json\/wp\/v2\/media?parent=240388"}],"curies":[{"name":"wp","href":"https:\/\/api.w.org\/{rel}","templated":true}]}}