{"id":240386,"date":"2023-06-26T10:56:58","date_gmt":"2023-06-26T08:56:58","guid":{"rendered":"https:\/\/hauxlifesupport.de\/?page_id=240386"},"modified":"2023-10-10T14:32:41","modified_gmt":"2023-10-10T12:32:41","slug":"equipement-medical","status":"publish","type":"page","link":"https:\/\/hauxlifesupport.de\/fr\/produits\/equipement-medical\/","title":{"rendered":"Equipement m\u00e9dical"},"content":{"rendered":"<p>[et_pb_section fb_built=\u00a0\u00bb1&Prime; admin_label=\u00a0\u00bbSlider\u00a0\u00bb _builder_version=\u00a0\u00bb4.21.0&Prime; _module_preset=\u00a0\u00bbdefault\u00a0\u00bb width=\u00a0\u00bb100%\u00a0\u00bb max_width=\u00a0\u00bb100%\u00a0\u00bb custom_padding=\u00a0\u00bb0px||0px||false|false\u00a0\u00bb custom_padding_tablet=\u00a0\u00bb0px||0px||false|false\u00a0\u00bb custom_padding_phone=\u00a0\u00bb0px||0px||false|false\u00a0\u00bb global_colors_info=\u00a0\u00bb{}\u00a0\u00bb][et_pb_row _builder_version=\u00a0\u00bb4.21.0&Prime; _module_preset=\u00a0\u00bbdefault\u00a0\u00bb background_enable_color=\u00a0\u00bboff\u00a0\u00bb width=\u00a0\u00bb100%\u00a0\u00bb width_tablet=\u00a0\u00bb100%\u00a0\u00bb width_phone=\u00a0\u00bb100%\u00a0\u00bb width_last_edited=\u00a0\u00bbon|desktop\u00a0\u00bb max_width=\u00a0\u00bb100%\u00a0\u00bb module_alignment=\u00a0\u00bbleft\u00a0\u00bb custom_margin=\u00a0\u00bb0px||0px||false|false\u00a0\u00bb custom_margin_tablet=\u00a0\u00bb|0px||0px|false|false\u00a0\u00bb custom_padding=\u00a0\u00bb0px||0px||false|false\u00a0\u00bb custom_padding_tablet=\u00a0\u00bb|0px||0px|false|true\u00a0\u00bb global_colors_info=\u00a0\u00bb{}\u00a0\u00bb][et_pb_column type=\u00a0\u00bb4_4&Prime; _builder_version=\u00a0\u00bb4.21.0&Prime; _module_preset=\u00a0\u00bbdefault\u00a0\u00bb background_enable_color=\u00a0\u00bboff\u00a0\u00bb global_colors_info=\u00a0\u00bb{}\u00a0\u00bb][et_pb_slider _builder_version=\u00a0\u00bb4.21.0&Prime; _module_preset=\u00a0\u00bbdefault\u00a0\u00bb custom_padding_tablet=\u00a0\u00bb180px|0px|180px|0px|false|false\u00a0\u00bb hover_enabled=\u00a0\u00bb0&Prime; header_font_size_tablet=\u00a0\u00bb\u00a0\u00bb header_font_size_phone=\u00a0\u00bb39px\u00a0\u00bb header_font_size_last_edited=\u00a0\u00bbon|tablet\u00a0\u00bb body_font_size_phone=\u00a0\u00bb39px\u00a0\u00bb global_colors_info=\u00a0\u00bb{}\u00a0\u00bb sticky_enabled=\u00a0\u00bb0&Prime;][et_pb_slide _builder_version=\u00a0\u00bb4.21.0&Prime; _module_preset=\u00a0\u00bbdefault\u00a0\u00bb background_image=\u00a0\u00bbhttps:\/\/hauxlifesupport.de\/wp-content\/uploads\/2023\/10\/Produkte_Medizin_H_D.jpg\u00a0\u00bb custom_padding=\u00a0\u00bb|0px||0px|false|false\u00a0\u00bb hover_enabled=\u00a0\u00bb0&Prime; global_colors_info=\u00a0\u00bb{}\u00a0\u00bb sticky_transition=\u00a0\u00bbon\u00a0\u00bb title_text=\u00a0\u00bbProdukte_Medizin_H_D\u00a0\u00bb sticky_enabled=\u00a0\u00bb0&Prime;][\/et_pb_slide][\/et_pb_slider][\/et_pb_column][\/et_pb_row][\/et_pb_section][et_pb_section fb_built=\u00a0\u00bb1&Prime; admin_label=\u00a0\u00bbWillkommen\u00a0\u00bb _builder_version=\u00a0\u00bb4.21.0&Prime; _module_preset=\u00a0\u00bbdefault\u00a0\u00bb global_colors_info=\u00a0\u00bb{}\u00a0\u00bb][et_pb_row _builder_version=\u00a0\u00bb4.21.0&Prime; _module_preset=\u00a0\u00bb_initial\u00a0\u00bb custom_margin_tablet=\u00a0\u00bb||0px||false|false\u00a0\u00bb custom_margin_phone=\u00a0\u00bb||0px||false|false\u00a0\u00bb custom_margin_last_edited=\u00a0\u00bbon|phone\u00a0\u00bb custom_padding_tablet=\u00a0\u00bb||0px||false|false\u00a0\u00bb custom_padding_phone=\u00a0\u00bb||0px||false|false\u00a0\u00bb global_colors_info=\u00a0\u00bb{}\u00a0\u00bb][et_pb_column type=\u00a0\u00bb4_4&Prime; _builder_version=\u00a0\u00bb4.21.0&Prime; _module_preset=\u00a0\u00bbdefault\u00a0\u00bb global_colors_info=\u00a0\u00bb{}\u00a0\u00bb][et_pb_text _builder_version=\u00a0\u00bb4.21.0&Prime; _module_preset=\u00a0\u00bb1d6c08ce-9034-4863-b572-8d1f8fe79549&Prime; global_colors_info=\u00a0\u00bb{}\u00a0\u00bb]<\/p>\n<h1><strong>Equipement m\u00e9dical \u2013 HAUX-LIFE-SUPPORT<\/strong><\/h1>\n<h2><span style=\"text-decoration: underline;\">Technologie modulaire, orientation client, s\u00e9curit\u00e9, rapport qualit\u00e9-prix excellent <\/span><\/h2>\n<p>[\/et_pb_text][\/et_pb_column][\/et_pb_row][et_pb_row _builder_version=\u00a0\u00bb4.21.0&Prime; _module_preset=\u00a0\u00bb_initial\u00a0\u00bb global_colors_info=\u00a0\u00bb{}\u00a0\u00bb][et_pb_column type=\u00a0\u00bb4_4&Prime; _builder_version=\u00a0\u00bb4.21.0&Prime; _module_preset=\u00a0\u00bbdefault\u00a0\u00bb global_colors_info=\u00a0\u00bb{}\u00a0\u00bb][et_pb_text _builder_version=\u00a0\u00bb4.21.0&Prime; _module_preset=\u00a0\u00bbdefault\u00a0\u00bb border_style_bottom=\u00a0\u00bbnone\u00a0\u00bb global_colors_info=\u00a0\u00bb{}\u00a0\u00bb]<\/p>\n<p>L&rsquo;int\u00e9r\u00eat pour une utilisation clinique et ambulatoire de l\u2019oxyg\u00e9noth\u00e9rapie hyperbare cro\u00eet sans cesse depuis quelques ann\u00e9es. Notre entreprise compte ainsi, \u00e0 l\u2019heure actuelle, un grand nombre de Chambres Hyperbares m\u00e9dicales de la gamme HAUX-STARMED et STARMED-QUADRO en service dans le monde.<\/p>\n<p>Qu&rsquo;il s&rsquo;agisse de chambres monoplace de la gamme HAUX-OXYSTAR, de chambres multiplaces cylindriques de la gamme HAUX-STARMED ou rectangulaires de type HAUX-MINI-QUADRO ou de la gamme HAUX-STARMED-QUADRO, nous concevons avec vous une solution optimale.<\/p>\n<p>Gr\u00e2ce \u00e0 notre longue exp\u00e9rience dans l\u2019Oxyg\u00e9noth\u00e9rapie Hyperbare et \u00e0 la collaboration intensive avec nos partenaires mondiaux, nous ma\u00eetrisons la conception des Chambres Hyperbares dans le moindre d\u00e9tail. La s\u00e9curit\u00e9, le confort des utilisateurs et la simplicit\u00e9 d&rsquo;utilisation sont nos priorit\u00e9s.<\/p>\n<p>Faites-nous savoir vos crit\u00e8res d&rsquo;exigences. Le syst\u00e8me modulaire HAUX nous permet d&rsquo;apporter des solutions sur mesure d&rsquo;un point de vue m\u00e9dical, technique et financier.<\/p>\n<p>[\/et_pb_text][\/et_pb_column][\/et_pb_row][et_pb_row _builder_version=\u00a0\u00bb4.21.0&Prime; _module_preset=\u00a0\u00bb_initial\u00a0\u00bb global_colors_info=\u00a0\u00bb{}\u00a0\u00bb][et_pb_column type=\u00a0\u00bb4_4&Prime; _builder_version=\u00a0\u00bb4.21.0&Prime; _module_preset=\u00a0\u00bbdefault\u00a0\u00bb global_colors_info=\u00a0\u00bb{}\u00a0\u00bb][et_pb_accordion _builder_version=\u00a0\u00bb4.21.0&Prime; _module_preset=\u00a0\u00bbdefault\u00a0\u00bb global_colors_info=\u00a0\u00bb{}\u00a0\u00bb][et_pb_accordion_item title=\u00a0\u00bbHAUX-QUADRO\u00a0\u00bb open=\u00a0\u00bbon\u00a0\u00bb _builder_version=\u00a0\u00bb4.21.0&Prime; _module_preset=\u00a0\u00bbdefault\u00a0\u00bb global_colors_info=\u00a0\u00bb{}\u00a0\u00bb]<\/p>\n<p><img loading=\"lazy\" decoding=\"async\" src=\"https:\/\/hauxlifesupport.de\/wp-content\/uploads\/2023\/07\/HAUX-QUADRO_Lille_2_hbo_therapy_rectangular_chamber_500x375.jpg\" alt=\"\" class=\"wp-image-1396 alignnone size-full\" width=\"500\" height=\"375\" title=\"\" srcset=\"https:\/\/hauxlifesupport.de\/wp-content\/uploads\/2023\/07\/HAUX-QUADRO_Lille_2_hbo_therapy_rectangular_chamber_500x375.jpg 500w, https:\/\/hauxlifesupport.de\/wp-content\/uploads\/2023\/07\/HAUX-QUADRO_Lille_2_hbo_therapy_rectangular_chamber_500x375-480x360.jpg 480w\" sizes=\"auto, (min-width: 0px) and (max-width: 480px) 480px, (min-width: 481px) 500px, 100vw\" \/> <img loading=\"lazy\" decoding=\"async\" src=\"https:\/\/hauxlifesupport.de\/wp-content\/uploads\/2023\/07\/HAUX-QUADRO_control_station_rectangular_hbo_therapy_chamber_500x373_96dpi.jpg\" alt=\"\" class=\"wp-image-1392 alignnone size-full\" width=\"500\" height=\"373\" title=\"\" srcset=\"https:\/\/hauxlifesupport.de\/wp-content\/uploads\/2023\/07\/HAUX-QUADRO_control_station_rectangular_hbo_therapy_chamber_500x373_96dpi.jpg 500w, https:\/\/hauxlifesupport.de\/wp-content\/uploads\/2023\/07\/HAUX-QUADRO_control_station_rectangular_hbo_therapy_chamber_500x373_96dpi-480x358.jpg 480w\" sizes=\"auto, (min-width: 0px) and (max-width: 480px) 480px, (min-width: 481px) 500px, 100vw\" \/> <img loading=\"lazy\" decoding=\"async\" src=\"https:\/\/hauxlifesupport.de\/wp-content\/uploads\/2023\/07\/HAUX-QUADRO_3100-2300_rectangular_hbo_therapy_hyperbaric_chamber_500x373.jpg\" alt=\"\" class=\"wp-image-1388 alignnone size-full\" width=\"500\" height=\"373\" title=\"\" srcset=\"https:\/\/hauxlifesupport.de\/wp-content\/uploads\/2023\/07\/HAUX-QUADRO_3100-2300_rectangular_hbo_therapy_hyperbaric_chamber_500x373.jpg 500w, https:\/\/hauxlifesupport.de\/wp-content\/uploads\/2023\/07\/HAUX-QUADRO_3100-2300_rectangular_hbo_therapy_hyperbaric_chamber_500x373-480x358.jpg 480w\" sizes=\"auto, (min-width: 0px) and (max-width: 480px) 480px, (min-width: 481px) 500px, 100vw\" \/><\/p>\n<p>Le syst\u00e8me modulaire HAUX nous permet de concevoir des <strong>syst\u00e8mes HAUX-QUADRO<\/strong> parfaitement adapt\u00e9s aux crit\u00e8res exig\u00e9s par l&rsquo;utilisateur, d&rsquo;un point de vue m\u00e9dical, technique et financier.<\/p>\n<p>Avec son profil rectangulaire, la gamme<strong> HAUX-QUADRO<\/strong> offre aux utilisateurs un espace optimis\u00e9 par rapport aux Chambres cylindriques classiques de la gamme HAUX-STARMED.<\/p>\n<p>Notre installation <strong>HAUX-QUADRO<\/strong> au CHRU de Lille (France) sert aujourd&rsquo;hui de r\u00e9f\u00e9rence internationale.<\/p>\n<p>B\u00e9n\u00e9ficiez de plus de 40 ans d\u2018exp\u00e9rience et de plus de 1500 Syst\u00e8mes Hyperbares Haux install\u00e9s et utilis\u00e9s dans le monde entier.<\/p>\n<p><strong>Les points forts de la gamme HAUX-QUADRO:<\/strong><\/p>\n<ul>\n<li class=\"Standard1\">Syst\u00e8me dot\u00e9 d&rsquo;une chambre principale et d\u2019un sas de transfert (chambre 2 compartiments) ou de deux chambres principales (chambre 3-4 compartiments)<\/li>\n<li class=\"Standard1\">Largeur int\u00e9rieure entre 2000 et 3500 mm, longueur en fonction les besoins<\/li>\n<li class=\"Standard1\">Pression standard de 2 bar (3 ATA), pouvant aller jusqu&rsquo;\u00e0 5 bar (6 ATA) gr\u00e2ce \u00e0 une construction sp\u00e9cifique<\/li>\n<li class=\"Standard1\">Capacit\u00e9 de 2 \u00e0 24 patients et plus (assis sur des si\u00e8ges confortables ou en fauteuils roulants, allong\u00e9s sur des lits de soins intensifs ou des civi\u00e8res)<\/li>\n<li class=\"Standard1\">Portes rectangulaires de tous types: adapt\u00e9es \u00e0 l&rsquo;entr\u00e9e de lits de soins intensifs, portes coulissantes pour un grand gain de place, ouverture manuelle ou motoris\u00e9e.<\/li>\n<li class=\"Standard1\">Syst\u00e8me sp\u00e9cial HAUX d&rsquo;\u00e9galisation de niveau pour un franchissement du seuil d&rsquo;entr\u00e9e confortable, sans marche ni rampe<\/li>\n<li class=\"Standard1\">Contact visuel excellent, position et angle de vue optimis\u00e9s gr\u00e2ce aux hublots HAUX-MASTER WINDOW d&rsquo;un diam\u00e8tre de 300 \u00e0 700 mm<\/li>\n<li class=\"Standard1\">Contr\u00f4le par ordinateur, simple d&rsquo;utilisation \u00e0 l&rsquo;aide des logiciels HAUX-DECOMAT 4.0 et HAUX-DECOSUPPORT<\/li>\n<li class=\"Standard1\">Si\u00e8ges confortables<\/li>\n<li class=\"Standard1\">Changement rapide du syst\u00e8me assis\/couch\u00e9 du patient gr\u00e2ce \u00e0 la technique HAUX Roll-on\/Roll-off<\/li>\n<li class=\"Standard1\">Equipement m\u00e9dical modulaire et vari\u00e9: syst\u00e8me de surveillance m\u00e9dicale HXMM respirateurs, pompes \u00e0 perfusion, syst\u00e8me d&rsquo;aspiration<\/li>\n<li class=\"Standard1\">Installation en standard du syst\u00e8me anti-incendie sp\u00e9cialement con\u00e7u, haute efficacit\u00e9, de type HAUX-SPRAY-FOG et HAUX-SPRINKLER<\/li>\n<li class=\"Standard1\">Nouveau syst\u00e8me respiratoire HAUX-OXYMASTER avec injection assist\u00e9e pour une faible r\u00e9sistance respiratoire, pi\u00e8ces essentiellement con\u00e7ues en Niro (acier inoxydable)<\/li>\n<li class=\"Standard1\">En option: syst\u00e8me de divertissement audio et vid\u00e9o ainsi qu&rsquo;un syst\u00e8me de climatisation HAUX-HEAT\/HAUX-COOLMASTER<\/li>\n<\/ul>\n<p>[\/et_pb_accordion_item][et_pb_accordion_item title=\u00a0\u00bbHAUX-STARMED\u00a0\u00bb _builder_version=\u00a0\u00bb4.21.0&Prime; _module_preset=\u00a0\u00bbdefault\u00a0\u00bb global_colors_info=\u00a0\u00bb{}\u00a0\u00bb open=\u00a0\u00bboff\u00a0\u00bb]<\/p>\n<p><img loading=\"lazy\" decoding=\"async\" src=\"https:\/\/hauxlifesupport.de\/wp-content\/uploads\/2023\/07\/HAUX-STARMED_cylindrical_omega_hbo_chamber_500x375_norw.jpg\" alt=\"\" class=\"wp-image-1408 alignnone size-full\" width=\"500\" height=\"375\" title=\"\" srcset=\"https:\/\/hauxlifesupport.de\/wp-content\/uploads\/2023\/07\/HAUX-STARMED_cylindrical_omega_hbo_chamber_500x375_norw.jpg 500w, https:\/\/hauxlifesupport.de\/wp-content\/uploads\/2023\/07\/HAUX-STARMED_cylindrical_omega_hbo_chamber_500x375_norw-480x360.jpg 480w\" sizes=\"auto, (min-width: 0px) and (max-width: 480px) 480px, (min-width: 481px) 500px, 100vw\" \/> <img loading=\"lazy\" decoding=\"async\" src=\"https:\/\/hauxlifesupport.de\/wp-content\/uploads\/2023\/07\/HAUX-STARMED_interior_500x375.jpg\" alt=\"\" class=\"wp-image-1412 alignnone size-full\" width=\"500\" height=\"375\" title=\"\" srcset=\"https:\/\/hauxlifesupport.de\/wp-content\/uploads\/2023\/07\/HAUX-STARMED_interior_500x375.jpg 500w, https:\/\/hauxlifesupport.de\/wp-content\/uploads\/2023\/07\/HAUX-STARMED_interior_500x375-480x360.jpg 480w\" sizes=\"auto, (min-width: 0px) and (max-width: 480px) 480px, (min-width: 481px) 500px, 100vw\" \/> <img loading=\"lazy\" decoding=\"async\" src=\"https:\/\/hauxlifesupport.de\/wp-content\/uploads\/2023\/07\/HAUX-STARMED_2000_HBO_CYLINDRICAL_CHAMBER_control_station_min-1.jpg\" alt=\"\" class=\"wp-image-1404 alignnone size-full\" width=\"500\" height=\"375\" title=\"\" srcset=\"https:\/\/hauxlifesupport.de\/wp-content\/uploads\/2023\/07\/HAUX-STARMED_2000_HBO_CYLINDRICAL_CHAMBER_control_station_min-1.jpg 500w, https:\/\/hauxlifesupport.de\/wp-content\/uploads\/2023\/07\/HAUX-STARMED_2000_HBO_CYLINDRICAL_CHAMBER_control_station_min-1-480x360.jpg 480w\" sizes=\"auto, (min-width: 0px) and (max-width: 480px) 480px, (min-width: 481px) 500px, 100vw\" \/> <img loading=\"lazy\" decoding=\"async\" src=\"https:\/\/hauxlifesupport.de\/wp-content\/uploads\/2023\/07\/HAUX-STARMED_2000_HBO_CYLINDRICAL_CHAMBER_3D.jpg\" alt=\"\" class=\"wp-image-1400 alignnone size-full\" width=\"500\" height=\"402\" title=\"\" srcset=\"https:\/\/hauxlifesupport.de\/wp-content\/uploads\/2023\/07\/HAUX-STARMED_2000_HBO_CYLINDRICAL_CHAMBER_3D.jpg 500w, https:\/\/hauxlifesupport.de\/wp-content\/uploads\/2023\/07\/HAUX-STARMED_2000_HBO_CYLINDRICAL_CHAMBER_3D-480x386.jpg 480w\" sizes=\"auto, (min-width: 0px) and (max-width: 480px) 480px, (min-width: 481px) 500px, 100vw\" \/><\/p>\n<p>Le syst\u00e8me modulaire HAUX nous permet de concevoir des <strong>syst\u00e8mes HAUX-STARMED<\/strong> parfaitement adapt\u00e9s au profil exig\u00e9 par l&rsquo;utilisateur, d&rsquo;un point de vue m\u00e9dical, technique et financier.<\/p>\n<p>B\u00e9n\u00e9ficiez de plus de 40 ans d\u2018exp\u00e9rience et de plus de 1500 Syst\u00e8mes Hyperbares Haux install\u00e9s et utilis\u00e9s dans le monde entier, une grande partie \u00e9tant des syst\u00e8mes m\u00e9dicaux <strong>HAUX-STARMED<\/strong>.<\/p>\n<p><strong>Quelques points forts et avantages de la gamme HAUX-STARMED:<\/strong><\/p>\n<ul>\n<li class=\"Standard1\">Diam\u00e8tre int\u00e9rieur de 1800 \u00e0 3000 mm et plus<\/li>\n<li class=\"Standard1\">Pression de 2 bar (3 ATA) \u00e0 5 bar (6ATA), pouvant aller jusqu&rsquo;\u00e0 20 bar (21 ATA) gr\u00e2ce \u00e0 une construction sp\u00e9cifique<\/li>\n<li class=\"Standard1\">Capacit\u00e9 de 2 \u00e0 24 patients et plus<\/li>\n<li class=\"Standard1\">Syst\u00e8me dot\u00e9 d&rsquo;une chambre principale et d\u2019un sas de transfert (chambre 2 compartiments) ou de deux chambres principales (chambre 3-, 4-compartiments)<\/li>\n<li class=\"Standard1\">Portes de tous types (rondes ou rectangulaires) et dimensions variables, en fonction du diam\u00e8tre de la chambre. En option: portes adapt\u00e9es \u00e0 l&rsquo;entr\u00e9e de lits de soins intensifs et portes coulissantes pour un grand gain de place<\/li>\n<li class=\"Standard1\">Contact visuel excellent, position et angle de vue optimis\u00e9s gr\u00e2ce aux hublots\u00a0HAUX-MASTERWINDOW d&rsquo;un diam\u00e8tre variable, par exemple 150 mm, 200 mm, 250 mm, 300 mm, 400 mm &#8230;<\/li>\n<li class=\"Standard1\">Contr\u00f4le par ordinateur, simple d&rsquo;utilisation \u00e0 l&rsquo;aide des logiciels HAUX-DECOMAT 4.0 et HAUX-DECOSUPPORT<\/li>\n<li class=\"Standard1\">Si\u00e8ges confortables<\/li>\n<li class=\"Standard1\">Changement rapide du syst\u00e8me assis\/couch\u00e9 du patient gr\u00e2ce \u00e0 la technique HAUX-Roll-on\/Roll-off<\/li>\n<li class=\"Standard1\">Technologie parois extr\u00e9mit\u00e9s\/interm\u00e9diaires (fond portes) et sol porteur plats pour une utilisation optimale de l&rsquo;espace, seuil d&rsquo;entr\u00e9e au niveau du sol, sans marche ni rampe, pas d\u2019espace vide sous plancher dans le Caisson \u00e9vitant ainsi toute accumulation de salet\u00e9 ; Silhouette du Caisson en forme Om\u00e9ga<\/li>\n<li class=\"Standard1\">Equipement m\u00e9dical modulaire et vari\u00e9: syst\u00e8me de surveillance m\u00e9dicale HXMM, respirateurs, pompes \u00e0 perfusion, syst\u00e8me d&rsquo;aspiration<\/li>\n<li class=\"Standard1\">Installation en standard du syst\u00e8me anti-incendie sp\u00e9cialement con\u00e7u, haute efficacit\u00e9, de type HAUX-SPRAY-FOG et HAUX-SPRINKLER<\/li>\n<li class=\"Standard1\">Nouveau syst\u00e8me d\u2019inhalation HAUX-OXYMASTER avec injection assist\u00e9e pour une faible r\u00e9sistance respiratoire, pi\u00e8ces essentiellement con\u00e7ues en Niro (acier inoxydable)<\/li>\n<li class=\"Standard1\">En option: divertissement audio et vid\u00e9o ainsi qu&rsquo;un syst\u00e8me de climatisation HAUX-HEAT\/HAUX-COOLMASTER<\/li>\n<\/ul>\n<p>[\/et_pb_accordion_item][et_pb_accordion_item title=\u00a0\u00bbHAUX-MINI-QUADRO-DUOX\u00a0\u00bb _builder_version=\u00a0\u00bb4.21.0&Prime; _module_preset=\u00a0\u00bbdefault\u00a0\u00bb global_colors_info=\u00a0\u00bb{}\u00a0\u00bb open=\u00a0\u00bboff\u00a0\u00bb]<\/p>\n<p>HAUX-LIFE-SUPPORT a d\u00e9velopp\u00e9 <strong>HAUX-MINI-QUADRO-DUOX<\/strong>, une chambre de traitement OHB pr\u00e9sentant un encombrement extr\u00eamement r\u00e9duit. De conception rectangulaire, elle offre assez d\u2019espace pour 3 \u00e0 6 patients assis ou, alternativement, un patient couch\u00e9 et un accompagnateur en configuration DUOX.<\/p>\n<p>La console de commande se situe directement sur la paroi de la chambre, permettant \u00e0 l&rsquo;op\u00e9rateur d&rsquo;observer l&rsquo;\u00e9tat de sant\u00e9 des occupants \u00e0 travers un grand hublot. La communication avec les occupants de la chambre s&rsquo;effectue \u00e0 l&rsquo;aide de notre interphone HAUX-TALKMASTER.<\/p>\n<p>La chambre se compose d&rsquo;une chambre principale, dans laquelle les patients respirent de l&rsquo;oxyg\u00e8ne pur ou de l&rsquo;air via des masques respiratoires et d&rsquo;une pr\u00e9chambre servant de sas pour l&rsquo;entr\u00e9e et la sortie des patients sans alt\u00e9ration de la pression en chambre principale.<\/p>\n<p>Nous laissons bien s\u00fbr la possibilit\u00e9 \u00e0 nos clients d&rsquo;int\u00e9grer les syst\u00e8mes<\/p>\n<ul>\n<li>HAUX-DECOMAT 4.0 (syst\u00e8me de commande)<\/li>\n<li>HAUX-MEDICAL-MONITORING (syst\u00e8me de monitorage)<\/li>\n<\/ul>\n<p>D\u2019autres options sont disponibles sur demande.<\/p>\n<p>[\/et_pb_accordion_item][et_pb_accordion_item title=\u00a0\u00bbHAUX-OXYSTAR\u00a0\u00bb _builder_version=\u00a0\u00bb4.21.0&Prime; _module_preset=\u00a0\u00bbdefault\u00a0\u00bb global_colors_info=\u00a0\u00bb{}\u00a0\u00bb open=\u00a0\u00bboff\u00a0\u00bb]<\/p>\n<p><img loading=\"lazy\" decoding=\"async\" src=\"https:\/\/hauxlifesupport.de\/wp-content\/uploads\/2023\/07\/HAUX-OXYSTAR-1000_single_person_monoplace_hbo_chamber_500x375_01.jpg\" alt=\"\" class=\"wp-image-1416 alignnone size-full\" width=\"500\" height=\"376\" title=\"\" srcset=\"https:\/\/hauxlifesupport.de\/wp-content\/uploads\/2023\/07\/HAUX-OXYSTAR-1000_single_person_monoplace_hbo_chamber_500x375_01.jpg 500w, https:\/\/hauxlifesupport.de\/wp-content\/uploads\/2023\/07\/HAUX-OXYSTAR-1000_single_person_monoplace_hbo_chamber_500x375_01-480x361.jpg 480w\" sizes=\"auto, (min-width: 0px) and (max-width: 480px) 480px, (min-width: 481px) 500px, 100vw\" \/> <img loading=\"lazy\" decoding=\"async\" src=\"https:\/\/hauxlifesupport.de\/wp-content\/uploads\/2023\/07\/HAUX-OXYSTAR-1000_single_person_monoplace_hbo_chamber_trolley_500x375.jpg\" alt=\"\" class=\"wp-image-1420 alignnone size-full\" width=\"500\" height=\"375\" title=\"\" srcset=\"https:\/\/hauxlifesupport.de\/wp-content\/uploads\/2023\/07\/HAUX-OXYSTAR-1000_single_person_monoplace_hbo_chamber_trolley_500x375.jpg 500w, https:\/\/hauxlifesupport.de\/wp-content\/uploads\/2023\/07\/HAUX-OXYSTAR-1000_single_person_monoplace_hbo_chamber_trolley_500x375-480x360.jpg 480w\" sizes=\"auto, (min-width: 0px) and (max-width: 480px) 480px, (min-width: 481px) 500px, 100vw\" \/><\/p>\n<p>Avec les mod\u00e8les<strong> 800, 1000 <\/strong>et<strong> 1200<\/strong> de nouvelle g\u00e9n\u00e9ration des <strong>HAUX-OXYSTAR<\/strong>, nous vous offrons une s\u00e9rie de caissons monoplaces tr\u00e8s performants, qui non seulement satisfont aux exigences m\u00e9dicales les plus rigoureuses, mais r\u00e9pondent aussi \u00e0 un souci de confort des patients.<\/p>\n<p>La version moderne du caisson monoplace pr\u00e9sente l\u2019avantage d\u2019un syst\u00e8me th\u00e9rapeutique peu encombrant. Gr\u00e2ce \u00e0 ses dimensions compactes et \u00e0 sa partie inf\u00e9rieure mobile, ce mod\u00e8le peut \u00eatre \u00e9galement utilis\u00e9 dans des salles de soin relativement petites.<\/p>\n<p>Le pupitre de commande a \u00e9t\u00e9 con\u00e7u en respectant les principes de l\u2019ergonomie. Il est \u00e9quip\u00e9 d\u2019un syst\u00e8me de surveillance par ordinateur qui permet une manipulation du caisson monoplace en toute s\u00e9curit\u00e9.<\/p>\n<p>Le cylindre transparent en verre acrylique permet une observation optimale des patients pendant la s\u00e9ance et contribue par l\u00e0-m\u00eame au succ\u00e8s de la th\u00e9rapie<\/p>\n<p>En ce qui concerne la version optimis\u00e9e de la th\u00e9rapie avec un masque respiratoire, le patient respire de l\u2019oxyg\u00e8ne pur par l\u2019interm\u00e9diaire du masque. Le masque respiratoire emp\u00eache la diffusion de l\u2019oxyg\u00e8ne \u00e0 l\u2019int\u00e9rieur du caisson. L\u2019air expir\u00e9 par le patient \u00e9tant directement \u00e9vacu\u00e9 vers l\u2019ext\u00e9rieur, la concentration d\u2019O<sub>2<\/sub> \u00e0 l\u2019int\u00e9rieur du caisson reste constante en dessous de 23 %.<\/p>\n<p>Nous vous offrons plusieurs variantes en ce qui concerne l\u2018\u00e9quipement:<\/p>\n<ul>\n<li>Respirateur<\/li>\n<li>Pompe \u00e0 infusion<\/li>\n<li>Syst\u00e8me de monitorage (HAUX-MEDICAL-MONITORING-SYSTEM)<\/li>\n<li>HAUX-DECOMAT 4.0<\/li>\n<\/ul>\n<p>Le <strong>HAUX-OXYSTAR<\/strong> est disponible en 3 variantes:<\/p>\n<ul>\n<li><strong>HAUX-OXYSTAR 800<\/strong>: Mod\u00e8le de base \u00e0 prix mod\u00e9r\u00e9, qui offre toutes les possibilit\u00e9s d\u00e9crites ci-dessus.<\/li>\n<li><strong>HAUX-OXYSTAR 1000<\/strong>: Mod\u00e8le moyenne gamme offrant plus de confort au patient.<\/li>\n<li><strong>HAUX-OXYSTAR 1200<\/strong>: Mod\u00e8le haut de gamme du caisson hyperbare, qui assure au patient un confort des plus \u00e9lev\u00e9s et r\u00e9pond aux exigences de bien-\u00eatre du patient durant le traitement.<\/li>\n<\/ul>\n<p>[\/et_pb_accordion_item][\/et_pb_accordion][\/et_pb_column][\/et_pb_row][\/et_pb_section]<\/p>\n","protected":false},"excerpt":{"rendered":"<p>Equipement m\u00e9dical \u2013 HAUX-LIFE-SUPPORT Technologie modulaire, orientation client, s\u00e9curit\u00e9, rapport qualit\u00e9-prix excellent L&rsquo;int\u00e9r\u00eat pour une utilisation clinique et ambulatoire de l\u2019oxyg\u00e9noth\u00e9rapie hyperbare cro\u00eet sans cesse depuis quelques ann\u00e9es. Notre entreprise compte ainsi, \u00e0 l\u2019heure actuelle, un grand nombre de Chambres Hyperbares m\u00e9dicales de la gamme HAUX-STARMED et STARMED-QUADRO en service dans le monde. Qu&rsquo;il s&rsquo;agisse [&hellip;]<\/p>\n","protected":false},"author":1,"featured_media":0,"parent":240379,"menu_order":110,"comment_status":"closed","ping_status":"closed","template":"","meta":{"_et_pb_use_builder":"on","_et_pb_old_content":"","_et_gb_content_width":"","_relevanssi_hide_post":"","_relevanssi_hide_content":"","_relevanssi_pin_for_all":"","_relevanssi_pin_keywords":"","_relevanssi_unpin_keywords":"","_relevanssi_related_keywords":"","_relevanssi_related_include_ids":"","_relevanssi_related_exclude_ids":"","_relevanssi_related_no_append":"","_relevanssi_related_not_related":"","_relevanssi_related_posts":"","_relevanssi_noindex_reason":"","footnotes":""},"class_list":["post-240386","page","type-page","status-publish","hentry"],"_links":{"self":[{"href":"https:\/\/hauxlifesupport.de\/fr\/wp-json\/wp\/v2\/pages\/240386","targetHints":{"allow":["GET"]}}],"collection":[{"href":"https:\/\/hauxlifesupport.de\/fr\/wp-json\/wp\/v2\/pages"}],"about":[{"href":"https:\/\/hauxlifesupport.de\/fr\/wp-json\/wp\/v2\/types\/page"}],"author":[{"embeddable":true,"href":"https:\/\/hauxlifesupport.de\/fr\/wp-json\/wp\/v2\/users\/1"}],"replies":[{"embeddable":true,"href":"https:\/\/hauxlifesupport.de\/fr\/wp-json\/wp\/v2\/comments?post=240386"}],"version-history":[{"count":8,"href":"https:\/\/hauxlifesupport.de\/fr\/wp-json\/wp\/v2\/pages\/240386\/revisions"}],"predecessor-version":[{"id":241868,"href":"https:\/\/hauxlifesupport.de\/fr\/wp-json\/wp\/v2\/pages\/240386\/revisions\/241868"}],"up":[{"embeddable":true,"href":"https:\/\/hauxlifesupport.de\/fr\/wp-json\/wp\/v2\/pages\/240379"}],"wp:attachment":[{"href":"https:\/\/hauxlifesupport.de\/fr\/wp-json\/wp\/v2\/media?parent=240386"}],"curies":[{"name":"wp","href":"https:\/\/api.w.org\/{rel}","templated":true}]}}