{"id":243432,"date":"2026-03-04T14:27:51","date_gmt":"2026-03-04T13:27:51","guid":{"rendered":"https:\/\/hauxlifesupport.de\/la-compania\/noticias\/nizza-haux-starmed-quadro\/"},"modified":"2026-03-16T13:33:42","modified_gmt":"2026-03-16T12:33:42","slug":"nizza-haux-starmed-quadro","status":"publish","type":"page","link":"https:\/\/hauxlifesupport.de\/es\/la-compania\/noticias\/nizza-haux-starmed-quadro\/","title":{"rendered":"Noticias &#8211; El Sistema de C\u00e1mara Hiperb\u00e1rica m\u00e1s grande de Europa, se encuentra en el Hospital Pasteur II de Niza"},"content":{"rendered":"<p>[et_pb_section fb_built=\u00bb1&#8243; admin_label=\u00bbSlider\u00bb _builder_version=\u00bb4.21.0&#8243; _module_preset=\u00bbdefault\u00bb width=\u00bb100%\u00bb max_width=\u00bb100%\u00bb custom_padding=\u00bb0px||0px||false|false\u00bb custom_padding_tablet=\u00bb0px||0px||false|false\u00bb custom_padding_phone=\u00bb0px||0px||false|false\u00bb global_colors_info=\u00bb{}\u00bb][et_pb_row _builder_version=\u00bb4.21.0&#8243; _module_preset=\u00bbdefault\u00bb background_enable_color=\u00bboff\u00bb width=\u00bb100%\u00bb width_tablet=\u00bb100%\u00bb width_phone=\u00bb100%\u00bb width_last_edited=\u00bbon|desktop\u00bb max_width=\u00bb100%\u00bb module_alignment=\u00bbleft\u00bb custom_margin=\u00bb0px||0px||false|false\u00bb custom_margin_tablet=\u00bb|0px||0px|false|false\u00bb custom_padding=\u00bb0px||0px||false|false\u00bb custom_padding_tablet=\u00bb|0px||0px|false|true\u00bb global_colors_info=\u00bb{}\u00bb][et_pb_column type=\u00bb4_4&#8243; _builder_version=\u00bb4.21.0&#8243; _module_preset=\u00bbdefault\u00bb background_enable_color=\u00bboff\u00bb global_colors_info=\u00bb{}\u00bb][et_pb_slider _builder_version=\u00bb4.23.1&#8243; _module_preset=\u00bbdefault\u00bb custom_padding_tablet=\u00bb180px|0px|180px|0px|false|false\u00bb header_font_size_tablet=\u00bb\u00bb header_font_size_phone=\u00bb39px\u00bb header_font_size_last_edited=\u00bbon|tablet\u00bb body_font_size_phone=\u00bb39px\u00bb global_colors_info=\u00bb{}\u00bb][et_pb_slide _builder_version=\u00bb4.23.1&#8243; _module_preset=\u00bbdefault\u00bb background_color=\u00bb#0C71C3&#8243; background_enable_color=\u00bbon\u00bb background_image=\u00bbhttps:\/\/hauxlifesupport.de\/wp-content\/uploads\/2025\/12\/NEWS_HAUX_Druckkammer_HyperbaricPressureChamber_Nizza_Pasteur_2_Hospital_Neon-Flagge2_2025-scaled.jpg\u00bb parallax=\u00bbon\u00bb custom_padding=\u00bb|0px||0px|false|false\u00bb global_colors_info=\u00bb{}\u00bb sticky_transition=\u00bbon\u00bb]<\/p>\n<p><strong><br \/><\/strong><strong><\/strong><\/p>\n<p>[\/et_pb_slide][\/et_pb_slider][\/et_pb_column][\/et_pb_row][\/et_pb_section][et_pb_section fb_built=\u00bb1&#8243; admin_label=\u00bbWillkommen\u00bb _builder_version=\u00bb4.21.0&#8243; _module_preset=\u00bbdefault\u00bb min_height=\u00bb1575.7px\u00bb custom_padding=\u00bb||40px|||\u00bb global_colors_info=\u00bb{}\u00bb][et_pb_row _builder_version=\u00bb4.21.0&#8243; _module_preset=\u00bb_initial\u00bb custom_margin_tablet=\u00bb||0px||false|false\u00bb custom_margin_phone=\u00bb||0px||false|false\u00bb custom_margin_last_edited=\u00bbon|phone\u00bb custom_padding_tablet=\u00bb||0px||false|false\u00bb custom_padding_phone=\u00bb||0px||false|false\u00bb global_colors_info=\u00bb{}\u00bb][et_pb_column type=\u00bb4_4&#8243; _builder_version=\u00bb4.21.0&#8243; _module_preset=\u00bbdefault\u00bb global_colors_info=\u00bb{}\u00bb][et_pb_text _builder_version=\u00bb4.23.1&#8243; _module_preset=\u00bbdefault\u00bb global_colors_info=\u00bb{}\u00bb]<\/p>\n<h2><strong>Noticias<\/strong><\/h2>\n<h2><span style=\"text-decoration: underline;\">El Sistema de C\u00e1mara Hiperb\u00e1rica m\u00e1s grande de Europa, se encuentra en el Hospital Pasteur II de Niza<\/span><\/h2>\n<p>[\/et_pb_text][\/et_pb_column][\/et_pb_row][et_pb_row _builder_version=\u00bb4.23.1&#8243; _module_preset=\u00bbdefault\u00bb custom_padding=\u00bb||30px|||\u00bb global_colors_info=\u00bb{}\u00bb][et_pb_column type=\u00bb4_4&#8243; _builder_version=\u00bb4.23.1&#8243; _module_preset=\u00bbdefault\u00bb global_colors_info=\u00bb{}\u00bb][et_pb_text _builder_version=\u00bb4.23.1&#8243; _module_preset=\u00bbdefault\u00bb global_colors_info=\u00bb{}\u00bb]<\/p>\n<p>Con la exitosa puesta en marcha del nuevo sistema de c\u00e1mara Hiperb\u00e1rica\u00a0<strong>HAUX-STARMED-QUADRO 3000-2200\/3.3\/SC4 +6.6\/SC2<\/strong>\u00a0en el Hospital Pasteur II de Niza. La Compa\u00f1\u00eda HAUX-LIFE-SUPPORT establece un nuevo est\u00e1ndar en Medicina Hiperb\u00e1rica. El proyecto, que comenz\u00f3 en junio de 2022, finaliz\u00f3 en agosto de 2025 tras una intensa fase de planificaci\u00f3n y fabricaci\u00f3n.<\/p>\n<p>[\/et_pb_text][\/et_pb_column][\/et_pb_row][et_pb_row column_structure=\u00bb2_5,3_5&#8243; _builder_version=\u00bb4.23.1&#8243; _module_preset=\u00bbdefault\u00bb custom_margin=\u00bb|auto|-4px|auto||\u00bb custom_padding=\u00bb||27px|||\u00bb global_colors_info=\u00bb{}\u00bb][et_pb_column type=\u00bb2_5&#8243; _builder_version=\u00bb4.23.1&#8243; _module_preset=\u00bbdefault\u00bb global_colors_info=\u00bb{}\u00bb][et_pb_image src=\u00bbhttps:\/\/hauxlifesupport.de\/wp-content\/uploads\/2025\/12\/NEWS_HAUX_Druckkammer_HyperbaricPressureChamber_Nizza_Pasteur_2_Hospital_Innenraum_2025-scaled.jpg\u00bb title_text=\u00bbNEWS_HAUX_Druckkammer_HyperbaricPressureChamber_Nizza_Pasteur_2_Hospital_Innenraum_2025&#8243; _builder_version=\u00bb4.23.1&#8243; _module_preset=\u00bbdefault\u00bb max_height=\u00bb617px\u00bb global_colors_info=\u00bb{}\u00bb][\/et_pb_image][\/et_pb_column][et_pb_column type=\u00bb3_5&#8243; _builder_version=\u00bb4.23.1&#8243; _module_preset=\u00bbdefault\u00bb global_colors_info=\u00bb{}\u00bb][et_pb_text _builder_version=\u00bb4.23.1&#8243; _module_preset=\u00bbdefault\u00bb custom_margin=\u00bb||17px|||\u00bb global_colors_info=\u00bb{}\u00bb]<\/p>\n<p><strong>Especificaciones T\u00e9cnicas<\/strong><\/p>\n<p>El nuevo Sistema de C\u00e1mara Hiperbarica consta de un Sistema HAUX-QUADRO con tres C\u00e1maras Principales y tres Ante-c\u00e1maras. El Sistema completo pesa casi 200 Toneladas. Es uno de los Sistemas m\u00e1s complejos y grandes jam\u00e1s construidos<\/p>\n<p>Las C\u00e1maras est\u00e1n estructuradas de la siguiente manera:<\/p>\n<ul>\n<li>\u00a0C\u00e1mara 1: 7 personas en la C\u00e1mara Principal, 3 personas en la Ante-c\u00e1mara<\/li>\n<li>\u00a0C\u00e1mara 2: 13 personas en la C\u00e1mara Principal, 3 personas en la Ante-c\u00e1mara<\/li>\n<li>\u00a0C\u00e1mara 3: 13 personas en la C\u00e1mara Principal, 2 personas en la Ante-c\u00e1mara<\/li>\n<\/ul>\n<p>Un total de 41 personas pueden utilizar las C\u00e1maras simult\u00e1neamente y 30 pacientes pueden ser tratados al mismo tiempo, una cifra excepcional seg\u00fan los est\u00e1ndares Internacionales.<\/p>\n<p>Una de las C\u00e1maras Hiperbaricas, incluyendo su Ante-c\u00e1mara, est\u00e1 dise\u00f1ada para una presi\u00f3n de funcionamiento de hasta 5,6 bar de sobrepresi\u00f3n, lo que permite el tratamiento de accidentes de buceo graves, en particular. Las C\u00e1maras Hiperbaricas restantes operan a una presi\u00f3n de hasta 3,3 bar, lo que las hace aptas para una amplia gama de aplicaciones de oxigenoterapia hiperb\u00e1rica (HBOT).<\/p>\n<p>[\/et_pb_text][\/et_pb_column][\/et_pb_row][et_pb_row column_structure=\u00bb1_2,1_2&#8243; _builder_version=\u00bb4.23.1&#8243; _module_preset=\u00bbdefault\u00bb min_height=\u00bb417.8px\u00bb custom_padding=\u00bb||18px|||\u00bb global_colors_info=\u00bb{}\u00bb][et_pb_column type=\u00bb1_2&#8243; _builder_version=\u00bb4.23.1&#8243; _module_preset=\u00bbdefault\u00bb global_colors_info=\u00bb{}\u00bb][et_pb_text _builder_version=\u00bb4.23.1&#8243; _module_preset=\u00bbdefault\u00bb min_height=\u00bb389.8px\u00bb custom_margin=\u00bb||-2px|||\u00bb custom_padding=\u00bb||2px|||\u00bb global_colors_info=\u00bb{}\u00bb]<\/p>\n<p><strong>Soluciones innovadoras para seguridad, comodidad y flexibilidad<\/strong><\/p>\n<p>El Sistema ofrece numerosas adaptaciones personalizadas y caracter\u00edsticas de confort. Estas incluyen:<\/p>\n<ul>\n<li>Un Completo Distema de entretenimiento para el paciente con conectividad en Internet<\/li>\n<li>Espacio para hasta 8 camas<\/li>\n<li>Tres gases personalizados, seleccionables individualmente en cada estaci\u00f3n de tratamiento<\/li>\n<li>M\u00f3dulos de bloqueo atornillados que permiten transferencias flexibles durante el funcionamiento en curso<\/li>\n<\/ul>\n<p>[\/et_pb_text][\/et_pb_column][et_pb_column type=\u00bb1_2&#8243; _builder_version=\u00bb4.23.1&#8243; _module_preset=\u00bbdefault\u00bb global_colors_info=\u00bb{}\u00bb][et_pb_image src=\u00bbhttps:\/\/hauxlifesupport.de\/wp-content\/uploads\/2025\/12\/NEWS_HAUX_Druckkammer_HyperbaricPressureChamber_Nizza_Pasteur_2_Hospital_Patientenbett_2025-scaled.jpg\u00bb title_text=\u00bbNEWS_HAUX_Druckkammer_HyperbaricPressureChamber_Nizza_Pasteur_2_Hospital_Patientenbett_2025&#8243; _builder_version=\u00bb4.23.1&#8243; _module_preset=\u00bbdefault\u00bb custom_margin=\u00bb||-4px|||\u00bb custom_padding=\u00bb0px|||||\u00bb global_colors_info=\u00bb{}\u00bb][\/et_pb_image][\/et_pb_column][\/et_pb_row][et_pb_row _builder_version=\u00bb4.23.1&#8243; _module_preset=\u00bbdefault\u00bb min_height=\u00bb87.2px\u00bb custom_margin=\u00bb|auto|3px|auto||\u00bb custom_padding=\u00bb||0px|||\u00bb global_colors_info=\u00bb{}\u00bb][et_pb_column type=\u00bb4_4&#8243; _builder_version=\u00bb4.23.1&#8243; _module_preset=\u00bbdefault\u00bb global_colors_info=\u00bb{}\u00bb][et_pb_text _builder_version=\u00bb4.23.1&#8243; _module_preset=\u00bbdefault\u00bb min_height=\u00bb60.2px\u00bb custom_margin=\u00bb||30px|||\u00bb global_colors_info=\u00bb{}\u00bb]<\/p>\n<p>Otro punto T\u00e9cnico destacado: las C\u00e1maras Hiperbaricas se dise\u00f1aron de forma modular y se desmontaron en secciones individuales para su transporte e instalaci\u00f3n, un desaf\u00edo log\u00edstico que solo fue posible gracias a una estrecha colaboraci\u00f3n entre todos los participantes del proyecto.<\/p>\n<p>[\/et_pb_text][\/et_pb_column][\/et_pb_row][et_pb_row column_structure=\u00bb2_5,3_5&#8243; _builder_version=\u00bb4.23.1&#8243; _module_preset=\u00bbdefault\u00bb min_height=\u00bb408.1px\u00bb custom_margin=\u00bb|auto|18px|auto|false|false\u00bb global_colors_info=\u00bb{}\u00bb][et_pb_column type=\u00bb2_5&#8243; _builder_version=\u00bb4.23.1&#8243; _module_preset=\u00bbdefault\u00bb global_colors_info=\u00bb{}\u00bb][et_pb_image src=\u00bbhttps:\/\/hauxlifesupport.de\/wp-content\/uploads\/2025\/12\/NEWS_HAUX_Druckkammer_HyperbaricPressureChamber_Nizza_Pasteur_2_Hospital_Fahrstand_2025.jpeg\u00bb title_text=\u00bbNEWS_HAUX_Druckkammer_HyperbaricPressureChamber_Nizza_Pasteur_2_Hospital_Fahrstand_2025&#8243; _builder_version=\u00bb4.23.1&#8243; _module_preset=\u00bbdefault\u00bb transform_scale=\u00bb102%|102%\u00bb global_colors_info=\u00bb{}\u00bb][\/et_pb_image][\/et_pb_column][et_pb_column type=\u00bb3_5&#8243; _builder_version=\u00bb4.23.1&#8243; _module_preset=\u00bbdefault\u00bb global_colors_info=\u00bb{}\u00bb][et_pb_text _builder_version=\u00bb4.23.1&#8243; _module_preset=\u00bbdefault\u00bb global_colors_info=\u00bb{}\u00bb]<\/p>\n<p><strong>Integraci\u00f3n M\u00e9dica e Importancia Estrat\u00e9gica<\/strong><\/p>\n<p>\u00a0Las nuevas instalaciones formar\u00e1n parte integral del servicio de Urgencias del Hospital Pasteur II. Adem\u00e1s de brindar atenci\u00f3n est\u00e1ndar en la unidad de Oxigenoterapia Hiperb\u00e1rica (HBOT), En el M\u00f3dulo de presi\u00f3n m\u00e1s elevada, ofrece las condiciones ideales para el tratamiento de la enfermedad descompresiva y accidentes graves de buceo.<\/p>\n<p>\u00a0Asimismo, las instalaciones se utilizar\u00e1n para investigaci\u00f3n y pruebas, lo que demuestra el claro compromiso del Hospital con el avance cient\u00edfico de la Oxigenoterapia Hiperb\u00e1rica.<\/p>\n<p>\u00a0En comparaci\u00f3n con las instalaciones existentes, la nueva soluci\u00f3n ofrece mucho m\u00e1s espacio, mayor comodidad para el paciente y mayor flexibilidad terap\u00e9utica.<\/p>\n<p>[\/et_pb_text][\/et_pb_column][\/et_pb_row][et_pb_row column_structure=\u00bb1_2,1_2&#8243; _builder_version=\u00bb4.23.1&#8243; _module_preset=\u00bbdefault\u00bb global_colors_info=\u00bb{}\u00bb][et_pb_column type=\u00bb1_2&#8243; _builder_version=\u00bb4.23.1&#8243; _module_preset=\u00bbdefault\u00bb global_colors_info=\u00bb{}\u00bb][et_pb_text _builder_version=\u00bb4.23.1&#8243; _module_preset=\u00bbdefault\u00bb global_colors_info=\u00bb{}\u00bb]<\/p>\n<p><strong>Instalaci\u00f3n compleja del sistema de c\u00e1maras en el hospital<\/strong><\/p>\n<p>La instalaci\u00f3n del Sistema de C\u00e1maras Hiperbaricas present\u00f3 un desaf\u00edo particular. Debido a la infraestructura del hospital, por eso no fue posible el transporte convencional.<\/p>\n<p>Por lo tanto, las C\u00e1maras Hiperbaricas se transportaron al lugar mediante una gr\u00faa. Un veh\u00edculo de instalaci\u00f3n especial se encarg\u00f3 del transporte posterior por un estrecho camino cuesta arriba hasta su ubicaci\u00f3n final en el edificio. Adem\u00e1s de una empresa de transporte, otros cuatro socios participaron en esta haza\u00f1a log\u00edstica.<\/p>\n<p>La impresionante instalaci\u00f3n y la importancia T\u00e9cnica del proyecto tambi\u00e9n fueron objeto de cobertura medi\u00e1tica. Una cadena de Televisi\u00f3n Regional Francesa emiti\u00f3 un breve reportaje sobre el nuevo Sistema de C\u00e1maras Hiperb\u00e1ricas. <\/p>\n<p>[\/et_pb_text][\/et_pb_column][et_pb_column type=\u00bb1_2&#8243; _builder_version=\u00bb4.23.1&#8243; _module_preset=\u00bbdefault\u00bb global_colors_info=\u00bb{}\u00bb][et_pb_video src=\u00bbhttps:\/\/www.youtube.com\/watch?v=PxbTtj0cHYQ&#038;si=XQjdqttltKzxButw\u00bb font_icon=\u00bb&#xe0a3;||divi||400&#8243; _builder_version=\u00bb4.23.1&#8243; _module_preset=\u00bbdefault\u00bb width=\u00bb100%\u00bb max_width=\u00bb100%\u00bb hover_enabled=\u00bb0&#8243; custom_css_free_form=\u00bb.et_pb_video_play {||    text-decoration: none !important;||}||||.et_pb_video iframe,||.et_pb_video video {||    width: 100%;||    aspect-ratio: 16 \/ 9;||    height: auto;||}\u00bb global_colors_info=\u00bb{}\u00bb sticky_enabled=\u00bb0&#8243;][\/et_pb_video][\/et_pb_column][\/et_pb_row][et_pb_row _builder_version=\u00bb4.23.1&#8243; _module_preset=\u00bbdefault\u00bb custom_padding=\u00bb0px|||||\u00bb global_colors_info=\u00bb{}\u00bb][et_pb_column type=\u00bb4_4&#8243; _builder_version=\u00bb4.23.1&#8243; _module_preset=\u00bbdefault\u00bb global_colors_info=\u00bb{}\u00bb][et_pb_text _builder_version=\u00bb4.23.1&#8243; _module_preset=\u00bbdefault\u00bb custom_margin=\u00bb15px||21px||false|false\u00bb global_colors_info=\u00bb{}\u00bb]<\/p>\n<p><strong>Desarrollo y Coordinaci\u00f3n del proyecto desde una \u00fanica fuente<\/strong><\/p>\n<p>HAUX-LIFE-SUPPORT asumi\u00f3 la ingenier\u00eda completa y la responsabilidad organizativa general de este proyecto, desde la planificaci\u00f3n inicial y la fabricaci\u00f3n hasta la puesta en marcha y la aceptaci\u00f3n del cliente. El gran tama\u00f1o del sistema y su compleja instalaci\u00f3n requirieron una gesti\u00f3n del proyecto precisa e interdisciplinaria. La exitosa finalizaci\u00f3n de este proyecto demuestra que los desaf\u00edos complejos se pueden superar mediante una planificaci\u00f3n profesional, tecnolog\u00eda innovadora y una estrecha colaboraci\u00f3n.<\/p>\n<p>[\/et_pb_text][\/et_pb_column][\/et_pb_row][et_pb_row _builder_version=\u00bb4.23.1&#8243; _module_preset=\u00bbdefault\u00bb global_colors_info=\u00bb{}\u00bb][et_pb_column type=\u00bb4_4&#8243; _builder_version=\u00bb4.23.1&#8243; _module_preset=\u00bbdefault\u00bb global_colors_info=\u00bb{}\u00bb][et_pb_image src=\u00bbhttps:\/\/hauxlifesupport.de\/wp-content\/uploads\/2025\/12\/NEWS_HAUX_Druckkammer_HyperbaricPressureChamber_Nizza_Pasteur_2_Hospital_Turen_2025-scaled.jpg\u00bb title_text=\u00bbNEWS_HAUX_Druckkammer_HyperbaricPressureChamber_Nizza_Pasteur_2_Hospital_T\u00fcren_2025&#8243; force_fullwidth=\u00bbon\u00bb _builder_version=\u00bb4.23.1&#8243; _module_preset=\u00bbdefault\u00bb global_colors_info=\u00bb{}\u00bb][\/et_pb_image][\/et_pb_column][\/et_pb_row][\/et_pb_section]<\/p>\n","protected":false},"excerpt":{"rendered":"<p>Noticias El Sistema de C\u00e1mara Hiperb\u00e1rica m\u00e1s grande de Europa, se encuentra en el Hospital Pasteur II de NizaCon la exitosa puesta en marcha del nuevo sistema de c\u00e1mara Hiperb\u00e1rica\u00a0HAUX-STARMED-QUADRO 3000-2200\/3.3\/SC4 +6.6\/SC2\u00a0en el Hospital Pasteur II de Niza. La Compa\u00f1\u00eda HAUX-LIFE-SUPPORT establece un nuevo est\u00e1ndar en Medicina Hiperb\u00e1rica. El proyecto, que comenz\u00f3 en junio de [&hellip;]<\/p>\n","protected":false},"author":3,"featured_media":0,"parent":243262,"menu_order":0,"comment_status":"closed","ping_status":"closed","template":"","meta":{"_et_pb_use_builder":"on","_et_pb_old_content":"","_et_gb_content_width":"","_relevanssi_hide_post":"","_relevanssi_hide_content":"","_relevanssi_pin_for_all":"","_relevanssi_pin_keywords":"","_relevanssi_unpin_keywords":"","_relevanssi_related_keywords":"","_relevanssi_related_include_ids":"","_relevanssi_related_exclude_ids":"","_relevanssi_related_no_append":"","_relevanssi_related_not_related":"","_relevanssi_related_posts":"","_relevanssi_noindex_reason":"","footnotes":""},"class_list":["post-243432","page","type-page","status-publish","hentry"],"_links":{"self":[{"href":"https:\/\/hauxlifesupport.de\/es\/wp-json\/wp\/v2\/pages\/243432","targetHints":{"allow":["GET"]}}],"collection":[{"href":"https:\/\/hauxlifesupport.de\/es\/wp-json\/wp\/v2\/pages"}],"about":[{"href":"https:\/\/hauxlifesupport.de\/es\/wp-json\/wp\/v2\/types\/page"}],"author":[{"embeddable":true,"href":"https:\/\/hauxlifesupport.de\/es\/wp-json\/wp\/v2\/users\/3"}],"replies":[{"embeddable":true,"href":"https:\/\/hauxlifesupport.de\/es\/wp-json\/wp\/v2\/comments?post=243432"}],"version-history":[{"count":11,"href":"https:\/\/hauxlifesupport.de\/es\/wp-json\/wp\/v2\/pages\/243432\/revisions"}],"predecessor-version":[{"id":243585,"href":"https:\/\/hauxlifesupport.de\/es\/wp-json\/wp\/v2\/pages\/243432\/revisions\/243585"}],"up":[{"embeddable":true,"href":"https:\/\/hauxlifesupport.de\/es\/wp-json\/wp\/v2\/pages\/243262"}],"wp:attachment":[{"href":"https:\/\/hauxlifesupport.de\/es\/wp-json\/wp\/v2\/media?parent=243432"}],"curies":[{"name":"wp","href":"https:\/\/api.w.org\/{rel}","templated":true}]}}