{"id":243369,"date":"2024-12-11T16:50:21","date_gmt":"2024-12-11T15:50:21","guid":{"rendered":"https:\/\/hauxlifesupport.de\/la-compania\/noticias\/ostrava-haux-quadro-2700-2200\/"},"modified":"2026-03-03T15:05:58","modified_gmt":"2026-03-03T14:05:58","slug":"ostrava-haux-quadro-2700-2200","status":"publish","type":"page","link":"https:\/\/hauxlifesupport.de\/es\/la-compania\/noticias\/ostrava-haux-quadro-2700-2200\/","title":{"rendered":"Noticias &#8211; C\u00c1MARA HIPERB\u00c1RICA-HAUX de \u00faltima generaci\u00f3n en el Hospital de la ciudad de Ostrava"},"content":{"rendered":"<p>[et_pb_section fb_built=\u00bb1&#8243; admin_label=\u00bbSlider\u00bb _builder_version=\u00bb4.21.0&#8243; _module_preset=\u00bbdefault\u00bb width=\u00bb100%\u00bb max_width=\u00bb100%\u00bb custom_padding=\u00bb0px||0px||false|false\u00bb custom_padding_tablet=\u00bb0px||0px||false|false\u00bb custom_padding_phone=\u00bb0px||0px||false|false\u00bb global_colors_info=\u00bb{}\u00bb][et_pb_row _builder_version=\u00bb4.21.0&#8243; _module_preset=\u00bbdefault\u00bb background_enable_color=\u00bboff\u00bb width=\u00bb100%\u00bb width_tablet=\u00bb100%\u00bb width_phone=\u00bb100%\u00bb width_last_edited=\u00bbon|desktop\u00bb max_width=\u00bb100%\u00bb module_alignment=\u00bbleft\u00bb custom_margin=\u00bb0px||0px||false|false\u00bb custom_margin_tablet=\u00bb|0px||0px|false|false\u00bb custom_padding=\u00bb0px||0px||false|false\u00bb custom_padding_tablet=\u00bb|0px||0px|false|true\u00bb global_colors_info=\u00bb{}\u00bb][et_pb_column type=\u00bb4_4&#8243; _builder_version=\u00bb4.21.0&#8243; _module_preset=\u00bbdefault\u00bb background_enable_color=\u00bboff\u00bb global_colors_info=\u00bb{}\u00bb][et_pb_slider _builder_version=\u00bb4.23.1&#8243; _module_preset=\u00bbdefault\u00bb custom_padding_tablet=\u00bb180px|0px|180px|0px|false|false\u00bb header_font_size_tablet=\u00bb\u00bb header_font_size_phone=\u00bb39px\u00bb header_font_size_last_edited=\u00bbon|tablet\u00bb body_font_size_phone=\u00bb39px\u00bb global_colors_info=\u00bb{}\u00bb][et_pb_slide _builder_version=\u00bb4.23.1&#8243; _module_preset=\u00bbdefault\u00bb background_color=\u00bb#0C71C3&#8243; background_enable_color=\u00bbon\u00bb background_image=\u00bbhttps:\/\/hauxlifesupport.de\/wp-content\/uploads\/2024\/12\/HAUX-LIFE-SUPPORT_HAUX-QUADRO_2700-2200_Ostrava_Innen-4-scaled.jpg\u00bb background_position=\u00bbtop_center\u00bb background_vertical_offset=\u00bb0%\u00bb custom_padding=\u00bb|0px||0px|false|false\u00bb global_colors_info=\u00bb{}\u00bb sticky_transition=\u00bbon\u00bb]<\/p>\n<p><strong><br \/><\/strong><strong><\/strong><\/p>\n<p>[\/et_pb_slide][\/et_pb_slider][\/et_pb_column][\/et_pb_row][\/et_pb_section][et_pb_section fb_built=\u00bb1&#8243; admin_label=\u00bbWillkommen\u00bb _builder_version=\u00bb4.21.0&#8243; _module_preset=\u00bbdefault\u00bb min_height=\u00bb1575.7px\u00bb custom_padding=\u00bb||40px|||\u00bb global_colors_info=\u00bb{}\u00bb][et_pb_row _builder_version=\u00bb4.21.0&#8243; _module_preset=\u00bb_initial\u00bb custom_margin_tablet=\u00bb||0px||false|false\u00bb custom_margin_phone=\u00bb||0px||false|false\u00bb custom_margin_last_edited=\u00bbon|phone\u00bb custom_padding_tablet=\u00bb||0px||false|false\u00bb custom_padding_phone=\u00bb||0px||false|false\u00bb global_colors_info=\u00bb{}\u00bb][et_pb_column type=\u00bb4_4&#8243; _builder_version=\u00bb4.21.0&#8243; _module_preset=\u00bbdefault\u00bb global_colors_info=\u00bb{}\u00bb][et_pb_text _builder_version=\u00bb4.23.1&#8243; _module_preset=\u00bbdefault\u00bb hover_enabled=\u00bb0&#8243; global_colors_info=\u00bb{}\u00bb sticky_enabled=\u00bb0&#8243;]<\/p>\n<h2><strong>Noticias<\/strong><\/h2>\n<h2><span style=\"text-decoration: underline;\">C\u00c1MARA HIPERB\u00c1RICA-HAUX de \u00faltima generaci\u00f3n en el Hospital de la ciudad de Ostrava<\/span><\/h2>\n<p><strong><em><\/em><\/strong><\/p>\n<p>[\/et_pb_text][\/et_pb_column][\/et_pb_row][et_pb_row _builder_version=\u00bb4.23.1&#8243; _module_preset=\u00bbdefault\u00bb custom_padding=\u00bb||30px|||\u00bb global_colors_info=\u00bb{}\u00bb][et_pb_column type=\u00bb4_4&#8243; _builder_version=\u00bb4.23.1&#8243; _module_preset=\u00bbdefault\u00bb global_colors_info=\u00bb{}\u00bb][et_pb_text _builder_version=\u00bb4.23.1&#8243; _module_preset=\u00bbdefault\u00bb hover_enabled=\u00bb0&#8243; global_colors_info=\u00bb{}\u00bb sticky_enabled=\u00bb0&#8243;]<\/p>\n<p>Nos complace anunciar la exitosa instalaci\u00f3n y puesta en marcha del <strong>HAUX-QUADRO 2700-2200<\/strong> en el renombrado Hospital de la ciudad de Ostrava en la Rep\u00fablica Checa. Este proyecto representa un avance signifi cativo en la oxigenoterapia hiperb\u00e1rica (terapia HBO) en la Rep\u00fablica Checa y demuestra nuestro liderazgo en el desarrollo de tecnolog\u00eda m\u00e9dica avanzada.<\/p>\n<p>[\/et_pb_text][\/et_pb_column][\/et_pb_row][et_pb_row _builder_version=\u00bb4.23.1&#8243; _module_preset=\u00bbdefault\u00bb global_colors_info=\u00bb{}\u00bb][et_pb_column type=\u00bb4_4&#8243; _builder_version=\u00bb4.23.1&#8243; _module_preset=\u00bbdefault\u00bb global_colors_info=\u00bb{}\u00bb][et_pb_video src=\u00bbhttps:\/\/hauxlifesupport.de\/wp-content\/uploads\/2024\/12\/IMG_1144.mp4&#8243; _builder_version=\u00bb4.23.1&#8243; _module_preset=\u00bbdefault\u00bb width=\u00bb100%\u00bb module_alignment=\u00bbleft\u00bb global_colors_info=\u00bb{}\u00bb][\/et_pb_video][\/et_pb_column][\/et_pb_row][et_pb_row _builder_version=\u00bb4.21.0&#8243; _module_preset=\u00bb_initial\u00bb global_colors_info=\u00bb{}\u00bb][et_pb_column type=\u00bb4_4&#8243; _builder_version=\u00bb4.21.0&#8243; _module_preset=\u00bbdefault\u00bb global_colors_info=\u00bb{}\u00bb][et_pb_text _builder_version=\u00bb4.23.1&#8243; _module_preset=\u00bbdefault\u00bb custom_padding=\u00bb30px||||false|false\u00bb hover_enabled=\u00bb0&#8243; border_style_bottom=\u00bbnone\u00bb global_colors_info=\u00bb{}\u00bb sticky_enabled=\u00bb0&#8243;]<\/p>\n<p><strong>Especifi caciones t\u00e9cnicas<\/strong><\/p>\n<p>La C\u00e1mara Hiperb\u00e1rica <strong>HAUX-QUADRO 2700-2200<\/strong> con su cuerpo de presi\u00f3n rectangular est\u00e1 dise\u00f1ada para proporcionar un entorno de tratamiento \u00f3ptimo. Con una capacidad de 16 personas en la sala principal y 2 personas en la antec\u00e1mara, podemos asegurar que varios pacientes se benefi cien de la terapia HBO al mismo tiempo. La c\u00e1mara est\u00e1 dise\u00f1ada para una presi\u00f3n de funcionamiento de 2 bar.<\/p>\n<p><strong>Cronograma y hitos del proyecto<\/strong><\/p>\n<p>Ya en 2007 modernizamos el sistema de control de la C\u00e1mara Hiperb\u00e1rica que ya exist\u00eda hace d\u00e9cadas en el Hospital de la ciudad de Ostrava. La nueva licitaci\u00f3n de 2020, que pudimos ganar en el marco de una licitaci\u00f3n de la UE, inclu\u00eda la sustituci\u00f3n del sistema existente por una C\u00e1mara Hiperb\u00e1rica de \u00faltima generaci\u00f3n completamente nueva. La ingenier\u00eda del proyecto estuvo a cargo de nuestro departamento de dise\u00f1o. El objetivo era seguir utilizando la sala t\u00e9cnica existente en el edifi cio vecino y trasladar la nueva C\u00e1mara Hiperb\u00e1rica a un nuevo edifi cio. El proyecto se complet\u00f3 con \u00e9xito en 2024, cumpliendo con todos los requisitos del cliente.<\/p>\n<p><strong>Excelente cooperaci\u00f3n <\/strong><\/p>\n<p>Un factor clave para el \u00e9xito de este proyecto fue la estrecha colaboraci\u00f3n con nuestro socio local HAUX, que coordin\u00f3 con \u00e9xito la comunicaci\u00f3n con el Hospital de la ciudad de Ostrava. Gracias a esta colaboraci\u00f3n, el hospital pudo llevar su Oxigenoterapia HBO al estado actual. De esta forma se garantiza que los pacientes reciban el mejor tratamiento posible y que la investigaci\u00f3n en el campo de la terapia HBO, que se lleva a cabo en cooperaci\u00f3n con el hospital universitario local, pueda continuar al m\u00e1s alto nivel. Una empresa de transporte especializada en transporte pesado tambi\u00e9n jug\u00f3 un papel importante para permitir que la C\u00e1mara hiperb\u00e1rica, con un peso de aproximadamente 45 toneladas, pudiera instalarse de forma segura y sin problemas en el nuevo edifi cio.<\/p>\n<p><strong>Caracter\u00edsticas especiales del proyecto <\/strong><\/p>\n<p>En comparaci\u00f3n con la c\u00e1mara anterior, el nuevo <strong>HAUX-QUADRO 2700-2200<\/strong> en el Hospital de la ciudad de Ostrava ofrece, adem\u00e1s del dise\u00f1o especial del recipiente de presi\u00f3n en forma rectangular, tambi\u00e9n existen varias funciones y ventajas innovadoras que mejoran signifi cativamente el proceso de terapia para los pacientes. Una de las caracter\u00edsticas m\u00e1s destacables es la menor resistencia a la hora de respirar. Si bien los reguladores que ayudan a la respiraci\u00f3n convencionales a menudo generan una cierta cantidad de resistencia, una tecnolog\u00eda especial en la nueva c\u00e1mara de presi\u00f3n garantiza una resistencia respiratoria m\u00ednima y permite a los pacientes mantener la m\u00e1scara de respiraci\u00f3n puesta durante toda la duraci\u00f3n de la terapia, incluso con una presi\u00f3n de c\u00e1mara de menos de 0,3 bar.<\/p>\n<p><strong>Perspectivas futuras <\/strong><\/p>\n<p>Con la exitosa instalaci\u00f3n de esta C\u00e1mara Hiperb\u00e1rica de \u00faltima generaci\u00f3n, el Hospital de la ciudad de Ostrava ahora puede ofrecer terapia HBOT a un nuevo nivel en la Rep\u00fablica Checa. En HAUX, estamos comprometidos a desarrollar e implementar tecnolog\u00edas m\u00e9dicas de vanguardia con nuestros clientes para mejorar la atenci\u00f3n m\u00e9dica en todo el mundo. La colaboraci\u00f3n con el Hospital de la ciudad de Ostrava es uno de los muchos ejemplos de c\u00f3mo nuestras innovaciones y experiencias pueden optimizar la pr\u00e1ctica m\u00e9dica y mejorar de forma sostenible la atenci\u00f3n al paciente a trav\u00e9s de avances tecnol\u00f3gicos.<\/p>\n<p>[\/et_pb_text][\/et_pb_column][\/et_pb_row][\/et_pb_section]<\/p>\n","protected":false},"excerpt":{"rendered":"<p>Noticias C\u00c1MARA HIPERB\u00c1RICA-HAUX de \u00faltima generaci\u00f3n en el Hospital de la ciudad de Ostrava Nos complace anunciar la exitosa instalaci\u00f3n y puesta en marcha del HAUX-QUADRO 2700-2200 en el renombrado Hospital de la ciudad de Ostrava en la Rep\u00fablica Checa. Este proyecto representa un avance signifi cativo en la oxigenoterapia hiperb\u00e1rica (terapia HBO) en la [&hellip;]<\/p>\n","protected":false},"author":3,"featured_media":0,"parent":243262,"menu_order":0,"comment_status":"closed","ping_status":"closed","template":"","meta":{"_et_pb_use_builder":"on","_et_pb_old_content":"","_et_gb_content_width":"","_relevanssi_hide_post":"","_relevanssi_hide_content":"","_relevanssi_pin_for_all":"","_relevanssi_pin_keywords":"","_relevanssi_unpin_keywords":"","_relevanssi_related_keywords":"","_relevanssi_related_include_ids":"","_relevanssi_related_exclude_ids":"","_relevanssi_related_no_append":"","_relevanssi_related_not_related":"","_relevanssi_related_posts":"","_relevanssi_noindex_reason":"","footnotes":""},"class_list":["post-243369","page","type-page","status-publish","hentry"],"_links":{"self":[{"href":"https:\/\/hauxlifesupport.de\/es\/wp-json\/wp\/v2\/pages\/243369","targetHints":{"allow":["GET"]}}],"collection":[{"href":"https:\/\/hauxlifesupport.de\/es\/wp-json\/wp\/v2\/pages"}],"about":[{"href":"https:\/\/hauxlifesupport.de\/es\/wp-json\/wp\/v2\/types\/page"}],"author":[{"embeddable":true,"href":"https:\/\/hauxlifesupport.de\/es\/wp-json\/wp\/v2\/users\/3"}],"replies":[{"embeddable":true,"href":"https:\/\/hauxlifesupport.de\/es\/wp-json\/wp\/v2\/comments?post=243369"}],"version-history":[{"count":4,"href":"https:\/\/hauxlifesupport.de\/es\/wp-json\/wp\/v2\/pages\/243369\/revisions"}],"predecessor-version":[{"id":243373,"href":"https:\/\/hauxlifesupport.de\/es\/wp-json\/wp\/v2\/pages\/243369\/revisions\/243373"}],"up":[{"embeddable":true,"href":"https:\/\/hauxlifesupport.de\/es\/wp-json\/wp\/v2\/pages\/243262"}],"wp:attachment":[{"href":"https:\/\/hauxlifesupport.de\/es\/wp-json\/wp\/v2\/media?parent=243369"}],"curies":[{"name":"wp","href":"https:\/\/api.w.org\/{rel}","templated":true}]}}