{"id":243303,"date":"2024-09-03T08:25:29","date_gmt":"2024-09-03T06:25:29","guid":{"rendered":"https:\/\/hauxlifesupport.de\/la-compania\/news\/auftrag-fuer-hoehenphysiologie-und-hyperbare-kammer\/"},"modified":"2026-03-02T21:00:35","modified_gmt":"2026-03-02T20:00:35","slug":"camara-de-fisiologia-de-aeroespacial-y-camara-medicina-hiperbarica","status":"publish","type":"page","link":"https:\/\/hauxlifesupport.de\/es\/la-compania\/noticias\/camara-de-fisiologia-de-aeroespacial-y-camara-medicina-hiperbarica\/","title":{"rendered":"Noticias &#8211; Contrato para c\u00e1mara de fisiolog\u00eda de aeroespacial y c\u00e1mara medicina hiperb\u00e1rica"},"content":{"rendered":"<p>[et_pb_section fb_built=\u00bb1&#8243; admin_label=\u00bbSlider\u00bb _builder_version=\u00bb4.21.0&#8243; _module_preset=\u00bbdefault\u00bb width=\u00bb100%\u00bb max_width=\u00bb100%\u00bb custom_padding=\u00bb0px||0px||false|false\u00bb custom_padding_tablet=\u00bb0px||0px||false|false\u00bb custom_padding_phone=\u00bb0px||0px||false|false\u00bb global_colors_info=\u00bb{}\u00bb][et_pb_row _builder_version=\u00bb4.21.0&#8243; _module_preset=\u00bbdefault\u00bb background_enable_color=\u00bboff\u00bb width=\u00bb100%\u00bb width_tablet=\u00bb100%\u00bb width_phone=\u00bb100%\u00bb width_last_edited=\u00bbon|desktop\u00bb max_width=\u00bb100%\u00bb module_alignment=\u00bbleft\u00bb custom_margin=\u00bb0px||0px||false|false\u00bb custom_margin_tablet=\u00bb|0px||0px|false|false\u00bb custom_padding=\u00bb0px||0px||false|false\u00bb custom_padding_tablet=\u00bb|0px||0px|false|true\u00bb global_colors_info=\u00bb{}\u00bb][et_pb_column type=\u00bb4_4&#8243; _builder_version=\u00bb4.21.0&#8243; _module_preset=\u00bbdefault\u00bb background_enable_color=\u00bboff\u00bb global_colors_info=\u00bb{}\u00bb][et_pb_slider _builder_version=\u00bb4.23.1&#8243; _module_preset=\u00bbdefault\u00bb custom_padding_tablet=\u00bb180px|0px|180px|0px|false|false\u00bb header_font_size_tablet=\u00bb\u00bb header_font_size_phone=\u00bb39px\u00bb header_font_size_last_edited=\u00bbon|tablet\u00bb body_font_size_phone=\u00bb39px\u00bb global_colors_info=\u00bb{}\u00bb][et_pb_slide _builder_version=\u00bb4.23.1&#8243; _module_preset=\u00bbdefault\u00bb background_image=\u00bbhttps:\/\/hauxlifesupport.de\/wp-content\/uploads\/2023\/10\/Produkte_Sondersysteme_H_D.jpg\u00bb background_position=\u00bbtop_center\u00bb background_vertical_offset=\u00bb0%\u00bb custom_padding=\u00bb|0px||0px|false|false\u00bb global_colors_info=\u00bb{}\u00bb sticky_transition=\u00bbon\u00bb]<\/p>\n<p><strong><br \/><\/strong><strong><\/strong><\/p>\n<p>[\/et_pb_slide][\/et_pb_slider][\/et_pb_column][\/et_pb_row][\/et_pb_section][et_pb_section fb_built=\u00bb1&#8243; admin_label=\u00bbWillkommen\u00bb _builder_version=\u00bb4.21.0&#8243; _module_preset=\u00bbdefault\u00bb global_colors_info=\u00bb{}\u00bb][et_pb_row _builder_version=\u00bb4.21.0&#8243; _module_preset=\u00bb_initial\u00bb custom_margin_tablet=\u00bb||0px||false|false\u00bb custom_margin_phone=\u00bb||0px||false|false\u00bb custom_margin_last_edited=\u00bbon|phone\u00bb custom_padding_tablet=\u00bb||0px||false|false\u00bb custom_padding_phone=\u00bb||0px||false|false\u00bb global_colors_info=\u00bb{}\u00bb][et_pb_column type=\u00bb4_4&#8243; _builder_version=\u00bb4.21.0&#8243; _module_preset=\u00bbdefault\u00bb global_colors_info=\u00bb{}\u00bb][et_pb_text _builder_version=\u00bb4.23.1&#8243; _module_preset=\u00bbdefault\u00bb global_colors_info=\u00bb{}\u00bb]<\/p>\n<h2><strong>Noticias<\/strong><\/h2>\n<h2><span style=\"text-decoration: underline;\">Contrato para c\u00e1mara de fisiolog\u00eda de aeroespacial y c\u00e1mara medicina hiperb\u00e1rica<\/span><\/h2>\n<p><strong><em><\/em><\/strong><\/p>\n<p>[\/et_pb_text][\/et_pb_column][\/et_pb_row][et_pb_row _builder_version=\u00bb4.21.0&#8243; _module_preset=\u00bb_initial\u00bb global_colors_info=\u00bb{}\u00bb][et_pb_column type=\u00bb4_4&#8243; _builder_version=\u00bb4.21.0&#8243; _module_preset=\u00bbdefault\u00bb global_colors_info=\u00bb{}\u00bb][et_pb_text _builder_version=\u00bb4.23.1&#8243; _module_preset=\u00bbdefault\u00bb hover_enabled=\u00bb0&#8243; border_style_bottom=\u00bbnone\u00bb global_colors_info=\u00bb{}\u00bb sticky_enabled=\u00bb0&#8243;]<\/p>\n<p><strong>El Instituto Checo de Medicina Aeroespacial concede un pedido para c\u00e1maras de fisiolog\u00eda aeroespacial y medicina hiperb\u00e1rica a HAUX-LIFE-SUPPORT<\/strong><\/p>\n<p>Despu\u00e9s de una oferta p\u00fablica internacional en la UE, el pedido del Instituto de Medicina Aeroespacial en Praga para una c\u00e1mara de fisiolog\u00eda aeroespacial, una c\u00e1mara hiperb\u00e1rica y las modificaciones necesarias del edificio fue otorgado a <strong>HAUX-LIFE-SUPPORT GmbH<\/strong>.<\/p>\n<p><strong>HAUX-LIFE-SUPPORT GmbH<\/strong> concluy\u00f3 una colaboraci\u00f3n global, estrat\u00e9gica y de larga duraci\u00f3n con la empresa austriaca <strong>JFJ Consulting GmbH<\/strong> para ampliar sus esfuerzos en el \u00e1mbito de fisiolog\u00eda aeroespacial hipob\u00e1rica.<\/p>\n<p>La colaboraci\u00f3n tiene como objetivo el desarollo continuo de c\u00e1maras de fisiolog\u00eda aeroespacial HAUX para la formaci\u00f3n de pilotos con el m\u00e1s alto de desempe\u00f1o, calidad y seguridad, adem\u00e1s el apoyo global en la distribuci\u00f3n en esta \u00e1rea en especial.<\/p>\n<p>Mientras el sistema m\u00e9dico hiperb\u00e1rico tipo <strong>HAUX-STARMED-QUADRO<\/strong> ser\u00e1 usado para realizar perfiles est\u00e1ndar de medicina hiperb\u00e1rica, el sistema hipob\u00e1rico tipo <strong>HAUX-PILOTSTAR<\/strong> sirve para el entrenamiento y la recapacitaci\u00f3n de pilotos para las operaciones altitudes de hasta 35 000 pie. As\u00ed como realizar investigaciones de fisiolog\u00eda aeroespacial.<\/p>\n<p>Los dos sistemas deben ser entregados y puestos en servicio al fin del a\u00f1o 2021.<\/p>\n<p>[\/et_pb_text][\/et_pb_column][\/et_pb_row][\/et_pb_section][et_pb_section fb_built=\u00bb1&#8243; custom_padding_last_edited=\u00bbon|tablet\u00bb admin_label=\u00bbNews HAUX-LIFE-SUPPORT\u00bb _builder_version=\u00bb4.21.0&#8243; _module_preset=\u00bbdefault\u00bb background_color=\u00bbRGBA(255,255,255,0)\u00bb background_image=\u00bbhttps:\/\/hauxlifesupport.de\/wp-content\/uploads\/2023\/06\/827aa74837e28e0ff72c3c9487b38e28.jpg\u00bb custom_padding=\u00bb||||false|false\u00bb custom_padding_tablet=\u00bb||||false|false\u00bb custom_padding_phone=\u00bb||||false|false\u00bb global_colors_info=\u00bb{}\u00bb][et_pb_row _builder_version=\u00bb4.21.0&#8243; _module_preset=\u00bbdefault\u00bb global_colors_info=\u00bb{}\u00bb][et_pb_column type=\u00bb4_4&#8243; admin_label=\u00bbSpalte\u00bb _builder_version=\u00bb4.21.0&#8243; _module_preset=\u00bbdefault\u00bb global_colors_info=\u00bb{}\u00bb][dica_divi_carousel show_items_tablet=\u00bb2&#8243; autoplay=\u00bbon\u00bb hoverpause=\u00bbon\u00bb autoplay_speed=\u00bb2500&#8243; arrow_nav_color=\u00bbgcid-8d004b11-584e-4716-8158-78133c0b6f77&#8243; content_container_padding=\u00bb0px|40px|0px|40px|false|false\u00bb content_container_padding_tablet=\u00bb0px|28px|0px|28px|false|false\u00bb content_container_padding_phone=\u00bb0px|28px|0px|28px|false|false\u00bb content_container_padding_last_edited=\u00bbon|desktop\u00bb arrow_position_tablet=\u00bbmiddle-inside\u00bb arrow_position_phone=\u00bbmiddle-inside\u00bb arrow_font_size_phone=\u00bb40px\u00bb admin_label=\u00bbDivi Carousel\u00bb _builder_version=\u00bb4.23.1&#8243; _module_preset=\u00bb_initial\u00bb title_text_color=\u00bbgcid-8d004b11-584e-4716-8158-78133c0b6f77&#8243; global_colors_info=\u00bb{%22gcid-8d004b11-584e-4716-8158-78133c0b6f77%22:%91%22arrow_nav_color%22,%22title_text_color%22%93}\u00bb][dica_divi_carouselitem button_url_new_window=\u00bb1&#8243; image=\u00bbhttps:\/\/hauxlifesupport.de\/wp-content\/uploads\/2023\/07\/QUADRO_3D.jpg\u00bb image_lightbox=\u00bbon\u00bb image_padding=\u00bb||||false|false\u00bb content_padding=\u00bb||||false|false\u00bb button_margin=\u00bb||||false|false\u00bb button_padding=\u00bb||||false|false\u00bb custom_margin=\u00bb||||false|false\u00bb custom_padding=\u00bb||||false|false\u00bb _builder_version=\u00bb4.23.1&#8243; _module_preset=\u00bbdefault\u00bb header_level=\u00bbh3&#8243; header_font=\u00bb|700|||||||\u00bb header_text_color=\u00bbgcid-8d004b11-584e-4716-8158-78133c0b6f77&#8243; global_colors_info=\u00bb{%22gcid-8d004b11-584e-4716-8158-78133c0b6f77%22:%91%22header_text_color%22%93}\u00bb][\/dica_divi_carouselitem][dica_divi_carouselitem button_url_new_window=\u00bb1&#8243; image=\u00bbhttps:\/\/hauxlifesupport.de\/wp-content\/uploads\/2023\/07\/PILOTSTAR_3D_bearbeitet.jpg\u00bb image_padding=\u00bb||||false|false\u00bb content_padding=\u00bb||||false|false\u00bb button_margin=\u00bb||||false|false\u00bb button_padding=\u00bb||||false|false\u00bb custom_margin=\u00bb||||false|false\u00bb custom_padding=\u00bb||||false|false\u00bb _builder_version=\u00bb4.23.1&#8243; _module_preset=\u00bbdefault\u00bb header_level=\u00bbh3&#8243; header_font=\u00bb|700|||||||\u00bb header_text_color=\u00bbgcid-8d004b11-584e-4716-8158-78133c0b6f77&#8243; global_colors_info=\u00bb{%22gcid-8d004b11-584e-4716-8158-78133c0b6f77%22:%91%22header_text_color%22%93}\u00bb][\/dica_divi_carouselitem][\/dica_divi_carousel][\/et_pb_column][\/et_pb_row][\/et_pb_section]<\/p>\n","protected":false},"excerpt":{"rendered":"<p>Noticias Contrato para c\u00e1mara de fisiolog\u00eda de aeroespacial y c\u00e1mara medicina hiperb\u00e1rica El Instituto Checo de Medicina Aeroespacial concede un pedido para c\u00e1maras de fisiolog\u00eda aeroespacial y medicina hiperb\u00e1rica a HAUX-LIFE-SUPPORT Despu\u00e9s de una oferta p\u00fablica internacional en la UE, el pedido del Instituto de Medicina Aeroespacial en Praga para una c\u00e1mara de fisiolog\u00eda aeroespacial, [&hellip;]<\/p>\n","protected":false},"author":3,"featured_media":0,"parent":243262,"menu_order":0,"comment_status":"closed","ping_status":"closed","template":"","meta":{"_et_pb_use_builder":"on","_et_pb_old_content":"","_et_gb_content_width":"","_relevanssi_hide_post":"","_relevanssi_hide_content":"","_relevanssi_pin_for_all":"","_relevanssi_pin_keywords":"","_relevanssi_unpin_keywords":"","_relevanssi_related_keywords":"","_relevanssi_related_include_ids":"","_relevanssi_related_exclude_ids":"","_relevanssi_related_no_append":"","_relevanssi_related_not_related":"","_relevanssi_related_posts":"","_relevanssi_noindex_reason":"","footnotes":""},"class_list":["post-243303","page","type-page","status-publish","hentry"],"_links":{"self":[{"href":"https:\/\/hauxlifesupport.de\/es\/wp-json\/wp\/v2\/pages\/243303","targetHints":{"allow":["GET"]}}],"collection":[{"href":"https:\/\/hauxlifesupport.de\/es\/wp-json\/wp\/v2\/pages"}],"about":[{"href":"https:\/\/hauxlifesupport.de\/es\/wp-json\/wp\/v2\/types\/page"}],"author":[{"embeddable":true,"href":"https:\/\/hauxlifesupport.de\/es\/wp-json\/wp\/v2\/users\/3"}],"replies":[{"embeddable":true,"href":"https:\/\/hauxlifesupport.de\/es\/wp-json\/wp\/v2\/comments?post=243303"}],"version-history":[{"count":5,"href":"https:\/\/hauxlifesupport.de\/es\/wp-json\/wp\/v2\/pages\/243303\/revisions"}],"predecessor-version":[{"id":243329,"href":"https:\/\/hauxlifesupport.de\/es\/wp-json\/wp\/v2\/pages\/243303\/revisions\/243329"}],"up":[{"embeddable":true,"href":"https:\/\/hauxlifesupport.de\/es\/wp-json\/wp\/v2\/pages\/243262"}],"wp:attachment":[{"href":"https:\/\/hauxlifesupport.de\/es\/wp-json\/wp\/v2\/media?parent=243303"}],"curies":[{"name":"wp","href":"https:\/\/api.w.org\/{rel}","templated":true}]}}