{"id":243275,"date":"2024-09-03T08:52:17","date_gmt":"2024-09-03T06:52:17","guid":{"rendered":"https:\/\/hauxlifesupport.de\/la-compania\/news\/taucherglockenanlage-fur-das-rhein-schiff-carl-straat\/"},"modified":"2026-03-02T21:34:58","modified_gmt":"2026-03-02T20:34:58","slug":"buque-con-campana-de-buceo-carl-straat","status":"publish","type":"page","link":"https:\/\/hauxlifesupport.de\/es\/la-compania\/noticias\/buque-con-campana-de-buceo-carl-straat\/","title":{"rendered":"Noticias &#8211; Sistema de campana de inmersi\u00f3n para el buque del Rin\u00a0Carl Straat"},"content":{"rendered":"<p>[et_pb_section fb_built=\u00bb1&#8243; admin_label=\u00bbSlider\u00bb _builder_version=\u00bb4.21.0&#8243; _module_preset=\u00bbdefault\u00bb width=\u00bb100%\u00bb max_width=\u00bb100%\u00bb custom_padding=\u00bb0px||0px||false|false\u00bb custom_padding_tablet=\u00bb0px||0px||false|false\u00bb custom_padding_phone=\u00bb0px||0px||false|false\u00bb global_colors_info=\u00bb{}\u00bb][et_pb_row _builder_version=\u00bb4.21.0&#8243; _module_preset=\u00bbdefault\u00bb background_enable_color=\u00bboff\u00bb width=\u00bb100%\u00bb width_tablet=\u00bb100%\u00bb width_phone=\u00bb100%\u00bb width_last_edited=\u00bbon|desktop\u00bb max_width=\u00bb100%\u00bb module_alignment=\u00bbleft\u00bb custom_margin=\u00bb0px||0px||false|false\u00bb custom_margin_tablet=\u00bb|0px||0px|false|false\u00bb custom_padding=\u00bb0px||0px||false|false\u00bb custom_padding_tablet=\u00bb|0px||0px|false|true\u00bb global_colors_info=\u00bb{}\u00bb][et_pb_column type=\u00bb4_4&#8243; _builder_version=\u00bb4.21.0&#8243; _module_preset=\u00bbdefault\u00bb background_enable_color=\u00bboff\u00bb global_colors_info=\u00bb{}\u00bb][et_pb_slider _builder_version=\u00bb4.21.0&#8243; _module_preset=\u00bbdefault\u00bb custom_padding_tablet=\u00bb180px|0px|180px|0px|false|false\u00bb header_font_size_tablet=\u00bb\u00bb header_font_size_phone=\u00bb39px\u00bb header_font_size_last_edited=\u00bbon|tablet\u00bb body_font_size_phone=\u00bb39px\u00bb global_colors_info=\u00bb{}\u00bb][et_pb_slide _builder_version=\u00bb4.21.0&#8243; _module_preset=\u00bbdefault\u00bb background_image=\u00bbhttps:\/\/hauxlifesupport.de\/wp-content\/uploads\/2023\/10\/Produkte_Tauchtechnik_Taucherglockenschiff.jpg\u00bb custom_padding=\u00bb|0px||0px|false|false\u00bb global_colors_info=\u00bb{}\u00bb sticky_transition=\u00bbon\u00bb]<\/p>\n<p><strong><br \/><\/strong><strong><\/strong><\/p>\n<p>[\/et_pb_slide][\/et_pb_slider][\/et_pb_column][\/et_pb_row][\/et_pb_section][et_pb_section fb_built=\u00bb1&#8243; admin_label=\u00bbWillkommen\u00bb _builder_version=\u00bb4.21.0&#8243; _module_preset=\u00bbdefault\u00bb global_colors_info=\u00bb{}\u00bb][et_pb_row _builder_version=\u00bb4.21.0&#8243; _module_preset=\u00bb_initial\u00bb custom_margin_tablet=\u00bb||0px||false|false\u00bb custom_margin_phone=\u00bb||0px||false|false\u00bb custom_margin_last_edited=\u00bbon|phone\u00bb custom_padding_tablet=\u00bb||0px||false|false\u00bb custom_padding_phone=\u00bb||0px||false|false\u00bb global_colors_info=\u00bb{}\u00bb][et_pb_column type=\u00bb4_4&#8243; _builder_version=\u00bb4.21.0&#8243; _module_preset=\u00bbdefault\u00bb global_colors_info=\u00bb{}\u00bb][et_pb_text _builder_version=\u00bb4.23.1&#8243; _module_preset=\u00bbdefault\u00bb hover_enabled=\u00bb0&#8243; global_colors_info=\u00bb{}\u00bb sticky_enabled=\u00bb0&#8243;]<\/p>\n<h2><strong>Noticias<\/strong><\/h2>\n<h2><span style=\"text-decoration: underline;\">Sistema de campana de inmersi\u00f3n para el buque del Rin <em>Carl Straat<\/em><\/span><\/h2>\n<p>[\/et_pb_text][\/et_pb_column][\/et_pb_row][et_pb_row _builder_version=\u00bb4.21.0&#8243; _module_preset=\u00bb_initial\u00bb global_colors_info=\u00bb{}\u00bb][et_pb_column type=\u00bb4_4&#8243; _builder_version=\u00bb4.21.0&#8243; _module_preset=\u00bbdefault\u00bb global_colors_info=\u00bb{}\u00bb][et_pb_text _builder_version=\u00bb4.23.1&#8243; _module_preset=\u00bbdefault\u00bb border_style_bottom=\u00bbnone\u00bb global_colors_info=\u00bb{}\u00bb]<strong>HAUX-LIFE-SUPPORT<\/strong> entrega la campana de buceo para el b\u00faque <em>Carl Straat<\/em> del Wasserstra\u00dfen- und Schifffahrtsamt Duisburg-Rhein (WSA) (departamento de v\u00edas fluviales y navegaci\u00f3n). El nuevo b\u00faque con campana de buceo va a sustituir a el b\u00faque con el mismo nombre que opera en el Rin desde 1963.<\/p>\n<p>El moderno sistema desarrollado por <strong>HAUX<\/strong>, esta integrado en un dispositivo de elevaci\u00f3n que permite trabajar en el Rin y sus afluentes sin necesidad de reducir el nivel del agua. Seg\u00fan el WSA la <em>Carl Straat<\/em> puede construir anclajes en grava o en rocas, y tomar muestras a trav\u00e9s de perforaci\u00f3nes de terreno congelado con nitr\u00f3gen.<\/p>\n<p>Prof. Dr. -Ing. Hans-Heinrich Witte, presidente de la direcci\u00f3n general del WSA: \u201cEl nuevo b\u00faque es \u00fanico en todo el mundo. Este b\u00faque especial se necesita para buscar y recuperar carga perdida o partes de b\u00faques naufragados a lo largo del Rin y sus afluentes. Adem\u00e1s, es utilizado para trabajos especializados en el cauce de los r\u00edos o para la inspecci\u00f3n de construcci\u00f3nes.\u201d<\/p>\n<p>Las c\u00e1maras de presi\u00f3n <strong>HAUX-STARCOM<\/strong> y <strong>HAUX-BELLSTAR<\/strong> estan integrados en el sistema, que consiste de una antec\u00e1mara, un tubo de esclusa con escalera y una campana de presi\u00f3n con una capacidad para 6 personas. La presi\u00f3n de trabajo de la campana es suficiente para operar en el cauce, 10 metros bajo la superficie del agua. La configuraci\u00f3n del sistema pueder ser adaptada a las influencias de la corriente y esta equipado con el sistema certificado, <strong>SISTEMA DE EXTINCI\u00d3N DE INCENDIOS<\/strong> <strong>HAUX<\/strong>, adem\u00e1s de un sistema de respiraci\u00f3n de alto rendimiento para todos los compartimientos, aislamiento y calefacci\u00f3n de la campana.<\/p>\n<p>El encargo para la nueva <em>Carl Straat<\/em> ir\u00e1 al Astillero holand\u00e9s \u201cDamen Shipyards\u201d en Hardinxveld y la entrega al WSA esta previsto para el a\u00f1o 2020.<\/p>\n<p>Haga clic <a href=\"https:\/\/www.home-of-welding.com\/news\/den-gefahren-unter-wasser-auf-der-spur-1359\" target=\"_blank\" rel=\"noopener noreferrer\">aqu\u00ed<\/a> para un art\u00edculo interesante con mucha informaci\u00f3n sobre el sistema de buceo.[\/et_pb_text][\/et_pb_column][\/et_pb_row][\/et_pb_section][et_pb_section fb_built=\u00bb1&#8243; custom_padding_last_edited=\u00bbon|tablet\u00bb admin_label=\u00bbNews HAUX-LIFE-SUPPORT\u00bb _builder_version=\u00bb4.21.0&#8243; _module_preset=\u00bbdefault\u00bb background_color=\u00bbRGBA(255,255,255,0)\u00bb background_image=\u00bbhttps:\/\/hauxlifesupport.de\/wp-content\/uploads\/2023\/06\/827aa74837e28e0ff72c3c9487b38e28.jpg\u00bb custom_padding=\u00bb||||false|false\u00bb custom_padding_tablet=\u00bb||||false|false\u00bb custom_padding_phone=\u00bb||||false|false\u00bb global_colors_info=\u00bb{}\u00bb][et_pb_row _builder_version=\u00bb4.21.0&#8243; _module_preset=\u00bbdefault\u00bb global_colors_info=\u00bb{}\u00bb][et_pb_column type=\u00bb4_4&#8243; admin_label=\u00bbSpalte\u00bb _builder_version=\u00bb4.21.0&#8243; _module_preset=\u00bbdefault\u00bb global_colors_info=\u00bb{}\u00bb][dica_divi_carousel show_items_tablet=\u00bb2&#8243; autoplay=\u00bbon\u00bb hoverpause=\u00bbon\u00bb autoplay_speed=\u00bb2500&#8243; arrow_nav_color=\u00bbgcid-8d004b11-584e-4716-8158-78133c0b6f77&#8243; content_container_padding=\u00bb0px|40px|0px|40px|false|false\u00bb content_container_padding_tablet=\u00bb0px|28px|0px|28px|false|false\u00bb content_container_padding_phone=\u00bb0px|28px|0px|28px|false|false\u00bb content_container_padding_last_edited=\u00bbon|desktop\u00bb arrow_position_tablet=\u00bbmiddle-inside\u00bb arrow_position_phone=\u00bbmiddle-inside\u00bb arrow_font_size_phone=\u00bb40px\u00bb admin_label=\u00bbDivi Carousel\u00bb _builder_version=\u00bb4.23.1&#8243; _module_preset=\u00bb_initial\u00bb title_text_color=\u00bbgcid-8d004b11-584e-4716-8158-78133c0b6f77&#8243; global_colors_info=\u00bb{%22gcid-8d004b11-584e-4716-8158-78133c0b6f77%22:%91%22arrow_nav_color%22,%22title_text_color%22%93}\u00bb][dica_divi_carouselitem button_url_new_window=\u00bb1&#8243; image=\u00bbhttps:\/\/hauxlifesupport.de\/wp-content\/uploads\/2023\/07\/Taucherglocke.jpg\u00bb image_padding=\u00bb||||false|false\u00bb content_padding=\u00bb||||false|false\u00bb button_margin=\u00bb||||false|false\u00bb button_padding=\u00bb||||false|false\u00bb custom_margin=\u00bb||||false|false\u00bb custom_padding=\u00bb||||false|false\u00bb _builder_version=\u00bb4.21.0&#8243; _module_preset=\u00bbdefault\u00bb header_level=\u00bbh3&#8243; header_font=\u00bb|700|||||||\u00bb header_text_color=\u00bbgcid-8d004b11-584e-4716-8158-78133c0b6f77&#8243; global_colors_info=\u00bb{%22gcid-8d004b11-584e-4716-8158-78133c0b6f77%22:%91%22header_text_color%22%93}\u00bb][\/dica_divi_carouselitem][dica_divi_carouselitem button_url_new_window=\u00bb1&#8243; image=\u00bbhttps:\/\/hauxlifesupport.de\/wp-content\/uploads\/2023\/07\/Schleusenrohr_2.jpg\u00bb image_padding=\u00bb||||false|false\u00bb content_padding=\u00bb||||false|false\u00bb button_margin=\u00bb||||false|false\u00bb button_padding=\u00bb||||false|false\u00bb custom_margin=\u00bb||||false|false\u00bb custom_padding=\u00bb||||false|false\u00bb _builder_version=\u00bb4.21.0&#8243; _module_preset=\u00bbdefault\u00bb header_level=\u00bbh3&#8243; header_font=\u00bb|700|||||||\u00bb header_text_color=\u00bbgcid-8d004b11-584e-4716-8158-78133c0b6f77&#8243; global_colors_info=\u00bb{%22gcid-8d004b11-584e-4716-8158-78133c0b6f77%22:%91%22header_text_color%22%93}\u00bb][\/dica_divi_carouselitem][\/dica_divi_carousel][\/et_pb_column][\/et_pb_row][\/et_pb_section]<\/p>\n","protected":false},"excerpt":{"rendered":"<p>Noticias Sistema de campana de inmersi\u00f3n para el buque del Rin Carl StraatHAUX-LIFE-SUPPORT entrega la campana de buceo para el b\u00faque Carl Straat del Wasserstra\u00dfen- und Schifffahrtsamt Duisburg-Rhein (WSA) (departamento de v\u00edas fluviales y navegaci\u00f3n). El nuevo b\u00faque con campana de buceo va a sustituir a el b\u00faque con el mismo nombre que opera en [&hellip;]<\/p>\n","protected":false},"author":3,"featured_media":0,"parent":243262,"menu_order":0,"comment_status":"closed","ping_status":"closed","template":"","meta":{"_et_pb_use_builder":"on","_et_pb_old_content":"","_et_gb_content_width":"","_relevanssi_hide_post":"","_relevanssi_hide_content":"","_relevanssi_pin_for_all":"","_relevanssi_pin_keywords":"","_relevanssi_unpin_keywords":"","_relevanssi_related_keywords":"","_relevanssi_related_include_ids":"","_relevanssi_related_exclude_ids":"","_relevanssi_related_no_append":"","_relevanssi_related_not_related":"","_relevanssi_related_posts":"","_relevanssi_noindex_reason":"","footnotes":""},"class_list":["post-243275","page","type-page","status-publish","hentry"],"_links":{"self":[{"href":"https:\/\/hauxlifesupport.de\/es\/wp-json\/wp\/v2\/pages\/243275","targetHints":{"allow":["GET"]}}],"collection":[{"href":"https:\/\/hauxlifesupport.de\/es\/wp-json\/wp\/v2\/pages"}],"about":[{"href":"https:\/\/hauxlifesupport.de\/es\/wp-json\/wp\/v2\/types\/page"}],"author":[{"embeddable":true,"href":"https:\/\/hauxlifesupport.de\/es\/wp-json\/wp\/v2\/users\/3"}],"replies":[{"embeddable":true,"href":"https:\/\/hauxlifesupport.de\/es\/wp-json\/wp\/v2\/comments?post=243275"}],"version-history":[{"count":8,"href":"https:\/\/hauxlifesupport.de\/es\/wp-json\/wp\/v2\/pages\/243275\/revisions"}],"predecessor-version":[{"id":243351,"href":"https:\/\/hauxlifesupport.de\/es\/wp-json\/wp\/v2\/pages\/243275\/revisions\/243351"}],"up":[{"embeddable":true,"href":"https:\/\/hauxlifesupport.de\/es\/wp-json\/wp\/v2\/pages\/243262"}],"wp:attachment":[{"href":"https:\/\/hauxlifesupport.de\/es\/wp-json\/wp\/v2\/media?parent=243275"}],"curies":[{"name":"wp","href":"https:\/\/api.w.org\/{rel}","templated":true}]}}