{"id":240732,"date":"2023-06-26T11:28:02","date_gmt":"2023-06-26T09:28:02","guid":{"rendered":"https:\/\/hauxlifesupport.de\/?page_id=240732"},"modified":"2025-03-27T13:58:34","modified_gmt":"2025-03-27T12:58:34","slug":"formacion-profesional-en-haux-life-support","status":"publish","type":"page","link":"https:\/\/hauxlifesupport.de\/es\/empleos-y-carrera-profesional\/formacion-profesional-en-haux-life-support\/","title":{"rendered":"Formaci\u00f3n profesional en HAUX-LIFE-SUPPORT"},"content":{"rendered":"<p>[et_pb_section fb_built=\u00bb1&#8243; admin_label=\u00bbSlider\u00bb _builder_version=\u00bb4.21.0&#8243; _module_preset=\u00bbf2843d24-ad56-442f-a9e1-e3041953524c\u00bb width=\u00bb100%\u00bb max_width=\u00bb100%\u00bb custom_padding=\u00bb0px||0px||false|false\u00bb custom_padding_tablet=\u00bb0px||0px||false|false\u00bb custom_padding_phone=\u00bb0px||0px||false|false\u00bb global_colors_info=\u00bb{}\u00bb][et_pb_row _builder_version=\u00bb4.21.0&#8243; _module_preset=\u00bb7cb6190c-4283-41e8-bb8b-ae469157ed96&#8243; width=\u00bb100%\u00bb width_tablet=\u00bb100%\u00bb width_phone=\u00bb100%\u00bb width_last_edited=\u00bbon|desktop\u00bb max_width=\u00bb100%\u00bb module_alignment=\u00bbleft\u00bb custom_margin=\u00bb0px||0px||false|false\u00bb custom_margin_tablet=\u00bb|0px||0px|false|false\u00bb custom_padding=\u00bb0px||0px||false|false\u00bb custom_padding_tablet=\u00bb|0px||0px|false|true\u00bb global_colors_info=\u00bb{}\u00bb][et_pb_column type=\u00bb4_4&#8243; _builder_version=\u00bb4.21.0&#8243; _module_preset=\u00bbdefault\u00bb global_colors_info=\u00bb{}\u00bb][et_pb_slider _builder_version=\u00bb4.21.0&#8243; _module_preset=\u00bbb8ceb8f1-18e1-4a30-87c9-e9b64e615132&#8243; custom_padding_tablet=\u00bb180px|0px|180px|0px|false|false\u00bb header_font_size_tablet=\u00bb\u00bb header_font_size_phone=\u00bb39px\u00bb header_font_size_last_edited=\u00bbon|tablet\u00bb body_font_size_phone=\u00bb39px\u00bb global_colors_info=\u00bb{}\u00bb][et_pb_slide _builder_version=\u00bb4.21.0&#8243; _module_preset=\u00bb2dc5af35-e1f8-410a-afef-aba0a25e6ce5&#8243; background_image=\u00bbhttps:\/\/hauxlifesupport.de\/wp-content\/uploads\/2023\/10\/Jobs-Karriere_H_D.jpg\u00bb custom_padding=\u00bb|0px||0px|false|false\u00bb global_colors_info=\u00bb{}\u00bb sticky_transition=\u00bbon\u00bb][\/et_pb_slide][\/et_pb_slider][\/et_pb_column][\/et_pb_row][\/et_pb_section][et_pb_section fb_built=\u00bb1&#8243; admin_label=\u00bbWillkommen\u00bb _builder_version=\u00bb4.21.0&#8243; _module_preset=\u00bbf2843d24-ad56-442f-a9e1-e3041953524c\u00bb global_colors_info=\u00bb{}\u00bb][et_pb_row _builder_version=\u00bb4.21.0&#8243; _module_preset=\u00bb3cb11947-cb60-4ac8-b6e8-a249bbc44256&#8243; global_colors_info=\u00bb{}\u00bb][et_pb_column type=\u00bb4_4&#8243; _builder_version=\u00bb4.21.0&#8243; _module_preset=\u00bbdefault\u00bb global_colors_info=\u00bb{}\u00bb][et_pb_text _builder_version=\u00bb4.21.0&#8243; _module_preset=\u00bb5a82baeb-455d-473e-b1fb-a29db5629153&#8243; custom_padding_tablet=\u00bb|2.5%||2.5%|false|false\u00bb custom_padding_phone=\u00bb|5%||5%|false|false\u00bb custom_padding_last_edited=\u00bbon|tablet\u00bb text_orientation_tablet=\u00bbcenter\u00bb text_orientation_phone=\u00bbcenter\u00bb text_orientation_last_edited=\u00bbon|tablet\u00bb global_colors_info=\u00bb{}\u00bb]<\/p>\n<h2 style=\"text-align: center;\"><span style=\"text-decoration: underline;\">Formaci\u00f3n profesional en HAUX-LIFE-SUPPORT<\/span><\/h2>\n<p style=\"text-align: center;\">\u00bfEsta interesado en una formaci\u00f3n profesional en el \u00e1mbito t\u00e9cnico o comercial?<\/p>\n<p style=\"text-align: center;\">Ofrecemos una formaci\u00f3n profesional variada, a personas motivadas y flexibles que tengan inter\u00e9s en la tecnolog\u00eda y trabajo en equipo:<\/p>\n<p>[\/et_pb_text][\/et_pb_column][\/et_pb_row][\/et_pb_section][et_pb_section fb_built=\u00bb1&#8243; admin_label=\u00bbHalb-Halb-BG-IMG\u00bb _builder_version=\u00bb4.21.0&#8243; _module_preset=\u00bbdefault\u00bb background_color=\u00bb#F2F3F6&#8243; custom_margin_tablet=\u00bb\u00bb custom_margin_phone=\u00bb||||false|false\u00bb custom_margin_last_edited=\u00bbon|tablet\u00bb custom_padding=\u00bb0px||0px||false|false\u00bb custom_padding_tablet=\u00bb20px||0px||false|false\u00bb custom_padding_phone=\u00bb20px||0px||false|false\u00bb global_colors_info=\u00bb{}\u00bb][et_pb_row column_structure=\u00bb1_2,1_2&#8243; _builder_version=\u00bb4.21.0&#8243; _module_preset=\u00bb302edadb-8bf7-46c3-a421-84057734ce7d\u00bb global_colors_info=\u00bb{}\u00bb][et_pb_column type=\u00bb1_2&#8243; _builder_version=\u00bb4.21.0&#8243; _module_preset=\u00bbdefault\u00bb transform_translate_linked=\u00bboff\u00bb custom_padding=\u00bb100px||100px||false|false\u00bb custom_padding_tablet=\u00bb20px||40px||false|false\u00bb custom_padding_phone=\u00bb20px||40px||false|false\u00bb custom_padding_last_edited=\u00bbon|tablet\u00bb custom_css_main_element=\u00bbmargin-top:auto;||margin-bottom:auto;\u00bb global_colors_info=\u00bb{}\u00bb][et_pb_text _builder_version=\u00bb4.23.1&#8243; _module_preset=\u00bb5a82baeb-455d-473e-b1fb-a29db5629153&#8243; custom_padding_tablet=\u00bb|2.5%||2.5%|false|false\u00bb custom_padding_phone=\u00bb|5%||5%|false|false\u00bb custom_padding_last_edited=\u00bbon|tablet\u00bb text_orientation_tablet=\u00bbcenter\u00bb text_orientation_phone=\u00bbcenter\u00bb text_orientation_last_edited=\u00bbon|tablet\u00bb global_colors_info=\u00bb{}\u00bb]<\/p>\n<h2><span style=\"text-decoration: underline;\">En Karlsbad<\/span><\/h2>\n<ul>\n<li>T\u00e9cnico en mec\u00e1nica de precisi\u00f3n (m\/f\/d)<\/li>\n<li>T\u00e9cnico en electr\u00f3nica especializado en energ\u00eda y tecnolog\u00eda de la construcci\u00f3n (m\/f\/d)<\/li>\n<li>Administraci\u00f3n industrial (m\/f\/d)<\/li>\n<\/ul>\n<p>Env\u00ede la solicitud para el a\u00f1o 2024 en <strong>Karlsbad<\/strong> a la siguiente direcci\u00f3n:<\/p>\n<p><strong>HAUX-LIFE-SUPPORT GmbH<\/strong><br \/>Departamento de personal<br \/>Auf der Hub 11-15<br \/>76307 Karlsbad-Ittersbach<br \/>Alemania<\/p>\n<p>Tel\u00e9fono: +49 (0) 7248-9160-0<br \/>Fax: +49 (0) 7248-9160-166<\/p>\n<p>[\/et_pb_text][et_pb_button button_url=\u00bbmailto:personal@hauxlifesupport.de\u00bb button_text=\u00bbEnviar e-mail\u00bb button_alignment_tablet=\u00bbcenter\u00bb button_alignment_phone=\u00bbcenter\u00bb button_alignment_last_edited=\u00bbon|tablet\u00bb _builder_version=\u00bb4.21.0&#8243; _module_preset=\u00bb64171548-ccd0-408b-8b88-81cb96dd7f9d\u00bb global_colors_info=\u00bb{}\u00bb][\/et_pb_button][\/et_pb_column][et_pb_column type=\u00bb1_2&#8243; _builder_version=\u00bb4.21.0&#8243; _module_preset=\u00bbdefault\u00bb background_image=\u00bbhttps:\/\/hauxlifesupport.de\/wp-content\/uploads\/2023\/07\/jobs_career_HAUX-LIFE-SUPPORT_praktikant_work_experience_2_min.jpg\u00bb transform_scale_linked=\u00bboff\u00bb transform_translate_linked=\u00bboff\u00bb custom_padding=\u00bb0px||0px||false|false\u00bb global_colors_info=\u00bb{}\u00bb][et_pb_divider show_divider=\u00bboff\u00bb _builder_version=\u00bb4.21.0&#8243; _module_preset=\u00bbdefault\u00bb custom_margin=\u00bb||||false|false\u00bb custom_padding=\u00bb||930px||false|false\u00bb custom_padding_tablet=\u00bb||80%||false|false\u00bb custom_padding_phone=\u00bb||80%||false|false\u00bb custom_padding_last_edited=\u00bbon|tablet\u00bb global_colors_info=\u00bb{}\u00bb][\/et_pb_divider][\/et_pb_column][\/et_pb_row][\/et_pb_section][et_pb_section fb_built=\u00bb1&#8243; admin_label=\u00bbHalb-Halb-BG-IMG-LEFT\u00bb _builder_version=\u00bb4.21.0&#8243; _module_preset=\u00bbdefault\u00bb background_enable_color=\u00bboff\u00bb custom_margin_tablet=\u00bb\u00bb custom_margin_phone=\u00bb||||false|false\u00bb custom_margin_last_edited=\u00bbon|tablet\u00bb custom_padding=\u00bb0px||0px||false|false\u00bb custom_padding_tablet=\u00bb20px||0px||false|false\u00bb custom_padding_phone=\u00bb20px||0px||false|false\u00bb global_colors_info=\u00bb{%22gcid-792390b9-e42b-40cc-a7a4-6a6b6020aeaa%22:%91%22background_color%22%93}\u00bb][et_pb_row column_structure=\u00bb1_2,1_2&#8243; _builder_version=\u00bb4.21.0&#8243; _module_preset=\u00bb7f2e014f-f5e3-43e5-80b2-38936ff8d9b6&#8243; global_colors_info=\u00bb{}\u00bb][et_pb_column type=\u00bb1_2&#8243; admin_label=\u00bbSpalte\u00bb _builder_version=\u00bb4.21.0&#8243; _module_preset=\u00bbdefault\u00bb background_image=\u00bbhttps:\/\/hauxlifesupport.de\/wp-content\/uploads\/2023\/07\/jobs_career_HAUX-LIFE-SUPPORT_praktikant__milling_cutter_fraeser_min.jpg\u00bb transform_scale_linked=\u00bboff\u00bb transform_translate_linked=\u00bboff\u00bb custom_padding=\u00bb0px||0px||false|false\u00bb global_colors_info=\u00bb{}\u00bb][et_pb_divider show_divider=\u00bboff\u00bb admin_label=\u00bbTeiler\u00bb _builder_version=\u00bb4.21.0&#8243; _module_preset=\u00bbdefault\u00bb custom_margin=\u00bb||||false|false\u00bb custom_padding=\u00bb||930px||false|false\u00bb custom_padding_tablet=\u00bb||80%||false|false\u00bb custom_padding_phone=\u00bb||80%||false|false\u00bb custom_padding_last_edited=\u00bbon|tablet\u00bb global_colors_info=\u00bb{}\u00bb][\/et_pb_divider][\/et_pb_column][et_pb_column type=\u00bb1_2&#8243; _builder_version=\u00bb4.21.0&#8243; _module_preset=\u00bbdefault\u00bb transform_translate_linked=\u00bboff\u00bb custom_padding=\u00bb100px||100px||false|false\u00bb custom_padding_tablet=\u00bb20px||40px||false|false\u00bb custom_padding_phone=\u00bb20px||40px||false|false\u00bb custom_padding_last_edited=\u00bbon|tablet\u00bb custom_css_main_element=\u00bbmargin-top:auto;||margin-bottom:auto;\u00bb global_colors_info=\u00bb{}\u00bb][et_pb_text _builder_version=\u00bb4.23.1&#8243; _module_preset=\u00bbdefault\u00bb custom_padding_tablet=\u00bb|2.5%||2.5%|false|false\u00bb custom_padding_phone=\u00bb|5%||5%|false|false\u00bb custom_padding_last_edited=\u00bbon|tablet\u00bb hover_enabled=\u00bb0&#8243; text_orientation_tablet=\u00bbcenter\u00bb text_orientation_phone=\u00bbcenter\u00bb text_orientation_last_edited=\u00bbon|tablet\u00bb global_colors_info=\u00bb{}\u00bb sticky_enabled=\u00bb0&#8243;]<\/p>\n<h2><span style=\"text-decoration: underline;\">En Cuxhaven<\/span><strong><br \/><\/strong><\/h2>\n<ul>\n<li>Mec\u00e1nico de instalaci\u00f3n con especializaci\u00f3n t\u00e9cnica de aparatos (m\/f\/d)<\/li>\n<li>Operador de m\u00e1quinas de corte (m\/f\/d)<\/li>\n<\/ul>\n<p>Env\u00ede la solicitud para el a\u00f1o 2024 en <strong>Cuxhaven<\/strong> a la siguiente direcci\u00f3n:<\/p>\n<p><strong>HAUX-LIFE-SUPPORT GmbH<\/strong><br \/>Planta de Cuxhaven<br \/>Departamento de personal<br \/>Repsoldstra\u00dfe 9<br \/>27472 Cuxhaven<br \/>Alemania<\/p>\n<p>Tel\u00e9fono: +49 (0) 4721-39998-30<br \/>Fax +49 (0) 4721-39998-32<\/p>\n<p>[\/et_pb_text][et_pb_button button_url=\u00bbmailto:personal@hauxlifesupport.de\u00bb button_text=\u00bbEnviar e-mail\u00bb button_alignment_tablet=\u00bbcenter\u00bb button_alignment_phone=\u00bbcenter\u00bb button_alignment_last_edited=\u00bbon|tablet\u00bb admin_label=\u00bbButton\u00bb _builder_version=\u00bb4.21.0&#8243; _module_preset=\u00bbdefault\u00bb global_colors_info=\u00bb{}\u00bb][\/et_pb_button][\/et_pb_column][\/et_pb_row][\/et_pb_section][et_pb_section fb_built=\u00bb1&#8243; admin_label=\u00bbBlauer St\u00f6rer\u00bb _builder_version=\u00bb4.21.0&#8243; _module_preset=\u00bbdefault\u00bb background_color=\u00bbgcid-8d004b11-584e-4716-8158-78133c0b6f77&#8243; custom_padding=\u00bb||||false|false\u00bb custom_padding_phone=\u00bb||||false|false\u00bb global_colors_info=\u00bb{%22gcid-8d004b11-584e-4716-8158-78133c0b6f77%22:%91%22background_color%22%93}\u00bb][et_pb_row _builder_version=\u00bb4.21.0&#8243; _module_preset=\u00bbdefault\u00bb global_colors_info=\u00bb{}\u00bb][et_pb_column type=\u00bb4_4&#8243; _builder_version=\u00bb4.21.0&#8243; _module_preset=\u00bbdefault\u00bb global_colors_info=\u00bb{}\u00bb][et_pb_text _builder_version=\u00bb4.21.0&#8243; _module_preset=\u00bb_initial\u00bb text_text_color=\u00bb#FFFFFF\u00bb header_2_text_align=\u00bbcenter\u00bb header_2_text_color=\u00bb#FFFFFF\u00bb global_colors_info=\u00bb{}\u00bb]<\/p>\n<h2 style=\"text-align: center;\">Informaci\u00f3n general para la formaci\u00f3n profesional:<\/h2>\n<p style=\"text-align: center;\">La formaci\u00f3n empieza el 1. de septiembre en Karlsbad y el 1 de agosto en Cuxhaven.<\/p>\n<p style=\"text-align: center;\">La jornada de trabajo es 40 horas por semana.<\/p>\n<p>[\/et_pb_text][\/et_pb_column][\/et_pb_row][\/et_pb_section][et_pb_section fb_built=\u00bb1&#8243; admin_label=\u00bbWillkommen\u00bb _builder_version=\u00bb4.21.0&#8243; _module_preset=\u00bbf2843d24-ad56-442f-a9e1-e3041953524c\u00bb global_colors_info=\u00bb{}\u00bb][et_pb_row _builder_version=\u00bb4.21.0&#8243; _module_preset=\u00bbdefault\u00bb global_colors_info=\u00bb{}\u00bb][et_pb_column type=\u00bb4_4&#8243; _builder_version=\u00bb4.21.0&#8243; _module_preset=\u00bbdefault\u00bb global_colors_info=\u00bb{}\u00bb][et_pb_accordion _builder_version=\u00bb4.21.0&#8243; _module_preset=\u00bbdefault\u00bb global_colors_info=\u00bb{}\u00bb][et_pb_accordion_item title=\u00bbAZUBI ELEKTRONIKER FACHRICHTUNG ENERGIE- UND GEB\u00c4UDETECHNIK (W\/M\/D) (KARLSBAD)\u00bb open=\u00bbon\u00bb _builder_version=\u00bb4.21.0&#8243; _module_preset=\u00bbdefault\u00bb global_colors_info=\u00bb{}\u00bb]<strong>Was macht ein Elektroniker Fachrichtung Energie- und Geb\u00e4udetechnik?<\/strong><\/p>\n<p>Als Elektroniker mit Fachrichtung Energie- und Geb\u00e4udetechnik planen und installieren Sie Anlagen der elektrotechnischen Energieversorgung. Sie montieren z.B. elektronische Steuerungseinrichtungen sowie Beleuchtungs- und Kommunikationsanlagen, nehmen sie in Betrieb, warten und reparieren sie.<\/p>\n<p><strong>Ausbildungsdauer:<\/strong> 3 \u00bd Jahre<\/p>\n<p><strong>Voraussetzungen:<\/strong> qualifizierter Hauptschulabschluss, Realschulabschluss oder Abitur<\/p>\n<p>Geduld, eine ruhige Hand und solides Wissen in Mathe und Physik w\u00e4ren von Vorteil. Teamf\u00e4higkeit und Gewissenhaftigkeit setzen wir voraus.<\/p>\n<p>Es handelt sich um eine duale Ausbildung, die mit zwei Tagen Berufsschule und drei Tagen im Betrieb startet. F\u00fcr die Berufsschule ist die Albert-Einsten-Schule in Ettlingen angedacht. Nach Absprache ist auch eine andere Schule m\u00f6glich.[\/et_pb_accordion_item][et_pb_accordion_item title=\u00bbAZUBI FEINWERKMECHANIKER FACHRICHTUNG MASCHINENBAU (W\/M\/D) (KARLSBAD)\u00bb _builder_version=\u00bb4.21.0&#8243; _module_preset=\u00bbdefault\u00bb global_colors_info=\u00bb{}\u00bb open=\u00bboff\u00bb]<strong>Was macht ein Feinwerkmechaniker Fachrichtung Maschinenbau?<\/strong><\/p>\n<p>Nichts f\u00fcr grobe H\u00e4nde ist die Arbeit des Feinwerkmechanikers. Hier kommt es auf Genauigkeit an. Feine Bauteile aller Art werden gefertigt und zusammen mit elektronischer Mess- und Regeltechnik zu funktionsf\u00e4higen Einheiten montiert. Als Feinwerkmechaniker\/in stellen Sie Maschinen, Ger\u00e4te, Systeme und Anlagen her, warten sie oder setzen sie instand. Wer Spa\u00df am Konstruieren, Montieren und Feinarbeiten hat, ist in diesem Beruf genau richtig.<\/p>\n<p><strong>Ausbildungsdauer:<\/strong> 3 \u00bd Jahre<\/p>\n<p><strong>Voraussetzungen:<\/strong> qualifizierter Hauptschulabschluss, Realschulabschluss oder Abitur<\/p>\n<p>Geduld, eine ruhige Hand und solides Wissen in Mathe und Physik w\u00e4ren von Vorteil. Teamf\u00e4higkeit und Gewissenhaftigkeit setzen wir voraus.<\/p>\n<p>Es handelt sich um eine duale Ausbildung. Dies bedeutet, dass im Wechsel Zeiten im Betrieb und in der Berfusschule absolviert werden.[\/et_pb_accordion_item][et_pb_accordion_item title=\u00bbAZUBI ANLAGENMECHANIKER FACHRICHTUNG APPARATETECHNIK (W\/M\/D) (CUXHAVEN)\u00bb _builder_version=\u00bb4.21.0&#8243; _module_preset=\u00bbdefault\u00bb global_colors_info=\u00bb{}\u00bb open=\u00bboff\u00bb]<\/p>\n<p><strong>Was macht ein Anlagenmechaniker?<\/strong><\/p>\n<p>W\u00e4hrend der Ausbildung werden Fertigkeiten und Kenntnisse in der Schwei\u00dftechnik, Anlagenbau, Apparate- und Beh\u00e4lterbau, Rohrsystemtechnik und in der Instandhaltung vermittelt. Sie lernen, welchen Werkstoff Sie f\u00fcr welchen Zweck verwenden k\u00f6nnen und wie Werkst\u00fccke und Bauteile hergestellt werden. Au\u00dferdem lernen Sie die Arbeitsabl\u00e4ufe sowie die Teilaufgaben unter Ber\u00fccksichtigung der wirtschaftlichen und terminlichen Vorgaben zu planen, auftragsspezifische Informationen zu beschaffen und diese zu pr\u00fcfen und umzusetzen.<\/p>\n<p>Sie werden beteiligt sein an der Herstellung von Einzelteilen f\u00fcr Druckkammern und U-Booten sowie ganzen Kammersystemen mit unterschiedlichsten Anforderungen.<\/p>\n<p><strong>Ausbildungsdauer:<\/strong><\/p>\n<p>Die Ausbildungsdauer betr\u00e4gt 3 \u00bd Jahre. Die Ausbildung erfolgt \u00fcber die ganze Ausbildungszeit direkt im Betrieb in Cuxhaven. W\u00e4hrend des ersten Lehrjahrs sind Sie 2 Tage pro Woche in der Berufsschule, ab dem 2. Lehrjahr dann einmal pro Woche.<\/p>\n<p><strong>Voraussetzungen:<\/strong><\/p>\n<p>Ein Anlagenmechaniker muss L\u00e4ngen, Fl\u00e4chen, Rauminhalte und Winkel berechnen k\u00f6nnen \u2013 daf\u00fcr braucht er gute Mathe-Kenntnisse, speziell auch in Geometrie. Dar\u00fcber hinaus sollten angehende Azubis in Physik gut aufgepasst haben, um Materialeigenschaften wie Belastbarkeit oder Dehnbarkeit bestimmen zu k\u00f6nnen. Abgesehen davon erwarten wir ein hohes technisch-praktisches Verst\u00e4ndnis, r\u00e4umliches Denkverm\u00f6gen und die n\u00f6tige Sprachbeherrschung. Teamf\u00e4higkeit und Gewissenhaftigkeit setzen wir voraus.<\/p>\n<p>[\/et_pb_accordion_item][et_pb_accordion_item title=\u00bbAZUBI ZERSPANUNGSMECHANIKER (W\/M\/D) (CUXHAVEN)\u00bb _builder_version=\u00bb4.21.0&#8243; _module_preset=\u00bbdefault\u00bb global_colors_info=\u00bb{}\u00bb open=\u00bboff\u00bb]<strong>Was macht ein Zerspanungsmechaniker?<\/strong><\/p>\n<p>Die Berufsbezeichnung gibt bereits den entscheidenden Hinweis \u2013 er bearbeitet Werkst\u00fcckteile mithilfe spanender Bearbeitungsverfahren wie Drehen, Fr\u00e4sen oder Schleifen. Genauer gesagt, stellen Zerspanungsmechaniker metallene Einzelkomponenten f\u00fcr unterschiedliche Stahl- und Metallprodukte her, zum Beispiel:<\/p>\n<ul>\n<li>Druckkammerw\u00e4nde<\/li>\n<li>Buchsen<\/li>\n<li>T\u00fcren<\/li>\n<li>Vorrichtungen<\/li>\n<\/ul>\n<p>F\u00fcr die Bearbeitung setzen wir konventionelle und computergesteuerte Werkzeugmaschinen, sogenannte CNC-Werkzeugmaschinen (engl. \u201eComputerized Numerical Control\u201c = \u201ecomputergest\u00fctzte numerische Steuerung\u201c) ein.<\/p>\n<p><strong>Ausbildungsdauer:<\/strong><\/p>\n<p>Die Ausbildungsdauer betr\u00e4gt 3 \u00bd Jahre. Die Ausbildung erfolgt \u00fcber die ganze Ausbildungszeit direkt im Betrieb in Cuxhaven. W\u00e4hrend des ersten Lehrjahrs sind Sie 2 Tage pro Woche in der Berufsschule, ab dem 2. Lehrjahr dann einmal pro Woche.<\/p>\n<p><strong>Voraussetzungen:<\/strong><\/p>\n<p>Ein Zerspanungsmechaniker muss L\u00e4ngen, Fl\u00e4chen, Rauminhalte und Winkel berechnen k\u00f6nnen \u2013 daf\u00fcr braucht er gute Mathe-Kenntnisse, speziell auch in Geometrie. Dar\u00fcber hinaus sollten angehende Azubis in Physik gut aufgepasst haben, um Materialeigenschaften wie Belastbarkeit oder Dehnbarkeit bestimmen zu k\u00f6nnen. Abgesehen davon erwarten wir ein hohes technisch-praktisches Verst\u00e4ndnis, r\u00e4umliches Denkverm\u00f6gen und die n\u00f6tige Sprachbeherrschung. Teamf\u00e4higkeit und Gewissenhaftigkeit setzen wir voraus.[\/et_pb_accordion_item][et_pb_accordion_item title=\u00bbAZUBI INDUSTRIEKAUFMANN (W\/M\/D) (KARLSBAD)\u00bb _builder_version=\u00bb4.21.0&#8243; _module_preset=\u00bbdefault\u00bb global_colors_info=\u00bb{}\u00bb open=\u00bboff\u00bb]<\/p>\n<p><strong>Ausbildungsdauer:<\/strong> 2-3 Jahre<\/p>\n<p><strong>Voraussetzungen:<\/strong> Mittlere Reife, kaufm\u00e4nnisches Berufskolleg I oder II<\/p>\n<p>Einsatzgebiete: die Ausbildung zum Industriekaufmann\/-frau bei HAUX wird in folgenden Bereichen \/ Abteilungen durchgef\u00fchrt:<\/p>\n<ul>\n<li>Einkauf \/ Materialwirtschaft<\/li>\n<li>Finanzbuchhaltung<\/li>\n<li>Personalverwaltung \/ Sekretariat<\/li>\n<li>Auftragsbearbeitung \/ Logistik &amp; Warenausgang<\/li>\n<li>Produktion<\/li>\n<li>Datenverarbeitung<\/li>\n<li>Fachaufgaben im Einsatzgebiet<\/li>\n<\/ul>\n<p>Die Berufsschule wird im Blockunterricht abgehalten.<\/p>\n<p>[\/et_pb_accordion_item][\/et_pb_accordion][\/et_pb_column][\/et_pb_row][\/et_pb_section]<\/p>\n","protected":false},"excerpt":{"rendered":"<p>Formaci\u00f3n profesional en HAUX-LIFE-SUPPORT \u00bfEsta interesado en una formaci\u00f3n profesional en el \u00e1mbito t\u00e9cnico o comercial? Ofrecemos una formaci\u00f3n profesional variada, a personas motivadas y flexibles que tengan inter\u00e9s en la tecnolog\u00eda y trabajo en equipo:En Karlsbad T\u00e9cnico en mec\u00e1nica de precisi\u00f3n (m\/f\/d) T\u00e9cnico en electr\u00f3nica especializado en energ\u00eda y tecnolog\u00eda de la construcci\u00f3n (m\/f\/d) [&hellip;]<\/p>\n","protected":false},"author":1,"featured_media":0,"parent":240726,"menu_order":430,"comment_status":"closed","ping_status":"closed","template":"","meta":{"_et_pb_use_builder":"on","_et_pb_old_content":"","_et_gb_content_width":"","_relevanssi_hide_post":"","_relevanssi_hide_content":"","_relevanssi_pin_for_all":"","_relevanssi_pin_keywords":"","_relevanssi_unpin_keywords":"","_relevanssi_related_keywords":"","_relevanssi_related_include_ids":"","_relevanssi_related_exclude_ids":"","_relevanssi_related_no_append":"","_relevanssi_related_not_related":"","_relevanssi_related_posts":"","_relevanssi_noindex_reason":"","footnotes":""},"class_list":["post-240732","page","type-page","status-publish","hentry"],"_links":{"self":[{"href":"https:\/\/hauxlifesupport.de\/es\/wp-json\/wp\/v2\/pages\/240732","targetHints":{"allow":["GET"]}}],"collection":[{"href":"https:\/\/hauxlifesupport.de\/es\/wp-json\/wp\/v2\/pages"}],"about":[{"href":"https:\/\/hauxlifesupport.de\/es\/wp-json\/wp\/v2\/types\/page"}],"author":[{"embeddable":true,"href":"https:\/\/hauxlifesupport.de\/es\/wp-json\/wp\/v2\/users\/1"}],"replies":[{"embeddable":true,"href":"https:\/\/hauxlifesupport.de\/es\/wp-json\/wp\/v2\/comments?post=240732"}],"version-history":[{"count":8,"href":"https:\/\/hauxlifesupport.de\/es\/wp-json\/wp\/v2\/pages\/240732\/revisions"}],"predecessor-version":[{"id":242920,"href":"https:\/\/hauxlifesupport.de\/es\/wp-json\/wp\/v2\/pages\/240732\/revisions\/242920"}],"up":[{"embeddable":true,"href":"https:\/\/hauxlifesupport.de\/es\/wp-json\/wp\/v2\/pages\/240726"}],"wp:attachment":[{"href":"https:\/\/hauxlifesupport.de\/es\/wp-json\/wp\/v2\/media?parent=240732"}],"curies":[{"name":"wp","href":"https:\/\/api.w.org\/{rel}","templated":true}]}}