{"id":240730,"date":"2023-06-26T11:26:39","date_gmt":"2023-06-26T09:26:39","guid":{"rendered":"https:\/\/hauxlifesupport.de\/?page_id=240730"},"modified":"2025-03-27T13:59:22","modified_gmt":"2025-03-27T12:59:22","slug":"practicas-y-trabajos-fin-de-grado","status":"publish","type":"page","link":"https:\/\/hauxlifesupport.de\/es\/empleos-y-carrera-profesional\/practicas-y-trabajos-fin-de-grado\/","title":{"rendered":"Pr\u00e1cticas y trabajos fin de grado"},"content":{"rendered":"<p>[et_pb_section fb_built=\u00bb1&#8243; admin_label=\u00bbSlider\u00bb _builder_version=\u00bb4.21.0&#8243; _module_preset=\u00bbf2843d24-ad56-442f-a9e1-e3041953524c\u00bb width=\u00bb100%\u00bb max_width=\u00bb100%\u00bb custom_padding=\u00bb0px||0px||false|false\u00bb custom_padding_tablet=\u00bb0px||0px||false|false\u00bb custom_padding_phone=\u00bb0px||0px||false|false\u00bb global_colors_info=\u00bb{}\u00bb][et_pb_row _builder_version=\u00bb4.21.0&#8243; _module_preset=\u00bb7cb6190c-4283-41e8-bb8b-ae469157ed96&#8243; width=\u00bb100%\u00bb width_tablet=\u00bb100%\u00bb width_phone=\u00bb100%\u00bb width_last_edited=\u00bbon|desktop\u00bb max_width=\u00bb100%\u00bb module_alignment=\u00bbleft\u00bb custom_margin=\u00bb0px||0px||false|false\u00bb custom_margin_tablet=\u00bb|0px||0px|false|false\u00bb custom_padding=\u00bb0px||0px||false|false\u00bb custom_padding_tablet=\u00bb|0px||0px|false|true\u00bb global_colors_info=\u00bb{}\u00bb][et_pb_column type=\u00bb4_4&#8243; _builder_version=\u00bb4.21.0&#8243; _module_preset=\u00bbdefault\u00bb global_colors_info=\u00bb{}\u00bb][et_pb_slider _builder_version=\u00bb4.21.0&#8243; _module_preset=\u00bbb8ceb8f1-18e1-4a30-87c9-e9b64e615132&#8243; background_image=\u00bbhttps:\/\/hauxlifesupport.de\/wp-content\/uploads\/2023\/07\/Collage_Jobs___Karriere.jpg\u00bb custom_padding_tablet=\u00bb180px|0px|180px|0px|false|false\u00bb header_font_size_tablet=\u00bb\u00bb header_font_size_phone=\u00bb39px\u00bb header_font_size_last_edited=\u00bbon|tablet\u00bb body_font_size_phone=\u00bb39px\u00bb global_colors_info=\u00bb{}\u00bb][et_pb_slide _builder_version=\u00bb4.21.0&#8243; _module_preset=\u00bb2dc5af35-e1f8-410a-afef-aba0a25e6ce5&#8243; background_image=\u00bbhttps:\/\/hauxlifesupport.de\/wp-content\/uploads\/2023\/10\/Jobs-Karriere_H_D.jpg\u00bb custom_padding=\u00bb|0px||0px|false|false\u00bb global_colors_info=\u00bb{}\u00bb sticky_transition=\u00bbon\u00bb][\/et_pb_slide][\/et_pb_slider][\/et_pb_column][\/et_pb_row][\/et_pb_section][et_pb_section fb_built=\u00bb1&#8243; admin_label=\u00bbWillkommen\u00bb _builder_version=\u00bb4.21.0&#8243; _module_preset=\u00bbf2843d24-ad56-442f-a9e1-e3041953524c\u00bb global_colors_info=\u00bb{}\u00bb][et_pb_row _builder_version=\u00bb4.21.0&#8243; _module_preset=\u00bb3cb11947-cb60-4ac8-b6e8-a249bbc44256&#8243; global_colors_info=\u00bb{}\u00bb][et_pb_column type=\u00bb4_4&#8243; _builder_version=\u00bb4.21.0&#8243; _module_preset=\u00bbdefault\u00bb global_colors_info=\u00bb{}\u00bb][et_pb_text _builder_version=\u00bb4.21.0&#8243; _module_preset=\u00bb5a82baeb-455d-473e-b1fb-a29db5629153&#8243; custom_padding_tablet=\u00bb|2.5%||2.5%|false|false\u00bb custom_padding_phone=\u00bb|5%||5%|false|false\u00bb custom_padding_last_edited=\u00bbon|tablet\u00bb text_orientation_tablet=\u00bbcenter\u00bb text_orientation_phone=\u00bbcenter\u00bb text_orientation_last_edited=\u00bbon|tablet\u00bb global_colors_info=\u00bb{}\u00bb]<\/p>\n<h2 style=\"text-align: center;\"><span style=\"text-decoration: underline;\">Pr\u00e1cticas, Tesis y Trabajo de T\u00e9cnico\u00ad en HAUX-LIFE-SUPPORT<\/span><\/h2>\n<p style=\"text-align: center;\">Para una experiencia pr\u00e1ctica real ya durante tus estudios<\/p>\n<p>[\/et_pb_text][\/et_pb_column][\/et_pb_row][\/et_pb_section][et_pb_section fb_built=\u00bb1&#8243; admin_label=\u00bbHalb-Halb-BG-IMG\u00bb _builder_version=\u00bb4.21.0&#8243; _module_preset=\u00bbdefault\u00bb background_color=\u00bbgcid-792390b9-e42b-40cc-a7a4-6a6b6020aeaa\u00bb custom_margin_tablet=\u00bb\u00bb custom_margin_phone=\u00bb||||false|false\u00bb custom_margin_last_edited=\u00bbon|tablet\u00bb custom_padding=\u00bb0px||0px||false|false\u00bb custom_padding_tablet=\u00bb20px||0px||false|false\u00bb custom_padding_phone=\u00bb20px||0px||false|false\u00bb global_colors_info=\u00bb{%22gcid-792390b9-e42b-40cc-a7a4-6a6b6020aeaa%22:%91%22background_color%22%93}\u00bb][et_pb_row column_structure=\u00bb1_2,1_2&#8243; _builder_version=\u00bb4.21.0&#8243; _module_preset=\u00bb302edadb-8bf7-46c3-a421-84057734ce7d\u00bb global_colors_info=\u00bb{}\u00bb][et_pb_column type=\u00bb1_2&#8243; _builder_version=\u00bb4.21.0&#8243; _module_preset=\u00bbdefault\u00bb transform_translate_linked=\u00bboff\u00bb custom_padding=\u00bb100px||100px||false|false\u00bb custom_padding_tablet=\u00bb20px||40px||false|false\u00bb custom_padding_phone=\u00bb20px||40px||false|false\u00bb custom_padding_last_edited=\u00bbon|tablet\u00bb custom_css_main_element=\u00bbmargin-top:auto;||margin-bottom:auto;\u00bb global_colors_info=\u00bb{}\u00bb][et_pb_text _builder_version=\u00bb4.21.0&#8243; _module_preset=\u00bb5a82baeb-455d-473e-b1fb-a29db5629153&#8243; custom_padding=\u00bb||0px|||\u00bb custom_padding_tablet=\u00bb|2.5%||2.5%|false|false\u00bb custom_padding_phone=\u00bb|5%||5%|false|false\u00bb custom_padding_last_edited=\u00bbon|tablet\u00bb text_orientation_tablet=\u00bbcenter\u00bb text_orientation_phone=\u00bbcenter\u00bb text_orientation_last_edited=\u00bbon|tablet\u00bb global_colors_info=\u00bb{}\u00bb]<\/p>\n<h2><strong>Pr\u00e1cticas, tesis y<\/strong><br \/>trabajo t\u00e9cnico<br \/><span style=\"text-decoration: underline;\">en HAUX-LIFE-SUPPORT<\/span><\/h2>\n<p>Contacto con la industria es una gran oportunidad para obtener experiencia pr\u00e1ctica durante los estudios y empezar una carrera profesional.<\/p>\n<p>As\u00ed puede mejorar las oportunidades profesionales y la entrada al mundo laboral.<\/p>\n<p>[\/et_pb_text][\/et_pb_column][et_pb_column type=\u00bb1_2&#8243; _builder_version=\u00bb4.21.0&#8243; _module_preset=\u00bbdefault\u00bb background_image=\u00bbhttps:\/\/hauxlifesupport.de\/wp-content\/uploads\/2023\/07\/DSCN3333_SPS_Testkammer_m_500x375.jpg\u00bb transform_scale_linked=\u00bboff\u00bb transform_translate_linked=\u00bboff\u00bb custom_padding=\u00bb0px||0px||false|false\u00bb global_colors_info=\u00bb{}\u00bb][et_pb_divider show_divider=\u00bboff\u00bb _builder_version=\u00bb4.21.0&#8243; _module_preset=\u00bbdefault\u00bb custom_margin=\u00bb||||false|false\u00bb custom_padding=\u00bb||930px||false|false\u00bb custom_padding_tablet=\u00bb||80%||false|false\u00bb custom_padding_phone=\u00bb||80%||false|false\u00bb custom_padding_last_edited=\u00bbon|tablet\u00bb global_colors_info=\u00bb{}\u00bb][\/et_pb_divider][\/et_pb_column][\/et_pb_row][\/et_pb_section][et_pb_section fb_built=\u00bb1&#8243; admin_label=\u00bbWillkommen\u00bb _builder_version=\u00bb4.21.0&#8243; _module_preset=\u00bbf2843d24-ad56-442f-a9e1-e3041953524c\u00bb global_colors_info=\u00bb{}\u00bb][et_pb_row column_structure=\u00bb1_2,1_2&#8243; _builder_version=\u00bb4.21.0&#8243; _module_preset=\u00bb3cb11947-cb60-4ac8-b6e8-a249bbc44256&#8243; global_colors_info=\u00bb{}\u00bb][et_pb_column type=\u00bb1_2&#8243; _builder_version=\u00bb4.21.0&#8243; _module_preset=\u00bbdefault\u00bb global_colors_info=\u00bb{}\u00bb][et_pb_text _builder_version=\u00bb4.21.0&#8243; _module_preset=\u00bb5a82baeb-455d-473e-b1fb-a29db5629153&#8243; custom_padding_tablet=\u00bb|2.5%||2.5%|false|false\u00bb custom_padding_phone=\u00bb|5%||5%|false|false\u00bb custom_padding_last_edited=\u00bbon|tablet\u00bb text_orientation_tablet=\u00bbcenter\u00bb text_orientation_phone=\u00bbcenter\u00bb text_orientation_last_edited=\u00bbon|tablet\u00bb global_colors_info=\u00bb{}\u00bb]<\/p>\n<p><strong>Ofrecemos a estudiantes de las siguientes especializaci\u00f3nes:<\/strong><\/p>\n<ul>\n<li>Ciencias econ\u00f3micas,<\/li>\n<li>Ingenier\u00eda industrial,<\/li>\n<li>Ingenier\u00eda mec\u00e1nica,<\/li>\n<li>Ingenier\u00eda de procesos,<\/li>\n<li>Ingenier\u00eda de precisi\u00f3n,<\/li>\n<li>Ingenier\u00eda el\u00e9ctrica, p. ej. Ingenier\u00eda en energ\u00eda o automatizaci\u00f3n,<\/li>\n<li>Inform\u00e1tica<\/li>\n<li>Ingenier\u00eda m\u00e9dica y<\/li>\n<li>Dise\u00f1o gr\u00e1fico<\/li>\n<\/ul>\n<p>[\/et_pb_text][\/et_pb_column][et_pb_column type=\u00bb1_2&#8243; _builder_version=\u00bb4.21.0&#8243; _module_preset=\u00bbdefault\u00bb global_colors_info=\u00bb{}\u00bb][et_pb_text _builder_version=\u00bb4.21.0&#8243; _module_preset=\u00bbdefault\u00bb global_colors_info=\u00bb{}\u00bb]<\/p>\n<p>Tareas variadas, interesantes y orientadas al proyecto:<\/p>\n<ul>\n<li>Trabajo en un equipo en proyectos apacionantes<\/li>\n<li>In trabajo interesante y variado<\/li>\n<li>Excelentes condici\u00f3nes laborales<\/li>\n<\/ul>\n<p><strong>Actualmente ofrecemos trabajos para fin de grado y pr\u00e1cticas profesionales en las siguientes \u00e1reas (otros temas a petici\u00f3n del interesado):<\/strong><\/p>\n<p>Debe planear una duraci\u00f3n de 2 a 6 meses. Seg\u00fan su especializaci\u00f3n y su inter\u00e9s personal elaboraremos un tema adecuado para usted. Env\u00ede su solicitud (carta de presentaci\u00f3n, curr\u00edculum, foto de carn\u00e9 y sus certificados) 4-5 meses antes del comienzo de su actividad a la siguiente direcci\u00f3n.<\/p>\n<p>[\/et_pb_text][\/et_pb_column][\/et_pb_row][\/et_pb_section][et_pb_section fb_built=\u00bb1&#8243; admin_label=\u00bb3 Spalten-Bereich\u00bb _builder_version=\u00bb4.21.0&#8243; _module_preset=\u00bbdefault\u00bb background_color=\u00bbgcid-cc089cd5-3da9-4d63-a7e1-04fbecdd3d67&#8243; background_image=\u00bbhttps:\/\/hauxlifesupport.de\/wp-content\/uploads\/2023\/06\/827aa74837e28e0ff72c3c9487b38e28.jpg\u00bb global_colors_info=\u00bb{%22gcid-cc089cd5-3da9-4d63-a7e1-04fbecdd3d67%22:%91%22background_color%22%93}\u00bb][et_pb_row _builder_version=\u00bb4.21.0&#8243; _module_preset=\u00bbdefault\u00bb global_colors_info=\u00bb{}\u00bb][et_pb_column type=\u00bb4_4&#8243; admin_label=\u00bbSpalte\u00bb _builder_version=\u00bb4.21.0&#8243; _module_preset=\u00bbdefault\u00bb global_colors_info=\u00bb{}\u00bb][dica_divi_carousel show_items_desktop=\u00bb2&#8243; show_items_tablet=\u00bb2&#8243; image_force_fullwidth=\u00bboff\u00bb admin_label=\u00bbDivi Carousel\u00bb _builder_version=\u00bb4.23.1&#8243; _module_preset=\u00bb_initial\u00bb hover_enabled=\u00bb0&#8243; global_colors_info=\u00bb{%22gcid-8d004b11-584e-4716-8158-78133c0b6f77%22:%91%22arrow_nav_color%22%93}\u00bb sticky_enabled=\u00bb0&#8243;][dica_divi_carouselitem button_text=\u00bbEnviar e-mail\u00bb button_url=\u00bbmailto:personal@hauxlifesupport.de\u00bb button_url_new_window=\u00bb1&#8243; _builder_version=\u00bb4.21.0&#8243; _module_preset=\u00bbdefault\u00bb global_colors_info=\u00bb{}\u00bb]<\/p>\n<p>Env\u00ede su solicitud para <strong>Karlsbad <\/strong>a la siguiente direcci\u00f3n:<\/p>\n<p><strong>HAUX-LIFE-SUPPORT GmbH<\/strong><br \/>Departamento de personal<br \/>Auf der Hub 11-15<br \/>76307 Karlsbad-Ittersbach<br \/>Alemania<\/p>\n<p>Tel\u00e9fono: +49 (0) 7248-9160-0<br \/>Fax: +49 (0) 7248-9160-166<\/p>\n<p>[\/dica_divi_carouselitem][dica_divi_carouselitem button_text=\u00bbEnviar e-mail\u00bb button_url=\u00bbmailto:personal@hauxlifesupport.de\u00bb button_url_new_window=\u00bb1&#8243; _builder_version=\u00bb4.23.1&#8243; _module_preset=\u00bbdefault\u00bb hover_enabled=\u00bb0&#8243; global_colors_info=\u00bb{}\u00bb sticky_enabled=\u00bb0&#8243;]<\/p>\n<p>Env\u00ede su solicitud para <strong>Cuxhaven <\/strong>a la siguiente direcci\u00f3n:<\/p>\n<p><strong>HAUX-LIFE-SUPPORT GmbH<\/strong><br \/>Planta de Cuxhaven<br \/>Departamento de personal<br \/>Repsoldstra\u00dfe 9<br \/>27472 Cuxhaven<br \/>Alemania<\/p>\n<p>Tel\u00e9fono +49 (0) 4721-39998-30<br \/>Fax +49 (0) 4721-39998-32<\/p>\n<p>[\/dica_divi_carouselitem][\/dica_divi_carousel][\/et_pb_column][\/et_pb_row][\/et_pb_section]<\/p>\n","protected":false},"excerpt":{"rendered":"<p>Pr\u00e1cticas, Tesis y Trabajo de T\u00e9cnico\u00a6 en HAUX-LIFE-SUPPORT Para una experiencia pr\u00e1ctica real ya durante tus estudiosPr\u00e1cticas, tesis ytrabajo t\u00e9cnicoen HAUX-LIFE-SUPPORT Contacto con la industria es una gran oportunidad para obtener experiencia pr\u00e1ctica durante los estudios y empezar una carrera profesional. As\u00ed puede mejorar las oportunidades profesionales y la entrada al mundo laboral.Ofrecemos a estudiantes [&hellip;]<\/p>\n","protected":false},"author":1,"featured_media":0,"parent":240726,"menu_order":420,"comment_status":"closed","ping_status":"closed","template":"","meta":{"_et_pb_use_builder":"on","_et_pb_old_content":"","_et_gb_content_width":"","_relevanssi_hide_post":"","_relevanssi_hide_content":"","_relevanssi_pin_for_all":"","_relevanssi_pin_keywords":"","_relevanssi_unpin_keywords":"","_relevanssi_related_keywords":"","_relevanssi_related_include_ids":"","_relevanssi_related_exclude_ids":"","_relevanssi_related_no_append":"","_relevanssi_related_not_related":"","_relevanssi_related_posts":"","_relevanssi_noindex_reason":"","footnotes":""},"class_list":["post-240730","page","type-page","status-publish","hentry"],"_links":{"self":[{"href":"https:\/\/hauxlifesupport.de\/es\/wp-json\/wp\/v2\/pages\/240730","targetHints":{"allow":["GET"]}}],"collection":[{"href":"https:\/\/hauxlifesupport.de\/es\/wp-json\/wp\/v2\/pages"}],"about":[{"href":"https:\/\/hauxlifesupport.de\/es\/wp-json\/wp\/v2\/types\/page"}],"author":[{"embeddable":true,"href":"https:\/\/hauxlifesupport.de\/es\/wp-json\/wp\/v2\/users\/1"}],"replies":[{"embeddable":true,"href":"https:\/\/hauxlifesupport.de\/es\/wp-json\/wp\/v2\/comments?post=240730"}],"version-history":[{"count":9,"href":"https:\/\/hauxlifesupport.de\/es\/wp-json\/wp\/v2\/pages\/240730\/revisions"}],"predecessor-version":[{"id":242921,"href":"https:\/\/hauxlifesupport.de\/es\/wp-json\/wp\/v2\/pages\/240730\/revisions\/242921"}],"up":[{"embeddable":true,"href":"https:\/\/hauxlifesupport.de\/es\/wp-json\/wp\/v2\/pages\/240726"}],"wp:attachment":[{"href":"https:\/\/hauxlifesupport.de\/es\/wp-json\/wp\/v2\/media?parent=240730"}],"curies":[{"name":"wp","href":"https:\/\/api.w.org\/{rel}","templated":true}]}}