{"id":240728,"date":"2023-06-26T11:25:04","date_gmt":"2023-06-26T09:25:04","guid":{"rendered":"https:\/\/hauxlifesupport.de\/?page_id=240728"},"modified":"2025-03-27T13:41:10","modified_gmt":"2025-03-27T12:41:10","slug":"su-inicio-en-haux-life-support","status":"publish","type":"page","link":"https:\/\/hauxlifesupport.de\/es\/empleos-y-carrera-profesional\/su-inicio-en-haux-life-support\/","title":{"rendered":"Su inicio en HAUX-LIFE-SUPPORT"},"content":{"rendered":"<p>[et_pb_section fb_built=\u00bb1&#8243; admin_label=\u00bbSlider\u00bb _builder_version=\u00bb4.21.0&#8243; _module_preset=\u00bbf2843d24-ad56-442f-a9e1-e3041953524c\u00bb width=\u00bb100%\u00bb max_width=\u00bb100%\u00bb custom_padding=\u00bb0px||0px||false|false\u00bb custom_padding_tablet=\u00bb0px||0px||false|false\u00bb custom_padding_phone=\u00bb0px||0px||false|false\u00bb global_colors_info=\u00bb{}\u00bb][et_pb_row _builder_version=\u00bb4.21.0&#8243; _module_preset=\u00bb7cb6190c-4283-41e8-bb8b-ae469157ed96&#8243; width=\u00bb100%\u00bb width_tablet=\u00bb100%\u00bb width_phone=\u00bb100%\u00bb width_last_edited=\u00bbon|desktop\u00bb max_width=\u00bb100%\u00bb module_alignment=\u00bbleft\u00bb custom_margin=\u00bb0px||0px||false|false\u00bb custom_margin_tablet=\u00bb|0px||0px|false|false\u00bb custom_padding=\u00bb0px||0px||false|false\u00bb custom_padding_tablet=\u00bb|0px||0px|false|true\u00bb global_colors_info=\u00bb{}\u00bb][et_pb_column type=\u00bb4_4&#8243; _builder_version=\u00bb4.21.0&#8243; _module_preset=\u00bbdefault\u00bb global_colors_info=\u00bb{}\u00bb][et_pb_slider _builder_version=\u00bb4.21.0&#8243; _module_preset=\u00bbb8ceb8f1-18e1-4a30-87c9-e9b64e615132&#8243; custom_padding_tablet=\u00bb180px|0px|180px|0px|false|false\u00bb header_font_size_tablet=\u00bb\u00bb header_font_size_phone=\u00bb39px\u00bb header_font_size_last_edited=\u00bbon|tablet\u00bb body_font_size_phone=\u00bb39px\u00bb global_colors_info=\u00bb{}\u00bb][et_pb_slide _builder_version=\u00bb4.21.0&#8243; _module_preset=\u00bb2dc5af35-e1f8-410a-afef-aba0a25e6ce5&#8243; background_image=\u00bbhttps:\/\/hauxlifesupport.de\/wp-content\/uploads\/2023\/10\/Jobs-Karriere_H_D.jpg\u00bb custom_padding=\u00bb|0px||0px|false|false\u00bb global_colors_info=\u00bb{}\u00bb sticky_transition=\u00bbon\u00bb][\/et_pb_slide][\/et_pb_slider][\/et_pb_column][\/et_pb_row][\/et_pb_section][et_pb_section fb_built=\u00bb1&#8243; custom_padding_last_edited=\u00bbon|desktop\u00bb _builder_version=\u00bb4.21.0&#8243; _module_preset=\u00bbdefault\u00bb custom_padding=\u00bb15px||15px||false|false\u00bb custom_padding_tablet=\u00bb0px||0px||false|false\u00bb custom_padding_phone=\u00bb0px||0px||false|false\u00bb saved_tabs=\u00bball\u00bb global_colors_info=\u00bb{}\u00bb][et_pb_row _builder_version=\u00bb4.21.0&#8243; _module_preset=\u00bbdefault\u00bb custom_padding=\u00bb||0px|||\u00bb global_colors_info=\u00bb{}\u00bb][et_pb_column type=\u00bb4_4&#8243; _builder_version=\u00bb4.21.0&#8243; _module_preset=\u00bbdefault\u00bb global_colors_info=\u00bb{}\u00bb][et_pb_divider color=\u00bb#FFFFFF\u00bb divider_weight=\u00bb0px\u00bb show_divider_tablet=\u00bboff\u00bb show_divider_phone=\u00bboff\u00bb show_divider_last_edited=\u00bbon|desktop\u00bb _builder_version=\u00bb4.21.0&#8243; _module_preset=\u00bbdefault\u00bb width=\u00bb100%\u00bb max_width=\u00bb100%\u00bb global_colors_info=\u00bb{}\u00bb][\/et_pb_divider][\/et_pb_column][\/et_pb_row][\/et_pb_section][et_pb_section fb_built=\u00bb1&#8243; admin_label=\u00bbHalb-Halb-BG-IMG\u00bb _builder_version=\u00bb4.21.0&#8243; _module_preset=\u00bbdefault\u00bb background_color=\u00bbgcid-792390b9-e42b-40cc-a7a4-6a6b6020aeaa\u00bb custom_margin_tablet=\u00bb\u00bb custom_margin_phone=\u00bb||||false|false\u00bb custom_margin_last_edited=\u00bbon|tablet\u00bb custom_padding=\u00bb0px||0px||false|false\u00bb custom_padding_tablet=\u00bb20px||0px||false|false\u00bb custom_padding_phone=\u00bb20px||0px||false|false\u00bb global_colors_info=\u00bb{%22gcid-792390b9-e42b-40cc-a7a4-6a6b6020aeaa%22:%91%22background_color%22%93}\u00bb][et_pb_row column_structure=\u00bb1_2,1_2&#8243; _builder_version=\u00bb4.21.0&#8243; _module_preset=\u00bb302edadb-8bf7-46c3-a421-84057734ce7d\u00bb global_colors_info=\u00bb{}\u00bb][et_pb_column type=\u00bb1_2&#8243; admin_label=\u00bbSpalte\u00bb _builder_version=\u00bb4.21.0&#8243; _module_preset=\u00bbdefault\u00bb transform_translate_linked=\u00bboff\u00bb custom_padding=\u00bb100px||100px||false|false\u00bb custom_padding_tablet=\u00bb20px||40px||false|false\u00bb custom_padding_phone=\u00bb20px||40px||false|false\u00bb custom_padding_last_edited=\u00bbon|tablet\u00bb custom_css_main_element=\u00bbmargin-top:auto;||margin-bottom:auto;\u00bb global_colors_info=\u00bb{}\u00bb][et_pb_text _builder_version=\u00bb4.21.0&#8243; _module_preset=\u00bb5a82baeb-455d-473e-b1fb-a29db5629153&#8243; custom_padding_tablet=\u00bb|2.5%||2.5%|false|false\u00bb custom_padding_phone=\u00bb|5%||5%|false|false\u00bb custom_padding_last_edited=\u00bbon|tablet\u00bb text_orientation_tablet=\u00bbcenter\u00bb text_orientation_phone=\u00bbcenter\u00bb text_orientation_last_edited=\u00bbon|tablet\u00bb global_colors_info=\u00bb{}\u00bb]<\/p>\n<h2 style=\"text-align: left;\"><strong>Su inicio en<\/strong><br \/><span style=\"text-decoration: underline;\">HAUX-LIFE-SUPPORT<\/span><\/h2>\n<p>HAUX-LIFE-SUPPORT es una empresa mediana con \u00e9xito internacional. La empresa produce sistemas de c\u00e1maras hiperb\u00e1ricas para la tecnolog\u00eda m\u00e9dica, tecnolog\u00eda de buceo y para la ingenier\u00eda de caminos y t\u00faneles.<\/p>\n<p>Debido a las tareas exigentes en el desarollo, la construcci\u00f3n, la producci\u00f3n y al continuo perfeccionamiento de sistemas nuevos HAUX-LIFE-SUPPORT es un empleador atractivo.<\/p>\n<p>[\/et_pb_text][\/et_pb_column][et_pb_column type=\u00bb1_2&#8243; _builder_version=\u00bb4.21.0&#8243; _module_preset=\u00bbdefault\u00bb background_image=\u00bbhttps:\/\/hauxlifesupport.de\/wp-content\/uploads\/2023\/07\/DSCN2975_m_500x375-1.jpg\u00bb transform_scale_linked=\u00bboff\u00bb transform_translate_linked=\u00bboff\u00bb custom_padding=\u00bb0px||0px||false|false\u00bb global_colors_info=\u00bb{}\u00bb][et_pb_divider show_divider=\u00bboff\u00bb admin_label=\u00bbTeiler\u00bb _builder_version=\u00bb4.21.0&#8243; _module_preset=\u00bbdefault\u00bb custom_margin=\u00bb||||false|false\u00bb custom_padding=\u00bb||930px||false|false\u00bb custom_padding_tablet=\u00bb||80%||false|false\u00bb custom_padding_phone=\u00bb||80%||false|false\u00bb custom_padding_last_edited=\u00bbon|tablet\u00bb global_colors_info=\u00bb{}\u00bb][\/et_pb_divider][\/et_pb_column][\/et_pb_row][\/et_pb_section][et_pb_section fb_built=\u00bb1&#8243; admin_label=\u00bbWillkommen\u00bb _builder_version=\u00bb4.21.0&#8243; _module_preset=\u00bbf2843d24-ad56-442f-a9e1-e3041953524c\u00bb global_colors_info=\u00bb{}\u00bb][et_pb_row _builder_version=\u00bb4.21.0&#8243; _module_preset=\u00bbdefault\u00bb global_colors_info=\u00bb{}\u00bb][et_pb_column type=\u00bb4_4&#8243; _builder_version=\u00bb4.21.0&#8243; _module_preset=\u00bbdefault\u00bb global_colors_info=\u00bb{}\u00bb][et_pb_text _builder_version=\u00bb4.21.0&#8243; _module_preset=\u00bbdefault\u00bb global_colors_info=\u00bb{}\u00bb]<\/p>\n<h2><strong>Env\u00ede su solicitud para<\/strong><\/h2>\n<h2><span style=\"text-decoration: underline;\"> las siguientes \u00e1reas:<\/span><\/h2>\n<p>[\/et_pb_text][\/et_pb_column][\/et_pb_row][et_pb_row column_structure=\u00bb1_2,1_2&#8243; _builder_version=\u00bb4.21.0&#8243; _module_preset=\u00bb3cb11947-cb60-4ac8-b6e8-a249bbc44256&#8243; global_colors_info=\u00bb{}\u00bb][et_pb_column type=\u00bb1_2&#8243; _builder_version=\u00bb4.21.0&#8243; _module_preset=\u00bbdefault\u00bb global_colors_info=\u00bb{}\u00bb][et_pb_text _builder_version=\u00bb4.21.0&#8243; _module_preset=\u00bb5a82baeb-455d-473e-b1fb-a29db5629153&#8243; custom_padding_tablet=\u00bb|2.5%||2.5%|false|false\u00bb custom_padding_phone=\u00bb|5%||5%|false|false\u00bb custom_padding_last_edited=\u00bbon|tablet\u00bb text_orientation_tablet=\u00bbcenter\u00bb text_orientation_phone=\u00bbcenter\u00bb text_orientation_last_edited=\u00bbon|tablet\u00bb global_colors_info=\u00bb{}\u00bb]<\/p>\n<h3>INGENIEROS \/ T\u00c9CNICOS \/ ELECTR\u00d3NICOS EN,<\/h3>\n<ul>\n<li>Construcci\u00f3n<\/li>\n<li>Desarollo<\/li>\n<li>Producci\u00f3n<\/li>\n<li>Proyecci\u00f3n<\/li>\n<li>Inform\u00e1tica<\/li>\n<\/ul>\n<p>[\/et_pb_text][\/et_pb_column][et_pb_column type=\u00bb1_2&#8243; _builder_version=\u00bb4.21.0&#8243; _module_preset=\u00bbdefault\u00bb global_colors_info=\u00bb{}\u00bb][et_pb_text _builder_version=\u00bb4.21.0&#8243; _module_preset=\u00bbdefault\u00bb global_colors_info=\u00bb{}\u00bb]<\/p>\n<h3>EMPLEADOS ADMINISTRATIVOS PARA,<\/h3>\n<ul>\n<li>Distribuci\u00f3n<\/li>\n<li>Contabilidad \/ Finanzas<\/li>\n<li>Log\u00edstica \/ Compras<\/li>\n<\/ul>\n<p>Si tiene preguntas respecto a las diferentes \u00e1reas y el inicio de su vida profesional <a href=\"https:\/\/hauxlifesupport.de\/kontakt\/\">estamos a su disposici\u00f3n<\/a>.<\/p>\n<p>[\/et_pb_text][\/et_pb_column][\/et_pb_row][\/et_pb_section][et_pb_section fb_built=\u00bb1&#8243; admin_label=\u00bb3 Spalten-Bereich\u00bb _builder_version=\u00bb4.21.0&#8243; _module_preset=\u00bbdefault\u00bb background_color=\u00bbgcid-cc089cd5-3da9-4d63-a7e1-04fbecdd3d67&#8243; global_colors_info=\u00bb{%22gcid-cc089cd5-3da9-4d63-a7e1-04fbecdd3d67%22:%91%22background_color%22%93}\u00bb][et_pb_row _builder_version=\u00bb4.21.0&#8243; _module_preset=\u00bb7cb6190c-4283-41e8-bb8b-ae469157ed96&#8243; custom_margin_tablet=\u00bb||0px||false|false\u00bb custom_margin_phone=\u00bb||0px||false|false\u00bb custom_margin_last_edited=\u00bbon|phone\u00bb custom_padding_tablet=\u00bb||0px||false|false\u00bb custom_padding_phone=\u00bb||0px||false|false\u00bb global_colors_info=\u00bb{}\u00bb][et_pb_column type=\u00bb4_4&#8243; _builder_version=\u00bb4.21.0&#8243; _module_preset=\u00bbdefault\u00bb global_colors_info=\u00bb{}\u00bb][et_pb_text _builder_version=\u00bb4.21.0&#8243; _module_preset=\u00bb5a82baeb-455d-473e-b1fb-a29db5629153&#8243; global_colors_info=\u00bb{}\u00bb]<\/p>\n<h2><strong>HAUX-LIFE-SUPPORT le ofrece oportunidades<\/strong><\/h2>\n<h2><span style=\"text-decoration: underline;\">excelentes para su futura carrera.<\/span><\/h2>\n<p><span style=\"text-decoration: underline;\"><\/span><span style=\"text-decoration: underline;\"><\/span><\/p>\n<p>[\/et_pb_text][\/et_pb_column][\/et_pb_row][et_pb_row _builder_version=\u00bb4.21.0&#8243; _module_preset=\u00bbdefault\u00bb global_colors_info=\u00bb{}\u00bb][et_pb_column type=\u00bb4_4&#8243; admin_label=\u00bbSpalte\u00bb _builder_version=\u00bb4.21.0&#8243; _module_preset=\u00bbdefault\u00bb global_colors_info=\u00bb{}\u00bb][dica_divi_carousel show_items_desktop=\u00bb2&#8243; show_items_tablet=\u00bb2&#8243; image_force_fullwidth=\u00bboff\u00bb admin_label=\u00bbDivi Carousel\u00bb _builder_version=\u00bb4.23.1&#8243; _module_preset=\u00bb_initial\u00bb hover_enabled=\u00bb0&#8243; global_colors_info=\u00bb{%22gcid-8d004b11-584e-4716-8158-78133c0b6f77%22:%91%22arrow_nav_color%22%93}\u00bb sticky_enabled=\u00bb0&#8243;][dica_divi_carouselitem button_text=\u00bbEnviar correo electr\u00f3nico\u00bb button_url=\u00bbmailto:personal@hauxlifesupport.de\u00bb button_url_new_window=\u00bb1&#8243; _builder_version=\u00bb4.23.1&#8243; _module_preset=\u00bbdefault\u00bb hover_enabled=\u00bb0&#8243; global_colors_info=\u00bb{}\u00bb sticky_enabled=\u00bb0&#8243;]<\/p>\n<p>Por favor, env\u00ede su solicitud para Karlsbad a la siguiente direcci\u00f3n:<\/p>\n<p><strong>HAUX-LIFE-SUPPORT GmbH<\/strong><br \/>Departamento de Recursos Humanos<br \/>En el Hub 11-15<br \/>76307 Karlsbad-Ittersbach<br \/>Alemania<\/p>\n<p>Tel\u00e9fono: +49 (0) 7248-9160-0<br \/>Fax: +49 (0) 7248-9160-166<\/p>\n<p>[\/dica_divi_carouselitem][dica_divi_carouselitem button_text=\u00bbEnviar correo electr\u00f3nico\u00bb button_url=\u00bbmailto:personal@hauxlifesupport.de\u00bb button_url_new_window=\u00bb1&#8243; _builder_version=\u00bb4.23.1&#8243; _module_preset=\u00bbdefault\u00bb hover_enabled=\u00bb0&#8243; global_colors_info=\u00bb{}\u00bb sticky_enabled=\u00bb0&#8243;]<\/p>\n<p>Por favor, env\u00ede su solicitud para Cuxhaven a:<\/p>\n<p><strong>HAUX-LIFE-SUPPORT GmbH<\/strong><br \/>Planta de Cuxhaven<br \/>Departamento de personal<br \/>Repsoldstra\u00dfe 9<br \/>27472 Cuxhaven<br \/>Alemania<\/p>\n<p>Tel\u00e9fono +49 (0) 4721-39998-30<br \/>Fax +49 (0) 4721-39998-32<\/p>\n<p>[\/dica_divi_carouselitem][\/dica_divi_carousel][\/et_pb_column][\/et_pb_row][\/et_pb_section]<\/p>\n","protected":false},"excerpt":{"rendered":"<p>Su inicio enHAUX-LIFE-SUPPORT HAUX-LIFE-SUPPORT es una empresa mediana con \u00e9xito internacional. La empresa produce sistemas de c\u00e1maras hiperb\u00e1ricas para la tecnolog\u00eda m\u00e9dica, tecnolog\u00eda de buceo y para la ingenier\u00eda de caminos y t\u00faneles. Debido a las tareas exigentes en el desarollo, la construcci\u00f3n, la producci\u00f3n y al continuo perfeccionamiento de sistemas nuevos HAUX-LIFE-SUPPORT es un [&hellip;]<\/p>\n","protected":false},"author":1,"featured_media":0,"parent":240726,"menu_order":410,"comment_status":"closed","ping_status":"closed","template":"","meta":{"_et_pb_use_builder":"on","_et_pb_old_content":"","_et_gb_content_width":"","_relevanssi_hide_post":"","_relevanssi_hide_content":"","_relevanssi_pin_for_all":"","_relevanssi_pin_keywords":"","_relevanssi_unpin_keywords":"","_relevanssi_related_keywords":"","_relevanssi_related_include_ids":"","_relevanssi_related_exclude_ids":"","_relevanssi_related_no_append":"","_relevanssi_related_not_related":"","_relevanssi_related_posts":"","_relevanssi_noindex_reason":"","footnotes":""},"class_list":["post-240728","page","type-page","status-publish","hentry"],"_links":{"self":[{"href":"https:\/\/hauxlifesupport.de\/es\/wp-json\/wp\/v2\/pages\/240728","targetHints":{"allow":["GET"]}}],"collection":[{"href":"https:\/\/hauxlifesupport.de\/es\/wp-json\/wp\/v2\/pages"}],"about":[{"href":"https:\/\/hauxlifesupport.de\/es\/wp-json\/wp\/v2\/types\/page"}],"author":[{"embeddable":true,"href":"https:\/\/hauxlifesupport.de\/es\/wp-json\/wp\/v2\/users\/1"}],"replies":[{"embeddable":true,"href":"https:\/\/hauxlifesupport.de\/es\/wp-json\/wp\/v2\/comments?post=240728"}],"version-history":[{"count":10,"href":"https:\/\/hauxlifesupport.de\/es\/wp-json\/wp\/v2\/pages\/240728\/revisions"}],"predecessor-version":[{"id":242910,"href":"https:\/\/hauxlifesupport.de\/es\/wp-json\/wp\/v2\/pages\/240728\/revisions\/242910"}],"up":[{"embeddable":true,"href":"https:\/\/hauxlifesupport.de\/es\/wp-json\/wp\/v2\/pages\/240726"}],"wp:attachment":[{"href":"https:\/\/hauxlifesupport.de\/es\/wp-json\/wp\/v2\/media?parent=240728"}],"curies":[{"name":"wp","href":"https:\/\/api.w.org\/{rel}","templated":true}]}}