{"id":240726,"date":"2023-06-26T11:22:07","date_gmt":"2023-06-26T09:22:07","guid":{"rendered":"https:\/\/hauxlifesupport.de\/?page_id=240726"},"modified":"2023-11-24T13:33:19","modified_gmt":"2023-11-24T12:33:19","slug":"empleos-y-carrera-profesional","status":"publish","type":"page","link":"https:\/\/hauxlifesupport.de\/es\/empleos-y-carrera-profesional\/","title":{"rendered":"EMPLEOS Y CARRERA PROFESIONAL"},"content":{"rendered":"<p>[et_pb_section fb_built=\u00bb1&#8243; admin_label=\u00bbSlider\u00bb _builder_version=\u00bb4.21.0&#8243; _module_preset=\u00bbdefault\u00bb width=\u00bb100%\u00bb max_width=\u00bb100%\u00bb custom_padding=\u00bb0px||0px||false|false\u00bb custom_padding_tablet=\u00bb0px||0px||false|false\u00bb custom_padding_phone=\u00bb0px||0px||false|false\u00bb global_colors_info=\u00bb{}\u00bb][et_pb_row _builder_version=\u00bb4.21.0&#8243; _module_preset=\u00bbdefault\u00bb background_enable_color=\u00bboff\u00bb width=\u00bb100%\u00bb width_tablet=\u00bb100%\u00bb width_phone=\u00bb100%\u00bb width_last_edited=\u00bbon|desktop\u00bb max_width=\u00bb100%\u00bb module_alignment=\u00bbleft\u00bb custom_margin=\u00bb0px||0px||false|false\u00bb custom_margin_tablet=\u00bb|0px||0px|false|false\u00bb custom_padding=\u00bb0px||0px||false|false\u00bb custom_padding_tablet=\u00bb|0px||0px|false|true\u00bb global_colors_info=\u00bb{}\u00bb][et_pb_column type=\u00bb4_4&#8243; _builder_version=\u00bb4.21.0&#8243; _module_preset=\u00bbdefault\u00bb background_enable_color=\u00bboff\u00bb global_colors_info=\u00bb{}\u00bb][et_pb_slider _builder_version=\u00bb4.21.0&#8243; _module_preset=\u00bbdefault\u00bb custom_padding_tablet=\u00bb180px|0px|180px|0px|false|false\u00bb header_font_size_tablet=\u00bb\u00bb header_font_size_phone=\u00bb39px\u00bb header_font_size_last_edited=\u00bbon|tablet\u00bb body_font_size_phone=\u00bb39px\u00bb global_colors_info=\u00bb{}\u00bb][et_pb_slide _builder_version=\u00bb4.21.0&#8243; _module_preset=\u00bbdefault\u00bb background_image=\u00bbhttps:\/\/hauxlifesupport.de\/wp-content\/uploads\/2023\/10\/Jobs-Karriere_H_D.jpg\u00bb custom_padding=\u00bb|0px||0px|false|false\u00bb global_colors_info=\u00bb{}\u00bb sticky_transition=\u00bbon\u00bb]<\/p>\n<p><strong>Buscamos<br \/>profesionales<\/strong><\/p>\n<p>[\/et_pb_slide][\/et_pb_slider][\/et_pb_column][\/et_pb_row][\/et_pb_section][et_pb_section fb_built=\u00bb1&#8243; admin_label=\u00bbWillkommen\u00bb _builder_version=\u00bb4.21.0&#8243; _module_preset=\u00bbdefault\u00bb global_colors_info=\u00bb{}\u00bb][et_pb_row _builder_version=\u00bb4.21.0&#8243; _module_preset=\u00bb_initial\u00bb custom_margin_tablet=\u00bb||0px||false|false\u00bb custom_margin_phone=\u00bb||0px||false|false\u00bb custom_margin_last_edited=\u00bbon|phone\u00bb custom_padding_tablet=\u00bb||0px||false|false\u00bb custom_padding_phone=\u00bb||0px||false|false\u00bb global_colors_info=\u00bb{}\u00bb][et_pb_column type=\u00bb4_4&#8243; _builder_version=\u00bb4.21.0&#8243; _module_preset=\u00bbdefault\u00bb global_colors_info=\u00bb{}\u00bb][et_pb_text _builder_version=\u00bb4.21.0&#8243; _module_preset=\u00bb_initial\u00bb global_colors_info=\u00bb{}\u00bb]<\/p>\n<h2 style=\"text-align: center;\"><strong>Empleos y carrera profesional<\/strong><\/h2>\n<h2 style=\"text-align: center;\"><span style=\"text-decoration: underline;\">Carrera profesional en HAUX-LIFE-SUPPORT<\/span><\/h2>\n<p>[\/et_pb_text][\/et_pb_column][\/et_pb_row][et_pb_row _builder_version=\u00bb4.21.0&#8243; _module_preset=\u00bb_initial\u00bb global_colors_info=\u00bb{}\u00bb][et_pb_column type=\u00bb4_4&#8243; _builder_version=\u00bb4.21.0&#8243; _module_preset=\u00bbdefault\u00bb global_colors_info=\u00bb{}\u00bb][et_pb_text _builder_version=\u00bb4.21.0&#8243; _module_preset=\u00bbdefault\u00bb border_style_bottom=\u00bbnone\u00bb global_colors_info=\u00bb{}\u00bb]<\/p>\n<p style=\"text-align: center;\">En nuestros p\u00e1ginas de empleo y carrera profesional puede leer sobre las perspectivas y oprtunidades que HAUX-LIFE-SUPPORT ofrece para su futura carrera laboral.<\/p>\n<p style=\"text-align: center;\">No importa si a\u00fan es alumno, estudiante o profesional con experiencia o sin experiencia &#8211; aqu\u00ed encuentra un buen comienzo.<\/p>\n<p>[\/et_pb_text][\/et_pb_column][\/et_pb_row][\/et_pb_section][et_pb_section fb_built=\u00bb1&#8243; admin_label=\u00bb3 Spalten-Bereich\u00bb _builder_version=\u00bb4.21.0&#8243; _module_preset=\u00bbdefault\u00bb background_color=\u00bbgcid-cc089cd5-3da9-4d63-a7e1-04fbecdd3d67&#8243; global_colors_info=\u00bb{%22gcid-cc089cd5-3da9-4d63-a7e1-04fbecdd3d67%22:%91%22background_color%22%93}\u00bb][et_pb_row _builder_version=\u00bb4.23.1&#8243; _module_preset=\u00bb126ce2d4-8ee6-4926-a9d7-a28071ed68d8&#8243; hover_enabled=\u00bb0&#8243; global_colors_info=\u00bb{}\u00bb sticky_enabled=\u00bb0&#8243;][et_pb_column type=\u00bb4_4&#8243; admin_label=\u00bbSpalte\u00bb _builder_version=\u00bb4.21.0&#8243; _module_preset=\u00bbdefault\u00bb global_colors_info=\u00bb{}\u00bb][dica_divi_carousel show_items_tablet=\u00bb2&#8243; autoplay=\u00bbon\u00bb autoplay_speed=\u00bb2500&#8243; content_container_padding_phone=\u00bb30px|28px|30px|28px|false|false\u00bb admin_label=\u00bbDivi Carousel\u00bb _builder_version=\u00bb4.23.1&#8243; _module_preset=\u00bbe0e13787-200d-4cbc-abd0-a9d25c3c5a23&#8243; hover_enabled=\u00bb0&#8243; global_colors_info=\u00bb{%22gcid-8d004b11-584e-4716-8158-78133c0b6f77%22:%91%22title_text_color%22,%22arrow_nav_color%22%93}\u00bb sticky_enabled=\u00bb0&#8243;][dica_divi_carouselitem title=\u00bbSu inicio en HAUX-LIFE-SUPPORT\u00bb button_text=\u00bbver m\u00e1s\u00bb button_url=\u00bbhttps:\/\/hauxlifesupport.de\/es\/empleos-y-carrera-profesional\/su-inicio-en-haux-life-support\/\u00bb button_url_new_window=\u00bb1&#8243; image=\u00bbhttps:\/\/hauxlifesupport.de\/wp-content\/uploads\/2023\/07\/DSCN2975_m_500x375.jpg\u00bb image_padding=\u00bb||||false|false\u00bb content_padding=\u00bb||||false|false\u00bb button_margin=\u00bb||||false|false\u00bb button_padding=\u00bb||||false|false\u00bb custom_margin=\u00bb||||false|false\u00bb custom_padding=\u00bb||||false|false\u00bb _builder_version=\u00bb4.21.0&#8243; _module_preset=\u00bbdefault\u00bb header_level=\u00bbh3&#8243; header_font=\u00bb|700|||||||\u00bb header_text_color=\u00bbgcid-8d004b11-584e-4716-8158-78133c0b6f77&#8243; global_colors_info=\u00bb{%22gcid-8d004b11-584e-4716-8158-78133c0b6f77%22:%91%22header_text_color%22%93}\u00bb]<\/p>\n<p>HAUX-LIFE-SUPPORT es una mediana empresa que opera con gran \u00e9xito internacional&#8230;<\/p>\n<p>[\/dica_divi_carouselitem][dica_divi_carouselitem title=\u00bbPr\u00e1cticas y tesina\u00bb button_text=\u00bbver m\u00e1s\u00bb button_url=\u00bbhttps:\/\/hauxlifesupport.de\/es\/empleos-y-carrera-profesional\/practicas-y-trabajos-fin-de-grado\/\u00bb button_url_new_window=\u00bb1&#8243; image=\u00bbhttps:\/\/hauxlifesupport.de\/wp-content\/uploads\/2023\/07\/DSCN3122_m_500x375.jpg\u00bb image_padding=\u00bb||||false|false\u00bb content_padding=\u00bb||||false|false\u00bb button_margin=\u00bb||||false|false\u00bb button_padding=\u00bb||||false|false\u00bb custom_margin=\u00bb||||false|false\u00bb custom_padding=\u00bb||||false|false\u00bb _builder_version=\u00bb4.21.0&#8243; _module_preset=\u00bbdefault\u00bb header_level=\u00bbh3&#8243; header_font=\u00bb|700|||||||\u00bb header_text_color=\u00bbgcid-8d004b11-584e-4716-8158-78133c0b6f77&#8243; global_colors_info=\u00bb{%22gcid-8d004b11-584e-4716-8158-78133c0b6f77%22:%91%22header_text_color%22%93}\u00bb]<\/p>\n<p>Para tener una conexi\u00f3n con la pr\u00e1ctica ya durante los estudios, los contactos tempranos con la industria son el camino correcto&#8230;<\/p>\n<p>[\/dica_divi_carouselitem][dica_divi_carouselitem title=\u00bbFormaci\u00f3n profesional en HAUX-LIFE-SUPPORT\u00bb button_text=\u00bbver m\u00e1s\u00bb button_url=\u00bbhttps:\/\/hauxlifesupport.de\/es\/empleos-y-carrera-profesional\/formacion-profesional-en-haux-life-support\/\u00bb button_url_new_window=\u00bb1&#8243; image=\u00bbhttps:\/\/hauxlifesupport.de\/wp-content\/uploads\/2023\/07\/test-e1688648855572.png\u00bb image_padding=\u00bb||||false|false\u00bb content_padding=\u00bb||||false|false\u00bb button_margin=\u00bb||||false|false\u00bb button_padding=\u00bb||||false|false\u00bb custom_margin=\u00bb||||false|false\u00bb custom_padding=\u00bb||||false|false\u00bb _builder_version=\u00bb4.21.0&#8243; _module_preset=\u00bbdefault\u00bb header_level=\u00bbh3&#8243; header_font=\u00bb|700|||||||\u00bb header_text_color=\u00bbgcid-8d004b11-584e-4716-8158-78133c0b6f77&#8243; global_colors_info=\u00bb{%22gcid-8d004b11-584e-4716-8158-78133c0b6f77%22:%91%22header_text_color%22%93}\u00bb]<\/p>\n<p>\u00bfEst\u00e1 interesado en un aprendizaje en el \u00e1mbito industrial-t\u00e9cnico o comercial?&#8230;<\/p>\n<p>[\/dica_divi_carouselitem][dica_divi_carouselitem title=\u00bbOfertas de empleo en Karlsbad-Ittersbach\u00bb button_text=\u00bbver m\u00e1s\u00bb button_url=\u00bbhttps:\/\/hauxlifesupport.de\/es\/empleos-y-carrera-profesional\/ofertas-de-empleo-karlsbad-ittersbach\/\u00bb button_url_new_window=\u00bb1&#8243; image=\u00bbhttps:\/\/hauxlifesupport.de\/wp-content\/uploads\/2023\/07\/11-e1688649155517.png\u00bb image_padding=\u00bb||||false|false\u00bb content_padding=\u00bb||||false|false\u00bb button_margin=\u00bb||||false|false\u00bb button_padding=\u00bb||||false|false\u00bb custom_margin=\u00bb||||false|false\u00bb custom_padding=\u00bb||||false|false\u00bb _builder_version=\u00bb4.23.1&#8243; _module_preset=\u00bbdefault\u00bb header_level=\u00bbh3&#8243; header_font=\u00bb|700|||||||\u00bb header_text_color=\u00bbgcid-8d004b11-584e-4716-8158-78133c0b6f77&#8243; hover_enabled=\u00bb0&#8243; global_colors_info=\u00bb{%22gcid-8d004b11-584e-4716-8158-78133c0b6f77%22:%91%22header_text_color%22%93}\u00bb title_text=\u00bb11&#8243; sticky_enabled=\u00bb0&#8243;]<\/p>\n<p><span>HAUX-LIFE-SUPPORT le ofrece excelentes oportunidades para su futura carrera en Karlsbad-Ittersbach\u2026<\/span><\/p>\n<p>[\/dica_divi_carouselitem][dica_divi_carouselitem title=\u00bbOfertas de empleo f\u00e1brica Cuxhaven\u00bb button_text=\u00bbver m\u00e1s\u00bb button_url=\u00bbhttps:\/\/hauxlifesupport.de\/es\/empleos-y-carrera-profesional\/ofertas-de-empleo-fabrica-cuxhaven\/\u00bb button_url_new_window=\u00bb1&#8243; image=\u00bbhttps:\/\/hauxlifesupport.de\/wp-content\/uploads\/2023\/07\/HAUX-LIFE-SUPPORT_vessel_apparatus_construction_Cuxhaven_min.jpg\u00bb image_padding=\u00bb||||false|false\u00bb content_padding=\u00bb||||false|false\u00bb button_margin=\u00bb||||false|false\u00bb button_padding=\u00bb||||false|false\u00bb custom_margin=\u00bb||||false|false\u00bb custom_padding=\u00bb||||false|false\u00bb _builder_version=\u00bb4.23.1&#8243; _module_preset=\u00bbdefault\u00bb header_level=\u00bbh3&#8243; header_font=\u00bb|700|||||||\u00bb header_text_color=\u00bbgcid-8d004b11-584e-4716-8158-78133c0b6f77&#8243; hover_enabled=\u00bb0&#8243; global_colors_info=\u00bb{%22gcid-8d004b11-584e-4716-8158-78133c0b6f77%22:%91%22header_text_color%22%93}\u00bb title_text=\u00bbHAUX-LIFE-SUPPORT_vessel_apparatus_construction_Cuxhaven_min\u00bb sticky_enabled=\u00bb0&#8243;]<\/p>\n<p><span>La f\u00e1brica en Cuxhaven de HAUX-LIFE-SUPPORT le ofrece excelentes oportunidades para su futura carrera\u2026<\/span><\/p>\n<p>[\/dica_divi_carouselitem][\/dica_divi_carousel][\/et_pb_column][\/et_pb_row][\/et_pb_section]<\/p>\n","protected":false},"excerpt":{"rendered":"<p>BuscamosprofesionalesEmpleos y carrera profesional Carrera profesional en HAUX-LIFE-SUPPORTEn nuestros p\u00e1ginas de empleo y carrera profesional puede leer sobre las perspectivas y oprtunidades que HAUX-LIFE-SUPPORT ofrece para su futura carrera laboral. No importa si a\u00fan es alumno, estudiante o profesional con experiencia o sin experiencia &#8211; aqu\u00ed encuentra un buen comienzo.<div class=\"et_pb_module dica_divi_carousel dica_divi_carousel_0\">\n\t\t\t\t\n\t\t\t\t\n\t\t\t\t\n\t\t\t\t\n\t\t\t\t\n\t\t\t\t\n\t\t\t\t<div class=\"et_pb_module_inner\">\n\t\t\t\t\t<div class=\"dica-container  desktop_middle-outside tablet_middle-outside mobile_middle-outside\" data-props='{\"desktop\":\"3\",\"tablet\":\"\\u00bb2&#8243;\",\"mobile\":\"1\",\"speed\":\"500\",\"arrow\":\"off\",\"dots\":\"off\",\"autoplay\":\"\\u00bbon\\u00bb\",\"autoSpeed\":\"\\u00bb2500&#8243;\",\"loop\":\"off\",\"item_spacing\":\"50\",\"center_mode\":\"off\",\"slider_effec\":\"1\",\"cover_rotate\":\"50\",\"pause_onhover\":\"off\",\"multislide\":\"off\",\"cfshadow\":\"on\",\"order\":\"0\",\"lazyload\":\"on\",\"lazybefore\":\"on\",\"scroller_effect\":\"off\",\"autowidth\":\"off\",\"item_spacing_tablet\":\"50\",\"item_spacing_phone\":\"50\",\"scroller_speed\":\"4000\",\"hashNavigation\":\"off\",\"simulatetouch\":\"off\",\"allowtouchmove\":\"off\"}'>\r\n\t\t\t\t\t\t\t \t<div class=\"swiper-container\">\r\n\t\t\t\t\t\t\t\t\t<div class=\"swiper-wrapper\"><\/div>\t\r\n\t\t\t\t\t\t\t\t<\/div>\t\r\n\t\t\t\t\t\t\t\t\r\n\t\t\t\t\t\t\t\t\t\t\t\t\t\t\r\n\t\t\t\t\t\t\t<\/div>\n\t\t\t\t<\/div>\n\t\t\t<\/div><\/p>\n","protected":false},"author":1,"featured_media":0,"parent":0,"menu_order":400,"comment_status":"closed","ping_status":"closed","template":"","meta":{"_et_pb_use_builder":"on","_et_pb_old_content":"","_et_gb_content_width":"","_relevanssi_hide_post":"","_relevanssi_hide_content":"","_relevanssi_pin_for_all":"","_relevanssi_pin_keywords":"","_relevanssi_unpin_keywords":"","_relevanssi_related_keywords":"","_relevanssi_related_include_ids":"","_relevanssi_related_exclude_ids":"","_relevanssi_related_no_append":"","_relevanssi_related_not_related":"","_relevanssi_related_posts":"","_relevanssi_noindex_reason":"","footnotes":""},"class_list":["post-240726","page","type-page","status-publish","hentry"],"_links":{"self":[{"href":"https:\/\/hauxlifesupport.de\/es\/wp-json\/wp\/v2\/pages\/240726","targetHints":{"allow":["GET"]}}],"collection":[{"href":"https:\/\/hauxlifesupport.de\/es\/wp-json\/wp\/v2\/pages"}],"about":[{"href":"https:\/\/hauxlifesupport.de\/es\/wp-json\/wp\/v2\/types\/page"}],"author":[{"embeddable":true,"href":"https:\/\/hauxlifesupport.de\/es\/wp-json\/wp\/v2\/users\/1"}],"replies":[{"embeddable":true,"href":"https:\/\/hauxlifesupport.de\/es\/wp-json\/wp\/v2\/comments?post=240726"}],"version-history":[{"count":10,"href":"https:\/\/hauxlifesupport.de\/es\/wp-json\/wp\/v2\/pages\/240726\/revisions"}],"predecessor-version":[{"id":242186,"href":"https:\/\/hauxlifesupport.de\/es\/wp-json\/wp\/v2\/pages\/240726\/revisions\/242186"}],"wp:attachment":[{"href":"https:\/\/hauxlifesupport.de\/es\/wp-json\/wp\/v2\/media?parent=240726"}],"curies":[{"name":"wp","href":"https:\/\/api.w.org\/{rel}","templated":true}]}}