{"id":240724,"date":"2023-06-26T11:21:30","date_gmt":"2023-06-26T09:21:30","guid":{"rendered":"https:\/\/hauxlifesupport.de\/?page_id=240724"},"modified":"2025-03-20T17:13:21","modified_gmt":"2025-03-20T16:13:21","slug":"la-compania","status":"publish","type":"page","link":"https:\/\/hauxlifesupport.de\/es\/la-compania\/","title":{"rendered":"LA COMPA\u00d1\u00cdA"},"content":{"rendered":"<p>[et_pb_section fb_built=\u00bb1&#8243; admin_label=\u00bbSlider\u00bb _builder_version=\u00bb4.21.0&#8243; _module_preset=\u00bbdefault\u00bb width=\u00bb100%\u00bb max_width=\u00bb100%\u00bb custom_padding=\u00bb0px||0px||false|false\u00bb custom_padding_tablet=\u00bb0px||0px||false|false\u00bb custom_padding_phone=\u00bb0px||0px||false|false\u00bb global_colors_info=\u00bb{}\u00bb][et_pb_row _builder_version=\u00bb4.21.0&#8243; _module_preset=\u00bbdefault\u00bb background_enable_color=\u00bboff\u00bb width=\u00bb100%\u00bb width_tablet=\u00bb100%\u00bb width_phone=\u00bb100%\u00bb width_last_edited=\u00bbon|desktop\u00bb max_width=\u00bb100%\u00bb module_alignment=\u00bbleft\u00bb custom_margin=\u00bb0px||0px||false|false\u00bb custom_margin_tablet=\u00bb|0px||0px|false|false\u00bb custom_padding=\u00bb0px||0px||false|false\u00bb custom_padding_tablet=\u00bb|0px||0px|false|true\u00bb global_colors_info=\u00bb{}\u00bb][et_pb_column type=\u00bb4_4&#8243; _builder_version=\u00bb4.21.0&#8243; _module_preset=\u00bbdefault\u00bb background_enable_color=\u00bboff\u00bb global_colors_info=\u00bb{}\u00bb][et_pb_slider _builder_version=\u00bb4.21.0&#8243; _module_preset=\u00bbdefault\u00bb custom_padding_tablet=\u00bb180px|0px|180px|0px|false|false\u00bb header_font_size_tablet=\u00bb\u00bb header_font_size_phone=\u00bb39px\u00bb header_font_size_last_edited=\u00bbon|tablet\u00bb body_font_size_phone=\u00bb39px\u00bb global_colors_info=\u00bb{}\u00bb][et_pb_slide _builder_version=\u00bb4.21.0&#8243; _module_preset=\u00bbdefault\u00bb background_image=\u00bbhttps:\/\/hauxlifesupport.de\/wp-content\/uploads\/2023\/10\/Unternehmen_H_D.jpg\u00bb custom_padding=\u00bb|0px||0px|false|false\u00bb global_colors_info=\u00bb{}\u00bb sticky_transition=\u00bbon\u00bb]<\/p>\n<div id=\"headerimage\" style=\"background-image: url('\/fileadmin\/user_upload\/Titelbilder\/HAUX_innovation_center_company_headquarters_min.jpg');\">\n<div class=\"hi_inside\">\n<div class=\"hi_inner_text\">\n<p><strong>Innovaci\u00f3n<\/strong><strong><\/strong><\/p>\n<\/div>\n<\/div>\n<\/div>\n<p>[\/et_pb_slide][\/et_pb_slider][\/et_pb_column][\/et_pb_row][\/et_pb_section][et_pb_section fb_built=\u00bb1&#8243; admin_label=\u00bbWillkommen\u00bb _builder_version=\u00bb4.21.0&#8243; _module_preset=\u00bbdefault\u00bb global_colors_info=\u00bb{}\u00bb][et_pb_row _builder_version=\u00bb4.21.0&#8243; _module_preset=\u00bb_initial\u00bb custom_margin_tablet=\u00bb||0px||false|false\u00bb custom_margin_phone=\u00bb||0px||false|false\u00bb custom_margin_last_edited=\u00bbon|phone\u00bb custom_padding_tablet=\u00bb||0px||false|false\u00bb custom_padding_phone=\u00bb||0px||false|false\u00bb global_colors_info=\u00bb{}\u00bb][et_pb_column type=\u00bb4_4&#8243; _builder_version=\u00bb4.21.0&#8243; _module_preset=\u00bbdefault\u00bb global_colors_info=\u00bb{}\u00bb][et_pb_text _builder_version=\u00bb4.21.0&#8243; _module_preset=\u00bb_initial\u00bb global_colors_info=\u00bb{}\u00bb]<\/p>\n<h2 style=\"text-align: center;\"><strong>La Compa\u00f1\u00eda<\/strong><\/h2>\n<h2 style=\"text-align: center;\"><span style=\"text-decoration: underline;\">Innovaci\u00f3n, Experiencia, Ventaja tecnol\u00f3gica<\/span><\/h2>\n<p>[\/et_pb_text][\/et_pb_column][\/et_pb_row][et_pb_row _builder_version=\u00bb4.21.0&#8243; _module_preset=\u00bb_initial\u00bb global_colors_info=\u00bb{}\u00bb][et_pb_column type=\u00bb4_4&#8243; _builder_version=\u00bb4.21.0&#8243; _module_preset=\u00bbdefault\u00bb global_colors_info=\u00bb{}\u00bb][et_pb_text _builder_version=\u00bb4.21.0&#8243; _module_preset=\u00bbdefault\u00bb border_style_bottom=\u00bbnone\u00bb global_colors_info=\u00bb{}\u00bb]<\/p>\n<p style=\"text-align: center;\">Desde su fundaci\u00f3n en 1980, <strong>HAUX-LIFE-SUPPORT<\/strong> ha sido sin\u00f3nimo de desempe\u00f1o t\u00e9cnico, innovaci\u00f3n, calidad y confiabilidad. Lo avalan las mas de 1500 sistemas hiperb\u00e1ricos <strong>HAUX<\/strong> instalados alrededor del mundo. Hoy en d\u00eda, desarrollamos y fabricamos sistemas y equipos de la m\u00e1s alta tecnolog\u00eda, dise\u00f1ados a las necesidades especificas de nuestros clientes dentro de nuestras instalaciones localizadas en Karlsbad-Ittersbach y en Cuxhaven.<\/p>\n<p style=\"text-align: center;\">En los \u00faltimos 40 a\u00f1os, <strong>HAUX-LIFE-SUPPORT GmbH\u00a0<\/strong>se ha convertido en un l\u00edder mundial en el \u00e1reas m\u00e9dica, construcci\u00f3n de t\u00faneles y tecnolog\u00edas para el buceo<\/p>\n<p>[\/et_pb_text][\/et_pb_column][\/et_pb_row][\/et_pb_section][et_pb_section fb_built=\u00bb1&#8243; _builder_version=\u00bb4.21.0&#8243; _module_preset=\u00bbdefault\u00bb background_image=\u00bbhttps:\/\/hauxlifesupport.de\/wp-content\/uploads\/2023\/06\/827aa74837e28e0ff72c3c9487b38e28.jpg\u00bb global_colors_info=\u00bb{}\u00bb][et_pb_row _builder_version=\u00bb4.21.0&#8243; _module_preset=\u00bbdefault\u00bb global_colors_info=\u00bb{}\u00bb][et_pb_column type=\u00bb4_4&#8243; _builder_version=\u00bb4.21.0&#8243; _module_preset=\u00bbdefault\u00bb global_colors_info=\u00bb{}\u00bb][et_pb_accordion open_toggle_background_color=\u00bb#FFFFFF\u00bb closed_toggle_background_color=\u00bb#FFFFFF\u00bb toggle_icon=\u00bb&#x32;||divi||400&#8243; _builder_version=\u00bb4.23.1&#8243; _module_preset=\u00bbdefault\u00bb closed_toggle_font=\u00bb||||||||\u00bb background_color=\u00bbRGBA(255,255,255,0)\u00bb hover_enabled=\u00bb0&#8243; global_colors_info=\u00bb{}\u00bb sticky_enabled=\u00bb0&#8243;][et_pb_accordion_item title=\u00bb2020 &#8211; hoy\u00bb open=\u00bbon\u00bb _builder_version=\u00bb4.23.1&#8243; _module_preset=\u00bbdefault\u00bb hover_enabled=\u00bb0&#8243; global_colors_info=\u00bb{}\u00bb sticky_enabled=\u00bb0&#8243;]<\/p>\n<h1><strong>2024<\/strong><\/h1>\n<p>Instalaci\u00f3n y puesta en marcha exitosa de un <strong>HAUX-QUADRO 2700-2200<\/strong> en el reconocido <strong>Hospital de la Ciudad de Ostrava<\/strong> en la Rep\u00fablica Checa.<\/p>\n<h1><strong>2023<\/strong><\/h1>\n<p>La estructura principal del m\u00f3dulo <strong>Lunar I-HAB Mock-up<\/strong> fue fabricada en nuestra <strong>planta de Cuxhaven<\/strong>. Es un modelo a escala real del m\u00f3dulo habitable europeo para la estaci\u00f3n espacial lunar prevista, <strong>Gateway International Habitation Module (I-HAB)<\/strong>.<\/p>\n<h1><strong>2022<\/strong><\/h1>\n<p>En el sitio de Karlsbad de <strong>HAUX-LIFE-SUPPORT GmbH<\/strong>, se est\u00e1 construyendo un nuevo y amplio hall de producci\u00f3n y pruebas para ampliar nuestras capacidades.<\/p>\n<h1><strong>2021<\/strong><\/h1>\n<p><strong>HAUX-LIFE-SUPPORT<\/strong> recibe el con\u00adtrato para la moder\u00adnizaci\u00f3n del Instituto Checo de Medicina Aero\u00adespacial en Praga. El contrato incluye la entrega de una <strong>HAUX-PILOTSTAR-3000\/C-HYPO<\/strong>, una <strong>HAUX-STARMED-QUADRO 2700-2200\/5,5<\/strong> y las medidas neces\u00adarias para la moder\u00adnizaci\u00f3n de las instalaciones.<\/p>\n<h1><strong>2020<\/strong><\/h1>\n<p>Ampliac\u00edon de la planta de <strong>HAUX-LIFE-SUPPORT Cuxhaven <\/strong>con un nuevo centro log\u00edstico.<\/p>\n<p>[\/et_pb_accordion_item][et_pb_accordion_item title=\u00bb2010 &#8211; 2019&#8243; _builder_version=\u00bb4.23.1&#8243; _module_preset=\u00bbdefault\u00bb global_colors_info=\u00bb{}\u00bb open=\u00bboff\u00bb]<\/p>\n<h1><strong>2019<\/strong><\/h1>\n<p>HAUX-LIFE-SUPPORT recibe el pe\u00addido para un sistema de cam\u00adpanas de buceo <strong>HAUX-STARCOM\/HAUX-BELLSTAR <\/strong>para el buque <em>Rhein-Schiff Carl Straat.<\/em><\/p>\n<h1><strong>2018<\/strong><\/h1>\n<p>Desarrollo y apro\u00adbaci\u00f3n de una bom\u00adba de infu\u00adsi\u00f3n <strong>HAUX-SYRINGE-PUMP, <\/strong>apro\u00adbada para operar en condi\u00adciones hiperb\u00e1ricas.<\/p>\n<h1><strong>2016\/2017<\/strong><\/h1>\n<p>Ampliaci\u00f3n de los tal\u00adleres <strong>HAUX-LIFE-SUPPORT Cux\u00adhaven <\/strong>con una nave de m\u00e1\u00adquinas con ma\u00adquinaria de \u00faltima generaci\u00f3n para el meca\u00adnizado de grandes piezas y compo\u00adnentes de apar\u00adatos y recipientes a presi\u00f3n.<\/p>\n<h1><strong>2015<\/strong><\/h1>\n<p>Desarrollo, entrega y puesta en marcha de una <strong>HAUX-TESTCOM 1200-2900-B C\u00e1mara de presi\u00f3n de explosi\u00f3n, <\/strong>para la prueba de tanques de hidr\u00f3\u00adgeno en Daimler-Benz AG Stuttgart.<\/p>\n<h1><strong>2014<\/strong><\/h1>\n<p>Desarrollo, entrega y puesta en marcha de 5 piezas del sistema <strong>HAUX-TESTCOM 2200\/10-B <\/strong>para el nuevo laboratorio de pruebas global en BASF en Ludwigshafen.<\/p>\n<h1><strong>2013<\/strong><\/h1>\n<p>Ampliaci\u00f3n de los tal\u00adleres <strong>HAUX-LIFE-SUPPORT Cux\u00adhaven<\/strong>, con una nave extra para produc\u00adci\u00f3n y almacenamiento.<\/p>\n<h1><strong>2012<\/strong><\/h1>\n<p>Entrega, instalaci\u00f3n y puesta en marcha de la <strong>HAUX-STARMED-QUADRO 3000-2200-3,3\/SC4 + 6,6\/SC2<\/strong> para el hospital universi\u00adtario Lille en Francia, que en el mo\u00admento es la QUADRO de 4 comparti\u00admentos m\u00e1s grande de la Uni\u00f3n Europea.<\/p>\n<h1><strong>2011<\/strong><\/h1>\n<p>Entrega de la \u00faltima gene\u00adraci\u00f3n del simu\u00adlador de buceo <strong>HAUX-DIVESTAR 160<\/strong> en dise\u00f1o BUFFALO para el Centro de Entre\u00adnamiento de Buceo de la Armada Sueca.<\/p>\n<h1><strong>2010<\/strong><\/h1>\n<p>Introducci\u00f3n de la l\u00ednea <strong>HAUX-OXYSTAR, <\/strong>la cual ha sido com\u00adpleta\u00admente actuali\u00adzada. Con los nuevos modelos HAUX-OXYSTAR 800, 1000, 1200 ofre\u00adcemos una l\u00ednea eficiente de c\u00e1maras indivi\u00adduales, con los m\u00e1s altos reque\u00adrimientos m\u00e9dicos y las necesi\u00addades de confort.<\/p>\n<p>[\/et_pb_accordion_item][et_pb_accordion_item title=\u00bb2000 &#8211; 2009&#8243; _builder_version=\u00bb4.23.1&#8243; _module_preset=\u00bbdefault\u00bb global_colors_info=\u00bb{}\u00bb open=\u00bboff\u00bb]<\/p>\n<h1><strong>2009<\/strong><\/h1>\n<p>Nueva construcci\u00f3n en la planta de producci\u00f3n <strong>HAUX-LIFE-SUPPORT Cuxhaven. <\/strong>Se conforma de una planta moderna de producci\u00f3n en la que se fabrican aparatos y contenedores resistentes a altas presiones con los m\u00e9todos m\u00e1s modernos y de la m\u00e1s alta calidad.<\/p>\n<h1><strong>2008<\/strong><\/h1>\n<p>Ignauraci\u00f3n del <strong>HAUX-INNOVATION-CENTER (HIC)<\/strong> cerca de nuestra planta de producci\u00f3n. El nuevo centro aloja los departamentos de dise\u00f1o mec\u00e1nico, ingenier\u00eda m\u00e9dica, electr\u00f3nica. Aqu\u00ed se encuentra el desarrollo de nuestros m\u00e1s nuevos sistemas de c\u00e1maras y sus componentes.<\/p>\n<p>Dentro de este edificio se encuentra un sistema de c\u00e1maras, el cual nos permite ofrecer capacitaciones, adem\u00e1s de probar nuestros nuevos desarrollos.<\/p>\n<h1><strong>2007<\/strong><\/h1>\n<p>Ignauraci\u00f3n de la nueva <strong>planta de producci\u00f3n HAUX <\/strong>para la construcci\u00f3n de nuestros sistemas de c\u00e1maras. Gracias a la construcci\u00f3n de una piscina de buceo tambi\u00e9n es posible probar nuestros sistemas bajo del agua. Dos gr\u00faas de gran tonelaje facilitan el transporte de los sistemas de c\u00e1maras o de buceo profundo.<\/p>\n<h1><strong>2006<\/strong><\/h1>\n<p>Desarrollo del <strong>HAUX-SPRAY-FOG<\/strong> sistema de extinci\u00f3n a base de niebla y atomizador para un mejores propiedades extintoras en los sistemas de c\u00e1maras. El sistema <strong>HAUX-SPRAY-FOG<\/strong> ha sido certificado por el Germanische Lloyd.<\/p>\n<h1><strong>2005<\/strong><\/h1>\n<p>Desarrollo, dise\u00f1o y construcci\u00f3n del sistema terap\u00e9utico HBO mas grande del mundo <strong>HAUX-QUADRO<\/strong> para el Hospital Universitario Karolisnka en Estocolmo Suecia.<\/p>\n<h1><strong>2004<\/strong><\/h1>\n<p>Desarrollo del nuevo centro de tratamiento medico y del simulador de buceo <strong>HAUX-HYDRA 2500<\/strong> para presiones de hasta 250 metros de profundicad para el hospital naval de la Armada Naval Griega en Atenas.<\/p>\n<h1><strong>2003<\/strong><\/h1>\n<p>Desarrollo de la nueva generacion de <strong>HAUX-STARCOM<\/strong>. La c\u00e1mara de decompresi\u00f3n para buzon esta construida \u00a0dentro de un contenedor y fue entregada, por ejemplo, a la Naval Lituana y en el submarino salvavidas de la marina Alemana.<\/p>\n<h1><strong>2002<\/strong><\/h1>\n<p><strong>Certificaci\u00f3n HAUX<\/strong> seg\u00fan EN 46001, la nueva normativa europea para fabricantes de productos m\u00e9dicos.<\/p>\n<h1><strong>2001<\/strong><\/h1>\n<p>Introducci\u00f3n de la nueva generaci\u00f3n del sistema <strong>HAUX-MEDICAL-MONITORING.<\/strong><\/p>\n<h1><strong>2000<\/strong><\/h1>\n<p>Construcci\u00f3n y fabricaci\u00f3n de la primera c\u00e1mara de transferencia <strong>HAUX-TRANSFER<\/strong> para el trabajo en la construcci\u00f3n de t\u00faneles.<\/p>\n<p>[\/et_pb_accordion_item][et_pb_accordion_item title=\u00bb1990 -1999&#8243; _builder_version=\u00bb4.23.1&#8243; _module_preset=\u00bbdefault\u00bb global_colors_info=\u00bb{}\u00bb open=\u00bboff\u00bb]<\/p>\n<h1><strong>1999<\/strong><\/h1>\n<p>Desarrollo de un sis\u00adtema alta\u00admente efec\u00adtivo de exitin\u00adci\u00f3n de fuego medi\u00adante la combina\u00adci\u00f3n de las tecnolog\u00edas de pulveri\u00adzaci\u00f3n y atomizaci\u00f3n.<\/p>\n<h1><strong>1998<\/strong><\/h1>\n<p>Desarrollo del medi\u00addor de ox\u00ed\u00adgeno <strong>HAUX-OXYSEARCH<\/strong> para la detec\u00adci\u00f3n de fugas en las m\u00e1scaras respiratorias.<\/p>\n<h1><strong>1997<\/strong><\/h1>\n<p>Desarrollo de la tec\u00adnolog\u00eda <strong>HAUX-QUADRO<\/strong>. La <strong>HAUX-QUADRO<\/strong> es la pri\u00admera c\u00e1\u00admara en el mundo con forma c\u00fabica con la tec\u00adnolog\u00eda de paneles planos no reforzados.<\/p>\n<h1><strong>1996<\/strong><\/h1>\n<p>Introducci\u00f3n del un nuevo sis\u00adtema de respira\u00adci\u00f3n de ox\u00edgeno con soporte inyector.<\/p>\n<h1><strong>1995<\/strong><\/h1>\n<p>Desarrollo de la pri\u00admera c\u00e1\u00admara hiper-hipo\u00adb\u00e1rica para trata\u00admientos hiper\u00adb\u00e1ricos especiales.<\/p>\n<h1><strong>1994<\/strong><\/h1>\n<p>Desarrollo del primer piso plano dentro de la c\u00e1mara para mayor confort. El piso plano sirve tambi\u00e9n como trans\u00adductor de presi\u00f3n.<\/p>\n<h1><strong>1993<\/strong><\/h1>\n<p>Construcci\u00f3n de las nue\u00advas instala\u00adciones <strong>HAUX-TRAINING-CENTER HTC<\/strong> con salas para entre\u00adnamiento y capaci\u00adtaci\u00f3n, as\u00ed como piscina y simu\u00adlador de buceo.<\/p>\n<h1><strong>1992<\/strong><\/h1>\n<p>Introducci\u00f3n del primer sis\u00adtema de aire acon\u00addicionado total\u00admente funcio\u00adnal para sis\u00adtemas de c\u00e1maras hiperb\u00e1ricas.<\/p>\n<h1><strong>1991<\/strong><\/h1>\n<p>Introducci\u00f3n del sis\u00adtema de con\u00adtrol redun\u00addante medi\u00adante la combi\u00adnaci\u00f3n de Compu\u00adtadora \/ Joystick \/ <strong>HAUX-STARVALVE<\/strong> con control auto\u00adm\u00e1tico; para mayor seguridad y control.<\/p>\n<h1><strong>1990<\/strong><\/h1>\n<p>Desarrollo de la l\u00e1m\u00adpara de luz fria anti\u00adreflejante <strong>HAUX-LUXMASTER.<\/strong><br \/>Gracias a la nueva construc\u00adci\u00f3n no es nece\u00adsario una venti\u00adlaci\u00f3n de enfriamiento adicional.\u00a0<\/p>\n<p>[\/et_pb_accordion_item][et_pb_accordion_item title=\u00bb1980 -1989&#8243; _builder_version=\u00bb4.23.1&#8243; _module_preset=\u00bbdefault\u00bb hover_enabled=\u00bb0&#8243; global_colors_info=\u00bb{}\u00bb open=\u00bboff\u00bb sticky_enabled=\u00bb0&#8243;]<\/p>\n<h1><strong>1989<\/strong><\/h1>\n<p>Construcci\u00f3n y fabricaci\u00f3n de la primera c\u00e1mara hiperb\u00e1rica de la <strong>Serie<\/strong> <strong>HAUX-STARMED<\/strong> con medgv (Regulador de equipo m\u00e9dico) clasificaci\u00f3n 1.<\/p>\n<h1><strong>1988<\/strong><\/h1>\n<p>Diese\u00f1o y construcci\u00f3n de la primera c\u00e1mara hiperb\u00e1rica con paredes divisorias planas no reforzadas en el mundo.<\/p>\n<h1><strong>1987<\/strong><\/h1>\n<p>Desarrollo del primer sistema de control computarizado para un simulador de buceo para la Asociaci\u00f3n Alemana de Salvavidas (DLRG) en Berlin.<\/p>\n<h1><strong>1986<\/strong><\/h1>\n<p>Desarrollo de la <strong>HAUX-MASTERWINDOW<\/strong> con tecnolog\u00eda de \u00e1ngulo amplio<\/p>\n<h1><strong>1985<\/strong><\/h1>\n<p>Introducci\u00f3n del primer sistema CAD (Dise\u00f1o asistido por computadora) en HAUX-LIFE-SUPPORT. Unos meses despu\u00e9s todos los planos t\u00e9cnicos son dise\u00f1ados con el nuevo sistema.<\/p>\n<h1><strong>1984<\/strong><\/h1>\n<p>Ignauraci\u00f3n de un nuevo edificio de oficinas y una nave de producci\u00f3n en Karlsbad-Ittersbach<\/p>\n<h1><strong>1983<\/strong><\/h1>\n<p>Construcci\u00f3n y producci\u00f3n del primer sistema de buceo profundo <strong>HAUX-DEEPSTAR 100<\/strong> para un b\u00faque gr\u00faa en Rusia. El sistema tiene una c\u00e1mara de decompresi\u00f3n en la cubierta y una campana de buceo cerrada.<\/p>\n<h1><strong>1982<\/strong><\/h1>\n<p>Dise\u00f1o y producci\u00f3n de varias c\u00e1maras de tratamiento para buzos <strong>HAUX-STARCOM<\/strong> con un di\u00e1metro de hasta 2000 mm.<\/p>\n<h1><strong>1981<\/strong><\/h1>\n<p>Construcci\u00f3n y producci\u00f3n de los primeros sistemas de c\u00e1mara hiperb\u00e1rica\/hipob\u00e1rica de pruebas <strong>HAUX-TESTCOM<\/strong> y la c\u00e1mara estacionaria para tratamiento de buzos <strong>HAUX-STARCOM 900<\/strong>.<\/p>\n<p>Mudanza de los talleres a Ettlingen con instalaciones de mayores dimensiones.<\/p>\n<h1><strong>1980<\/strong><\/h1>\n<p>HAUX-LIFE-SUPPORT GmbH fue fundada por Gerhard Haux, donde ya contaba con 22 a\u00f1os de experiencia como jefe de ingenier\u00eda en tecnolog\u00eda submarina, incluyendo los sistemas de c\u00e1maras de decompresi\u00f3n.<br \/>Abriendo su primer oficina de diese\u00f1o y taller en un garage localizado en Waldbronn, Alemania.<\/p>\n<p>[\/et_pb_accordion_item][\/et_pb_accordion][\/et_pb_column][\/et_pb_row][\/et_pb_section][et_pb_section fb_built=\u00bb1&#8243; admin_label=\u00bbNews HAUX-LIFE-SUPPORT\u00bb _builder_version=\u00bb4.21.0&#8243; _module_preset=\u00bbdefault\u00bb background_enable_image=\u00bboff\u00bb global_colors_info=\u00bb{}\u00bb][et_pb_row _builder_version=\u00bb4.21.0&#8243; _module_preset=\u00bb126ce2d4-8ee6-4926-a9d7-a28071ed68d8&#8243; global_colors_info=\u00bb{}\u00bb][et_pb_column type=\u00bb4_4&#8243; _builder_version=\u00bb4.21.0&#8243; _module_preset=\u00bbdefault\u00bb global_colors_info=\u00bb{}\u00bb][dica_divi_carousel show_items_tablet=\u00bb2&#8243; arrow_nav_color=\u00bbgcid-8d004b11-584e-4716-8158-78133c0b6f77&#8243; arrow_position_tablet=\u00bbmiddle-inside\u00bb arrow_position_phone=\u00bbmiddle-inside\u00bb arrow_position_last_edited=\u00bbon|phone\u00bb arrow_font_size_phone=\u00bb40px\u00bb admin_label=\u00bbDivi Carousel\u00bb _builder_version=\u00bb4.21.0&#8243; _module_preset=\u00bbe0e13787-200d-4cbc-abd0-a9d25c3c5a23&#8243; title_text_color=\u00bbgcid-8d004b11-584e-4716-8158-78133c0b6f77&#8243; global_colors_info=\u00bb{%22gcid-8d004b11-584e-4716-8158-78133c0b6f77%22:%91%22title_text_color%22,%22arrow_nav_color%22%93}\u00bb][dica_divi_carouselitem button_url=\u00bbhttps:\/\/hauxlifesupport.de\/job-karriere\/ihr-einstieg-bei-haux-life-support\/\u00bb button_url_new_window=\u00bb1&#8243; image=\u00bbhttps:\/\/hauxlifesupport.de\/wp-content\/uploads\/2023\/07\/HAUX_INNOVATION_CENTER_company_headquarters_1920x1440.jpg\u00bb image_padding=\u00bb||||false|false\u00bb content_padding=\u00bb||||false|false\u00bb button_margin=\u00bb||||false|false\u00bb button_padding=\u00bb||||false|false\u00bb custom_margin=\u00bb||||false|false\u00bb custom_padding=\u00bb||||false|false\u00bb _builder_version=\u00bb4.21.0&#8243; _module_preset=\u00bbdefault\u00bb header_level=\u00bbh3&#8243; header_font=\u00bb|700|||||||\u00bb header_text_color=\u00bbgcid-8d004b11-584e-4716-8158-78133c0b6f77&#8243; global_colors_info=\u00bb{%22gcid-8d004b11-584e-4716-8158-78133c0b6f77%22:%91%22header_text_color%22%93}\u00bb][\/dica_divi_carouselitem][dica_divi_carouselitem button_url=\u00bbhttps:\/\/hauxlifesupport.de\/job-karriere\/praktikum-diplomarbeit\/\u00bb button_url_new_window=\u00bb1&#8243; image=\u00bbhttps:\/\/hauxlifesupport.de\/wp-content\/uploads\/2023\/07\/HAUX_INNOVATION_CENTER_company_headquarters_2_500x375.jpg\u00bb image_padding=\u00bb||||false|false\u00bb content_padding=\u00bb||||false|false\u00bb button_margin=\u00bb||||false|false\u00bb button_padding=\u00bb||||false|false\u00bb custom_margin=\u00bb||||false|false\u00bb custom_padding=\u00bb||||false|false\u00bb _builder_version=\u00bb4.21.0&#8243; _module_preset=\u00bbdefault\u00bb header_level=\u00bbh3&#8243; header_font=\u00bb|700|||||||\u00bb header_text_color=\u00bbgcid-8d004b11-584e-4716-8158-78133c0b6f77&#8243; custom_button=\u00bbon\u00bb global_colors_info=\u00bb{%22gcid-8d004b11-584e-4716-8158-78133c0b6f77%22:%91%22header_text_color%22%93}\u00bb][\/dica_divi_carouselitem][dica_divi_carouselitem button_url=\u00bbhttps:\/\/hauxlifesupport.de\/job-karriere\/ausbildung-bei-haux-life-support\/\u00bb button_url_new_window=\u00bb1&#8243; image=\u00bbhttps:\/\/hauxlifesupport.de\/wp-content\/uploads\/2023\/07\/halle1_halle4_01.jpg\u00bb image_padding=\u00bb||||false|false\u00bb content_padding=\u00bb||||false|false\u00bb button_margin=\u00bb||||false|false\u00bb button_padding=\u00bb||||false|false\u00bb custom_margin=\u00bb||||false|false\u00bb custom_padding=\u00bb||||false|false\u00bb _builder_version=\u00bb4.21.0&#8243; _module_preset=\u00bbdefault\u00bb header_level=\u00bbh3&#8243; header_font=\u00bb|700|||||||\u00bb header_text_color=\u00bbgcid-8d004b11-584e-4716-8158-78133c0b6f77&#8243; global_colors_info=\u00bb{%22gcid-8d004b11-584e-4716-8158-78133c0b6f77%22:%91%22header_text_color%22%93}\u00bb][\/dica_divi_carouselitem][dica_divi_carouselitem button_url=\u00bbhttps:\/\/hauxlifesupport.de\/job-karriere\/ausbildung-bei-haux-life-support\/\u00bb button_url_new_window=\u00bb1&#8243; image=\u00bbhttps:\/\/hauxlifesupport.de\/wp-content\/uploads\/2023\/07\/halle4_01.jpg\u00bb image_padding=\u00bb||||false|false\u00bb content_padding=\u00bb||||false|false\u00bb button_margin=\u00bb||||false|false\u00bb button_padding=\u00bb||||false|false\u00bb custom_margin=\u00bb||||false|false\u00bb custom_padding=\u00bb||||false|false\u00bb _builder_version=\u00bb4.21.0&#8243; _module_preset=\u00bbdefault\u00bb header_level=\u00bbh3&#8243; header_font=\u00bb|700|||||||\u00bb header_text_color=\u00bbgcid-8d004b11-584e-4716-8158-78133c0b6f77&#8243; global_colors_info=\u00bb{%22gcid-8d004b11-584e-4716-8158-78133c0b6f77%22:%91%22header_text_color%22%93}\u00bb][\/dica_divi_carouselitem][dica_divi_carouselitem button_url=\u00bbhttps:\/\/hauxlifesupport.de\/job-karriere\/ausbildung-bei-haux-life-support\/\u00bb button_url_new_window=\u00bb1&#8243; image=\u00bbhttps:\/\/hauxlifesupport.de\/wp-content\/uploads\/2023\/07\/csm_HTC_HAUX_TRAININGSCENTER_Karlsbad_500x375_e1d15d87d7.jpg\u00bb image_padding=\u00bb||||false|false\u00bb content_padding=\u00bb||||false|false\u00bb button_margin=\u00bb||||false|false\u00bb button_padding=\u00bb||||false|false\u00bb custom_margin=\u00bb||||false|false\u00bb custom_padding=\u00bb||||false|false\u00bb _builder_version=\u00bb4.21.0&#8243; _module_preset=\u00bbdefault\u00bb header_level=\u00bbh3&#8243; header_font=\u00bb|700|||||||\u00bb header_text_color=\u00bbgcid-8d004b11-584e-4716-8158-78133c0b6f77&#8243; global_colors_info=\u00bb{%22gcid-8d004b11-584e-4716-8158-78133c0b6f77%22:%91%22header_text_color%22%93}\u00bb][\/dica_divi_carouselitem][dica_divi_carouselitem button_url=\u00bbhttps:\/\/hauxlifesupport.de\/job-karriere\/ausbildung-bei-haux-life-support\/\u00bb button_url_new_window=\u00bb1&#8243; image=\u00bbhttps:\/\/hauxlifesupport.de\/wp-content\/uploads\/2023\/07\/csm_Fertigung_Cux_1_96dpi_500x375_afa049b596.jpg\u00bb image_padding=\u00bb||||false|false\u00bb content_padding=\u00bb||||false|false\u00bb button_margin=\u00bb||||false|false\u00bb button_padding=\u00bb||||false|false\u00bb custom_margin=\u00bb||||false|false\u00bb custom_padding=\u00bb||||false|false\u00bb _builder_version=\u00bb4.21.0&#8243; _module_preset=\u00bbdefault\u00bb header_level=\u00bbh3&#8243; header_font=\u00bb|700|||||||\u00bb header_text_color=\u00bbgcid-8d004b11-584e-4716-8158-78133c0b6f77&#8243; global_colors_info=\u00bb{%22gcid-8d004b11-584e-4716-8158-78133c0b6f77%22:%91%22header_text_color%22%93}\u00bb][\/dica_divi_carouselitem][\/dica_divi_carousel][\/et_pb_column][\/et_pb_row][\/et_pb_section]<\/p>\n","protected":false},"excerpt":{"rendered":"<p>Innovaci\u00f3n La Compa\u00f1\u00eda Innovaci\u00f3n, Experiencia, Ventaja tecnol\u00f3gicaDesde su fundaci\u00f3n en 1980, HAUX-LIFE-SUPPORT ha sido sin\u00f3nimo de desempe\u00f1o t\u00e9cnico, innovaci\u00f3n, calidad y confiabilidad. Lo avalan las mas de 1500 sistemas hiperb\u00e1ricos HAUX instalados alrededor del mundo. Hoy en d\u00eda, desarrollamos y fabricamos sistemas y equipos de la m\u00e1s alta tecnolog\u00eda, dise\u00f1ados a las necesidades especificas de [&hellip;]<\/p>\n","protected":false},"author":1,"featured_media":0,"parent":0,"menu_order":300,"comment_status":"closed","ping_status":"closed","template":"","meta":{"_et_pb_use_builder":"on","_et_pb_old_content":"","_et_gb_content_width":"","_relevanssi_hide_post":"","_relevanssi_hide_content":"","_relevanssi_pin_for_all":"","_relevanssi_pin_keywords":"","_relevanssi_unpin_keywords":"","_relevanssi_related_keywords":"","_relevanssi_related_include_ids":"","_relevanssi_related_exclude_ids":"","_relevanssi_related_no_append":"","_relevanssi_related_not_related":"","_relevanssi_related_posts":"","_relevanssi_noindex_reason":"","footnotes":""},"class_list":["post-240724","page","type-page","status-publish","hentry"],"_links":{"self":[{"href":"https:\/\/hauxlifesupport.de\/es\/wp-json\/wp\/v2\/pages\/240724","targetHints":{"allow":["GET"]}}],"collection":[{"href":"https:\/\/hauxlifesupport.de\/es\/wp-json\/wp\/v2\/pages"}],"about":[{"href":"https:\/\/hauxlifesupport.de\/es\/wp-json\/wp\/v2\/types\/page"}],"author":[{"embeddable":true,"href":"https:\/\/hauxlifesupport.de\/es\/wp-json\/wp\/v2\/users\/1"}],"replies":[{"embeddable":true,"href":"https:\/\/hauxlifesupport.de\/es\/wp-json\/wp\/v2\/comments?post=240724"}],"version-history":[{"count":16,"href":"https:\/\/hauxlifesupport.de\/es\/wp-json\/wp\/v2\/pages\/240724\/revisions"}],"predecessor-version":[{"id":242890,"href":"https:\/\/hauxlifesupport.de\/es\/wp-json\/wp\/v2\/pages\/240724\/revisions\/242890"}],"wp:attachment":[{"href":"https:\/\/hauxlifesupport.de\/es\/wp-json\/wp\/v2\/media?parent=240724"}],"curies":[{"name":"wp","href":"https:\/\/api.w.org\/{rel}","templated":true}]}}