{"id":240720,"date":"2023-06-26T11:19:02","date_gmt":"2023-06-26T09:19:02","guid":{"rendered":"https:\/\/hauxlifesupport.de\/?page_id=240720"},"modified":"2023-11-02T08:49:19","modified_gmt":"2023-11-02T07:49:19","slug":"construccion-de-aparatos-y-contenedores","status":"publish","type":"page","link":"https:\/\/hauxlifesupport.de\/es\/productos\/construccion-de-aparatos-y-contenedores\/","title":{"rendered":"Construcci\u00f3n de aparatos y contenedores"},"content":{"rendered":"<p>[et_pb_section fb_built=\u00bb1&#8243; admin_label=\u00bbSlider\u00bb _builder_version=\u00bb4.21.0&#8243; _module_preset=\u00bbdefault\u00bb width=\u00bb100%\u00bb max_width=\u00bb100%\u00bb custom_padding=\u00bb0px||0px||false|false\u00bb custom_padding_tablet=\u00bb0px||0px||false|false\u00bb custom_padding_phone=\u00bb0px||0px||false|false\u00bb global_colors_info=\u00bb{}\u00bb][et_pb_row _builder_version=\u00bb4.21.0&#8243; _module_preset=\u00bbdefault\u00bb background_enable_color=\u00bboff\u00bb width=\u00bb100%\u00bb width_tablet=\u00bb100%\u00bb width_phone=\u00bb100%\u00bb width_last_edited=\u00bbon|desktop\u00bb max_width=\u00bb100%\u00bb module_alignment=\u00bbleft\u00bb custom_margin=\u00bb0px||0px||false|false\u00bb custom_margin_tablet=\u00bb|0px||0px|false|false\u00bb custom_padding=\u00bb0px||0px||false|false\u00bb custom_padding_tablet=\u00bb|0px||0px|false|true\u00bb global_colors_info=\u00bb{}\u00bb][et_pb_column type=\u00bb4_4&#8243; _builder_version=\u00bb4.21.0&#8243; _module_preset=\u00bbdefault\u00bb background_enable_color=\u00bboff\u00bb global_colors_info=\u00bb{}\u00bb][et_pb_slider _builder_version=\u00bb4.21.0&#8243; _module_preset=\u00bbdefault\u00bb custom_padding_tablet=\u00bb180px|0px|180px|0px|false|false\u00bb header_font_size_tablet=\u00bb\u00bb header_font_size_phone=\u00bb39px\u00bb header_font_size_last_edited=\u00bbon|tablet\u00bb body_font_size_phone=\u00bb39px\u00bb global_colors_info=\u00bb{}\u00bb][et_pb_slide _builder_version=\u00bb4.21.0&#8243; _module_preset=\u00bbdefault\u00bb background_color=\u00bbRGBA(255,255,255,0)\u00bb background_enable_color=\u00bbon\u00bb background_image=\u00bbhttps:\/\/hauxlifesupport.de\/wp-content\/uploads\/2023\/10\/Produkte_Aupperate_und_Behaelterbau_H_D.jpg\u00bb custom_padding=\u00bb|0px||0px|false|false\u00bb global_colors_info=\u00bb{}\u00bb sticky_transition=\u00bbon\u00bb][\/et_pb_slide][\/et_pb_slider][\/et_pb_column][\/et_pb_row][\/et_pb_section][et_pb_section fb_built=\u00bb1&#8243; admin_label=\u00bbWillkommen\u00bb _builder_version=\u00bb4.21.0&#8243; _module_preset=\u00bbdefault\u00bb global_colors_info=\u00bb{}\u00bb][et_pb_row _builder_version=\u00bb4.21.0&#8243; _module_preset=\u00bb_initial\u00bb custom_margin_tablet=\u00bb||0px||false|false\u00bb custom_margin_phone=\u00bb||0px||false|false\u00bb custom_margin_last_edited=\u00bbon|phone\u00bb custom_padding_tablet=\u00bb||0px||false|false\u00bb custom_padding_phone=\u00bb||0px||false|false\u00bb global_colors_info=\u00bb{}\u00bb][et_pb_column type=\u00bb4_4&#8243; _builder_version=\u00bb4.21.0&#8243; _module_preset=\u00bbdefault\u00bb global_colors_info=\u00bb{}\u00bb][et_pb_text _builder_version=\u00bb4.21.0&#8243; _module_preset=\u00bb1d6c08ce-9034-4863-b572-8d1f8fe79549&#8243; hover_enabled=\u00bb0&#8243; global_colors_info=\u00bb{}\u00bb sticky_enabled=\u00bb0&#8243;]<\/p>\n<h1 style=\"text-align: left;\"><strong>HAUX-LIFE-SUPPORT \u2013 Construcci\u00f3n de aparatos y contenedores<\/strong><\/h1>\n<h2 style=\"text-align: left;\"><span style=\"text-decoration: underline;\"> Experiencia, Construcci\u00f3n, Seguridad<\/span><\/h2>\n<p>[\/et_pb_text][\/et_pb_column][\/et_pb_row][et_pb_row _builder_version=\u00bb4.21.0&#8243; _module_preset=\u00bb_initial\u00bb global_colors_info=\u00bb{}\u00bb][et_pb_column type=\u00bb4_4&#8243; _builder_version=\u00bb4.21.0&#8243; _module_preset=\u00bbdefault\u00bb global_colors_info=\u00bb{}\u00bb][et_pb_text _builder_version=\u00bb4.21.0&#8243; _module_preset=\u00bbdefault\u00bb hover_enabled=\u00bb0&#8243; border_style_bottom=\u00bbnone\u00bb global_colors_info=\u00bb{}\u00bb sticky_enabled=\u00bb0&#8243;]<\/p>\n<p style=\"text-align: left;\">Nuestra f\u00e1brica en Cuxhaven es una hija de HAUX-LIFE-SUPPORT GmbH Karlsbad.<\/p>\n<p style=\"text-align: left;\">Cuxhaven fue construida como una f\u00e1brica especializada de soldaduras y produce en un \u00e1rea de aprox. 4000 m\u00b2 contenedores y equipo.<\/p>\n<p>[\/et_pb_text][\/et_pb_column][\/et_pb_row][\/et_pb_section][et_pb_section fb_built=\u00bb1&#8243; _builder_version=\u00bb4.21.0&#8243; _module_preset=\u00bbdefault\u00bb background_image=\u00bbhttps:\/\/hauxlifesupport.de\/wp-content\/uploads\/2023\/06\/827aa74837e28e0ff72c3c9487b38e28.jpg\u00bb global_colors_info=\u00bb{}\u00bb][et_pb_row _builder_version=\u00bb4.21.0&#8243; _module_preset=\u00bbdefault\u00bb global_colors_info=\u00bb{}\u00bb][et_pb_column type=\u00bb4_4&#8243; _builder_version=\u00bb4.21.0&#8243; _module_preset=\u00bbdefault\u00bb global_colors_info=\u00bb{}\u00bb][et_pb_text _builder_version=\u00bb4.21.0&#8243; _module_preset=\u00bbdefault\u00bb global_colors_info=\u00bb{}\u00bb]<\/p>\n<h2><span style=\"text-decoration: underline;\">La calidad hace la diferencia<\/span><\/h2>\n<p>Con esta ideolog\u00eda producimos, desde hace 35 a\u00f1os, los m\u00e1s complejos sistemas y contenedores, de acuerdo a las normas internaciones y certificados por las autoridades, como T\u00dcV (PED-AD2000), EN13445, ASME (U-Stamp), DNV-GL, LR, GOST, aprobaci\u00f3n SQL (D1, D2, A5 aire a presi\u00f3n), etc.<\/p>\n<p>Nuestros clientes provienen de las m\u00e1s diversas ramas y sectores de la industria, con los siguientes enfoques de fabricaci\u00f3n:<\/p>\n<ul>\n<li>Contenedores a presi\u00f3n (hiperb\u00e1ricos e hipob\u00e1ricos)<\/li>\n<li>Aparatos y construcci\u00f3n de contenedores.<\/li>\n<li>C\u00e1maras de presi\u00f3n<\/li>\n<li>Submarinos<\/li>\n<li>Proyectos especiales, como c\u00e1maras de presi\u00f3n para explosiones.<\/li>\n<li>C\u00e1maras de prueba<\/li>\n<li>Construcci\u00f3n de marcos y armazones.<\/li>\n<li>Reparaciones<\/li>\n<li>Soportes<\/li>\n<li>Procesamiento de aceros C, aceros resistentes al calor y austen\u00edticos, as\u00ed como de aluminio<\/li>\n<li>Servicio de chorreado (5,5 x 15 m) y pintura (5,5 x 15 m)<\/li>\n<\/ul>\n<p>&nbsp;<\/p>\n<p><strong>Con m\u00e1s de 40 empleados y aprendices, utilizamos las siguientes tecnolog\u00edas:<\/strong><strong><\/strong><\/p>\n<ul>\n<li>Aparatos y recipientes de hasta 6 m de di\u00e1metro<\/li>\n<li>Pesos hasta 140 t<\/li>\n<li>Gr\u00faa con una altura de 8 metros<\/li>\n<li>Curvadoras circulares para l\u00e1minas de hasta 3 m de longitud y 30 mm de espesor (mayores espesores bajo pedido)<\/li>\n<li>Proceso de soldadura: UP, MAG, MIG, WIG<\/li>\n<li>Maquinaria propia y moderna<\/li>\n<li>Construcci\u00f3n de marcos y armazones.<\/li>\n<li>Centro de mecanizado de hasta 5000 x 3000 x 2000 mm (mayores dimensiones bajo pedido)<\/li>\n<li>Tornos de carrusel de hasta 2400 mm (dimensiones mayores bajo pedido)<\/li>\n<li>Fresadoras hasta 1100 mm<\/li>\n<li>Tornos de hasta 1200 mm (x 5000 mm)<\/li>\n<\/ul>\n<p>[\/et_pb_text][\/et_pb_column][\/et_pb_row][\/et_pb_section][et_pb_section fb_built=\u00bb1&#8243; custom_padding_last_edited=\u00bbon|tablet\u00bb admin_label=\u00bbNews HAUX-LIFE-SUPPORT\u00bb _builder_version=\u00bb4.21.0&#8243; _module_preset=\u00bbdefault\u00bb background_color=\u00bbRGBA(255,255,255,0)\u00bb background_enable_image=\u00bboff\u00bb custom_padding=\u00bb||||false|false\u00bb custom_padding_tablet=\u00bb||||false|false\u00bb custom_padding_phone=\u00bb||||false|false\u00bb global_colors_info=\u00bb{}\u00bb][et_pb_row _builder_version=\u00bb4.21.0&#8243; _module_preset=\u00bb126ce2d4-8ee6-4926-a9d7-a28071ed68d8&#8243; global_colors_info=\u00bb{}\u00bb][et_pb_column type=\u00bb4_4&#8243; admin_label=\u00bbSpalte\u00bb _builder_version=\u00bb4.21.0&#8243; _module_preset=\u00bbdefault\u00bb global_colors_info=\u00bb{}\u00bb][dica_divi_carousel show_items_tablet=\u00bb2&#8243; arrow_nav_color=\u00bbgcid-8d004b11-584e-4716-8158-78133c0b6f77&#8243; arrow_position_tablet=\u00bbmiddle-inside\u00bb arrow_position_phone=\u00bbmiddle-inside\u00bb arrow_font_size_phone=\u00bb40px\u00bb admin_label=\u00bbDivi Carousel\u00bb _builder_version=\u00bb4.21.0&#8243; _module_preset=\u00bbe0e13787-200d-4cbc-abd0-a9d25c3c5a23&#8243; title_text_color=\u00bbgcid-8d004b11-584e-4716-8158-78133c0b6f77&#8243; global_colors_info=\u00bb{%22gcid-8d004b11-584e-4716-8158-78133c0b6f77%22:%91%22arrow_nav_color%22,%22title_text_color%22%93}\u00bb][dica_divi_carouselitem button_url_new_window=\u00bb1&#8243; image=\u00bbhttps:\/\/hauxlifesupport.de\/wp-content\/uploads\/2023\/07\/csm_Neubau-Internet-500x375_m_richtige_groesse_9c8d66380c.jpg\u00bb image_padding=\u00bb||||false|false\u00bb content_padding=\u00bb||||false|false\u00bb button_margin=\u00bb||||false|false\u00bb button_padding=\u00bb||||false|false\u00bb custom_margin=\u00bb||||false|false\u00bb custom_padding=\u00bb||||false|false\u00bb _builder_version=\u00bb4.21.0&#8243; _module_preset=\u00bbdefault\u00bb header_level=\u00bbh3&#8243; header_font=\u00bb|700|||||||\u00bb header_text_color=\u00bbgcid-8d004b11-584e-4716-8158-78133c0b6f77&#8243; global_colors_info=\u00bb{%22gcid-8d004b11-584e-4716-8158-78133c0b6f77%22:%91%22header_text_color%22%93}\u00bb][\/dica_divi_carouselitem][dica_divi_carouselitem button_url_new_window=\u00bb1&#8243; image=\u00bbhttps:\/\/hauxlifesupport.de\/wp-content\/uploads\/2023\/07\/HAUX_new_production_hall_2010-01-18_500x375.jpg\u00bb image_padding=\u00bb||||false|false\u00bb content_padding=\u00bb||||false|false\u00bb button_margin=\u00bb||||false|false\u00bb button_padding=\u00bb||||false|false\u00bb custom_margin=\u00bb||||false|false\u00bb custom_padding=\u00bb||||false|false\u00bb _builder_version=\u00bb4.21.0&#8243; _module_preset=\u00bbdefault\u00bb header_level=\u00bbh3&#8243; header_font=\u00bb|700|||||||\u00bb header_text_color=\u00bbgcid-8d004b11-584e-4716-8158-78133c0b6f77&#8243; global_colors_info=\u00bb{%22gcid-8d004b11-584e-4716-8158-78133c0b6f77%22:%91%22header_text_color%22%93}\u00bb][\/dica_divi_carouselitem][dica_divi_carouselitem button_url_new_window=\u00bb1&#8243; image=\u00bbhttps:\/\/hauxlifesupport.de\/wp-content\/uploads\/2023\/07\/csm_HAUX_Bending_machine_Cuxhaven_500x375_f9b6e55c38.jpg\u00bb image_padding=\u00bb||||false|false\u00bb content_padding=\u00bb||||false|false\u00bb button_margin=\u00bb||||false|false\u00bb button_padding=\u00bb||||false|false\u00bb custom_margin=\u00bb||||false|false\u00bb custom_padding=\u00bb||||false|false\u00bb _builder_version=\u00bb4.21.0&#8243; _module_preset=\u00bbdefault\u00bb header_level=\u00bbh3&#8243; header_font=\u00bb|700|||||||\u00bb header_text_color=\u00bbgcid-8d004b11-584e-4716-8158-78133c0b6f77&#8243; global_colors_info=\u00bb{%22gcid-8d004b11-584e-4716-8158-78133c0b6f77%22:%91%22header_text_color%22%93}\u00bb][\/dica_divi_carouselitem][dica_divi_carouselitem button_url_new_window=\u00bb1&#8243; image=\u00bbhttps:\/\/hauxlifesupport.de\/wp-content\/uploads\/2023\/07\/csm_Fertigung_Cux_1_96dpi_500x375_afa049b596.jpg\u00bb image_padding=\u00bb||||false|false\u00bb content_padding=\u00bb||||false|false\u00bb button_margin=\u00bb||||false|false\u00bb button_padding=\u00bb||||false|false\u00bb custom_margin=\u00bb||||false|false\u00bb custom_padding=\u00bb||||false|false\u00bb _builder_version=\u00bb4.21.0&#8243; _module_preset=\u00bbdefault\u00bb header_level=\u00bbh3&#8243; header_font=\u00bb|700|||||||\u00bb header_text_color=\u00bbgcid-8d004b11-584e-4716-8158-78133c0b6f77&#8243; global_colors_info=\u00bb{%22gcid-8d004b11-584e-4716-8158-78133c0b6f77%22:%91%22header_text_color%22%93}\u00bb][\/dica_divi_carouselitem][dica_divi_carouselitem button_url_new_window=\u00bb1&#8243; image=\u00bbhttps:\/\/hauxlifesupport.de\/wp-content\/uploads\/2023\/07\/csm_Fertigung-2010.02.18-013-In_500x375_6c2906170d.jpg\u00bb image_padding=\u00bb||||false|false\u00bb content_padding=\u00bb||||false|false\u00bb button_margin=\u00bb||||false|false\u00bb button_padding=\u00bb||||false|false\u00bb custom_margin=\u00bb||||false|false\u00bb custom_padding=\u00bb||||false|false\u00bb _builder_version=\u00bb4.21.0&#8243; _module_preset=\u00bbdefault\u00bb header_level=\u00bbh3&#8243; header_font=\u00bb|700|||||||\u00bb header_text_color=\u00bbgcid-8d004b11-584e-4716-8158-78133c0b6f77&#8243; global_colors_info=\u00bb{%22gcid-8d004b11-584e-4716-8158-78133c0b6f77%22:%91%22header_text_color%22%93}\u00bb][\/dica_divi_carouselitem][\/dica_divi_carousel][\/et_pb_column][\/et_pb_row][\/et_pb_section][et_pb_section fb_built=\u00bb1&#8243; admin_label=\u00bbBlauer St\u00f6rer\u00bb _builder_version=\u00bb4.21.0&#8243; _module_preset=\u00bbdefault\u00bb background_color=\u00bbgcid-8d004b11-584e-4716-8158-78133c0b6f77&#8243; custom_padding=\u00bb||||false|false\u00bb custom_padding_phone=\u00bb||||false|false\u00bb global_colors_info=\u00bb{%22gcid-8d004b11-584e-4716-8158-78133c0b6f77%22:%91%22background_color%22%93}\u00bb][et_pb_row _builder_version=\u00bb4.21.0&#8243; _module_preset=\u00bbdefault\u00bb global_colors_info=\u00bb{}\u00bb][et_pb_column type=\u00bb4_4&#8243; _builder_version=\u00bb4.21.0&#8243; _module_preset=\u00bbdefault\u00bb global_colors_info=\u00bb{}\u00bb][et_pb_text _builder_version=\u00bb4.21.0&#8243; _module_preset=\u00bb_initial\u00bb text_text_color=\u00bb#FFFFFF\u00bb header_2_text_align=\u00bbcenter\u00bb header_2_text_color=\u00bb#FFFFFF\u00bb global_colors_info=\u00bb{}\u00bb]<\/p>\n<h2><strong>Ofrecemos formaci\u00f3n complementaria con el apoyo de la NBank y la promoci\u00f3n de Europa por Baja Sajonia:<br \/><\/strong><\/h2>\n<p>[\/et_pb_text][et_pb_image src=\u00bbhttps:\/\/hauxlifesupport.de\/wp-content\/uploads\/2023\/07\/EU_label-e1690285542290.png\u00bb title_text=\u00bbEU_label\u00bb align=\u00bbcenter\u00bb _builder_version=\u00bb4.21.0&#8243; _module_preset=\u00bbdefault\u00bb global_colors_info=\u00bb{}\u00bb][\/et_pb_image][et_pb_text _builder_version=\u00bb4.21.0&#8243; _module_preset=\u00bbdefault\u00bb text_text_color=\u00bb#FFFFFF\u00bb header_2_text_align=\u00bbcenter\u00bb header_2_text_color=\u00bb#FFFFFF\u00bb global_colors_info=\u00bb{}\u00bb]<\/p>\n<p>Medidas ya apoyadas: Formaci\u00f3n complementaria del inspector de la calidad de soldadura y el curso b\u00e1sico END.<\/p>\n<p>[\/et_pb_text][\/et_pb_column][\/et_pb_row][\/et_pb_section][et_pb_section fb_built=\u00bb1&#8243; _builder_version=\u00bb4.21.0&#8243; _module_preset=\u00bbdefault\u00bb global_colors_info=\u00bb{}\u00bb][et_pb_row column_structure=\u00bb1_2,1_2&#8243; _builder_version=\u00bb4.21.0&#8243; _module_preset=\u00bbdefault\u00bb global_colors_info=\u00bb{}\u00bb][et_pb_column type=\u00bb1_2&#8243; _builder_version=\u00bb4.21.0&#8243; _module_preset=\u00bbdefault\u00bb global_colors_info=\u00bb{}\u00bb][et_pb_text _builder_version=\u00bb4.21.0&#8243; _module_preset=\u00bbdefault\u00bb global_colors_info=\u00bb{}\u00bb]<\/p>\n<p><strong>Asociado:<\/strong><br \/>Herr Str\u00e4hnz \/ Gesti\u00f3n de planta<br \/>Tel.: <a href=\"tel:+4947213999831\">+49 (0) 4721-39998-31<\/a><br \/>Fax: +49 (0) 4721-39998-32<\/p>\n<p>[\/et_pb_text][et_pb_button button_url=\u00bbmailto:infowerkcux@hauxlifesupport.de\u00bb button_text=\u00bbCorreo electr\u00f3nico\u00bb _builder_version=\u00bb4.21.0&#8243; _module_preset=\u00bbdefault\u00bb global_colors_info=\u00bb{}\u00bb][\/et_pb_button][\/et_pb_column][et_pb_column type=\u00bb1_2&#8243; _builder_version=\u00bb4.21.0&#8243; _module_preset=\u00bbdefault\u00bb global_colors_info=\u00bb{}\u00bb][et_pb_text _builder_version=\u00bb4.21.0&#8243; _module_preset=\u00bbdefault\u00bb global_colors_info=\u00bb{}\u00bb]<\/p>\n<p><strong>Direcci\u00f3n:<\/strong><br \/>HAUX-LIFE-SUPPORT GmbH<br \/>Werk Cuxhaven<br \/>Repsoldstr. 9<br \/>D-27472 Cuxhaven<\/p>\n<p>[\/et_pb_text][\/et_pb_column][\/et_pb_row][\/et_pb_section]<\/p>\n","protected":false},"excerpt":{"rendered":"<p>HAUX-LIFE-SUPPORT \u2013 Construcci\u00f3n de aparatos y contenedores Experiencia, Construcci\u00f3n, SeguridadNuestra f\u00e1brica en Cuxhaven es una hija de HAUX-LIFE-SUPPORT GmbH Karlsbad. Cuxhaven fue construida como una f\u00e1brica especializada de soldaduras y produce en un \u00e1rea de aprox. 4000 m\u00b2 contenedores y equipo.La calidad hace la diferencia Con esta ideolog\u00eda producimos, desde hace 35 a\u00f1os, los m\u00e1s [&hellip;]<\/p>\n","protected":false},"author":1,"featured_media":0,"parent":240688,"menu_order":160,"comment_status":"closed","ping_status":"closed","template":"","meta":{"_et_pb_use_builder":"on","_et_pb_old_content":"","_et_gb_content_width":"","_relevanssi_hide_post":"","_relevanssi_hide_content":"","_relevanssi_pin_for_all":"","_relevanssi_pin_keywords":"","_relevanssi_unpin_keywords":"","_relevanssi_related_keywords":"","_relevanssi_related_include_ids":"","_relevanssi_related_exclude_ids":"","_relevanssi_related_no_append":"","_relevanssi_related_not_related":"","_relevanssi_related_posts":"","_relevanssi_noindex_reason":"","footnotes":""},"class_list":["post-240720","page","type-page","status-publish","hentry"],"_links":{"self":[{"href":"https:\/\/hauxlifesupport.de\/es\/wp-json\/wp\/v2\/pages\/240720","targetHints":{"allow":["GET"]}}],"collection":[{"href":"https:\/\/hauxlifesupport.de\/es\/wp-json\/wp\/v2\/pages"}],"about":[{"href":"https:\/\/hauxlifesupport.de\/es\/wp-json\/wp\/v2\/types\/page"}],"author":[{"embeddable":true,"href":"https:\/\/hauxlifesupport.de\/es\/wp-json\/wp\/v2\/users\/1"}],"replies":[{"embeddable":true,"href":"https:\/\/hauxlifesupport.de\/es\/wp-json\/wp\/v2\/comments?post=240720"}],"version-history":[{"count":8,"href":"https:\/\/hauxlifesupport.de\/es\/wp-json\/wp\/v2\/pages\/240720\/revisions"}],"predecessor-version":[{"id":242015,"href":"https:\/\/hauxlifesupport.de\/es\/wp-json\/wp\/v2\/pages\/240720\/revisions\/242015"}],"up":[{"embeddable":true,"href":"https:\/\/hauxlifesupport.de\/es\/wp-json\/wp\/v2\/pages\/240688"}],"wp:attachment":[{"href":"https:\/\/hauxlifesupport.de\/es\/wp-json\/wp\/v2\/media?parent=240720"}],"curies":[{"name":"wp","href":"https:\/\/api.w.org\/{rel}","templated":true}]}}