{"id":240718,"date":"2023-06-26T11:18:19","date_gmt":"2023-06-26T09:18:19","guid":{"rendered":"https:\/\/hauxlifesupport.de\/?page_id=240718"},"modified":"2026-03-04T10:35:36","modified_gmt":"2026-03-04T09:35:36","slug":"sistemas-especiales","status":"publish","type":"page","link":"https:\/\/hauxlifesupport.de\/es\/productos\/sistemas-especiales\/","title":{"rendered":"Sistemas especiales"},"content":{"rendered":"<p>[et_pb_section fb_built=\u00bb1&#8243; admin_label=\u00bbSlider\u00bb _builder_version=\u00bb4.21.0&#8243; _module_preset=\u00bbdefault\u00bb width=\u00bb100%\u00bb max_width=\u00bb100%\u00bb custom_padding=\u00bb0px||0px||false|false\u00bb custom_padding_tablet=\u00bb0px||0px||false|false\u00bb custom_padding_phone=\u00bb0px||0px||false|false\u00bb global_colors_info=\u00bb{}\u00bb][et_pb_row _builder_version=\u00bb4.21.0&#8243; _module_preset=\u00bbdefault\u00bb background_enable_color=\u00bboff\u00bb width=\u00bb100%\u00bb width_tablet=\u00bb100%\u00bb width_phone=\u00bb100%\u00bb width_last_edited=\u00bbon|desktop\u00bb max_width=\u00bb100%\u00bb module_alignment=\u00bbleft\u00bb custom_margin=\u00bb0px||0px||false|false\u00bb custom_margin_tablet=\u00bb|0px||0px|false|false\u00bb custom_padding=\u00bb0px||0px||false|false\u00bb custom_padding_tablet=\u00bb|0px||0px|false|true\u00bb global_colors_info=\u00bb{}\u00bb][et_pb_column type=\u00bb4_4&#8243; _builder_version=\u00bb4.21.0&#8243; _module_preset=\u00bbdefault\u00bb background_enable_color=\u00bboff\u00bb global_colors_info=\u00bb{}\u00bb][et_pb_slider _builder_version=\u00bb4.21.0&#8243; _module_preset=\u00bbdefault\u00bb custom_padding_tablet=\u00bb180px|0px|180px|0px|false|false\u00bb header_font_size_tablet=\u00bb\u00bb header_font_size_phone=\u00bb39px\u00bb header_font_size_last_edited=\u00bbon|tablet\u00bb body_font_size_phone=\u00bb39px\u00bb global_colors_info=\u00bb{}\u00bb][et_pb_slide _builder_version=\u00bb4.21.0&#8243; _module_preset=\u00bbdefault\u00bb background_image=\u00bbhttps:\/\/hauxlifesupport.de\/wp-content\/uploads\/2023\/10\/Produkte_Sondersysteme_H_D.jpg\u00bb custom_padding=\u00bb|0px||0px|false|false\u00bb global_colors_info=\u00bb{}\u00bb sticky_transition=\u00bbon\u00bb][\/et_pb_slide][\/et_pb_slider][\/et_pb_column][\/et_pb_row][\/et_pb_section][et_pb_section fb_built=\u00bb1&#8243; admin_label=\u00bbWillkommen\u00bb _builder_version=\u00bb4.21.0&#8243; _module_preset=\u00bbdefault\u00bb global_colors_info=\u00bb{}\u00bb][et_pb_row _builder_version=\u00bb4.21.0&#8243; _module_preset=\u00bb_initial\u00bb custom_margin_tablet=\u00bb||0px||false|false\u00bb custom_margin_phone=\u00bb||0px||false|false\u00bb custom_margin_last_edited=\u00bbon|phone\u00bb custom_padding_tablet=\u00bb||0px||false|false\u00bb custom_padding_phone=\u00bb||0px||false|false\u00bb global_colors_info=\u00bb{}\u00bb][et_pb_column type=\u00bb4_4&#8243; _builder_version=\u00bb4.21.0&#8243; _module_preset=\u00bbdefault\u00bb global_colors_info=\u00bb{}\u00bb][et_pb_text _builder_version=\u00bb4.21.0&#8243; _module_preset=\u00bb1d6c08ce-9034-4863-b572-8d1f8fe79549&#8243; global_colors_info=\u00bb{}\u00bb]<\/p>\n<h1><strong>HAUX-LIFE-SUPPORT &#8211; Sistemas especiales<\/strong><\/h1>\n<h2><span style=\"text-decoration: underline;\">Deseos de los clientes, Investigaci\u00f3n, Soluciones<\/span><\/h2>\n<p>HAUX-LIFE-SUPPORT gracias a sus conocimientos sobre contenedores hiperb\u00e1ricos e hipob\u00e1ricos, ofrece mucho espacio para el desarrollo de sistemas especiales, por ejemplo en la investigaci\u00f3n y el desarrollo en Universidades, o para el entrenamiento de pilotos con simulaci\u00f3n de diversas alturas de vuelo.<\/p>\n<p>[\/et_pb_text][\/et_pb_column][\/et_pb_row][\/et_pb_section][et_pb_section fb_built=\u00bb1&#8243; _builder_version=\u00bb4.23.1&#8243; _module_preset=\u00bbdefault\u00bb custom_padding=\u00bb0px|||||\u00bb hover_enabled=\u00bb0&#8243; global_colors_info=\u00bb{}\u00bb background_enable_image=\u00bboff\u00bb sticky_enabled=\u00bb0&#8243;][et_pb_row _builder_version=\u00bb4.21.0&#8243; _module_preset=\u00bbdefault\u00bb global_colors_info=\u00bb{}\u00bb][et_pb_column type=\u00bb4_4&#8243; _builder_version=\u00bb4.21.0&#8243; _module_preset=\u00bbdefault\u00bb global_colors_info=\u00bb{}\u00bb][et_pb_accordion open_toggle_background_color=\u00bb#FFFFFF\u00bb closed_toggle_background_color=\u00bb#FFFFFF\u00bb toggle_icon=\u00bb&#x32;||divi||400&#8243; _builder_version=\u00bb4.21.0&#8243; _module_preset=\u00bbdefault\u00bb closed_toggle_font=\u00bb||||||||\u00bb background_color=\u00bbRGBA(255,255,255,0)\u00bb global_colors_info=\u00bb{}\u00bb][et_pb_accordion_item title=\u00bbC\u00c1MARAS Y RECIPIENTES DE PRUEBAS\u00bb open=\u00bbon\u00bb _builder_version=\u00bb4.21.0&#8243; _module_preset=\u00bbdefault\u00bb global_colors_info=\u00bb{}\u00bb]<\/p>\n<p><img loading=\"lazy\" decoding=\"async\" src=\"https:\/\/hauxlifesupport.de\/wp-content\/uploads\/2023\/07\/csm_HAUX-TESTCOM-350-10_test_chamber_table_top_closed_with_manometer_safety_valve_500x375_e9f745cfde-300x225.jpg\" alt=\"\" class=\"wp-image-1853 alignnone size-medium\" width=\"300\" height=\"225\" title=\"\" srcset=\"https:\/\/hauxlifesupport.de\/wp-content\/uploads\/2023\/07\/csm_HAUX-TESTCOM-350-10_test_chamber_table_top_closed_with_manometer_safety_valve_500x375_e9f745cfde-300x225.jpg 300w, https:\/\/hauxlifesupport.de\/wp-content\/uploads\/2023\/07\/csm_HAUX-TESTCOM-350-10_test_chamber_table_top_closed_with_manometer_safety_valve_500x375_e9f745cfde.jpg 386w\" sizes=\"auto, (max-width: 300px) 100vw, 300px\" \/> <img loading=\"lazy\" decoding=\"async\" src=\"https:\/\/hauxlifesupport.de\/wp-content\/uploads\/2023\/07\/csm_HAUX-TESTCOM_300-76_test_chamber_US-Navy_1_500x375_01_469f268950-300x225.jpg\" alt=\"\" class=\"wp-image-1857 alignnone size-medium\" width=\"300\" height=\"225\" title=\"\" srcset=\"https:\/\/hauxlifesupport.de\/wp-content\/uploads\/2023\/07\/csm_HAUX-TESTCOM_300-76_test_chamber_US-Navy_1_500x375_01_469f268950-300x225.jpg 300w, https:\/\/hauxlifesupport.de\/wp-content\/uploads\/2023\/07\/csm_HAUX-TESTCOM_300-76_test_chamber_US-Navy_1_500x375_01_469f268950.jpg 386w\" sizes=\"auto, (max-width: 300px) 100vw, 300px\" \/><img loading=\"lazy\" decoding=\"async\" src=\"https:\/\/hauxlifesupport.de\/wp-content\/uploads\/2023\/07\/csm_HAUX-TESTCOM-200-20_test_chamber_compact_manometers_gas_valves_digital_controls_c123ceae60-300x225.jpg\" alt=\"\" class=\"wp-image-1861 alignnone size-medium\" width=\"300\" height=\"225\" title=\"\" srcset=\"https:\/\/hauxlifesupport.de\/wp-content\/uploads\/2023\/07\/csm_HAUX-TESTCOM-200-20_test_chamber_compact_manometers_gas_valves_digital_controls_c123ceae60-300x225.jpg 300w, https:\/\/hauxlifesupport.de\/wp-content\/uploads\/2023\/07\/csm_HAUX-TESTCOM-200-20_test_chamber_compact_manometers_gas_valves_digital_controls_c123ceae60.jpg 386w\" sizes=\"auto, (max-width: 300px) 100vw, 300px\" \/><img loading=\"lazy\" decoding=\"async\" src=\"https:\/\/hauxlifesupport.de\/wp-content\/uploads\/2023\/07\/csm_HAUX-TESTCOM-3200-01_cylindrical_hypobaric_test_chamber_500x375_312dcde529-300x225.jpg\" alt=\"\" class=\"wp-image-1865 alignnone size-medium\" width=\"300\" height=\"225\" title=\"\" srcset=\"https:\/\/hauxlifesupport.de\/wp-content\/uploads\/2023\/07\/csm_HAUX-TESTCOM-3200-01_cylindrical_hypobaric_test_chamber_500x375_312dcde529-300x225.jpg 300w, https:\/\/hauxlifesupport.de\/wp-content\/uploads\/2023\/07\/csm_HAUX-TESTCOM-3200-01_cylindrical_hypobaric_test_chamber_500x375_312dcde529.jpg 386w\" sizes=\"auto, (max-width: 300px) 100vw, 300px\" \/><img loading=\"lazy\" decoding=\"async\" src=\"https:\/\/hauxlifesupport.de\/wp-content\/uploads\/2023\/07\/csm_HAUX-LIFE-SUPPORT_TESTCOM_2200_upright_test_chamber_open_control_panel_monitor_500x375_cf1aae9553-300x225.jpg\" alt=\"\" class=\"wp-image-1869 alignnone size-medium\" width=\"300\" height=\"225\" title=\"\" srcset=\"https:\/\/hauxlifesupport.de\/wp-content\/uploads\/2023\/07\/csm_HAUX-LIFE-SUPPORT_TESTCOM_2200_upright_test_chamber_open_control_panel_monitor_500x375_cf1aae9553-300x225.jpg 300w, https:\/\/hauxlifesupport.de\/wp-content\/uploads\/2023\/07\/csm_HAUX-LIFE-SUPPORT_TESTCOM_2200_upright_test_chamber_open_control_panel_monitor_500x375_cf1aae9553.jpg 386w\" sizes=\"auto, (max-width: 300px) 100vw, 300px\" \/> <img loading=\"lazy\" decoding=\"async\" src=\"https:\/\/hauxlifesupport.de\/wp-content\/uploads\/2023\/07\/csm_HAUX-TESTCOM_62-500A_hp-autoclave_high_pressure_individual_parts_and_assembled_36a84c1021-300x225.jpg\" alt=\"\" class=\"wp-image-1873 alignnone size-medium\" width=\"300\" height=\"225\" title=\"\" srcset=\"https:\/\/hauxlifesupport.de\/wp-content\/uploads\/2023\/07\/csm_HAUX-TESTCOM_62-500A_hp-autoclave_high_pressure_individual_parts_and_assembled_36a84c1021-300x225.jpg 300w, https:\/\/hauxlifesupport.de\/wp-content\/uploads\/2023\/07\/csm_HAUX-TESTCOM_62-500A_hp-autoclave_high_pressure_individual_parts_and_assembled_36a84c1021.jpg 386w\" sizes=\"auto, (max-width: 300px) 100vw, 300px\" \/><\/p>\n<p>HAUX-LIFE-SUPPORT es el socio m\u00e1s competente en la construcci\u00f3n de recipientes para pruebas hiperb\u00e1ricas e hipob\u00e1ricas. Los recipientes para pruebas son construidos de acuerdo a las especificaciones del cliente. Estos son equipados con los equipos de medici\u00f3n y monitoreo necesarios.<\/p>\n<p>El suministro de gas de los recipientes de pruebas puede ser integrado al sistema si as\u00ed se desea.<\/p>\n<p>En esta \u00e1rea tambi\u00e9n nos basamos en nuestros largos a\u00f1os de experiencia y amplios conocimientos, los cuales est\u00e1n a disposici\u00f3n a nuestros clientes.<\/p>\n<p>[\/et_pb_accordion_item][et_pb_accordion_item title=\u00bbC\u00c1MARAS DE PRESI\u00d3N PARA EXPLOSIONES\u00bb _builder_version=\u00bb4.21.0&#8243; _module_preset=\u00bbdefault\u00bb global_colors_info=\u00bb{}\u00bb open=\u00bboff\u00bb]<\/p>\n<p><img loading=\"lazy\" decoding=\"async\" src=\"https:\/\/hauxlifesupport.de\/wp-content\/uploads\/2023\/07\/csm_HAUX-TESTCOM-650-PAAR-DSCN4635_m_500x375_509192f688-300x225.jpg\" alt=\"\" class=\"wp-image-1877 alignnone size-medium\" width=\"300\" height=\"225\" title=\"\" srcset=\"https:\/\/hauxlifesupport.de\/wp-content\/uploads\/2023\/07\/csm_HAUX-TESTCOM-650-PAAR-DSCN4635_m_500x375_509192f688-300x225.jpg 300w, https:\/\/hauxlifesupport.de\/wp-content\/uploads\/2023\/07\/csm_HAUX-TESTCOM-650-PAAR-DSCN4635_m_500x375_509192f688.jpg 386w\" sizes=\"auto, (max-width: 300px) 100vw, 300px\" \/> <img loading=\"lazy\" decoding=\"async\" src=\"https:\/\/hauxlifesupport.de\/wp-content\/uploads\/2023\/07\/csm_HAUX-TESTCOM_Daimler_Benz_explosion_test_chamber_outside_96dpi_daf0d650c8-300x225.jpg\" alt=\"\" class=\"wp-image-1881 alignnone size-medium\" width=\"300\" height=\"225\" title=\"\" srcset=\"https:\/\/hauxlifesupport.de\/wp-content\/uploads\/2023\/07\/csm_HAUX-TESTCOM_Daimler_Benz_explosion_test_chamber_outside_96dpi_daf0d650c8-300x225.jpg 300w, https:\/\/hauxlifesupport.de\/wp-content\/uploads\/2023\/07\/csm_HAUX-TESTCOM_Daimler_Benz_explosion_test_chamber_outside_96dpi_daf0d650c8.jpg 386w\" sizes=\"auto, (max-width: 300px) 100vw, 300px\" \/> <img loading=\"lazy\" decoding=\"async\" src=\"https:\/\/hauxlifesupport.de\/wp-content\/uploads\/2023\/07\/csm_HAUX-TESTCOM_Daimler_Benz_explosion_test_chamber_inside1_m_black_d0280de41a-300x225.jpg\" alt=\"\" class=\"wp-image-1885 alignnone size-medium\" width=\"300\" height=\"225\" title=\"\" srcset=\"https:\/\/hauxlifesupport.de\/wp-content\/uploads\/2023\/07\/csm_HAUX-TESTCOM_Daimler_Benz_explosion_test_chamber_inside1_m_black_d0280de41a-300x225.jpg 300w, https:\/\/hauxlifesupport.de\/wp-content\/uploads\/2023\/07\/csm_HAUX-TESTCOM_Daimler_Benz_explosion_test_chamber_inside1_m_black_d0280de41a.jpg 386w\" sizes=\"auto, (max-width: 300px) 100vw, 300px\" \/><\/p>\n<p>HAUX-LIFE-SUPPORT es su socio competente para la construccion c\u00e1maras\u00a0para explosiones. Las c\u00e1maras\u00a0de\u00a0presion para\u00a0explosiones son construidas de acuerdo a las necesidades de los clientes, y son equipadas con los instrumentos de medici\u00f3n y monitoreo necesarios.<\/p>\n<p>Nos apoyamos en esta \u00e1rea en nuestros muchos a\u00f1os de experiencia y en nuestros amplios conocimientos sobre el tema, los cuales est\u00e1n a disposici\u00f3n de nuestros clientes. Dentro de nuestros clientes est\u00e1n empresas de la industria qu\u00edmica, laboratorios y proveedores de la industria automotriz, los cu\u00e1les est\u00e1n a su disposici\u00f3n como referencia.<\/p>\n<p>H\u00e1ganos saber sus necesidades y las condiciones de uso, y trabajaremos junto con usted para ofrecerle una soluci\u00f3n.<\/p>\n<p>[\/et_pb_accordion_item][et_pb_accordion_item title=\u00bbAMPLIACIONES DE LOS SISTEMAS\u00bb _builder_version=\u00bb4.21.0&#8243; _module_preset=\u00bbdefault\u00bb global_colors_info=\u00bb{}\u00bb open=\u00bboff\u00bb]<\/p>\n<p><img loading=\"lazy\" decoding=\"async\" src=\"https:\/\/hauxlifesupport.de\/wp-content\/uploads\/2023\/07\/csm_HAUX_system_enhancement_modernization_81b78ce700-300x225.jpg\" alt=\"\" class=\"wp-image-1889 alignnone size-medium\" width=\"300\" height=\"225\" title=\"\" srcset=\"https:\/\/hauxlifesupport.de\/wp-content\/uploads\/2023\/07\/csm_HAUX_system_enhancement_modernization_81b78ce700-300x225.jpg 300w, https:\/\/hauxlifesupport.de\/wp-content\/uploads\/2023\/07\/csm_HAUX_system_enhancement_modernization_81b78ce700.jpg 386w\" sizes=\"auto, (max-width: 300px) 100vw, 300px\" \/> <img loading=\"lazy\" decoding=\"async\" src=\"https:\/\/hauxlifesupport.de\/wp-content\/uploads\/2023\/07\/csm_HAUX_breathing_system_modernization_Ostrava_BEFORE_c1ef32e878-300x225.jpg\" alt=\"\" class=\"wp-image-1893 alignnone size-medium\" width=\"300\" height=\"225\" title=\"\" srcset=\"https:\/\/hauxlifesupport.de\/wp-content\/uploads\/2023\/07\/csm_HAUX_breathing_system_modernization_Ostrava_BEFORE_c1ef32e878-300x225.jpg 300w, https:\/\/hauxlifesupport.de\/wp-content\/uploads\/2023\/07\/csm_HAUX_breathing_system_modernization_Ostrava_BEFORE_c1ef32e878.jpg 386w\" sizes=\"auto, (max-width: 300px) 100vw, 300px\" \/> <img loading=\"lazy\" decoding=\"async\" src=\"https:\/\/hauxlifesupport.de\/wp-content\/uploads\/2023\/07\/csm_HAUX_Ostrava_modernization_after_500x375_8725c5e775-300x225.jpg\" alt=\"\" class=\"wp-image-1897 alignnone size-medium\" width=\"300\" height=\"225\" title=\"\" srcset=\"https:\/\/hauxlifesupport.de\/wp-content\/uploads\/2023\/07\/csm_HAUX_Ostrava_modernization_after_500x375_8725c5e775-300x225.jpg 300w, https:\/\/hauxlifesupport.de\/wp-content\/uploads\/2023\/07\/csm_HAUX_Ostrava_modernization_after_500x375_8725c5e775.jpg 386w\" sizes=\"auto, (max-width: 300px) 100vw, 300px\" \/><\/p>\n<p>HAUX-LIFE-SUPPORT renueva y modifica sus equipos ya instalados, con la integraci\u00f3n de los componentes mas nuevos, como por ejemplo:<\/p>\n<ul>\n<li class=\"CxSpMiddle\">HAUX-SPRAY-FOG, sistema extinguidor de incendios,<\/li>\n<li class=\"CxSpMiddle\">HAUX-OXYMASTER, Sistema de respiraci\u00f3n de acero inoxidable,<\/li>\n<li class=\"CxSpMiddle\">Entre otros.<\/li>\n<\/ul>\n<p>Nuestro personal altamente capacitado, adecua los componentes al sistema a modificar y lo pone en funcionamiento.<\/p>\n<p>Tambi\u00e9n aqu\u00ed HAUX-LIFE-SUPPORT trabaja de manera flexible e innovadora.<\/p>\n<p>[\/et_pb_accordion_item][et_pb_accordion_item title=\u00bbHAUX-HYPOSTAR\u00bb _builder_version=\u00bb4.21.0&#8243; _module_preset=\u00bbdefault\u00bb global_colors_info=\u00bb{}\u00bb open=\u00bboff\u00bb]<\/p>\n<p><img loading=\"lazy\" decoding=\"async\" src=\"https:\/\/hauxlifesupport.de\/wp-content\/uploads\/2023\/07\/HAUX_HYPOSTAR_Pilot_simulator_vacuum_pump_oxygen-300x225.jpg\" alt=\"\" class=\"wp-image-1901 alignnone size-medium\" width=\"300\" height=\"225\" title=\"\"><\/p>\n<p>Der Simulator <strong>HAUX-HYPOSTAR <\/strong>kann durch eine Vakuumpumpe auf einen absoluten Unterdruck von 265 mbar gefahren werden.<\/p>\n<p>Er wurde f\u00fcr Piloten entwickelt und simuliert eine H\u00f6he von 10 000 m.<br \/>Die Insassen k\u00f6nnen w\u00e4hrend der Simulation reinen Sauerstoff \u00fcber Masken atmen.<\/p>\n<p>Das gew\u00fcnschte Profil kann \u00fcber das Computersystem HAUX-DECOMAT ausgew\u00e4hlt werden.<\/p>\n<p>In seiner Funktion entspricht der HAUX-DECOMAT bei Druckkammern dem Autopiloten in Flugzeugen oder Schiffen. Er \u00fcbernimmt das Fahren des Druckprofils mit h\u00f6chster Pr\u00e4zision nach einem vorgegebenen Sollprofil, registriert die wesentlichsten Betriebsparameter und warnt bei Fehlbedienungen.<\/p>\n<p>[\/et_pb_accordion_item][et_pb_accordion_item title=\u00bbC\u00c1MARA HIPERB\u00c1RICA PARA PROYECTO DE INVESTIGACI\u00d3N CON APARATO DE RADIOTERAPIA\u00bb _builder_version=\u00bb4.21.0&#8243; _module_preset=\u00bbdefault\u00bb global_colors_info=\u00bb{}\u00bb open=\u00bboff\u00bb]<\/p>\n<p><img loading=\"lazy\" decoding=\"async\" src=\"https:\/\/hauxlifesupport.de\/wp-content\/uploads\/2023\/07\/HAUX_OXYSTAR_800_RADOX_hyperbaric_Radiotherapy_500x375-300x225.jpg\" alt=\"\" class=\"wp-image-1905 alignnone size-medium\" width=\"300\" height=\"225\" title=\"\"><\/p>\n<p>Esa c\u00e1mara hiperb\u00e1rica no m\u00e9dica de modelo especial fue dise\u00f1ada para un proyecto de investigaci\u00f3n de la universidad de Maguncia.<\/p>\n<p>Su dise\u00f1o especial, con un cilindro de vidrio acr\u00edlico que sobresale libremente, permite el uso junto con un aparato de radioterapia.<\/p>\n<p>[\/et_pb_accordion_item][\/et_pb_accordion][\/et_pb_column][\/et_pb_row][\/et_pb_section]<\/p>\n","protected":false},"excerpt":{"rendered":"<p>HAUX-LIFE-SUPPORT &#8211; Sistemas especiales Deseos de los clientes, Investigaci\u00f3n, Soluciones HAUX-LIFE-SUPPORT gracias a sus conocimientos sobre contenedores hiperb\u00e1ricos e hipob\u00e1ricos, ofrece mucho espacio para el desarrollo de sistemas especiales, por ejemplo en la investigaci\u00f3n y el desarrollo en Universidades, o para el entrenamiento de pilotos con simulaci\u00f3n de diversas alturas de vuelo. HAUX-LIFE-SUPPORT es el [&hellip;]<\/p>\n","protected":false},"author":1,"featured_media":0,"parent":240688,"menu_order":150,"comment_status":"closed","ping_status":"closed","template":"","meta":{"_et_pb_use_builder":"on","_et_pb_old_content":"","_et_gb_content_width":"","_relevanssi_hide_post":"","_relevanssi_hide_content":"","_relevanssi_pin_for_all":"","_relevanssi_pin_keywords":"","_relevanssi_unpin_keywords":"","_relevanssi_related_keywords":"","_relevanssi_related_include_ids":"","_relevanssi_related_exclude_ids":"","_relevanssi_related_no_append":"","_relevanssi_related_not_related":"","_relevanssi_related_posts":"","_relevanssi_noindex_reason":"","footnotes":""},"class_list":["post-240718","page","type-page","status-publish","hentry"],"_links":{"self":[{"href":"https:\/\/hauxlifesupport.de\/es\/wp-json\/wp\/v2\/pages\/240718","targetHints":{"allow":["GET"]}}],"collection":[{"href":"https:\/\/hauxlifesupport.de\/es\/wp-json\/wp\/v2\/pages"}],"about":[{"href":"https:\/\/hauxlifesupport.de\/es\/wp-json\/wp\/v2\/types\/page"}],"author":[{"embeddable":true,"href":"https:\/\/hauxlifesupport.de\/es\/wp-json\/wp\/v2\/users\/1"}],"replies":[{"embeddable":true,"href":"https:\/\/hauxlifesupport.de\/es\/wp-json\/wp\/v2\/comments?post=240718"}],"version-history":[{"count":13,"href":"https:\/\/hauxlifesupport.de\/es\/wp-json\/wp\/v2\/pages\/240718\/revisions"}],"predecessor-version":[{"id":243390,"href":"https:\/\/hauxlifesupport.de\/es\/wp-json\/wp\/v2\/pages\/240718\/revisions\/243390"}],"up":[{"embeddable":true,"href":"https:\/\/hauxlifesupport.de\/es\/wp-json\/wp\/v2\/pages\/240688"}],"wp:attachment":[{"href":"https:\/\/hauxlifesupport.de\/es\/wp-json\/wp\/v2\/media?parent=240718"}],"curies":[{"name":"wp","href":"https:\/\/api.w.org\/{rel}","templated":true}]}}