{"id":240716,"date":"2023-06-26T11:15:26","date_gmt":"2023-06-26T09:15:26","guid":{"rendered":"https:\/\/hauxlifesupport.de\/?page_id=240716"},"modified":"2023-10-11T13:45:45","modified_gmt":"2023-10-11T11:45:45","slug":"sistemas-de-extincion-de-incendios","status":"publish","type":"page","link":"https:\/\/hauxlifesupport.de\/es\/productos\/accesorios-medicos-y-de-sistemas\/componentes-de-sistemas\/sistemas-de-extincion-de-incendios\/","title":{"rendered":"Sistemas de extinci\u00f3n de incendios"},"content":{"rendered":"<p>[et_pb_section fb_built=\u00bb1&#8243; admin_label=\u00bbSlider\u00bb _builder_version=\u00bb4.21.0&#8243; _module_preset=\u00bbdefault\u00bb width=\u00bb100%\u00bb max_width=\u00bb100%\u00bb custom_padding=\u00bb0px||0px||false|false\u00bb custom_padding_tablet=\u00bb0px||0px||false|false\u00bb custom_padding_phone=\u00bb0px||0px||false|false\u00bb global_colors_info=\u00bb{}\u00bb][et_pb_row _builder_version=\u00bb4.21.0&#8243; _module_preset=\u00bbdefault\u00bb background_enable_color=\u00bboff\u00bb width=\u00bb100%\u00bb width_tablet=\u00bb100%\u00bb width_phone=\u00bb100%\u00bb width_last_edited=\u00bbon|desktop\u00bb max_width=\u00bb100%\u00bb module_alignment=\u00bbleft\u00bb custom_margin=\u00bb0px||0px||false|false\u00bb custom_margin_tablet=\u00bb|0px||0px|false|false\u00bb custom_padding=\u00bb0px||0px||false|false\u00bb custom_padding_tablet=\u00bb|0px||0px|false|true\u00bb global_colors_info=\u00bb{}\u00bb][et_pb_column type=\u00bb4_4&#8243; _builder_version=\u00bb4.21.0&#8243; _module_preset=\u00bbdefault\u00bb background_enable_color=\u00bboff\u00bb global_colors_info=\u00bb{}\u00bb][et_pb_slider admin_label=\u00bbSlider\u00bb _builder_version=\u00bb4.21.0&#8243; _module_preset=\u00bbb8ceb8f1-18e1-4a30-87c9-e9b64e615132&#8243; custom_padding_tablet=\u00bb180px|0px|180px|0px|false|false\u00bb hover_enabled=\u00bb0&#8243; header_font_size_tablet=\u00bb\u00bb header_font_size_phone=\u00bb39px\u00bb header_font_size_last_edited=\u00bbon|tablet\u00bb body_font_size_phone=\u00bb39px\u00bb global_colors_info=\u00bb{}\u00bb sticky_enabled=\u00bb0&#8243;][et_pb_slide _builder_version=\u00bb4.21.0&#8243; _module_preset=\u00bb2dc5af35-e1f8-410a-afef-aba0a25e6ce5&#8243; background_color=\u00bbRGBA(255,255,255,0)\u00bb background_enable_color=\u00bbon\u00bb background_image=\u00bbhttps:\/\/hauxlifesupport.de\/wp-content\/uploads\/2023\/10\/Produkte_Medizin_Unterpunkte.jpg\u00bb custom_padding=\u00bb|0px||0px|false|false\u00bb hover_enabled=\u00bb0&#8243; global_colors_info=\u00bb{}\u00bb sticky_transition=\u00bbon\u00bb title_text=\u00bbProdukte_Medizin_Unterpunkte\u00bb sticky_enabled=\u00bb0&#8243;][\/et_pb_slide][\/et_pb_slider][\/et_pb_column][\/et_pb_row][\/et_pb_section][et_pb_section fb_built=\u00bb1&#8243; admin_label=\u00bbWillkommen\u00bb _builder_version=\u00bb4.21.0&#8243; _module_preset=\u00bbdefault\u00bb global_colors_info=\u00bb{}\u00bb][et_pb_row _builder_version=\u00bb4.21.0&#8243; _module_preset=\u00bbdefault\u00bb global_colors_info=\u00bb{}\u00bb][et_pb_column type=\u00bb4_4&#8243; _builder_version=\u00bb4.21.0&#8243; _module_preset=\u00bbdefault\u00bb global_colors_info=\u00bb{}\u00bb][et_pb_text _builder_version=\u00bb4.21.0&#8243; _module_preset=\u00bbdefault\u00bb global_colors_info=\u00bb{}\u00bb]<\/p>\n<h2><strong>Los componentes \u00f3ptimos para su Sistema<\/strong><\/h2>\n<h2><span style=\"text-decoration: underline;\">Sistemas de extinci\u00f3n de incendios HAUX<\/span><\/h2>\n<p>Los incendios en el interior de las c\u00e1maras hiperb\u00e1ricas ocurren muy pocas veces en relaci\u00f3n con las veces que la c\u00e1mara entra en operaci\u00f3n. Sin embargo, los incendios que se han producido se han desarrollado muy r\u00e1pidamente.<\/p>\n<p>Una desventaja de los incendios dentro de ambientes hiperb\u00e1ricos es que son dif\u00edciles de controlar, ya que:<\/p>\n<ul>\n<li>Debido a que la alta presi\u00f3n parcial de ox\u00edgeno en la c\u00e1mara incrementa la intensidad del fuego.<\/li>\n<li>Las altas temperaturas producen una consiguiente elevaci\u00f3n de la presi\u00f3n.<\/li>\n<li>Da\u00f1os irreversibles ocurren despu\u00e9s de solo un corto lapso de tiempo.<\/li>\n<li>La eficacia limitada de los agentes extintores utilizados.<\/li>\n<\/ul>\n<p>\u00a1En <strong>HAUX-LIFE-SUPPORT<\/strong> la prevenci\u00f3n de incendios es compromiso que hemos cumplido!<\/p>\n<p>[\/et_pb_text][\/et_pb_column][\/et_pb_row][et_pb_row _builder_version=\u00bb4.21.0&#8243; _module_preset=\u00bbdefault\u00bb global_colors_info=\u00bb{}\u00bb][et_pb_column type=\u00bb4_4&#8243; _builder_version=\u00bb4.21.0&#8243; _module_preset=\u00bbdefault\u00bb global_colors_info=\u00bb{}\u00bb][et_pb_accordion _builder_version=\u00bb4.21.0&#8243; _module_preset=\u00bbdefault\u00bb global_colors_info=\u00bb{}\u00bb][et_pb_accordion_item title=\u00bbHAUX-SPRAY-FOG \u2013 HAUX EQUIPO DE EXTINCI\u00d3N DE INCENDIOS MEDIANTE NEBULIZACI\u00d3N\u00bb open=\u00bbon\u00bb _builder_version=\u00bb4.21.0&#8243; _module_preset=\u00bbdefault\u00bb global_colors_info=\u00bb{}\u00bb]<\/p>\n<p><img loading=\"lazy\" decoding=\"async\" src=\"https:\/\/hauxlifesupport.de\/wp-content\/uploads\/2023\/07\/HAUX-SPRAY-FOG_fire_extinguishing_water_tank_piping_pressure_reducers-1-300x225.jpg\" alt=\"\" class=\"wp-image-2134 alignnone size-medium\" width=\"300\" height=\"225\" title=\"\"> <img loading=\"lazy\" decoding=\"async\" src=\"https:\/\/hauxlifesupport.de\/wp-content\/uploads\/2023\/07\/csm_HAUX-SPRAY-FOG_hbo_chamber_fire_extinguishing_pilot_release_valve_unit_manometer_5128b85bc8-300x225.jpg\" alt=\"\" class=\"wp-image-2138 alignnone size-medium\" width=\"300\" height=\"225\" title=\"\" srcset=\"https:\/\/hauxlifesupport.de\/wp-content\/uploads\/2023\/07\/csm_HAUX-SPRAY-FOG_hbo_chamber_fire_extinguishing_pilot_release_valve_unit_manometer_5128b85bc8-300x225.jpg 300w, https:\/\/hauxlifesupport.de\/wp-content\/uploads\/2023\/07\/csm_HAUX-SPRAY-FOG_hbo_chamber_fire_extinguishing_pilot_release_valve_unit_manometer_5128b85bc8.jpg 386w\" sizes=\"auto, (max-width: 300px) 100vw, 300px\" \/> <img loading=\"lazy\" decoding=\"async\" src=\"https:\/\/hauxlifesupport.de\/wp-content\/uploads\/2023\/07\/csm_HAUX-SPRAY-FOG_fire_extinguishing_complete_system_installed_outside_HAUX-STARMED_0225a93c32-225x300.jpg\" alt=\"\" class=\"wp-image-2142 alignnone size-medium\" width=\"225\" height=\"300\" title=\"\" srcset=\"https:\/\/hauxlifesupport.de\/wp-content\/uploads\/2023\/07\/csm_HAUX-SPRAY-FOG_fire_extinguishing_complete_system_installed_outside_HAUX-STARMED_0225a93c32-225x300.jpg 225w, https:\/\/hauxlifesupport.de\/wp-content\/uploads\/2023\/07\/csm_HAUX-SPRAY-FOG_fire_extinguishing_complete_system_installed_outside_HAUX-STARMED_0225a93c32.jpg 386w\" sizes=\"auto, (max-width: 225px) 100vw, 225px\" \/><\/p>\n<p><strong>HAUX-LIFE-SUPPORT<\/strong> ha desarrollado el sistema m\u00e1s moderno y efectivo para la extinci\u00f3n de incendios en\u00a0c\u00e1maras HBO.<\/p>\n<p>El sistema <strong>HAUX-SPRAY-FOG <\/strong>combina las caracter\u00edsticas de los aspersores y nebulizadores en la lucha contra incendios. Esta combinaci\u00f3n es altamente efectiva durante la extinci\u00f3n, adem\u00e1s de tener un bajo consumo de agua a\u00fan en altas presiones de trabajo. La extinci\u00f3n del fuego se logra en tan solo unos segundos y, por lo tanto, una protecci\u00f3n \u00f3ptima para los ocupantes de la c\u00e1mara.<\/p>\n<p>El sistema de extinci\u00f3n de incendios se alimenta de agua a trav\u00e9s de un tanque instalado en las inmediaciones de la c\u00e1mara, cuya capacidad depende de las dimensiones de la c\u00e1mara.<\/p>\n<p>Existe tambi\u00e9n la posibilidad de modernizar una c\u00e1mara con el sistema <strong>HAUX-SPRAY-FOG.<\/strong><\/p>\n<p>[\/et_pb_accordion_item][et_pb_accordion_item title=\u00bbHAUX-FIREMASTER\u00bb _builder_version=\u00bb4.21.0&#8243; _module_preset=\u00bbdefault\u00bb global_colors_info=\u00bb{}\u00bb open=\u00bboff\u00bb]<\/p>\n<p><img loading=\"lazy\" decoding=\"async\" src=\"https:\/\/hauxlifesupport.de\/wp-content\/uploads\/2023\/07\/HAUX-FIREMASTER_fire_extinguisher_hyperbaric_chambers_up_to_10_bar_500x375-300x225.jpg\" alt=\"\" class=\"wp-image-2146 alignnone size-medium\" width=\"300\" height=\"225\" title=\"\"><\/p>\n<p>El extintor <strong>HAUX-FIREMASTER<\/strong> est\u00e1 previsto para su instalaci\u00f3n en c\u00e1maras hiperb\u00e1ricas con presiones de trabajo de hasta 10 bar. El extintor est\u00e1 especialmente probado y aprobado por DNV-GL<\/p>\n<p>El extintor est\u00e1 previsto para <strong>incendios de materiales s\u00f3lidos<\/strong> (clase A).<\/p>\n<p>La <strong>presi\u00f3n de trabajo del gas impulsor<\/strong> alcanza 140 bar. Esto permite su uso en presiones dentro c\u00e1mara\u00a0de hasta 10 bar (100 m WS).<br \/>En atm\u00f3sferas de helio dentro de la c\u00e1mara y usando helio como gas impulsor es posible alcanzar presiones de trabajo mayores.<\/p>\n<p>El <strong>HAUX-FIREMASTER<\/strong> est\u00e1 compuesto por:<\/p>\n<ul>\n<li>un recipiente a presi\u00f3n con agua, agentes extintores y gas propulsor (aire a presi\u00f3n)<\/li>\n<li>una v\u00e1lvula de descarga con pasador de seguridad, man\u00f3metro, tubo sif\u00f3n y manguera<\/li>\n<li>Cono de descarga con boquilla.<\/li>\n<\/ul>\n<p>[\/et_pb_accordion_item][\/et_pb_accordion][\/et_pb_column][\/et_pb_row][\/et_pb_section]<\/p>\n","protected":false},"excerpt":{"rendered":"<p>Los componentes \u00f3ptimos para su Sistema Sistemas de extinci\u00f3n de incendios HAUX Los incendios en el interior de las c\u00e1maras hiperb\u00e1ricas ocurren muy pocas veces en relaci\u00f3n con las veces que la c\u00e1mara entra en operaci\u00f3n. Sin embargo, los incendios que se han producido se han desarrollado muy r\u00e1pidamente. Una desventaja de los incendios dentro [&hellip;]<\/p>\n","protected":false},"author":1,"featured_media":0,"parent":240712,"menu_order":20,"comment_status":"closed","ping_status":"closed","template":"","meta":{"_et_pb_use_builder":"on","_et_pb_old_content":"","_et_gb_content_width":"","_relevanssi_hide_post":"","_relevanssi_hide_content":"","_relevanssi_pin_for_all":"","_relevanssi_pin_keywords":"","_relevanssi_unpin_keywords":"","_relevanssi_related_keywords":"","_relevanssi_related_include_ids":"","_relevanssi_related_exclude_ids":"","_relevanssi_related_no_append":"","_relevanssi_related_not_related":"","_relevanssi_related_posts":"","_relevanssi_noindex_reason":"","footnotes":""},"class_list":["post-240716","page","type-page","status-publish","hentry"],"_links":{"self":[{"href":"https:\/\/hauxlifesupport.de\/es\/wp-json\/wp\/v2\/pages\/240716","targetHints":{"allow":["GET"]}}],"collection":[{"href":"https:\/\/hauxlifesupport.de\/es\/wp-json\/wp\/v2\/pages"}],"about":[{"href":"https:\/\/hauxlifesupport.de\/es\/wp-json\/wp\/v2\/types\/page"}],"author":[{"embeddable":true,"href":"https:\/\/hauxlifesupport.de\/es\/wp-json\/wp\/v2\/users\/1"}],"replies":[{"embeddable":true,"href":"https:\/\/hauxlifesupport.de\/es\/wp-json\/wp\/v2\/comments?post=240716"}],"version-history":[{"count":10,"href":"https:\/\/hauxlifesupport.de\/es\/wp-json\/wp\/v2\/pages\/240716\/revisions"}],"predecessor-version":[{"id":242002,"href":"https:\/\/hauxlifesupport.de\/es\/wp-json\/wp\/v2\/pages\/240716\/revisions\/242002"}],"up":[{"embeddable":true,"href":"https:\/\/hauxlifesupport.de\/es\/wp-json\/wp\/v2\/pages\/240712"}],"wp:attachment":[{"href":"https:\/\/hauxlifesupport.de\/es\/wp-json\/wp\/v2\/media?parent=240716"}],"curies":[{"name":"wp","href":"https:\/\/api.w.org\/{rel}","templated":true}]}}