{"id":240714,"date":"2023-06-26T11:14:18","date_gmt":"2023-06-26T09:14:18","guid":{"rendered":"https:\/\/hauxlifesupport.de\/?page_id=240714"},"modified":"2023-10-11T13:38:26","modified_gmt":"2023-10-11T11:38:26","slug":"equipos-de-medicion-y-analisis","status":"publish","type":"page","link":"https:\/\/hauxlifesupport.de\/es\/productos\/accesorios-medicos-y-de-sistemas\/componentes-de-sistemas\/equipos-de-medicion-y-analisis\/","title":{"rendered":"Equipos de medici\u00f3n y an\u00e1lisis"},"content":{"rendered":"<p>[et_pb_section fb_built=\u00bb1&#8243; admin_label=\u00bbSlider\u00bb _builder_version=\u00bb4.21.0&#8243; _module_preset=\u00bbdefault\u00bb width=\u00bb100%\u00bb max_width=\u00bb100%\u00bb custom_padding=\u00bb0px||0px||false|false\u00bb custom_padding_tablet=\u00bb0px||0px||false|false\u00bb custom_padding_phone=\u00bb0px||0px||false|false\u00bb global_colors_info=\u00bb{}\u00bb][et_pb_row _builder_version=\u00bb4.21.0&#8243; _module_preset=\u00bbdefault\u00bb background_enable_color=\u00bboff\u00bb width=\u00bb100%\u00bb width_tablet=\u00bb100%\u00bb width_phone=\u00bb100%\u00bb width_last_edited=\u00bbon|desktop\u00bb max_width=\u00bb100%\u00bb module_alignment=\u00bbleft\u00bb custom_margin=\u00bb0px||0px||false|false\u00bb custom_margin_tablet=\u00bb|0px||0px|false|false\u00bb custom_padding=\u00bb0px||0px||false|false\u00bb custom_padding_tablet=\u00bb|0px||0px|false|true\u00bb global_colors_info=\u00bb{}\u00bb][et_pb_column type=\u00bb4_4&#8243; _builder_version=\u00bb4.21.0&#8243; _module_preset=\u00bbdefault\u00bb background_enable_color=\u00bboff\u00bb global_colors_info=\u00bb{}\u00bb][et_pb_slider _builder_version=\u00bb4.21.0&#8243; _module_preset=\u00bbb8ceb8f1-18e1-4a30-87c9-e9b64e615132&#8243; custom_padding_tablet=\u00bb180px|0px|180px|0px|false|false\u00bb hover_enabled=\u00bb0&#8243; header_font_size_tablet=\u00bb\u00bb header_font_size_phone=\u00bb39px\u00bb header_font_size_last_edited=\u00bbon|tablet\u00bb body_font_size_phone=\u00bb39px\u00bb global_colors_info=\u00bb{}\u00bb sticky_enabled=\u00bb0&#8243;][et_pb_slide _builder_version=\u00bb4.21.0&#8243; _module_preset=\u00bb2dc5af35-e1f8-410a-afef-aba0a25e6ce5&#8243; background_color=\u00bbRGBA(255,255,255,0)\u00bb background_enable_color=\u00bbon\u00bb background_image=\u00bbhttps:\/\/hauxlifesupport.de\/wp-content\/uploads\/2023\/10\/Produkte_Medizin_Unterpunkte.jpg\u00bb custom_padding=\u00bb|0px||0px|false|false\u00bb hover_enabled=\u00bb0&#8243; global_colors_info=\u00bb{}\u00bb sticky_transition=\u00bbon\u00bb title_text=\u00bbProdukte_Medizin_Unterpunkte\u00bb sticky_enabled=\u00bb0&#8243;][\/et_pb_slide][\/et_pb_slider][\/et_pb_column][\/et_pb_row][\/et_pb_section][et_pb_section fb_built=\u00bb1&#8243; admin_label=\u00bbWillkommen\u00bb _builder_version=\u00bb4.21.0&#8243; _module_preset=\u00bbdefault\u00bb global_colors_info=\u00bb{}\u00bb][et_pb_row _builder_version=\u00bb4.21.0&#8243; _module_preset=\u00bb_initial\u00bb custom_margin_tablet=\u00bb||0px||false|false\u00bb custom_margin_phone=\u00bb||0px||false|false\u00bb custom_margin_last_edited=\u00bbon|phone\u00bb custom_padding_tablet=\u00bb||0px||false|false\u00bb custom_padding_phone=\u00bb||0px||false|false\u00bb global_colors_info=\u00bb{}\u00bb][et_pb_column type=\u00bb4_4&#8243; _builder_version=\u00bb4.21.0&#8243; _module_preset=\u00bbdefault\u00bb global_colors_info=\u00bb{}\u00bb][et_pb_text _builder_version=\u00bb4.21.0&#8243; _module_preset=\u00bbdefault\u00bb global_colors_info=\u00bb{}\u00bb]<\/p>\n<h2><strong>Equipos de medici\u00f3n y an\u00e1lisis<br \/><\/strong><\/h2>\n<h2 class=\"\"><span style=\"text-decoration: underline;\">Componentes para su sistema<\/span><\/h2>\n<p>Con el objetivo de monitorear diferentes par\u00e1metros en la atm\u00f3sfera del interior de la c\u00e1mara hiperb\u00e1rica como por ejemplo, la concentraci\u00f3n de ox\u00edgeno o de bi\u00f3xido de carbono; diversos equipos de medici\u00f3n y an\u00e1lisis son instalados .<\/p>\n<p>[\/et_pb_text][\/et_pb_column][\/et_pb_row][et_pb_row _builder_version=\u00bb4.21.0&#8243; _module_preset=\u00bb_initial\u00bb global_colors_info=\u00bb{}\u00bb][et_pb_column type=\u00bb4_4&#8243; _builder_version=\u00bb4.21.0&#8243; _module_preset=\u00bbdefault\u00bb global_colors_info=\u00bb{}\u00bb][et_pb_accordion _builder_version=\u00bb4.21.0&#8243; _module_preset=\u00bbdefault\u00bb global_colors_info=\u00bb{}\u00bb][et_pb_accordion_item title=\u00bbHAUX-OXYMETER\u00bb open=\u00bbon\u00bb _builder_version=\u00bb4.21.0&#8243; _module_preset=\u00bbdefault\u00bb global_colors_info=\u00bb{}\u00bb]<\/p>\n<p><img loading=\"lazy\" decoding=\"async\" src=\"https:\/\/hauxlifesupport.de\/wp-content\/uploads\/2023\/07\/HAUX-OXYMETER_oxygen_monitoring_in_hbo_chamber_atmosphere_BUS_screen_alarm.jpg\" alt=\"\" class=\"wp-image-2155 alignnone size-full\" width=\"802\" height=\"480\" title=\"\" srcset=\"https:\/\/hauxlifesupport.de\/wp-content\/uploads\/2023\/07\/HAUX-OXYMETER_oxygen_monitoring_in_hbo_chamber_atmosphere_BUS_screen_alarm.jpg 802w, https:\/\/hauxlifesupport.de\/wp-content\/uploads\/2023\/07\/HAUX-OXYMETER_oxygen_monitoring_in_hbo_chamber_atmosphere_BUS_screen_alarm-480x287.jpg 480w\" sizes=\"auto, (min-width: 0px) and (max-width: 480px) 480px, (min-width: 481px) 802px, 100vw\" \/><\/p>\n<p>Una alta concentraci\u00f3n de ox\u00edgeno en c\u00e1maras hiperb\u00e1ricas eleva el riesgo de incendio en el interior de esta.<\/p>\n<p>El <strong>HAUX-OXYMETER<\/strong> monitorea el contenido de ox\u00edgeno en la atm\u00f3sfera de la c\u00e1mara. Una alarma es activada cuando la concentraci\u00f3n de ox\u00edgeno ha superado los valores admisibles. El rango de medici\u00f3n puede ser de 0 a 30% o de 0 a 100%<\/p>\n<p>Un <strong>HAUX-OXYMETER<\/strong> puede ser instalado individualmente para cada compartimiento de la c\u00e1mara, o puede seleccionar la atm\u00f3sfera del compartimiento a medir, mediante una v\u00e1lvula de paso.<\/p>\n<p>[\/et_pb_accordion_item][et_pb_accordion_item title=\u00bbHAUX-OXYSEARCH\u00bb _builder_version=\u00bb4.21.0&#8243; _module_preset=\u00bbdefault\u00bb global_colors_info=\u00bb{}\u00bb open=\u00bboff\u00bb]<\/p>\n<p><img loading=\"lazy\" decoding=\"async\" src=\"https:\/\/hauxlifesupport.de\/wp-content\/uploads\/2023\/07\/HAUX-OXYSEARCH_O2_partial_pressure_monitor_for_hyperbaric_chambers_500x375.jpg\" alt=\"\" class=\"wp-image-2121 alignnone size-full\" width=\"500\" height=\"375\" title=\"\" srcset=\"https:\/\/hauxlifesupport.de\/wp-content\/uploads\/2023\/07\/HAUX-OXYSEARCH_O2_partial_pressure_monitor_for_hyperbaric_chambers_500x375.jpg 500w, https:\/\/hauxlifesupport.de\/wp-content\/uploads\/2023\/07\/HAUX-OXYSEARCH_O2_partial_pressure_monitor_for_hyperbaric_chambers_500x375-480x360.jpg 480w\" sizes=\"auto, (min-width: 0px) and (max-width: 480px) 480px, (min-width: 481px) 500px, 100vw\" \/><\/p>\n<p>El\u00a0<strong>HAUX-OXYSEARCH<\/strong> ha sido dise\u00f1ado para el monitorear la concentraci\u00f3n de ox\u00edgeno en la atm\u00f3sfera de la c\u00e1mara.<\/p>\n<p>La concentraci\u00f3n m\u00e1xima de ox\u00edgeno m\u00e1xima de 23% no debe de ser sobrepasarse. El <strong>HAUX-OXYSEARCH<\/strong> es un dispositivo port\u00e1til que controla la concentraci\u00f3n media de ox\u00edgeno en la atm\u00f3sfera de la c\u00e1mara y dicho valor es mostrado en la pantalla integrada.<\/p>\n<p>El monitoreo estacionario del ox\u00edgeno es posible con el <strong>HAUX-OXYMETER<\/strong>.<\/p>\n<p>[\/et_pb_accordion_item][et_pb_accordion_item title=\u00bbHAUX-TIMEMASTER\u00bb _builder_version=\u00bb4.21.0&#8243; _module_preset=\u00bbdefault\u00bb global_colors_info=\u00bb{}\u00bb open=\u00bboff\u00bb]<\/p>\n<p><img loading=\"lazy\" decoding=\"async\" src=\"https:\/\/hauxlifesupport.de\/wp-content\/uploads\/2023\/07\/HAUX-TIMEMASTER_triple_timer_with_3_countdown_modes_and_memories_500x375.jpg\" alt=\"\" class=\"wp-image-2159 alignnone size-full\" width=\"500\" height=\"375\" title=\"\" srcset=\"https:\/\/hauxlifesupport.de\/wp-content\/uploads\/2023\/07\/HAUX-TIMEMASTER_triple_timer_with_3_countdown_modes_and_memories_500x375.jpg 500w, https:\/\/hauxlifesupport.de\/wp-content\/uploads\/2023\/07\/HAUX-TIMEMASTER_triple_timer_with_3_countdown_modes_and_memories_500x375-480x360.jpg 480w\" sizes=\"auto, (min-width: 0px) and (max-width: 480px) 480px, (min-width: 481px) 500px, 100vw\" \/><\/p>\n<p>El <strong>HAUX-TIMEMASTER<\/strong> opera con una bater\u00eda de 1.5V. Cuenta con 3 cron\u00f3metros independientes, que al finalizar su cuenta hace sonar una alarma durante un minuto. La pantalla est\u00e1 dividida en tres partes, donde se muestran los cron\u00f3metros, la hora actual y tiempo restante.<\/p>\n<p>El <strong>HAUX-TIMEMASTER<\/strong> almacena la \u00faltima configuraci\u00f3n de cada uno de los cron\u00f3metros y pueden nuevamente ser inicializados una vez que se haya terminado la cuenta regresiva.<\/p>\n<p>[\/et_pb_accordion_item][et_pb_accordion_item title=\u00bbEQUIPO DE MEDICI\u00d3N DE CO2&#8243; _builder_version=\u00bb4.21.0&#8243; _module_preset=\u00bbdefault\u00bb global_colors_info=\u00bb{}\u00bb open=\u00bboff\u00bb]<\/p>\n<p><img loading=\"lazy\" decoding=\"async\" src=\"https:\/\/hauxlifesupport.de\/wp-content\/uploads\/2023\/07\/HAUX-OXYMETER_O2_CO2_measurement_temperature_values_normal_BUS_screen_802x482.jpg\" alt=\"\" class=\"wp-image-2163 alignnone size-full\" width=\"802\" height=\"482\" title=\"\" srcset=\"https:\/\/hauxlifesupport.de\/wp-content\/uploads\/2023\/07\/HAUX-OXYMETER_O2_CO2_measurement_temperature_values_normal_BUS_screen_802x482.jpg 802w, https:\/\/hauxlifesupport.de\/wp-content\/uploads\/2023\/07\/HAUX-OXYMETER_O2_CO2_measurement_temperature_values_normal_BUS_screen_802x482-480x288.jpg 480w\" sizes=\"auto, (min-width: 0px) and (max-width: 480px) 480px, (min-width: 481px) 802px, 100vw\" \/><\/p>\n<p><span><\/span>Para medir la concentraci\u00f3n de bi\u00f3xido de carbono en la atm\u00f3sfera de la c\u00e1mara, se ha instalado un sensor de CO<sub>2<\/sub>. Las mediciones son mostradas en el <strong>HAUX-DECOMAT 4.0<\/strong>, o en una pantalla adicional. Una alarma es activada cuando las mediciones se encuentran fuera de los valores permitidos, esta es se\u00f1alizada en forma visual y auditiva.<\/p>\n<p>[\/et_pb_accordion_item][\/et_pb_accordion][\/et_pb_column][\/et_pb_row][\/et_pb_section]<\/p>\n","protected":false},"excerpt":{"rendered":"<p>Equipos de medici\u00f3n y an\u00e1lisis Componentes para su sistema Con el objetivo de monitorear diferentes par\u00e1metros en la atm\u00f3sfera del interior de la c\u00e1mara hiperb\u00e1rica como por ejemplo, la concentraci\u00f3n de ox\u00edgeno o de bi\u00f3xido de carbono; diversos equipos de medici\u00f3n y an\u00e1lisis son instalados . Una alta concentraci\u00f3n de ox\u00edgeno en c\u00e1maras hiperb\u00e1ricas eleva [&hellip;]<\/p>\n","protected":false},"author":1,"featured_media":0,"parent":240712,"menu_order":10,"comment_status":"closed","ping_status":"closed","template":"","meta":{"_et_pb_use_builder":"on","_et_pb_old_content":"","_et_gb_content_width":"","_relevanssi_hide_post":"","_relevanssi_hide_content":"","_relevanssi_pin_for_all":"","_relevanssi_pin_keywords":"","_relevanssi_unpin_keywords":"","_relevanssi_related_keywords":"","_relevanssi_related_include_ids":"","_relevanssi_related_exclude_ids":"","_relevanssi_related_no_append":"","_relevanssi_related_not_related":"","_relevanssi_related_posts":"","_relevanssi_noindex_reason":"","footnotes":""},"class_list":["post-240714","page","type-page","status-publish","hentry"],"_links":{"self":[{"href":"https:\/\/hauxlifesupport.de\/es\/wp-json\/wp\/v2\/pages\/240714","targetHints":{"allow":["GET"]}}],"collection":[{"href":"https:\/\/hauxlifesupport.de\/es\/wp-json\/wp\/v2\/pages"}],"about":[{"href":"https:\/\/hauxlifesupport.de\/es\/wp-json\/wp\/v2\/types\/page"}],"author":[{"embeddable":true,"href":"https:\/\/hauxlifesupport.de\/es\/wp-json\/wp\/v2\/users\/1"}],"replies":[{"embeddable":true,"href":"https:\/\/hauxlifesupport.de\/es\/wp-json\/wp\/v2\/comments?post=240714"}],"version-history":[{"count":7,"href":"https:\/\/hauxlifesupport.de\/es\/wp-json\/wp\/v2\/pages\/240714\/revisions"}],"predecessor-version":[{"id":241991,"href":"https:\/\/hauxlifesupport.de\/es\/wp-json\/wp\/v2\/pages\/240714\/revisions\/241991"}],"up":[{"embeddable":true,"href":"https:\/\/hauxlifesupport.de\/es\/wp-json\/wp\/v2\/pages\/240712"}],"wp:attachment":[{"href":"https:\/\/hauxlifesupport.de\/es\/wp-json\/wp\/v2\/media?parent=240714"}],"curies":[{"name":"wp","href":"https:\/\/api.w.org\/{rel}","templated":true}]}}