{"id":240710,"date":"2023-06-26T11:11:51","date_gmt":"2023-06-26T09:11:51","guid":{"rendered":"https:\/\/hauxlifesupport.de\/?page_id=240710"},"modified":"2023-11-02T08:57:26","modified_gmt":"2023-11-02T07:57:26","slug":"accesorios-medicos","status":"publish","type":"page","link":"https:\/\/hauxlifesupport.de\/es\/productos\/accesorios-medicos-y-de-sistemas\/accesorios-medicos\/","title":{"rendered":"Accesorios m\u00e9dicos"},"content":{"rendered":"<p>[et_pb_section fb_built=\u00bb1&#8243; admin_label=\u00bbSlider\u00bb _builder_version=\u00bb4.21.0&#8243; _module_preset=\u00bbf2843d24-ad56-442f-a9e1-e3041953524c\u00bb width=\u00bb100%\u00bb max_width=\u00bb100%\u00bb custom_padding=\u00bb0px||0px||false|false\u00bb custom_padding_tablet=\u00bb0px||0px||false|false\u00bb custom_padding_phone=\u00bb0px||0px||false|false\u00bb global_colors_info=\u00bb{}\u00bb][et_pb_row _builder_version=\u00bb4.21.0&#8243; _module_preset=\u00bb7cb6190c-4283-41e8-bb8b-ae469157ed96&#8243; width=\u00bb100%\u00bb width_tablet=\u00bb100%\u00bb width_phone=\u00bb100%\u00bb width_last_edited=\u00bbon|desktop\u00bb max_width=\u00bb100%\u00bb module_alignment=\u00bbleft\u00bb custom_margin=\u00bb0px||0px||false|false\u00bb custom_margin_tablet=\u00bb|0px||0px|false|false\u00bb custom_padding=\u00bb0px||0px||false|false\u00bb custom_padding_tablet=\u00bb|0px||0px|false|true\u00bb global_colors_info=\u00bb{}\u00bb][et_pb_column type=\u00bb4_4&#8243; _builder_version=\u00bb4.21.0&#8243; _module_preset=\u00bbdefault\u00bb global_colors_info=\u00bb{}\u00bb][et_pb_slider _builder_version=\u00bb4.21.0&#8243; _module_preset=\u00bbb8ceb8f1-18e1-4a30-87c9-e9b64e615132&#8243; custom_padding_tablet=\u00bb180px|0px|180px|0px|false|false\u00bb header_font_size_tablet=\u00bb\u00bb header_font_size_phone=\u00bb39px\u00bb header_font_size_last_edited=\u00bbon|tablet\u00bb body_font_size_phone=\u00bb39px\u00bb global_colors_info=\u00bb{}\u00bb][et_pb_slide _builder_version=\u00bb4.21.0&#8243; _module_preset=\u00bb2dc5af35-e1f8-410a-afef-aba0a25e6ce5&#8243; background_color=\u00bbRGBA(255,255,255,0)\u00bb background_enable_color=\u00bbon\u00bb background_image=\u00bbhttps:\/\/hauxlifesupport.de\/wp-content\/uploads\/2023\/10\/Produkte_Medizin_Unterpunkte.jpg\u00bb custom_padding=\u00bb|0px||0px|false|false\u00bb global_colors_info=\u00bb{}\u00bb sticky_transition=\u00bbon\u00bb][\/et_pb_slide][\/et_pb_slider][\/et_pb_column][\/et_pb_row][\/et_pb_section][et_pb_section fb_built=\u00bb1&#8243; _builder_version=\u00bb4.21.0&#8243; _module_preset=\u00bbdefault\u00bb background_color=\u00bbrgba(255,255,255,0.84)\u00bb positioning=\u00bbabsolute\u00bb position_origin_a=\u00bbbottom_center\u00bb position_origin_f=\u00bbtop_center\u00bb vertical_offset=\u00bb-101px\u00bb custom_margin=\u00bb||||false|false\u00bb custom_padding=\u00bb28px||28px||false|false\u00bb global_colors_info=\u00bb{}\u00bb][et_pb_row _builder_version=\u00bb4.21.0&#8243; _module_preset=\u00bbdefault\u00bb background_color=\u00bbRGBA(255,255,255,0)\u00bb global_colors_info=\u00bb{}\u00bb][et_pb_column type=\u00bb4_4&#8243; _builder_version=\u00bb4.21.0&#8243; _module_preset=\u00bbdefault\u00bb global_colors_info=\u00bb{}\u00bb][et_pb_menu _builder_version=\u00bb4.21.0&#8243; _module_preset=\u00bbdefault\u00bb menu_line_height=\u00bb29px\u00bb background_color=\u00bbRGBA(255,255,255,0)\u00bb global_colors_info=\u00bb{}\u00bb][\/et_pb_menu][\/et_pb_column][\/et_pb_row][\/et_pb_section][et_pb_section fb_built=\u00bb1&#8243; admin_label=\u00bbWillkommen\u00bb _builder_version=\u00bb4.21.0&#8243; _module_preset=\u00bbdefault\u00bb global_colors_info=\u00bb{}\u00bb][et_pb_row _builder_version=\u00bb4.21.0&#8243; _module_preset=\u00bb_initial\u00bb custom_margin_tablet=\u00bb||0px||false|false\u00bb custom_margin_phone=\u00bb||0px||false|false\u00bb custom_margin_last_edited=\u00bbon|phone\u00bb custom_padding_tablet=\u00bb||0px||false|false\u00bb custom_padding_phone=\u00bb||0px||false|false\u00bb global_colors_info=\u00bb{}\u00bb][et_pb_column type=\u00bb4_4&#8243; _builder_version=\u00bb4.21.0&#8243; _module_preset=\u00bbdefault\u00bb global_colors_info=\u00bb{}\u00bb][et_pb_text _builder_version=\u00bb4.21.0&#8243; _module_preset=\u00bbdefault\u00bb hover_enabled=\u00bb0&#8243; global_colors_info=\u00bb{}\u00bb sticky_enabled=\u00bb0&#8243;]<\/p>\n<h1><strong>Accesorios m\u00e9dicos<\/strong><\/h1>\n<h2><span style=\"text-decoration: underline;\">HAUX-LIFE-SUPPORT<\/span><\/h2>\n<p>[\/et_pb_text][\/et_pb_column][\/et_pb_row][et_pb_row _builder_version=\u00bb4.21.0&#8243; _module_preset=\u00bb_initial\u00bb global_colors_info=\u00bb{}\u00bb][et_pb_column type=\u00bb4_4&#8243; _builder_version=\u00bb4.21.0&#8243; _module_preset=\u00bbdefault\u00bb global_colors_info=\u00bb{}\u00bb][et_pb_text _builder_version=\u00bb4.21.0&#8243; _module_preset=\u00bbdefault\u00bb border_style_bottom=\u00bbnone\u00bb global_colors_info=\u00bb{}\u00bb]<\/p>\n<p>Con los accesorios m\u00e9dicos de HAUX-LIFE-SUPPORT le ofrecemos una gran gama de productos para el tratamiento y monitoreo de sus pacientes bajo condiciones hiperb\u00e1ricas. Ya sea un respirador artificial, el sistema HAUX-MEDICAL-MONITORING para la medici\u00f3n del ox\u00edgeno espiratorio o una bomba de infusi\u00f3n. Las correspondientes instrucciones de uso, as\u00ed como la capacitaci\u00f3n, las recibir\u00e1n de nuestro personal especializado en el \u00e1rea biom\u00e9dica.<\/p>\n<p>[\/et_pb_text][\/et_pb_column][\/et_pb_row][et_pb_row _builder_version=\u00bb4.21.0&#8243; _module_preset=\u00bb_initial\u00bb global_colors_info=\u00bb{}\u00bb][et_pb_column type=\u00bb4_4&#8243; _builder_version=\u00bb4.21.0&#8243; _module_preset=\u00bbdefault\u00bb global_colors_info=\u00bb{}\u00bb][et_pb_accordion _builder_version=\u00bb4.21.0&#8243; _module_preset=\u00bbdefault\u00bb global_colors_info=\u00bb{}\u00bb][et_pb_accordion_item title=\u00bbHAUX-MEDICAL-MONITORING\u00bb open=\u00bbon\u00bb _builder_version=\u00bb4.21.0&#8243; _module_preset=\u00bbdefault\u00bb global_colors_info=\u00bb{}\u00bb]<\/p>\n<p><img loading=\"lazy\" decoding=\"async\" src=\"https:\/\/hauxlifesupport.de\/wp-content\/uploads\/2023\/07\/HAUX-MEDICAL-MONITORING-SYSTEM_HMMS_HXMM_patient_monitoring_in_HBO_chamber.jpg\" alt=\"\" class=\"wp-image-2054 alignnone size-full\" width=\"500\" height=\"375\" title=\"\" srcset=\"https:\/\/hauxlifesupport.de\/wp-content\/uploads\/2023\/07\/HAUX-MEDICAL-MONITORING-SYSTEM_HMMS_HXMM_patient_monitoring_in_HBO_chamber.jpg 500w, https:\/\/hauxlifesupport.de\/wp-content\/uploads\/2023\/07\/HAUX-MEDICAL-MONITORING-SYSTEM_HMMS_HXMM_patient_monitoring_in_HBO_chamber-480x360.jpg 480w\" sizes=\"auto, (min-width: 0px) and (max-width: 480px) 480px, (min-width: 481px) 500px, 100vw\" \/> <img loading=\"lazy\" decoding=\"async\" src=\"https:\/\/hauxlifesupport.de\/wp-content\/uploads\/2023\/07\/HAUX-MEDICAL-MONITORING-SYSTEM_HMMS_HXMM_ExO2_expiration_regulator.jpg\" alt=\"\" class=\"wp-image-2058 alignnone size-full\" width=\"510\" height=\"383\" title=\"\" srcset=\"https:\/\/hauxlifesupport.de\/wp-content\/uploads\/2023\/07\/HAUX-MEDICAL-MONITORING-SYSTEM_HMMS_HXMM_ExO2_expiration_regulator.jpg 510w, https:\/\/hauxlifesupport.de\/wp-content\/uploads\/2023\/07\/HAUX-MEDICAL-MONITORING-SYSTEM_HMMS_HXMM_ExO2_expiration_regulator-480x360.jpg 480w\" sizes=\"auto, (min-width: 0px) and (max-width: 480px) 480px, (min-width: 481px) 510px, 100vw\" \/> <img loading=\"lazy\" decoding=\"async\" src=\"https:\/\/hauxlifesupport.de\/wp-content\/uploads\/2023\/07\/HMMS.jpg\" alt=\"\" class=\"wp-image-2062 alignnone size-full\" width=\"250\" height=\"466\" title=\"\" srcset=\"https:\/\/hauxlifesupport.de\/wp-content\/uploads\/2023\/07\/HMMS.jpg 250w, https:\/\/hauxlifesupport.de\/wp-content\/uploads\/2023\/07\/HMMS-161x300.jpg 161w\" sizes=\"auto, (max-width: 250px) 100vw, 250px\" \/><\/p>\n<p>El <strong>HAUX-MEDICAL-MONITORING<\/strong> sirve para la vigilancia de los pacientes durante la terapia hiperb\u00e1rica de ox\u00edgeno (HBO) en las c\u00e1maras de presi\u00f3n. La tarea de este sistema es mostrar a tiempo y de manera compacta al m\u00e9dico o al personal preparado para operar la c\u00e1mara, los m\u00e1s importantes par\u00e1metros de la HBO y las desviaciones generales de los valores esperados.<\/p>\n<p>El sistema puede estar compuesto por los siguientes componentes:<br \/>Procesador central con<\/p>\n<ul>\n<li>pantalla de alta resoluci\u00f3n<\/li>\n<li>teclado multifuncional<\/li>\n<li>rat\u00f3n<\/li>\n<li>PC-Lichtwellenleiter-Interface<\/li>\n<\/ul>\n<p>Recipiente(s) de m\u00f3dulo(s) para:<\/p>\n<ul>\n<li>medici\u00f3n transcut\u00e1nea de ox\u00edgeno<\/li>\n<li>medici\u00f3n transcut\u00e1nea de di\u00f3xido de carbono<\/li>\n<li>medici\u00f3n de ox\u00edgeno expirado<\/li>\n<li>medici\u00f3n de di\u00f3xido de carbono expirado (exCO2)<\/li>\n<li>canometr\u00eda (etCO2)<\/li>\n<li>EKG, por 1-canal, seleccionable por 3-canales, 3-canales,\u00a0 a un mismo tiempo 6-canales<\/li>\n<li>EEG<\/li>\n<li>IBP: ABD, CVD<\/li>\n<li>NIBP<\/li>\n<li>medici\u00f3n del pulso<\/li>\n<li>temperatura corporal<\/li>\n<li>m\u00f3dulo de amplificaci\u00f3n de biose\u00f1ales de hasta 8\u00a0 entradas<\/li>\n<li>Lichtwellenleiter-Modul (1 por caja)<\/li>\n<li>Equipo(s) de conexi\u00f3n a la red el\u00e9ctrica para el (los) recipiente(s) m\u00e9dico(s) de m\u00f3dulo(s)<\/li>\n<li>Cable de conexi\u00f3n el\u00e9ctrica para el (los) recipientes del (de los) m\u00f3dulo(s)<\/li>\n<li>Lichtwellenleiter<\/li>\n<li>Accesorios para cada sistema de medici\u00f3n<\/li>\n<li>Para informaci\u00f3n detallada puede usted gustosamente contactarnos.<\/li>\n<\/ul>\n<p>[\/et_pb_accordion_item][et_pb_accordion_item title=\u00bbEQUIPO DE RESPIRACI\u00d3N\u00bb _builder_version=\u00bb4.21.0&#8243; _module_preset=\u00bbdefault\u00bb global_colors_info=\u00bb{}\u00bb open=\u00bboff\u00bb]<\/p>\n<p><img loading=\"lazy\" decoding=\"async\" src=\"https:\/\/hauxlifesupport.de\/wp-content\/uploads\/2023\/07\/Ansicht_Siaretron.jpg\" alt=\"\" class=\"wp-image-2066 alignnone size-full\" width=\"500\" height=\"477\" title=\"\" srcset=\"https:\/\/hauxlifesupport.de\/wp-content\/uploads\/2023\/07\/Ansicht_Siaretron.jpg 500w, https:\/\/hauxlifesupport.de\/wp-content\/uploads\/2023\/07\/Ansicht_Siaretron-480x458.jpg 480w\" sizes=\"auto, (min-width: 0px) and (max-width: 480px) 480px, (min-width: 481px) 500px, 100vw\" \/> <img loading=\"lazy\" decoding=\"async\" src=\"https:\/\/hauxlifesupport.de\/wp-content\/uploads\/2023\/07\/HAUX-SIARE_lung_ventilator_patient_ventilation_HAUX-MEDICAL-MONITORING_500x375.jpg\" alt=\"\" class=\"wp-image-2070 alignnone size-full\" width=\"500\" height=\"375\" title=\"\" srcset=\"https:\/\/hauxlifesupport.de\/wp-content\/uploads\/2023\/07\/HAUX-SIARE_lung_ventilator_patient_ventilation_HAUX-MEDICAL-MONITORING_500x375.jpg 500w, https:\/\/hauxlifesupport.de\/wp-content\/uploads\/2023\/07\/HAUX-SIARE_lung_ventilator_patient_ventilation_HAUX-MEDICAL-MONITORING_500x375-480x360.jpg 480w\" sizes=\"auto, (min-width: 0px) and (max-width: 480px) 480px, (min-width: 481px) 500px, 100vw\" \/><\/p>\n<p>La nueva generaci\u00f3n de respiradores artificiales SIARETRN 1000 IPER est\u00e1 especialmente dise\u00f1ada y aprobada para su uso dentro de una c\u00e1mara hiperb\u00e1rica de hasta 60 metros de profundidad en agua (presi\u00f3n de trabajo de 6 bar)<\/p>\n<p>El respirador puede ser usado tanto en adultos, ni\u00f1os y reci\u00e9n nacidos.<\/p>\n<p>Todos los par\u00e1metros de ventilaci\u00f3n, como el volumen\/flujo por minuto y frecuencia pueden ajustarse de acuerdo a la fisiolog\u00eda del paciente.<\/p>\n<p>Las funcionalidades del respirador artificial son:<\/p>\n<ul>\n<li>Formas de respiraci\u00f3n VC\/VAC, APCV, PSV, PSV-TV, P-SIMV, V-SIMV, CPAP, NIV;<\/li>\n<li>V\u00e1lvula de seguridad;<\/li>\n<li>Mezclador de gases respiratorios (Ox\u00edgeno 21 a 100%, as\u00ed como mezclas de HELIOX (premezclada));<\/li>\n<li>Conexiones est\u00e1ndares para sistemas de tuber\u00edas para pacientes;<\/li>\n<li>Conexi\u00f3n el\u00e9ctrica: Bater\u00edas resistentes a cambios de presi\u00f3n y\/o fuente de alimentaci\u00f3n con grado m\u00e9dico.<\/li>\n<\/ul>\n<p>Detalles t\u00e9cnicos:<\/p>\n<ul>\n<li>Uso: Adultos, ni\u00f1os y reci\u00e9n nacidos;<\/li>\n<li>Modos de respiraci\u00f3n: Controlada por el tiempo con volumen constante o controlada por presi\u00f3n.<\/li>\n<li>Control y compensaci\u00f3n del flujo<\/li>\n<li>Pantalla para la visualizaci\u00f3n de par\u00e1metros relevantes (Loops, curvas de progresi\u00f3n, mediciones)<\/li>\n<li>Respiraci\u00f3n moment\u00e1nea a trav\u00e9s de una v\u00e1lvula integrada.<\/li>\n<\/ul>\n<p>Suministro de gas:<\/p>\n<ul>\n<li>Gas comprimido con grado m\u00e9dico y ox\u00edgeno (o HELIOX premezclado) con una presi\u00f3n de suministro de 4 bar (+- 0.75 bar) por encima de la presi\u00f3n de trabajo de la c\u00e1mara.<\/li>\n<\/ul>\n<p>Para informaci\u00f3n m\u00e1s detallada no dude en contactarnos.<\/p>\n<p>[\/et_pb_accordion_item][et_pb_accordion_item title=\u00bbBOMBA DE INFUSI\u00d3N HAUX-SYRINGE-PUMP\u00bb _builder_version=\u00bb4.21.0&#8243; _module_preset=\u00bbdefault\u00bb global_colors_info=\u00bb{}\u00bb open=\u00bboff\u00bb]<\/p>\n<p><img loading=\"lazy\" decoding=\"async\" src=\"https:\/\/hauxlifesupport.de\/wp-content\/uploads\/2023\/08\/pump_es-300x225.jpg\" alt=\"\" class=\"wp-image-240807 alignnone size-medium\" width=\"300\" height=\"225\" title=\"\"><\/p>\n<p>La bomba de infusi\u00f3n ha sido dise\u00f1ada y aprobada especialmente para ser usada dentro de c\u00e1maras hiperb\u00e1ricas, \u00e9sta est\u00e1 equipada con un sistema de llamadas a enfermeras.<\/p>\n<p>La bomba ha sido planeada y construida con los m\u00e1s grandes cuidados e incorpora un concepto sencillo de asignaci\u00f3n de alarmas, as\u00ed como diversos elementos de seguridad.<\/p>\n<p>La flexibilidad en la configuraci\u00f3n de la bomba de infusi\u00f3n ofrece al personal m\u00e9dico la posibilidad de ajustar las funciones de la bomba de acuerdo a las necesidades de cada departamento. Esto permite un acceso r\u00e1pido a las funciones activas y aumenta por lo tanto la seguridad del paciente.<\/p>\n<p>Para informaci\u00f3n m\u00e1s detallada, no dude en ponerse en contacto con nosotros.<\/p>\n<p>[\/et_pb_accordion_item][et_pb_accordion_item title=\u00bbHYPERBARIC DEFIBRILLATOR\u00bb _builder_version=\u00bb4.21.0&#8243; _module_preset=\u00bbdefault\u00bb global_colors_info=\u00bb{}\u00bb open=\u00bboff\u00bb]<\/p>\n<p><img loading=\"lazy\" decoding=\"async\" src=\"https:\/\/hauxlifesupport.de\/wp-content\/uploads\/2023\/07\/HAUX-LIFE-SUPPORT_hyperbaric_defibrillator_digital_for_HBO_chambers.jpg\" alt=\"\" class=\"wp-image-2078 alignnone size-full\" width=\"500\" height=\"375\" title=\"\" srcset=\"https:\/\/hauxlifesupport.de\/wp-content\/uploads\/2023\/07\/HAUX-LIFE-SUPPORT_hyperbaric_defibrillator_digital_for_HBO_chambers.jpg 500w, https:\/\/hauxlifesupport.de\/wp-content\/uploads\/2023\/07\/HAUX-LIFE-SUPPORT_hyperbaric_defibrillator_digital_for_HBO_chambers-480x360.jpg 480w\" sizes=\"auto, (min-width: 0px) and (max-width: 480px) 480px, (min-width: 481px) 500px, 100vw\" \/><\/p>\n<p>Especialmente dise\u00f1ado y aprobado para ser usado bajo condiciones hiperb\u00e1ricas, El<strong> \u201cHyperbaric Defibrillator\u201d <\/strong>es un <strong>D<\/strong>esfibrilador <strong>E<\/strong>xterno <strong>A<\/strong>utomatizado <strong>(DEA)\u00a0<\/strong>de f\u00e1cil manejo.<\/p>\n<p>El <strong>DEA<\/strong> fue concebido de tal manera, que tambi\u00e9n puede ser usado por personas exitosamente, aun cuando \u00e9stas que no tengan experiencia especial en los cuidados intensivos.<\/p>\n<p>Una vez que los electrodos han sido adheridos al t\u00f3rax del paciente, la actividad cardiaca es analizada y solamente en casos de arritmias card\u00edacas desfibrilables, el <strong>DEA<\/strong> recomendar\u00e1 y desbloquear\u00e1 una desfibrilaci\u00f3n.<\/p>\n<p>Las instrucciones al operador se efect\u00faan de forma auditiva (tambi\u00e9n de forma escrita en caso de que cuente con una pantalla) y gu\u00edan de manera segura al operador a trav\u00e9s de la desfibrilaci\u00f3n.<\/p>\n<p>Gracias a las instrucciones estructuradas proporcionadas por el <strong>DEA<\/strong>, as\u00ed como por las mediciones internas del ECG, el <strong>\u201cHyperbaric Defibrillator\u201d<\/strong> lo gu\u00eda en cualquier momento de manera r\u00e1pida y segura a trav\u00e9s de la desfibrilaci\u00f3n.<\/p>\n<p>[\/et_pb_accordion_item][et_pb_accordion_item title=\u00bbUNIDAD DE SUCCI\u00d3N HAUX-SUCTION-UNIT\u00bb _builder_version=\u00bb4.21.0&#8243; _module_preset=\u00bbdefault\u00bb global_colors_info=\u00bb{}\u00bb open=\u00bboff\u00bb]<\/p>\n<p><img loading=\"lazy\" decoding=\"async\" src=\"https:\/\/hauxlifesupport.de\/wp-content\/uploads\/2023\/07\/HAUX-SUCTION-UNIT_neu-248x300.jpg\" alt=\"\" class=\"wp-image-2082 alignnone size-medium\" width=\"248\" height=\"300\" title=\"\" srcset=\"https:\/\/hauxlifesupport.de\/wp-content\/uploads\/2023\/07\/HAUX-SUCTION-UNIT_neu-248x300.jpg 248w, https:\/\/hauxlifesupport.de\/wp-content\/uploads\/2023\/07\/HAUX-SUCTION-UNIT_neu.jpg 400w\" sizes=\"auto, (max-width: 248px) 100vw, 248px\" \/><\/p>\n<p>La unidad <strong>HAUX-SUCTION-UNIT<\/strong> es un aspirador de f\u00e1cil manejo, especialmente eficiente y de funcionamiento totalmente neum\u00e1tico para ser empleado bajo condiciones hiperb\u00e1ricas, tanto en ni\u00f1os como en adultos<\/p>\n<p>Con la unidad <strong>HAUX-SUCTION-UNIT<\/strong> se pueden remover secreciones como mucosidades y sangre, as\u00ed como restos l\u00edquidos, viscosos o s\u00f3lidos de alimentos de la cavidad oral, las v\u00edas respiratorias o el sistema bronquial para as\u00ed evitar una broncoaspiraci\u00f3n.<\/p>\n<p>Para informaci\u00f3n m\u00e1s detallada, no dude en ponerse en contacto con nosotros.<\/p>\n<p>[\/et_pb_accordion_item][et_pb_accordion_item title=\u00bbHAUX-RESPIMASTER\u00bb _builder_version=\u00bb4.21.0&#8243; _module_preset=\u00bbdefault\u00bb global_colors_info=\u00bb{}\u00bb open=\u00bboff\u00bb]<\/p>\n<p><img loading=\"lazy\" decoding=\"async\" src=\"https:\/\/hauxlifesupport.de\/wp-content\/uploads\/2023\/07\/HAUX-RESPIMASTER-rotated.jpg\" alt=\"\" class=\"wp-image-2086 alignnone size-full\" width=\"685\" height=\"257\" title=\"\" srcset=\"https:\/\/hauxlifesupport.de\/wp-content\/uploads\/2023\/07\/HAUX-RESPIMASTER-rotated.jpg 685w, https:\/\/hauxlifesupport.de\/wp-content\/uploads\/2023\/07\/HAUX-RESPIMASTER-480x180.jpg 480w\" sizes=\"auto, (min-width: 0px) and (max-width: 480px) 480px, (min-width: 481px) 685px, 100vw\" \/><\/p>\n<p>El <strong>HAUX-RESPIMASTER<\/strong> es un respirador manual de f\u00e1cil manejo, eficaz y seguro, que puede ser usado bajo condiciones hiperb\u00e1ricas tanto en ni\u00f1os como adultos, a trav\u00e9s de una m\u00e1scara o un tubo traqueal.<\/p>\n<p>Al comprimir manualmente el bal\u00f3n, el volumen de gas (aire, O<sub>2<\/sub> mezclado con aire respiratorio, u ox\u00edgeno puro) pasa a trav\u00e9s de la v\u00e1lvula de respiraci\u00f3n hacia al paciente.<\/p>\n<p>Al finalizar la fase de compresi\u00f3n se despliega por s\u00ed sola el bal\u00f3n de respiraci\u00f3n y se llena nuevamente de aire a trav\u00e9s de la v\u00e1lvula de succi\u00f3n.<\/p>\n<p>[\/et_pb_accordion_item][et_pb_accordion_item title=\u00bbFILTRO PARA PACIENTES HAUX-PATIENTFILTER\u00bb _builder_version=\u00bb4.21.0&#8243; _module_preset=\u00bbdefault\u00bb global_colors_info=\u00bb{}\u00bb open=\u00bboff\u00bb]<\/p>\n<p><img loading=\"lazy\" decoding=\"async\" src=\"https:\/\/hauxlifesupport.de\/wp-content\/uploads\/2023\/07\/HAUX-PATIENTFILTER_expiration_filter_for_hyperbaric_chambers_on_lung_ventilator.jpg\" alt=\"\" class=\"wp-image-2090 alignnone size-full\" width=\"500\" height=\"375\" title=\"\" srcset=\"https:\/\/hauxlifesupport.de\/wp-content\/uploads\/2023\/07\/HAUX-PATIENTFILTER_expiration_filter_for_hyperbaric_chambers_on_lung_ventilator.jpg 500w, https:\/\/hauxlifesupport.de\/wp-content\/uploads\/2023\/07\/HAUX-PATIENTFILTER_expiration_filter_for_hyperbaric_chambers_on_lung_ventilator-480x360.jpg 480w\" sizes=\"auto, (min-width: 0px) and (max-width: 480px) 480px, (min-width: 481px) 500px, 100vw\" \/> <img loading=\"lazy\" decoding=\"async\" src=\"https:\/\/hauxlifesupport.de\/wp-content\/uploads\/2023\/07\/Patientenfilter_Internet_2.jpg\" alt=\"\" class=\"wp-image-2094 alignnone size-full\" width=\"500\" height=\"375\" title=\"\" srcset=\"https:\/\/hauxlifesupport.de\/wp-content\/uploads\/2023\/07\/Patientenfilter_Internet_2.jpg 500w, https:\/\/hauxlifesupport.de\/wp-content\/uploads\/2023\/07\/Patientenfilter_Internet_2-480x360.jpg 480w\" sizes=\"auto, (min-width: 0px) and (max-width: 480px) 480px, (min-width: 481px) 500px, 100vw\" \/><\/p>\n<p>El filtro para pacientes, <strong>HAUX-PATIENTFILTER<\/strong> est\u00e1 dise\u00f1ado para trabajar bajo presi\u00f3n, en donde la demanda de vol\u00famenes de gas es grande o por prolongados periodos de tiempo.<\/p>\n<p>Los filtros para pacientes desechables, son totalmente eficientes ya que debido a la transferencia hidrof\u00f3bica bidireccional evitan la contaminaci\u00f3n.<\/p>\n<p>La p\u00e9rdida de presi\u00f3n es m\u00ednima a pesar de las m\u00faltiples capas del filtro.<\/p>\n<p>\u00c1reas de aplicaci\u00f3n.<\/p>\n<ul>\n<li>Insuflaci\u00f3n<\/li>\n<li>Filtraci\u00f3n de gas<\/li>\n<li>Absorci\u00f3n de humo<\/li>\n<li>Respiraci\u00f3n asistida<\/li>\n<\/ul>\n<p>Para mayor informaci\u00f3n, no dude en contactarnos.<\/p>\n<p>[\/et_pb_accordion_item][et_pb_accordion_item title=\u00bbCAMA PARA PACIENTES HAUX-PATIENT-BED\u00bb _builder_version=\u00bb4.21.0&#8243; _module_preset=\u00bbdefault\u00bb global_colors_info=\u00bb{}\u00bb open=\u00bboff\u00bb]<\/p>\n<p><img loading=\"lazy\" decoding=\"async\" src=\"https:\/\/hauxlifesupport.de\/wp-content\/uploads\/2023\/07\/HAUX-PATIENT-BED_adjustable_clinical_bed_for_hyperbaric_chambers.jpg\" alt=\"\" class=\"wp-image-2098 alignnone size-full\" width=\"500\" height=\"375\" title=\"\" srcset=\"https:\/\/hauxlifesupport.de\/wp-content\/uploads\/2023\/07\/HAUX-PATIENT-BED_adjustable_clinical_bed_for_hyperbaric_chambers.jpg 500w, https:\/\/hauxlifesupport.de\/wp-content\/uploads\/2023\/07\/HAUX-PATIENT-BED_adjustable_clinical_bed_for_hyperbaric_chambers-480x360.jpg 480w\" sizes=\"auto, (min-width: 0px) and (max-width: 480px) 480px, (min-width: 481px) 500px, 100vw\" \/> <img loading=\"lazy\" decoding=\"async\" src=\"https:\/\/hauxlifesupport.de\/wp-content\/uploads\/2023\/07\/HAUX-PATIENT-BED_control_panel_clinical_bed_for_hyperbaric_chambers.jpg\" alt=\"\" class=\"wp-image-2102 alignnone size-full\" width=\"500\" height=\"375\" title=\"\" srcset=\"https:\/\/hauxlifesupport.de\/wp-content\/uploads\/2023\/07\/HAUX-PATIENT-BED_control_panel_clinical_bed_for_hyperbaric_chambers.jpg 500w, https:\/\/hauxlifesupport.de\/wp-content\/uploads\/2023\/07\/HAUX-PATIENT-BED_control_panel_clinical_bed_for_hyperbaric_chambers-480x360.jpg 480w\" sizes=\"auto, (min-width: 0px) and (max-width: 480px) 480px, (min-width: 481px) 500px, 100vw\" \/><\/p>\n<p>La camilla ofrece adem\u00e1s de confort, la posibilidad de ofrecer tratamiento de pacientes que requieran estar en posici\u00f3n horizontal. La altura de la camilla puede ser ajustada, as\u00ed como 4 diferentes \u00e1reas de su superficie. Los ajustes de la altura, el \u00e1rea de la espalda y el \u00e1rea superior de las piernas se realiza mediante un sistema neum\u00e1tico. La inclinaci\u00f3n de la parte inferior de las piernas puede ajustarse manualmente.<\/p>\n<p>Se han colocado barandillas a los lados de la cama para incrementar la seguridad del paciente. La cama est\u00e1 equipada con un colch\u00f3n especial con una funda inflamable y bio-compatible.<\/p>\n<p>Datos t\u00e9cnicos<\/p>\n<ul>\n<li>Presiones de trabajo hasta 5 bar<\/li>\n<li>El ancho de las puertas de la c\u00e1mara debe ser m\u00ednimo de 1010 mm (anchuras menores bajo pedido)<\/li>\n<li>Ajuste de altura: 400 mm \u2013 800 mm<\/li>\n<li>Ajuste de la inclinaci\u00f3n de la parte superior: 70\u00b0<\/li>\n<li>Ajuste de la inclinaci\u00f3n del \u00e1rea de las piernas: 35\u00b0<\/li>\n<li>Anchura de la cama: 1000mm<\/li>\n<li>Longitud de la cama 2120mm<\/li>\n<li>Peso m\u00e1ximo del paciente: 200kg<\/li>\n<\/ul>\n<p>El funcionamiento tiene lugar mediante aire a presi\u00f3n. Para equipo estacionario la cama es conectada a la alimentaci\u00f3n de aire comprimido. Es posible usar un tanque de aire comprimido para equipos m\u00f3viles, el cual cuenta con una conexi\u00f3n de acoplamiento r\u00e1pido.<\/p>\n<p>[\/et_pb_accordion_item][\/et_pb_accordion][\/et_pb_column][\/et_pb_row][\/et_pb_section]<\/p>\n","protected":false},"excerpt":{"rendered":"<p>Accesorios m\u00e9dicos HAUX-LIFE-SUPPORTCon los accesorios m\u00e9dicos de HAUX-LIFE-SUPPORT le ofrecemos una gran gama de productos para el tratamiento y monitoreo de sus pacientes bajo condiciones hiperb\u00e1ricas. Ya sea un respirador artificial, el sistema HAUX-MEDICAL-MONITORING para la medici\u00f3n del ox\u00edgeno espiratorio o una bomba de infusi\u00f3n. Las correspondientes instrucciones de uso, as\u00ed como la capacitaci\u00f3n, las [&hellip;]<\/p>\n","protected":false},"author":1,"featured_media":0,"parent":240708,"menu_order":10,"comment_status":"closed","ping_status":"closed","template":"","meta":{"_et_pb_use_builder":"on","_et_pb_old_content":"","_et_gb_content_width":"","_relevanssi_hide_post":"","_relevanssi_hide_content":"","_relevanssi_pin_for_all":"","_relevanssi_pin_keywords":"","_relevanssi_unpin_keywords":"","_relevanssi_related_keywords":"","_relevanssi_related_include_ids":"","_relevanssi_related_exclude_ids":"","_relevanssi_related_no_append":"","_relevanssi_related_not_related":"","_relevanssi_related_posts":"","_relevanssi_noindex_reason":"","footnotes":""},"class_list":["post-240710","page","type-page","status-publish","hentry"],"_links":{"self":[{"href":"https:\/\/hauxlifesupport.de\/es\/wp-json\/wp\/v2\/pages\/240710","targetHints":{"allow":["GET"]}}],"collection":[{"href":"https:\/\/hauxlifesupport.de\/es\/wp-json\/wp\/v2\/pages"}],"about":[{"href":"https:\/\/hauxlifesupport.de\/es\/wp-json\/wp\/v2\/types\/page"}],"author":[{"embeddable":true,"href":"https:\/\/hauxlifesupport.de\/es\/wp-json\/wp\/v2\/users\/1"}],"replies":[{"embeddable":true,"href":"https:\/\/hauxlifesupport.de\/es\/wp-json\/wp\/v2\/comments?post=240710"}],"version-history":[{"count":8,"href":"https:\/\/hauxlifesupport.de\/es\/wp-json\/wp\/v2\/pages\/240710\/revisions"}],"predecessor-version":[{"id":242023,"href":"https:\/\/hauxlifesupport.de\/es\/wp-json\/wp\/v2\/pages\/240710\/revisions\/242023"}],"up":[{"embeddable":true,"href":"https:\/\/hauxlifesupport.de\/es\/wp-json\/wp\/v2\/pages\/240708"}],"wp:attachment":[{"href":"https:\/\/hauxlifesupport.de\/es\/wp-json\/wp\/v2\/media?parent=240710"}],"curies":[{"name":"wp","href":"https:\/\/api.w.org\/{rel}","templated":true}]}}