{"id":240706,"date":"2023-06-26T11:08:37","date_gmt":"2023-06-26T09:08:37","guid":{"rendered":"https:\/\/hauxlifesupport.de\/?page_id=240706"},"modified":"2023-10-10T14:53:35","modified_gmt":"2023-10-10T12:53:35","slug":"construccion-en-profundidad-y-en-tuneles","status":"publish","type":"page","link":"https:\/\/hauxlifesupport.de\/es\/productos\/construccion-en-profundidad-y-en-tuneles\/","title":{"rendered":"Construcci\u00f3n en profundidad y en t\u00faneles"},"content":{"rendered":"<p>[et_pb_section fb_built=\u00bb1&#8243; admin_label=\u00bbSlider\u00bb _builder_version=\u00bb4.21.0&#8243; _module_preset=\u00bbf2843d24-ad56-442f-a9e1-e3041953524c\u00bb width=\u00bb100%\u00bb max_width=\u00bb100%\u00bb custom_padding=\u00bb0px||0px||false|false\u00bb custom_padding_tablet=\u00bb0px||0px||false|false\u00bb custom_padding_phone=\u00bb0px||0px||false|false\u00bb global_colors_info=\u00bb{}\u00bb][et_pb_row _builder_version=\u00bb4.21.0&#8243; _module_preset=\u00bb7cb6190c-4283-41e8-bb8b-ae469157ed96&#8243; width=\u00bb100%\u00bb width_tablet=\u00bb100%\u00bb width_phone=\u00bb100%\u00bb width_last_edited=\u00bbon|desktop\u00bb max_width=\u00bb100%\u00bb module_alignment=\u00bbleft\u00bb custom_margin=\u00bb0px||0px||false|false\u00bb custom_margin_tablet=\u00bb|0px||0px|false|false\u00bb custom_padding=\u00bb0px||0px||false|false\u00bb custom_padding_tablet=\u00bb|0px||0px|false|true\u00bb global_colors_info=\u00bb{}\u00bb][et_pb_column type=\u00bb4_4&#8243; _builder_version=\u00bb4.21.0&#8243; _module_preset=\u00bbdefault\u00bb global_colors_info=\u00bb{}\u00bb][et_pb_slider _builder_version=\u00bb4.21.0&#8243; _module_preset=\u00bbb8ceb8f1-18e1-4a30-87c9-e9b64e615132&#8243; custom_padding_tablet=\u00bb180px|0px|180px|0px|false|false\u00bb hover_enabled=\u00bb0&#8243; header_font_size_tablet=\u00bb\u00bb header_font_size_phone=\u00bb39px\u00bb header_font_size_last_edited=\u00bbon|tablet\u00bb body_font_size_phone=\u00bb39px\u00bb global_colors_info=\u00bb{}\u00bb sticky_enabled=\u00bb0&#8243;][et_pb_slide _builder_version=\u00bb4.21.0&#8243; _module_preset=\u00bb2dc5af35-e1f8-410a-afef-aba0a25e6ce5&#8243; background_image=\u00bbhttps:\/\/hauxlifesupport.de\/wp-content\/uploads\/2023\/10\/Produkte_Tunnelbau_H_D.jpg\u00bb custom_padding=\u00bb|0px||0px|false|false\u00bb hover_enabled=\u00bb0&#8243; global_colors_info=\u00bb{}\u00bb sticky_transition=\u00bbon\u00bb title_text=\u00bbProdukte_Tunnelbau_H_D\u00bb sticky_enabled=\u00bb0&#8243;][\/et_pb_slide][\/et_pb_slider][\/et_pb_column][\/et_pb_row][\/et_pb_section][et_pb_section fb_built=\u00bb1&#8243; admin_label=\u00bbWillkommen\u00bb _builder_version=\u00bb4.21.0&#8243; _module_preset=\u00bbf2843d24-ad56-442f-a9e1-e3041953524c\u00bb global_colors_info=\u00bb{}\u00bb][et_pb_row _builder_version=\u00bb4.21.0&#8243; _module_preset=\u00bb7cb6190c-4283-41e8-bb8b-ae469157ed96&#8243; custom_margin_tablet=\u00bb||0px||false|false\u00bb custom_margin_phone=\u00bb||0px||false|false\u00bb custom_margin_last_edited=\u00bbon|phone\u00bb custom_padding_tablet=\u00bb||0px||false|false\u00bb custom_padding_phone=\u00bb||0px||false|false\u00bb global_colors_info=\u00bb{}\u00bb][et_pb_column type=\u00bb4_4&#8243; _builder_version=\u00bb4.21.0&#8243; _module_preset=\u00bbdefault\u00bb global_colors_info=\u00bb{}\u00bb][et_pb_text _builder_version=\u00bb4.21.0&#8243; _module_preset=\u00bb1d6c08ce-9034-4863-b572-8d1f8fe79549&#8243; global_colors_info=\u00bb{}\u00bb]<\/p>\n<h1><strong>HAUX-LIFE-SUPPORT \u2013 Construcci\u00f3n en profundidad y en t\u00faneles<\/strong><\/h1>\n<h2><span style=\"text-decoration: underline;\">Seguridad en la producci\u00f3n, Experiencia, Tecnolog\u00eda robusta e innovativa<\/span><\/h2>\n<p>[\/et_pb_text][\/et_pb_column][\/et_pb_row][et_pb_row _builder_version=\u00bb4.21.0&#8243; _module_preset=\u00bb3cb11947-cb60-4ac8-b6e8-a249bbc44256&#8243; global_colors_info=\u00bb{}\u00bb][et_pb_column type=\u00bb4_4&#8243; _builder_version=\u00bb4.21.0&#8243; _module_preset=\u00bbdefault\u00bb global_colors_info=\u00bb{}\u00bb][et_pb_text _builder_version=\u00bb4.21.0&#8243; _module_preset=\u00bb5a82baeb-455d-473e-b1fb-a29db5629153&#8243; border_style_bottom=\u00bbnone\u00bb global_colors_info=\u00bb{}\u00bb]<\/p>\n<p>Para la construcci\u00f3n de t\u00faneles y obras de perforaci\u00f3n, HAUX-LIFE-SUPPORT cuenta con esclusas para personal, material o una combinaci\u00f3n de ambos sistemas, as\u00ed como sistemas de paredes de presi\u00f3n y puertas para esclusas, y esclusas de rescate, cada una de ellas construidas bajo las t\u00e9cnicas m\u00e1s modernas y robustas.<\/p>\n<p>Tiempos de entrega cortos, la mejor calidad, flexibilidad y una excelente relaci\u00f3n precio-desempe\u00f1o son posibles gracias a que HAUX cuenta con propias instalaciones dedicadas a la construcci\u00f3n de recipientes a presi\u00f3n y de acero.<\/p>\n<p>[\/et_pb_text][\/et_pb_column][\/et_pb_row][et_pb_row _builder_version=\u00bb4.21.0&#8243; _module_preset=\u00bb3cb11947-cb60-4ac8-b6e8-a249bbc44256&#8243; global_colors_info=\u00bb{}\u00bb][et_pb_column type=\u00bb4_4&#8243; _builder_version=\u00bb4.21.0&#8243; _module_preset=\u00bbdefault\u00bb global_colors_info=\u00bb{}\u00bb][et_pb_accordion _builder_version=\u00bb4.21.0&#8243; _module_preset=\u00bbdefault\u00bb global_colors_info=\u00bb{}\u00bb][et_pb_accordion_item title=\u00bbESCLUSAS PARA PACIENTES HAUX-STARMED\/KD\u00bb open=\u00bbon\u00bb _builder_version=\u00bb4.21.0&#8243; _module_preset=\u00bbdefault\u00bb global_colors_info=\u00bb{}\u00bb]<\/p>\n<p><img loading=\"lazy\" decoding=\"async\" src=\"https:\/\/hauxlifesupport.de\/wp-content\/uploads\/2023\/07\/HAUX-STARCOM-STARMED_KD_medical_tunnel_lock_containerized_500x375.jpg\" alt=\"\" class=\"wp-image-1994 alignnone size-full\" width=\"500\" height=\"375\" title=\"\" srcset=\"https:\/\/hauxlifesupport.de\/wp-content\/uploads\/2023\/07\/HAUX-STARCOM-STARMED_KD_medical_tunnel_lock_containerized_500x375.jpg 500w, https:\/\/hauxlifesupport.de\/wp-content\/uploads\/2023\/07\/HAUX-STARCOM-STARMED_KD_medical_tunnel_lock_containerized_500x375-480x360.jpg 480w\" sizes=\"auto, (min-width: 0px) and (max-width: 480px) 480px, (min-width: 481px) 500px, 100vw\" \/> <img loading=\"lazy\" decoding=\"async\" src=\"https:\/\/hauxlifesupport.de\/wp-content\/uploads\/2023\/07\/HAUX-STARMED_KD_6_medical_lock_tunneling_technology_interior_500x375.jpg\" alt=\"\" class=\"wp-image-1998 alignnone size-full\" width=\"500\" height=\"375\" title=\"\" srcset=\"https:\/\/hauxlifesupport.de\/wp-content\/uploads\/2023\/07\/HAUX-STARMED_KD_6_medical_lock_tunneling_technology_interior_500x375.jpg 500w, https:\/\/hauxlifesupport.de\/wp-content\/uploads\/2023\/07\/HAUX-STARMED_KD_6_medical_lock_tunneling_technology_interior_500x375-480x360.jpg 480w\" sizes=\"auto, (min-width: 0px) and (max-width: 480px) 480px, (min-width: 481px) 500px, 100vw\" \/><\/p>\n<p>Las esclusas para pacientes del tipo <strong>HAUX-STARMED\/KD<\/strong> son usadas mundialmente en la construcci\u00f3n de t\u00faneles y durante perforaciones, principalmente como un sistema completo modular integrado en un contenedor. Esta c\u00e1mara de tratamiento hiperb\u00e1rico es usada en casos de emergencia para trabajadores y buzos con s\u00edndrome de descompresi\u00f3n.<\/p>\n<p>Los sistemas <strong>STARMED\/KD<\/strong> utilizados tienen un di\u00e1metro est\u00e1ndar de 2000mm y una presi\u00f3n m\u00e1xima de trabajo de 5 bar correspondiente a una profundidad de trabajo de 50 metros. Bajo pedido podemos construir versiones especiales con presiones de trabajo mayores o con la posibilidad de acoplar una c\u00e1mara de transferencia de personal.<\/p>\n<p>H\u00e1ganos saber su la finalidad de aplicaci\u00f3n y las condiciones de uso, nosotros estaremos encantados de elaborar una soluci\u00f3n especial para usted. Junto al equipamiento est\u00e1ndar tenemos muchas opciones modulares entre las que se encuentran sistema de respiraci\u00f3n de mezcla de gases, sistemas de enfriamiento y calentamiento, control autom\u00e1tico computarizado.<\/p>\n<p>Dependiendo de la disponibilidad, tambi\u00e9n podemos ofrecer esclusas para pacientes <strong>HAUX-STARMED\/KD<\/strong> usadas o en alquiler.<\/p>\n<p>[\/et_pb_accordion_item][et_pb_accordion_item title=\u00bbESCLUSAS PARA PERSONAL HAUX-TUNNELSTAR\/P\u00bb _builder_version=\u00bb4.21.0&#8243; _module_preset=\u00bbdefault\u00bb global_colors_info=\u00bb{}\u00bb open=\u00bboff\u00bb]<\/p>\n<p><img loading=\"lazy\" decoding=\"async\" src=\"https:\/\/hauxlifesupport.de\/wp-content\/uploads\/2023\/07\/csm_HAUX-TUNNELSTAR_P_1800_double_cylindrical_chamber_tunnel_personnel_locks_8a44fda8aa.jpg\" alt=\"\" class=\"wp-image-2002 alignnone size-full\" width=\"386\" height=\"289\" title=\"\" srcset=\"https:\/\/hauxlifesupport.de\/wp-content\/uploads\/2023\/07\/csm_HAUX-TUNNELSTAR_P_1800_double_cylindrical_chamber_tunnel_personnel_locks_8a44fda8aa.jpg 386w, https:\/\/hauxlifesupport.de\/wp-content\/uploads\/2023\/07\/csm_HAUX-TUNNELSTAR_P_1800_double_cylindrical_chamber_tunnel_personnel_locks_8a44fda8aa-300x225.jpg 300w\" sizes=\"auto, (max-width: 386px) 100vw, 386px\" \/> <img loading=\"lazy\" decoding=\"async\" src=\"https:\/\/hauxlifesupport.de\/wp-content\/uploads\/2023\/07\/csm_HAUX-TUNNELSTAR_P_1800_series_production_tunneling_personnel_lock_building_site_2cdff37a2c.jpg\" alt=\"\" class=\"wp-image-2006 alignnone size-full\" width=\"386\" height=\"289\" title=\"\" srcset=\"https:\/\/hauxlifesupport.de\/wp-content\/uploads\/2023\/07\/csm_HAUX-TUNNELSTAR_P_1800_series_production_tunneling_personnel_lock_building_site_2cdff37a2c.jpg 386w, https:\/\/hauxlifesupport.de\/wp-content\/uploads\/2023\/07\/csm_HAUX-TUNNELSTAR_P_1800_series_production_tunneling_personnel_lock_building_site_2cdff37a2c-300x225.jpg 300w\" sizes=\"auto, (max-width: 386px) 100vw, 386px\" \/> <img loading=\"lazy\" decoding=\"async\" src=\"https:\/\/hauxlifesupport.de\/wp-content\/uploads\/2023\/07\/csm_HAUX-TUNNELSTAR_P_1500-1500_tunneling_personnel_lock_double_entry_eca80de05f.jpg\" alt=\"\" class=\"wp-image-2010 alignnone size-full\" width=\"386\" height=\"289\" title=\"\" srcset=\"https:\/\/hauxlifesupport.de\/wp-content\/uploads\/2023\/07\/csm_HAUX-TUNNELSTAR_P_1500-1500_tunneling_personnel_lock_double_entry_eca80de05f.jpg 386w, https:\/\/hauxlifesupport.de\/wp-content\/uploads\/2023\/07\/csm_HAUX-TUNNELSTAR_P_1500-1500_tunneling_personnel_lock_double_entry_eca80de05f-300x225.jpg 300w\" sizes=\"auto, (max-width: 386px) 100vw, 386px\" \/><\/p>\n<p>Las esclusas para personal del tipo <strong>HAUX-TUNNELSTAR\/P <\/strong>son fabricadas especialmente por nosotros de acuerdo al perfil de sus requerimientos. Ya sea esclusas de 3, 2 o 1 compartimientos, con capacidad desde dos personas hasta esclusas con capacidad de hasta 40 personas. Presiones de trabajo de hasta 10 bar o mas. H\u00e1ganos saber la finalidad de su aplicaci\u00f3n y las condiciones de uso, nosotros estaremos encantados de elaborar una soluci\u00f3n especial para usted.<\/p>\n<p>Ya hemos realizado innumerables sistemas <strong>HAUX-TUNNELSTAR<\/strong> en diversos dise\u00f1os y dimensiones, por ejemplo:<\/p>\n<ul>\n<li>Cilindros horizontales sencillos o dobles,<\/li>\n<li>En forma de escalera<\/li>\n<li>Cilindros aplanados<\/li>\n<li>Cilindros verticales como esclusas de campana,<\/li>\n<li>En forma rectangular o<\/li>\n<li>Como esclusas para personal, conformadas por varias paredes de presi\u00f3n, por ejemplo, las usadas en el\u00a0revestimiento con hinca de tuber\u00eda.<\/li>\n<\/ul>\n<p>Los sistemas<strong> HAUX-TUNNELSTAR<\/strong> son especialmente robustos, sencillo y de f\u00e1cil manejo, adem\u00e1s de permitir un entrada y salida confortables al \u00e1rea de trabajo. Dentro del equipamiento est\u00e1ndar hay muchas posibles opciones modulares como lo son:<\/p>\n<ul>\n<li>Puertas redondas o cuadradas,<\/li>\n<li>Puntos de respiraci\u00f3n de ox\u00edgeno con sus correspondientes m\u00f3dulos de monitoreo.<\/li>\n<li>Sistema de calefacci\u00f3n y enfriamiento,<\/li>\n<li>Control autom\u00e1tico computarizado y muchos m\u00e1s.<\/li>\n<\/ul>\n<p>Dependiendo de la disponibilidad, tambi\u00e9n podemos ofrecer esclusas para personal HAUX-TUNNELSTAR\/P usadas o en alquiler.<\/p>\n<p>[\/et_pb_accordion_item][et_pb_accordion_item title=\u00bbESCLUSAS PARA MATERIALES HAUX-TUNNELSTAR\/M\u00bb _builder_version=\u00bb4.21.0&#8243; _module_preset=\u00bbdefault\u00bb global_colors_info=\u00bb{}\u00bb open=\u00bboff\u00bb]<\/p>\n<p><img loading=\"lazy\" decoding=\"async\" src=\"https:\/\/hauxlifesupport.de\/wp-content\/uploads\/2023\/07\/csm_HAUX-TUNNELSTAR_M_600_material_lock_tunnel_construction_London_5d079fb690.jpg\" alt=\"\" class=\"wp-image-2014 alignnone size-full\" width=\"386\" height=\"289\" title=\"\" srcset=\"https:\/\/hauxlifesupport.de\/wp-content\/uploads\/2023\/07\/csm_HAUX-TUNNELSTAR_M_600_material_lock_tunnel_construction_London_5d079fb690.jpg 386w, https:\/\/hauxlifesupport.de\/wp-content\/uploads\/2023\/07\/csm_HAUX-TUNNELSTAR_M_600_material_lock_tunnel_construction_London_5d079fb690-300x225.jpg 300w\" sizes=\"auto, (max-width: 386px) 100vw, 386px\" \/> <img loading=\"lazy\" decoding=\"async\" src=\"https:\/\/hauxlifesupport.de\/wp-content\/uploads\/2023\/07\/csm_HAUX-TUNNELSTAR_M_material_lock_tunnel_construction_master_door_workers_Luzern_825f38fa44.jpg\" alt=\"\" class=\"wp-image-2018 alignnone size-full\" width=\"386\" height=\"289\" title=\"\" srcset=\"https:\/\/hauxlifesupport.de\/wp-content\/uploads\/2023\/07\/csm_HAUX-TUNNELSTAR_M_material_lock_tunnel_construction_master_door_workers_Luzern_825f38fa44.jpg 386w, https:\/\/hauxlifesupport.de\/wp-content\/uploads\/2023\/07\/csm_HAUX-TUNNELSTAR_M_material_lock_tunnel_construction_master_door_workers_Luzern_825f38fa44-300x225.jpg 300w\" sizes=\"auto, (max-width: 386px) 100vw, 386px\" \/> <img loading=\"lazy\" decoding=\"async\" src=\"https:\/\/hauxlifesupport.de\/wp-content\/uploads\/2023\/07\/csm_HAUX-TUNNELSTAR_M_material_lock_tunnel_construction_building_site_Hamburg_382a92e1e3.jpg\" alt=\"\" class=\"wp-image-2022 alignnone size-full\" width=\"386\" height=\"450\" title=\"\" srcset=\"https:\/\/hauxlifesupport.de\/wp-content\/uploads\/2023\/07\/csm_HAUX-TUNNELSTAR_M_material_lock_tunnel_construction_building_site_Hamburg_382a92e1e3.jpg 386w, https:\/\/hauxlifesupport.de\/wp-content\/uploads\/2023\/07\/csm_HAUX-TUNNELSTAR_M_material_lock_tunnel_construction_building_site_Hamburg_382a92e1e3-257x300.jpg 257w\" sizes=\"auto, (max-width: 386px) 100vw, 386px\" \/><\/p>\n<p>Las esclusas para materiales del tipo <strong>HAUX-TUNNELSTAR\/M <\/strong>son producidas especialmente por nosotros de acuerdo al perfil de sus requerimientos.<\/p>\n<p>Esclusas horizontales o verticales, ya sea en forma de cilindro horizontal o vertical, o en formas rectangulares o como como una esclusa de materiales formada por compuertas con varias puertas, con presiones de trabajo de hasta 5 bar o m\u00e1s. H\u00e1ganos saber la finalidad y las condiciones de uso de su aplicaci\u00f3n, nosotros trabajaremos con gusto en proponerle una soluci\u00f3n. Nuestros sistemas son especialmente robustos, sencillos y de f\u00e1cil manejo, y permiten un ingreso y extracci\u00f3n confortable de los materiales al \u00e1rea de trabajo.<br \/>Junto al equipamiento est\u00e1ndar hay muchas posibles opciones de equipamiento, como lo son:<\/p>\n<ul>\n<li>Puertas circulares o rectangulares,<\/li>\n<li>Control autom\u00e1tico mediante PLCs.<\/li>\n<li>Sistema de rieles plegables,<\/li>\n<li>Equipamiento para esclusas de emergencia para personas, entre muchas cosas m\u00e1s<\/li>\n<\/ul>\n<p>Dependiendo de la disponibilidad, tambi\u00e9n podemos ofrecer esclusas para materiales<strong> HAUX-TUNNELSTAR\/M<\/strong> usadas o en alquiler.<\/p>\n<p>[\/et_pb_accordion_item][et_pb_accordion_item title=\u00bbSISTEMAS DE PAREDES DE PRESI\u00d3N HAUX-TUNNELSTAR\/PW\u00bb _builder_version=\u00bb4.21.0&#8243; _module_preset=\u00bbdefault\u00bb global_colors_info=\u00bb{}\u00bb open=\u00bboff\u00bb]<\/p>\n<p><img loading=\"lazy\" decoding=\"async\" src=\"https:\/\/hauxlifesupport.de\/wp-content\/uploads\/2023\/07\/csm_HAUX-TUNNELSTAR_PW_pressure_wall_tunnel_personnel_transfer_lock_exterior_open_e4fe2fb570.jpg\" alt=\"\" class=\"wp-image-2026 alignnone size-full\" width=\"386\" height=\"289\" title=\"\" srcset=\"https:\/\/hauxlifesupport.de\/wp-content\/uploads\/2023\/07\/csm_HAUX-TUNNELSTAR_PW_pressure_wall_tunnel_personnel_transfer_lock_exterior_open_e4fe2fb570.jpg 386w, https:\/\/hauxlifesupport.de\/wp-content\/uploads\/2023\/07\/csm_HAUX-TUNNELSTAR_PW_pressure_wall_tunnel_personnel_transfer_lock_exterior_open_e4fe2fb570-300x225.jpg 300w\" sizes=\"auto, (max-width: 386px) 100vw, 386px\" \/> <img loading=\"lazy\" decoding=\"async\" src=\"https:\/\/hauxlifesupport.de\/wp-content\/uploads\/2023\/07\/csm_HAUX-TUNNELSTAR_PW_pressure_wall_tunnel_personnel_air_lock_exterior_closed_control_panel_b63278cbd5.jpg\" alt=\"\" class=\"wp-image-2030 alignnone size-full\" width=\"386\" height=\"289\" title=\"\" srcset=\"https:\/\/hauxlifesupport.de\/wp-content\/uploads\/2023\/07\/csm_HAUX-TUNNELSTAR_PW_pressure_wall_tunnel_personnel_air_lock_exterior_closed_control_panel_b63278cbd5.jpg 386w, https:\/\/hauxlifesupport.de\/wp-content\/uploads\/2023\/07\/csm_HAUX-TUNNELSTAR_PW_pressure_wall_tunnel_personnel_air_lock_exterior_closed_control_panel_b63278cbd5-300x225.jpg 300w\" sizes=\"auto, (max-width: 386px) 100vw, 386px\" \/> <img loading=\"lazy\" decoding=\"async\" src=\"https:\/\/hauxlifesupport.de\/wp-content\/uploads\/2023\/07\/csm_HAUX-TUNNELSTAR_PW_pressure_wall_tunnel_personnel_air_lock_cylindrical_chamber_interior_535d785df1.jpg\" alt=\"\" class=\"wp-image-2034 alignnone size-full\" width=\"386\" height=\"289\" title=\"\" srcset=\"https:\/\/hauxlifesupport.de\/wp-content\/uploads\/2023\/07\/csm_HAUX-TUNNELSTAR_PW_pressure_wall_tunnel_personnel_air_lock_cylindrical_chamber_interior_535d785df1.jpg 386w, https:\/\/hauxlifesupport.de\/wp-content\/uploads\/2023\/07\/csm_HAUX-TUNNELSTAR_PW_pressure_wall_tunnel_personnel_air_lock_cylindrical_chamber_interior_535d785df1-300x225.jpg 300w\" sizes=\"auto, (max-width: 386px) 100vw, 386px\" \/><\/p>\n<p>Con los <strong>sistemas de paredes de presi\u00f3n HAUX-TUNNELSTAR\/PW <\/strong>se puede, por ejemplo, construir esclusas para personas junto a la tuber\u00eda de hormig\u00f3n instaladas en el emplazamiento, las cuales permiten el ingreso y egreso del personal y material. Adem\u00e1s de los diversos di\u00e1metros a elegir, tenemos muchas otras posibles opciones para el equipamiento de su esclusa, como lo son:<\/p>\n<ul>\n<li>Puertas circulares o rectangulares<\/li>\n<li>V\u00e1lvulas para los indicadores, registro y control de la presi\u00f3n.<\/li>\n<li>Puntos de respiraci\u00f3n de ox\u00edgeno con sus correspondientes m\u00f3dulos de monitoreo.<\/li>\n<li>Sistema de calefacci\u00f3n y enfriamiento,<\/li>\n<li>Control autom\u00e1tico computarizado y muchos m\u00e1s.<\/li>\n<\/ul>\n<p>[\/et_pb_accordion_item][et_pb_accordion_item title=\u00bbGRANDES COMPUERTAS Y SISTEMAS DE PUERTAS HAUX-MASTERDOOR\u00bb _builder_version=\u00bb4.21.0&#8243; _module_preset=\u00bbdefault\u00bb global_colors_info=\u00bb{}\u00bb open=\u00bboff\u00bb]<\/p>\n<p><img loading=\"lazy\" decoding=\"async\" src=\"https:\/\/hauxlifesupport.de\/wp-content\/uploads\/2023\/07\/csm_HAUX-MASTERDOOR_large_air_lock_door_system_tunnel_construction_underground_rail_c2d11468df.jpg\" alt=\"\" class=\"wp-image-2038 alignnone size-full\" width=\"386\" height=\"289\" title=\"\" srcset=\"https:\/\/hauxlifesupport.de\/wp-content\/uploads\/2023\/07\/csm_HAUX-MASTERDOOR_large_air_lock_door_system_tunnel_construction_underground_rail_c2d11468df.jpg 386w, https:\/\/hauxlifesupport.de\/wp-content\/uploads\/2023\/07\/csm_HAUX-MASTERDOOR_large_air_lock_door_system_tunnel_construction_underground_rail_c2d11468df-300x225.jpg 300w\" sizes=\"auto, (max-width: 386px) 100vw, 386px\" \/> <img loading=\"lazy\" decoding=\"async\" src=\"https:\/\/hauxlifesupport.de\/wp-content\/uploads\/2023\/07\/csm_HAUX-MASTERDOOR_large_tunnel_door_system_two_doors_transport_loaded_e2f28fd4b5.jpg\" alt=\"\" class=\"wp-image-2043 alignnone size-full\" width=\"386\" height=\"289\" title=\"\" srcset=\"https:\/\/hauxlifesupport.de\/wp-content\/uploads\/2023\/07\/csm_HAUX-MASTERDOOR_large_tunnel_door_system_two_doors_transport_loaded_e2f28fd4b5.jpg 386w, https:\/\/hauxlifesupport.de\/wp-content\/uploads\/2023\/07\/csm_HAUX-MASTERDOOR_large_tunnel_door_system_two_doors_transport_loaded_e2f28fd4b5-300x225.jpg 300w\" sizes=\"auto, (max-width: 386px) 100vw, 386px\" \/> <img loading=\"lazy\" decoding=\"async\" src=\"https:\/\/hauxlifesupport.de\/wp-content\/uploads\/2023\/07\/csm_HAUX-MASTERDOOR_large_tunnel_air_lock_door_system_worker_in_front_of_door_572e4af463.jpg\" alt=\"\" class=\"wp-image-2047 alignnone size-full\" width=\"386\" height=\"289\" title=\"\" srcset=\"https:\/\/hauxlifesupport.de\/wp-content\/uploads\/2023\/07\/csm_HAUX-MASTERDOOR_large_tunnel_air_lock_door_system_worker_in_front_of_door_572e4af463.jpg 386w, https:\/\/hauxlifesupport.de\/wp-content\/uploads\/2023\/07\/csm_HAUX-MASTERDOOR_large_tunnel_air_lock_door_system_worker_in_front_of_door_572e4af463-300x225.jpg 300w\" sizes=\"auto, (max-width: 386px) 100vw, 386px\" \/><\/p>\n<p>Con <strong>los sistemas de puertas HAUX-MASTERDOOR <\/strong>se puede, por ejemplo, construir esclusas para materiales junto a la tuber\u00eda de hormig\u00f3n instaladas en el emplazamiento, que permiten el ingreso y egreso de trenes al t\u00fanel o equipo de grandes dimensiones como lo son excavadoras o palas mec\u00e1nicas.<\/p>\n<p>Existe una amplia selecci\u00f3n de componentes para su equipamiento, como lo son:<\/p>\n<ul>\n<li>V\u00e1lvulas para los indicadores, registro y control de la presi\u00f3n.<\/li>\n<li>Control automatizado mediante un PLC.<\/li>\n<li>Sistemas de rieles plegables,<\/li>\n<li>Equipamiento para esclusas de emergencia para personas, entre muchas cosas m\u00e1s<\/li>\n<\/ul>\n<p>Dependiendo de la disponibilidad, tambi\u00e9n podemos ofrecer <strong>los sistemas de puertas HAUX-MASTERDOOR <\/strong>usadas o en alquiler.<\/p>\n<p>[\/et_pb_accordion_item][\/et_pb_accordion][\/et_pb_column][\/et_pb_row][\/et_pb_section]<\/p>\n","protected":false},"excerpt":{"rendered":"<p>HAUX-LIFE-SUPPORT \u2013 Construcci\u00f3n en profundidad y en t\u00faneles Seguridad en la producci\u00f3n, Experiencia, Tecnolog\u00eda robusta e innovativaPara la construcci\u00f3n de t\u00faneles y obras de perforaci\u00f3n, HAUX-LIFE-SUPPORT cuenta con esclusas para personal, material o una combinaci\u00f3n de ambos sistemas, as\u00ed como sistemas de paredes de presi\u00f3n y puertas para esclusas, y esclusas de rescate, cada una [&hellip;]<\/p>\n","protected":false},"author":1,"featured_media":0,"parent":240688,"menu_order":130,"comment_status":"closed","ping_status":"closed","template":"","meta":{"_et_pb_use_builder":"on","_et_pb_old_content":"","_et_gb_content_width":"","_relevanssi_hide_post":"","_relevanssi_hide_content":"","_relevanssi_pin_for_all":"","_relevanssi_pin_keywords":"","_relevanssi_unpin_keywords":"","_relevanssi_related_keywords":"","_relevanssi_related_include_ids":"","_relevanssi_related_exclude_ids":"","_relevanssi_related_no_append":"","_relevanssi_related_not_related":"","_relevanssi_related_posts":"","_relevanssi_noindex_reason":"","footnotes":""},"class_list":["post-240706","page","type-page","status-publish","hentry"],"_links":{"self":[{"href":"https:\/\/hauxlifesupport.de\/es\/wp-json\/wp\/v2\/pages\/240706","targetHints":{"allow":["GET"]}}],"collection":[{"href":"https:\/\/hauxlifesupport.de\/es\/wp-json\/wp\/v2\/pages"}],"about":[{"href":"https:\/\/hauxlifesupport.de\/es\/wp-json\/wp\/v2\/types\/page"}],"author":[{"embeddable":true,"href":"https:\/\/hauxlifesupport.de\/es\/wp-json\/wp\/v2\/users\/1"}],"replies":[{"embeddable":true,"href":"https:\/\/hauxlifesupport.de\/es\/wp-json\/wp\/v2\/comments?post=240706"}],"version-history":[{"count":8,"href":"https:\/\/hauxlifesupport.de\/es\/wp-json\/wp\/v2\/pages\/240706\/revisions"}],"predecessor-version":[{"id":241911,"href":"https:\/\/hauxlifesupport.de\/es\/wp-json\/wp\/v2\/pages\/240706\/revisions\/241911"}],"up":[{"embeddable":true,"href":"https:\/\/hauxlifesupport.de\/es\/wp-json\/wp\/v2\/pages\/240688"}],"wp:attachment":[{"href":"https:\/\/hauxlifesupport.de\/es\/wp-json\/wp\/v2\/media?parent=240706"}],"curies":[{"name":"wp","href":"https:\/\/api.w.org\/{rel}","templated":true}]}}