{"id":240698,"date":"2023-06-26T11:02:50","date_gmt":"2023-06-26T09:02:50","guid":{"rendered":"https:\/\/hauxlifesupport.de\/?page_id=240698"},"modified":"2023-10-11T13:23:13","modified_gmt":"2023-10-11T11:23:13","slug":"simuladores-de-buceo-haux-divestar","status":"publish","type":"page","link":"https:\/\/hauxlifesupport.de\/es\/productos\/tecnologia-de-buceo\/simuladores-de-buceo-haux-divestar\/","title":{"rendered":"Simuladores de buceo HAUX-DIVESTAR"},"content":{"rendered":"<p>[et_pb_section fb_built=\u00bb1&#8243; admin_label=\u00bbSlider\u00bb _builder_version=\u00bb4.21.0&#8243; _module_preset=\u00bbdefault\u00bb width=\u00bb100%\u00bb max_width=\u00bb100%\u00bb custom_padding=\u00bb0px||0px||false|false\u00bb custom_padding_tablet=\u00bb0px||0px||false|false\u00bb custom_padding_phone=\u00bb0px||0px||false|false\u00bb global_colors_info=\u00bb{}\u00bb][et_pb_row _builder_version=\u00bb4.21.0&#8243; _module_preset=\u00bbdefault\u00bb background_enable_color=\u00bboff\u00bb width=\u00bb100%\u00bb width_tablet=\u00bb100%\u00bb width_phone=\u00bb100%\u00bb width_last_edited=\u00bbon|desktop\u00bb max_width=\u00bb100%\u00bb module_alignment=\u00bbleft\u00bb custom_margin=\u00bb0px||0px||false|false\u00bb custom_margin_tablet=\u00bb|0px||0px|false|false\u00bb custom_padding=\u00bb0px||0px||false|false\u00bb custom_padding_tablet=\u00bb|0px||0px|false|true\u00bb global_colors_info=\u00bb{}\u00bb][et_pb_column type=\u00bb4_4&#8243; _builder_version=\u00bb4.21.0&#8243; _module_preset=\u00bbdefault\u00bb background_enable_color=\u00bboff\u00bb global_colors_info=\u00bb{}\u00bb][et_pb_slider _builder_version=\u00bb4.21.0&#8243; _module_preset=\u00bbdefault\u00bb custom_padding_tablet=\u00bb180px|0px|180px|0px|false|false\u00bb hover_enabled=\u00bb0&#8243; header_font_size_tablet=\u00bb\u00bb header_font_size_phone=\u00bb39px\u00bb header_font_size_last_edited=\u00bbon|tablet\u00bb body_font_size_phone=\u00bb39px\u00bb global_colors_info=\u00bb{}\u00bb sticky_enabled=\u00bb0&#8243;][et_pb_slide _builder_version=\u00bb4.21.0&#8243; _module_preset=\u00bbdefault\u00bb background_image=\u00bbhttps:\/\/hauxlifesupport.de\/wp-content\/uploads\/2023\/10\/Produkte_Tauchtechnik_Unterpunkte.jpg\u00bb custom_padding=\u00bb|0px||0px|false|false\u00bb hover_enabled=\u00bb0&#8243; global_colors_info=\u00bb{}\u00bb sticky_transition=\u00bbon\u00bb title_text=\u00bbProdukte_Tauchtechnik_Unterpunkte\u00bb sticky_enabled=\u00bb0&#8243;]<\/p>\n<p><strong><br \/><\/strong><strong><\/strong><\/p>\n<p>[\/et_pb_slide][\/et_pb_slider][\/et_pb_column][\/et_pb_row][\/et_pb_section][et_pb_section fb_built=\u00bb1&#8243; admin_label=\u00bbWillkommen\u00bb _builder_version=\u00bb4.21.0&#8243; _module_preset=\u00bbdefault\u00bb global_colors_info=\u00bb{}\u00bb][et_pb_row _builder_version=\u00bb4.21.0&#8243; _module_preset=\u00bb_initial\u00bb custom_margin_tablet=\u00bb||0px||false|false\u00bb custom_margin_phone=\u00bb||0px||false|false\u00bb custom_margin_last_edited=\u00bbon|phone\u00bb custom_padding_tablet=\u00bb||0px||false|false\u00bb custom_padding_phone=\u00bb||0px||false|false\u00bb global_colors_info=\u00bb{}\u00bb][et_pb_column type=\u00bb4_4&#8243; _builder_version=\u00bb4.21.0&#8243; _module_preset=\u00bbdefault\u00bb global_colors_info=\u00bb{}\u00bb][et_pb_text _builder_version=\u00bb4.21.0&#8243; _module_preset=\u00bbdefault\u00bb global_colors_info=\u00bb{}\u00bb]<\/p>\n<h2><strong><span style=\"text-decoration: underline;\">HAUX-DIVESTAR<\/span><\/strong><\/h2>\n<p>Para la capacitaci\u00f3n de buzos, as\u00ed como para la realizaci\u00f3n de\u00a0pruebas a equipo de buceo, HAUX-LIFE-SUPPORT produce complejos simuladores de buceo de hasta 600 metros de profundidad. Junto a la c\u00e1mara hiperb\u00e1rica, adicionalmente pertenecen un amplio n\u00famero de dispositivos perif\u00e9ricos para su equipamiento, como por ejemplo, el sistema LIFE-SUPPORT, as\u00ed como los sistemas de suministro, mezcla y procesamiento de gases, adem\u00e1s del sistema de tratamiento de aguas, control autom\u00e1tico de\u00a0presi\u00f3n, equipo de monitoreo m\u00e9dico entre muchos otros componentes.<\/p>\n<p>En HAUX hemos construido entre muchos otros, el sistema HYDRA 2000 encargado por la Marina Federal Alemana, el sistema MEDUSA de la Marina de los Pa\u00edses Bajos, Hydra 2500 de la Armada Naval Griega, HYDRA 1000 de la Brigada contra incendios de Hong Kong y el DIVESTAR 160 para la Armada Naval Sueca, y por lo tanto ofrecemos este campo en especial una amplia gama servicios y adem\u00e1s de contar con experiencias \u00fanicas.<\/p>\n<p>&nbsp;<\/p>\n<h3 class=\"ce-bodytext\"><strong>HAUX-LIFE-SUPPORT construye en Karlskrona un gran complejo de c\u00e1maras hiperb\u00e1ricas para la Escuela de Marina Sueca.<\/strong><\/h3>\n<p class=\"ce-bodytext\">La c\u00e1mara hiperb\u00e1rica simula inmersiones de hasta 160 metros de profundidad y permite el entrenamiento seguro de buzos en condiciones de presi\u00f3n tal y como occurren en operaciones submarinas de rescate.<\/p>\n<p>[\/et_pb_text][\/et_pb_column][\/et_pb_row][\/et_pb_section][et_pb_section fb_built=\u00bb1&#8243; admin_label=\u00bb3 Spalten-Bereich\u00bb _builder_version=\u00bb4.21.0&#8243; _module_preset=\u00bbdefault\u00bb background_color=\u00bbgcid-cc089cd5-3da9-4d63-a7e1-04fbecdd3d67&#8243; global_colors_info=\u00bb{%22gcid-cc089cd5-3da9-4d63-a7e1-04fbecdd3d67%22:%91%22background_color%22%93}\u00bb][et_pb_row _builder_version=\u00bb4.21.0&#8243; _module_preset=\u00bb126ce2d4-8ee6-4926-a9d7-a28071ed68d8&#8243; global_colors_info=\u00bb{}\u00bb][et_pb_column type=\u00bb4_4&#8243; admin_label=\u00bbSpalte\u00bb _builder_version=\u00bb4.21.0&#8243; _module_preset=\u00bbdefault\u00bb global_colors_info=\u00bb{}\u00bb][dica_divi_carousel admin_label=\u00bbDivi Carousel\u00bb _builder_version=\u00bb4.21.0&#8243; _module_preset=\u00bbe0e13787-200d-4cbc-abd0-a9d25c3c5a23&#8243; global_colors_info=\u00bb{%22gcid-8d004b11-584e-4716-8158-78133c0b6f77%22:%91%22arrow_nav_color%22%93}\u00bb][dica_divi_carouselitem button_url_new_window=\u00bb1&#8243; image=\u00bbhttps:\/\/hauxlifesupport.de\/wp-content\/uploads\/2023\/07\/HAUX-DIVESTAR_DIVING_SIMULATOR_HAUX-STARCOM_2300_Chamber_hall_500x375.jpg\u00bb _builder_version=\u00bb4.21.0&#8243; _module_preset=\u00bbdefault\u00bb global_colors_info=\u00bb{}\u00bb][\/dica_divi_carouselitem][dica_divi_carouselitem button_url_new_window=\u00bb1&#8243; image=\u00bbhttps:\/\/hauxlifesupport.de\/wp-content\/uploads\/2023\/07\/HAUX-DIVESTAR_2500_DIVING_SIMULATOR_control_station-1.jpg\u00bb _builder_version=\u00bb4.21.0&#8243; _module_preset=\u00bbdefault\u00bb global_colors_info=\u00bb{}\u00bb][\/dica_divi_carouselitem][dica_divi_carouselitem button_url_new_window=\u00bb1&#8243; image=\u00bbhttps:\/\/hauxlifesupport.de\/wp-content\/uploads\/2023\/07\/csm_HAUX-DIVESTAR_diving_simulator_three_system_control-station_a55b7697d9.jpg\u00bb _builder_version=\u00bb4.21.0&#8243; _module_preset=\u00bbdefault\u00bb global_colors_info=\u00bb{}\u00bb][\/dica_divi_carouselitem][dica_divi_carouselitem button_url_new_window=\u00bb1&#8243; image=\u00bbhttps:\/\/hauxlifesupport.de\/wp-content\/uploads\/2023\/07\/csm_HAUX-DIVESTAR_HYDRA_diving_simulator_porthole_view_500x375_2535a5f857.jpg\u00bb _builder_version=\u00bb4.21.0&#8243; _module_preset=\u00bbdefault\u00bb global_colors_info=\u00bb{}\u00bb][\/dica_divi_carouselitem][dica_divi_carouselitem button_url_new_window=\u00bb1&#8243; image=\u00bbhttps:\/\/hauxlifesupport.de\/wp-content\/uploads\/2023\/07\/csm_HAUX-DIVESTAR_HYDRA_diving_simulator_diver_underwater_inside_view_500x375_31fdfab73c.jpg\u00bb _builder_version=\u00bb4.21.0&#8243; _module_preset=\u00bbdefault\u00bb global_colors_info=\u00bb{}\u00bb][\/dica_divi_carouselitem][dica_divi_carouselitem button_url_new_window=\u00bb1&#8243; image=\u00bbhttps:\/\/hauxlifesupport.de\/wp-content\/uploads\/2023\/07\/csm_HAUX-HYDRA_160_diving_simulator_3D_cutaway_view_500x375_340b5ba02d.jpg\u00bb _builder_version=\u00bb4.21.0&#8243; _module_preset=\u00bbdefault\u00bb global_colors_info=\u00bb{}\u00bb][\/dica_divi_carouselitem][\/dica_divi_carousel][\/et_pb_column][\/et_pb_row][\/et_pb_section]<\/p>\n","protected":false},"excerpt":{"rendered":"<p>HAUX-DIVESTAR Para la capacitaci\u00f3n de buzos, as\u00ed como para la realizaci\u00f3n de\u00a0pruebas a equipo de buceo, HAUX-LIFE-SUPPORT produce complejos simuladores de buceo de hasta 600 metros de profundidad. Junto a la c\u00e1mara hiperb\u00e1rica, adicionalmente pertenecen un amplio n\u00famero de dispositivos perif\u00e9ricos para su equipamiento, como por ejemplo, el sistema LIFE-SUPPORT, as\u00ed como los sistemas de [&hellip;]<\/p>\n","protected":false},"author":1,"featured_media":0,"parent":240694,"menu_order":20,"comment_status":"closed","ping_status":"closed","template":"","meta":{"_et_pb_use_builder":"on","_et_pb_old_content":"","_et_gb_content_width":"","_relevanssi_hide_post":"","_relevanssi_hide_content":"","_relevanssi_pin_for_all":"","_relevanssi_pin_keywords":"","_relevanssi_unpin_keywords":"","_relevanssi_related_keywords":"","_relevanssi_related_include_ids":"","_relevanssi_related_exclude_ids":"","_relevanssi_related_no_append":"","_relevanssi_related_not_related":"","_relevanssi_related_posts":"","_relevanssi_noindex_reason":"","footnotes":""},"class_list":["post-240698","page","type-page","status-publish","hentry"],"_links":{"self":[{"href":"https:\/\/hauxlifesupport.de\/es\/wp-json\/wp\/v2\/pages\/240698","targetHints":{"allow":["GET"]}}],"collection":[{"href":"https:\/\/hauxlifesupport.de\/es\/wp-json\/wp\/v2\/pages"}],"about":[{"href":"https:\/\/hauxlifesupport.de\/es\/wp-json\/wp\/v2\/types\/page"}],"author":[{"embeddable":true,"href":"https:\/\/hauxlifesupport.de\/es\/wp-json\/wp\/v2\/users\/1"}],"replies":[{"embeddable":true,"href":"https:\/\/hauxlifesupport.de\/es\/wp-json\/wp\/v2\/comments?post=240698"}],"version-history":[{"count":6,"href":"https:\/\/hauxlifesupport.de\/es\/wp-json\/wp\/v2\/pages\/240698\/revisions"}],"predecessor-version":[{"id":241954,"href":"https:\/\/hauxlifesupport.de\/es\/wp-json\/wp\/v2\/pages\/240698\/revisions\/241954"}],"up":[{"embeddable":true,"href":"https:\/\/hauxlifesupport.de\/es\/wp-json\/wp\/v2\/pages\/240694"}],"wp:attachment":[{"href":"https:\/\/hauxlifesupport.de\/es\/wp-json\/wp\/v2\/media?parent=240698"}],"curies":[{"name":"wp","href":"https:\/\/api.w.org\/{rel}","templated":true}]}}