{"id":240696,"date":"2023-06-26T11:01:42","date_gmt":"2023-06-26T09:01:42","guid":{"rendered":"https:\/\/hauxlifesupport.de\/?page_id=240696"},"modified":"2023-10-11T13:18:03","modified_gmt":"2023-10-11T11:18:03","slug":"camaras-hiperbaricas-para-buceo-haux","status":"publish","type":"page","link":"https:\/\/hauxlifesupport.de\/es\/productos\/tecnologia-de-buceo\/camaras-hiperbaricas-para-buceo-haux\/","title":{"rendered":"C\u00e1maras hiperb\u00e1ricas para buceo HAUX"},"content":{"rendered":"<p>[et_pb_section fb_built=\u00bb1&#8243; admin_label=\u00bbSlider\u00bb _builder_version=\u00bb4.21.0&#8243; _module_preset=\u00bbdefault\u00bb width=\u00bb100%\u00bb max_width=\u00bb100%\u00bb custom_padding=\u00bb0px||0px||false|false\u00bb custom_padding_tablet=\u00bb0px||0px||false|false\u00bb custom_padding_phone=\u00bb0px||0px||false|false\u00bb global_colors_info=\u00bb{}\u00bb][et_pb_row _builder_version=\u00bb4.21.0&#8243; _module_preset=\u00bbdefault\u00bb background_enable_color=\u00bboff\u00bb width=\u00bb100%\u00bb width_tablet=\u00bb100%\u00bb width_phone=\u00bb100%\u00bb width_last_edited=\u00bbon|desktop\u00bb max_width=\u00bb100%\u00bb module_alignment=\u00bbleft\u00bb custom_margin=\u00bb0px||0px||false|false\u00bb custom_margin_tablet=\u00bb|0px||0px|false|false\u00bb custom_padding=\u00bb0px||0px||false|false\u00bb custom_padding_tablet=\u00bb|0px||0px|false|true\u00bb global_colors_info=\u00bb{}\u00bb][et_pb_column type=\u00bb4_4&#8243; _builder_version=\u00bb4.21.0&#8243; _module_preset=\u00bbdefault\u00bb background_enable_color=\u00bboff\u00bb global_colors_info=\u00bb{}\u00bb][et_pb_slider _builder_version=\u00bb4.21.0&#8243; _module_preset=\u00bbdefault\u00bb custom_padding_tablet=\u00bb180px|0px|180px|0px|false|false\u00bb hover_enabled=\u00bb0&#8243; header_font_size_tablet=\u00bb\u00bb header_font_size_phone=\u00bb39px\u00bb header_font_size_last_edited=\u00bbon|tablet\u00bb body_font_size_phone=\u00bb39px\u00bb global_colors_info=\u00bb{}\u00bb sticky_enabled=\u00bb0&#8243;][et_pb_slide _builder_version=\u00bb4.21.0&#8243; _module_preset=\u00bbdefault\u00bb background_image=\u00bbhttps:\/\/hauxlifesupport.de\/wp-content\/uploads\/2023\/10\/Produkte_Tauchtechnik_Unterpunkte.jpg\u00bb custom_padding=\u00bb|0px||0px|false|false\u00bb hover_enabled=\u00bb0&#8243; global_colors_info=\u00bb{}\u00bb sticky_transition=\u00bbon\u00bb title_text=\u00bbProdukte_Tauchtechnik_Unterpunkte\u00bb sticky_enabled=\u00bb0&#8243;][\/et_pb_slide][\/et_pb_slider][\/et_pb_column][\/et_pb_row][\/et_pb_section][et_pb_section fb_built=\u00bb1&#8243; admin_label=\u00bbWillkommen\u00bb _builder_version=\u00bb4.21.0&#8243; _module_preset=\u00bbdefault\u00bb global_colors_info=\u00bb{}\u00bb][et_pb_row _builder_version=\u00bb4.21.0&#8243; _module_preset=\u00bb_initial\u00bb custom_margin_tablet=\u00bb||0px||false|false\u00bb custom_margin_phone=\u00bb||0px||false|false\u00bb custom_margin_last_edited=\u00bbon|phone\u00bb custom_padding_tablet=\u00bb||0px||false|false\u00bb custom_padding_phone=\u00bb||0px||false|false\u00bb global_colors_info=\u00bb{}\u00bb][et_pb_column type=\u00bb4_4&#8243; _builder_version=\u00bb4.21.0&#8243; _module_preset=\u00bbdefault\u00bb global_colors_info=\u00bb{}\u00bb][et_pb_text _builder_version=\u00bb4.21.0&#8243; _module_preset=\u00bbdefault\u00bb global_colors_info=\u00bb{}\u00bb]<\/p>\n<h2><strong> C\u00e1maras hiperb\u00e1ricas para buceo HAUX<\/strong><\/h2>\n<h2 class=\"\"><span style=\"text-decoration: underline;\">Innovaci\u00f3n, Experiencia, Calidad<\/span><\/h2>\n<p>[\/et_pb_text][\/et_pb_column][\/et_pb_row][et_pb_row _builder_version=\u00bb4.21.0&#8243; _module_preset=\u00bb_initial\u00bb global_colors_info=\u00bb{}\u00bb][et_pb_column type=\u00bb4_4&#8243; _builder_version=\u00bb4.21.0&#8243; _module_preset=\u00bbdefault\u00bb global_colors_info=\u00bb{}\u00bb][et_pb_text _builder_version=\u00bb4.21.0&#8243; _module_preset=\u00bbdefault\u00bb border_style_bottom=\u00bbnone\u00bb global_colors_info=\u00bb{}\u00bb]<\/p>\n<p>Las organizaciones de buceo, ya sea comercial, profesional, instituciones de investigaci\u00f3n, la polic\u00eda, los bomberos, los equipos de rescate, la milic\u00eda, las escuelas de buceo o bases de buceo, pueden encontrar el\u00a0sistema ideal dentro de la\u00a0amplia gama de c\u00e1maras hiperb\u00e1ricas\u00a0HAUX, como por ejemplo:<\/p>\n<ul>\n<li>HAUX-TRANSSTAR, HAUX-MEDICOM y HAUX-MEDISTAR;\u00a0c\u00e1maras transportables para una y dos personas<\/li>\n<li>Las unidades m\u00f3viles HAUX-MEDISTAR y HAUX-MEDILOCK, y<\/li>\n<li>Las unidades estacionarias HAUX-STARCOM, HAUX-ECOSTAR y HAUX-SPACESTAR<\/li>\n<\/ul>\n<p>Las c\u00e1maras hiperb\u00e1rica\u00a0para buceo\u00a0se dividen principalmente en equipos m\u00f3viles o estacionarios, los \u00faltimos pueden ser instalados\u00a0dentro de\u00a0un edificio,\u00a0un contenedor, un barco, un cami\u00f3n o un remolque.<\/p>\n<p>[\/et_pb_text][\/et_pb_column][\/et_pb_row][et_pb_row _builder_version=\u00bb4.21.0&#8243; _module_preset=\u00bb_initial\u00bb global_colors_info=\u00bb{}\u00bb][et_pb_column type=\u00bb4_4&#8243; _builder_version=\u00bb4.21.0&#8243; _module_preset=\u00bbdefault\u00bb global_colors_info=\u00bb{}\u00bb][et_pb_accordion _builder_version=\u00bb4.21.0&#8243; _module_preset=\u00bbdefault\u00bb global_colors_info=\u00bb{}\u00bb][et_pb_accordion_item title=\u00bbHAUX-STARCOM\u00bb open=\u00bbon\u00bb _builder_version=\u00bb4.21.0&#8243; _module_preset=\u00bbdefault\u00bb global_colors_info=\u00bb{}\u00bb]<\/p>\n<p><img loading=\"lazy\" decoding=\"async\" src=\"https:\/\/hauxlifesupport.de\/wp-content\/uploads\/2023\/07\/HAUX-STARCOM_containerized_diving_recompression_chamber_500x375-300x226.jpg\" alt=\"\" class=\"wp-image-1438 alignnone size-medium\" width=\"300\" height=\"226\" title=\"\"><img loading=\"lazy\" decoding=\"async\" src=\"https:\/\/hauxlifesupport.de\/wp-content\/uploads\/2023\/07\/HAUX-STARCOM_1300_recompression_diving_chamber-300x249.jpg\" alt=\"\" class=\"wp-image-1434 alignnone size-medium\" width=\"300\" height=\"249\" title=\"\"><img loading=\"lazy\" decoding=\"async\" src=\"https:\/\/hauxlifesupport.de\/wp-content\/uploads\/2023\/07\/HAUX_STARCOM-1800_diving_recompression_chamber_control_station_fire-fighting-300x179.jpg\" alt=\"\" class=\"wp-image-1430 alignnone size-medium\" width=\"300\" height=\"179\" title=\"\"><\/p>\n<p>El modelo <strong>HAUX-STARCOM<\/strong> ofrece, gracias al uso de la tecnolog\u00eda de paredes planas, el m\u00e1ximo espacio interior con las dimensiones m\u00ednimas externas. Esto hace que esta c\u00e1mara sea ideal para ser instalada en espacios reducidos como lo son: un contenedor, en un barco, dentro de un cami\u00f3n o en un remolque. El \u00f3ptimo monitoreo de los\u00a0 ocupantes de la c\u00e1mara por parte de los operadores esta garantizado, ya que el puesto de mando esta localizado en la parte frontal de la c\u00e1mara donde se encuentra una ventana de monitoreo.<\/p>\n<p>Algunas de las caracter\u00edsticas especiales de la serie <strong>HAUX-STARCOM <\/strong>son:<\/p>\n<ul>\n<li>Presiones de trabajo que van desde los 5 hasta los 50 bars<\/li>\n<li>Di\u00e1metros disponibles desde los 900 mm hasta los 2500 mm<\/li>\n<li>Ahorro de espacio por la disposici\u00f3n de paredes planas (Para presiones de trabajo mas altas o c\u00e1maras con limitaciones de peso, la c\u00e1mara tambi\u00e9n esta disponible con paredes curvas)<\/li>\n<li>Materiales: Acero ferr\u00edco, acero inoxidable o de alta resistencia, aleaciones de aluminio resistentes al agua de mar<\/li>\n<li>Puesto de mando ergon\u00f3mico y de f\u00e1cil operaci\u00f3n; el cual puede ser montado al frente o a un costado.<\/li>\n<\/ul>\n<p>Adem\u00e1s es posible adquirir una amplia gama de nuetstro accesorios. Como por ejemplo:<\/p>\n<ul>\n<li>el sistema de extinci\u00f3n de incendios HAUX-SPRAY-FOG<\/li>\n<li>Los sistemas de monitoreo y control computarizados HAUX-DECOMAT 4.0, HAUX-DECOSUPPORT<\/li>\n<li>Sistema de aire acondicionado HAUX-HEATMASTER\/HAUX-COOLMASTER<\/li>\n<li>Almacenamiento suplementario de gas a presi\u00f3n, que gracias a su instalaci\u00f3n ya sea debajo o encima de la STARCOM,\u00a0 permite un \u00a0ahorro de espacio<\/li>\n<li>Brida de conexi\u00f3n, para el acomplamiento herm\u00e9tico de una c\u00e1mara de transportaci\u00f3n de buzos como por ejemplo la conexi\u00f3n en bayoneta DIN\/NATO-STANAG<\/li>\n<\/ul>\n<p>Para tratamiento de buzos, tambi\u00e9n ofrecemos en renta (sujeto a disponibilidad) la versi\u00f3n contenirizada de la c\u00e1mara hiperb\u00e1rcia <strong>HAUX-STARCOM 2000\/5.5.<\/strong><\/p>\n<p>[\/et_pb_accordion_item][et_pb_accordion_item title=\u00bbHAUX-SPACE-STAR\u00bb _builder_version=\u00bb4.21.0&#8243; _module_preset=\u00bbdefault\u00bb global_colors_info=\u00bb{}\u00bb open=\u00bboff\u00bb]<\/p>\n<p><img loading=\"lazy\" decoding=\"async\" src=\"https:\/\/hauxlifesupport.de\/wp-content\/uploads\/2023\/07\/HAUX-SPACE-STAR_containerized_mine-hunter_diving_chamber_closeup.jpg\" alt=\"\" class=\"wp-image-1445 alignnone size-full\" width=\"500\" height=\"375\" title=\"\" srcset=\"https:\/\/hauxlifesupport.de\/wp-content\/uploads\/2023\/07\/HAUX-SPACE-STAR_containerized_mine-hunter_diving_chamber_closeup.jpg 500w, https:\/\/hauxlifesupport.de\/wp-content\/uploads\/2023\/07\/HAUX-SPACE-STAR_containerized_mine-hunter_diving_chamber_closeup-480x360.jpg 480w\" sizes=\"auto, (min-width: 0px) and (max-width: 480px) 480px, (min-width: 481px) 500px, 100vw\" \/> <img loading=\"lazy\" decoding=\"async\" src=\"https:\/\/hauxlifesupport.de\/wp-content\/uploads\/2023\/07\/HAUX-SPACE-STAR_containerized_mine-hunter_diving_chamber_container_row.jpg\" alt=\"\" class=\"wp-image-1449 alignnone size-full\" width=\"500\" height=\"375\" title=\"\" srcset=\"https:\/\/hauxlifesupport.de\/wp-content\/uploads\/2023\/07\/HAUX-SPACE-STAR_containerized_mine-hunter_diving_chamber_container_row.jpg 500w, https:\/\/hauxlifesupport.de\/wp-content\/uploads\/2023\/07\/HAUX-SPACE-STAR_containerized_mine-hunter_diving_chamber_container_row-480x360.jpg 480w\" sizes=\"auto, (min-width: 0px) and (max-width: 480px) 480px, (min-width: 481px) 500px, 100vw\" \/><\/p>\n<p>La <strong>HAUX-SPACE-STAR 1300\/5,5 DOME<\/strong> es una c\u00e1mara especialmente dise\u00f1ada para emplearse en barcos cazaminas ya que cuenta con una signatura magn\u00e9tica extramadamente baja. Fabricada con una aleaci\u00f3n de aluminio de alta resistencia, una aleacion de aluminio resistente al agua de mar, o en acero inoxidable. Resistente a golpes y vibraciones gracias a su dise\u00f1o compacto, \u00fanico y al uso de la m\u00e1xima redundancia posible.<\/p>\n<p>Contamos tambi\u00e9n con la versi\u00f3n contenerizada de la <strong>HAUX-SPACE-STAR<\/strong> con su correspondiente compresor y suministro de gas comprimido para su uso \u00abOut of Area\u00bb en unidades de buceo m\u00f3viles.<\/p>\n<p>[\/et_pb_accordion_item][et_pb_accordion_item title=\u00bbHAUX-ECOSTAR\u00bb _builder_version=\u00bb4.21.0&#8243; _module_preset=\u00bbdefault\u00bb global_colors_info=\u00bb{}\u00bb open=\u00bboff\u00bb]<\/p>\n<p><img loading=\"lazy\" decoding=\"async\" src=\"https:\/\/hauxlifesupport.de\/wp-content\/uploads\/2023\/07\/HAUX-ECOSTAR_2000_space_saving_recompression_chamber.jpg\" alt=\"\" class=\"wp-image-1454 alignnone size-full\" width=\"500\" height=\"375\" title=\"\" srcset=\"https:\/\/hauxlifesupport.de\/wp-content\/uploads\/2023\/07\/HAUX-ECOSTAR_2000_space_saving_recompression_chamber.jpg 500w, https:\/\/hauxlifesupport.de\/wp-content\/uploads\/2023\/07\/HAUX-ECOSTAR_2000_space_saving_recompression_chamber-480x360.jpg 480w\" sizes=\"auto, (min-width: 0px) and (max-width: 480px) 480px, (min-width: 481px) 500px, 100vw\" \/> <img loading=\"lazy\" decoding=\"async\" src=\"https:\/\/hauxlifesupport.de\/wp-content\/uploads\/2023\/07\/HAUX-ECOSTAR_2000_space_saving_recompression_chamber_containerized.jpg\" alt=\"\" class=\"wp-image-1459 alignnone size-full\" width=\"500\" height=\"375\" title=\"\" srcset=\"https:\/\/hauxlifesupport.de\/wp-content\/uploads\/2023\/07\/HAUX-ECOSTAR_2000_space_saving_recompression_chamber_containerized.jpg 500w, https:\/\/hauxlifesupport.de\/wp-content\/uploads\/2023\/07\/HAUX-ECOSTAR_2000_space_saving_recompression_chamber_containerized-480x360.jpg 480w\" sizes=\"auto, (min-width: 0px) and (max-width: 480px) 480px, (min-width: 481px) 500px, 100vw\" \/><\/p>\n<p>El modelo <strong>HAUX-ECOSTAR<\/strong>, con un di\u00e1metro exterior de 2000 mm, es una construcci\u00f3n especial de la familia <strong>HAUX-STARCOM<\/strong>. Cuenta con un dise\u00f1o extremadamente compacto, en donde la c\u00e1mara anterior, con un di\u00e1metro de 1500 mm, se encuentra integrada a la c\u00e1mara principal.<\/p>\n<p>Gracias a sus dimensiones (ancho de poco m\u00e1s de 2000 mm y un largo de alreadedor de 2200 mm) es posible tener un sistema hiperb\u00e1rico completo para tratamiento de buzos; el cual cuenta con c\u00e1mara anterior, c\u00e1mara principal, sistema de compresores y suministro de de gases comprimidos.<\/p>\n<p>[\/et_pb_accordion_item][et_pb_accordion_item title=\u00bbHAUX-MODULSTAR\u00bb _builder_version=\u00bb4.21.0&#8243; _module_preset=\u00bbdefault\u00bb global_colors_info=\u00bb{}\u00bb open=\u00bboff\u00bb]<\/p>\n<p><img loading=\"lazy\" decoding=\"async\" src=\"https:\/\/hauxlifesupport.de\/wp-content\/uploads\/2023\/07\/HAUX-MODULSTAR_modular_diving_chamber_control-station_red.jpg\" alt=\"\" class=\"wp-image-1471 alignnone size-full\" width=\"500\" height=\"375\" title=\"\" srcset=\"https:\/\/hauxlifesupport.de\/wp-content\/uploads\/2023\/07\/HAUX-MODULSTAR_modular_diving_chamber_control-station_red.jpg 500w, https:\/\/hauxlifesupport.de\/wp-content\/uploads\/2023\/07\/HAUX-MODULSTAR_modular_diving_chamber_control-station_red-480x360.jpg 480w\" sizes=\"auto, (min-width: 0px) and (max-width: 480px) 480px, (min-width: 481px) 500px, 100vw\" \/> <img loading=\"lazy\" decoding=\"async\" src=\"https:\/\/hauxlifesupport.de\/wp-content\/uploads\/2023\/07\/HAUX-MODULSTAR_modular_diving_chamber_control-station_montage.jpg\" alt=\"\" class=\"wp-image-1467 alignnone size-full\" width=\"500\" height=\"375\" title=\"\" srcset=\"https:\/\/hauxlifesupport.de\/wp-content\/uploads\/2023\/07\/HAUX-MODULSTAR_modular_diving_chamber_control-station_montage.jpg 500w, https:\/\/hauxlifesupport.de\/wp-content\/uploads\/2023\/07\/HAUX-MODULSTAR_modular_diving_chamber_control-station_montage-480x360.jpg 480w\" sizes=\"auto, (min-width: 0px) and (max-width: 480px) 480px, (min-width: 481px) 500px, 100vw\" \/> <img loading=\"lazy\" decoding=\"async\" src=\"https:\/\/hauxlifesupport.de\/wp-content\/uploads\/2023\/07\/HAUX-MODULSTAR_modular_diving_chamber_containerized_air-tanks.jpg\" alt=\"\" class=\"wp-image-1463 alignnone size-full\" width=\"500\" height=\"375\" title=\"\" srcset=\"https:\/\/hauxlifesupport.de\/wp-content\/uploads\/2023\/07\/HAUX-MODULSTAR_modular_diving_chamber_containerized_air-tanks.jpg 500w, https:\/\/hauxlifesupport.de\/wp-content\/uploads\/2023\/07\/HAUX-MODULSTAR_modular_diving_chamber_containerized_air-tanks-480x360.jpg 480w\" sizes=\"auto, (min-width: 0px) and (max-width: 480px) 480px, (min-width: 481px) 500px, 100vw\" \/><\/p>\n<p>El modelo <strong>HAUX-MODULSTAR<\/strong> es una construcci\u00f3n especial del la familia <strong>HAUX-STARCOM<\/strong>. Con su dise\u00f1o modular, este sistema de c\u00e1maras hiperb\u00e1ricas puede ser adaptado a las diferentes condiciones de uso y tareas; como por ejemplo como una c\u00e1mara con dos compartimentos doble, o una c\u00e1mara de tres compartimentos, con una esclusa de c\u00fapula, o con un la posibilidad de ser acoplada con una c\u00e1mara de buceo para ser utilizado como un sistema de buceo profundo.<br \/>Gracias a que el sistema se puede separar en sus componentes \u00a0individuales, el sistema \u00a0<strong>HAUX-MODULSTAR<\/strong> permite su montaje en espacios reducidos. Este sistema puede ser montado en un barco sin problema alguno.<\/p>\n<p>[\/et_pb_accordion_item][et_pb_accordion_item title=\u00bbHAUX-MEDISTAR\/MEDILOCK\u00bb _builder_version=\u00bb4.21.0&#8243; _module_preset=\u00bbdefault\u00bb global_colors_info=\u00bb{}\u00bb open=\u00bboff\u00bb]<\/p>\n<p><img loading=\"lazy\" decoding=\"async\" src=\"https:\/\/hauxlifesupport.de\/wp-content\/uploads\/2023\/07\/HAUX-MEDISTAR-MEDILOCK_two-person_transport_recompression_chambers_docked.jpg\" alt=\"\" class=\"wp-image-1479 alignnone size-full\" width=\"500\" height=\"404\" title=\"\" srcset=\"https:\/\/hauxlifesupport.de\/wp-content\/uploads\/2023\/07\/HAUX-MEDISTAR-MEDILOCK_two-person_transport_recompression_chambers_docked.jpg 500w, https:\/\/hauxlifesupport.de\/wp-content\/uploads\/2023\/07\/HAUX-MEDISTAR-MEDILOCK_two-person_transport_recompression_chambers_docked-480x388.jpg 480w\" sizes=\"auto, (min-width: 0px) and (max-width: 480px) 480px, (min-width: 481px) 500px, 100vw\" \/> <img loading=\"lazy\" decoding=\"async\" src=\"https:\/\/hauxlifesupport.de\/wp-content\/uploads\/2023\/07\/HAUX-MEDISTAR_transport_recompression_chamber_container_docked.jpg\" alt=\"\" class=\"wp-image-1475 alignnone size-full\" width=\"500\" height=\"375\" title=\"\" srcset=\"https:\/\/hauxlifesupport.de\/wp-content\/uploads\/2023\/07\/HAUX-MEDISTAR_transport_recompression_chamber_container_docked.jpg 500w, https:\/\/hauxlifesupport.de\/wp-content\/uploads\/2023\/07\/HAUX-MEDISTAR_transport_recompression_chamber_container_docked-480x360.jpg 480w\" sizes=\"auto, (min-width: 0px) and (max-width: 480px) 480px, (min-width: 481px) 500px, 100vw\" \/><\/p>\n<p>Mediante la incorporaci\u00f3n a la c\u00e1mara de presi\u00f3n port\u00e1til <strong>HAUX-MEDISTAR<\/strong> para dos personas, de un m\u00f3dulo de esclusa <strong>HAUX-MEDILOCK, <\/strong>este sistema se convierte en una c\u00e1mara hiperbarica movil para el tratamiento de buzos, la cual esta compuesta por una c\u00e1mara principal y una antec\u00e1mara.<\/p>\n<p>Esto hace posible que un m\u00e9dico o asistente m\u00e9dico puedan entrar y salir del sistema, sin tener que cambiar la presi\u00f3n del tratamiento para la persona accidentada.<\/p>\n<p>[\/et_pb_accordion_item][et_pb_accordion_item title=\u00bbHAUX-MEDICOM\u00bb _builder_version=\u00bb4.21.0&#8243; _module_preset=\u00bbdefault\u00bb global_colors_info=\u00bb{}\u00bb open=\u00bboff\u00bb]<\/p>\n<p><img loading=\"lazy\" decoding=\"async\" src=\"https:\/\/hauxlifesupport.de\/wp-content\/uploads\/2023\/07\/HAUX-MEDICOM_3D_500x500.jpg\" alt=\"\" class=\"wp-image-1487 alignnone size-full\" width=\"500\" height=\"465\" title=\"\" srcset=\"https:\/\/hauxlifesupport.de\/wp-content\/uploads\/2023\/07\/HAUX-MEDICOM_3D_500x500.jpg 500w, https:\/\/hauxlifesupport.de\/wp-content\/uploads\/2023\/07\/HAUX-MEDICOM_3D_500x500-480x446.jpg 480w\" sizes=\"auto, (min-width: 0px) and (max-width: 480px) 480px, (min-width: 481px) 500px, 100vw\" \/> <img loading=\"lazy\" decoding=\"async\" src=\"https:\/\/hauxlifesupport.de\/wp-content\/uploads\/2023\/07\/Medicom-Heli-mit-Kammer_I.jpg\" alt=\"\" class=\"wp-image-1491 alignnone size-full\" width=\"580\" height=\"375\" title=\"\" srcset=\"https:\/\/hauxlifesupport.de\/wp-content\/uploads\/2023\/07\/Medicom-Heli-mit-Kammer_I.jpg 580w, https:\/\/hauxlifesupport.de\/wp-content\/uploads\/2023\/07\/Medicom-Heli-mit-Kammer_I-480x310.jpg 480w\" sizes=\"auto, (min-width: 0px) and (max-width: 480px) 480px, (min-width: 481px) 580px, 100vw\" \/> <img loading=\"lazy\" decoding=\"async\" src=\"https:\/\/hauxlifesupport.de\/wp-content\/uploads\/2023\/07\/DSCN8804_medicom_korea2952_www_500x400.jpg\" alt=\"\" class=\"wp-image-1483 alignnone size-full\" width=\"500\" height=\"446\" title=\"\" srcset=\"https:\/\/hauxlifesupport.de\/wp-content\/uploads\/2023\/07\/DSCN8804_medicom_korea2952_www_500x400.jpg 500w, https:\/\/hauxlifesupport.de\/wp-content\/uploads\/2023\/07\/DSCN8804_medicom_korea2952_www_500x400-480x428.jpg 480w\" sizes=\"auto, (min-width: 0px) and (max-width: 480px) 480px, (min-width: 481px) 500px, 100vw\" \/><\/p>\n<p>La <strong>HAUX-MEDICOM<\/strong> es una c\u00e1mara transportable con suministro de gas integrado. Cuenta con una capacidad para dos personas. Esta dise\u00f1ada para transladar un buzo accidentado y un acompa\u00f1ante al centro de c\u00e1maras hiperb\u00e1ricas para atenci\u00f3n de buzos m\u00e1s cercano.<\/p>\n<p>La c\u00e1mara esta equipada con una brida tipo bayoneta DIN\/NATO.\u00a0 La presi\u00f3n de trabajo est\u00e1ndar es de 5.5 o 8 bar. El compacto mando de control cuenta con un manometro de precisi\u00f3n, un sistema de intercomunicaci\u00f3n, la v\u00e1lvula HAUX-MINISTARVALVE la cual ayuda a controlar la presi\u00f3n dentro de la c\u00e1mara, as\u00ed como el sistema de ventilaci\u00f3n HAUX-VENTMASTER. La <strong>HAUX-MEDICOM<\/strong> adem\u00e1s cuenta con una compuerta de abastecimiento, dos ventanas de observaci\u00f3n y un sistema de respiraci\u00f3n de ox\u00edgeno.<\/p>\n<p>Opcionalmente puede adquirir el sistema LIFE-SUPPORT para su uso en sistemas de circuitos semicerrados o cerrados, paquete de bater\u00edas, sistema de iluminaci\u00f3n, carro de transporte, suministro adicional de gas comprimido, control automatizado, entre muchas cosas mas.<\/p>\n<p>[\/et_pb_accordion_item][et_pb_accordion_item title=\u00bbHAUX-TRANSSTAR\u00bb _builder_version=\u00bb4.21.0&#8243; _module_preset=\u00bbdefault\u00bb global_colors_info=\u00bb{}\u00bb open=\u00bboff\u00bb]<\/p>\n<p><img loading=\"lazy\" decoding=\"async\" src=\"https:\/\/hauxlifesupport.de\/wp-content\/uploads\/2023\/07\/HAUX-TRANSSTAR_monoplace_transport_diving_chamber_open.jpg\" alt=\"\" class=\"wp-image-1499 alignnone size-full\" width=\"500\" height=\"375\" title=\"\" srcset=\"https:\/\/hauxlifesupport.de\/wp-content\/uploads\/2023\/07\/HAUX-TRANSSTAR_monoplace_transport_diving_chamber_open.jpg 500w, https:\/\/hauxlifesupport.de\/wp-content\/uploads\/2023\/07\/HAUX-TRANSSTAR_monoplace_transport_diving_chamber_open-480x360.jpg 480w\" sizes=\"auto, (min-width: 0px) and (max-width: 480px) 480px, (min-width: 481px) 500px, 100vw\" \/> <img loading=\"lazy\" decoding=\"async\" src=\"https:\/\/hauxlifesupport.de\/wp-content\/uploads\/2023\/07\/HAUX-TRANSSTAR_monoplace_transport_diving_chamber_closed.jpg\" alt=\"\" class=\"wp-image-1495 alignnone size-full\" width=\"500\" height=\"375\" title=\"\" srcset=\"https:\/\/hauxlifesupport.de\/wp-content\/uploads\/2023\/07\/HAUX-TRANSSTAR_monoplace_transport_diving_chamber_closed.jpg 500w, https:\/\/hauxlifesupport.de\/wp-content\/uploads\/2023\/07\/HAUX-TRANSSTAR_monoplace_transport_diving_chamber_closed-480x360.jpg 480w\" sizes=\"auto, (min-width: 0px) and (max-width: 480px) 480px, (min-width: 481px) 500px, 100vw\" \/><\/p>\n<p>La <strong>HAUX-TRANSSTAR<\/strong> es una c\u00e1mara tranportable con capacidad para una persona. Esta equipada con un brida tipo bayoneta DIN\/NATO. La presi\u00f3n de trabajo est\u00e1ndar es de 5.5 bar o 8 bar.<\/p>\n<p>El compacto mando de control cuenta con un manometro de precisi\u00f3n, un sistema de \u00a0intercomunicaci\u00f3n, as\u00ed como la v\u00e1lvula HAUX-MINISTARVALVE la cual ayuda a controlar la presi\u00f3n dentro de la c\u00e1mara. La\u00a0<strong>HAUX-TRANSSTAR\u00a0<\/strong>adem\u00e1s cuenta con una compuerta de abastecimiento, dos ventanas de observaci\u00f3n y botellas con gas respirable y ox\u00edgeno comprimido.<\/p>\n<p>[\/et_pb_accordion_item][\/et_pb_accordion][\/et_pb_column][\/et_pb_row][\/et_pb_section]<\/p>\n","protected":false},"excerpt":{"rendered":"<p>C\u00e1maras hiperb\u00e1ricas para buceo HAUX Innovaci\u00f3n, Experiencia, CalidadLas organizaciones de buceo, ya sea comercial, profesional, instituciones de investigaci\u00f3n, la polic\u00eda, los bomberos, los equipos de rescate, la milic\u00eda, las escuelas de buceo o bases de buceo, pueden encontrar el\u00a0sistema ideal dentro de la\u00a0amplia gama de c\u00e1maras hiperb\u00e1ricas\u00a0HAUX, como por ejemplo: HAUX-TRANSSTAR, HAUX-MEDICOM y HAUX-MEDISTAR;\u00a0c\u00e1maras transportables [&hellip;]<\/p>\n","protected":false},"author":1,"featured_media":0,"parent":240694,"menu_order":10,"comment_status":"closed","ping_status":"closed","template":"","meta":{"_et_pb_use_builder":"on","_et_pb_old_content":"","_et_gb_content_width":"","_relevanssi_hide_post":"","_relevanssi_hide_content":"","_relevanssi_pin_for_all":"","_relevanssi_pin_keywords":"","_relevanssi_unpin_keywords":"","_relevanssi_related_keywords":"","_relevanssi_related_include_ids":"","_relevanssi_related_exclude_ids":"","_relevanssi_related_no_append":"","_relevanssi_related_not_related":"","_relevanssi_related_posts":"","_relevanssi_noindex_reason":"","footnotes":""},"class_list":["post-240696","page","type-page","status-publish","hentry"],"_links":{"self":[{"href":"https:\/\/hauxlifesupport.de\/es\/wp-json\/wp\/v2\/pages\/240696","targetHints":{"allow":["GET"]}}],"collection":[{"href":"https:\/\/hauxlifesupport.de\/es\/wp-json\/wp\/v2\/pages"}],"about":[{"href":"https:\/\/hauxlifesupport.de\/es\/wp-json\/wp\/v2\/types\/page"}],"author":[{"embeddable":true,"href":"https:\/\/hauxlifesupport.de\/es\/wp-json\/wp\/v2\/users\/1"}],"replies":[{"embeddable":true,"href":"https:\/\/hauxlifesupport.de\/es\/wp-json\/wp\/v2\/comments?post=240696"}],"version-history":[{"count":6,"href":"https:\/\/hauxlifesupport.de\/es\/wp-json\/wp\/v2\/pages\/240696\/revisions"}],"predecessor-version":[{"id":241950,"href":"https:\/\/hauxlifesupport.de\/es\/wp-json\/wp\/v2\/pages\/240696\/revisions\/241950"}],"up":[{"embeddable":true,"href":"https:\/\/hauxlifesupport.de\/es\/wp-json\/wp\/v2\/pages\/240694"}],"wp:attachment":[{"href":"https:\/\/hauxlifesupport.de\/es\/wp-json\/wp\/v2\/media?parent=240696"}],"curies":[{"name":"wp","href":"https:\/\/api.w.org\/{rel}","templated":true}]}}