{"id":240694,"date":"2023-06-26T10:59:04","date_gmt":"2023-06-26T08:59:04","guid":{"rendered":"https:\/\/hauxlifesupport.de\/?page_id=240694"},"modified":"2026-03-04T13:51:36","modified_gmt":"2026-03-04T12:51:36","slug":"tecnologia-de-buceo","status":"publish","type":"page","link":"https:\/\/hauxlifesupport.de\/es\/productos\/tecnologia-de-buceo\/","title":{"rendered":"Tecnolog\u00eda de buceo"},"content":{"rendered":"<p>[et_pb_section fb_built=\u00bb1&#8243; admin_label=\u00bbSlider\u00bb _builder_version=\u00bb4.21.0&#8243; _module_preset=\u00bbf2843d24-ad56-442f-a9e1-e3041953524c\u00bb width=\u00bb100%\u00bb max_width=\u00bb100%\u00bb custom_padding=\u00bb0px||0px||false|false\u00bb custom_padding_tablet=\u00bb0px||0px||false|false\u00bb custom_padding_phone=\u00bb0px||0px||false|false\u00bb global_colors_info=\u00bb{}\u00bb][et_pb_row _builder_version=\u00bb4.21.0&#8243; _module_preset=\u00bb7cb6190c-4283-41e8-bb8b-ae469157ed96&#8243; width=\u00bb100%\u00bb width_tablet=\u00bb100%\u00bb width_phone=\u00bb100%\u00bb width_last_edited=\u00bbon|desktop\u00bb max_width=\u00bb100%\u00bb module_alignment=\u00bbleft\u00bb custom_margin=\u00bb0px||0px||false|false\u00bb custom_margin_tablet=\u00bb|0px||0px|false|false\u00bb custom_padding=\u00bb0px||0px||false|false\u00bb custom_padding_tablet=\u00bb|0px||0px|false|true\u00bb global_colors_info=\u00bb{}\u00bb][et_pb_column type=\u00bb4_4&#8243; _builder_version=\u00bb4.21.0&#8243; _module_preset=\u00bbdefault\u00bb global_colors_info=\u00bb{}\u00bb][et_pb_slider _builder_version=\u00bb4.21.0&#8243; _module_preset=\u00bbb8ceb8f1-18e1-4a30-87c9-e9b64e615132&#8243; custom_padding_tablet=\u00bb180px|0px|180px|0px|false|false\u00bb header_font_size_tablet=\u00bb\u00bb header_font_size_phone=\u00bb39px\u00bb header_font_size_last_edited=\u00bbon|tablet\u00bb body_font_size_phone=\u00bb39px\u00bb global_colors_info=\u00bb{}\u00bb][et_pb_slide _builder_version=\u00bb4.21.0&#8243; _module_preset=\u00bb2dc5af35-e1f8-410a-afef-aba0a25e6ce5&#8243; background_image=\u00bbhttps:\/\/hauxlifesupport.de\/wp-content\/uploads\/2023\/10\/Produkte_Tauchen_H_D.jpg\u00bb custom_padding=\u00bb|0px||0px|false|false\u00bb global_colors_info=\u00bb{}\u00bb sticky_transition=\u00bbon\u00bb][\/et_pb_slide][\/et_pb_slider][\/et_pb_column][\/et_pb_row][\/et_pb_section][et_pb_section fb_built=\u00bb1&#8243; admin_label=\u00bbWillkommen\u00bb _builder_version=\u00bb4.21.0&#8243; _module_preset=\u00bbf2843d24-ad56-442f-a9e1-e3041953524c\u00bb global_colors_info=\u00bb{}\u00bb][et_pb_row _builder_version=\u00bb4.21.0&#8243; _module_preset=\u00bb7cb6190c-4283-41e8-bb8b-ae469157ed96&#8243; custom_margin_tablet=\u00bb||0px||false|false\u00bb custom_margin_phone=\u00bb||0px||false|false\u00bb custom_margin_last_edited=\u00bbon|phone\u00bb custom_padding_tablet=\u00bb||0px||false|false\u00bb custom_padding_phone=\u00bb||0px||false|false\u00bb global_colors_info=\u00bb{}\u00bb][et_pb_column type=\u00bb4_4&#8243; _builder_version=\u00bb4.21.0&#8243; _module_preset=\u00bbdefault\u00bb global_colors_info=\u00bb{}\u00bb][et_pb_text _builder_version=\u00bb4.21.0&#8243; _module_preset=\u00bb1d6c08ce-9034-4863-b572-8d1f8fe79549&#8243; global_colors_info=\u00bb{}\u00bb]<\/p>\n<h1><strong>HAUX-LIFE-SUPPORT \u2013 Tecnolog\u00eda de buceo<\/strong><\/h1>\n<h2><span style=\"text-decoration: underline;\">Tecnolog\u00eda en sistemas modulares, Atenci\u00f3n orientada al cliente, Seguridad, Excelente relaci\u00f3n calidad &#8211; precio<\/span><\/h2>\n<p>[\/et_pb_text][\/et_pb_column][\/et_pb_row][et_pb_row _builder_version=\u00bb4.21.0&#8243; _module_preset=\u00bb3cb11947-cb60-4ac8-b6e8-a249bbc44256&#8243; global_colors_info=\u00bb{}\u00bb][et_pb_column type=\u00bb4_4&#8243; _builder_version=\u00bb4.21.0&#8243; _module_preset=\u00bbdefault\u00bb global_colors_info=\u00bb{}\u00bb][et_pb_text _builder_version=\u00bb4.21.0&#8243; _module_preset=\u00bb5a82baeb-455d-473e-b1fb-a29db5629153&#8243; border_style_bottom=\u00bbnone\u00bb global_colors_info=\u00bb{}\u00bb]<\/p>\n<p>El inter\u00e9s mundial por el buceo se ha ido incrementado notablemente en los a\u00f1os recientes, entre otras razones, por la disminuci\u00f3n de los recursos naturales.<\/p>\n<p>En los \u00faltimos a\u00f1os, un incontable n\u00famero de sistemas de c\u00e1maras hiperb\u00e1ricas dedicadas al buceo, han sido encargados a HAUX por sus clientes internacionales.<\/p>\n<p>Desde las peque\u00f1as unidades transportables como los sistemas <strong>HAUX-MEDISTAR<\/strong> y el <strong>HAUX-MEDILOCK<\/strong>, el sistema <strong>HAUX-STARCOM<\/strong> ya sea en su versi\u00f3n contenerizada o estacionaria; o sistemas completos de gran escala como el <strong>HAUX-DEEPSTAR<\/strong> o el simulador de buceo <strong>HAUX-DIVESTAR<\/strong>, nuestra tecnolog\u00eda\u00a0modular\u00a0nos permiten dise\u00f1ar el sistema \u00f3ptimo de acuerdo a sus requerimientos.<\/p>\n<p>[\/et_pb_text][\/et_pb_column][\/et_pb_row][\/et_pb_section][et_pb_section fb_built=\u00bb1&#8243; custom_padding_last_edited=\u00bbon|tablet\u00bb admin_label=\u00bbNews HAUX-LIFE-SUPPORT\u00bb _builder_version=\u00bb4.21.0&#8243; _module_preset=\u00bbf2843d24-ad56-442f-a9e1-e3041953524c\u00bb background_color=\u00bbRGBA(255,255,255,0)\u00bb background_image=\u00bbhttps:\/\/hauxlifesupport.de\/wp-content\/uploads\/2023\/06\/827aa74837e28e0ff72c3c9487b38e28.jpg\u00bb custom_padding=\u00bb||||false|false\u00bb custom_padding_tablet=\u00bb||||false|false\u00bb custom_padding_phone=\u00bb||||false|false\u00bb global_colors_info=\u00bb{}\u00bb][et_pb_row _builder_version=\u00bb4.21.0&#8243; _module_preset=\u00bb126ce2d4-8ee6-4926-a9d7-a28071ed68d8&#8243; global_colors_info=\u00bb{}\u00bb][et_pb_column type=\u00bb4_4&#8243; admin_label=\u00bbSpalte\u00bb _builder_version=\u00bb4.21.0&#8243; _module_preset=\u00bbdefault\u00bb global_colors_info=\u00bb{}\u00bb][dica_divi_carousel show_items_tablet=\u00bb2&#8243; arrow_nav_color=\u00bbgcid-8d004b11-584e-4716-8158-78133c0b6f77&#8243; arrow_position_tablet=\u00bbmiddle-inside\u00bb arrow_position_phone=\u00bbmiddle-inside\u00bb arrow_font_size_phone=\u00bb40px\u00bb admin_label=\u00bbDivi Carousel\u00bb _builder_version=\u00bb4.23.1&#8243; _module_preset=\u00bbe0e13787-200d-4cbc-abd0-a9d25c3c5a23&#8243; title_text_color=\u00bbgcid-8d004b11-584e-4716-8158-78133c0b6f77&#8243; hover_enabled=\u00bb0&#8243; global_colors_info=\u00bb{%22gcid-8d004b11-584e-4716-8158-78133c0b6f77%22:%91%22arrow_nav_color%22,%22title_text_color%22%93}\u00bb sticky_enabled=\u00bb0&#8243;][dica_divi_carouselitem title=\u00bbC\u00e1maras hiperb\u00e1ricas para buceo HAUX\u00bb button_text=\u00bbver m\u00e1s\u00bb button_url=\u00bbhttps:\/\/hauxlifesupport.de\/es\/productos\/tecnologia-de-buceo\/camaras-hiperbaricas-para-buceo-haux\/\u00bb button_url_new_window=\u00bb1&#8243; image=\u00bbhttps:\/\/hauxlifesupport.de\/wp-content\/uploads\/2023\/07\/HAUX-MEDILOCK-MEDISTAR_recompression_diving_transport_chamber_lock_1_500x375.jpg\u00bb image_padding=\u00bb||||false|false\u00bb content_padding=\u00bb||||false|false\u00bb button_margin=\u00bb||||false|false\u00bb button_padding=\u00bb||||false|false\u00bb custom_margin=\u00bb||||false|false\u00bb custom_padding=\u00bb||||false|false\u00bb _builder_version=\u00bb4.21.0&#8243; _module_preset=\u00bbdefault\u00bb header_level=\u00bbh3&#8243; header_font=\u00bb|700|||||||\u00bb header_text_color=\u00bbgcid-8d004b11-584e-4716-8158-78133c0b6f77&#8243; global_colors_info=\u00bb{%22gcid-8d004b11-584e-4716-8158-78133c0b6f77%22:%91%22header_text_color%22%93}\u00bb]<\/p>\n<p>Las unidades de buceo, ya sean buzos profesionales comerciales, instituciones de investigaci\u00f3n, polic\u00eda, bomberos, fuerzas de rescate, militares, escuelas de buceo o bases de&#8230;<\/p>\n<p>[\/dica_divi_carouselitem][dica_divi_carouselitem title=\u00bbSimuladores de buceo\u00bb button_text=\u00bbver m\u00e1s\u00bb button_url=\u00bbhttps:\/\/hauxlifesupport.de\/es\/productos\/tecnologia-de-buceo\/simuladores-de-buceo-haux-divestar\/\u00bb button_url_new_window=\u00bb1&#8243; image=\u00bbhttps:\/\/hauxlifesupport.de\/wp-content\/uploads\/2023\/07\/HAUX-DIVESTAR_DIVING_SIMULATOR_HAUX-STARCOM_2300_Chamber_hall_500x375.jpg\u00bb image_padding=\u00bb||||false|false\u00bb content_padding=\u00bb||||false|false\u00bb button_margin=\u00bb||||false|false\u00bb button_padding=\u00bb||||false|false\u00bb custom_margin=\u00bb||||false|false\u00bb custom_padding=\u00bb||||false|false\u00bb _builder_version=\u00bb4.21.0&#8243; _module_preset=\u00bbdefault\u00bb header_level=\u00bbh3&#8243; header_font=\u00bb|700|||||||\u00bb header_text_color=\u00bbgcid-8d004b11-584e-4716-8158-78133c0b6f77&#8243; global_colors_info=\u00bb{%22gcid-8d004b11-584e-4716-8158-78133c0b6f77%22:%91%22header_text_color%22%93}\u00bb]<\/p>\n<p>Para la formaci\u00f3n de buceadores, as\u00ed como para pruebas de equipos, HAUX-LIFE-SUPPORT fabrica complejos simuladores de buceo para la simulaci\u00f3n de&#8230;<\/p>\n<p>[\/dica_divi_carouselitem][dica_divi_carouselitem title=\u00bbSistemas de buceo profundo\u00bb button_text=\u00bbver m\u00e1s\u00bb button_url=\u00bbhttps:\/\/hauxlifesupport.de\/es\/productos\/tecnologia-de-buceo\/sistemas-de-buceo-profundo-haux-deepstar\/\u00bb button_url_new_window=\u00bb1&#8243; image=\u00bbhttps:\/\/hauxlifesupport.de\/wp-content\/uploads\/2023\/07\/HAUX-LIFE-SUPPORT_HAUX-DEEPSTAR_closed_deep_diving_bell_side_500x500-e1688640941642.png\u00bb image_padding=\u00bb||||false|false\u00bb content_padding=\u00bb||||false|false\u00bb button_margin=\u00bb||||false|false\u00bb button_padding=\u00bb||||false|false\u00bb custom_margin=\u00bb||||false|false\u00bb custom_padding=\u00bb||||false|false\u00bb _builder_version=\u00bb4.21.0&#8243; _module_preset=\u00bbdefault\u00bb header_level=\u00bbh3&#8243; header_font=\u00bb|700|||||||\u00bb header_text_color=\u00bbgcid-8d004b11-584e-4716-8158-78133c0b6f77&#8243; global_colors_info=\u00bb{%22gcid-8d004b11-584e-4716-8158-78133c0b6f77%22:%91%22header_text_color%22%93}\u00bb]<\/p>\n<p>El equipo de <strong>HAUX<\/strong> cuenta con la experiencia adquirida en la construcci\u00f3n de m\u00e1s de 30 sistemas de buceo profundo. <strong>HAUX-LIFE-SUPPORT<\/strong> dise\u00f1a, desarrolla y fabrica sistemas de buceo profundo y pozos h\u00famedos de cualquier tama\u00f1o&#8230;<\/p>\n<p>[\/dica_divi_carouselitem][dica_divi_carouselitem title=\u00bbHAUX-LSS\u00bb button_text=\u00bbver m\u00e1s\u00bb button_url=\u00bbhttps:\/\/hauxlifesupport.de\/es\/productos\/tecnologia-de-buceo\/haux-lss\/\u00bb button_url_new_window=\u00bb1&#8243; image=\u00bbhttps:\/\/hauxlifesupport.de\/wp-content\/uploads\/2023\/07\/HAUX-DEEPSTAR_HAUX-LSS_deep_diving_life_support_system_CO2_scrubber_500x375.png\u00bb image_padding=\u00bb||||false|false\u00bb content_padding=\u00bb||||false|false\u00bb button_margin=\u00bb||||false|false\u00bb button_padding=\u00bb||||false|false\u00bb custom_margin=\u00bb||||false|false\u00bb custom_padding=\u00bb||||false|false\u00bb _builder_version=\u00bb4.21.0&#8243; _module_preset=\u00bbdefault\u00bb header_level=\u00bbh3&#8243; header_font=\u00bb|700|||||||\u00bb header_text_color=\u00bbgcid-8d004b11-584e-4716-8158-78133c0b6f77&#8243; global_colors_info=\u00bb{%22gcid-8d004b11-584e-4716-8158-78133c0b6f77%22:%91%22header_text_color%22%93}\u00bb]<\/p>\n<p>El <strong>HAUX-LSS<\/strong> se utiliza para mantener la respirabilidad de atm\u00f3sferas de c\u00e1maras hiperb\u00e1ricas. El sistema funciona mediante acondicionamiento de gases en un sistema cerrado. La atm\u00f3sfera de la c\u00e1mara es&#8230;.<\/p>\n<p>[\/dica_divi_carouselitem][\/dica_divi_carousel][\/et_pb_column][\/et_pb_row][\/et_pb_section]<\/p>\n","protected":false},"excerpt":{"rendered":"<p>HAUX-LIFE-SUPPORT \u2013 Tecnolog\u00eda de buceo Tecnolog\u00eda en sistemas modulares, Atenci\u00f3n orientada al cliente, Seguridad, Excelente relaci\u00f3n calidad &#8211; precioEl inter\u00e9s mundial por el buceo se ha ido incrementado notablemente en los a\u00f1os recientes, entre otras razones, por la disminuci\u00f3n de los recursos naturales. En los \u00faltimos a\u00f1os, un incontable n\u00famero de sistemas de c\u00e1maras hiperb\u00e1ricas [&hellip;]<\/p>\n","protected":false},"author":1,"featured_media":0,"parent":240688,"menu_order":120,"comment_status":"closed","ping_status":"closed","template":"","meta":{"_et_pb_use_builder":"on","_et_pb_old_content":"","_et_gb_content_width":"","_relevanssi_hide_post":"","_relevanssi_hide_content":"","_relevanssi_pin_for_all":"","_relevanssi_pin_keywords":"","_relevanssi_unpin_keywords":"","_relevanssi_related_keywords":"","_relevanssi_related_include_ids":"","_relevanssi_related_exclude_ids":"","_relevanssi_related_no_append":"","_relevanssi_related_not_related":"","_relevanssi_related_posts":"","_relevanssi_noindex_reason":"","footnotes":""},"class_list":["post-240694","page","type-page","status-publish","hentry"],"_links":{"self":[{"href":"https:\/\/hauxlifesupport.de\/es\/wp-json\/wp\/v2\/pages\/240694","targetHints":{"allow":["GET"]}}],"collection":[{"href":"https:\/\/hauxlifesupport.de\/es\/wp-json\/wp\/v2\/pages"}],"about":[{"href":"https:\/\/hauxlifesupport.de\/es\/wp-json\/wp\/v2\/types\/page"}],"author":[{"embeddable":true,"href":"https:\/\/hauxlifesupport.de\/es\/wp-json\/wp\/v2\/users\/1"}],"replies":[{"embeddable":true,"href":"https:\/\/hauxlifesupport.de\/es\/wp-json\/wp\/v2\/comments?post=240694"}],"version-history":[{"count":10,"href":"https:\/\/hauxlifesupport.de\/es\/wp-json\/wp\/v2\/pages\/240694\/revisions"}],"predecessor-version":[{"id":243393,"href":"https:\/\/hauxlifesupport.de\/es\/wp-json\/wp\/v2\/pages\/240694\/revisions\/243393"}],"up":[{"embeddable":true,"href":"https:\/\/hauxlifesupport.de\/es\/wp-json\/wp\/v2\/pages\/240688"}],"wp:attachment":[{"href":"https:\/\/hauxlifesupport.de\/es\/wp-json\/wp\/v2\/media?parent=240694"}],"curies":[{"name":"wp","href":"https:\/\/api.w.org\/{rel}","templated":true}]}}