{"id":240692,"date":"2023-06-26T10:56:58","date_gmt":"2023-06-26T08:56:58","guid":{"rendered":"https:\/\/hauxlifesupport.de\/?page_id=240692"},"modified":"2023-10-10T14:48:47","modified_gmt":"2023-10-10T12:48:47","slug":"tecnologia-medica","status":"publish","type":"page","link":"https:\/\/hauxlifesupport.de\/es\/productos\/tecnologia-medica\/","title":{"rendered":"Tecnolog\u00eda M\u00e9dica"},"content":{"rendered":"<p>[et_pb_section fb_built=\u00bb1&#8243; admin_label=\u00bbSlider\u00bb _builder_version=\u00bb4.21.0&#8243; _module_preset=\u00bbdefault\u00bb width=\u00bb100%\u00bb max_width=\u00bb100%\u00bb custom_padding=\u00bb0px||0px||false|false\u00bb custom_padding_tablet=\u00bb0px||0px||false|false\u00bb custom_padding_phone=\u00bb0px||0px||false|false\u00bb global_colors_info=\u00bb{}\u00bb][et_pb_row _builder_version=\u00bb4.21.0&#8243; _module_preset=\u00bbdefault\u00bb background_enable_color=\u00bboff\u00bb width=\u00bb100%\u00bb width_tablet=\u00bb100%\u00bb width_phone=\u00bb100%\u00bb width_last_edited=\u00bbon|desktop\u00bb max_width=\u00bb100%\u00bb module_alignment=\u00bbleft\u00bb custom_margin=\u00bb0px||0px||false|false\u00bb custom_margin_tablet=\u00bb|0px||0px|false|false\u00bb custom_padding=\u00bb0px||0px||false|false\u00bb custom_padding_tablet=\u00bb|0px||0px|false|true\u00bb global_colors_info=\u00bb{}\u00bb][et_pb_column type=\u00bb4_4&#8243; _builder_version=\u00bb4.21.0&#8243; _module_preset=\u00bbdefault\u00bb background_enable_color=\u00bboff\u00bb global_colors_info=\u00bb{}\u00bb][et_pb_slider _builder_version=\u00bb4.21.0&#8243; _module_preset=\u00bbdefault\u00bb custom_padding_tablet=\u00bb180px|0px|180px|0px|false|false\u00bb hover_enabled=\u00bb0&#8243; header_font_size_tablet=\u00bb\u00bb header_font_size_phone=\u00bb39px\u00bb header_font_size_last_edited=\u00bbon|tablet\u00bb body_font_size_phone=\u00bb39px\u00bb global_colors_info=\u00bb{}\u00bb sticky_enabled=\u00bb0&#8243;][et_pb_slide _builder_version=\u00bb4.21.0&#8243; _module_preset=\u00bbdefault\u00bb background_image=\u00bbhttps:\/\/hauxlifesupport.de\/wp-content\/uploads\/2023\/10\/Produkte_Medizin_H_D.jpg\u00bb custom_padding=\u00bb|0px||0px|false|false\u00bb hover_enabled=\u00bb0&#8243; global_colors_info=\u00bb{}\u00bb sticky_transition=\u00bbon\u00bb title_text=\u00bbProdukte_Medizin_H_D\u00bb sticky_enabled=\u00bb0&#8243;][\/et_pb_slide][\/et_pb_slider][\/et_pb_column][\/et_pb_row][\/et_pb_section][et_pb_section fb_built=\u00bb1&#8243; admin_label=\u00bbWillkommen\u00bb _builder_version=\u00bb4.21.0&#8243; _module_preset=\u00bbdefault\u00bb global_colors_info=\u00bb{}\u00bb][et_pb_row _builder_version=\u00bb4.21.0&#8243; _module_preset=\u00bb_initial\u00bb custom_margin_tablet=\u00bb||0px||false|false\u00bb custom_margin_phone=\u00bb||0px||false|false\u00bb custom_margin_last_edited=\u00bbon|phone\u00bb custom_padding_tablet=\u00bb||0px||false|false\u00bb custom_padding_phone=\u00bb||0px||false|false\u00bb global_colors_info=\u00bb{}\u00bb][et_pb_column type=\u00bb4_4&#8243; _builder_version=\u00bb4.21.0&#8243; _module_preset=\u00bbdefault\u00bb global_colors_info=\u00bb{}\u00bb][et_pb_text _builder_version=\u00bb4.21.0&#8243; _module_preset=\u00bb1d6c08ce-9034-4863-b572-8d1f8fe79549&#8243; global_colors_info=\u00bb{}\u00bb]<\/p>\n<h1><strong>HAUX-LIFE-SUPPORT \u2013 Tecnolog\u00eda M\u00e9dica<\/strong><\/h1>\n<h2><span style=\"text-decoration: underline;\">Tecnolog\u00eda modular, atenci\u00f3n orientada al cliente, seguridad, excelente relaci\u00f3n calidad-precio<\/span><\/h2>\n<p>[\/et_pb_text][\/et_pb_column][\/et_pb_row][et_pb_row _builder_version=\u00bb4.21.0&#8243; _module_preset=\u00bb_initial\u00bb global_colors_info=\u00bb{}\u00bb][et_pb_column type=\u00bb4_4&#8243; _builder_version=\u00bb4.21.0&#8243; _module_preset=\u00bbdefault\u00bb global_colors_info=\u00bb{}\u00bb][et_pb_text _builder_version=\u00bb4.21.0&#8243; _module_preset=\u00bbdefault\u00bb border_style_bottom=\u00bbnone\u00bb global_colors_info=\u00bb{}\u00bb]<\/p>\n<p>El inter\u00e9s en el uso cl\u00ednico y ambulatorio de la oxigenoterapia hiperb\u00e1rica ha crecido continua y progresivamente; de esta manera hemos instalado en los \u00faltimos a\u00f1os incontables sistemas de c\u00e1maras hiperb\u00e1ricas terap\u00e9uticas de la familia HAUX-STARMED-QUADRO.<\/p>\n<p>Ya sea una c\u00e1mara individual de la serie HAUX-OXYSTAR, o una c\u00e1mara multipersonal de forma cil\u00edndrica como lo es la HAUX-STARMED en forma rectangular como la HAUX-MINI-QUADRO, o HAUX-QUADRO; en conjunto con ustedes podemos concebir una soluci\u00f3n \u00f3ptima de acuerdo a sus necesidades.<\/p>\n<p>Basado en nuestra larga experiencia en la terapia de oxigenaci\u00f3n hiperb\u00e1rica y el intenso trabajo en conjunto con nuestros clientes localizados alrededor del mundo, conocemos el m\u00e1s m\u00ednimo detalle en la construcci\u00f3n y equipamiento de sistemas de c\u00e1maras hiperb\u00e1ricas. La seguridad en nuestros sistemas es nuestra m\u00e1xima prioridad, seguido por el confort de los pacientes y usuarios, as\u00ed como la facilidad de operaci\u00f3n.<\/p>\n<p>Perm\u00edtanos conocer sus necesidades espec\u00edficas. Con el sistema modular HAUX es posible materializar una soluci\u00f3n que corresponda a sus requerimientos m\u00e9dicos, t\u00e9cnicos y financieros.<\/p>\n<p>[\/et_pb_text][\/et_pb_column][\/et_pb_row][et_pb_row _builder_version=\u00bb4.21.0&#8243; _module_preset=\u00bb_initial\u00bb global_colors_info=\u00bb{}\u00bb][et_pb_column type=\u00bb4_4&#8243; _builder_version=\u00bb4.21.0&#8243; _module_preset=\u00bbdefault\u00bb global_colors_info=\u00bb{}\u00bb][et_pb_accordion _builder_version=\u00bb4.21.0&#8243; _module_preset=\u00bbdefault\u00bb global_colors_info=\u00bb{}\u00bb][et_pb_accordion_item title=\u00bbHAUX-QUADRO\u00bb open=\u00bbon\u00bb _builder_version=\u00bb4.21.0&#8243; _module_preset=\u00bbdefault\u00bb global_colors_info=\u00bb{}\u00bb]<\/p>\n<p><img loading=\"lazy\" decoding=\"async\" src=\"https:\/\/hauxlifesupport.de\/wp-content\/uploads\/2023\/07\/HAUX-QUADRO_Lille_2_hbo_therapy_rectangular_chamber_500x375.jpg\" alt=\"\" class=\"wp-image-1396 alignnone size-full\" width=\"500\" height=\"375\" title=\"\" srcset=\"https:\/\/hauxlifesupport.de\/wp-content\/uploads\/2023\/07\/HAUX-QUADRO_Lille_2_hbo_therapy_rectangular_chamber_500x375.jpg 500w, https:\/\/hauxlifesupport.de\/wp-content\/uploads\/2023\/07\/HAUX-QUADRO_Lille_2_hbo_therapy_rectangular_chamber_500x375-480x360.jpg 480w\" sizes=\"auto, (min-width: 0px) and (max-width: 480px) 480px, (min-width: 481px) 500px, 100vw\" \/> <img loading=\"lazy\" decoding=\"async\" src=\"https:\/\/hauxlifesupport.de\/wp-content\/uploads\/2023\/07\/HAUX-QUADRO_control_station_rectangular_hbo_therapy_chamber_500x373_96dpi.jpg\" alt=\"\" class=\"wp-image-1392 alignnone size-full\" width=\"500\" height=\"373\" title=\"\" srcset=\"https:\/\/hauxlifesupport.de\/wp-content\/uploads\/2023\/07\/HAUX-QUADRO_control_station_rectangular_hbo_therapy_chamber_500x373_96dpi.jpg 500w, https:\/\/hauxlifesupport.de\/wp-content\/uploads\/2023\/07\/HAUX-QUADRO_control_station_rectangular_hbo_therapy_chamber_500x373_96dpi-480x358.jpg 480w\" sizes=\"auto, (min-width: 0px) and (max-width: 480px) 480px, (min-width: 481px) 500px, 100vw\" \/> <img loading=\"lazy\" decoding=\"async\" src=\"https:\/\/hauxlifesupport.de\/wp-content\/uploads\/2023\/07\/HAUX-QUADRO_3100-2300_rectangular_hbo_therapy_hyperbaric_chamber_500x373.jpg\" alt=\"\" class=\"wp-image-1388 alignnone size-full\" width=\"500\" height=\"373\" title=\"\" srcset=\"https:\/\/hauxlifesupport.de\/wp-content\/uploads\/2023\/07\/HAUX-QUADRO_3100-2300_rectangular_hbo_therapy_hyperbaric_chamber_500x373.jpg 500w, https:\/\/hauxlifesupport.de\/wp-content\/uploads\/2023\/07\/HAUX-QUADRO_3100-2300_rectangular_hbo_therapy_hyperbaric_chamber_500x373-480x358.jpg 480w\" sizes=\"auto, (min-width: 0px) and (max-width: 480px) 480px, (min-width: 481px) 500px, 100vw\" \/><\/p>\n<p>Con el sistema modular HAUX es posible concebir sistemas <strong>HAUX-QUADRO <\/strong>que se ajusten\u00a0\u00f3ptimamente a los requerimientos\u00a0m\u00e9dicos, t\u00e9cnicos y financieros del usuario.<\/p>\n<p>El sistema <strong>HAUX-QUADRO<\/strong>,\u00a0con su forma rectangular, brinda un espacio optimizado para los pacientes y usuarios, en comparaci\u00f3n con el formato cil\u00edndrico de la serie<strong> <\/strong>HAUX-STARMED.<\/p>\n<p>Un ejemplo de los nuevos est\u00e1ndares que se han establecido alrededor del mundo,\u00a0es el <strong>sistema HAUX-QUADRO<\/strong> instalado en el hospital universitario en la ciudad de Lille, en Francia.<\/p>\n<p>Beneficiece de nuestros mas de 40 a\u00f1os de experiencia y de los mas de 1500 sistemas hiperb\u00e1ricos instalados en todo el mundo.<\/p>\n<p><strong>Algunas de las caracteristicas destacadas y ventajas especiales de la familia HAUX-QUADRO:<\/strong><\/p>\n<ul>\n<li>Sistemas con c\u00e1mara principal y antec\u00e1mara como una c\u00e1mara de\u00a0dos compartimientos o un sistema de dos c\u00e1maras principales con\u00a0tres o cuatro compartimientos.<\/li>\n<li>Las dimensiones longitudinales de\u00a0la c\u00e1mara (ancho interno) pueden variar desde 2.000 mm hasta 3.500 mm. de largo seg\u00fan\u00a0las necesidades:\u00a0Mayores dimensiones bajo pedido.<\/li>\n<li>La presi\u00f3n de trabajo est\u00e1ndar es de 2 bar (3 ATA) y en versiones especiales hasta 5 bar (6 ATA). Presiones de trabajo mayor bajo pedido.<\/li>\n<li>La capacidad puede ser\u00a0desde\u00a02 hasta 24 pacientes o m\u00e1s (sentados en asientos confortables o en silla de ruedas, acostados en una cama de terapia intensiva o en una camilla)<\/li>\n<li>Una amplia\u00a0variedad de\u00a0puertas rectangulares, incluyendo aquellas que pueden ser\u00a0accesibles con\u00a0camas de terapia intensiva. Tambi\u00e9n contamos con\u00a0puertas corredizas, dise\u00f1adas especialmente para optimizar el espacio interior de la c\u00e1mara, estas adem\u00e1s pueden ser operadas manual\u00a0o autom\u00e1ticamente.<\/li>\n<li>El sistema especial HAUX de nivelaci\u00f3n del piso permite tener puertas sin obst\u00e1culos que permitan ingresar comodamente al interior de la c\u00e1mara sin necesidad de rampas o escalones.<\/li>\n<li>Las ventanas HAUX-MASTERWINDOW permiten un excelente contacto visual con los pacientes, gracias a su \u00f3ptimizada ubicaci\u00f3n y \u00e1ngulo de instalaci\u00f3n. El di\u00e1metro de las ventanas pueden variar desde los 300 mm hasta 700mm.<\/li>\n<li>Los sistemas computarizados HAUX-DECOMAT 4.0 y HAUX-DECOSUPPORT permiten el control y la operaci\u00f3n de la c\u00e1mara de una manera amigable y sencilla.<\/li>\n<li>Confort para los pacientes gracias a la comodidad de los asientos.<\/li>\n<li>De manera opcional puede incluir el sistema de entretenimiento de audio y\u00a0video, as\u00ed como el sistema HAUX-HEAT\/HAUX-COOLMASTER que permite controlar la\u00a0temperatura en el interior de la c\u00e1mara<\/li>\n<li>La tecnolog\u00eda\u00a0HAUX-Roll-On\/Roll-Off permite el cambio r\u00e1pido de asientos por\u00a0camillas.<\/li>\n<li>Contamos con una amplia variedad equipamiento\u00a0m\u00e9dico modular, como lo es el sistema de monitoreo m\u00e9dico HXMM, el equipo de respiraci\u00f3n, las bombas de infusi\u00f3n y los sistemas de succi\u00f3n.<\/li>\n<li>Los sistemas de extinci\u00f3n de incendios HAUX-SPRAY-FOG o HAUX-SPRINKLER han sido desarrollados especialmente para obtener una mayor efectividad y ajustarse a los est\u00e1ndares requeridos.<\/li>\n<li>El nuevo sistema de respiraci\u00f3n de ox\u00edgeno HAUX-OXYMASTER permite la respiraci\u00f3n con un m\u00ednimo de resistencia a trav\u00e9s de un inyector de apoyo. La mayor\u00eda de las piezas se encuentran fabricadas en acero inoxidable.<\/li>\n<\/ul>\n<p>[\/et_pb_accordion_item][et_pb_accordion_item title=\u00bbHAUX-STARMED\u00bb _builder_version=\u00bb4.21.0&#8243; _module_preset=\u00bbdefault\u00bb global_colors_info=\u00bb{}\u00bb open=\u00bboff\u00bb]<\/p>\n<p><img loading=\"lazy\" decoding=\"async\" src=\"https:\/\/hauxlifesupport.de\/wp-content\/uploads\/2023\/07\/HAUX-STARMED_cylindrical_omega_hbo_chamber_500x375_norw.jpg\" alt=\"\" class=\"wp-image-1408 alignnone size-full\" width=\"500\" height=\"375\" title=\"\" srcset=\"https:\/\/hauxlifesupport.de\/wp-content\/uploads\/2023\/07\/HAUX-STARMED_cylindrical_omega_hbo_chamber_500x375_norw.jpg 500w, https:\/\/hauxlifesupport.de\/wp-content\/uploads\/2023\/07\/HAUX-STARMED_cylindrical_omega_hbo_chamber_500x375_norw-480x360.jpg 480w\" sizes=\"auto, (min-width: 0px) and (max-width: 480px) 480px, (min-width: 481px) 500px, 100vw\" \/> <img loading=\"lazy\" decoding=\"async\" src=\"https:\/\/hauxlifesupport.de\/wp-content\/uploads\/2023\/07\/HAUX-STARMED_interior_500x375.jpg\" alt=\"\" class=\"wp-image-1412 alignnone size-full\" width=\"500\" height=\"375\" title=\"\" srcset=\"https:\/\/hauxlifesupport.de\/wp-content\/uploads\/2023\/07\/HAUX-STARMED_interior_500x375.jpg 500w, https:\/\/hauxlifesupport.de\/wp-content\/uploads\/2023\/07\/HAUX-STARMED_interior_500x375-480x360.jpg 480w\" sizes=\"auto, (min-width: 0px) and (max-width: 480px) 480px, (min-width: 481px) 500px, 100vw\" \/> <img loading=\"lazy\" decoding=\"async\" src=\"https:\/\/hauxlifesupport.de\/wp-content\/uploads\/2023\/07\/HAUX-STARMED_2000_HBO_CYLINDRICAL_CHAMBER_control_station_min-1.jpg\" alt=\"\" class=\"wp-image-1404 alignnone size-full\" width=\"500\" height=\"375\" title=\"\" srcset=\"https:\/\/hauxlifesupport.de\/wp-content\/uploads\/2023\/07\/HAUX-STARMED_2000_HBO_CYLINDRICAL_CHAMBER_control_station_min-1.jpg 500w, https:\/\/hauxlifesupport.de\/wp-content\/uploads\/2023\/07\/HAUX-STARMED_2000_HBO_CYLINDRICAL_CHAMBER_control_station_min-1-480x360.jpg 480w\" sizes=\"auto, (min-width: 0px) and (max-width: 480px) 480px, (min-width: 481px) 500px, 100vw\" \/> <img loading=\"lazy\" decoding=\"async\" src=\"https:\/\/hauxlifesupport.de\/wp-content\/uploads\/2023\/07\/HAUX-STARMED_2000_HBO_CYLINDRICAL_CHAMBER_3D.jpg\" alt=\"\" class=\"wp-image-1400 alignnone size-full\" width=\"500\" height=\"402\" title=\"\" srcset=\"https:\/\/hauxlifesupport.de\/wp-content\/uploads\/2023\/07\/HAUX-STARMED_2000_HBO_CYLINDRICAL_CHAMBER_3D.jpg 500w, https:\/\/hauxlifesupport.de\/wp-content\/uploads\/2023\/07\/HAUX-STARMED_2000_HBO_CYLINDRICAL_CHAMBER_3D-480x386.jpg 480w\" sizes=\"auto, (min-width: 0px) and (max-width: 480px) 480px, (min-width: 481px) 500px, 100vw\" \/><\/p>\n<p>El sistema modular HAUX es posible concebir <strong>sistemas HAUX-STARMED<\/strong> que se ajusten \u00f3ptimamente a los requerimientos\u00a0m\u00e9dicos, t\u00e9cnicos y financieros del usuario.<\/p>\n<p>Nuestra empresa cuenta con mas de 40 a\u00f1os de experiencia y de los mas de 1500 sistemas de c\u00e1maras hiperb\u00e1ricas que hemos implementado alrededor del mundo, los cuales incluyen un incontable n\u00famero del sistema con fines m\u00e9dicos <strong>HAUX-STARMED<\/strong>.<\/p>\n<p><strong>Algunas de las caracteristicas destacadas y ventajas especiales de la familia HAUX-STARMED:<\/strong><\/p>\n<ul>\n<li>C\u00e1maras con di\u00e1metros que van desde 1800mm hasta 3200 mm o mayor.<\/li>\n<li>Las presi\u00f3nes de trabajo van desde los 2 bar (3 ATA), pasando por los 5 bar, (6 ATA) hasta llegar a los 20 bar (21 ATA) y en sistemas especiales a\u00fan m\u00e1s.<\/li>\n<li>La capacidad puede ser\u00a0desde\u00a02 hasta 24 pacientes o m\u00e1s<\/li>\n<li>Sistemas con c\u00e1mara principal y antec\u00e1mara como una c\u00e1mara de\u00a0dos compartimientos o un sistema de dos c\u00e1maras principales con\u00a0tres o cuatro compartimientos.<\/li>\n<li>Una amplia\u00a0variedad de\u00a0puertas, con formas rectangulares o circulares y diversos tama\u00f1os dependiendo de las dimensiones de la c\u00e1mara. Opcionalmente puede contar con una puertas corredizas, dise\u00f1adas especialmente para optimizar el espacio interior<\/li>\n<li>de la c\u00e1mara y permitir el acceso de camillas de cuidados intensivos.<\/li>\n<li>Un excelente contacto visual con los pacientes a trav\u00e9s de las ventanas HAUX-MASTERWINDOW, debido a su \u00fabicacion \u00f3ptimizada y su \u00e1ngulo de instalaci\u00f3n. El di\u00e1metro de las ventanas pueden variar entre 150mm, 200mm, 250mm, 300mm o 400mm.<\/li>\n<li>Los sistemas computarizados HAUX-DECOMAT 4.0 y HAUX-DECOSUPPORT permiten el control y la operaci\u00f3n de la c\u00e1mara de una manera amigable y sencilla.<\/li>\n<li>Comodidad para los pacientes gracias a sus asientos confortables.<\/li>\n<li>De manera opcional puede incluir el sistema de entretenimiento de audio y\u00a0video, as\u00ed como el sistema HAUX-HEAT\/HAUX-COOLMASTER que permite controlar la\u00a0temperatura en el interior de la c\u00e1mara<\/li>\n<li>La tecnolog\u00eda\u00a0HAUX-Roll-On\/Roll-Off permite el cambio r\u00e1pido de asientos por\u00a0camillas.<\/li>\n<li>Para un \u00f3ptimo uso del espacio, hemos desarrollado el HAUX-Planwand as\u00ed como el HAUX-Planboden, que permiten tener pisos y paredes planos que soportan las altas presiones a las cu\u00e1les son sometidos, adem\u00e1s permiten un acceso c\u00f3modo y nivelado, sin necesidad de rampas o escaloes<\/li>\n<li>La c\u00e1mara no cuenta con sentinas, ya que estas requieren mantenimiento exhaustivamento. La c\u00e1mara con su silueta baja (forma de omega) facilita la instalaci\u00f3n.<\/li>\n<li>Contamos con una amplia variedad equipamiento\u00a0m\u00e9dico modular, como lo son el sistema de monitoreo m\u00e9dico HXMM, el equipo de respiraci\u00f3n, las bombas de infusi\u00f3n y los sistemas de succi\u00f3n.<\/li>\n<li>Los sistemas de extinci\u00f3n de incendios HAUX-SPRAY-FOG o HAUX-SPRINKLER han sido desarrollados especialmente para obtener una mayor efectividad y ajustarse a los est\u00e1ndares requeridos.<\/li>\n<li>El nuevo sistema de respiraci\u00f3n de ox\u00edgeno HAUX-OXYMASTER permite la respiraci\u00f3n con un m\u00ednimo de resistencia a trav\u00e9s de un inyector de apoyo. La mayor\u00eda de las piezas se encuentran fabricadas en acero inoxidable.<\/li>\n<\/ul>\n<p>[\/et_pb_accordion_item][et_pb_accordion_item title=\u00bbHAUX-MINI-QUADRO-DUOX\u00bb _builder_version=\u00bb4.21.0&#8243; _module_preset=\u00bbdefault\u00bb global_colors_info=\u00bb{}\u00bb open=\u00bboff\u00bb]<\/p>\n<p>HAUX-LIFE-SUPPORT ha desarrollado la <strong>HAUX-MINI-QUADRO-DUOX<\/strong> una c\u00e1mara hiperb\u00e1rica que gracias a su construcci\u00f3n rectangular ahorra el uso del espacio. La c\u00e1mara puede albergar de 3 a\u00a06 pacientes c\u00f3modamente sentados, o en su configuraci\u00f3n\u00a0DUOX que permite alojar un paciente acostado con su acompa\u00f1ante. El puesto de mando se encuentra directamente en la parte frontal de la c\u00e1mara, desde donde es posible el contacto visual directo de los operadores de la c\u00e1mara con los\u00a0ocupantes de la misma, gracias a\u00a0la gran ventana de observaci\u00f3n con la que cuenta. Nuestro sistema de intercomunicaci\u00f3n HAUX-TALKMASTER permite la comunicaci\u00f3n auditiva con los ocupantes de la c\u00e1mara.<\/p>\n<p>La c\u00e1mara consta de una c\u00e1mara principal en la que los pacientes pueden respiran ox\u00edgeno puro o aire atrav\u00e9s de m\u00e1scarillas, y una antec\u00e1mara a trav\u00e9s de la cual los pacientes pueden ser ingresar o desalojar la c\u00e1mara principal.<\/p>\n<p>Naturalmente nuestros clientes pueden integrar los sistemas computarizados<\/p>\n<ul>\n<li>HAUX-DECOMAT 4.0 y\/o<\/li>\n<li>HAUX-MEDICAL-MONITORING<\/li>\n<\/ul>\n<p>adem\u00e1s es posible solicitar equipamiento extra.<\/p>\n<p>[\/et_pb_accordion_item][et_pb_accordion_item title=\u00bbHAUX-OXYSTAR\u00bb _builder_version=\u00bb4.21.0&#8243; _module_preset=\u00bbdefault\u00bb global_colors_info=\u00bb{}\u00bb open=\u00bboff\u00bb]<\/p>\n<p><img loading=\"lazy\" decoding=\"async\" src=\"https:\/\/hauxlifesupport.de\/wp-content\/uploads\/2023\/07\/HAUX-OXYSTAR-1000_single_person_monoplace_hbo_chamber_500x375_01.jpg\" alt=\"\" class=\"wp-image-1416 alignnone size-full\" width=\"500\" height=\"376\" title=\"\" srcset=\"https:\/\/hauxlifesupport.de\/wp-content\/uploads\/2023\/07\/HAUX-OXYSTAR-1000_single_person_monoplace_hbo_chamber_500x375_01.jpg 500w, https:\/\/hauxlifesupport.de\/wp-content\/uploads\/2023\/07\/HAUX-OXYSTAR-1000_single_person_monoplace_hbo_chamber_500x375_01-480x361.jpg 480w\" sizes=\"auto, (min-width: 0px) and (max-width: 480px) 480px, (min-width: 481px) 500px, 100vw\" \/> <img loading=\"lazy\" decoding=\"async\" src=\"https:\/\/hauxlifesupport.de\/wp-content\/uploads\/2023\/07\/HAUX-OXYSTAR-1000_single_person_monoplace_hbo_chamber_trolley_500x375.jpg\" alt=\"\" class=\"wp-image-1420 alignnone size-full\" width=\"500\" height=\"375\" title=\"\" srcset=\"https:\/\/hauxlifesupport.de\/wp-content\/uploads\/2023\/07\/HAUX-OXYSTAR-1000_single_person_monoplace_hbo_chamber_trolley_500x375.jpg 500w, https:\/\/hauxlifesupport.de\/wp-content\/uploads\/2023\/07\/HAUX-OXYSTAR-1000_single_person_monoplace_hbo_chamber_trolley_500x375-480x360.jpg 480w\" sizes=\"auto, (min-width: 0px) and (max-width: 480px) 480px, (min-width: 481px) 500px, 100vw\" \/><\/p>\n<p>Con los nuevos modelos <strong>800<\/strong>, <strong>1000<\/strong> y <strong>2000 <\/strong>de la generaci\u00f3n <strong>HAUX-OXYSTAR<\/strong>, le ofrecemos\u00a0una serie de c\u00e1maras individuales de primera clase que\u00a0cumplen, no s\u00f3lo con los\u00a0est\u00e1ndares m\u00e9dicos m\u00e1s altos, sino tambi\u00e9n\u00a0con\u00a0todos los requisitos de confort.<\/p>\n<p>Esta serie de c\u00e1maras ofrece una versi\u00f3n\u00a0moderna de\u00a0c\u00e1maras individuales para\u00a0terap\u00edas hiperb\u00e1ricas, que gracias\u00a0a su tama\u00f1o compacto y a su base m\u00f3vil\u00a0puede ser utilizada de forma extremadamente flexible. incluso en habitaciones peque\u00f1as.<\/p>\n<p>El tablero de mando, con su dise\u00f1o ergon\u00f3mico, cuenta con un sistema de monitoreo computarizado que\u00a0proporciona un control seguro de la c\u00e1mara.<\/p>\n<p>El cilindro de vidrio acr\u00edlico transparente ofrece la observaci\u00f3n\u00a0\u00f3ptima\u00a0del paciente durante el tratamiento y, por lo tanto contribuye al \u00e9xito del mismo.<\/p>\n<p>En la versi\u00f3n optimizada de la terapia hiperb\u00e1rica,\u00a0el paciente respira ox\u00edgeno puro a trav\u00e9s de una mascarilla; el uso de esta\u00a0evita que el ox\u00edgeno se progague en el interior de la c\u00e1mara. El aire exhalado por el paciente es canalizado directamente al exterior de la c\u00e1mara de esta manera la concentraci\u00f3n de ox\u00edgeno en el interior de la c\u00e1mara se puede mantiene siempre por debajo de 23%.<\/p>\n<p>Ofrecemos tambi\u00e9n diversas\u00a0opciones de equipamiento como lo son:<\/p>\n<ul>\n<li>Respiradores<\/li>\n<li>Bombas de Infusi\u00f3n<\/li>\n<li>HMMS (HAUX-MEDICAL-MONITORING-SYSTEM) El sistema\u00a0de monitoreo m\u00e9dico HAUX<\/li>\n<li>HAUX-DECOMAT 4.0<\/li>\n<\/ul>\n<p>El <strong>HAUX-OXYSTAR <\/strong>se puede conseguir en tres diferentes variantes.<\/p>\n<ul>\n<li><strong>HAUX-OXYSTAR 800<\/strong>: Nuestro modelo b\u00e1sico, que siendo el m\u00e1s econ\u00f3mico ofrece todas funcionalidades anterior descritas.<\/li>\n<li><strong>HAUX-OXYSTAR 1000<\/strong>: Moldelo Confort, el cual\u00a0adem\u00e1s proporciona la mejor comodidad para satisfacer las necesidades del paciente.<\/li>\n<li><strong>HAUX-OXYSTAR 1200<\/strong>: Modelo Premium. La versi\u00f3n Premium de las c\u00e1maras individuales cuenta con el confort m\u00e1s alto y ofrece el mejor bienestar para el paciente durante el tratamiento.<\/li>\n<\/ul>\n<p>[\/et_pb_accordion_item][\/et_pb_accordion][\/et_pb_column][\/et_pb_row][\/et_pb_section]<\/p>\n","protected":false},"excerpt":{"rendered":"<p>HAUX-LIFE-SUPPORT \u2013 Tecnolog\u00eda M\u00e9dica Tecnolog\u00eda modular, atenci\u00f3n orientada al cliente, seguridad, excelente relaci\u00f3n calidad-precioEl inter\u00e9s en el uso cl\u00ednico y ambulatorio de la oxigenoterapia hiperb\u00e1rica ha crecido continua y progresivamente; de esta manera hemos instalado en los \u00faltimos a\u00f1os incontables sistemas de c\u00e1maras hiperb\u00e1ricas terap\u00e9uticas de la familia HAUX-STARMED-QUADRO. Ya sea una c\u00e1mara individual de [&hellip;]<\/p>\n","protected":false},"author":1,"featured_media":0,"parent":240688,"menu_order":110,"comment_status":"closed","ping_status":"closed","template":"","meta":{"_et_pb_use_builder":"on","_et_pb_old_content":"","_et_gb_content_width":"","_relevanssi_hide_post":"","_relevanssi_hide_content":"","_relevanssi_pin_for_all":"","_relevanssi_pin_keywords":"","_relevanssi_unpin_keywords":"","_relevanssi_related_keywords":"","_relevanssi_related_include_ids":"","_relevanssi_related_exclude_ids":"","_relevanssi_related_no_append":"","_relevanssi_related_not_related":"","_relevanssi_related_posts":"","_relevanssi_noindex_reason":"","footnotes":""},"class_list":["post-240692","page","type-page","status-publish","hentry"],"_links":{"self":[{"href":"https:\/\/hauxlifesupport.de\/es\/wp-json\/wp\/v2\/pages\/240692","targetHints":{"allow":["GET"]}}],"collection":[{"href":"https:\/\/hauxlifesupport.de\/es\/wp-json\/wp\/v2\/pages"}],"about":[{"href":"https:\/\/hauxlifesupport.de\/es\/wp-json\/wp\/v2\/types\/page"}],"author":[{"embeddable":true,"href":"https:\/\/hauxlifesupport.de\/es\/wp-json\/wp\/v2\/users\/1"}],"replies":[{"embeddable":true,"href":"https:\/\/hauxlifesupport.de\/es\/wp-json\/wp\/v2\/comments?post=240692"}],"version-history":[{"count":7,"href":"https:\/\/hauxlifesupport.de\/es\/wp-json\/wp\/v2\/pages\/240692\/revisions"}],"predecessor-version":[{"id":241901,"href":"https:\/\/hauxlifesupport.de\/es\/wp-json\/wp\/v2\/pages\/240692\/revisions\/241901"}],"up":[{"embeddable":true,"href":"https:\/\/hauxlifesupport.de\/es\/wp-json\/wp\/v2\/pages\/240688"}],"wp:attachment":[{"href":"https:\/\/hauxlifesupport.de\/es\/wp-json\/wp\/v2\/media?parent=240692"}],"curies":[{"name":"wp","href":"https:\/\/api.w.org\/{rel}","templated":true}]}}