{"id":685,"date":"2023-06-26T11:39:52","date_gmt":"2023-06-26T09:39:52","guid":{"rendered":"https:\/\/hauxlifesupport.de\/?page_id=685"},"modified":"2026-01-23T15:20:55","modified_gmt":"2026-01-23T14:20:55","slug":"impressum","status":"publish","type":"page","link":"https:\/\/hauxlifesupport.de\/de\/impressum\/","title":{"rendered":"Impressum"},"content":{"rendered":"<p>[et_pb_section fb_built=&#8220;1&#8243; admin_label=&#8220;Slider&#8220; _builder_version=&#8220;4.21.0&#8243; _module_preset=&#8220;default&#8220; width=&#8220;100%&#8220; max_width=&#8220;100%&#8220; custom_padding=&#8220;0px||0px||false|false&#8220; custom_padding_tablet=&#8220;0px||0px||false|false&#8220; custom_padding_phone=&#8220;0px||0px||false|false&#8220; global_colors_info=&#8220;{}&#8220;][et_pb_row _builder_version=&#8220;4.21.0&#8243; _module_preset=&#8220;default&#8220; background_enable_color=&#8220;off&#8220; width=&#8220;100%&#8220; width_tablet=&#8220;100%&#8220; width_phone=&#8220;100%&#8220; width_last_edited=&#8220;on|desktop&#8220; max_width=&#8220;100%&#8220; module_alignment=&#8220;left&#8220; custom_margin=&#8220;0px||0px||false|false&#8220; custom_margin_tablet=&#8220;|0px||0px|false|false&#8220; custom_padding=&#8220;0px||0px||false|false&#8220; custom_padding_tablet=&#8220;|0px||0px|false|true&#8220; global_colors_info=&#8220;{}&#8220;][et_pb_column type=&#8220;4_4&#8243; _builder_version=&#8220;4.21.0&#8243; _module_preset=&#8220;default&#8220; background_enable_color=&#8220;off&#8220; global_colors_info=&#8220;{}&#8220;][et_pb_slider _builder_version=&#8220;4.21.0&#8243; _module_preset=&#8220;default&#8220; custom_padding_tablet=&#8220;180px|0px|180px|0px|false|false&#8220; header_font_size_tablet=&#8220;&#8220; header_font_size_phone=&#8220;39px&#8220; header_font_size_last_edited=&#8220;on|tablet&#8220; body_font_size_phone=&#8220;39px&#8220; global_colors_info=&#8220;{}&#8220;][et_pb_slide _builder_version=&#8220;4.21.0&#8243; _module_preset=&#8220;default&#8220; background_image=&#8220;https:\/\/hauxlifesupport.de\/wp-content\/uploads\/2023\/10\/Impressum_Datenschutz_Sitemap_H_D.jpg&#8220; custom_padding=&#8220;|0px||0px|false|false&#8220; global_colors_info=&#8220;{}&#8220; sticky_transition=&#8220;on&#8220;][\/et_pb_slide][\/et_pb_slider][\/et_pb_column][\/et_pb_row][\/et_pb_section][et_pb_section fb_built=&#8220;1&#8243; admin_label=&#8220;Willkommen&#8220; _builder_version=&#8220;4.21.0&#8243; _module_preset=&#8220;default&#8220; custom_margin=&#8220;||-97px|||&#8220; global_colors_info=&#8220;{}&#8220;][et_pb_row _builder_version=&#8220;4.21.0&#8243; _module_preset=&#8220;default&#8220; custom_margin_tablet=&#8220;||0px||false|false&#8220; custom_margin_phone=&#8220;||0px||false|false&#8220; custom_margin_last_edited=&#8220;on|phone&#8220; custom_padding_tablet=&#8220;||0px||false|false&#8220; custom_padding_phone=&#8220;||0px||false|false&#8220; global_colors_info=&#8220;{}&#8220;][et_pb_column type=&#8220;4_4&#8243; _builder_version=&#8220;4.21.0&#8243; _module_preset=&#8220;default&#8220; global_colors_info=&#8220;{}&#8220;][et_pb_text _builder_version=&#8220;4.21.0&#8243; _module_preset=&#8220;default&#8220; global_colors_info=&#8220;{}&#8220;]<\/p>\n<h2><strong>Impressum<\/strong><\/h2>\n<h2><span style=\"text-decoration: underline;\">Gesetzliche Informationen<\/span><\/h2>\n<p>[\/et_pb_text][\/et_pb_column][\/et_pb_row][et_pb_row column_structure=&#8220;1_2,1_2&#8243; _builder_version=&#8220;4.23.1&#8243; _module_preset=&#8220;default&#8220; global_colors_info=&#8220;{}&#8220;][et_pb_column type=&#8220;1_2&#8243; _builder_version=&#8220;4.21.0&#8243; _module_preset=&#8220;default&#8220; global_colors_info=&#8220;{}&#8220;][et_pb_text _builder_version=&#8220;4.23.1&#8243; _module_preset=&#8220;default&#8220; width=&#8220;100%&#8220; custom_margin=&#8220;|-289px||||&#8220; custom_padding=&#8220;|0px||||&#8220; hover_enabled=&#8220;0&#8243; global_colors_info=&#8220;{}&#8220; sticky_enabled=&#8220;0&#8243;]<\/p>\n<h3 class=\"\">I. Angaben gem\u00e4\u00df \u00a7 5 des Digitale-Dienste-Gesetz (DDG)<\/h3>\n<p><strong>Name des Anbieters<br \/><\/strong>HAUX-LIFE-SUPPORT GmbH<\/p>\n<p><strong>Postanschrift des Anbieters<br \/><\/strong>Auf der Hub 11-15 \/ Descostr. 19<br \/>76307 Karlsbad-Ittersbach<br \/>Bundesrepublik Deutschland<\/p>\n<p><strong>Kontaktdaten des Anbieters<br \/><\/strong>Telefon: +49 (0) 7248-9160-0<br \/>Telefax: +49 (0) 7248-9160-66<br \/>E-Mail: <a href=\"http:\/\/info(at)hauxlifesupport.de\/\">info@hauxlifesupport.de<\/a><\/p>\n<p><strong>Vertretungsberechtigte<br \/><\/strong>Gesch\u00e4ftsf\u00fchrer: Torsten Haux, Jochen Haux, jeweils einzelvertretungsberechtigt<\/p>\n<p><strong>Rechtsform, Registrierung, Sitz<br \/><\/strong>Die HAUX-LIFE-SUPPORT GmbH ist eine Gesellschaft mit beschr\u00e4nkter Haftung nach Ma\u00dfgabe des GmbH-Gesetzes mit Sitz in Karlsbad, eingetragen im Handelsregister des Amtsgerichts Mannheim unter der Nummer HRB 360641.<\/p>\n<p><strong>Umsatzsteuer-Identifikationsnummer (\u00a7 27a des Umsatzsteuergesetzes)<br \/><\/strong>UST-Id.-Nr. DE-143242019<\/p>\n<p><strong>Aufsichtsbeh\u00f6rde<br \/><\/strong>Regierungspr\u00e4sidium Karlsruhe<br \/>76247 Karlsruhe<br \/>Telefon: +49 (0) 721 926-0<br \/>Telefax: +49 (0) 721 926-6211<br \/>E-Mail:poststelle@rpk.bwl.de<br \/>https:\/\/rp.baden-wuerttemberg.de\/rpk\/<\/p>\n<p>[\/et_pb_text][\/et_pb_column][et_pb_column type=&#8220;1_2&#8243; _builder_version=&#8220;4.23.1&#8243; _module_preset=&#8220;default&#8220; global_colors_info=&#8220;{}&#8220;][et_pb_text _builder_version=&#8220;4.23.1&#8243; _module_preset=&#8220;default&#8220; custom_padding=&#8220;||5px|||&#8220; hover_enabled=&#8220;0&#8243; global_colors_info=&#8220;{}&#8220; sticky_enabled=&#8220;0&#8243;]<\/p>\n<h3>II. Weitere Angaben<\/h3>\n<p><strong>Verantwortlicher gem\u00e4\u00df \u00a7 18 Abs. 2 Medienstaatsvertrag<br \/><\/strong>Jochen Haux, jeweils gesch\u00e4ftsans\u00e4ssig sieht unter I.<\/p>\n<p><strong>Konzept, Grafik und Programmierung<br \/><\/strong>Zeitwerk GmbH<br \/>Web- und Werbeagentur<br \/>Ludwig-Erhard-Stra\u00dfe 2<br \/>76275 Ettlingen<br \/>Bundesrepublik Deutschland<\/p>\n<p>Tel.: +49 7243-5316-0<br \/>Fax: +49 7243-5316-25<br \/>Webseite: <a href=\"https:\/\/www.zeitwerk.de\/\" target=\"_blank\" rel=\"noopener\">www.zeitwerk.de<\/a><\/p>\n<p>&nbsp;<\/p>\n<p>&nbsp;<\/p>\n<p>[\/et_pb_text][\/et_pb_column][\/et_pb_row][\/et_pb_section][et_pb_section fb_built=&#8220;1&#8243; admin_label=&#8220;Willkommen&#8220; _builder_version=&#8220;4.21.0&#8243; _module_preset=&#8220;default&#8220; background_color=&#8220;gcid-cc089cd5-3da9-4d63-a7e1-04fbecdd3d67&#8243; custom_margin=&#8220;28px|||||&#8220; custom_padding=&#8220;40px||41px|||&#8220; global_colors_info=&#8220;{%22gcid-cc089cd5-3da9-4d63-a7e1-04fbecdd3d67%22:%91%22background_color%22%93}&#8220;][et_pb_row _builder_version=&#8220;4.21.0&#8243; _module_preset=&#8220;default&#8220; custom_margin_tablet=&#8220;||0px||false|false&#8220; custom_margin_phone=&#8220;||0px||false|false&#8220; custom_margin_last_edited=&#8220;on|phone&#8220; custom_padding_tablet=&#8220;||0px||false|false&#8220; custom_padding_phone=&#8220;||0px||false|false&#8220; global_colors_info=&#8220;{}&#8220;][et_pb_column type=&#8220;4_4&#8243; _builder_version=&#8220;4.21.0&#8243; _module_preset=&#8220;default&#8220; global_colors_info=&#8220;{}&#8220;][et_pb_text _builder_version=&#8220;4.23.1&#8243; _module_preset=&#8220;default&#8220; global_colors_info=&#8220;{}&#8220;]<\/p>\n<h3>IIII. Haftung<\/h3>\n<p>Wir sind f\u00fcr die Inhalte unserer Internetseiten nach den Ma\u00dfgaben der allgemeinen Gesetze verantwortlich. Alle Inhalte werden mit der gebotenen Sorgfalt und nach bestem Wissen erstellt und dienen lediglich rein informativen Zwecken. Soweit wir auf unseren Internetseiten mittels Hyperlink auf Internetseiten Dritter verweisen, k\u00f6nnen wir keine Gew\u00e4hr f\u00fcr die fortw\u00e4hrende Aktualit\u00e4t, Richtigkeit und Vollst\u00e4ndigkeit der verlinkten Inhalte \u00fcbernehmen, da diese Inhalte au\u00dferhalb unseres Verantwortungsbereichs liegen und wir auf die zuk\u00fcnftige Gestaltung keinen Einfluss haben. Sollten aus Ihrer Sicht Inhalte gegen geltendes Recht versto\u00dfen oder unangemessen sein, teilen Sie uns dies bitte mit.<\/p>\n<p>Die rechtlichen Hinweise auf dieser Seite sowie alle Fragen und Streitigkeiten im Zusammenhang mit der Gestaltung dieser Internetseite unterliegen dem Recht der Bundesrepublik Deutschland<\/p>\n<p>&nbsp;<\/p>\n<h3 class=\"\">IV. Datenschutz<\/h3>\n<p>Unsere Datenschutzhinweise f\u00fcr die Website finden Sie unter <a href=\"https:\/\/hauxlifesupport.de\/de\/datenschutzerklaerung\/\">https:\/\/hauxlifesupport.de\/de\/datenschutzerklaerung\/<\/a><\/p>\n<p>&nbsp;<\/p>\n<h3>V. Urheberrechtshinweis<\/h3>\n<p>Die auf unserer Internetseite vorhandenen Texte, Bilder, Fotos, Videos oder Grafiken unterliegen in der Regel dem Schutz des Urheberrechts. Jede unberechtigte Verwendung (insbesondere die Vervielf\u00e4ltigung, Bearbeitung oder Verbreitung) dieser urheberrechtsgesch\u00fctzten Inhalte ist daher untersagt. Wenn Sie beabsichtigen, diese Inhalte oder Teile davon zu verwenden, kontaktieren Sie uns bitte im Voraus unter den obenstehenden Angaben. Soweit wir nicht selbst Inhaber der ben\u00f6tigten urheberrechtlichen Nutzungsrechte sein sollten, bem\u00fchen wir uns, einen Kontakt zum Berechtigten zu vermitteln.<\/p>\n<p>[\/et_pb_text][\/et_pb_column][\/et_pb_row][\/et_pb_section]<\/p>\n","protected":false},"excerpt":{"rendered":"<p>Impressum Gesetzliche InformationenI. Angaben gem\u00e4\u00df \u00a7 5 des Digitale-Dienste-Gesetz (DDG) Name des AnbietersHAUX-LIFE-SUPPORT GmbH Postanschrift des AnbietersAuf der Hub 11-15 \/ Descostr. 1976307 Karlsbad-IttersbachBundesrepublik Deutschland Kontaktdaten des AnbietersTelefon: +49 (0) 7248-9160-0Telefax: +49 (0) 7248-9160-66E-Mail: info@hauxlifesupport.de VertretungsberechtigteGesch\u00e4ftsf\u00fchrer: Torsten Haux, Jochen Haux, jeweils einzelvertretungsberechtigt Rechtsform, Registrierung, SitzDie HAUX-LIFE-SUPPORT GmbH ist eine Gesellschaft mit beschr\u00e4nkter Haftung nach Ma\u00dfgabe [&hellip;]<\/p>\n","protected":false},"author":1,"featured_media":0,"parent":0,"menu_order":700,"comment_status":"closed","ping_status":"closed","template":"","meta":{"_et_pb_use_builder":"on","_et_pb_old_content":"<!-- wp:divi\/placeholder \/-->","_et_gb_content_width":"","_relevanssi_hide_post":"","_relevanssi_hide_content":"","_relevanssi_pin_for_all":"","_relevanssi_pin_keywords":"","_relevanssi_unpin_keywords":"","_relevanssi_related_keywords":"","_relevanssi_related_include_ids":"","_relevanssi_related_exclude_ids":"","_relevanssi_related_no_append":"","_relevanssi_related_not_related":"","_relevanssi_related_posts":"","_relevanssi_noindex_reason":"","footnotes":""},"class_list":["post-685","page","type-page","status-publish","hentry"],"_links":{"self":[{"href":"https:\/\/hauxlifesupport.de\/de\/wp-json\/wp\/v2\/pages\/685","targetHints":{"allow":["GET"]}}],"collection":[{"href":"https:\/\/hauxlifesupport.de\/de\/wp-json\/wp\/v2\/pages"}],"about":[{"href":"https:\/\/hauxlifesupport.de\/de\/wp-json\/wp\/v2\/types\/page"}],"author":[{"embeddable":true,"href":"https:\/\/hauxlifesupport.de\/de\/wp-json\/wp\/v2\/users\/1"}],"replies":[{"embeddable":true,"href":"https:\/\/hauxlifesupport.de\/de\/wp-json\/wp\/v2\/comments?post=685"}],"version-history":[{"count":19,"href":"https:\/\/hauxlifesupport.de\/de\/wp-json\/wp\/v2\/pages\/685\/revisions"}],"predecessor-version":[{"id":243233,"href":"https:\/\/hauxlifesupport.de\/de\/wp-json\/wp\/v2\/pages\/685\/revisions\/243233"}],"wp:attachment":[{"href":"https:\/\/hauxlifesupport.de\/de\/wp-json\/wp\/v2\/media?parent=685"}],"curies":[{"name":"wp","href":"https:\/\/api.w.org\/{rel}","templated":true}]}}