{"id":674,"date":"2023-06-26T11:26:39","date_gmt":"2023-06-26T09:26:39","guid":{"rendered":"https:\/\/hauxlifesupport.de\/?page_id=674"},"modified":"2025-12-03T15:37:35","modified_gmt":"2025-12-03T14:37:35","slug":"praktikum-diplomarbeit","status":"publish","type":"page","link":"https:\/\/hauxlifesupport.de\/de\/job-karriere\/praktikum-diplomarbeit\/","title":{"rendered":"PRAKTIKUM-DIPLOMARBEIT"},"content":{"rendered":"<p>[et_pb_section fb_built=&#8220;1&#8243; admin_label=&#8220;Slider&#8220; _builder_version=&#8220;4.21.0&#8243; _module_preset=&#8220;f2843d24-ad56-442f-a9e1-e3041953524c&#8220; width=&#8220;100%&#8220; max_width=&#8220;100%&#8220; custom_padding=&#8220;0px||0px||false|false&#8220; custom_padding_tablet=&#8220;0px||0px||false|false&#8220; custom_padding_phone=&#8220;0px||0px||false|false&#8220; global_colors_info=&#8220;{}&#8220;][et_pb_row _builder_version=&#8220;4.21.0&#8243; _module_preset=&#8220;7cb6190c-4283-41e8-bb8b-ae469157ed96&#8243; width=&#8220;100%&#8220; width_tablet=&#8220;100%&#8220; width_phone=&#8220;100%&#8220; width_last_edited=&#8220;on|desktop&#8220; max_width=&#8220;100%&#8220; module_alignment=&#8220;left&#8220; custom_margin=&#8220;0px||0px||false|false&#8220; custom_margin_tablet=&#8220;|0px||0px|false|false&#8220; custom_padding=&#8220;0px||0px||false|false&#8220; custom_padding_tablet=&#8220;|0px||0px|false|true&#8220; global_colors_info=&#8220;{}&#8220;][et_pb_column type=&#8220;4_4&#8243; _builder_version=&#8220;4.21.0&#8243; _module_preset=&#8220;default&#8220; global_colors_info=&#8220;{}&#8220;][et_pb_slider _builder_version=&#8220;4.21.0&#8243; _module_preset=&#8220;b8ceb8f1-18e1-4a30-87c9-e9b64e615132&#8243; background_image=&#8220;https:\/\/hauxlifesupport.de\/wp-content\/uploads\/2023\/07\/Collage_Jobs___Karriere.jpg&#8220; custom_padding_tablet=&#8220;180px|0px|180px|0px|false|false&#8220; header_font_size_tablet=&#8220;&#8220; header_font_size_phone=&#8220;39px&#8220; header_font_size_last_edited=&#8220;on|tablet&#8220; body_font_size_phone=&#8220;39px&#8220; global_colors_info=&#8220;{}&#8220;][et_pb_slide _builder_version=&#8220;4.21.0&#8243; _module_preset=&#8220;2dc5af35-e1f8-410a-afef-aba0a25e6ce5&#8243; background_image=&#8220;https:\/\/hauxlifesupport.de\/wp-content\/uploads\/2023\/10\/Jobs-Karriere_H_D.jpg&#8220; custom_padding=&#8220;|0px||0px|false|false&#8220; global_colors_info=&#8220;{}&#8220; sticky_transition=&#8220;on&#8220;][\/et_pb_slide][\/et_pb_slider][\/et_pb_column][\/et_pb_row][\/et_pb_section][et_pb_section fb_built=&#8220;1&#8243; admin_label=&#8220;Willkommen&#8220; _builder_version=&#8220;4.21.0&#8243; _module_preset=&#8220;f2843d24-ad56-442f-a9e1-e3041953524c&#8220; global_colors_info=&#8220;{}&#8220;][et_pb_row _builder_version=&#8220;4.21.0&#8243; _module_preset=&#8220;3cb11947-cb60-4ac8-b6e8-a249bbc44256&#8243; global_colors_info=&#8220;{}&#8220;][et_pb_column type=&#8220;4_4&#8243; _builder_version=&#8220;4.21.0&#8243; _module_preset=&#8220;default&#8220; global_colors_info=&#8220;{}&#8220;][et_pb_text _builder_version=&#8220;4.23.1&#8243; _module_preset=&#8220;5a82baeb-455d-473e-b1fb-a29db5629153&#8243; custom_padding_tablet=&#8220;|2.5%||2.5%|false|false&#8220; custom_padding_phone=&#8220;|5%||5%|false|false&#8220; custom_padding_last_edited=&#8220;on|tablet&#8220; text_orientation_tablet=&#8220;center&#8220; text_orientation_phone=&#8220;center&#8220; text_orientation_last_edited=&#8220;on|tablet&#8220; global_colors_info=&#8220;{}&#8220;]<\/p>\n<h2 style=\"text-align: center;\"><span style=\"text-decoration: underline;\">Praktika, Thesis und Techniker\u00adarbeiten bei HAUX-LIFE-SUPPORT<br \/><\/span><\/h2>\n<p style=\"text-align: center;\">F\u00fcr echten Praxis\u00adbezug schon w\u00e4hrend des Studiums.<\/p>\n<p>[\/et_pb_text][\/et_pb_column][\/et_pb_row][\/et_pb_section][et_pb_section fb_built=&#8220;1&#8243; admin_label=&#8220;Halb-Halb-BG-IMG&#8220; _builder_version=&#8220;4.21.0&#8243; _module_preset=&#8220;default&#8220; background_color=&#8220;gcid-792390b9-e42b-40cc-a7a4-6a6b6020aeaa&#8220; custom_margin_tablet=&#8220;&#8220; custom_margin_phone=&#8220;||||false|false&#8220; custom_margin_last_edited=&#8220;on|tablet&#8220; custom_padding=&#8220;0px||0px||false|false&#8220; custom_padding_tablet=&#8220;20px||0px||false|false&#8220; custom_padding_phone=&#8220;20px||0px||false|false&#8220; global_colors_info=&#8220;{%22gcid-792390b9-e42b-40cc-a7a4-6a6b6020aeaa%22:%91%22background_color%22%93}&#8220;][et_pb_row column_structure=&#8220;1_2,1_2&#8243; _builder_version=&#8220;4.23.1&#8243; _module_preset=&#8220;302edadb-8bf7-46c3-a421-84057734ce7d&#8220; global_colors_info=&#8220;{}&#8220;][et_pb_column type=&#8220;1_2&#8243; _builder_version=&#8220;4.23.1&#8243; _module_preset=&#8220;default&#8220; transform_translate_linked=&#8220;off&#8220; custom_padding=&#8220;100px||100px||false|false&#8220; custom_padding_tablet=&#8220;20px||40px||false|false&#8220; custom_padding_phone=&#8220;20px||40px||false|false&#8220; custom_padding_last_edited=&#8220;on|tablet&#8220; hover_enabled=&#8220;0&#8243; custom_css_main_element=&#8220;margin-top:auto;||margin-bottom:auto;&#8220; global_colors_info=&#8220;{}&#8220; sticky_enabled=&#8220;0&#8243;][et_pb_text _builder_version=&#8220;4.21.0&#8243; _module_preset=&#8220;5a82baeb-455d-473e-b1fb-a29db5629153&#8243; custom_padding_tablet=&#8220;|2.5%||2.5%|false|false&#8220; custom_padding_phone=&#8220;|5%||5%|false|false&#8220; custom_padding_last_edited=&#8220;on|tablet&#8220; text_orientation_tablet=&#8220;center&#8220; text_orientation_phone=&#8220;center&#8220; text_orientation_last_edited=&#8220;on|tablet&#8220; global_colors_info=&#8220;{}&#8220;]<\/p>\n<h2><strong>F\u00fcr erfolgreiche Praktika, <br \/>Thesis und <\/strong><strong>Technikerarbeiten:<br \/>jetzt bewerben!<\/strong><\/h2>\n<p>Um schon w\u00e4hrend des Studiums einen Bezug zur Praxis zu bekommen, sind fr\u00fchzeitige Kontakte zur Industrie der richtige Weg in die berufliche Zukunft und Weiterentwicklung.<\/p>\n<p>Hierdurch verbessern sich die Berufsaussichten und der sp\u00e4tere Berufseinstieg.<\/p>\n<p>[\/et_pb_text][\/et_pb_column][et_pb_column type=&#8220;1_2&#8243; _builder_version=&#8220;4.23.1&#8243; _module_preset=&#8220;default&#8220; background_image=&#8220;https:\/\/hauxlifesupport.de\/wp-content\/uploads\/2025\/12\/DSCN3333-scaled.jpg&#8220; transform_scale_linked=&#8220;off&#8220; transform_translate_linked=&#8220;off&#8220; custom_padding=&#8220;0px||0px||false|false&#8220; global_colors_info=&#8220;{}&#8220; title_text=&#8220;DSCN3333&#8243;][et_pb_divider show_divider=&#8220;off&#8220; _builder_version=&#8220;4.21.0&#8243; _module_preset=&#8220;default&#8220; custom_margin=&#8220;||||false|false&#8220; custom_padding=&#8220;||930px||false|false&#8220; custom_padding_tablet=&#8220;||80%||false|false&#8220; custom_padding_phone=&#8220;||80%||false|false&#8220; custom_padding_last_edited=&#8220;on|tablet&#8220; global_colors_info=&#8220;{}&#8220;][\/et_pb_divider][\/et_pb_column][\/et_pb_row][\/et_pb_section][et_pb_section fb_built=&#8220;1&#8243; admin_label=&#8220;Willkommen&#8220; _builder_version=&#8220;4.21.0&#8243; _module_preset=&#8220;f2843d24-ad56-442f-a9e1-e3041953524c&#8220; global_colors_info=&#8220;{}&#8220;][et_pb_row column_structure=&#8220;1_2,1_2&#8243; _builder_version=&#8220;4.21.0&#8243; _module_preset=&#8220;3cb11947-cb60-4ac8-b6e8-a249bbc44256&#8243; global_colors_info=&#8220;{}&#8220;][et_pb_column type=&#8220;1_2&#8243; _builder_version=&#8220;4.21.0&#8243; _module_preset=&#8220;default&#8220; global_colors_info=&#8220;{}&#8220;][et_pb_text _builder_version=&#8220;4.21.0&#8243; _module_preset=&#8220;5a82baeb-455d-473e-b1fb-a29db5629153&#8243; custom_padding_tablet=&#8220;|2.5%||2.5%|false|false&#8220; custom_padding_phone=&#8220;|5%||5%|false|false&#8220; custom_padding_last_edited=&#8220;on|tablet&#8220; text_orientation_tablet=&#8220;center&#8220; text_orientation_phone=&#8220;center&#8220; text_orientation_last_edited=&#8220;on|tablet&#8220; global_colors_info=&#8220;{}&#8220;]<\/p>\n<p style=\"text-align: left;\"><strong>Wir bieten engagierten Studentinnen und Studenten der Fachrichtungen:<\/strong><\/p>\n<ul>\n<li style=\"text-align: left;\">Wirtschaftswissenschaften<\/li>\n<li style=\"text-align: left;\">Wirtschaftsingenieurwesen<\/li>\n<li style=\"text-align: left;\">Maschinenbau<\/li>\n<li style=\"text-align: left;\">Verfahrenstechnik<\/li>\n<li style=\"text-align: left;\">Feinwerktechnik<\/li>\n<li style=\"text-align: left;\">Elektrotechnik, z. B. Fachrichtung Energie- und\u00a0Automatisierungstechnik<\/li>\n<li style=\"text-align: left;\">Informatik<\/li>\n<li style=\"text-align: left;\">Medizintechnik<\/li>\n<li style=\"text-align: left;\">Mediendesign<\/li>\n<\/ul>\n<p>[\/et_pb_text][\/et_pb_column][et_pb_column type=&#8220;1_2&#8243; _builder_version=&#8220;4.21.0&#8243; _module_preset=&#8220;default&#8220; global_colors_info=&#8220;{}&#8220;][et_pb_text _builder_version=&#8220;4.23.1&#8243; _module_preset=&#8220;default&#8220; global_colors_info=&#8220;{}&#8220;]<\/p>\n<p style=\"text-align: left;\"><strong>Vielf\u00e4ltige, interessante und projekt\u00adorientierte Aufgabenstellungen:<\/strong><\/p>\n<ul style=\"text-align: left;\">\n<li>Arbeit im Team an spannenden Projekten<\/li>\n<li>Eine interessante und abwechs<strong>\u00ad<\/strong>lungsreiche T\u00e4tigkeit<\/li>\n<li>Ausgezeichnete Rahmen<strong>\u00ad<\/strong>bedingungen<\/li>\n<\/ul>\n<p style=\"text-align: left;\"><strong><br \/>Wir bieten vielseitige Abschluss\u00adarbeiten, Praxis\u00adsemester und Praktia an (weitere Informationen auf Anfrage).<\/strong><\/p>\n<p style=\"text-align: left;\">Als Dauer f\u00fcr eine Studienarbeit sollten Sie 2-6 Monate einplanen. Je nach Aus<strong>\u00ad<\/strong>richtung Ihres Studien<strong>\u00ad<\/strong>gangs bzw. Ihres per<strong>\u00ad<\/strong>s\u00f6nlichen Interesses, werden wir gemeinsam ein f\u00fcr Sie passendes Thema erarbeiten. Sie bewerben sich idealerweise 4-5 Monate vor dem geplanten Beginn Ihrer T\u00e4tigkeit mit einer voll<strong>\u00ad<\/strong>st\u00e4ndigen Bewerbungs<strong>\u00ad<\/strong>mappe (Anschreiben, Lebenslauf, Zeugnisse)<a href=\"mailto:personal@hauxlifesupport.de\"><\/a><\/p>\n<p>[\/et_pb_text][\/et_pb_column][\/et_pb_row][\/et_pb_section][et_pb_section fb_built=&#8220;1&#8243; admin_label=&#8220;3 Spalten-Bereich&#8220; _builder_version=&#8220;4.21.0&#8243; _module_preset=&#8220;default&#8220; background_color=&#8220;gcid-cc089cd5-3da9-4d63-a7e1-04fbecdd3d67&#8243; background_image=&#8220;https:\/\/hauxlifesupport.de\/wp-content\/uploads\/2023\/06\/827aa74837e28e0ff72c3c9487b38e28.jpg&#8220; global_colors_info=&#8220;{%22gcid-cc089cd5-3da9-4d63-a7e1-04fbecdd3d67%22:%91%22background_color%22%93}&#8220;][et_pb_row _builder_version=&#8220;4.21.0&#8243; _module_preset=&#8220;default&#8220; global_colors_info=&#8220;{}&#8220;][et_pb_column type=&#8220;4_4&#8243; admin_label=&#8220;Spalte&#8220; _builder_version=&#8220;4.21.0&#8243; _module_preset=&#8220;default&#8220; global_colors_info=&#8220;{}&#8220;][dica_divi_carousel show_items_desktop=&#8220;2&#8243; show_items_tablet=&#8220;2&#8243; image_force_fullwidth=&#8220;off&#8220; admin_label=&#8220;Divi Carousel&#8220; _builder_version=&#8220;4.23.1&#8243; _module_preset=&#8220;_initial&#8220; global_colors_info=&#8220;{%22gcid-8d004b11-584e-4716-8158-78133c0b6f77%22:%91%22arrow_nav_color%22%93}&#8220;][dica_divi_carouselitem button_text=&#8220;E-Mail senden&#8220; button_url=&#8220;mailto:personal@hauxlifesupport.de&#8220; button_url_new_window=&#8220;1&#8243; _builder_version=&#8220;4.21.0&#8243; _module_preset=&#8220;default&#8220; global_colors_info=&#8220;{}&#8220;]<\/p>\n<p>Bitte senden Sie Ihre Bewerbung f\u00fcr <strong>Karlsbad<\/strong> an folgende Adresse:<\/p>\n<p><strong>HAUX-LIFE-SUPPORT GmbH<\/strong><br \/>Personalabteilung<br \/>Auf der Hub 11-15<br \/>76307 Karlsbad-Ittersbach<br \/>Deutschland<\/p>\n<p>Telefon: +49 (0) 7248-9160-0<br \/>Telefax: +49 (0) 7248-9160-166<\/p>\n<p>[\/dica_divi_carouselitem][dica_divi_carouselitem button_text=&#8220;E-Mail senden&#8220; button_url=&#8220;mailto:personal@hauxlifesupport.de&#8220; button_url_new_window=&#8220;1&#8243; _builder_version=&#8220;4.23.1&#8243; _module_preset=&#8220;default&#8220; global_colors_info=&#8220;{}&#8220;]<\/p>\n<p>Ihre Bewerbung f\u00fcr <strong>Cuxhaven<\/strong> senden Sie bitte an:<\/p>\n<p><strong>HAUX-LIFE-SUPPORT GmbH<\/strong><br \/>Werk Cuxhaven<br \/>Personalabteilung<br \/>Repsoldstra\u00dfe 9<br \/>27472 Cuxhaven<br \/>Deutschland<\/p>\n<p>Telefon +49 (0) 4721-39998-30<br \/>Telefax +49 (0) 4721-39998-32<\/p>\n<p>[\/dica_divi_carouselitem][\/dica_divi_carousel][\/et_pb_column][\/et_pb_row][\/et_pb_section]<\/p>\n","protected":false},"excerpt":{"rendered":"<p>Praktika, Thesis und Techniker\u00a6arbeiten bei HAUX-LIFE-SUPPORT F\u00fcr echten Praxis\u00a6bezug schon w\u00e4hrend des Studiums.F\u00fcr erfolgreiche Praktika, Thesis und Technikerarbeiten:jetzt bewerben! Um schon w\u00e4hrend des Studiums einen Bezug zur Praxis zu bekommen, sind fr\u00fchzeitige Kontakte zur Industrie der richtige Weg in die berufliche Zukunft und Weiterentwicklung. Hierdurch verbessern sich die Berufsaussichten und der sp\u00e4tere Berufseinstieg.Wir bieten engagierten [&hellip;]<\/p>\n","protected":false},"author":1,"featured_media":0,"parent":669,"menu_order":420,"comment_status":"closed","ping_status":"closed","template":"","meta":{"_et_pb_use_builder":"on","_et_pb_old_content":"<!-- wp:divi\/placeholder \/-->","_et_gb_content_width":"","_relevanssi_hide_post":"","_relevanssi_hide_content":"","_relevanssi_pin_for_all":"","_relevanssi_pin_keywords":"","_relevanssi_unpin_keywords":"","_relevanssi_related_keywords":"","_relevanssi_related_include_ids":"","_relevanssi_related_exclude_ids":"","_relevanssi_related_no_append":"","_relevanssi_related_not_related":"","_relevanssi_related_posts":"","_relevanssi_noindex_reason":"","footnotes":""},"class_list":["post-674","page","type-page","status-publish","hentry"],"_links":{"self":[{"href":"https:\/\/hauxlifesupport.de\/de\/wp-json\/wp\/v2\/pages\/674","targetHints":{"allow":["GET"]}}],"collection":[{"href":"https:\/\/hauxlifesupport.de\/de\/wp-json\/wp\/v2\/pages"}],"about":[{"href":"https:\/\/hauxlifesupport.de\/de\/wp-json\/wp\/v2\/types\/page"}],"author":[{"embeddable":true,"href":"https:\/\/hauxlifesupport.de\/de\/wp-json\/wp\/v2\/users\/1"}],"replies":[{"embeddable":true,"href":"https:\/\/hauxlifesupport.de\/de\/wp-json\/wp\/v2\/comments?post=674"}],"version-history":[{"count":28,"href":"https:\/\/hauxlifesupport.de\/de\/wp-json\/wp\/v2\/pages\/674\/revisions"}],"predecessor-version":[{"id":243074,"href":"https:\/\/hauxlifesupport.de\/de\/wp-json\/wp\/v2\/pages\/674\/revisions\/243074"}],"up":[{"embeddable":true,"href":"https:\/\/hauxlifesupport.de\/de\/wp-json\/wp\/v2\/pages\/669"}],"wp:attachment":[{"href":"https:\/\/hauxlifesupport.de\/de\/wp-json\/wp\/v2\/media?parent=674"}],"curies":[{"name":"wp","href":"https:\/\/api.w.org\/{rel}","templated":true}]}}