{"id":669,"date":"2023-06-26T11:22:07","date_gmt":"2023-06-26T09:22:07","guid":{"rendered":"https:\/\/hauxlifesupport.de\/?page_id=669"},"modified":"2024-12-11T17:25:58","modified_gmt":"2024-12-11T16:25:58","slug":"job-karriere","status":"publish","type":"page","link":"https:\/\/hauxlifesupport.de\/de\/job-karriere\/","title":{"rendered":"JOB &#038; KARRIERE"},"content":{"rendered":"<p>[et_pb_section fb_built=&#8220;1&#8243; admin_label=&#8220;Slider&#8220; _builder_version=&#8220;4.21.0&#8243; _module_preset=&#8220;default&#8220; width=&#8220;100%&#8220; max_width=&#8220;100%&#8220; custom_padding=&#8220;0px||0px||false|false&#8220; custom_padding_tablet=&#8220;0px||0px||false|false&#8220; custom_padding_phone=&#8220;0px||0px||false|false&#8220; global_colors_info=&#8220;{}&#8220;][et_pb_row _builder_version=&#8220;4.21.0&#8243; _module_preset=&#8220;default&#8220; background_enable_color=&#8220;off&#8220; width=&#8220;100%&#8220; width_tablet=&#8220;100%&#8220; width_phone=&#8220;100%&#8220; width_last_edited=&#8220;on|desktop&#8220; max_width=&#8220;100%&#8220; module_alignment=&#8220;left&#8220; custom_margin=&#8220;0px||0px||false|false&#8220; custom_margin_tablet=&#8220;|0px||0px|false|false&#8220; custom_padding=&#8220;0px||0px||false|false&#8220; custom_padding_tablet=&#8220;|0px||0px|false|true&#8220; global_colors_info=&#8220;{}&#8220;][et_pb_column type=&#8220;4_4&#8243; _builder_version=&#8220;4.21.0&#8243; _module_preset=&#8220;default&#8220; background_enable_color=&#8220;off&#8220; global_colors_info=&#8220;{}&#8220;][et_pb_slider _builder_version=&#8220;4.21.0&#8243; _module_preset=&#8220;default&#8220; custom_padding_tablet=&#8220;180px|0px|180px|0px|false|false&#8220; header_font_size_tablet=&#8220;&#8220; header_font_size_phone=&#8220;39px&#8220; header_font_size_last_edited=&#8220;on|tablet&#8220; body_font_size_phone=&#8220;39px&#8220; global_colors_info=&#8220;{}&#8220;][et_pb_slide _builder_version=&#8220;4.21.0&#8243; _module_preset=&#8220;default&#8220; background_image=&#8220;https:\/\/hauxlifesupport.de\/wp-content\/uploads\/2023\/10\/Jobs-Karriere_H_D.jpg&#8220; custom_padding=&#8220;|0px||0px|false|false&#8220; global_colors_info=&#8220;{}&#8220; sticky_transition=&#8220;on&#8220;]<\/p>\n<p><strong>Wir suchen<br \/>Fachleute!<br \/><\/strong><strong><\/strong><\/p>\n<p>[\/et_pb_slide][\/et_pb_slider][\/et_pb_column][\/et_pb_row][\/et_pb_section][et_pb_section fb_built=&#8220;1&#8243; admin_label=&#8220;Willkommen&#8220; _builder_version=&#8220;4.21.0&#8243; _module_preset=&#8220;default&#8220; global_colors_info=&#8220;{}&#8220;][et_pb_row _builder_version=&#8220;4.21.0&#8243; _module_preset=&#8220;_initial&#8220; custom_margin_tablet=&#8220;||0px||false|false&#8220; custom_margin_phone=&#8220;||0px||false|false&#8220; custom_margin_last_edited=&#8220;on|phone&#8220; custom_padding_tablet=&#8220;||0px||false|false&#8220; custom_padding_phone=&#8220;||0px||false|false&#8220; global_colors_info=&#8220;{}&#8220;][et_pb_column type=&#8220;4_4&#8243; _builder_version=&#8220;4.21.0&#8243; _module_preset=&#8220;default&#8220; global_colors_info=&#8220;{}&#8220;][et_pb_text _builder_version=&#8220;4.21.0&#8243; _module_preset=&#8220;_initial&#8220; global_colors_info=&#8220;{}&#8220;]<\/p>\n<h2 style=\"text-align: center;\"><strong>Jobs &amp; Karriere<\/strong><\/h2>\n<h2 style=\"text-align: center;\"><span style=\"text-decoration: underline;\">Karriere bei HAUX-LIFE-SUPPORT<\/span><\/h2>\n<p>[\/et_pb_text][\/et_pb_column][\/et_pb_row][et_pb_row _builder_version=&#8220;4.21.0&#8243; _module_preset=&#8220;_initial&#8220; global_colors_info=&#8220;{}&#8220;][et_pb_column type=&#8220;4_4&#8243; _builder_version=&#8220;4.21.0&#8243; _module_preset=&#8220;default&#8220; global_colors_info=&#8220;{}&#8220;][et_pb_text _builder_version=&#8220;4.21.0&#8243; _module_preset=&#8220;default&#8220; border_style_bottom=&#8220;none&#8220; global_colors_info=&#8220;{}&#8220;]<\/p>\n<p style=\"text-align: center;\">Lesen und erfahren Sie auf unseren Jobs &amp; Karriere-Seiten, welche M\u00f6glichkeiten und Chancen HAUX-LIFE-SUPPORT Ihnen f\u00fcr Ihre berufliche Zukunft bietet.<\/p>\n<p style=\"text-align: center;\">Ganz gleich ob Sie Sch\u00fcler, Student, Berufseinsteiger sind oder bereits Berufserfahrung haben \u2013 hier finden Sie den richtigen Einstieg.<\/p>\n<p>[\/et_pb_text][\/et_pb_column][\/et_pb_row][\/et_pb_section][et_pb_section fb_built=&#8220;1&#8243; admin_label=&#8220;3 Spalten-Bereich&#8220; _builder_version=&#8220;4.21.0&#8243; _module_preset=&#8220;default&#8220; background_color=&#8220;gcid-cc089cd5-3da9-4d63-a7e1-04fbecdd3d67&#8243; global_colors_info=&#8220;{%22gcid-cc089cd5-3da9-4d63-a7e1-04fbecdd3d67%22:%91%22background_color%22%93}&#8220;][et_pb_row _builder_version=&#8220;4.23.1&#8243; _module_preset=&#8220;126ce2d4-8ee6-4926-a9d7-a28071ed68d8&#8243; global_colors_info=&#8220;{}&#8220;][et_pb_column type=&#8220;4_4&#8243; admin_label=&#8220;Spalte&#8220; _builder_version=&#8220;4.21.0&#8243; _module_preset=&#8220;default&#8220; global_colors_info=&#8220;{}&#8220;][dica_divi_carousel show_items_tablet=&#8220;2&#8243; content_container_padding_phone=&#8220;30px|28px|30px|28px|false|false&#8220; admin_label=&#8220;Divi Carousel&#8220; _builder_version=&#8220;4.23.1&#8243; _module_preset=&#8220;e0e13787-200d-4cbc-abd0-a9d25c3c5a23&#8243; hover_enabled=&#8220;0&#8243; global_colors_info=&#8220;{%22gcid-8d004b11-584e-4716-8158-78133c0b6f77%22:%91%22title_text_color%22,%22arrow_nav_color%22%93}&#8220; sticky_enabled=&#8220;0&#8243;][dica_divi_carouselitem title=&#8220;Stellenangebote Karlsbad-Ittersbach&#8220; button_text=&#8220;Mehr erfahren&#8220; button_url=&#8220;https:\/\/hauxlifesupport.de\/de\/job-karriere\/stellenangebote-karlsbad-ittersbach\/&#8220; button_url_new_window=&#8220;1&#8243; image=&#8220;https:\/\/hauxlifesupport.de\/wp-content\/uploads\/2023\/07\/11-e1688649155517.png&#8220; image_padding=&#8220;||||false|false&#8220; content_padding=&#8220;||||false|false&#8220; button_margin=&#8220;||||false|false&#8220; button_padding=&#8220;||||false|false&#8220; custom_margin=&#8220;||||false|false&#8220; custom_padding=&#8220;||||false|false&#8220; _builder_version=&#8220;4.23.1&#8243; _module_preset=&#8220;default&#8220; header_level=&#8220;h3&#8243; header_font=&#8220;|700|||||||&#8220; header_text_color=&#8220;gcid-8d004b11-584e-4716-8158-78133c0b6f77&#8243; global_colors_info=&#8220;{%22gcid-8d004b11-584e-4716-8158-78133c0b6f77%22:%91%22header_text_color%22%93}&#8220;]<\/p>\n<p><span>HAUX-LIFE-SUPPORT bietet Ihnen her\u00advor\u00adragende M\u00f6g\u00adlich\u00adkeiten und Chancen f\u00fcr Ihre berufl\u00adiche Zukunft in Karlsbad-Ittersbach\u2026<\/span><\/p>\n<p>[\/dica_divi_carouselitem][dica_divi_carouselitem title=&#8220;Stellenangebote Werk Cuxhaven&#8220; button_text=&#8220;Mehr erfahren&#8220; button_url=&#8220;https:\/\/hauxlifesupport.de\/de\/job-karriere\/stellenangebote-werk-cuxhaven\/&#8220; button_url_new_window=&#8220;1&#8243; image=&#8220;https:\/\/hauxlifesupport.de\/wp-content\/uploads\/2023\/07\/HAUX-LIFE-SUPPORT_vessel_apparatus_construction_Cuxhaven_min.jpg&#8220; image_padding=&#8220;||||false|false&#8220; content_padding=&#8220;||||false|false&#8220; button_margin=&#8220;||||false|false&#8220; button_padding=&#8220;||||false|false&#8220; custom_margin=&#8220;||||false|false&#8220; custom_padding=&#8220;||||false|false&#8220; _builder_version=&#8220;4.23.1&#8243; _module_preset=&#8220;default&#8220; header_level=&#8220;h3&#8243; header_font=&#8220;|700|||||||&#8220; header_text_color=&#8220;gcid-8d004b11-584e-4716-8158-78133c0b6f77&#8243; global_colors_info=&#8220;{%22gcid-8d004b11-584e-4716-8158-78133c0b6f77%22:%91%22header_text_color%22%93}&#8220;]<\/p>\n<p><span>HAUX-LIFE-SUPPORT Werk Cux\u00adhaven bietet Ihnen her\u00advor\u00adragen\u00adde M\u00f6g\u00adlich\u00adkei\u00adten und Chan\u00adcen f\u00fcr Ihre berufliche Zukunft\u2026<\/span><\/p>\n<p>[\/dica_divi_carouselitem][dica_divi_carouselitem title=&#8220;Ihr Einstieg bei HAUX-LIFE-SUPPORT&#8220; button_text=&#8220;Mehr erfahren&#8220; button_url=&#8220;https:\/\/hauxlifesupport.de\/de\/job-karriere\/ihr-einstieg-bei-haux-life-support\/&#8220; button_url_new_window=&#8220;1&#8243; image=&#8220;https:\/\/hauxlifesupport.de\/wp-content\/uploads\/2023\/07\/DSCN2975_m_500x375.jpg&#8220; image_padding=&#8220;||||false|false&#8220; content_padding=&#8220;||||false|false&#8220; button_margin=&#8220;||||false|false&#8220; button_padding=&#8220;||||false|false&#8220; custom_margin=&#8220;||||false|false&#8220; custom_padding=&#8220;||||false|false&#8220; _builder_version=&#8220;4.23.1&#8243; _module_preset=&#8220;default&#8220; header_level=&#8220;h3&#8243; header_font=&#8220;|700|||||||&#8220; header_text_color=&#8220;gcid-8d004b11-584e-4716-8158-78133c0b6f77&#8243; global_colors_info=&#8220;{%22gcid-8d004b11-584e-4716-8158-78133c0b6f77%22:%91%22header_text_color%22%93}&#8220;]<\/p>\n<p>HAUX-LIFE-SUPPORT ist ein inter\u00adnational sehr erfol\u00adgreich operierendes mittel\u00adst\u00e4ndisches Unter\u00adnehmen&#8230;<\/p>\n<p>[\/dica_divi_carouselitem][dica_divi_carouselitem title=&#8220;Ausbildung bei HAUX-LIFE-SUPPORT&#8220; button_text=&#8220;Mehr erfahren&#8220; button_url=&#8220;https:\/\/hauxlifesupport.de\/de\/job-karriere\/ausbildung-bei-haux-life-support\/&#8220; button_url_new_window=&#8220;1&#8243; image=&#8220;https:\/\/hauxlifesupport.de\/wp-content\/uploads\/2023\/07\/test-e1688648855572.png&#8220; image_padding=&#8220;||||false|false&#8220; content_padding=&#8220;||||false|false&#8220; button_margin=&#8220;||||false|false&#8220; button_padding=&#8220;||||false|false&#8220; custom_margin=&#8220;||||false|false&#8220; custom_padding=&#8220;||||false|false&#8220; _builder_version=&#8220;4.23.1&#8243; _module_preset=&#8220;default&#8220; header_level=&#8220;h3&#8243; header_font=&#8220;|700|||||||&#8220; header_text_color=&#8220;gcid-8d004b11-584e-4716-8158-78133c0b6f77&#8243; global_colors_info=&#8220;{%22gcid-8d004b11-584e-4716-8158-78133c0b6f77%22:%91%22header_text_color%22%93}&#8220;]<\/p>\n<p>Sind Sie an einer Aus\u00adbildung im gewerb\u00adlich tech\u00adnischen oder kauf\u00adm\u00e4nnischen Be\u00adreich interessiert?&#8230;<\/p>\n<p>[\/dica_divi_carouselitem][dica_divi_carouselitem title=&#8220;Praktikum &#038; Abschlussarbeit&#8220; button_text=&#8220;Mehr erfahren&#8220; button_url=&#8220;https:\/\/hauxlifesupport.de\/de\/job-karriere\/praktikum-diplomarbeit\/&#8220; button_url_new_window=&#8220;1&#8243; image=&#8220;https:\/\/hauxlifesupport.de\/wp-content\/uploads\/2023\/07\/DSCN3122_m_500x375.jpg&#8220; image_padding=&#8220;||||false|false&#8220; content_padding=&#8220;||||false|false&#8220; button_margin=&#8220;||||false|false&#8220; button_padding=&#8220;||||false|false&#8220; custom_margin=&#8220;||||false|false&#8220; custom_padding=&#8220;||||false|false&#8220; _builder_version=&#8220;4.23.1&#8243; _module_preset=&#8220;default&#8220; header_level=&#8220;h3&#8243; header_font=&#8220;|700|||||||&#8220; header_text_color=&#8220;gcid-8d004b11-584e-4716-8158-78133c0b6f77&#8243; global_colors_info=&#8220;{%22gcid-8d004b11-584e-4716-8158-78133c0b6f77%22:%91%22header_text_color%22%93}&#8220;]<\/p>\n<p>Um schon w\u00e4hrend des Stu\u00addiums einen Bezug zur Pra\u00adxis zu be\u00adkommen, sind fr\u00fch\u00adzeitige Kontakte zur Industrie der richtige Weg&#8230;<\/p>\n<p>[\/dica_divi_carouselitem][\/dica_divi_carousel][\/et_pb_column][\/et_pb_row][\/et_pb_section]<\/p>\n","protected":false},"excerpt":{"rendered":"<p>Wir suchenFachleute!Jobs &amp; Karriere Karriere bei HAUX-LIFE-SUPPORTLesen und erfahren Sie auf unseren Jobs &amp; Karriere-Seiten, welche M\u00f6glichkeiten und Chancen HAUX-LIFE-SUPPORT Ihnen f\u00fcr Ihre berufliche Zukunft bietet. Ganz gleich ob Sie Sch\u00fcler, Student, Berufseinsteiger sind oder bereits Berufserfahrung haben \u2013 hier finden Sie den richtigen Einstieg.<div class=\"et_pb_module dica_divi_carousel dica_divi_carousel_0\">\n\t\t\t\t\n\t\t\t\t\n\t\t\t\t\n\t\t\t\t\n\t\t\t\t\n\t\t\t\t\n\t\t\t\t<div class=\"et_pb_module_inner\">\n\t\t\t\t\t<div class=\"dica-container  desktop_middle-inside tablet_middle-inside mobile_middle-inside\" data-props='{\"desktop\":\"3\",\"tablet\":\"2\",\"mobile\":\"1\",\"speed\":\"500\",\"arrow\":\"on\",\"dots\":\"off\",\"autoplay\":\"off\",\"autoSpeed\":\"1000\",\"loop\":\"off\",\"item_spacing\":\"50\",\"center_mode\":\"off\",\"slider_effec\":\"1\",\"cover_rotate\":\"50\",\"pause_onhover\":\"off\",\"multislide\":\"off\",\"cfshadow\":\"on\",\"order\":\"0\",\"lazyload\":\"on\",\"lazybefore\":\"on\",\"scroller_effect\":\"off\",\"autowidth\":\"off\",\"item_spacing_tablet\":\"50\",\"item_spacing_phone\":\"50\",\"scroller_speed\":\"4000\",\"hashNavigation\":\"off\",\"simulatetouch\":\"on\",\"allowtouchmove\":\"off\"}'>\r\n\t\t\t\t\t\t\t \t<div class=\"swiper-container\">\r\n\t\t\t\t\t\t\t\t\t<div class=\"swiper-wrapper\"><\/div>\t\r\n\t\t\t\t\t\t\t\t<\/div>\t\r\n\t\t\t\t\t\t\t\t<div class=\"swiper-buttton-container\"><div class=\"swiper-button-prev dica-prev-btn-0\" data-icon=\"4\"><\/div><div class=\"swiper-button-next dica-next-btn-0\" data-icon=\"5\"><\/div><\/div>\r\n\t\t\t\t\t\t\t\t\t\t\t\t\t\t\r\n\t\t\t\t\t\t\t<\/div>\n\t\t\t\t<\/div>\n\t\t\t<\/div><div class=\"et_pb_module dica_divi_carouselitem dica_divi_carouselitem_0\">\n\t\t\t\t\n\t\t\t\t\n\t\t\t\t\n\t\t\t\t\n\t\t\t\t\n\t\t\t\t\n\t\t\t\t<div class=\"et_pb_module_inner\">\n\t\t\t\t\t <div class=\"dica-item image_top swiper-lazy loading\"   data-hash=\"dica_divi_carouselitem_0\">\r\n\t\t\t\t\t\t\t\t\t\r\n\t\t\t\t\t\t\t\t\t<div class=\"dica-item-content\"><h4 class=\"item-title\">&#8220;Stellenangebote<\/h4>        <\/div>\r\n\t\t\t\t\t\t\t<\/div>\n\t\t\t\t<\/div>\n\t\t\t<\/div><\/p>\n","protected":false},"author":1,"featured_media":0,"parent":0,"menu_order":400,"comment_status":"closed","ping_status":"closed","template":"","meta":{"_et_pb_use_builder":"on","_et_pb_old_content":"<!-- wp:divi\/placeholder \/-->","_et_gb_content_width":"","_relevanssi_hide_post":"","_relevanssi_hide_content":"","_relevanssi_pin_for_all":"","_relevanssi_pin_keywords":"","_relevanssi_unpin_keywords":"","_relevanssi_related_keywords":"","_relevanssi_related_include_ids":"","_relevanssi_related_exclude_ids":"","_relevanssi_related_no_append":"","_relevanssi_related_not_related":"","_relevanssi_related_posts":"","_relevanssi_noindex_reason":"","footnotes":""},"class_list":["post-669","page","type-page","status-publish","hentry"],"_links":{"self":[{"href":"https:\/\/hauxlifesupport.de\/de\/wp-json\/wp\/v2\/pages\/669","targetHints":{"allow":["GET"]}}],"collection":[{"href":"https:\/\/hauxlifesupport.de\/de\/wp-json\/wp\/v2\/pages"}],"about":[{"href":"https:\/\/hauxlifesupport.de\/de\/wp-json\/wp\/v2\/types\/page"}],"author":[{"embeddable":true,"href":"https:\/\/hauxlifesupport.de\/de\/wp-json\/wp\/v2\/users\/1"}],"replies":[{"embeddable":true,"href":"https:\/\/hauxlifesupport.de\/de\/wp-json\/wp\/v2\/comments?post=669"}],"version-history":[{"count":21,"href":"https:\/\/hauxlifesupport.de\/de\/wp-json\/wp\/v2\/pages\/669\/revisions"}],"predecessor-version":[{"id":242762,"href":"https:\/\/hauxlifesupport.de\/de\/wp-json\/wp\/v2\/pages\/669\/revisions\/242762"}],"wp:attachment":[{"href":"https:\/\/hauxlifesupport.de\/de\/wp-json\/wp\/v2\/media?parent=669"}],"curies":[{"name":"wp","href":"https:\/\/api.w.org\/{rel}","templated":true}]}}