{"id":663,"date":"2023-06-26T11:19:02","date_gmt":"2023-06-26T09:19:02","guid":{"rendered":"https:\/\/hauxlifesupport.de\/?page_id=663"},"modified":"2023-10-10T13:52:23","modified_gmt":"2023-10-10T11:52:23","slug":"apparate-und-behaelterbau","status":"publish","type":"page","link":"https:\/\/hauxlifesupport.de\/de\/produkte\/apparate-und-behaelterbau\/","title":{"rendered":"APPARATE UND BEH\u00c4LTERBAU"},"content":{"rendered":"<p>[et_pb_section fb_built=&#8220;1&#8243; admin_label=&#8220;Slider&#8220; _builder_version=&#8220;4.21.0&#8243; _module_preset=&#8220;default&#8220; width=&#8220;100%&#8220; max_width=&#8220;100%&#8220; custom_padding=&#8220;0px||0px||false|false&#8220; custom_padding_tablet=&#8220;0px||0px||false|false&#8220; custom_padding_phone=&#8220;0px||0px||false|false&#8220; global_colors_info=&#8220;{}&#8220;][et_pb_row _builder_version=&#8220;4.21.0&#8243; _module_preset=&#8220;default&#8220; background_enable_color=&#8220;off&#8220; width=&#8220;100%&#8220; width_tablet=&#8220;100%&#8220; width_phone=&#8220;100%&#8220; width_last_edited=&#8220;on|desktop&#8220; max_width=&#8220;100%&#8220; module_alignment=&#8220;left&#8220; custom_margin=&#8220;0px||0px||false|false&#8220; custom_margin_tablet=&#8220;|0px||0px|false|false&#8220; custom_padding=&#8220;0px||0px||false|false&#8220; custom_padding_tablet=&#8220;|0px||0px|false|true&#8220; global_colors_info=&#8220;{}&#8220;][et_pb_column type=&#8220;4_4&#8243; _builder_version=&#8220;4.21.0&#8243; _module_preset=&#8220;default&#8220; background_enable_color=&#8220;off&#8220; global_colors_info=&#8220;{}&#8220;][et_pb_slider _builder_version=&#8220;4.21.0&#8243; _module_preset=&#8220;default&#8220; custom_padding_tablet=&#8220;180px|0px|180px|0px|false|false&#8220; hover_enabled=&#8220;0&#8243; header_font_size_tablet=&#8220;&#8220; header_font_size_phone=&#8220;39px&#8220; header_font_size_last_edited=&#8220;on|tablet&#8220; body_font_size_phone=&#8220;39px&#8220; global_colors_info=&#8220;{}&#8220; sticky_enabled=&#8220;0&#8243;][et_pb_slide _builder_version=&#8220;4.21.0&#8243; _module_preset=&#8220;default&#8220; background_color=&#8220;RGBA(255,255,255,0)&#8220; background_enable_color=&#8220;on&#8220; background_image=&#8220;https:\/\/hauxlifesupport.de\/wp-content\/uploads\/2023\/10\/Produkte_Aupperate_und_Behaelterbau_H_D.jpg&#8220; custom_padding=&#8220;|0px||0px|false|false&#8220; hover_enabled=&#8220;0&#8243; global_colors_info=&#8220;{}&#8220; sticky_transition=&#8220;on&#8220; title_text=&#8220;Produkte_Aupperate_und_Behaelterbau_H_D&#8220; sticky_enabled=&#8220;0&#8243;][\/et_pb_slide][\/et_pb_slider][\/et_pb_column][\/et_pb_row][\/et_pb_section][et_pb_section fb_built=&#8220;1&#8243; admin_label=&#8220;Willkommen&#8220; _builder_version=&#8220;4.21.0&#8243; _module_preset=&#8220;default&#8220; global_colors_info=&#8220;{}&#8220;][et_pb_row _builder_version=&#8220;4.21.0&#8243; _module_preset=&#8220;_initial&#8220; custom_margin_tablet=&#8220;||0px||false|false&#8220; custom_margin_phone=&#8220;||0px||false|false&#8220; custom_margin_last_edited=&#8220;on|phone&#8220; custom_padding_tablet=&#8220;||0px||false|false&#8220; custom_padding_phone=&#8220;||0px||false|false&#8220; global_colors_info=&#8220;{}&#8220;][et_pb_column type=&#8220;4_4&#8243; _builder_version=&#8220;4.21.0&#8243; _module_preset=&#8220;default&#8220; global_colors_info=&#8220;{}&#8220;][et_pb_text _builder_version=&#8220;4.21.0&#8243; _module_preset=&#8220;1d6c08ce-9034-4863-b572-8d1f8fe79549&#8243; global_colors_info=&#8220;{}&#8220;]<\/p>\n<h1 style=\"text-align: left;\"><strong>HAUX-LIFE-SUPPORT \u2013 Apparate- und Beh\u00e4lterbau<\/strong><\/h1>\n<h2 style=\"text-align: left;\"><span style=\"text-decoration: underline;\">Erfahrung, Konstruktion, Sicherheit<\/span><\/h2>\n<p>[\/et_pb_text][\/et_pb_column][\/et_pb_row][et_pb_row _builder_version=&#8220;4.21.0&#8243; _module_preset=&#8220;_initial&#8220; global_colors_info=&#8220;{}&#8220;][et_pb_column type=&#8220;4_4&#8243; _builder_version=&#8220;4.21.0&#8243; _module_preset=&#8220;default&#8220; global_colors_info=&#8220;{}&#8220;][et_pb_text _builder_version=&#8220;4.21.0&#8243; _module_preset=&#8220;default&#8220; border_style_bottom=&#8220;none&#8220; global_colors_info=&#8220;{}&#8220;]<\/p>\n<p style=\"text-align: left;\">Unser Werk in Cuxhaven ist eine Tochter der HAUX-LIFE-SUPPORT GmbH Karlsbad.<\/p>\n<p style=\"text-align: left;\">Cuxhaven ist als Schwei\u00dffach\u00adbetrieb aufgebaut und pro\u00adduziert auf einer Fertigung\u00adsfl\u00e4che von ca. 4000\u00a0m\u00b2 Apparate und Beh\u00e4lter.<\/p>\n<p>[\/et_pb_text][\/et_pb_column][\/et_pb_row][\/et_pb_section][et_pb_section fb_built=&#8220;1&#8243; _builder_version=&#8220;4.21.0&#8243; _module_preset=&#8220;default&#8220; background_image=&#8220;https:\/\/hauxlifesupport.de\/wp-content\/uploads\/2023\/06\/827aa74837e28e0ff72c3c9487b38e28.jpg&#8220; global_colors_info=&#8220;{}&#8220;][et_pb_row _builder_version=&#8220;4.21.0&#8243; _module_preset=&#8220;default&#8220; global_colors_info=&#8220;{}&#8220;][et_pb_column type=&#8220;4_4&#8243; _builder_version=&#8220;4.21.0&#8243; _module_preset=&#8220;default&#8220; global_colors_info=&#8220;{}&#8220;][et_pb_text _builder_version=&#8220;4.21.0&#8243; _module_preset=&#8220;default&#8220; global_colors_info=&#8220;{}&#8220;]<\/p>\n<h2><span style=\"text-decoration: underline;\">Qualit\u00e4t setzt sich durch<\/span><\/h2>\n<p>Mit diesem Wissen produzieren wir seit mehr als 35 Jahren die kom\u00adplexesten Apparate und Be\u00adh\u00e4lter nach inter\u00adnationalen Standards, zerti\u00adfiziert durch Abnahme\u00adgesellschaften, wie z. B.\u00a0T\u00dcV (PED-AD2000), EN13445, ASME (U-, U2-Stamp), DNV, LR,\u00a0GOST,\u00a0SQL-Zulassung (D1, D2, A5 Luftdruck) etc.<\/p>\n<p>Unsere Kunden kommen aus den unter\u00adschiedlichsten Bran\u00adchen und Berei\u00adchen, woraus sich die fol\u00adgenden Ferti\u00adgungs\u00adschwerpunkte ergeben:<\/p>\n<ul>\n<li>Druckbeh\u00e4lter (Hoch- und Niederdruck)<\/li>\n<li>Apparate- und Beh\u00e4lterbau<\/li>\n<li>Druckkammern<\/li>\n<li>U-Boote<\/li>\n<li>Sonderprojekte wie z. B. Explosions\u00addruckkammern<\/li>\n<li>Testkammern<\/li>\n<li>Gestell- und Rahmenbau<\/li>\n<li>Reparaturen<\/li>\n<li>Vorrichtungen<\/li>\n<li>Verarbeitung von\u00a0C-St\u00e4hlen, warmfesten\u00a0und aus\u00adtenitischen St\u00e4hlen sowie Aluminium<\/li>\n<li>Dienstleistung im Bereich Strahlen (5 x 15 m) und Lackieren (5 x 15 m)<\/li>\n<\/ul>\n<p>&nbsp;<\/p>\n<p><strong>Mit mehr als 40 Mitarbeitern und Aus\u00adzubildenden setzen wir folgende Tech\u00adnologien ein:<\/strong><\/p>\n<ul>\n<li>Apparate und Beh\u00e4lter bis zu einem Durch\u00admesser von 6 m<\/li>\n<li>Gewichte bis 140 t<\/li>\n<li>Kranhakenh\u00f6he von 8 m<\/li>\n<li>Rundbiegemaschinen f\u00fcr Bleche bis 3 m Breite und 30 mm Dicke (gr\u00f6\u00dfere Wandst\u00e4rken auf Anfrage)<\/li>\n<li>Schwei\u00dfverfahren: UP, MAG, MIG, WIG<\/li>\n<li>Gestell- und Rahmenbau<\/li>\n<li>Eigener, moderner Maschinenpark<\/li>\n<li>Bearbeitungszentrum: bis 5000 x 3000 x 2000 mm (gr\u00f6\u00dfere Abmes\u00adsungen auf Anfrage)<\/li>\n<li>Drehmaschinen Karussell: bis 2400 mm (gr\u00f6\u00dfere Abmes\u00adsungen auf Anfrage)<\/li>\n<li>Fr\u00e4smaschinen: bis 1100 mm<\/li>\n<li>Drehmaschinen: bis 1200 mm (x 5000 mm)<\/li>\n<li>Strahlen<\/li>\n<li>Lackieren<\/li>\n<\/ul>\n<p>[\/et_pb_text][\/et_pb_column][\/et_pb_row][\/et_pb_section][et_pb_section fb_built=&#8220;1&#8243; custom_padding_last_edited=&#8220;on|tablet&#8220; admin_label=&#8220;News HAUX-LIFE-SUPPORT&#8220; _builder_version=&#8220;4.21.0&#8243; _module_preset=&#8220;default&#8220; background_color=&#8220;RGBA(255,255,255,0)&#8220; background_enable_image=&#8220;off&#8220; custom_padding=&#8220;||||false|false&#8220; custom_padding_tablet=&#8220;||||false|false&#8220; custom_padding_phone=&#8220;||||false|false&#8220; global_colors_info=&#8220;{}&#8220;][et_pb_row _builder_version=&#8220;4.21.0&#8243; _module_preset=&#8220;126ce2d4-8ee6-4926-a9d7-a28071ed68d8&#8243; global_colors_info=&#8220;{}&#8220;][et_pb_column type=&#8220;4_4&#8243; admin_label=&#8220;Spalte&#8220; _builder_version=&#8220;4.21.0&#8243; _module_preset=&#8220;default&#8220; global_colors_info=&#8220;{}&#8220;][dica_divi_carousel show_items_tablet=&#8220;2&#8243; arrow_nav_color=&#8220;gcid-8d004b11-584e-4716-8158-78133c0b6f77&#8243; arrow_position_tablet=&#8220;middle-inside&#8220; arrow_position_phone=&#8220;middle-inside&#8220; arrow_font_size_phone=&#8220;40px&#8220; admin_label=&#8220;Divi Carousel&#8220; _builder_version=&#8220;4.21.0&#8243; _module_preset=&#8220;e0e13787-200d-4cbc-abd0-a9d25c3c5a23&#8243; title_text_color=&#8220;gcid-8d004b11-584e-4716-8158-78133c0b6f77&#8243; global_colors_info=&#8220;{%22gcid-8d004b11-584e-4716-8158-78133c0b6f77%22:%91%22arrow_nav_color%22,%22title_text_color%22%93}&#8220;][dica_divi_carouselitem button_url_new_window=&#8220;1&#8243; image=&#8220;https:\/\/hauxlifesupport.de\/wp-content\/uploads\/2023\/07\/csm_Neubau-Internet-500x375_m_richtige_groesse_9c8d66380c.jpg&#8220; image_padding=&#8220;||||false|false&#8220; content_padding=&#8220;||||false|false&#8220; button_margin=&#8220;||||false|false&#8220; button_padding=&#8220;||||false|false&#8220; custom_margin=&#8220;||||false|false&#8220; custom_padding=&#8220;||||false|false&#8220; _builder_version=&#8220;4.21.0&#8243; _module_preset=&#8220;default&#8220; header_level=&#8220;h3&#8243; header_font=&#8220;|700|||||||&#8220; header_text_color=&#8220;gcid-8d004b11-584e-4716-8158-78133c0b6f77&#8243; global_colors_info=&#8220;{%22gcid-8d004b11-584e-4716-8158-78133c0b6f77%22:%91%22header_text_color%22%93}&#8220;][\/dica_divi_carouselitem][dica_divi_carouselitem button_url_new_window=&#8220;1&#8243; image=&#8220;https:\/\/hauxlifesupport.de\/wp-content\/uploads\/2023\/07\/HAUX_new_production_hall_2010-01-18_500x375.jpg&#8220; image_padding=&#8220;||||false|false&#8220; content_padding=&#8220;||||false|false&#8220; button_margin=&#8220;||||false|false&#8220; button_padding=&#8220;||||false|false&#8220; custom_margin=&#8220;||||false|false&#8220; custom_padding=&#8220;||||false|false&#8220; _builder_version=&#8220;4.21.0&#8243; _module_preset=&#8220;default&#8220; header_level=&#8220;h3&#8243; header_font=&#8220;|700|||||||&#8220; header_text_color=&#8220;gcid-8d004b11-584e-4716-8158-78133c0b6f77&#8243; global_colors_info=&#8220;{%22gcid-8d004b11-584e-4716-8158-78133c0b6f77%22:%91%22header_text_color%22%93}&#8220;][\/dica_divi_carouselitem][dica_divi_carouselitem button_url_new_window=&#8220;1&#8243; image=&#8220;https:\/\/hauxlifesupport.de\/wp-content\/uploads\/2023\/07\/csm_HAUX_Bending_machine_Cuxhaven_500x375_f9b6e55c38.jpg&#8220; image_padding=&#8220;||||false|false&#8220; content_padding=&#8220;||||false|false&#8220; button_margin=&#8220;||||false|false&#8220; button_padding=&#8220;||||false|false&#8220; custom_margin=&#8220;||||false|false&#8220; custom_padding=&#8220;||||false|false&#8220; _builder_version=&#8220;4.21.0&#8243; _module_preset=&#8220;default&#8220; header_level=&#8220;h3&#8243; header_font=&#8220;|700|||||||&#8220; header_text_color=&#8220;gcid-8d004b11-584e-4716-8158-78133c0b6f77&#8243; global_colors_info=&#8220;{%22gcid-8d004b11-584e-4716-8158-78133c0b6f77%22:%91%22header_text_color%22%93}&#8220;][\/dica_divi_carouselitem][dica_divi_carouselitem button_url_new_window=&#8220;1&#8243; image=&#8220;https:\/\/hauxlifesupport.de\/wp-content\/uploads\/2023\/07\/csm_Fertigung_Cux_1_96dpi_500x375_afa049b596.jpg&#8220; image_padding=&#8220;||||false|false&#8220; content_padding=&#8220;||||false|false&#8220; button_margin=&#8220;||||false|false&#8220; button_padding=&#8220;||||false|false&#8220; custom_margin=&#8220;||||false|false&#8220; custom_padding=&#8220;||||false|false&#8220; _builder_version=&#8220;4.21.0&#8243; _module_preset=&#8220;default&#8220; header_level=&#8220;h3&#8243; header_font=&#8220;|700|||||||&#8220; header_text_color=&#8220;gcid-8d004b11-584e-4716-8158-78133c0b6f77&#8243; global_colors_info=&#8220;{%22gcid-8d004b11-584e-4716-8158-78133c0b6f77%22:%91%22header_text_color%22%93}&#8220;][\/dica_divi_carouselitem][dica_divi_carouselitem button_url_new_window=&#8220;1&#8243; image=&#8220;https:\/\/hauxlifesupport.de\/wp-content\/uploads\/2023\/07\/csm_Fertigung-2010.02.18-013-In_500x375_6c2906170d.jpg&#8220; image_padding=&#8220;||||false|false&#8220; content_padding=&#8220;||||false|false&#8220; button_margin=&#8220;||||false|false&#8220; button_padding=&#8220;||||false|false&#8220; custom_margin=&#8220;||||false|false&#8220; custom_padding=&#8220;||||false|false&#8220; _builder_version=&#8220;4.21.0&#8243; _module_preset=&#8220;default&#8220; header_level=&#8220;h3&#8243; header_font=&#8220;|700|||||||&#8220; header_text_color=&#8220;gcid-8d004b11-584e-4716-8158-78133c0b6f77&#8243; global_colors_info=&#8220;{%22gcid-8d004b11-584e-4716-8158-78133c0b6f77%22:%91%22header_text_color%22%93}&#8220;][\/dica_divi_carouselitem][\/dica_divi_carousel][\/et_pb_column][\/et_pb_row][\/et_pb_section][et_pb_section fb_built=&#8220;1&#8243; admin_label=&#8220;Blauer St\u00f6rer&#8220; _builder_version=&#8220;4.21.0&#8243; _module_preset=&#8220;default&#8220; background_color=&#8220;gcid-8d004b11-584e-4716-8158-78133c0b6f77&#8243; custom_padding=&#8220;||||false|false&#8220; custom_padding_phone=&#8220;||||false|false&#8220; global_colors_info=&#8220;{%22gcid-8d004b11-584e-4716-8158-78133c0b6f77%22:%91%22background_color%22%93}&#8220;][et_pb_row _builder_version=&#8220;4.21.0&#8243; _module_preset=&#8220;default&#8220; global_colors_info=&#8220;{}&#8220;][et_pb_column type=&#8220;4_4&#8243; _builder_version=&#8220;4.21.0&#8243; _module_preset=&#8220;default&#8220; global_colors_info=&#8220;{}&#8220;][et_pb_text _builder_version=&#8220;4.21.0&#8243; _module_preset=&#8220;_initial&#8220; text_text_color=&#8220;#FFFFFF&#8220; header_2_text_align=&#8220;center&#8220; header_2_text_color=&#8220;#FFFFFF&#8220; global_colors_info=&#8220;{}&#8220;]<\/p>\n<h2><strong>Wir bilden weiter, mit Unterst\u00fctzung der NBank zur F\u00f6rderung von Europa f\u00fcr Niedersachsen:<\/strong><\/h2>\n<p>[\/et_pb_text][et_pb_image src=&#8220;https:\/\/hauxlifesupport.de\/wp-content\/uploads\/2023\/07\/EU_label-e1690285542290.png&#8220; title_text=&#8220;EU_label&#8220; align=&#8220;center&#8220; _builder_version=&#8220;4.21.0&#8243; _module_preset=&#8220;default&#8220; global_colors_info=&#8220;{}&#8220;][\/et_pb_image][et_pb_text _builder_version=&#8220;4.21.0&#8243; _module_preset=&#8220;default&#8220; text_text_color=&#8220;#FFFFFF&#8220; header_2_text_align=&#8220;center&#8220; header_2_text_color=&#8220;#FFFFFF&#8220; global_colors_info=&#8220;{}&#8220;]<\/p>\n<p>Bereits gef\u00f6rderte Ma\u00dfnahmen: Weiterbildung zum Schwei\u00dfg\u00fctepr\u00fcfer sowie zum Ultraschallpr\u00fcfer Stufe 2 und der Basic Kurs NDT.<\/p>\n<p>[\/et_pb_text][\/et_pb_column][\/et_pb_row][\/et_pb_section][et_pb_section fb_built=&#8220;1&#8243; _builder_version=&#8220;4.21.0&#8243; _module_preset=&#8220;default&#8220; global_colors_info=&#8220;{}&#8220;][et_pb_row column_structure=&#8220;1_2,1_2&#8243; _builder_version=&#8220;4.21.0&#8243; _module_preset=&#8220;default&#8220; global_colors_info=&#8220;{}&#8220;][et_pb_column type=&#8220;1_2&#8243; _builder_version=&#8220;4.21.0&#8243; _module_preset=&#8220;default&#8220; global_colors_info=&#8220;{}&#8220;][et_pb_text _builder_version=&#8220;4.21.0&#8243; _module_preset=&#8220;default&#8220; global_colors_info=&#8220;{}&#8220;]<\/p>\n<p><strong>Ansprechpartner:<\/strong><br \/>Herr Str\u00e4hnz \/ Werksleitung<br \/>Tel.: +49 (0) 4721-39998-31<br \/>Fax: +49 (0) 4721-39998-32<\/p>\n<p>[\/et_pb_text][et_pb_button button_url=&#8220;mailto:infowerkcux@hauxlifesupport.de&#8220; button_text=&#8220;E-Mail senden&#8220; _builder_version=&#8220;4.21.0&#8243; _module_preset=&#8220;default&#8220; global_colors_info=&#8220;{}&#8220;][\/et_pb_button][\/et_pb_column][et_pb_column type=&#8220;1_2&#8243; _builder_version=&#8220;4.21.0&#8243; _module_preset=&#8220;default&#8220; global_colors_info=&#8220;{}&#8220;][et_pb_text _builder_version=&#8220;4.21.0&#8243; _module_preset=&#8220;default&#8220; global_colors_info=&#8220;{}&#8220;]<\/p>\n<p><strong>Anschrift:<\/strong><br \/>HAUX-LIFE-SUPPORT GmbH<br \/>Werk Cuxhaven<br \/>Repsoldstr.9<br \/>D-27472 Cuxhaven<\/p>\n<p>[\/et_pb_text][\/et_pb_column][\/et_pb_row][\/et_pb_section]<\/p>\n","protected":false},"excerpt":{"rendered":"<p>HAUX-LIFE-SUPPORT \u2013 Apparate- und Beh\u00e4lterbau Erfahrung, Konstruktion, SicherheitUnser Werk in Cuxhaven ist eine Tochter der HAUX-LIFE-SUPPORT GmbH Karlsbad. Cuxhaven ist als Schwei\u00dffach\u00a6betrieb aufgebaut und pro\u00a6duziert auf einer Fertigung\u00a6sfl\u00e4che von ca. 4000\u00a0m\u00b2 Apparate und Beh\u00e4lter.Qualit\u00e4t setzt sich durch Mit diesem Wissen produzieren wir seit mehr als 35 Jahren die kom\u00a6plexesten Apparate und Be\u00a6h\u00e4lter nach inter\u00a6nationalen Standards, [&hellip;]<\/p>\n","protected":false},"author":1,"featured_media":0,"parent":633,"menu_order":160,"comment_status":"closed","ping_status":"closed","template":"","meta":{"_et_pb_use_builder":"on","_et_pb_old_content":"<!-- wp:divi\/placeholder \/-->","_et_gb_content_width":"","_relevanssi_hide_post":"","_relevanssi_hide_content":"","_relevanssi_pin_for_all":"","_relevanssi_pin_keywords":"","_relevanssi_unpin_keywords":"","_relevanssi_related_keywords":"","_relevanssi_related_include_ids":"","_relevanssi_related_exclude_ids":"","_relevanssi_related_no_append":"","_relevanssi_related_not_related":"","_relevanssi_related_posts":"","_relevanssi_noindex_reason":"","footnotes":""},"class_list":["post-663","page","type-page","status-publish","hentry"],"_links":{"self":[{"href":"https:\/\/hauxlifesupport.de\/de\/wp-json\/wp\/v2\/pages\/663","targetHints":{"allow":["GET"]}}],"collection":[{"href":"https:\/\/hauxlifesupport.de\/de\/wp-json\/wp\/v2\/pages"}],"about":[{"href":"https:\/\/hauxlifesupport.de\/de\/wp-json\/wp\/v2\/types\/page"}],"author":[{"embeddable":true,"href":"https:\/\/hauxlifesupport.de\/de\/wp-json\/wp\/v2\/users\/1"}],"replies":[{"embeddable":true,"href":"https:\/\/hauxlifesupport.de\/de\/wp-json\/wp\/v2\/comments?post=663"}],"version-history":[{"count":22,"href":"https:\/\/hauxlifesupport.de\/de\/wp-json\/wp\/v2\/pages\/663\/revisions"}],"predecessor-version":[{"id":241798,"href":"https:\/\/hauxlifesupport.de\/de\/wp-json\/wp\/v2\/pages\/663\/revisions\/241798"}],"up":[{"embeddable":true,"href":"https:\/\/hauxlifesupport.de\/de\/wp-json\/wp\/v2\/pages\/633"}],"wp:attachment":[{"href":"https:\/\/hauxlifesupport.de\/de\/wp-json\/wp\/v2\/media?parent=663"}],"curies":[{"name":"wp","href":"https:\/\/api.w.org\/{rel}","templated":true}]}}