{"id":661,"date":"2023-06-26T11:18:19","date_gmt":"2023-06-26T09:18:19","guid":{"rendered":"https:\/\/hauxlifesupport.de\/?page_id=661"},"modified":"2024-09-04T10:49:39","modified_gmt":"2024-09-04T08:49:39","slug":"sondersysteme","status":"publish","type":"page","link":"https:\/\/hauxlifesupport.de\/de\/produkte\/sondersysteme\/","title":{"rendered":"SONDERSYSTEME"},"content":{"rendered":"<p>[et_pb_section fb_built=&#8220;1&#8243; admin_label=&#8220;Slider&#8220; _builder_version=&#8220;4.21.0&#8243; _module_preset=&#8220;default&#8220; width=&#8220;100%&#8220; max_width=&#8220;100%&#8220; custom_padding=&#8220;0px||0px||false|false&#8220; custom_padding_tablet=&#8220;0px||0px||false|false&#8220; custom_padding_phone=&#8220;0px||0px||false|false&#8220; global_colors_info=&#8220;{}&#8220;][et_pb_row _builder_version=&#8220;4.21.0&#8243; _module_preset=&#8220;default&#8220; background_enable_color=&#8220;off&#8220; width=&#8220;100%&#8220; width_tablet=&#8220;100%&#8220; width_phone=&#8220;100%&#8220; width_last_edited=&#8220;on|desktop&#8220; max_width=&#8220;100%&#8220; module_alignment=&#8220;left&#8220; custom_margin=&#8220;0px||0px||false|false&#8220; custom_margin_tablet=&#8220;|0px||0px|false|false&#8220; custom_padding=&#8220;0px||0px||false|false&#8220; custom_padding_tablet=&#8220;|0px||0px|false|true&#8220; global_colors_info=&#8220;{}&#8220;][et_pb_column type=&#8220;4_4&#8243; _builder_version=&#8220;4.21.0&#8243; _module_preset=&#8220;default&#8220; background_enable_color=&#8220;off&#8220; global_colors_info=&#8220;{}&#8220;][et_pb_slider _builder_version=&#8220;4.21.0&#8243; _module_preset=&#8220;default&#8220; custom_padding_tablet=&#8220;180px|0px|180px|0px|false|false&#8220; header_font_size_tablet=&#8220;&#8220; header_font_size_phone=&#8220;39px&#8220; header_font_size_last_edited=&#8220;on|tablet&#8220; body_font_size_phone=&#8220;39px&#8220; global_colors_info=&#8220;{}&#8220;][et_pb_slide _builder_version=&#8220;4.21.0&#8243; _module_preset=&#8220;default&#8220; background_image=&#8220;https:\/\/hauxlifesupport.de\/wp-content\/uploads\/2023\/10\/Produkte_Sondersysteme_H_D.jpg&#8220; custom_padding=&#8220;|0px||0px|false|false&#8220; global_colors_info=&#8220;{}&#8220; sticky_transition=&#8220;on&#8220;][\/et_pb_slide][\/et_pb_slider][\/et_pb_column][\/et_pb_row][\/et_pb_section][et_pb_section fb_built=&#8220;1&#8243; admin_label=&#8220;Willkommen&#8220; _builder_version=&#8220;4.21.0&#8243; _module_preset=&#8220;default&#8220; global_colors_info=&#8220;{}&#8220;][et_pb_row _builder_version=&#8220;4.21.0&#8243; _module_preset=&#8220;_initial&#8220; custom_margin_tablet=&#8220;||0px||false|false&#8220; custom_margin_phone=&#8220;||0px||false|false&#8220; custom_margin_last_edited=&#8220;on|phone&#8220; custom_padding_tablet=&#8220;||0px||false|false&#8220; custom_padding_phone=&#8220;||0px||false|false&#8220; global_colors_info=&#8220;{}&#8220;][et_pb_column type=&#8220;4_4&#8243; _builder_version=&#8220;4.21.0&#8243; _module_preset=&#8220;default&#8220; global_colors_info=&#8220;{}&#8220;][et_pb_text _builder_version=&#8220;4.23.1&#8243; _module_preset=&#8220;1d6c08ce-9034-4863-b572-8d1f8fe79549&#8243; global_colors_info=&#8220;{}&#8220;]<\/p>\n<h1><strong>HAUX-LIFE-SUPPORT \u2013 <\/strong><strong>Sondersysteme<\/strong><\/h1>\n<h2><strong><\/strong><span style=\"text-decoration: underline;\">Kundenw\u00fcnsche, Forschung, L\u00f6sungen<\/span><\/h2>\n<p>HAUX-LIFE-SUPPORT bietet durch sein detailliertes Wissen \u00fcber Druck- und Unter\u00addruck-Beh\u00e4lter viel Raum f\u00fcr die Ent\u00adwicklung von Sonder\u00adsystemen, die beispielsweise f\u00fcr Forschung und Entwicklung an Univer\u00adsit\u00e4ten eingesetzt werden, oder auch f\u00fcr Piloten zur Simulation verschiedener Flugh\u00f6hen.<\/p>\n<p>[\/et_pb_text][\/et_pb_column][\/et_pb_row][\/et_pb_section][et_pb_section fb_built=&#8220;1&#8243; _builder_version=&#8220;4.23.1&#8243; _module_preset=&#8220;default&#8220; background_enable_image=&#8220;off&#8220; global_colors_info=&#8220;{}&#8220; custom_padding=&#8220;4px|||||&#8220;][et_pb_row _builder_version=&#8220;4.21.0&#8243; _module_preset=&#8220;default&#8220; global_colors_info=&#8220;{}&#8220;][et_pb_column type=&#8220;4_4&#8243; _builder_version=&#8220;4.21.0&#8243; _module_preset=&#8220;default&#8220; global_colors_info=&#8220;{}&#8220;][et_pb_accordion open_toggle_background_color=&#8220;#FFFFFF&#8220; closed_toggle_background_color=&#8220;#FFFFFF&#8220; toggle_icon=&#8220;&#x32;||divi||400&#8243; _builder_version=&#8220;4.21.0&#8243; _module_preset=&#8220;default&#8220; closed_toggle_font=&#8220;||||||||&#8220; background_color=&#8220;RGBA(255,255,255,0)&#8220; global_colors_info=&#8220;{}&#8220;][et_pb_accordion_item title=&#8220;TESTKAMMERN &#038; TESTBEH\u00c4LTER&#8220; open=&#8220;on&#8220; _builder_version=&#8220;4.21.0&#8243; _module_preset=&#8220;default&#8220; global_colors_info=&#8220;{}&#8220;]<\/p>\n<p><img loading=\"lazy\" decoding=\"async\" src=\"https:\/\/hauxlifesupport.de\/wp-content\/uploads\/2023\/07\/csm_HAUX-TESTCOM-350-10_test_chamber_table_top_closed_with_manometer_safety_valve_500x375_e9f745cfde-300x225.jpg\" alt=\"\" class=\"wp-image-1853 alignnone size-medium\" width=\"300\" height=\"225\" title=\"\" srcset=\"https:\/\/hauxlifesupport.de\/wp-content\/uploads\/2023\/07\/csm_HAUX-TESTCOM-350-10_test_chamber_table_top_closed_with_manometer_safety_valve_500x375_e9f745cfde-300x225.jpg 300w, https:\/\/hauxlifesupport.de\/wp-content\/uploads\/2023\/07\/csm_HAUX-TESTCOM-350-10_test_chamber_table_top_closed_with_manometer_safety_valve_500x375_e9f745cfde.jpg 386w\" sizes=\"auto, (max-width: 300px) 100vw, 300px\" \/> <img loading=\"lazy\" decoding=\"async\" src=\"https:\/\/hauxlifesupport.de\/wp-content\/uploads\/2023\/07\/csm_HAUX-TESTCOM_300-76_test_chamber_US-Navy_1_500x375_01_469f268950-300x225.jpg\" alt=\"\" class=\"wp-image-1857 alignnone size-medium\" width=\"300\" height=\"225\" title=\"\" srcset=\"https:\/\/hauxlifesupport.de\/wp-content\/uploads\/2023\/07\/csm_HAUX-TESTCOM_300-76_test_chamber_US-Navy_1_500x375_01_469f268950-300x225.jpg 300w, https:\/\/hauxlifesupport.de\/wp-content\/uploads\/2023\/07\/csm_HAUX-TESTCOM_300-76_test_chamber_US-Navy_1_500x375_01_469f268950.jpg 386w\" sizes=\"auto, (max-width: 300px) 100vw, 300px\" \/><img loading=\"lazy\" decoding=\"async\" src=\"https:\/\/hauxlifesupport.de\/wp-content\/uploads\/2023\/07\/csm_HAUX-TESTCOM-200-20_test_chamber_compact_manometers_gas_valves_digital_controls_c123ceae60-300x225.jpg\" alt=\"\" class=\"wp-image-1861 alignnone size-medium\" width=\"300\" height=\"225\" title=\"\" srcset=\"https:\/\/hauxlifesupport.de\/wp-content\/uploads\/2023\/07\/csm_HAUX-TESTCOM-200-20_test_chamber_compact_manometers_gas_valves_digital_controls_c123ceae60-300x225.jpg 300w, https:\/\/hauxlifesupport.de\/wp-content\/uploads\/2023\/07\/csm_HAUX-TESTCOM-200-20_test_chamber_compact_manometers_gas_valves_digital_controls_c123ceae60.jpg 386w\" sizes=\"auto, (max-width: 300px) 100vw, 300px\" \/><img loading=\"lazy\" decoding=\"async\" src=\"https:\/\/hauxlifesupport.de\/wp-content\/uploads\/2023\/07\/csm_HAUX-TESTCOM-3200-01_cylindrical_hypobaric_test_chamber_500x375_312dcde529-300x225.jpg\" alt=\"\" class=\"wp-image-1865 alignnone size-medium\" width=\"300\" height=\"225\" title=\"\" srcset=\"https:\/\/hauxlifesupport.de\/wp-content\/uploads\/2023\/07\/csm_HAUX-TESTCOM-3200-01_cylindrical_hypobaric_test_chamber_500x375_312dcde529-300x225.jpg 300w, https:\/\/hauxlifesupport.de\/wp-content\/uploads\/2023\/07\/csm_HAUX-TESTCOM-3200-01_cylindrical_hypobaric_test_chamber_500x375_312dcde529.jpg 386w\" sizes=\"auto, (max-width: 300px) 100vw, 300px\" \/><img loading=\"lazy\" decoding=\"async\" src=\"https:\/\/hauxlifesupport.de\/wp-content\/uploads\/2023\/07\/csm_HAUX-LIFE-SUPPORT_TESTCOM_2200_upright_test_chamber_open_control_panel_monitor_500x375_cf1aae9553-300x225.jpg\" alt=\"\" class=\"wp-image-1869 alignnone size-medium\" width=\"300\" height=\"225\" title=\"\" srcset=\"https:\/\/hauxlifesupport.de\/wp-content\/uploads\/2023\/07\/csm_HAUX-LIFE-SUPPORT_TESTCOM_2200_upright_test_chamber_open_control_panel_monitor_500x375_cf1aae9553-300x225.jpg 300w, https:\/\/hauxlifesupport.de\/wp-content\/uploads\/2023\/07\/csm_HAUX-LIFE-SUPPORT_TESTCOM_2200_upright_test_chamber_open_control_panel_monitor_500x375_cf1aae9553.jpg 386w\" sizes=\"auto, (max-width: 300px) 100vw, 300px\" \/> <img loading=\"lazy\" decoding=\"async\" src=\"https:\/\/hauxlifesupport.de\/wp-content\/uploads\/2023\/07\/csm_HAUX-TESTCOM_62-500A_hp-autoclave_high_pressure_individual_parts_and_assembled_36a84c1021-300x225.jpg\" alt=\"\" class=\"wp-image-1873 alignnone size-medium\" width=\"300\" height=\"225\" title=\"\" srcset=\"https:\/\/hauxlifesupport.de\/wp-content\/uploads\/2023\/07\/csm_HAUX-TESTCOM_62-500A_hp-autoclave_high_pressure_individual_parts_and_assembled_36a84c1021-300x225.jpg 300w, https:\/\/hauxlifesupport.de\/wp-content\/uploads\/2023\/07\/csm_HAUX-TESTCOM_62-500A_hp-autoclave_high_pressure_individual_parts_and_assembled_36a84c1021.jpg 386w\" sizes=\"auto, (max-width: 300px) 100vw, 300px\" \/><\/p>\n<p>HAUX-LIFE-SUPPORT ist Ihr kom\u00adpetenter Ansprech\u00adpartner f\u00fcr \u00dcber- und Unterdruck-Test\u00adbeh\u00e4lter aller Gr\u00f6\u00dfen. Die Test\u00adbeh\u00e4lter werden nach Kunden\u00adwunsch konstruiert und mit den not\u00adwendigen Anzeige- und Mess\u00adinstrumenten ausgestattet.<\/p>\n<p>Die Gasversorgung des Test\u00adbeh\u00e4l\u00adters kann \u2013 falls erw\u00fcnscht \u2013 in das je\u00adweilige Sys\u00adtem inte\u00adgriert werden.<\/p>\n<p>Wir greifen auch in diesem Bereich auf unsere lang\u00adj\u00e4hrige Erfahr\u00adung und unser fun\u00addiertes Wissen zur\u00fcck, das unseren Kunden zur Ver\u00adf\u00fcgung steht.<\/p>\n<p>[\/et_pb_accordion_item][et_pb_accordion_item title=&#8220;EXPLOSIONSDRUCKKAMMERN&#8220; _builder_version=&#8220;4.21.0&#8243; _module_preset=&#8220;default&#8220; global_colors_info=&#8220;{}&#8220; open=&#8220;off&#8220;]<\/p>\n<p><img loading=\"lazy\" decoding=\"async\" src=\"https:\/\/hauxlifesupport.de\/wp-content\/uploads\/2023\/07\/csm_HAUX-TESTCOM-650-PAAR-DSCN4635_m_500x375_509192f688-300x225.jpg\" alt=\"\" class=\"wp-image-1877 alignnone size-medium\" width=\"300\" height=\"225\" title=\"\" srcset=\"https:\/\/hauxlifesupport.de\/wp-content\/uploads\/2023\/07\/csm_HAUX-TESTCOM-650-PAAR-DSCN4635_m_500x375_509192f688-300x225.jpg 300w, https:\/\/hauxlifesupport.de\/wp-content\/uploads\/2023\/07\/csm_HAUX-TESTCOM-650-PAAR-DSCN4635_m_500x375_509192f688.jpg 386w\" sizes=\"auto, (max-width: 300px) 100vw, 300px\" \/> <img loading=\"lazy\" decoding=\"async\" src=\"https:\/\/hauxlifesupport.de\/wp-content\/uploads\/2023\/07\/csm_HAUX-TESTCOM_Daimler_Benz_explosion_test_chamber_outside_96dpi_daf0d650c8-300x225.jpg\" alt=\"\" class=\"wp-image-1881 alignnone size-medium\" width=\"300\" height=\"225\" title=\"\" srcset=\"https:\/\/hauxlifesupport.de\/wp-content\/uploads\/2023\/07\/csm_HAUX-TESTCOM_Daimler_Benz_explosion_test_chamber_outside_96dpi_daf0d650c8-300x225.jpg 300w, https:\/\/hauxlifesupport.de\/wp-content\/uploads\/2023\/07\/csm_HAUX-TESTCOM_Daimler_Benz_explosion_test_chamber_outside_96dpi_daf0d650c8.jpg 386w\" sizes=\"auto, (max-width: 300px) 100vw, 300px\" \/> <img loading=\"lazy\" decoding=\"async\" src=\"https:\/\/hauxlifesupport.de\/wp-content\/uploads\/2023\/07\/csm_HAUX-TESTCOM_Daimler_Benz_explosion_test_chamber_inside1_m_black_d0280de41a-300x225.jpg\" alt=\"\" class=\"wp-image-1885 alignnone size-medium\" width=\"300\" height=\"225\" title=\"\" srcset=\"https:\/\/hauxlifesupport.de\/wp-content\/uploads\/2023\/07\/csm_HAUX-TESTCOM_Daimler_Benz_explosion_test_chamber_inside1_m_black_d0280de41a-300x225.jpg 300w, https:\/\/hauxlifesupport.de\/wp-content\/uploads\/2023\/07\/csm_HAUX-TESTCOM_Daimler_Benz_explosion_test_chamber_inside1_m_black_d0280de41a.jpg 386w\" sizes=\"auto, (max-width: 300px) 100vw, 300px\" \/><\/p>\n<p>HAUX-LIFE-SUPPORT ist Ihr kompe\u00adtenter An\u00adsprech\u00adpartner f\u00fcr Explosions\u00addruck\u00adkam\u00admern. Die Explosions\u00addruck\u00adkam\u00admern\u00a0werden \u00adnach Kunden\u00adwunsch kon\u00adstruiert und mit den not\u00adwendigen Anzeige- und Mess\u00adinstru\u00admenten ausgestattet.<\/p>\n<p>Wir greifen auch in die\u00adsem Be\u00adreich auf unsere lang\u00adj\u00e4hrige Erfahr\u00adung und unser fun\u00addiertes Wissen zur\u00fcck, das un\u00adseren Kunden zur Ver\u00adf\u00fcgung steht. Zahl\u00adreiche Pro\u00adjekte, unter anderem mit renom\u00admierten Chemie\u00adfirmen, Laboren und Automobil\u00adzulieferen, stehen als Referenz zur Verf\u00fcgung.<\/p>\n<p>Lassen Sie uns Ihren Einsatz\u00adzweck und die Rahmen\u00adbeding\u00adungen wissen, wir arbeiten Ihnen gerne einen speziellen L\u00f6sungs\u00advorschlag aus.<\/p>\n<p>[\/et_pb_accordion_item][et_pb_accordion_item title=&#8220;SYSTEMERWEITERUNGEN&#8220; _builder_version=&#8220;4.21.0&#8243; _module_preset=&#8220;default&#8220; global_colors_info=&#8220;{}&#8220; open=&#8220;off&#8220;]<\/p>\n<p><img loading=\"lazy\" decoding=\"async\" src=\"https:\/\/hauxlifesupport.de\/wp-content\/uploads\/2023\/07\/csm_HAUX_system_enhancement_modernization_81b78ce700-300x225.jpg\" alt=\"\" class=\"wp-image-1889 alignnone size-medium\" width=\"300\" height=\"225\" title=\"\" srcset=\"https:\/\/hauxlifesupport.de\/wp-content\/uploads\/2023\/07\/csm_HAUX_system_enhancement_modernization_81b78ce700-300x225.jpg 300w, https:\/\/hauxlifesupport.de\/wp-content\/uploads\/2023\/07\/csm_HAUX_system_enhancement_modernization_81b78ce700.jpg 386w\" sizes=\"auto, (max-width: 300px) 100vw, 300px\" \/> <img loading=\"lazy\" decoding=\"async\" src=\"https:\/\/hauxlifesupport.de\/wp-content\/uploads\/2023\/07\/csm_HAUX_breathing_system_modernization_Ostrava_BEFORE_c1ef32e878-300x225.jpg\" alt=\"\" class=\"wp-image-1893 alignnone size-medium\" width=\"300\" height=\"225\" title=\"\" srcset=\"https:\/\/hauxlifesupport.de\/wp-content\/uploads\/2023\/07\/csm_HAUX_breathing_system_modernization_Ostrava_BEFORE_c1ef32e878-300x225.jpg 300w, https:\/\/hauxlifesupport.de\/wp-content\/uploads\/2023\/07\/csm_HAUX_breathing_system_modernization_Ostrava_BEFORE_c1ef32e878.jpg 386w\" sizes=\"auto, (max-width: 300px) 100vw, 300px\" \/> <img loading=\"lazy\" decoding=\"async\" src=\"https:\/\/hauxlifesupport.de\/wp-content\/uploads\/2023\/07\/csm_HAUX_Ostrava_modernization_after_500x375_8725c5e775-300x225.jpg\" alt=\"\" class=\"wp-image-1897 alignnone size-medium\" width=\"300\" height=\"225\" title=\"\" srcset=\"https:\/\/hauxlifesupport.de\/wp-content\/uploads\/2023\/07\/csm_HAUX_Ostrava_modernization_after_500x375_8725c5e775-300x225.jpg 300w, https:\/\/hauxlifesupport.de\/wp-content\/uploads\/2023\/07\/csm_HAUX_Ostrava_modernization_after_500x375_8725c5e775.jpg 386w\" sizes=\"auto, (max-width: 300px) 100vw, 300px\" \/><\/p>\n<p>HAUX-LIFE-SUPPORT erneuert und modi\u00adfiziert be\u00adreits be\u00adstehende Anla\u00adgen durch das Inte\u00adgrieren der neuesten HAUX System\u00adkomponenten wie beispielsweise<\/p>\n<ul>\n<li>HAUX-SPRAY-FOG Feuerl\u00f6schsystem,<\/li>\n<li>Edelstahl-Atemsystem HAUX-OXYMASTER<\/li>\n<li>und vieles mehr.<\/li>\n<\/ul>\n<p>Hochqualifiziertes Fach\u00adper\u00adsonal passt die neuen Sys\u00adtem\u00adkompo\u00adnenten an das zu modi\u00adfizierende System an und nimmt es in Betrieb.<\/p>\n<p>Auch hier arbeitet HAUX-LIFE-SUPPORT gewohnt flexibel und innovativ.<\/p>\n<p>[\/et_pb_accordion_item][et_pb_accordion_item title=&#8220;HAUX-HYPOSTAR&#8220; _builder_version=&#8220;4.21.0&#8243; _module_preset=&#8220;default&#8220; global_colors_info=&#8220;{}&#8220; open=&#8220;off&#8220;]<\/p>\n<p><img loading=\"lazy\" decoding=\"async\" src=\"https:\/\/hauxlifesupport.de\/wp-content\/uploads\/2023\/07\/HAUX_HYPOSTAR_Pilot_simulator_vacuum_pump_oxygen-300x225.jpg\" alt=\"\" class=\"wp-image-1901 alignnone size-medium\" width=\"300\" height=\"225\" title=\"\"><\/p>\n<p>Der Simulator <strong>HAUX-HYPOSTAR <\/strong>kann durch eine Vakuum\u00adpumpe auf einen ab\u00adsoluten Unter\u00addruck von 265 mbar gefahren werden.<\/p>\n<p>Er wurde f\u00fcr Piloten entwickelt und simu\u00adliert eine H\u00f6he von 10 000 m.<br \/>Die In\u00adsassen k\u00f6nnen w\u00e4hrend der Simu\u00adlation reinen Sauers\u00adtoff \u00fcber Masken atmen.<\/p>\n<p>Das gew\u00fcnschte Profil kann \u00fcber das Computer\u00adsystem HAUX-DECOMAT aus\u00adgew\u00e4hlt werden.<\/p>\n<p>In seiner Funktion ent\u00adspricht der HAUX-DECOMAT bei Druck\u00adkammern dem Auto\u00adpiloten in Flug\u00adzeugen oder Schiffen. Er \u00fcbernimmt das Fahren des Druck\u00adprofils mit h\u00f6ch\u00adster Pr\u00e4zi\u00adsion nach einem vorge\u00adgebenen Sollprofil, registriert die wesent\u00adlichsten Betriebs\u00adparameter und warnt bei Fehl\u00adbedienungen.<\/p>\n<p>[\/et_pb_accordion_item][et_pb_accordion_item title=&#8220;DRUCKKAMMER F\u00dcR FORSCHUNGSPROJEKT MIT STRAHLENTHERAPIEGER\u00c4T&#8220; _builder_version=&#8220;4.21.0&#8243; _module_preset=&#8220;default&#8220; global_colors_info=&#8220;{}&#8220; open=&#8220;off&#8220;]<\/p>\n<p><img loading=\"lazy\" decoding=\"async\" src=\"https:\/\/hauxlifesupport.de\/wp-content\/uploads\/2023\/07\/HAUX_OXYSTAR_800_RADOX_hyperbaric_Radiotherapy_500x375-300x225.jpg\" alt=\"\" class=\"wp-image-1905 alignnone size-medium\" width=\"300\" height=\"225\" title=\"\"><\/p>\n<p>Diese nicht-medizinische Druck\u00adkammer in Sonder\u00adanfertigung wurde f\u00fcr ein For\u00adschungs\u00adprojekt der Universit\u00e4t Mainz konzipiert.<\/p>\n<p>Die besondere Aus\u00adf\u00fchrung des frei heraus\u00adragenden Acryl\u00adglas\u00adzylinders erm\u00f6g\u00adlicht eine Ver\u00adwendung in Kombi\u00adnation mit einem Bestrahlungs\u00adger\u00e4t.<\/p>\n<p>[\/et_pb_accordion_item][\/et_pb_accordion][\/et_pb_column][\/et_pb_row][\/et_pb_section]<\/p>\n","protected":false},"excerpt":{"rendered":"<p>HAUX-LIFE-SUPPORT \u2013 Sondersysteme Kundenw\u00fcnsche, Forschung, L\u00f6sungen HAUX-LIFE-SUPPORT bietet durch sein detailliertes Wissen \u00fcber Druck- und Unter\u00a6druck-Beh\u00e4lter viel Raum f\u00fcr die Ent\u00a6wicklung von Sonder\u00a6systemen, die beispielsweise f\u00fcr Forschung und Entwicklung an Univer\u00a6sit\u00e4ten eingesetzt werden, oder auch f\u00fcr Piloten zur Simulation verschiedener Flugh\u00f6hen. HAUX-LIFE-SUPPORT ist Ihr kom\u00a6petenter Ansprech\u00a6partner f\u00fcr \u00dcber- und Unterdruck-Test\u00a6beh\u00e4lter aller Gr\u00f6\u00dfen. Die Test\u00a6beh\u00e4lter werden [&hellip;]<\/p>\n","protected":false},"author":1,"featured_media":0,"parent":633,"menu_order":150,"comment_status":"closed","ping_status":"closed","template":"","meta":{"_et_pb_use_builder":"on","_et_pb_old_content":"<!-- wp:divi\/placeholder \/-->","_et_gb_content_width":"","_relevanssi_hide_post":"","_relevanssi_hide_content":"","_relevanssi_pin_for_all":"","_relevanssi_pin_keywords":"","_relevanssi_unpin_keywords":"","_relevanssi_related_keywords":"","_relevanssi_related_include_ids":"","_relevanssi_related_exclude_ids":"","_relevanssi_related_no_append":"","_relevanssi_related_not_related":"","_relevanssi_related_posts":"","_relevanssi_noindex_reason":"","footnotes":""},"class_list":["post-661","page","type-page","status-publish","hentry"],"_links":{"self":[{"href":"https:\/\/hauxlifesupport.de\/de\/wp-json\/wp\/v2\/pages\/661","targetHints":{"allow":["GET"]}}],"collection":[{"href":"https:\/\/hauxlifesupport.de\/de\/wp-json\/wp\/v2\/pages"}],"about":[{"href":"https:\/\/hauxlifesupport.de\/de\/wp-json\/wp\/v2\/types\/page"}],"author":[{"embeddable":true,"href":"https:\/\/hauxlifesupport.de\/de\/wp-json\/wp\/v2\/users\/1"}],"replies":[{"embeddable":true,"href":"https:\/\/hauxlifesupport.de\/de\/wp-json\/wp\/v2\/comments?post=661"}],"version-history":[{"count":40,"href":"https:\/\/hauxlifesupport.de\/de\/wp-json\/wp\/v2\/pages\/661\/revisions"}],"predecessor-version":[{"id":242584,"href":"https:\/\/hauxlifesupport.de\/de\/wp-json\/wp\/v2\/pages\/661\/revisions\/242584"}],"up":[{"embeddable":true,"href":"https:\/\/hauxlifesupport.de\/de\/wp-json\/wp\/v2\/pages\/633"}],"wp:attachment":[{"href":"https:\/\/hauxlifesupport.de\/de\/wp-json\/wp\/v2\/media?parent=661"}],"curies":[{"name":"wp","href":"https:\/\/api.w.org\/{rel}","templated":true}]}}