{"id":659,"date":"2023-06-26T11:15:26","date_gmt":"2023-06-26T09:15:26","guid":{"rendered":"https:\/\/hauxlifesupport.de\/?page_id=659"},"modified":"2023-10-11T13:38:57","modified_gmt":"2023-10-11T11:38:57","slug":"feuerloeschsysteme","status":"publish","type":"page","link":"https:\/\/hauxlifesupport.de\/de\/produkte\/zubehoer-medizin-und-systeme\/systemkomponenten\/feuerloeschsysteme\/","title":{"rendered":"FEUERL\u00d6SCHSYSTEME"},"content":{"rendered":"<p>[et_pb_section fb_built=&#8220;1&#8243; admin_label=&#8220;Slider&#8220; _builder_version=&#8220;4.21.0&#8243; _module_preset=&#8220;default&#8220; width=&#8220;100%&#8220; max_width=&#8220;100%&#8220; custom_padding=&#8220;0px||0px||false|false&#8220; custom_padding_tablet=&#8220;0px||0px||false|false&#8220; custom_padding_phone=&#8220;0px||0px||false|false&#8220; global_colors_info=&#8220;{}&#8220;][et_pb_row _builder_version=&#8220;4.21.0&#8243; _module_preset=&#8220;default&#8220; background_enable_color=&#8220;off&#8220; width=&#8220;100%&#8220; width_tablet=&#8220;100%&#8220; width_phone=&#8220;100%&#8220; width_last_edited=&#8220;on|desktop&#8220; max_width=&#8220;100%&#8220; module_alignment=&#8220;left&#8220; custom_margin=&#8220;0px||0px||false|false&#8220; custom_margin_tablet=&#8220;|0px||0px|false|false&#8220; custom_padding=&#8220;0px||0px||false|false&#8220; custom_padding_tablet=&#8220;|0px||0px|false|true&#8220; global_colors_info=&#8220;{}&#8220;][et_pb_column type=&#8220;4_4&#8243; _builder_version=&#8220;4.21.0&#8243; _module_preset=&#8220;default&#8220; background_enable_color=&#8220;off&#8220; global_colors_info=&#8220;{}&#8220;][et_pb_slider admin_label=&#8220;Slider&#8220; _builder_version=&#8220;4.21.0&#8243; _module_preset=&#8220;b8ceb8f1-18e1-4a30-87c9-e9b64e615132&#8243; custom_padding_tablet=&#8220;180px|0px|180px|0px|false|false&#8220; hover_enabled=&#8220;0&#8243; header_font_size_tablet=&#8220;&#8220; header_font_size_phone=&#8220;39px&#8220; header_font_size_last_edited=&#8220;on|tablet&#8220; body_font_size_phone=&#8220;39px&#8220; global_colors_info=&#8220;{}&#8220; sticky_enabled=&#8220;0&#8243;][et_pb_slide _builder_version=&#8220;4.21.0&#8243; _module_preset=&#8220;2dc5af35-e1f8-410a-afef-aba0a25e6ce5&#8243; background_color=&#8220;RGBA(255,255,255,0)&#8220; background_enable_color=&#8220;on&#8220; background_image=&#8220;https:\/\/hauxlifesupport.de\/wp-content\/uploads\/2023\/10\/Produkte_Medizin_Unterpunkte.jpg&#8220; custom_padding=&#8220;|0px||0px|false|false&#8220; hover_enabled=&#8220;0&#8243; global_colors_info=&#8220;{}&#8220; sticky_transition=&#8220;on&#8220; title_text=&#8220;Produkte_Medizin_Unterpunkte&#8220; sticky_enabled=&#8220;0&#8243;][\/et_pb_slide][\/et_pb_slider][\/et_pb_column][\/et_pb_row][\/et_pb_section][et_pb_section fb_built=&#8220;1&#8243; admin_label=&#8220;Willkommen&#8220; _builder_version=&#8220;4.21.0&#8243; _module_preset=&#8220;default&#8220; global_colors_info=&#8220;{}&#8220;][et_pb_row _builder_version=&#8220;4.21.0&#8243; _module_preset=&#8220;default&#8220; global_colors_info=&#8220;{}&#8220;][et_pb_column type=&#8220;4_4&#8243; _builder_version=&#8220;4.21.0&#8243; _module_preset=&#8220;default&#8220; global_colors_info=&#8220;{}&#8220;][et_pb_text _builder_version=&#8220;4.21.0&#8243; _module_preset=&#8220;default&#8220; global_colors_info=&#8220;{}&#8220;]<\/p>\n<h2><strong>HAUX-Feuerl\u00f6schsysteme<br \/><\/strong><strong><\/strong><span style=\"text-decoration: underline;\">Die optimalen Komponenten f\u00fcr Ihr System<\/span><\/h2>\n<p>Br\u00e4nde in Druckkammern sind, bezogen auf die Einsatzh\u00e4ufigkeit, sehr selten. Die aufgetretenen Feuer haben sich aber immer extrem schnell entwickelt.<\/p>\n<p>Br\u00e4nde in hyperbaren Bereichen sind\u00a0schwer beherrschbar:<\/p>\n<ul>\n<li>infolge des h\u00f6heren Sauerstoff-Partialdruckes in der Kammerluft<\/li>\n<li>aufgrund der auftretenden hohen Temperaturen und der daraus resultierenden Druckerh\u00f6hung<\/li>\n<li>wegen der kurzen Zeit bis zum Auftreten irreversibler Sch\u00e4den<\/li>\n<li>aufgrund der eingeschr\u00e4nkten Wirksamkeit verwendbarer Feuerl\u00f6schmittel<\/li>\n<\/ul>\n<p><strong>HAUX-LIFE-SUPPORT<\/strong> hat die Brand-Vorbeugung kompromisslos durchgesetzt!<\/p>\n<p>[\/et_pb_text][\/et_pb_column][\/et_pb_row][et_pb_row _builder_version=&#8220;4.21.0&#8243; _module_preset=&#8220;default&#8220; global_colors_info=&#8220;{}&#8220;][et_pb_column type=&#8220;4_4&#8243; _builder_version=&#8220;4.21.0&#8243; _module_preset=&#8220;default&#8220; global_colors_info=&#8220;{}&#8220;][et_pb_accordion _builder_version=&#8220;4.21.0&#8243; _module_preset=&#8220;default&#8220; global_colors_info=&#8220;{}&#8220;][et_pb_accordion_item title=&#8220;HAUX-SPRAY-FOG &#8211; HAUX SPR\u00dcHNEBEL-FEUERL\u00d6SCHANLAGE&#8220; open=&#8220;on&#8220; _builder_version=&#8220;4.21.0&#8243; _module_preset=&#8220;default&#8220; global_colors_info=&#8220;{}&#8220;]<\/p>\n<p><strong><img loading=\"lazy\" decoding=\"async\" src=\"https:\/\/hauxlifesupport.de\/wp-content\/uploads\/2023\/07\/HAUX-SPRAY-FOG_fire_extinguishing_water_tank_piping_pressure_reducers-1-300x225.jpg\" alt=\"\" class=\"wp-image-2134 alignnone size-medium\" width=\"300\" height=\"225\" title=\"\"> <img loading=\"lazy\" decoding=\"async\" src=\"https:\/\/hauxlifesupport.de\/wp-content\/uploads\/2023\/07\/csm_HAUX-SPRAY-FOG_hbo_chamber_fire_extinguishing_pilot_release_valve_unit_manometer_5128b85bc8-300x225.jpg\" alt=\"\" class=\"wp-image-2138 alignnone size-medium\" width=\"300\" height=\"225\" title=\"\" srcset=\"https:\/\/hauxlifesupport.de\/wp-content\/uploads\/2023\/07\/csm_HAUX-SPRAY-FOG_hbo_chamber_fire_extinguishing_pilot_release_valve_unit_manometer_5128b85bc8-300x225.jpg 300w, https:\/\/hauxlifesupport.de\/wp-content\/uploads\/2023\/07\/csm_HAUX-SPRAY-FOG_hbo_chamber_fire_extinguishing_pilot_release_valve_unit_manometer_5128b85bc8.jpg 386w\" sizes=\"auto, (max-width: 300px) 100vw, 300px\" \/> <img loading=\"lazy\" decoding=\"async\" src=\"https:\/\/hauxlifesupport.de\/wp-content\/uploads\/2023\/07\/csm_HAUX-SPRAY-FOG_fire_extinguishing_complete_system_installed_outside_HAUX-STARMED_0225a93c32-225x300.jpg\" alt=\"\" class=\"wp-image-2142 alignnone size-medium\" width=\"225\" height=\"300\" title=\"\" srcset=\"https:\/\/hauxlifesupport.de\/wp-content\/uploads\/2023\/07\/csm_HAUX-SPRAY-FOG_fire_extinguishing_complete_system_installed_outside_HAUX-STARMED_0225a93c32-225x300.jpg 225w, https:\/\/hauxlifesupport.de\/wp-content\/uploads\/2023\/07\/csm_HAUX-SPRAY-FOG_fire_extinguishing_complete_system_installed_outside_HAUX-STARMED_0225a93c32.jpg 386w\" sizes=\"auto, (max-width: 225px) 100vw, 225px\" \/><\/strong><\/p>\n<p><strong>HAUX-LIFE-SUPPORT<\/strong> hat das modernste und effektivste Feuerl\u00f6schsystem f\u00fcr HBO-Kammern entwickelt.<\/p>\n<p>Das <strong>HAUX-SPRAY-FOG-SYSTEM <\/strong>kombiniert die Eigenschaften der Sprinkler- und Spr\u00fchnebel- Brandbek\u00e4mpfung. Diese Kombination l\u00e4sst eine hohe L\u00f6schwirkung bei geringem Wasserverbrauch, auch bei h\u00f6herem Kammerdruck zu und sorgt f\u00fcr sekundenschnelles L\u00f6schen des Feuers und dadurch optimalen Schutz der Kammerinsassen.<\/p>\n<p>Die Wasserversorgung der Feuerl\u00f6schanlage findet \u00fcber einen separaten L\u00f6schtank statt, der f\u00fcr die entsprechenden Kammergr\u00f6\u00dfen ausgelegt ist.<\/p>\n<p>Es besteht auch die M\u00f6glichkeit das <strong>HAUX-SPRAY-FOG-SYSTEM <\/strong>als Modul bei Kammern nachzur\u00fcsten.<\/p>\n<p>[\/et_pb_accordion_item][et_pb_accordion_item title=&#8220;HAUX-FIREMASTER&#8220; _builder_version=&#8220;4.21.0&#8243; _module_preset=&#8220;default&#8220; global_colors_info=&#8220;{}&#8220; open=&#8220;off&#8220;]<\/p>\n<p><img loading=\"lazy\" decoding=\"async\" src=\"https:\/\/hauxlifesupport.de\/wp-content\/uploads\/2023\/07\/HAUX-FIREMASTER_fire_extinguisher_hyperbaric_chambers_up_to_10_bar_500x375-300x225.jpg\" alt=\"\" class=\"wp-image-2146 alignnone size-medium\" width=\"300\" height=\"225\" title=\"\"><\/p>\n<p>Das L\u00f6schger\u00e4t<strong> HAUX-FIREMASTER<\/strong> ist zum Einsatz in luftgef\u00fcllten Druckkammern mit bis zu 10 bar Arbeitsdruck vorgesehen.<br \/>Es ist vom DNV-GL\u00a0gepr\u00fcft und zugelassen.<\/p>\n<p>Das L\u00f6schger\u00e4t ist f\u00fcr <strong>Feststoffbr\u00e4nde<\/strong> (Brandklasse A) vorgesehen.<\/p>\n<p>Der <strong>Arbeitsdruck des Treibgases<\/strong> betr\u00e4gt 140 bar. Dies erlaubt die Benutzung bis 10 bar Kammerdruck (100 m WS) in Luft. In Helium-Kammeratmosph\u00e4re und mit He-Treibgas sind h\u00f6here Einsatzdr\u00fccke m\u00f6glich.<\/p>\n<p>Der <strong>HAUX-FIREMASTER <\/strong>besteht aus:<\/p>\n<ul class=\"action-items\">\n<li>Druckbeh\u00e4lter mit Wasser, L\u00f6schmittelzusatz und Treibgas (Druckluft)<\/li>\n<li>Ausl\u00f6seventil mit Sicherungssplint, Manometer, Steigrohr und Schlauch<\/li>\n<li>Strahlrohr mit Handgriff<\/li>\n<\/ul>\n<p>[\/et_pb_accordion_item][\/et_pb_accordion][\/et_pb_column][\/et_pb_row][\/et_pb_section]<\/p>\n","protected":false},"excerpt":{"rendered":"<p>HAUX-Feuerl\u00f6schsystemeDie optimalen Komponenten f\u00fcr Ihr System Br\u00e4nde in Druckkammern sind, bezogen auf die Einsatzh\u00e4ufigkeit, sehr selten. Die aufgetretenen Feuer haben sich aber immer extrem schnell entwickelt. Br\u00e4nde in hyperbaren Bereichen sind\u00a0schwer beherrschbar: infolge des h\u00f6heren Sauerstoff-Partialdruckes in der Kammerluft aufgrund der auftretenden hohen Temperaturen und der daraus resultierenden Druckerh\u00f6hung wegen der kurzen Zeit bis zum [&hellip;]<\/p>\n","protected":false},"author":1,"featured_media":0,"parent":655,"menu_order":20,"comment_status":"closed","ping_status":"closed","template":"","meta":{"_et_pb_use_builder":"on","_et_pb_old_content":"<!-- wp:divi\/placeholder \/-->","_et_gb_content_width":"","_relevanssi_hide_post":"","_relevanssi_hide_content":"","_relevanssi_pin_for_all":"","_relevanssi_pin_keywords":"","_relevanssi_unpin_keywords":"","_relevanssi_related_keywords":"","_relevanssi_related_include_ids":"","_relevanssi_related_exclude_ids":"","_relevanssi_related_no_append":"","_relevanssi_related_not_related":"","_relevanssi_related_posts":"","_relevanssi_noindex_reason":"","footnotes":""},"class_list":["post-659","page","type-page","status-publish","hentry"],"_links":{"self":[{"href":"https:\/\/hauxlifesupport.de\/de\/wp-json\/wp\/v2\/pages\/659","targetHints":{"allow":["GET"]}}],"collection":[{"href":"https:\/\/hauxlifesupport.de\/de\/wp-json\/wp\/v2\/pages"}],"about":[{"href":"https:\/\/hauxlifesupport.de\/de\/wp-json\/wp\/v2\/types\/page"}],"author":[{"embeddable":true,"href":"https:\/\/hauxlifesupport.de\/de\/wp-json\/wp\/v2\/users\/1"}],"replies":[{"embeddable":true,"href":"https:\/\/hauxlifesupport.de\/de\/wp-json\/wp\/v2\/comments?post=659"}],"version-history":[{"count":20,"href":"https:\/\/hauxlifesupport.de\/de\/wp-json\/wp\/v2\/pages\/659\/revisions"}],"predecessor-version":[{"id":241992,"href":"https:\/\/hauxlifesupport.de\/de\/wp-json\/wp\/v2\/pages\/659\/revisions\/241992"}],"up":[{"embeddable":true,"href":"https:\/\/hauxlifesupport.de\/de\/wp-json\/wp\/v2\/pages\/655"}],"wp:attachment":[{"href":"https:\/\/hauxlifesupport.de\/de\/wp-json\/wp\/v2\/media?parent=659"}],"curies":[{"name":"wp","href":"https:\/\/api.w.org\/{rel}","templated":true}]}}