{"id":657,"date":"2023-06-26T11:14:18","date_gmt":"2023-06-26T09:14:18","guid":{"rendered":"https:\/\/hauxlifesupport.de\/?page_id=657"},"modified":"2023-10-11T13:36:41","modified_gmt":"2023-10-11T11:36:41","slug":"mess-und-analysegeraete","status":"publish","type":"page","link":"https:\/\/hauxlifesupport.de\/de\/produkte\/zubehoer-medizin-und-systeme\/systemkomponenten\/mess-und-analysegeraete\/","title":{"rendered":"MESS UND ANALYSEGER\u00c4TE"},"content":{"rendered":"<p>[et_pb_section fb_built=&#8220;1&#8243; admin_label=&#8220;Slider&#8220; _builder_version=&#8220;4.21.0&#8243; _module_preset=&#8220;default&#8220; width=&#8220;100%&#8220; max_width=&#8220;100%&#8220; custom_padding=&#8220;0px||0px||false|false&#8220; custom_padding_tablet=&#8220;0px||0px||false|false&#8220; custom_padding_phone=&#8220;0px||0px||false|false&#8220; global_colors_info=&#8220;{}&#8220;][et_pb_row _builder_version=&#8220;4.21.0&#8243; _module_preset=&#8220;default&#8220; background_enable_color=&#8220;off&#8220; width=&#8220;100%&#8220; width_tablet=&#8220;100%&#8220; width_phone=&#8220;100%&#8220; width_last_edited=&#8220;on|desktop&#8220; max_width=&#8220;100%&#8220; module_alignment=&#8220;left&#8220; custom_margin=&#8220;0px||0px||false|false&#8220; custom_margin_tablet=&#8220;|0px||0px|false|false&#8220; custom_padding=&#8220;0px||0px||false|false&#8220; custom_padding_tablet=&#8220;|0px||0px|false|true&#8220; global_colors_info=&#8220;{}&#8220;][et_pb_column type=&#8220;4_4&#8243; _builder_version=&#8220;4.21.0&#8243; _module_preset=&#8220;default&#8220; background_enable_color=&#8220;off&#8220; global_colors_info=&#8220;{}&#8220;][et_pb_slider _builder_version=&#8220;4.21.0&#8243; _module_preset=&#8220;b8ceb8f1-18e1-4a30-87c9-e9b64e615132&#8243; custom_padding_tablet=&#8220;180px|0px|180px|0px|false|false&#8220; hover_enabled=&#8220;0&#8243; header_font_size_tablet=&#8220;&#8220; header_font_size_phone=&#8220;39px&#8220; header_font_size_last_edited=&#8220;on|tablet&#8220; body_font_size_phone=&#8220;39px&#8220; global_colors_info=&#8220;{}&#8220; sticky_enabled=&#8220;0&#8243;][et_pb_slide _builder_version=&#8220;4.21.0&#8243; _module_preset=&#8220;2dc5af35-e1f8-410a-afef-aba0a25e6ce5&#8243; background_color=&#8220;RGBA(255,255,255,0)&#8220; background_enable_color=&#8220;on&#8220; background_image=&#8220;https:\/\/hauxlifesupport.de\/wp-content\/uploads\/2023\/10\/Produkte_Medizin_Unterpunkte.jpg&#8220; custom_padding=&#8220;|0px||0px|false|false&#8220; hover_enabled=&#8220;0&#8243; global_colors_info=&#8220;{}&#8220; sticky_transition=&#8220;on&#8220; title_text=&#8220;Produkte_Medizin_Unterpunkte&#8220; sticky_enabled=&#8220;0&#8243;][\/et_pb_slide][\/et_pb_slider][\/et_pb_column][\/et_pb_row][\/et_pb_section][et_pb_section fb_built=&#8220;1&#8243; admin_label=&#8220;Willkommen&#8220; _builder_version=&#8220;4.21.0&#8243; _module_preset=&#8220;default&#8220; global_colors_info=&#8220;{}&#8220;][et_pb_row _builder_version=&#8220;4.21.0&#8243; _module_preset=&#8220;_initial&#8220; custom_margin_tablet=&#8220;||0px||false|false&#8220; custom_margin_phone=&#8220;||0px||false|false&#8220; custom_margin_last_edited=&#8220;on|phone&#8220; custom_padding_tablet=&#8220;||0px||false|false&#8220; custom_padding_phone=&#8220;||0px||false|false&#8220; global_colors_info=&#8220;{}&#8220;][et_pb_column type=&#8220;4_4&#8243; _builder_version=&#8220;4.21.0&#8243; _module_preset=&#8220;default&#8220; global_colors_info=&#8220;{}&#8220;][et_pb_text _builder_version=&#8220;4.21.0&#8243; _module_preset=&#8220;default&#8220; global_colors_info=&#8220;{}&#8220;]<\/p>\n<h2><strong>Mess- und Analyseger\u00e4te<br \/><\/strong><span style=\"text-decoration: underline;\">Die Komponenten f\u00fcr Ihr System<\/span><\/h2>\n<p>Zur \u00dcberwachung verschiedener Parameter wie z.B. Sauerstoff- oder Kohlenstoffdioxidgehalt innerhalb der Druckkammer werden Mess- und Analyseger\u00e4te installiert.<\/p>\n<p>[\/et_pb_text][\/et_pb_column][\/et_pb_row][et_pb_row _builder_version=&#8220;4.21.0&#8243; _module_preset=&#8220;_initial&#8220; global_colors_info=&#8220;{}&#8220;][et_pb_column type=&#8220;4_4&#8243; _builder_version=&#8220;4.21.0&#8243; _module_preset=&#8220;default&#8220; global_colors_info=&#8220;{}&#8220;][et_pb_accordion _builder_version=&#8220;4.21.0&#8243; _module_preset=&#8220;default&#8220; global_colors_info=&#8220;{}&#8220;][et_pb_accordion_item title=&#8220;HAUX-OXYMETER&#8220; open=&#8220;on&#8220; _builder_version=&#8220;4.21.0&#8243; _module_preset=&#8220;default&#8220; global_colors_info=&#8220;{}&#8220;]<\/p>\n<p><img loading=\"lazy\" decoding=\"async\" src=\"https:\/\/hauxlifesupport.de\/wp-content\/uploads\/2023\/07\/HAUX-OXYMETER_oxygen_monitoring_in_hbo_chamber_atmosphere_BUS_screen_alarm.jpg\" alt=\"\" class=\"wp-image-2155 alignnone size-full\" width=\"802\" height=\"480\" title=\"\" srcset=\"https:\/\/hauxlifesupport.de\/wp-content\/uploads\/2023\/07\/HAUX-OXYMETER_oxygen_monitoring_in_hbo_chamber_atmosphere_BUS_screen_alarm.jpg 802w, https:\/\/hauxlifesupport.de\/wp-content\/uploads\/2023\/07\/HAUX-OXYMETER_oxygen_monitoring_in_hbo_chamber_atmosphere_BUS_screen_alarm-480x287.jpg 480w\" sizes=\"auto, (min-width: 0px) and (max-width: 480px) 480px, (min-width: 481px) 802px, 100vw\" \/><\/p>\n<p>Erh\u00f6hter Sauerstoffgehalt in HBO- Kammern f\u00fchrt zu erh\u00f6hter Brandgefahr!<\/p>\n<p>Das <strong>HAUX-OXYMETER <\/strong>dient zur \u00dcberwachung des Sauerstoff- Gehalts in der Kammer-Atmosph\u00e4re. Bei \u00dcberschreitung des zul\u00e4ssigen Grenzwerts ert\u00f6nt ein Alarm.<br \/>Der Messbereich betr\u00e4gt wahlweise 0 &#8211; 30 Vol.\u00a0% oder 0 \u2013 100\u00a0% Sauerstoff.<\/p>\n<p>Das <strong>HAUX-OXYMETER <\/strong>kann f\u00fcr jedes Kammerabteil separat ausgef\u00fchrt sein, oder \u00fcber ein Auswahlventil f\u00fcr das Messgas aus der jeweiligen Kammerabteilung angesteuert werden.<\/p>\n<p>[\/et_pb_accordion_item][et_pb_accordion_item title=&#8220;HAUX-OXYSEARCH&#8220; _builder_version=&#8220;4.21.0&#8243; _module_preset=&#8220;default&#8220; global_colors_info=&#8220;{}&#8220; open=&#8220;off&#8220;]<\/p>\n<p><img loading=\"lazy\" decoding=\"async\" src=\"https:\/\/hauxlifesupport.de\/wp-content\/uploads\/2023\/07\/HAUX-OXYSEARCH_O2_partial_pressure_monitor_for_hyperbaric_chambers_500x375.jpg\" alt=\"\" class=\"wp-image-2121 alignnone size-full\" width=\"500\" height=\"375\" title=\"\" srcset=\"https:\/\/hauxlifesupport.de\/wp-content\/uploads\/2023\/07\/HAUX-OXYSEARCH_O2_partial_pressure_monitor_for_hyperbaric_chambers_500x375.jpg 500w, https:\/\/hauxlifesupport.de\/wp-content\/uploads\/2023\/07\/HAUX-OXYSEARCH_O2_partial_pressure_monitor_for_hyperbaric_chambers_500x375-480x360.jpg 480w\" sizes=\"auto, (min-width: 0px) and (max-width: 480px) 480px, (min-width: 481px) 500px, 100vw\" \/><\/p>\n<p>Das <strong>HAUX-OXYSEARCH <\/strong>ist f\u00fcr die \u00dcberwachung des Sauerstoffgehaltes der Umgebungsluft in Druckkammern ausgelegt.<\/p>\n<p>Der maximal zul\u00e4ssige Sauerstoffgehalt darf die 23\u00a0% Marke nicht \u00fcberschreiten. Das tragbare <strong>HAUX-OXYSEARCH <\/strong>kontrolliert dabei die Durchschnitts-Sauerstoffkonzentration der Kammerluft und stellt diese auf dem integrierten Display dar.<\/p>\n<p>Station\u00e4re Sauerstoff\u00fcberwachung ist durch das HAUX-OXYMETER m\u00f6glich.<\/p>\n<p>[\/et_pb_accordion_item][et_pb_accordion_item title=&#8220;HAUX-TIMEMASTER&#8220; _builder_version=&#8220;4.21.0&#8243; _module_preset=&#8220;default&#8220; global_colors_info=&#8220;{}&#8220; open=&#8220;off&#8220;]<\/p>\n<p><img loading=\"lazy\" decoding=\"async\" src=\"https:\/\/hauxlifesupport.de\/wp-content\/uploads\/2023\/07\/HAUX-TIMEMASTER_triple_timer_with_3_countdown_modes_and_memories_500x375.jpg\" alt=\"\" class=\"wp-image-2159 alignnone size-full\" width=\"500\" height=\"375\" title=\"\" srcset=\"https:\/\/hauxlifesupport.de\/wp-content\/uploads\/2023\/07\/HAUX-TIMEMASTER_triple_timer_with_3_countdown_modes_and_memories_500x375.jpg 500w, https:\/\/hauxlifesupport.de\/wp-content\/uploads\/2023\/07\/HAUX-TIMEMASTER_triple_timer_with_3_countdown_modes_and_memories_500x375-480x360.jpg 480w\" sizes=\"auto, (min-width: 0px) and (max-width: 480px) 480px, (min-width: 481px) 500px, 100vw\" \/><\/p>\n<p>Der <strong>HAUX-TIMEMASTER <\/strong>dient der zus\u00e4tzlichen Kontrolle von Tauch- oder Behandlungsprofilen.<\/p>\n<p>Der durch eine 1,5 V Knopfzellenbatterie betriebene <strong>HAUX-TIMEMASTER <\/strong>verf\u00fcgt \u00fcber 3 unabh\u00e4ngig voneinander ablaufende Countdown-Timer. Nach Ablauf der eingestellten Zeit erfolgt ein akustisches Alarmsignal f\u00fcr eine Minute. Die Anzeige ist in drei Felder aufgeteilt und zeigt die drei Countdown-Timer oder die Uhrzeit und die Stoppuhr.<\/p>\n<p>Das Ger\u00e4t merkt sich die zuletzt eingestellte Countdown-Zeit des jeweiligen Timers. Diese kann nachdem der Countdown abgelaufen ist wieder aufgerufen werden.<\/p>\n<p>[\/et_pb_accordion_item][et_pb_accordion_item title=&#8220;CO2-MESSGER\u00c4T&#8220; _builder_version=&#8220;4.21.0&#8243; _module_preset=&#8220;default&#8220; global_colors_info=&#8220;{}&#8220; open=&#8220;off&#8220;]<\/p>\n<p><img loading=\"lazy\" decoding=\"async\" src=\"https:\/\/hauxlifesupport.de\/wp-content\/uploads\/2023\/07\/HAUX-OXYMETER_O2_CO2_measurement_temperature_values_normal_BUS_screen_802x482.jpg\" alt=\"\" class=\"wp-image-2163 alignnone size-full\" width=\"802\" height=\"482\" title=\"\" srcset=\"https:\/\/hauxlifesupport.de\/wp-content\/uploads\/2023\/07\/HAUX-OXYMETER_O2_CO2_measurement_temperature_values_normal_BUS_screen_802x482.jpg 802w, https:\/\/hauxlifesupport.de\/wp-content\/uploads\/2023\/07\/HAUX-OXYMETER_O2_CO2_measurement_temperature_values_normal_BUS_screen_802x482-480x288.jpg 480w\" sizes=\"auto, (min-width: 0px) and (max-width: 480px) 480px, (min-width: 481px) 802px, 100vw\" \/><\/p>\n<p><span>F\u00fcr die Messung von CO<\/span><sub>2<\/sub><span>-Gehalt in der Kammeratmosph\u00e4re, wird ein CO<\/span><sub>2<\/sub><span>-Messsensor eingesetzt.\u00a0 Die Anzeige des Messwertes erfolgt \u00fcber den HAUX-DECOMAT, oder ein separates Anzeigeinstrument. Bei \u00dcberschreitung des zul\u00e4ssigen Grenzwertes wird ein optischer bzw. ein akustischer Alarm ausgegeben.<\/span><\/p>\n<p>[\/et_pb_accordion_item][\/et_pb_accordion][\/et_pb_column][\/et_pb_row][\/et_pb_section]<\/p>\n","protected":false},"excerpt":{"rendered":"<p>Mess- und Analyseger\u00e4teDie Komponenten f\u00fcr Ihr System Zur \u00dcberwachung verschiedener Parameter wie z.B. Sauerstoff- oder Kohlenstoffdioxidgehalt innerhalb der Druckkammer werden Mess- und Analyseger\u00e4te installiert. Erh\u00f6hter Sauerstoffgehalt in HBO- Kammern f\u00fchrt zu erh\u00f6hter Brandgefahr! Das HAUX-OXYMETER dient zur \u00dcberwachung des Sauerstoff- Gehalts in der Kammer-Atmosph\u00e4re. Bei \u00dcberschreitung des zul\u00e4ssigen Grenzwerts ert\u00f6nt ein Alarm.Der Messbereich betr\u00e4gt wahlweise [&hellip;]<\/p>\n","protected":false},"author":1,"featured_media":0,"parent":655,"menu_order":10,"comment_status":"closed","ping_status":"closed","template":"","meta":{"_et_pb_use_builder":"on","_et_pb_old_content":"<!-- wp:divi\/placeholder \/-->","_et_gb_content_width":"","_relevanssi_hide_post":"","_relevanssi_hide_content":"","_relevanssi_pin_for_all":"","_relevanssi_pin_keywords":"","_relevanssi_unpin_keywords":"","_relevanssi_related_keywords":"","_relevanssi_related_include_ids":"","_relevanssi_related_exclude_ids":"","_relevanssi_related_no_append":"","_relevanssi_related_not_related":"","_relevanssi_related_posts":"","_relevanssi_noindex_reason":"","footnotes":""},"class_list":["post-657","page","type-page","status-publish","hentry"],"_links":{"self":[{"href":"https:\/\/hauxlifesupport.de\/de\/wp-json\/wp\/v2\/pages\/657","targetHints":{"allow":["GET"]}}],"collection":[{"href":"https:\/\/hauxlifesupport.de\/de\/wp-json\/wp\/v2\/pages"}],"about":[{"href":"https:\/\/hauxlifesupport.de\/de\/wp-json\/wp\/v2\/types\/page"}],"author":[{"embeddable":true,"href":"https:\/\/hauxlifesupport.de\/de\/wp-json\/wp\/v2\/users\/1"}],"replies":[{"embeddable":true,"href":"https:\/\/hauxlifesupport.de\/de\/wp-json\/wp\/v2\/comments?post=657"}],"version-history":[{"count":17,"href":"https:\/\/hauxlifesupport.de\/de\/wp-json\/wp\/v2\/pages\/657\/revisions"}],"predecessor-version":[{"id":241988,"href":"https:\/\/hauxlifesupport.de\/de\/wp-json\/wp\/v2\/pages\/657\/revisions\/241988"}],"up":[{"embeddable":true,"href":"https:\/\/hauxlifesupport.de\/de\/wp-json\/wp\/v2\/pages\/655"}],"wp:attachment":[{"href":"https:\/\/hauxlifesupport.de\/de\/wp-json\/wp\/v2\/media?parent=657"}],"curies":[{"name":"wp","href":"https:\/\/api.w.org\/{rel}","templated":true}]}}