{"id":655,"date":"2023-06-26T11:12:29","date_gmt":"2023-06-26T09:12:29","guid":{"rendered":"https:\/\/hauxlifesupport.de\/?page_id=655"},"modified":"2023-11-30T09:17:02","modified_gmt":"2023-11-30T08:17:02","slug":"systemkomponenten","status":"publish","type":"page","link":"https:\/\/hauxlifesupport.de\/de\/produkte\/zubehoer-medizin-und-systeme\/systemkomponenten\/","title":{"rendered":"SYSTEMKOMPONENTEN"},"content":{"rendered":"<p>[et_pb_section fb_built=&#8220;1&#8243; admin_label=&#8220;Slider&#8220; _builder_version=&#8220;4.21.0&#8243; _module_preset=&#8220;default&#8220; width=&#8220;100%&#8220; max_width=&#8220;100%&#8220; custom_padding=&#8220;0px||0px||false|false&#8220; custom_padding_tablet=&#8220;0px||0px||false|false&#8220; custom_padding_phone=&#8220;0px||0px||false|false&#8220; global_colors_info=&#8220;{}&#8220;][et_pb_row _builder_version=&#8220;4.21.0&#8243; _module_preset=&#8220;default&#8220; background_enable_color=&#8220;off&#8220; width=&#8220;100%&#8220; width_tablet=&#8220;100%&#8220; width_phone=&#8220;100%&#8220; width_last_edited=&#8220;on|desktop&#8220; max_width=&#8220;100%&#8220; module_alignment=&#8220;left&#8220; custom_margin=&#8220;0px||0px||false|false&#8220; custom_margin_tablet=&#8220;|0px||0px|false|false&#8220; custom_padding=&#8220;0px||0px||false|false&#8220; custom_padding_tablet=&#8220;|0px||0px|false|true&#8220; global_colors_info=&#8220;{}&#8220;][et_pb_column type=&#8220;4_4&#8243; _builder_version=&#8220;4.21.0&#8243; _module_preset=&#8220;default&#8220; background_enable_color=&#8220;off&#8220; global_colors_info=&#8220;{}&#8220;][et_pb_slider _builder_version=&#8220;4.21.0&#8243; _module_preset=&#8220;default&#8220; custom_padding_tablet=&#8220;180px|0px|180px|0px|false|false&#8220; header_font_size_tablet=&#8220;&#8220; header_font_size_phone=&#8220;39px&#8220; header_font_size_last_edited=&#8220;on|tablet&#8220; body_font_size_phone=&#8220;39px&#8220; global_colors_info=&#8220;{}&#8220;][et_pb_slide _builder_version=&#8220;4.21.0&#8243; _module_preset=&#8220;default&#8220; background_image=&#8220;https:\/\/hauxlifesupport.de\/wp-content\/uploads\/2023\/10\/Produkte_Medizin_Unterpunkte.jpg&#8220; custom_padding=&#8220;|0px||0px|false|false&#8220; global_colors_info=&#8220;{}&#8220; sticky_transition=&#8220;on&#8220;]<\/p>\n<p><strong><br \/><\/strong><strong><\/strong><\/p>\n<p>[\/et_pb_slide][\/et_pb_slider][\/et_pb_column][\/et_pb_row][\/et_pb_section][et_pb_section fb_built=&#8220;1&#8243; admin_label=&#8220;Willkommen&#8220; _builder_version=&#8220;4.21.0&#8243; _module_preset=&#8220;default&#8220; global_colors_info=&#8220;{}&#8220;][et_pb_row _builder_version=&#8220;4.21.0&#8243; _module_preset=&#8220;_initial&#8220; custom_margin_tablet=&#8220;||0px||false|false&#8220; custom_margin_phone=&#8220;||0px||false|false&#8220; custom_margin_last_edited=&#8220;on|phone&#8220; custom_padding_tablet=&#8220;||0px||false|false&#8220; custom_padding_phone=&#8220;||0px||false|false&#8220; global_colors_info=&#8220;{}&#8220;][et_pb_column type=&#8220;4_4&#8243; _builder_version=&#8220;4.21.0&#8243; _module_preset=&#8220;default&#8220; global_colors_info=&#8220;{}&#8220;][et_pb_text _builder_version=&#8220;4.21.0&#8243; _module_preset=&#8220;default&#8220; global_colors_info=&#8220;{}&#8220;]<\/p>\n<h2 style=\"text-align: center;\"><strong>Systemkomponenten<\/strong><span style=\"text-decoration: underline;\"><\/span><\/h2>\n<h2 style=\"text-align: center;\"><span style=\"text-decoration: underline;\">HAUX-LIFE-SUPPORT<\/span><\/h2>\n<p>[\/et_pb_text][\/et_pb_column][\/et_pb_row][et_pb_row _builder_version=&#8220;4.21.0&#8243; _module_preset=&#8220;_initial&#8220; global_colors_info=&#8220;{}&#8220;][et_pb_column type=&#8220;4_4&#8243; _builder_version=&#8220;4.21.0&#8243; _module_preset=&#8220;default&#8220; global_colors_info=&#8220;{}&#8220;][et_pb_text _builder_version=&#8220;4.21.0&#8243; _module_preset=&#8220;default&#8220; border_style_bottom=&#8220;none&#8220; global_colors_info=&#8220;{}&#8220;]<\/p>\n<p style=\"text-align: center;\">Unsere HAUX-Kammersysteme werden nach Kundenwunsch mit einem gro\u00dfen Angebot an Systemkomponenten ausgestattet. Es besteht auch die M\u00f6glichkeit, schon bestehende HAUX-Kammersysteme mit einzelnen Modulen nachzur\u00fcsten.<\/p>\n<p>[\/et_pb_text][\/et_pb_column][\/et_pb_row][\/et_pb_section][et_pb_section fb_built=&#8220;1&#8243; admin_label=&#8220;3 Spalten-Bereich&#8220; _builder_version=&#8220;4.21.0&#8243; _module_preset=&#8220;default&#8220; background_color=&#8220;gcid-cc089cd5-3da9-4d63-a7e1-04fbecdd3d67&#8243; global_colors_info=&#8220;{%22gcid-cc089cd5-3da9-4d63-a7e1-04fbecdd3d67%22:%91%22background_color%22%93}&#8220;][et_pb_row custom_padding_last_edited=&#8220;on|desktop&#8220; _builder_version=&#8220;4.21.0&#8243; _module_preset=&#8220;_initial&#8220; custom_padding=&#8220;||||false|false&#8220; custom_padding_tablet=&#8220;||||false|false&#8220; custom_padding_phone=&#8220;||||false|false&#8220; global_colors_info=&#8220;{}&#8220;][et_pb_column type=&#8220;4_4&#8243; admin_label=&#8220;Spalte&#8220; _builder_version=&#8220;4.21.0&#8243; _module_preset=&#8220;default&#8220; global_colors_info=&#8220;{}&#8220;][dica_divi_carousel show_items_tablet=&#8220;2&#8243; autoplay=&#8220;on&#8220; autoplay_speed=&#8220;2500&#8243; admin_label=&#8220;Divi Carousel&#8220; _builder_version=&#8220;4.23.1&#8243; _module_preset=&#8220;default&#8220; hover_enabled=&#8220;0&#8243; global_colors_info=&#8220;{%22gcid-8d004b11-584e-4716-8158-78133c0b6f77%22:%91%22title_text_color%22,%22arrow_nav_color%22%93}&#8220; sticky_enabled=&#8220;0&#8243;][dica_divi_carouselitem title=&#8220;Mess- und Analyse\u00adger\u00e4te&#8220; button_text=&#8220;Mehr erfahren&#8220; button_url=&#8220;https:\/\/hauxlifesupport.de\/de\/produkte\/zubehoer-medizin-und-systeme\/systemkomponenten\/mess-und-analysegeraete\/&#8220; button_url_new_window=&#8220;1&#8243; image=&#8220;https:\/\/hauxlifesupport.de\/wp-content\/uploads\/2023\/07\/HAUX-OXYSEARCH_O2_partial_pressure_monitor_for_hyperbaric_chambers_500x375.jpg&#8220; image_padding=&#8220;||||false|false&#8220; content_padding=&#8220;||||false|false&#8220; button_margin=&#8220;||||false|false&#8220; button_padding=&#8220;||||false|false&#8220; custom_margin=&#8220;||||false|false&#8220; custom_padding=&#8220;||||false|false&#8220; _builder_version=&#8220;4.23.1&#8243; _module_preset=&#8220;default&#8220; header_level=&#8220;h3&#8243; header_font=&#8220;|700|||||||&#8220; header_text_color=&#8220;gcid-8d004b11-584e-4716-8158-78133c0b6f77&#8243; hover_enabled=&#8220;0&#8243; global_colors_info=&#8220;{%22gcid-8d004b11-584e-4716-8158-78133c0b6f77%22:%91%22header_text_color%22%93}&#8220; sticky_enabled=&#8220;0&#8243;]<\/p>\n<p>Zur \u00dcberwachung verschiedener Parameter wie z.B. Sauerstoff- oder Kohlenstoffdioxidgehalt innerhalb der Druckkammer werden Mess- und Analyseger\u00e4te installiert.<\/p>\n<p>[\/dica_divi_carouselitem][dica_divi_carouselitem title=&#8220;Feuerl\u00f6sch\u00adsysteme&#8220; button_text=&#8220;Mehr erfahren&#8220; button_url=&#8220;https:\/\/hauxlifesupport.de\/de\/produkte\/zubehoer-medizin-und-systeme\/systemkomponenten\/feuerloeschsysteme\/&#8220; button_url_new_window=&#8220;1&#8243; image=&#8220;https:\/\/hauxlifesupport.de\/wp-content\/uploads\/2023\/07\/HAUX-SPRAY-FOG_fire_extinguishing_water_tank_piping_pressure_reducers.jpg&#8220; image_padding=&#8220;||||false|false&#8220; content_padding=&#8220;||||false|false&#8220; button_margin=&#8220;||||false|false&#8220; button_padding=&#8220;||||false|false&#8220; custom_margin=&#8220;||||false|false&#8220; custom_padding=&#8220;||||false|false&#8220; _builder_version=&#8220;4.23.1&#8243; _module_preset=&#8220;default&#8220; header_level=&#8220;h3&#8243; header_font=&#8220;|700|||||||&#8220; header_text_color=&#8220;gcid-8d004b11-584e-4716-8158-78133c0b6f77&#8243; hover_enabled=&#8220;0&#8243; global_colors_info=&#8220;{%22gcid-8d004b11-584e-4716-8158-78133c0b6f77%22:%91%22header_text_color%22%93}&#8220; sticky_enabled=&#8220;0&#8243;]<\/p>\n<p>Br\u00e4nde in Druckkammern sind, bezogen auf die Einsatzh\u00e4ufigkeit, sehr selten. Die aufgetretenen Feuer haben sich aber immer extrem schnell entwickelt.<\/p>\n<p>[\/dica_divi_carouselitem][\/dica_divi_carousel][\/et_pb_column][\/et_pb_row][\/et_pb_section]<\/p>\n","protected":false},"excerpt":{"rendered":"<p>Systemkomponenten HAUX-LIFE-SUPPORTUnsere HAUX-Kammersysteme werden nach Kundenwunsch mit einem gro\u00dfen Angebot an Systemkomponenten ausgestattet. Es besteht auch die M\u00f6glichkeit, schon bestehende HAUX-Kammersysteme mit einzelnen Modulen nachzur\u00fcsten.<div class=\"et_pb_module dica_divi_carousel dica_divi_carousel_0\">\n\t\t\t\t\n\t\t\t\t\n\t\t\t\t\n\t\t\t\t\n\t\t\t\t\n\t\t\t\t\n\t\t\t\t<div class=\"et_pb_module_inner\">\n\t\t\t\t\t<div class=\"dica-container  desktop_middle-outside tablet_middle-outside mobile_middle-outside\" data-props='{\"desktop\":\"3\",\"tablet\":\"2\",\"mobile\":\"1\",\"speed\":\"500\",\"arrow\":\"off\",\"dots\":\"off\",\"autoplay\":\"on\",\"autoSpeed\":\"2500\",\"loop\":\"off\",\"item_spacing\":\"50\",\"center_mode\":\"off\",\"slider_effec\":\"1\",\"cover_rotate\":\"50\",\"pause_onhover\":\"off\",\"multislide\":\"off\",\"cfshadow\":\"on\",\"order\":\"0\",\"lazyload\":\"on\",\"lazybefore\":\"on\",\"scroller_effect\":\"off\",\"autowidth\":\"off\",\"item_spacing_tablet\":\"50\",\"item_spacing_phone\":\"50\",\"scroller_speed\":\"4000\",\"hashNavigation\":\"off\",\"simulatetouch\":\"off\",\"allowtouchmove\":\"off\"}'>\r\n\t\t\t\t\t\t\t \t<div class=\"swiper-container\">\r\n\t\t\t\t\t\t\t\t\t<div class=\"swiper-wrapper\"><\/div>\t\r\n\t\t\t\t\t\t\t\t<\/div>\t\r\n\t\t\t\t\t\t\t\t\r\n\t\t\t\t\t\t\t\t\t\t\t\t\t\t\r\n\t\t\t\t\t\t\t<\/div>\n\t\t\t\t<\/div>\n\t\t\t<\/div><div class=\"et_pb_module dica_divi_carouselitem dica_divi_carouselitem_0\">\n\t\t\t\t\n\t\t\t\t\n\t\t\t\t\n\t\t\t\t\n\t\t\t\t\n\t\t\t\t\n\t\t\t\t<div class=\"et_pb_module_inner\">\n\t\t\t\t\t <div class=\"dica-item image_top swiper-lazy loading\"   data-hash=\"dica_divi_carouselitem_0\">\r\n\t\t\t\t\t\t\t\t\t<div class=\"dica-image-container\"><span class=\"image\"><img data-src=\"&#8220;https:\/\/hauxlifesupport.de\/wp-content\/uploads\/2023\/07\/HAUX-OXYSEARCH_O2_partial_pressure_monitor_for_hyperbaric_chambers_500x375.jpg&#8220;\" alt=\"\" class=\"dica-item-image swiper-lazy\" width=\"f\" height=\"u\"\/><div class=\"swiper-lazy-preloader swiper-lazy-preloader-white\"><\/div><\/span><\/div>\r\n\t\t\t\t\t\t\t\t\t<div class=\"dica-item-content\"><h4 class=\"item-title\">&#8220;Mess-<\/h4>        <div class=\"et_pb_button_wrapper\"><a class=\"et_pb_button\" href=\"\">&#8220;Mehr<\/a><\/div><\/div>\r\n\t\t\t\t\t\t\t<\/div>\n\t\t\t\t<\/div>\n\t\t\t<\/div><\/p>\n","protected":false},"author":1,"featured_media":0,"parent":651,"menu_order":20,"comment_status":"closed","ping_status":"closed","template":"","meta":{"_et_pb_use_builder":"on","_et_pb_old_content":"<!-- wp:divi\/placeholder \/-->","_et_gb_content_width":"","_relevanssi_hide_post":"","_relevanssi_hide_content":"","_relevanssi_pin_for_all":"","_relevanssi_pin_keywords":"","_relevanssi_unpin_keywords":"","_relevanssi_related_keywords":"","_relevanssi_related_include_ids":"","_relevanssi_related_exclude_ids":"","_relevanssi_related_no_append":"","_relevanssi_related_not_related":"","_relevanssi_related_posts":"","_relevanssi_noindex_reason":"","footnotes":""},"class_list":["post-655","page","type-page","status-publish","hentry"],"_links":{"self":[{"href":"https:\/\/hauxlifesupport.de\/de\/wp-json\/wp\/v2\/pages\/655","targetHints":{"allow":["GET"]}}],"collection":[{"href":"https:\/\/hauxlifesupport.de\/de\/wp-json\/wp\/v2\/pages"}],"about":[{"href":"https:\/\/hauxlifesupport.de\/de\/wp-json\/wp\/v2\/types\/page"}],"author":[{"embeddable":true,"href":"https:\/\/hauxlifesupport.de\/de\/wp-json\/wp\/v2\/users\/1"}],"replies":[{"embeddable":true,"href":"https:\/\/hauxlifesupport.de\/de\/wp-json\/wp\/v2\/comments?post=655"}],"version-history":[{"count":17,"href":"https:\/\/hauxlifesupport.de\/de\/wp-json\/wp\/v2\/pages\/655\/revisions"}],"predecessor-version":[{"id":242206,"href":"https:\/\/hauxlifesupport.de\/de\/wp-json\/wp\/v2\/pages\/655\/revisions\/242206"}],"up":[{"embeddable":true,"href":"https:\/\/hauxlifesupport.de\/de\/wp-json\/wp\/v2\/pages\/651"}],"wp:attachment":[{"href":"https:\/\/hauxlifesupport.de\/de\/wp-json\/wp\/v2\/media?parent=655"}],"curies":[{"name":"wp","href":"https:\/\/api.w.org\/{rel}","templated":true}]}}