{"id":653,"date":"2023-06-26T11:11:51","date_gmt":"2023-06-26T09:11:51","guid":{"rendered":"https:\/\/hauxlifesupport.de\/?page_id=653"},"modified":"2025-08-20T11:35:25","modified_gmt":"2025-08-20T09:35:25","slug":"medizinisches-zubehoer","status":"publish","type":"page","link":"https:\/\/hauxlifesupport.de\/de\/produkte\/zubehoer-medizin-und-systeme\/medizinisches-zubehoer\/","title":{"rendered":"MEDIZINISCHES ZUBEH\u00d6R"},"content":{"rendered":"<p>[et_pb_section fb_built=&#8220;1&#8243; admin_label=&#8220;Slider&#8220; _builder_version=&#8220;4.21.0&#8243; _module_preset=&#8220;f2843d24-ad56-442f-a9e1-e3041953524c&#8220; width=&#8220;100%&#8220; max_width=&#8220;100%&#8220; custom_padding=&#8220;0px||0px||false|false&#8220; custom_padding_tablet=&#8220;0px||0px||false|false&#8220; custom_padding_phone=&#8220;0px||0px||false|false&#8220; global_colors_info=&#8220;{}&#8220;][et_pb_row _builder_version=&#8220;4.21.0&#8243; _module_preset=&#8220;7cb6190c-4283-41e8-bb8b-ae469157ed96&#8243; width=&#8220;100%&#8220; width_tablet=&#8220;100%&#8220; width_phone=&#8220;100%&#8220; width_last_edited=&#8220;on|desktop&#8220; max_width=&#8220;100%&#8220; module_alignment=&#8220;left&#8220; custom_margin=&#8220;0px||0px||false|false&#8220; custom_margin_tablet=&#8220;|0px||0px|false|false&#8220; custom_padding=&#8220;0px||0px||false|false&#8220; custom_padding_tablet=&#8220;|0px||0px|false|true&#8220; global_colors_info=&#8220;{}&#8220;][et_pb_column type=&#8220;4_4&#8243; _builder_version=&#8220;4.21.0&#8243; _module_preset=&#8220;default&#8220; global_colors_info=&#8220;{}&#8220;][et_pb_slider _builder_version=&#8220;4.21.0&#8243; _module_preset=&#8220;b8ceb8f1-18e1-4a30-87c9-e9b64e615132&#8243; custom_padding_tablet=&#8220;180px|0px|180px|0px|false|false&#8220; header_font_size_tablet=&#8220;&#8220; header_font_size_phone=&#8220;39px&#8220; header_font_size_last_edited=&#8220;on|tablet&#8220; body_font_size_phone=&#8220;39px&#8220; global_colors_info=&#8220;{}&#8220;][et_pb_slide _builder_version=&#8220;4.21.0&#8243; _module_preset=&#8220;2dc5af35-e1f8-410a-afef-aba0a25e6ce5&#8243; background_color=&#8220;RGBA(255,255,255,0)&#8220; background_enable_color=&#8220;on&#8220; background_image=&#8220;https:\/\/hauxlifesupport.de\/wp-content\/uploads\/2023\/10\/Produkte_Medizin_Unterpunkte.jpg&#8220; custom_padding=&#8220;|0px||0px|false|false&#8220; global_colors_info=&#8220;{}&#8220; sticky_transition=&#8220;on&#8220;][\/et_pb_slide][\/et_pb_slider][\/et_pb_column][\/et_pb_row][\/et_pb_section][et_pb_section fb_built=&#8220;1&#8243; _builder_version=&#8220;4.21.0&#8243; _module_preset=&#8220;default&#8220; background_color=&#8220;rgba(255,255,255,0.84)&#8220; positioning=&#8220;absolute&#8220; position_origin_a=&#8220;bottom_center&#8220; position_origin_f=&#8220;top_center&#8220; vertical_offset=&#8220;-101px&#8220; custom_margin=&#8220;||||false|false&#8220; custom_padding=&#8220;28px||28px||false|false&#8220; global_colors_info=&#8220;{}&#8220;][et_pb_row _builder_version=&#8220;4.21.0&#8243; _module_preset=&#8220;default&#8220; background_color=&#8220;RGBA(255,255,255,0)&#8220; global_colors_info=&#8220;{}&#8220;][et_pb_column type=&#8220;4_4&#8243; _builder_version=&#8220;4.21.0&#8243; _module_preset=&#8220;default&#8220; global_colors_info=&#8220;{}&#8220;][et_pb_menu _builder_version=&#8220;4.21.0&#8243; _module_preset=&#8220;default&#8220; menu_line_height=&#8220;29px&#8220; background_color=&#8220;RGBA(255,255,255,0)&#8220; global_colors_info=&#8220;{}&#8220;][\/et_pb_menu][\/et_pb_column][\/et_pb_row][\/et_pb_section][et_pb_section fb_built=&#8220;1&#8243; admin_label=&#8220;Willkommen&#8220; _builder_version=&#8220;4.21.0&#8243; _module_preset=&#8220;default&#8220; global_colors_info=&#8220;{}&#8220;][et_pb_row _builder_version=&#8220;4.21.0&#8243; _module_preset=&#8220;_initial&#8220; custom_margin_tablet=&#8220;||0px||false|false&#8220; custom_margin_phone=&#8220;||0px||false|false&#8220; custom_margin_last_edited=&#8220;on|phone&#8220; custom_padding_tablet=&#8220;||0px||false|false&#8220; custom_padding_phone=&#8220;||0px||false|false&#8220; global_colors_info=&#8220;{}&#8220;][et_pb_column type=&#8220;4_4&#8243; _builder_version=&#8220;4.21.0&#8243; _module_preset=&#8220;default&#8220; global_colors_info=&#8220;{}&#8220;][et_pb_text _builder_version=&#8220;4.21.0&#8243; _module_preset=&#8220;default&#8220; global_colors_info=&#8220;{}&#8220;]<\/p>\n<h2><strong>Medizinisches Zubeh\u00f6r<\/strong><\/h2>\n<h2><span style=\"text-decoration: underline;\">HAUX-LIFE-SUPPORT<\/span><\/h2>\n<p>[\/et_pb_text][\/et_pb_column][\/et_pb_row][et_pb_row _builder_version=&#8220;4.21.0&#8243; _module_preset=&#8220;_initial&#8220; global_colors_info=&#8220;{}&#8220;][et_pb_column type=&#8220;4_4&#8243; _builder_version=&#8220;4.21.0&#8243; _module_preset=&#8220;default&#8220; global_colors_info=&#8220;{}&#8220;][et_pb_text _builder_version=&#8220;4.21.0&#8243; _module_preset=&#8220;default&#8220; border_style_bottom=&#8220;none&#8220; global_colors_info=&#8220;{}&#8220;]<\/p>\n<p>Mit dem medizinischen Zubeh\u00f6r von HAUX-LIFE-SUPPORT bieten wir Ihnen eine breite Produktpalette zur Behandlung und \u00dcberwachung Ihrer Patienten unter hyperbaren Bedingungen. Ob Beatmungsger\u00e4t, exspiratorische Sauerstoffmessung mit unserem HAUX-MEDICAL-MONITORING-System oder Spritzenpumpe. Die entsprechende Einweisung und Schulung erhalten Sie von unserem Fachpersonal in der Medizintechnik.<\/p>\n<p>[\/et_pb_text][\/et_pb_column][\/et_pb_row][et_pb_row _builder_version=&#8220;4.21.0&#8243; _module_preset=&#8220;_initial&#8220; global_colors_info=&#8220;{}&#8220;][et_pb_column type=&#8220;4_4&#8243; _builder_version=&#8220;4.21.0&#8243; _module_preset=&#8220;default&#8220; global_colors_info=&#8220;{}&#8220;][et_pb_accordion _builder_version=&#8220;4.23.1&#8243; _module_preset=&#8220;default&#8220; hover_enabled=&#8220;0&#8243; global_colors_info=&#8220;{}&#8220; sticky_enabled=&#8220;0&#8243;][et_pb_accordion_item title=&#8220;HAUX-MEDICAL-MONITORING&#8220; open=&#8220;off&#8220; _builder_version=&#8220;4.21.0&#8243; _module_preset=&#8220;default&#8220; global_colors_info=&#8220;{}&#8220;]<\/p>\n<p><img loading=\"lazy\" decoding=\"async\" src=\"https:\/\/hauxlifesupport.de\/wp-content\/uploads\/2023\/07\/HAUX-MEDICAL-MONITORING-SYSTEM_HMMS_HXMM_patient_monitoring_in_HBO_chamber.jpg\" alt=\"\" class=\"wp-image-2054 alignnone size-full\" width=\"500\" height=\"375\" title=\"\" srcset=\"https:\/\/hauxlifesupport.de\/wp-content\/uploads\/2023\/07\/HAUX-MEDICAL-MONITORING-SYSTEM_HMMS_HXMM_patient_monitoring_in_HBO_chamber.jpg 500w, https:\/\/hauxlifesupport.de\/wp-content\/uploads\/2023\/07\/HAUX-MEDICAL-MONITORING-SYSTEM_HMMS_HXMM_patient_monitoring_in_HBO_chamber-480x360.jpg 480w\" sizes=\"auto, (min-width: 0px) and (max-width: 480px) 480px, (min-width: 481px) 500px, 100vw\" \/> <img loading=\"lazy\" decoding=\"async\" src=\"https:\/\/hauxlifesupport.de\/wp-content\/uploads\/2023\/07\/HAUX-MEDICAL-MONITORING-SYSTEM_HMMS_HXMM_ExO2_expiration_regulator.jpg\" alt=\"\" class=\"wp-image-2058 alignnone size-full\" width=\"510\" height=\"383\" title=\"\" srcset=\"https:\/\/hauxlifesupport.de\/wp-content\/uploads\/2023\/07\/HAUX-MEDICAL-MONITORING-SYSTEM_HMMS_HXMM_ExO2_expiration_regulator.jpg 510w, https:\/\/hauxlifesupport.de\/wp-content\/uploads\/2023\/07\/HAUX-MEDICAL-MONITORING-SYSTEM_HMMS_HXMM_ExO2_expiration_regulator-480x360.jpg 480w\" sizes=\"auto, (min-width: 0px) and (max-width: 480px) 480px, (min-width: 481px) 510px, 100vw\" \/> <img loading=\"lazy\" decoding=\"async\" src=\"https:\/\/hauxlifesupport.de\/wp-content\/uploads\/2023\/07\/HMMS.jpg\" alt=\"\" class=\"wp-image-2062 alignnone size-full\" width=\"250\" height=\"466\" title=\"\" srcset=\"https:\/\/hauxlifesupport.de\/wp-content\/uploads\/2023\/07\/HMMS.jpg 250w, https:\/\/hauxlifesupport.de\/wp-content\/uploads\/2023\/07\/HMMS-161x300.jpg 161w\" sizes=\"auto, (max-width: 250px) 100vw, 250px\" \/><\/p>\n<p>Das <strong>HAUX-MEDICAL-MONITORING<\/strong> dient der \u00dcberwachung von Patienten w\u00e4hrend der hyperbaren Sauerstofftherapie (HBO) in Druckkammern. Aufgabe des Systems ist es, dem Arzt oder dem geschulten Druckkammerpersonal die bei der HBO wichtigen physiologischen Patienten-Parameter in kompakter Form anzuzeigen und Abweichungen vom Erwartungswert rechtzeitig zur Kenntnis zu geben.<\/p>\n<p>Das System kann folgende Komponenten beinhalten:<\/p>\n<p>Zentralrechner mit:<\/p>\n<ul>\n<li>hochaufl\u00f6sendem Bildschirm<\/li>\n<li>Multifunktions-Tastatur\/Maus<\/li>\n<li>PC-Lichtwellenleiter-Interface<\/li>\n<li>Innenterminal mit Bildschirm und Tastatur\/Maus<\/li>\n<\/ul>\n<p>Modulbox(en) f\u00fcr:<\/p>\n<ul>\n<li>Transkutane Sauerstoffmessung (tcpO<sub>2<\/sub>)<\/li>\n<li>Transkutane Kohlendioxidmessung (tcpCO<sub>2<\/sub>)<\/li>\n<li>Expiratorische Sauerstoffmessung (exO<sub>2<\/sub>)<\/li>\n<li>Kapnometrie (etCO2, Atemfrequenz)<\/li>\n<li>EKG, 1\/3-kanalig umschaltbar, 3\/6-kanalig zeitgleich, 12-kanalig, optional Respiration<\/li>\n<li>IBP: ABD, CVD<\/li>\n<li>Nicht-invasive Blutdruckmessung (NIBP)<\/li>\n<li>Pulsoxymetrie, System Masimo, (SpO<sub>2<\/sub>, optional mit SpMet, SpCO)<\/li>\n<li>K\u00f6rpertemperatur<\/li>\n<li>Experimental-Parameter (EEG, weitere)<\/li>\n<li>Lichtwellenleiter-Modul (1x pro Box)<\/li>\n<li>Netzger\u00e4t(e) f\u00fcr die Modulbox(en) in medizinischer Ausf\u00fchrung<\/li>\n<li>Stromversorgungskabel f\u00fcr die Modulbox(en)<\/li>\n<li>Zubeh\u00f6r f\u00fcr die jeweiligen Messsysteme<\/li>\n<\/ul>\n<p>F\u00fcr detaillierte Informationen k\u00f6nnen Sie uns gerne kontaktieren.<\/p>\n<p>[\/et_pb_accordion_item][et_pb_accordion_item title=&#8220;BEATMUNGSGER\u00c4T&#8220; _builder_version=&#8220;4.21.0&#8243; _module_preset=&#8220;default&#8220; global_colors_info=&#8220;{}&#8220; open=&#8220;off&#8220;]<\/p>\n<p><img loading=\"lazy\" decoding=\"async\" src=\"https:\/\/hauxlifesupport.de\/wp-content\/uploads\/2023\/07\/Ansicht_Siaretron.jpg\" alt=\"\" class=\"wp-image-2066 alignnone size-full\" width=\"500\" height=\"477\" title=\"\" srcset=\"https:\/\/hauxlifesupport.de\/wp-content\/uploads\/2023\/07\/Ansicht_Siaretron.jpg 500w, https:\/\/hauxlifesupport.de\/wp-content\/uploads\/2023\/07\/Ansicht_Siaretron-480x458.jpg 480w\" sizes=\"auto, (min-width: 0px) and (max-width: 480px) 480px, (min-width: 481px) 500px, 100vw\" \/> <img loading=\"lazy\" decoding=\"async\" src=\"https:\/\/hauxlifesupport.de\/wp-content\/uploads\/2023\/07\/HAUX-SIARE_lung_ventilator_patient_ventilation_HAUX-MEDICAL-MONITORING_500x375.jpg\" alt=\"\" class=\"wp-image-2070 alignnone size-full\" width=\"500\" height=\"375\" title=\"\" srcset=\"https:\/\/hauxlifesupport.de\/wp-content\/uploads\/2023\/07\/HAUX-SIARE_lung_ventilator_patient_ventilation_HAUX-MEDICAL-MONITORING_500x375.jpg 500w, https:\/\/hauxlifesupport.de\/wp-content\/uploads\/2023\/07\/HAUX-SIARE_lung_ventilator_patient_ventilation_HAUX-MEDICAL-MONITORING_500x375-480x360.jpg 480w\" sizes=\"auto, (min-width: 0px) and (max-width: 480px) 480px, (min-width: 481px) 500px, 100vw\" \/><\/p>\n<p>Die neue Generation des Beatmungsger\u00e4tes SIARETRON 1000 IPER ist f\u00fcr die Anwendung in hyperbaren Druckkammern bis 60 m Wassertiefe (6 bar Kammerdruck) ausgelegt und zugelassen.<\/p>\n<p>Das Ger\u00e4t kann f\u00fcr Erwachsene, Kinder und Neugeborene verwendet werden.<\/p>\n<p>Alle Beatmungsparameter, wie Minutenvolumen\/Flow und Frequenz lassen sich entsprechend den Physiologien des Patienten einstellen.<\/p>\n<p>Funktionen des Beatmungsger\u00e4tes:<\/p>\n<ul>\n<li>M\u00f6gliche Beatmungsformen: VC\/VAC, APCV, PSV, PSV-TV, P-SIMV, V-SIMV, CPAP, NIV, weitere<\/li>\n<li>Sicherheitsventil im Ausatemschenkel<\/li>\n<li>Atemgasmixer (21% bis 100% Sauerstoff, sowie HELIOX-Gemische (vorgemischt))<\/li>\n<li>Standardanschl\u00fcsse f\u00fcr Patientenschlauchsystem<\/li>\n<li>Elektrischer Anschluss: Druckfeste Akkus und\/oder medizinische Stromversorgung<\/li>\n<\/ul>\n<p>Technische Details:<\/p>\n<ul>\n<li>Anwendung: Erwachsene, Kinder, Neugeborene<\/li>\n<li>Beatmungsart: Zeitgesteuert mit konst. Volumen oder druckgesteuert<\/li>\n<li>Kontrollierter und kompensierter Flow<\/li>\n<li>Display zur Visualisierung relevanter Parameter (Loops, Verlaufskurven, Messwerte,\u2026)<\/li>\n<li>Spontanatmung durch integriertes Ventil<\/li>\n<\/ul>\n<p>Gaszuf\u00fchrung:<\/p>\n<ul>\n<li>Komprimierte, medizinische Luft und Sauerstoff (oder vorgemischtes HELIOX) mit einem Versorgungsdruck von 4 bar (+\/- 0,75 bar) \u00fcber Kammerdruck<\/li>\n<\/ul>\n<p>F\u00fcr detaillierte Informationen k\u00f6nnen Sie uns gerne kontaktieren.<\/p>\n<p>[\/et_pb_accordion_item][et_pb_accordion_item title=&#8220;HAUX-SYRINGE-PUMP&#8220; _builder_version=&#8220;4.21.0&#8243; _module_preset=&#8220;default&#8220; global_colors_info=&#8220;{}&#8220; open=&#8220;off&#8220;]<\/p>\n<p><img loading=\"lazy\" decoding=\"async\" src=\"https:\/\/hauxlifesupport.de\/wp-content\/uploads\/2023\/07\/pump-300x225.jpg\" alt=\"\" class=\"wp-image-240343 alignnone size-medium\" width=\"300\" height=\"225\" title=\"\"><\/p>\n<p>Diese Spritzenpumpe wurde speziell f\u00fcr den Betrieb in der Druckkammer entwickelt, zugelassen und mit einem Schwesternrufsystem ausgestattet.<\/p>\n<p>Sie wurde mit gr\u00f6\u00dfter Sorgfalt entwickelt und gebaut und beinhaltet ein Konzept mit einfach zuzuordnenden Alarmen und Sicherheitsmerkmalen.<\/p>\n<p>Die Konfigurationsflexibilit\u00e4t der Spritzenpumpe bietet dem medizinischen Personal die M\u00f6glichkeit, die Funktionen der Pumpe auf den Bedarf der jeweiligen Abteilung einzustellen. Dies erlaubt einen schnellen Zugriff auf die aktiven Funktionen und erh\u00f6ht nicht zuletzt die Patientensicherheit.<\/p>\n<p>F\u00fcr detaillierte Informationen k\u00f6nnen Sie uns gerne kontaktieren.<\/p>\n<p>[\/et_pb_accordion_item][et_pb_accordion_item title=&#8220;HYPERBARIC DEFIBRILLATOR&#8220; _builder_version=&#8220;4.21.0&#8243; _module_preset=&#8220;default&#8220; global_colors_info=&#8220;{}&#8220; open=&#8220;off&#8220;]<\/p>\n<p><img loading=\"lazy\" decoding=\"async\" src=\"https:\/\/hauxlifesupport.de\/wp-content\/uploads\/2023\/07\/HAUX-LIFE-SUPPORT_hyperbaric_defibrillator_digital_for_HBO_chambers.jpg\" alt=\"\" class=\"wp-image-2078 alignnone size-full\" width=\"500\" height=\"375\" title=\"\" srcset=\"https:\/\/hauxlifesupport.de\/wp-content\/uploads\/2023\/07\/HAUX-LIFE-SUPPORT_hyperbaric_defibrillator_digital_for_HBO_chambers.jpg 500w, https:\/\/hauxlifesupport.de\/wp-content\/uploads\/2023\/07\/HAUX-LIFE-SUPPORT_hyperbaric_defibrillator_digital_for_HBO_chambers-480x360.jpg 480w\" sizes=\"auto, (min-width: 0px) and (max-width: 480px) 480px, (min-width: 481px) 500px, 100vw\" \/><\/p>\n<p>Speziell f\u00fcr den Einsatz unter hyperbaren Bedingungen entwickelt und zertifiziert, ist der \u201e<strong>Hyperbaric Defibrillator<\/strong>\u201c ein einfach zu handhabender <strong>A<\/strong>utomatisierter <strong>E<\/strong>xterner <strong>D<\/strong>efibrillator (<strong>AED<\/strong>).<\/p>\n<p>Der <strong>AED<\/strong> wurde so konzipiert, dass eine sicherere Bedienung auch durch Personen erfolgen kann, welche keine speziellen Intensivpflege-Erfahrungen aufweisen k\u00f6nnen.<\/p>\n<p>Nach Anbringung der Klebeelektroden auf dem Thorax des Patienten wird automatisch die Herzaktivit\u00e4t analysiert. Ausschlie\u00dflich bei defibrillierbaren Herzrhythmusst\u00f6rungen wird eine Defibrillation durch den <strong>AED<\/strong> empfohlen und freigeschalten.<\/p>\n<p>Die Anweisungen an den Bediener erfolgen als Sprachausgabe (auch als Textausgabe, auf dem optional erh\u00e4ltlichen Display) und f\u00fchren den Bediener sicher durch die Defibrillation.<\/p>\n<p>Anhand der strukturierten Anleitung durch den <strong>AED<\/strong>, sowie der internen EKG-Messung, f\u00fchrt Sie der \u201e<strong>Hyperbaric Defibrillator<\/strong>\u201c jederzeit schnell und sicher durch die Defibrillation.<\/p>\n<p>[\/et_pb_accordion_item][et_pb_accordion_item title=&#8220;HAUX-SUCTION-UNIT&#8220; _builder_version=&#8220;4.21.0&#8243; _module_preset=&#8220;default&#8220; global_colors_info=&#8220;{}&#8220; open=&#8220;off&#8220;]<\/p>\n<p><img loading=\"lazy\" decoding=\"async\" src=\"https:\/\/hauxlifesupport.de\/wp-content\/uploads\/2023\/07\/HAUX-SUCTION-UNIT_neu-248x300.jpg\" alt=\"\" class=\"wp-image-2082 alignnone size-medium\" width=\"248\" height=\"300\" title=\"\" srcset=\"https:\/\/hauxlifesupport.de\/wp-content\/uploads\/2023\/07\/HAUX-SUCTION-UNIT_neu-248x300.jpg 248w, https:\/\/hauxlifesupport.de\/wp-content\/uploads\/2023\/07\/HAUX-SUCTION-UNIT_neu.jpg 400w\" sizes=\"auto, (max-width: 248px) 100vw, 248px\" \/><\/p>\n<p>Die <strong>HAUX-SUCTION-UNIT<\/strong> ist ein einfach zu handhabendes, besonders leistungsf\u00e4higes und rein pneumatisch betriebenes Absaugger\u00e4t f\u00fcr die Anwendung an Kindern und Erwachsenen in hyperbarer Umgebung.<\/p>\n<p>Mit der <strong>HAUX-SUCTION-UNIT<\/strong> k\u00f6nnen Sekrete wie Schleim und Blut, sowie d\u00fcnnfl\u00fcssige, z\u00e4hfl\u00fcssige und feste Nahrungsbestandteile aus der Mundh\u00f6hle, dem Nasen-Rachenraum und dem Bronchialsystem des Patienten entfernt und somit einer Aspiration vorgebeugt werden.<\/p>\n<p>F\u00fcr detaillierte Informationen k\u00f6nnen Sie uns gerne kontaktieren.<\/p>\n<p>[\/et_pb_accordion_item][et_pb_accordion_item title=&#8220;HAUX-RESPIMASTER&#8220; _builder_version=&#8220;4.21.0&#8243; _module_preset=&#8220;default&#8220; global_colors_info=&#8220;{}&#8220; open=&#8220;off&#8220;]<\/p>\n<p><img loading=\"lazy\" decoding=\"async\" src=\"https:\/\/hauxlifesupport.de\/wp-content\/uploads\/2023\/07\/HAUX-RESPIMASTER-rotated.jpg\" alt=\"\" class=\"wp-image-2086 alignnone size-full\" width=\"685\" height=\"257\" title=\"\" srcset=\"https:\/\/hauxlifesupport.de\/wp-content\/uploads\/2023\/07\/HAUX-RESPIMASTER-rotated.jpg 685w, https:\/\/hauxlifesupport.de\/wp-content\/uploads\/2023\/07\/HAUX-RESPIMASTER-480x180.jpg 480w\" sizes=\"auto, (min-width: 0px) and (max-width: 480px) 480px, (min-width: 481px) 685px, 100vw\" \/><\/p>\n<p>Der <strong>HAUX-RESPIMASTER <\/strong>ist ein einfach zu handhabendes, besonders leistungsf\u00e4higes und funktionssicheres Handbeatmungsger\u00e4t zur Beatmung von Kindern und Erwachsenen \u00fcber Maske oder Trachealtubus in hyperbarer Umgebung.<\/p>\n<p>Durch manuelle Kompression des Beutels gelangt Gasvolumen (Luft, O<sub>2<\/sub> -Luftgemisch oder reiner Sauerstoff) \u00fcber das Beatmungsventil zum Patienten.<\/p>\n<p>Im Anschluss an die Kompressionsphase entfaltet sich der elastische Beatmungsbeutel selbstt\u00e4tig und f\u00fcllt sich wieder \u00fcber das sich \u00f6ffnende Ansaugventil.<\/p>\n<p>[\/et_pb_accordion_item][et_pb_accordion_item title=&#8220;HAUX-PATIENT-BED&#8220; _builder_version=&#8220;4.21.0&#8243; _module_preset=&#8220;default&#8220; global_colors_info=&#8220;{}&#8220; open=&#8220;off&#8220;]<\/p>\n<p><img loading=\"lazy\" decoding=\"async\" src=\"https:\/\/hauxlifesupport.de\/wp-content\/uploads\/2023\/07\/HAUX-PATIENT-BED_adjustable_clinical_bed_for_hyperbaric_chambers.jpg\" alt=\"\" class=\"wp-image-2098 alignnone size-full\" width=\"500\" height=\"375\" title=\"\" srcset=\"https:\/\/hauxlifesupport.de\/wp-content\/uploads\/2023\/07\/HAUX-PATIENT-BED_adjustable_clinical_bed_for_hyperbaric_chambers.jpg 500w, https:\/\/hauxlifesupport.de\/wp-content\/uploads\/2023\/07\/HAUX-PATIENT-BED_adjustable_clinical_bed_for_hyperbaric_chambers-480x360.jpg 480w\" sizes=\"auto, (min-width: 0px) and (max-width: 480px) 480px, (min-width: 481px) 500px, 100vw\" \/> <img loading=\"lazy\" decoding=\"async\" src=\"https:\/\/hauxlifesupport.de\/wp-content\/uploads\/2023\/07\/HAUX-PATIENT-BED_control_panel_clinical_bed_for_hyperbaric_chambers.jpg\" alt=\"\" class=\"wp-image-2102 alignnone size-full\" width=\"500\" height=\"375\" title=\"\" srcset=\"https:\/\/hauxlifesupport.de\/wp-content\/uploads\/2023\/07\/HAUX-PATIENT-BED_control_panel_clinical_bed_for_hyperbaric_chambers.jpg 500w, https:\/\/hauxlifesupport.de\/wp-content\/uploads\/2023\/07\/HAUX-PATIENT-BED_control_panel_clinical_bed_for_hyperbaric_chambers-480x360.jpg 480w\" sizes=\"auto, (min-width: 0px) and (max-width: 480px) 480px, (min-width: 481px) 500px, 100vw\" \/><\/p>\n<p>F\u00fcr eine angenehme, sowie f\u00fcr die Behandlung ausgelegte Lagerung des Patienten, verf\u00fcgt das Bett \u00fcber eine viergeteilte und h\u00f6henverstellbare Liegefl\u00e4che. Die Verstellung der Liegefl\u00e4chenh\u00f6he, des R\u00fcckenteils\u00a0 und des Oberschenkelteils erfolgt pneumatisch. Der Unterschenkelteil kann manuell in der Neigung verstellt werden.<\/p>\n<p>F\u00fcr die Sicherheit des Patienten sind an den Seiten des Bettes Seitengitter angebracht. Das Bett ist mit einer speziellen Matratze ausgestattet, die mit einem schwer entflammbaren und biokompatiblen Bezugstoff versehen ist.<\/p>\n<p>Technische Daten:<\/p>\n<ul>\n<li>F\u00fcr Kammerdr\u00fccke bis 5 bar<\/li>\n<li>Min. T\u00fcrbreite der Kammer: 1010 mm (geringere T\u00fcrbreite auf Anfrage)<\/li>\n<li>H\u00f6henverstellung: 400 &#8211; 800 mm<\/li>\n<li>R\u00fcckenverstellung: ca. 70\u00b0<\/li>\n<li>Beinverstellung: ca. 35\u00b0<\/li>\n<li>Breite des Bettes: 1000 mm<\/li>\n<li>L\u00e4nge des Bettes: 2120 mm<\/li>\n<li>Max. Patientengewicht: 200 kg<\/li>\n<li>Antrieb erfolgt durch Druckluft-Versorgung. Station\u00e4rer Betrieb \u00fcber Druckluftversorgung; Mobiler Einsatz mittels Druckspeicher m\u00f6glich; Anschluss \u00fcber Schnellkupplung<\/li>\n<\/ul>\n<p>[\/et_pb_accordion_item][\/et_pb_accordion][\/et_pb_column][\/et_pb_row][\/et_pb_section]<\/p>\n","protected":false},"excerpt":{"rendered":"<p>Medizinisches Zubeh\u00f6r HAUX-LIFE-SUPPORTMit dem medizinischen Zubeh\u00f6r von HAUX-LIFE-SUPPORT bieten wir Ihnen eine breite Produktpalette zur Behandlung und \u00dcberwachung Ihrer Patienten unter hyperbaren Bedingungen. Ob Beatmungsger\u00e4t, exspiratorische Sauerstoffmessung mit unserem HAUX-MEDICAL-MONITORING-System oder Spritzenpumpe. Die entsprechende Einweisung und Schulung erhalten Sie von unserem Fachpersonal in der Medizintechnik. Das HAUX-MEDICAL-MONITORING dient der \u00dcberwachung von Patienten w\u00e4hrend der hyperbaren [&hellip;]<\/p>\n","protected":false},"author":1,"featured_media":0,"parent":651,"menu_order":10,"comment_status":"closed","ping_status":"closed","template":"","meta":{"_et_pb_use_builder":"on","_et_pb_old_content":"<!-- wp:divi\/placeholder \/-->","_et_gb_content_width":"","_relevanssi_hide_post":"","_relevanssi_hide_content":"","_relevanssi_pin_for_all":"","_relevanssi_pin_keywords":"","_relevanssi_unpin_keywords":"","_relevanssi_related_keywords":"","_relevanssi_related_include_ids":"","_relevanssi_related_exclude_ids":"","_relevanssi_related_no_append":"","_relevanssi_related_not_related":"","_relevanssi_related_posts":"","_relevanssi_noindex_reason":"","footnotes":""},"class_list":["post-653","page","type-page","status-publish","hentry"],"_links":{"self":[{"href":"https:\/\/hauxlifesupport.de\/de\/wp-json\/wp\/v2\/pages\/653","targetHints":{"allow":["GET"]}}],"collection":[{"href":"https:\/\/hauxlifesupport.de\/de\/wp-json\/wp\/v2\/pages"}],"about":[{"href":"https:\/\/hauxlifesupport.de\/de\/wp-json\/wp\/v2\/types\/page"}],"author":[{"embeddable":true,"href":"https:\/\/hauxlifesupport.de\/de\/wp-json\/wp\/v2\/users\/1"}],"replies":[{"embeddable":true,"href":"https:\/\/hauxlifesupport.de\/de\/wp-json\/wp\/v2\/comments?post=653"}],"version-history":[{"count":24,"href":"https:\/\/hauxlifesupport.de\/de\/wp-json\/wp\/v2\/pages\/653\/revisions"}],"predecessor-version":[{"id":242962,"href":"https:\/\/hauxlifesupport.de\/de\/wp-json\/wp\/v2\/pages\/653\/revisions\/242962"}],"up":[{"embeddable":true,"href":"https:\/\/hauxlifesupport.de\/de\/wp-json\/wp\/v2\/pages\/651"}],"wp:attachment":[{"href":"https:\/\/hauxlifesupport.de\/de\/wp-json\/wp\/v2\/media?parent=653"}],"curies":[{"name":"wp","href":"https:\/\/api.w.org\/{rel}","templated":true}]}}