{"id":649,"date":"2023-06-26T11:08:37","date_gmt":"2023-06-26T09:08:37","guid":{"rendered":"https:\/\/hauxlifesupport.de\/?page_id=649"},"modified":"2026-03-04T13:57:07","modified_gmt":"2026-03-04T12:57:07","slug":"tief-und-tunnelbau","status":"publish","type":"page","link":"https:\/\/hauxlifesupport.de\/de\/produkte\/tief-und-tunnelbau\/","title":{"rendered":"TIEF UND TUNNELBAU"},"content":{"rendered":"<p>[et_pb_section fb_built=&#8220;1&#8243; admin_label=&#8220;Slider&#8220; _builder_version=&#8220;4.21.0&#8243; _module_preset=&#8220;f2843d24-ad56-442f-a9e1-e3041953524c&#8220; width=&#8220;100%&#8220; max_width=&#8220;100%&#8220; custom_padding=&#8220;0px||0px||false|false&#8220; custom_padding_tablet=&#8220;0px||0px||false|false&#8220; custom_padding_phone=&#8220;0px||0px||false|false&#8220; global_colors_info=&#8220;{}&#8220;][et_pb_row _builder_version=&#8220;4.21.0&#8243; _module_preset=&#8220;7cb6190c-4283-41e8-bb8b-ae469157ed96&#8243; width=&#8220;100%&#8220; width_tablet=&#8220;100%&#8220; width_phone=&#8220;100%&#8220; width_last_edited=&#8220;on|desktop&#8220; max_width=&#8220;100%&#8220; module_alignment=&#8220;left&#8220; custom_margin=&#8220;0px||0px||false|false&#8220; custom_margin_tablet=&#8220;|0px||0px|false|false&#8220; custom_padding=&#8220;0px||0px||false|false&#8220; custom_padding_tablet=&#8220;|0px||0px|false|true&#8220; global_colors_info=&#8220;{}&#8220;][et_pb_column type=&#8220;4_4&#8243; _builder_version=&#8220;4.21.0&#8243; _module_preset=&#8220;default&#8220; global_colors_info=&#8220;{}&#8220;][et_pb_slider _builder_version=&#8220;4.21.0&#8243; _module_preset=&#8220;b8ceb8f1-18e1-4a30-87c9-e9b64e615132&#8243; custom_padding_tablet=&#8220;180px|0px|180px|0px|false|false&#8220; header_font_size_tablet=&#8220;&#8220; header_font_size_phone=&#8220;39px&#8220; header_font_size_last_edited=&#8220;on|tablet&#8220; body_font_size_phone=&#8220;39px&#8220; global_colors_info=&#8220;{}&#8220;][et_pb_slide _builder_version=&#8220;4.21.0&#8243; _module_preset=&#8220;2dc5af35-e1f8-410a-afef-aba0a25e6ce5&#8243; background_image=&#8220;https:\/\/hauxlifesupport.de\/wp-content\/uploads\/2023\/10\/Produkte_Tunnelbau_H_D.jpg&#8220; custom_padding=&#8220;|0px||0px|false|false&#8220; global_colors_info=&#8220;{}&#8220; sticky_transition=&#8220;on&#8220;][\/et_pb_slide][\/et_pb_slider][\/et_pb_column][\/et_pb_row][\/et_pb_section][et_pb_section fb_built=&#8220;1&#8243; admin_label=&#8220;Willkommen&#8220; _builder_version=&#8220;4.21.0&#8243; _module_preset=&#8220;f2843d24-ad56-442f-a9e1-e3041953524c&#8220; global_colors_info=&#8220;{}&#8220;][et_pb_row _builder_version=&#8220;4.21.0&#8243; _module_preset=&#8220;7cb6190c-4283-41e8-bb8b-ae469157ed96&#8243; custom_margin_tablet=&#8220;||0px||false|false&#8220; custom_margin_phone=&#8220;||0px||false|false&#8220; custom_margin_last_edited=&#8220;on|phone&#8220; custom_padding_tablet=&#8220;||0px||false|false&#8220; custom_padding_phone=&#8220;||0px||false|false&#8220; global_colors_info=&#8220;{}&#8220;][et_pb_column type=&#8220;4_4&#8243; _builder_version=&#8220;4.21.0&#8243; _module_preset=&#8220;default&#8220; global_colors_info=&#8220;{}&#8220;][et_pb_text _builder_version=&#8220;4.21.0&#8243; _module_preset=&#8220;1d6c08ce-9034-4863-b572-8d1f8fe79549&#8243; global_colors_info=&#8220;{}&#8220;]<\/p>\n<h1><strong>HAUX-LIFE-SUPPORT \u2013\u00a0Tief- und Tunnelbau<\/strong><\/h1>\n<h2><span style=\"text-decoration: underline;\">Produktsicherheit, Erfahrung, robuste und innovative Techniken<\/span><\/h2>\n<p>[\/et_pb_text][\/et_pb_column][\/et_pb_row][et_pb_row _builder_version=&#8220;4.21.0&#8243; _module_preset=&#8220;3cb11947-cb60-4ac8-b6e8-a249bbc44256&#8243; global_colors_info=&#8220;{}&#8220;][et_pb_column type=&#8220;4_4&#8243; _builder_version=&#8220;4.21.0&#8243; _module_preset=&#8220;default&#8220; global_colors_info=&#8220;{}&#8220;][et_pb_text _builder_version=&#8220;4.21.0&#8243; _module_preset=&#8220;5a82baeb-455d-473e-b1fb-a29db5629153&#8243; border_style_bottom=&#8220;none&#8220; global_colors_info=&#8220;{}&#8220;]<\/p>\n<p>HAUX-LIFE-SUPPORT liefert f\u00fcr den Tief- und Tunnel\u00adbau Personen-, Material- und Kombi-Schleusen, Druckwand-Sys\u00adteme und Gro\u00df-Schleusen-Tore sowie Kran\u00adken-Schleusen jeweils mit ro\u00adbuster und modernster Technik.<\/p>\n<p>Kurze Liefertermine, h\u00f6chste Qua\u00adlit\u00e4t, Flexi\u00adbilit\u00e4t und ein hervor\u00adragendes Preis- \/ Leistungs\u00adverh\u00e4ltnis erm\u00f6g\u00adlicht ins\u00adbeson\u00addere der HAUX-eigene Beh\u00e4lter- und Stahlbau.<\/p>\n<p>[\/et_pb_text][\/et_pb_column][\/et_pb_row][et_pb_row _builder_version=&#8220;4.21.0&#8243; _module_preset=&#8220;3cb11947-cb60-4ac8-b6e8-a249bbc44256&#8243; global_colors_info=&#8220;{}&#8220;][et_pb_column type=&#8220;4_4&#8243; _builder_version=&#8220;4.21.0&#8243; _module_preset=&#8220;default&#8220; global_colors_info=&#8220;{}&#8220;][et_pb_accordion _builder_version=&#8220;4.21.0&#8243; _module_preset=&#8220;default&#8220; global_colors_info=&#8220;{}&#8220;][et_pb_accordion_item title=&#8220;HAUX-STARMED\/KD KRANKENSCHLEUSEN&#8220; open=&#8220;on&#8220; _builder_version=&#8220;4.21.0&#8243; _module_preset=&#8220;default&#8220; global_colors_info=&#8220;{}&#8220;]<\/p>\n<p><img loading=\"lazy\" decoding=\"async\" src=\"https:\/\/hauxlifesupport.de\/wp-content\/uploads\/2023\/07\/HAUX-STARCOM-STARMED_KD_medical_tunnel_lock_containerized_500x375.jpg\" alt=\"\" class=\"wp-image-1994 alignnone size-full\" width=\"500\" height=\"375\" title=\"\" srcset=\"https:\/\/hauxlifesupport.de\/wp-content\/uploads\/2023\/07\/HAUX-STARCOM-STARMED_KD_medical_tunnel_lock_containerized_500x375.jpg 500w, https:\/\/hauxlifesupport.de\/wp-content\/uploads\/2023\/07\/HAUX-STARCOM-STARMED_KD_medical_tunnel_lock_containerized_500x375-480x360.jpg 480w\" sizes=\"auto, (min-width: 0px) and (max-width: 480px) 480px, (min-width: 481px) 500px, 100vw\" \/> <img loading=\"lazy\" decoding=\"async\" src=\"https:\/\/hauxlifesupport.de\/wp-content\/uploads\/2023\/07\/HAUX-STARMED_KD_6_medical_lock_tunneling_technology_interior_500x375.jpg\" alt=\"\" class=\"wp-image-1998 alignnone size-full\" width=\"500\" height=\"375\" title=\"\" srcset=\"https:\/\/hauxlifesupport.de\/wp-content\/uploads\/2023\/07\/HAUX-STARMED_KD_6_medical_lock_tunneling_technology_interior_500x375.jpg 500w, https:\/\/hauxlifesupport.de\/wp-content\/uploads\/2023\/07\/HAUX-STARMED_KD_6_medical_lock_tunneling_technology_interior_500x375-480x360.jpg 480w\" sizes=\"auto, (min-width: 0px) and (max-width: 480px) 480px, (min-width: 481px) 500px, 100vw\" \/><\/p>\n<p>Krankenschleusen vom Typ <strong>HAUX-STARMED\/KD <\/strong>sind welt\u00adweit auf Tunnel- und Tief\u00adbaustellen meist als modu\u00adlares Komplett-System in einem Con\u00adtainer inte\u00adgriert im Einsatz. Diese hyper\u00adbare Behand\u00adlungs\u00adkammer dient zur Notfall-Behand\u00adlung verun\u00adgl\u00fcckter Druck\u00adluft\u00adarbeiter und Taucher. Die zum Einsatz kom\u00admenden <strong>STARMED\/KD-Systeme<\/strong> haben standard\u00adm\u00e4\u00dfig einen Durch\u00admesser von 2.000 mm und einen maxi\u00admalen Betriebs\u00ad\u00fcberdruck von 5 bar ent\u00adsprechend 50 m Einsatz\u00adtiefe. Sonder\u00adversionen mit h\u00f6heren Dr\u00fccken oder mit der M\u00f6g\u00adlichkeit zum An\u00addocken einer Personen-Transfer\u00adkammer k\u00f6nnen je nach Bedarf realisiert werden.<\/p>\n<p>Lassen Sie uns Ihren Einsatz\u00adzweck und die Rahmen\u00adbeding\u00adungen wissen, wir arbeiten Ihnen gerne einen speziellen L\u00f6sungs\u00advorschlag aus. Neben der Standard\u00adausr\u00fcstung gibt es viele optio\u00adnale modulare Wahl\u00adm\u00f6glichkeiten unter anderem Misc\u00adhgas-Atem\u00adstellen, Heiz-\/K\u00fchl-Systeme, Computer-Steuerung und vieles mehr.<\/p>\n<p>Nach Verf\u00fcgbarkeit k\u00f6nnen wir <strong>HAUX-STARMED\/KD Kranken\u00adschleusen<\/strong> auch als Gebraucht-Einheit oder zur Miete anbieten.<\/p>\n<p>[\/et_pb_accordion_item][et_pb_accordion_item title=&#8220;HAUX-TUNNELSTAR\/P PERSONENSCHLEUSEN&#8220; _builder_version=&#8220;4.21.0&#8243; _module_preset=&#8220;default&#8220; global_colors_info=&#8220;{}&#8220; open=&#8220;off&#8220;]<\/p>\n<p><img loading=\"lazy\" decoding=\"async\" src=\"https:\/\/hauxlifesupport.de\/wp-content\/uploads\/2023\/07\/csm_HAUX-TUNNELSTAR_P_1800_double_cylindrical_chamber_tunnel_personnel_locks_8a44fda8aa.jpg\" alt=\"\" class=\"wp-image-2002 alignnone size-full\" width=\"386\" height=\"289\" title=\"\" srcset=\"https:\/\/hauxlifesupport.de\/wp-content\/uploads\/2023\/07\/csm_HAUX-TUNNELSTAR_P_1800_double_cylindrical_chamber_tunnel_personnel_locks_8a44fda8aa.jpg 386w, https:\/\/hauxlifesupport.de\/wp-content\/uploads\/2023\/07\/csm_HAUX-TUNNELSTAR_P_1800_double_cylindrical_chamber_tunnel_personnel_locks_8a44fda8aa-300x225.jpg 300w\" sizes=\"auto, (max-width: 386px) 100vw, 386px\" \/> <img loading=\"lazy\" decoding=\"async\" src=\"https:\/\/hauxlifesupport.de\/wp-content\/uploads\/2023\/07\/csm_HAUX-TUNNELSTAR_P_1800_series_production_tunneling_personnel_lock_building_site_2cdff37a2c.jpg\" alt=\"\" class=\"wp-image-2006 alignnone size-full\" width=\"386\" height=\"289\" title=\"\" srcset=\"https:\/\/hauxlifesupport.de\/wp-content\/uploads\/2023\/07\/csm_HAUX-TUNNELSTAR_P_1800_series_production_tunneling_personnel_lock_building_site_2cdff37a2c.jpg 386w, https:\/\/hauxlifesupport.de\/wp-content\/uploads\/2023\/07\/csm_HAUX-TUNNELSTAR_P_1800_series_production_tunneling_personnel_lock_building_site_2cdff37a2c-300x225.jpg 300w\" sizes=\"auto, (max-width: 386px) 100vw, 386px\" \/> <img loading=\"lazy\" decoding=\"async\" src=\"https:\/\/hauxlifesupport.de\/wp-content\/uploads\/2023\/07\/csm_HAUX-TUNNELSTAR_P_1500-1500_tunneling_personnel_lock_double_entry_eca80de05f.jpg\" alt=\"\" class=\"wp-image-2010 alignnone size-full\" width=\"386\" height=\"289\" title=\"\" srcset=\"https:\/\/hauxlifesupport.de\/wp-content\/uploads\/2023\/07\/csm_HAUX-TUNNELSTAR_P_1500-1500_tunneling_personnel_lock_double_entry_eca80de05f.jpg 386w, https:\/\/hauxlifesupport.de\/wp-content\/uploads\/2023\/07\/csm_HAUX-TUNNELSTAR_P_1500-1500_tunneling_personnel_lock_double_entry_eca80de05f-300x225.jpg 300w\" sizes=\"auto, (max-width: 386px) 100vw, 386px\" \/><\/p>\n<p>Personenschleusen vom Typ <strong>HAUX-TUNNELSTAR\/P<\/strong> werden von uns spe\u00adziell ent\u00adsprechend Ihrem Anfor\u00adderungs\u00adprofil gefertigt. Ob Drei-, Zwei- oder Ein-Raum-Schleuse, Personen\u00adbelegung ab 2 Personen bis zur Gro\u00df\u00adschleuse f\u00fcr 40 Personen, Dr\u00fccke bis zu 10 bar und mehr, lassen Sie uns Ihren Einsatz\u00adzweck und die Rahmen\u00adbeding\u00adungen wissen, wir ar\u00adbeiten Ihnen gerne einen spe\u00adziellen L\u00f6sungs\u00advorschlag aus.<\/p>\n<p>Wir haben bereits unz\u00e4hlige\u00a0<strong>HAUX-TUNNELSTAR-Systeme <\/strong>in viel\u00adf\u00e4ltigen Bau\u00adformen in den ver\u00adschieden\u00adsten Abmes\u00adsungen reali\u00adsiert, wie zum Beispiel:<\/p>\n<ul>\n<li>als liegender Einzel- oder Doppel-Zylinder,<\/li>\n<li>in Treppenform,<\/li>\n<li>mit abgeflachtem Zylinder,<\/li>\n<li>zylindrisch stehend als Schleusendom,<\/li>\n<li>in Rechteckform oder<\/li>\n<li>als Personen-Schleusen ge\u00adbildet durch mehrere Druck\u00adw\u00e4nde z.B. in einem Rohr-Press-Vortrieb.<\/li>\n<\/ul>\n<p>Die <strong>HAUX-TUNNELSTAR Systeme <\/strong>sind be\u00adsonders ro\u00adbust, \u00fcber\u00adsichtlich und ein\u00adfach zu bedienen und erm\u00f6g\u00adlichen ein kom\u00adfortables Ein- und Aus\u00adschleusen in den Arbeits\u00adraum. Neben der Standard\u00adausr\u00fcstung gibt es viele optionale modulare Wahl\u00adm\u00f6glich\u00adkeiten, unter anderem<\/p>\n<ul>\n<li>Rund- oder Rechteckt\u00fcren,<\/li>\n<li>Sauerstoff-Atemstellen mit zu\u00adgeh\u00f6riger \u00dcber\u00adwachungseinheit,<\/li>\n<li>Heiz-\/K\u00fchl-Systeme,<\/li>\n<li>Computer-Steuerung und vieles mehr.<\/li>\n<\/ul>\n<p>Nach Verf\u00fcgbarkeit k\u00f6nnen wir <strong>HAUX-TUNNELSTAR\/P Personen\u00adschleusen <\/strong>auch als Gebraucht-Einheit oder zur Miete anbieten.<\/p>\n<p>[\/et_pb_accordion_item][et_pb_accordion_item title=&#8220;HAUX-TUNNELSTAR\/M MATERIALSCHLEUSEN&#8220; _builder_version=&#8220;4.21.0&#8243; _module_preset=&#8220;default&#8220; global_colors_info=&#8220;{}&#8220; open=&#8220;off&#8220;]<\/p>\n<p><img loading=\"lazy\" decoding=\"async\" src=\"https:\/\/hauxlifesupport.de\/wp-content\/uploads\/2023\/07\/csm_HAUX-TUNNELSTAR_M_600_material_lock_tunnel_construction_London_5d079fb690.jpg\" alt=\"\" class=\"wp-image-2014 alignnone size-full\" width=\"386\" height=\"289\" title=\"\" srcset=\"https:\/\/hauxlifesupport.de\/wp-content\/uploads\/2023\/07\/csm_HAUX-TUNNELSTAR_M_600_material_lock_tunnel_construction_London_5d079fb690.jpg 386w, https:\/\/hauxlifesupport.de\/wp-content\/uploads\/2023\/07\/csm_HAUX-TUNNELSTAR_M_600_material_lock_tunnel_construction_London_5d079fb690-300x225.jpg 300w\" sizes=\"auto, (max-width: 386px) 100vw, 386px\" \/> <img loading=\"lazy\" decoding=\"async\" src=\"https:\/\/hauxlifesupport.de\/wp-content\/uploads\/2023\/07\/csm_HAUX-TUNNELSTAR_M_material_lock_tunnel_construction_master_door_workers_Luzern_825f38fa44.jpg\" alt=\"\" class=\"wp-image-2018 alignnone size-full\" width=\"386\" height=\"289\" title=\"\" srcset=\"https:\/\/hauxlifesupport.de\/wp-content\/uploads\/2023\/07\/csm_HAUX-TUNNELSTAR_M_material_lock_tunnel_construction_master_door_workers_Luzern_825f38fa44.jpg 386w, https:\/\/hauxlifesupport.de\/wp-content\/uploads\/2023\/07\/csm_HAUX-TUNNELSTAR_M_material_lock_tunnel_construction_master_door_workers_Luzern_825f38fa44-300x225.jpg 300w\" sizes=\"auto, (max-width: 386px) 100vw, 386px\" \/> <img loading=\"lazy\" decoding=\"async\" src=\"https:\/\/hauxlifesupport.de\/wp-content\/uploads\/2023\/07\/csm_HAUX-TUNNELSTAR_M_material_lock_tunnel_construction_building_site_Hamburg_382a92e1e3.jpg\" alt=\"\" class=\"wp-image-2022 alignnone size-full\" width=\"386\" height=\"450\" title=\"\" srcset=\"https:\/\/hauxlifesupport.de\/wp-content\/uploads\/2023\/07\/csm_HAUX-TUNNELSTAR_M_material_lock_tunnel_construction_building_site_Hamburg_382a92e1e3.jpg 386w, https:\/\/hauxlifesupport.de\/wp-content\/uploads\/2023\/07\/csm_HAUX-TUNNELSTAR_M_material_lock_tunnel_construction_building_site_Hamburg_382a92e1e3-257x300.jpg 257w\" sizes=\"auto, (max-width: 386px) 100vw, 386px\" \/><\/p>\n<p>Materialschleusen vom Typ <strong>HAUX-TUNNELSTAR\/M<\/strong> werden von uns speziell ent\u00adsprechend Ihrem Anfor\u00adderungsprofil gefertigt.<\/p>\n<p>Ob Horizontal- oder Vertikal-Schleuse, ob als lie\u00adgender oder ste\u00adhender Zylinder, als Rechteck-System oder als Material\u00adschleuse gebildet durch mehr\u00adere Gro\u00df-Schleusen-Tore, f\u00fcr Dr\u00fccke bis zu 5 bar und mehr, lassen Sie uns Ihren Einsatz\u00adzweck und die Rahmen\u00adbedingungen wissen, wir arbeiten Ihnen gerne einen speziellen L\u00f6sungs\u00advorschlag aus. Diese Systeme sind extrem robust, \u00fcber\u00adsichtlich und ein\u00adfach zu bedienen und erm\u00f6g\u00adlichen ein kom\u00adfortables Ein- und Aus\u00adschleusen von Material in den Arbeitsraum.<\/p>\n<p>Neben der Standard\u00adausr\u00fcstung gibt es viele optio\u00adnale Wahl\u00adm\u00f6g\u00adlichkeiten, unter anderem Rund- oder Recht\u00adeckt\u00fcren, SPS-Computer-Steuer\u00adungen, Klapp-Gleis-Systeme, Ausr\u00fcstungs\u00ads\u00e4tze f\u00fcr Personen-Not-Schleu\u00adsungen und vieles mehr.<\/p>\n<p>Nach Verf\u00fcg\u00adbarkeit k\u00f6nnen wir <strong>HAUX-TUNNELSTAR\/M Material\u00adschleusen <\/strong>auch als Gebraucht-Einheit oder zur Miete anbieten.<\/p>\n<p>[\/et_pb_accordion_item][et_pb_accordion_item title=&#8220;HAUX-TUNNELSTAR\/PW DRUCKWANDSYSTEME&#8220; _builder_version=&#8220;4.21.0&#8243; _module_preset=&#8220;default&#8220; global_colors_info=&#8220;{}&#8220; open=&#8220;off&#8220;]<\/p>\n<p><img loading=\"lazy\" decoding=\"async\" src=\"https:\/\/hauxlifesupport.de\/wp-content\/uploads\/2023\/07\/csm_HAUX-TUNNELSTAR_PW_pressure_wall_tunnel_personnel_transfer_lock_exterior_open_e4fe2fb570.jpg\" alt=\"\" class=\"wp-image-2026 alignnone size-full\" width=\"386\" height=\"289\" title=\"\" srcset=\"https:\/\/hauxlifesupport.de\/wp-content\/uploads\/2023\/07\/csm_HAUX-TUNNELSTAR_PW_pressure_wall_tunnel_personnel_transfer_lock_exterior_open_e4fe2fb570.jpg 386w, https:\/\/hauxlifesupport.de\/wp-content\/uploads\/2023\/07\/csm_HAUX-TUNNELSTAR_PW_pressure_wall_tunnel_personnel_transfer_lock_exterior_open_e4fe2fb570-300x225.jpg 300w\" sizes=\"auto, (max-width: 386px) 100vw, 386px\" \/> <img loading=\"lazy\" decoding=\"async\" src=\"https:\/\/hauxlifesupport.de\/wp-content\/uploads\/2023\/07\/csm_HAUX-TUNNELSTAR_PW_pressure_wall_tunnel_personnel_air_lock_exterior_closed_control_panel_b63278cbd5.jpg\" alt=\"\" class=\"wp-image-2030 alignnone size-full\" width=\"386\" height=\"289\" title=\"\" srcset=\"https:\/\/hauxlifesupport.de\/wp-content\/uploads\/2023\/07\/csm_HAUX-TUNNELSTAR_PW_pressure_wall_tunnel_personnel_air_lock_exterior_closed_control_panel_b63278cbd5.jpg 386w, https:\/\/hauxlifesupport.de\/wp-content\/uploads\/2023\/07\/csm_HAUX-TUNNELSTAR_PW_pressure_wall_tunnel_personnel_air_lock_exterior_closed_control_panel_b63278cbd5-300x225.jpg 300w\" sizes=\"auto, (max-width: 386px) 100vw, 386px\" \/> <img loading=\"lazy\" decoding=\"async\" src=\"https:\/\/hauxlifesupport.de\/wp-content\/uploads\/2023\/07\/csm_HAUX-TUNNELSTAR_PW_pressure_wall_tunnel_personnel_air_lock_cylindrical_chamber_interior_535d785df1.jpg\" alt=\"\" class=\"wp-image-2034 alignnone size-full\" width=\"386\" height=\"289\" title=\"\" srcset=\"https:\/\/hauxlifesupport.de\/wp-content\/uploads\/2023\/07\/csm_HAUX-TUNNELSTAR_PW_pressure_wall_tunnel_personnel_air_lock_cylindrical_chamber_interior_535d785df1.jpg 386w, https:\/\/hauxlifesupport.de\/wp-content\/uploads\/2023\/07\/csm_HAUX-TUNNELSTAR_PW_pressure_wall_tunnel_personnel_air_lock_cylindrical_chamber_interior_535d785df1-300x225.jpg 300w\" sizes=\"auto, (max-width: 386px) 100vw, 386px\" \/><\/p>\n<p>Mit den <strong>HAUX-TUNNELSTAR\/PW Druckwand-Systemen <\/strong>k\u00f6n\u00adnen zum Bei\u00adspiel in Verbin\u00addung mit einem bau\u00adseitigen druck\u00adfesten Beton\u00adrohr Personen\u00adschleusen gebildet werden, die das Ein- und Aus\u00adschleusen von Per\u00adsonal und Material erm\u00f6glichen. Neben stufen\u00adlos w\u00e4hl\u00adbaren Durch\u00admessern gibt es viele optio\u00adnale modu\u00adlare Wah\u00adlm\u00f6glichkeiten, unter anderem:<\/p>\n<ul>\n<li>Rund- oder Rechteckt\u00fcren<\/li>\n<li>Ventils\u00e4tze f\u00fcr Druck-Anzeige, Regis\u00adtrierung und -Steuerung<\/li>\n<li>Sauerstoff-Atemstellen mit zu\u00adgeh\u00f6riger \u00dcberwachungseinheit<\/li>\n<li>Heiz-\/K\u00fchl-Systeme<\/li>\n<li>Computer-Steuerung und vieles mehr.<\/li>\n<\/ul>\n<p>[\/et_pb_accordion_item][et_pb_accordion_item title=&#8220;HAUX-MASTERDOOR GROSSTORE\/T\u00dcRSYSTEME&#8220; _builder_version=&#8220;4.21.0&#8243; _module_preset=&#8220;default&#8220; global_colors_info=&#8220;{}&#8220; open=&#8220;off&#8220;]<\/p>\n<p><img loading=\"lazy\" decoding=\"async\" src=\"https:\/\/hauxlifesupport.de\/wp-content\/uploads\/2023\/07\/csm_HAUX-MASTERDOOR_large_air_lock_door_system_tunnel_construction_underground_rail_c2d11468df.jpg\" alt=\"\" class=\"wp-image-2038 alignnone size-full\" width=\"386\" height=\"289\" title=\"\" srcset=\"https:\/\/hauxlifesupport.de\/wp-content\/uploads\/2023\/07\/csm_HAUX-MASTERDOOR_large_air_lock_door_system_tunnel_construction_underground_rail_c2d11468df.jpg 386w, https:\/\/hauxlifesupport.de\/wp-content\/uploads\/2023\/07\/csm_HAUX-MASTERDOOR_large_air_lock_door_system_tunnel_construction_underground_rail_c2d11468df-300x225.jpg 300w\" sizes=\"auto, (max-width: 386px) 100vw, 386px\" \/> <img loading=\"lazy\" decoding=\"async\" src=\"https:\/\/hauxlifesupport.de\/wp-content\/uploads\/2023\/07\/csm_HAUX-MASTERDOOR_large_tunnel_door_system_two_doors_transport_loaded_e2f28fd4b5.jpg\" alt=\"\" class=\"wp-image-2043 alignnone size-full\" width=\"386\" height=\"289\" title=\"\" srcset=\"https:\/\/hauxlifesupport.de\/wp-content\/uploads\/2023\/07\/csm_HAUX-MASTERDOOR_large_tunnel_door_system_two_doors_transport_loaded_e2f28fd4b5.jpg 386w, https:\/\/hauxlifesupport.de\/wp-content\/uploads\/2023\/07\/csm_HAUX-MASTERDOOR_large_tunnel_door_system_two_doors_transport_loaded_e2f28fd4b5-300x225.jpg 300w\" sizes=\"auto, (max-width: 386px) 100vw, 386px\" \/> <img loading=\"lazy\" decoding=\"async\" src=\"https:\/\/hauxlifesupport.de\/wp-content\/uploads\/2023\/07\/csm_HAUX-MASTERDOOR_large_tunnel_air_lock_door_system_worker_in_front_of_door_572e4af463.jpg\" alt=\"\" class=\"wp-image-2047 alignnone size-full\" width=\"386\" height=\"289\" title=\"\" srcset=\"https:\/\/hauxlifesupport.de\/wp-content\/uploads\/2023\/07\/csm_HAUX-MASTERDOOR_large_tunnel_air_lock_door_system_worker_in_front_of_door_572e4af463.jpg 386w, https:\/\/hauxlifesupport.de\/wp-content\/uploads\/2023\/07\/csm_HAUX-MASTERDOOR_large_tunnel_air_lock_door_system_worker_in_front_of_door_572e4af463-300x225.jpg 300w\" sizes=\"auto, (max-width: 386px) 100vw, 386px\" \/><\/p>\n<p>Mit den <strong>HAUX-MASTERDOOR T\u00fcrsystemen <\/strong>k\u00f6n\u00adnen in Ver\u00adbindung mit einem bau\u00adseitigen druck\u00adfesten Beton-K\u00f6rper Material\u00adschleusen gebil\u00addet werden, die das Ein- und Aus\u00adschleusen von kom\u00adpletten Tunnel\u00adz\u00fcgen oder Gro\u00df\u00adger\u00e4ten wie Baggern oder Rad\u00adladern erm\u00f6glichen.<\/p>\n<p>Es gibt eine umfangreiche Aus\u00adwahl an Aus\u00adr\u00fcstungs\u00adkompo\u00adnenten wie Steuer\u00adungs-Ventil\u00ads\u00e4tze f\u00fcr den Druck\u00adaufbau und Druck\u00adabbau, SPS-Com\u00adputer-Steuer\u00adungen, Klapp-Gleis-Systeme sowie Aus\u00adr\u00fcstungss\u00e4tze f\u00fcr Personen-Not-Schleu\u00adsungen und vieles mehr.<\/p>\n<p>Nach Verf\u00fcgbarkeit k\u00f6nnen wir <strong>HAUX-MASTERDOOR Gro\u00dftore <\/strong>auch als Ge\u00adbraucht-Ein\u00adheit oder zur Miete anbieten.<\/p>\n<p>[\/et_pb_accordion_item][\/et_pb_accordion][\/et_pb_column][\/et_pb_row][\/et_pb_section]<\/p>\n","protected":false},"excerpt":{"rendered":"<p>HAUX-LIFE-SUPPORT \u2013\u00a0Tief- und Tunnelbau Produktsicherheit, Erfahrung, robuste und innovative TechnikenHAUX-LIFE-SUPPORT liefert f\u00fcr den Tief- und Tunnel\u00a6bau Personen-, Material- und Kombi-Schleusen, Druckwand-Sys\u00a6teme und Gro\u00df-Schleusen-Tore sowie Kran\u00a6ken-Schleusen jeweils mit ro\u00a6buster und modernster Technik. Kurze Liefertermine, h\u00f6chste Qua\u00a6lit\u00e4t, Flexi\u00a6bilit\u00e4t und ein hervor\u00a6ragendes Preis- \/ Leistungs\u00a6verh\u00e4ltnis erm\u00f6g\u00a6licht ins\u00a6beson\u00a6dere der HAUX-eigene Beh\u00e4lter- und Stahlbau. Krankenschleusen vom Typ HAUX-STARMED\/KD sind welt\u00a6weit [&hellip;]<\/p>\n","protected":false},"author":1,"featured_media":0,"parent":633,"menu_order":130,"comment_status":"closed","ping_status":"closed","template":"","meta":{"_et_pb_use_builder":"on","_et_pb_old_content":"<!-- wp:divi\/placeholder \/-->","_et_gb_content_width":"","_relevanssi_hide_post":"","_relevanssi_hide_content":"","_relevanssi_pin_for_all":"","_relevanssi_pin_keywords":"","_relevanssi_unpin_keywords":"","_relevanssi_related_keywords":"","_relevanssi_related_include_ids":"","_relevanssi_related_exclude_ids":"","_relevanssi_related_no_append":"","_relevanssi_related_not_related":"","_relevanssi_related_posts":"","_relevanssi_noindex_reason":"","footnotes":""},"class_list":["post-649","page","type-page","status-publish","hentry"],"_links":{"self":[{"href":"https:\/\/hauxlifesupport.de\/de\/wp-json\/wp\/v2\/pages\/649","targetHints":{"allow":["GET"]}}],"collection":[{"href":"https:\/\/hauxlifesupport.de\/de\/wp-json\/wp\/v2\/pages"}],"about":[{"href":"https:\/\/hauxlifesupport.de\/de\/wp-json\/wp\/v2\/types\/page"}],"author":[{"embeddable":true,"href":"https:\/\/hauxlifesupport.de\/de\/wp-json\/wp\/v2\/users\/1"}],"replies":[{"embeddable":true,"href":"https:\/\/hauxlifesupport.de\/de\/wp-json\/wp\/v2\/comments?post=649"}],"version-history":[{"count":17,"href":"https:\/\/hauxlifesupport.de\/de\/wp-json\/wp\/v2\/pages\/649\/revisions"}],"predecessor-version":[{"id":243394,"href":"https:\/\/hauxlifesupport.de\/de\/wp-json\/wp\/v2\/pages\/649\/revisions\/243394"}],"up":[{"embeddable":true,"href":"https:\/\/hauxlifesupport.de\/de\/wp-json\/wp\/v2\/pages\/633"}],"wp:attachment":[{"href":"https:\/\/hauxlifesupport.de\/de\/wp-json\/wp\/v2\/media?parent=649"}],"curies":[{"name":"wp","href":"https:\/\/api.w.org\/{rel}","templated":true}]}}