{"id":641,"date":"2023-06-26T11:02:50","date_gmt":"2023-06-26T09:02:50","guid":{"rendered":"https:\/\/hauxlifesupport.de\/?page_id=641"},"modified":"2023-10-11T13:18:55","modified_gmt":"2023-10-11T11:18:55","slug":"haux-divestar-tauchsimulatoren","status":"publish","type":"page","link":"https:\/\/hauxlifesupport.de\/de\/produkte\/tauchtechnik\/haux-divestar-tauchsimulatoren\/","title":{"rendered":"HAUX DIVESTAR TAUCHSIMULATOREN"},"content":{"rendered":"<p>[et_pb_section fb_built=&#8220;1&#8243; admin_label=&#8220;Slider&#8220; _builder_version=&#8220;4.21.0&#8243; _module_preset=&#8220;default&#8220; width=&#8220;100%&#8220; max_width=&#8220;100%&#8220; custom_padding=&#8220;0px||0px||false|false&#8220; custom_padding_tablet=&#8220;0px||0px||false|false&#8220; custom_padding_phone=&#8220;0px||0px||false|false&#8220; global_colors_info=&#8220;{}&#8220;][et_pb_row _builder_version=&#8220;4.21.0&#8243; _module_preset=&#8220;default&#8220; background_enable_color=&#8220;off&#8220; width=&#8220;100%&#8220; width_tablet=&#8220;100%&#8220; width_phone=&#8220;100%&#8220; width_last_edited=&#8220;on|desktop&#8220; max_width=&#8220;100%&#8220; module_alignment=&#8220;left&#8220; custom_margin=&#8220;0px||0px||false|false&#8220; custom_margin_tablet=&#8220;|0px||0px|false|false&#8220; custom_padding=&#8220;0px||0px||false|false&#8220; custom_padding_tablet=&#8220;|0px||0px|false|true&#8220; global_colors_info=&#8220;{}&#8220;][et_pb_column type=&#8220;4_4&#8243; _builder_version=&#8220;4.21.0&#8243; _module_preset=&#8220;default&#8220; background_enable_color=&#8220;off&#8220; global_colors_info=&#8220;{}&#8220;][et_pb_slider _builder_version=&#8220;4.21.0&#8243; _module_preset=&#8220;default&#8220; custom_padding_tablet=&#8220;180px|0px|180px|0px|false|false&#8220; hover_enabled=&#8220;0&#8243; header_font_size_tablet=&#8220;&#8220; header_font_size_phone=&#8220;39px&#8220; header_font_size_last_edited=&#8220;on|tablet&#8220; body_font_size_phone=&#8220;39px&#8220; global_colors_info=&#8220;{}&#8220; sticky_enabled=&#8220;0&#8243;][et_pb_slide _builder_version=&#8220;4.21.0&#8243; _module_preset=&#8220;default&#8220; background_image=&#8220;https:\/\/hauxlifesupport.de\/wp-content\/uploads\/2023\/10\/Produkte_Tauchtechnik_Unterpunkte.jpg&#8220; custom_padding=&#8220;|0px||0px|false|false&#8220; hover_enabled=&#8220;0&#8243; global_colors_info=&#8220;{}&#8220; sticky_transition=&#8220;on&#8220; title_text=&#8220;Produkte_Tauchtechnik_Unterpunkte&#8220; sticky_enabled=&#8220;0&#8243;]<\/p>\n<p><strong><br \/><\/strong><strong><\/strong><\/p>\n<p>[\/et_pb_slide][\/et_pb_slider][\/et_pb_column][\/et_pb_row][\/et_pb_section][et_pb_section fb_built=&#8220;1&#8243; admin_label=&#8220;Willkommen&#8220; _builder_version=&#8220;4.21.0&#8243; _module_preset=&#8220;default&#8220; global_colors_info=&#8220;{}&#8220;][et_pb_row _builder_version=&#8220;4.21.0&#8243; _module_preset=&#8220;_initial&#8220; custom_margin_tablet=&#8220;||0px||false|false&#8220; custom_margin_phone=&#8220;||0px||false|false&#8220; custom_margin_last_edited=&#8220;on|phone&#8220; custom_padding_tablet=&#8220;||0px||false|false&#8220; custom_padding_phone=&#8220;||0px||false|false&#8220; global_colors_info=&#8220;{}&#8220;][et_pb_column type=&#8220;4_4&#8243; _builder_version=&#8220;4.21.0&#8243; _module_preset=&#8220;default&#8220; global_colors_info=&#8220;{}&#8220;][et_pb_text _builder_version=&#8220;4.21.0&#8243; _module_preset=&#8220;default&#8220; global_colors_info=&#8220;{}&#8220;]<\/p>\n<h2><strong><span style=\"text-decoration: underline;\">HAUX-DIVESTAR<\/span><\/strong><\/h2>\n<p>F\u00fcr die Ausbildung von Tauchern, sowie f\u00fcr Ger\u00e4tetests, fertigt HAUX-LIFE-SUPPORT komplexe Tauchsimulatoren f\u00fcr die Simulation von Wassertiefen bis zu 600 m. Neben dem eigentlichen Druckkammer-System geh\u00f6ren umfangreiche Peripherieger\u00e4te zur Ausstattung wie z.B. Life-Support-Systeme, Gas- Vorrats, -Misch- und -Aufbereitungs-Systeme, Wasserhandling sowie Steuerungs- und Medizintechnik und eine Vielzahl weiterer Komponenten.<\/p>\n<p>HAUX hat unter anderem die Tauchsimulatoren HYDRA 2000 f\u00fcr die Deutsche Bundesmarine, MEDUSA f\u00fcr die Niederl\u00e4ndische Marine, HYDRA 2500 f\u00fcr die Greek Navy,\u00a0HYDRA 1000 f\u00fcr die HongKong Fire Brigade und DIVESTAR\u00a0160 f\u00fcr die Schwedische Navy\u00a0hergestellt und verf\u00fcgt somit \u00fcber ein besonderes Leistungsspektrum und einzigartige Erfahrungen auf diesem Spezialgebiet.<\/p>\n<p>Die hohe Flexibilit\u00e4t in der Installation von HAUX-Komponenten in schon bestehende Tauchsimulatoren zeigt u.a. der Umbau des Tauchsimulators der DLRG Berlin.<\/p>\n<p>&nbsp;<\/p>\n<h3><strong>HAUX-LIFE-SUPPORT baut gro\u00dfen Druckkammer-Komplex f\u00fcr schwedische Marine-Schule in Karlskrona<\/strong><\/h3>\n<p>Die Druckkammer simuliert Tauchg\u00e4nge bis 160m Tiefe und erm\u00f6glicht gefahrloses Trainieren unter Druckverh\u00e4ltnissen, wie sie bei Rettungseins\u00e4tzen im Offshore-Bereich unter Wasser auftreten.<\/p>\n<p>[\/et_pb_text][\/et_pb_column][\/et_pb_row][\/et_pb_section][et_pb_section fb_built=&#8220;1&#8243; admin_label=&#8220;3 Spalten-Bereich&#8220; _builder_version=&#8220;4.21.0&#8243; _module_preset=&#8220;default&#8220; background_color=&#8220;gcid-cc089cd5-3da9-4d63-a7e1-04fbecdd3d67&#8243; global_colors_info=&#8220;{%22gcid-cc089cd5-3da9-4d63-a7e1-04fbecdd3d67%22:%91%22background_color%22%93}&#8220;][et_pb_row _builder_version=&#8220;4.21.0&#8243; _module_preset=&#8220;126ce2d4-8ee6-4926-a9d7-a28071ed68d8&#8243; global_colors_info=&#8220;{}&#8220;][et_pb_column type=&#8220;4_4&#8243; admin_label=&#8220;Spalte&#8220; _builder_version=&#8220;4.21.0&#8243; _module_preset=&#8220;default&#8220; global_colors_info=&#8220;{}&#8220;][dica_divi_carousel admin_label=&#8220;Divi Carousel&#8220; _builder_version=&#8220;4.21.0&#8243; _module_preset=&#8220;e0e13787-200d-4cbc-abd0-a9d25c3c5a23&#8243; global_colors_info=&#8220;{%22gcid-8d004b11-584e-4716-8158-78133c0b6f77%22:%91%22arrow_nav_color%22%93}&#8220;][dica_divi_carouselitem button_url_new_window=&#8220;1&#8243; image=&#8220;https:\/\/hauxlifesupport.de\/wp-content\/uploads\/2023\/07\/HAUX-DIVESTAR_DIVING_SIMULATOR_HAUX-STARCOM_2300_Chamber_hall_500x375.jpg&#8220; _builder_version=&#8220;4.21.0&#8243; _module_preset=&#8220;default&#8220; global_colors_info=&#8220;{}&#8220;][\/dica_divi_carouselitem][dica_divi_carouselitem button_url_new_window=&#8220;1&#8243; image=&#8220;https:\/\/hauxlifesupport.de\/wp-content\/uploads\/2023\/07\/HAUX-DIVESTAR_2500_DIVING_SIMULATOR_control_station-1.jpg&#8220; _builder_version=&#8220;4.21.0&#8243; _module_preset=&#8220;default&#8220; global_colors_info=&#8220;{}&#8220;][\/dica_divi_carouselitem][dica_divi_carouselitem button_url_new_window=&#8220;1&#8243; image=&#8220;https:\/\/hauxlifesupport.de\/wp-content\/uploads\/2023\/07\/csm_HAUX-DIVESTAR_diving_simulator_three_system_control-station_a55b7697d9.jpg&#8220; _builder_version=&#8220;4.21.0&#8243; _module_preset=&#8220;default&#8220; global_colors_info=&#8220;{}&#8220;][\/dica_divi_carouselitem][dica_divi_carouselitem button_url_new_window=&#8220;1&#8243; image=&#8220;https:\/\/hauxlifesupport.de\/wp-content\/uploads\/2023\/07\/csm_HAUX-DIVESTAR_HYDRA_diving_simulator_porthole_view_500x375_2535a5f857.jpg&#8220; _builder_version=&#8220;4.21.0&#8243; _module_preset=&#8220;default&#8220; global_colors_info=&#8220;{}&#8220;][\/dica_divi_carouselitem][dica_divi_carouselitem button_url_new_window=&#8220;1&#8243; image=&#8220;https:\/\/hauxlifesupport.de\/wp-content\/uploads\/2023\/07\/csm_HAUX-DIVESTAR_HYDRA_diving_simulator_diver_underwater_inside_view_500x375_31fdfab73c.jpg&#8220; _builder_version=&#8220;4.21.0&#8243; _module_preset=&#8220;default&#8220; global_colors_info=&#8220;{}&#8220;][\/dica_divi_carouselitem][dica_divi_carouselitem button_url_new_window=&#8220;1&#8243; image=&#8220;https:\/\/hauxlifesupport.de\/wp-content\/uploads\/2023\/07\/csm_HAUX-HYDRA_160_diving_simulator_3D_cutaway_view_500x375_340b5ba02d.jpg&#8220; _builder_version=&#8220;4.21.0&#8243; _module_preset=&#8220;default&#8220; global_colors_info=&#8220;{}&#8220;][\/dica_divi_carouselitem][\/dica_divi_carousel][\/et_pb_column][\/et_pb_row][\/et_pb_section]<\/p>\n","protected":false},"excerpt":{"rendered":"<p>HAUX-DIVESTAR F\u00fcr die Ausbildung von Tauchern, sowie f\u00fcr Ger\u00e4tetests, fertigt HAUX-LIFE-SUPPORT komplexe Tauchsimulatoren f\u00fcr die Simulation von Wassertiefen bis zu 600 m. Neben dem eigentlichen Druckkammer-System geh\u00f6ren umfangreiche Peripherieger\u00e4te zur Ausstattung wie z.B. Life-Support-Systeme, Gas- Vorrats, -Misch- und -Aufbereitungs-Systeme, Wasserhandling sowie Steuerungs- und Medizintechnik und eine Vielzahl weiterer Komponenten. HAUX hat unter anderem die Tauchsimulatoren [&hellip;]<\/p>\n","protected":false},"author":1,"featured_media":0,"parent":637,"menu_order":20,"comment_status":"closed","ping_status":"closed","template":"","meta":{"_et_pb_use_builder":"on","_et_pb_old_content":"<!-- wp:divi\/placeholder \/-->","_et_gb_content_width":"","_relevanssi_hide_post":"","_relevanssi_hide_content":"","_relevanssi_pin_for_all":"","_relevanssi_pin_keywords":"","_relevanssi_unpin_keywords":"","_relevanssi_related_keywords":"","_relevanssi_related_include_ids":"","_relevanssi_related_exclude_ids":"","_relevanssi_related_no_append":"","_relevanssi_related_not_related":"","_relevanssi_related_posts":"","_relevanssi_noindex_reason":"","footnotes":""},"class_list":["post-641","page","type-page","status-publish","hentry"],"_links":{"self":[{"href":"https:\/\/hauxlifesupport.de\/de\/wp-json\/wp\/v2\/pages\/641","targetHints":{"allow":["GET"]}}],"collection":[{"href":"https:\/\/hauxlifesupport.de\/de\/wp-json\/wp\/v2\/pages"}],"about":[{"href":"https:\/\/hauxlifesupport.de\/de\/wp-json\/wp\/v2\/types\/page"}],"author":[{"embeddable":true,"href":"https:\/\/hauxlifesupport.de\/de\/wp-json\/wp\/v2\/users\/1"}],"replies":[{"embeddable":true,"href":"https:\/\/hauxlifesupport.de\/de\/wp-json\/wp\/v2\/comments?post=641"}],"version-history":[{"count":17,"href":"https:\/\/hauxlifesupport.de\/de\/wp-json\/wp\/v2\/pages\/641\/revisions"}],"predecessor-version":[{"id":241951,"href":"https:\/\/hauxlifesupport.de\/de\/wp-json\/wp\/v2\/pages\/641\/revisions\/241951"}],"up":[{"embeddable":true,"href":"https:\/\/hauxlifesupport.de\/de\/wp-json\/wp\/v2\/pages\/637"}],"wp:attachment":[{"href":"https:\/\/hauxlifesupport.de\/de\/wp-json\/wp\/v2\/media?parent=641"}],"curies":[{"name":"wp","href":"https:\/\/api.w.org\/{rel}","templated":true}]}}