{"id":639,"date":"2023-06-26T11:01:42","date_gmt":"2023-06-26T09:01:42","guid":{"rendered":"https:\/\/hauxlifesupport.de\/?page_id=639"},"modified":"2023-10-11T13:15:31","modified_gmt":"2023-10-11T11:15:31","slug":"haux-taucherdruckkammern","status":"publish","type":"page","link":"https:\/\/hauxlifesupport.de\/de\/produkte\/tauchtechnik\/haux-taucherdruckkammern\/","title":{"rendered":"HAUX-TAUCHERDRUCKKAMMERN"},"content":{"rendered":"<p>[et_pb_section fb_built=&#8220;1&#8243; admin_label=&#8220;Slider&#8220; _builder_version=&#8220;4.21.0&#8243; _module_preset=&#8220;default&#8220; width=&#8220;100%&#8220; max_width=&#8220;100%&#8220; custom_padding=&#8220;0px||0px||false|false&#8220; custom_padding_tablet=&#8220;0px||0px||false|false&#8220; custom_padding_phone=&#8220;0px||0px||false|false&#8220; global_colors_info=&#8220;{}&#8220;][et_pb_row _builder_version=&#8220;4.21.0&#8243; _module_preset=&#8220;default&#8220; background_enable_color=&#8220;off&#8220; width=&#8220;100%&#8220; width_tablet=&#8220;100%&#8220; width_phone=&#8220;100%&#8220; width_last_edited=&#8220;on|desktop&#8220; max_width=&#8220;100%&#8220; module_alignment=&#8220;left&#8220; custom_margin=&#8220;0px||0px||false|false&#8220; custom_margin_tablet=&#8220;|0px||0px|false|false&#8220; custom_padding=&#8220;0px||0px||false|false&#8220; custom_padding_tablet=&#8220;|0px||0px|false|true&#8220; global_colors_info=&#8220;{}&#8220;][et_pb_column type=&#8220;4_4&#8243; _builder_version=&#8220;4.21.0&#8243; _module_preset=&#8220;default&#8220; background_enable_color=&#8220;off&#8220; global_colors_info=&#8220;{}&#8220;][et_pb_slider _builder_version=&#8220;4.21.0&#8243; _module_preset=&#8220;default&#8220; custom_padding_tablet=&#8220;180px|0px|180px|0px|false|false&#8220; hover_enabled=&#8220;0&#8243; header_font_size_tablet=&#8220;&#8220; header_font_size_phone=&#8220;39px&#8220; header_font_size_last_edited=&#8220;on|tablet&#8220; body_font_size_phone=&#8220;39px&#8220; global_colors_info=&#8220;{}&#8220; sticky_enabled=&#8220;0&#8243;][et_pb_slide _builder_version=&#8220;4.21.0&#8243; _module_preset=&#8220;default&#8220; background_image=&#8220;https:\/\/hauxlifesupport.de\/wp-content\/uploads\/2023\/10\/Produkte_Tauchtechnik_Unterpunkte.jpg&#8220; custom_padding=&#8220;|0px||0px|false|false&#8220; hover_enabled=&#8220;0&#8243; global_colors_info=&#8220;{}&#8220; sticky_transition=&#8220;on&#8220; title_text=&#8220;Produkte_Tauchtechnik_Unterpunkte&#8220; sticky_enabled=&#8220;0&#8243;][\/et_pb_slide][\/et_pb_slider][\/et_pb_column][\/et_pb_row][\/et_pb_section][et_pb_section fb_built=&#8220;1&#8243; admin_label=&#8220;Willkommen&#8220; _builder_version=&#8220;4.21.0&#8243; _module_preset=&#8220;default&#8220; global_colors_info=&#8220;{}&#8220;][et_pb_row _builder_version=&#8220;4.21.0&#8243; _module_preset=&#8220;_initial&#8220; custom_margin_tablet=&#8220;||0px||false|false&#8220; custom_margin_phone=&#8220;||0px||false|false&#8220; custom_margin_last_edited=&#8220;on|phone&#8220; custom_padding_tablet=&#8220;||0px||false|false&#8220; custom_padding_phone=&#8220;||0px||false|false&#8220; global_colors_info=&#8220;{}&#8220;][et_pb_column type=&#8220;4_4&#8243; _builder_version=&#8220;4.21.0&#8243; _module_preset=&#8220;default&#8220; global_colors_info=&#8220;{}&#8220;][et_pb_text _builder_version=&#8220;4.21.0&#8243; _module_preset=&#8220;default&#8220; global_colors_info=&#8220;{}&#8220;]<\/p>\n<h2><strong>HAUX-Taucherdruckkammern<\/strong><\/h2>\n<h2><span style=\"text-decoration: underline;\">Innovation, Erfahrung, Qualit\u00e4t<\/span><\/h2>\n<p>[\/et_pb_text][\/et_pb_column][\/et_pb_row][et_pb_row _builder_version=&#8220;4.21.0&#8243; _module_preset=&#8220;_initial&#8220; global_colors_info=&#8220;{}&#8220;][et_pb_column type=&#8220;4_4&#8243; _builder_version=&#8220;4.21.0&#8243; _module_preset=&#8220;default&#8220; global_colors_info=&#8220;{}&#8220;][et_pb_text _builder_version=&#8220;4.21.0&#8243; _module_preset=&#8220;default&#8220; border_style_bottom=&#8220;none&#8220; global_colors_info=&#8220;{}&#8220;]<\/p>\n<p>Tauchereinheiten &#8211; sei es bei gewerblichen Berufstauchern, Forschungseinrichtungen, Polizei, Feuerwehr, Rettungskr\u00e4ften, Milit\u00e4r, Tauchschulen oder Tauchbasen finden Ihr optimales Kammersystem im umfangreichen Programm von HAUX, so zum Beispiel die:<\/p>\n<ul>\n<li>Transportablen Ein- und Zweipersonen-Druckkammern HAUX-TRANSSTAR, HAUX-MEDICOM und HAUX-MEDISTAR<\/li>\n<li>Mobile Einheiten HAUX-MEDISTAR &amp; HAUX-MEDILOCK<\/li>\n<li>Station\u00e4re Einheiten HAUX-STARCOM \/ HAUX-ECOSTAR \/ HAUX-SPACESTAR<\/li>\n<\/ul>\n<p>Taucherdruckkammern k\u00f6nnen prinzipiell mobil oder station\u00e4r in einem Geb\u00e4ude, aber auch fest eingebaut in einem Container, Schiff, LKW oder Anh\u00e4nger genutzt werden.<\/p>\n<p>[\/et_pb_text][\/et_pb_column][\/et_pb_row][et_pb_row _builder_version=&#8220;4.21.0&#8243; _module_preset=&#8220;_initial&#8220; global_colors_info=&#8220;{}&#8220;][et_pb_column type=&#8220;4_4&#8243; _builder_version=&#8220;4.21.0&#8243; _module_preset=&#8220;default&#8220; global_colors_info=&#8220;{}&#8220;][et_pb_accordion _builder_version=&#8220;4.21.0&#8243; _module_preset=&#8220;default&#8220; global_colors_info=&#8220;{}&#8220;][et_pb_accordion_item title=&#8220;HAUX-STARCOM&#8220; open=&#8220;on&#8220; _builder_version=&#8220;4.21.0&#8243; _module_preset=&#8220;default&#8220; global_colors_info=&#8220;{}&#8220;]<\/p>\n<p><img loading=\"lazy\" decoding=\"async\" src=\"https:\/\/hauxlifesupport.de\/wp-content\/uploads\/2023\/07\/HAUX-STARCOM_containerized_diving_recompression_chamber_500x375-300x226.jpg\" alt=\"\" class=\"wp-image-1438 alignnone size-medium\" width=\"300\" height=\"226\" title=\"\"><img loading=\"lazy\" decoding=\"async\" src=\"https:\/\/hauxlifesupport.de\/wp-content\/uploads\/2023\/07\/HAUX-STARCOM_1300_recompression_diving_chamber-300x249.jpg\" alt=\"\" class=\"wp-image-1434 alignnone size-medium\" width=\"300\" height=\"249\" title=\"\"><img loading=\"lazy\" decoding=\"async\" src=\"https:\/\/hauxlifesupport.de\/wp-content\/uploads\/2023\/07\/HAUX_STARCOM-1800_diving_recompression_chamber_control_station_fire-fighting-300x179.jpg\" alt=\"\" class=\"wp-image-1430 alignnone size-medium\" width=\"300\" height=\"179\" title=\"\"><\/p>\n<p>Die <strong>HAUX-STARCOM<\/strong> bietet aufgrund der eingesetzen Planwand-Technik ein maximales Raumangebot f\u00fcr die Kammer-Insassen bei minimalen \u00e4u\u00dferen Abmessungen. Damit ist diese Kammer besonders f\u00fcr die Containerisierung oder den Einbau in Schiffen, LKW&#8217;s oder Anh\u00e4ngern bei beengten Raumverh\u00e4ltnissen geeignet. Optimaler Blickkontakt zwischen Hauptkammer-Insassen und Bediener durch das stirnseitig angeordnete Kontrollschaltpult mit zugeordnetem Sichtfenster.<\/p>\n<p>Besondere Kennzeichnen der <strong>HAUX-STARCOM<\/strong>-Serie sind:<\/p>\n<ul>\n<li>Betriebs\u00fcberdruck von 5 bar bis 50 bar<\/li>\n<li>verf\u00fcgbare Kammerdurchmesser beginnend 900 mm bis 2500 mm<\/li>\n<li>raumsparende Flachwandbauweise (bei h\u00f6heren Dr\u00fccken bzw. Gewichtseinschr\u00e4nkungen auch mit gew\u00f6lbten B\u00f6den)<\/li>\n<li>Werkstoffe: Ferritischer Stahl, nichtrostender Stahl oder hochfeste, seewasserbest\u00e4ndige Aluminiumlegierung<\/li>\n<li>wahlweise stirnseitig oder l\u00e4ngsseits angeordneter Fahrstand, ergonomisch, einfach und sicher zu bedienen<\/li>\n<\/ul>\n<p>Optional ist ein reichhaltiges Zubeh\u00f6rprogramm erh\u00e4ltlich wie z.B.:<\/p>\n<ul>\n<li>HAUX-SPRAY-FOG-Brandbek\u00e4mpfungssystem<\/li>\n<li>Rechnersteuerungen HAUX-DECOMAT 4.0, HAUX-DECOSUPPORT<\/li>\n<li>Klimaanlage HAUX-HEATMASTER\/HAUX-COOLMASTER<\/li>\n<li>Zusatz-Druckgaslager besonders platzsparend unter\/auf der STARCOM angeordnet<\/li>\n<li>Anschlu\u00dfflansche f\u00fcr das druckdichte Andocken von Tauchertransportkammern z.B. DIN\/NATO-STANAG-Bajonett-Flansch<\/li>\n<\/ul>\n<p>Nach Verf\u00fcgbarkeit k\u00f6nnen wir containerisierte <strong>HAUX-STARCOM 2000\/5,5<\/strong> Taucherbehandlungs-Druckkammern auch zur Miete anbieten.<\/p>\n<p>[\/et_pb_accordion_item][et_pb_accordion_item title=&#8220;HAUX-SPACE-STAR&#8220; _builder_version=&#8220;4.21.0&#8243; _module_preset=&#8220;default&#8220; global_colors_info=&#8220;{}&#8220; open=&#8220;off&#8220;]<\/p>\n<p><img loading=\"lazy\" decoding=\"async\" src=\"https:\/\/hauxlifesupport.de\/wp-content\/uploads\/2023\/07\/HAUX-SPACE-STAR_containerized_mine-hunter_diving_chamber_closeup.jpg\" alt=\"\" class=\"wp-image-1445 alignnone size-full\" width=\"500\" height=\"375\" title=\"\" srcset=\"https:\/\/hauxlifesupport.de\/wp-content\/uploads\/2023\/07\/HAUX-SPACE-STAR_containerized_mine-hunter_diving_chamber_closeup.jpg 500w, https:\/\/hauxlifesupport.de\/wp-content\/uploads\/2023\/07\/HAUX-SPACE-STAR_containerized_mine-hunter_diving_chamber_closeup-480x360.jpg 480w\" sizes=\"auto, (min-width: 0px) and (max-width: 480px) 480px, (min-width: 481px) 500px, 100vw\" \/> <img loading=\"lazy\" decoding=\"async\" src=\"https:\/\/hauxlifesupport.de\/wp-content\/uploads\/2023\/07\/HAUX-SPACE-STAR_containerized_mine-hunter_diving_chamber_container_row.jpg\" alt=\"\" class=\"wp-image-1449 alignnone size-full\" width=\"500\" height=\"375\" title=\"\" srcset=\"https:\/\/hauxlifesupport.de\/wp-content\/uploads\/2023\/07\/HAUX-SPACE-STAR_containerized_mine-hunter_diving_chamber_container_row.jpg 500w, https:\/\/hauxlifesupport.de\/wp-content\/uploads\/2023\/07\/HAUX-SPACE-STAR_containerized_mine-hunter_diving_chamber_container_row-480x360.jpg 480w\" sizes=\"auto, (min-width: 0px) and (max-width: 480px) 480px, (min-width: 481px) 500px, 100vw\" \/><\/p>\n<p>Eine Sonderausf\u00fchrung f\u00fcr den Einsatz auf Minenjagdbooten ist die <strong>HAUX-SPACE-STAR 1300\/5,5<\/strong> <strong>DOME<\/strong> mit extrem niedriger magnetischer Signatur gefertigt aus hochfester, seewasserbest\u00e4ndiger Aluminium-Legierung oder Nichtrostendem Stahl, schock- und vibrationsfest, einzigartig kompaktes Design bei h\u00f6chstm\u00f6glicher Redundanz.<\/p>\n<p>Die <strong>HAUX-SPACE-STAR<\/strong> gibt es auch in containerisierter Version mit zugeordnetem Kompressor und Druckgas-Versorgungssystem f\u00fcr den &#8222;Out of Area&#8220;-Einsatz bei mobilen Tauchereinheiten.<\/p>\n<p>[\/et_pb_accordion_item][et_pb_accordion_item title=&#8220;HAUX-ECOSTAR&#8220; _builder_version=&#8220;4.21.0&#8243; _module_preset=&#8220;default&#8220; global_colors_info=&#8220;{}&#8220; open=&#8220;off&#8220;]<\/p>\n<p><img loading=\"lazy\" decoding=\"async\" src=\"https:\/\/hauxlifesupport.de\/wp-content\/uploads\/2023\/07\/HAUX-ECOSTAR_2000_space_saving_recompression_chamber.jpg\" alt=\"\" class=\"wp-image-1454 alignnone size-full\" width=\"500\" height=\"375\" title=\"\" srcset=\"https:\/\/hauxlifesupport.de\/wp-content\/uploads\/2023\/07\/HAUX-ECOSTAR_2000_space_saving_recompression_chamber.jpg 500w, https:\/\/hauxlifesupport.de\/wp-content\/uploads\/2023\/07\/HAUX-ECOSTAR_2000_space_saving_recompression_chamber-480x360.jpg 480w\" sizes=\"auto, (min-width: 0px) and (max-width: 480px) 480px, (min-width: 481px) 500px, 100vw\" \/> <img loading=\"lazy\" decoding=\"async\" src=\"https:\/\/hauxlifesupport.de\/wp-content\/uploads\/2023\/07\/HAUX-ECOSTAR_2000_space_saving_recompression_chamber_containerized.jpg\" alt=\"\" class=\"wp-image-1459 alignnone size-full\" width=\"500\" height=\"375\" title=\"\" srcset=\"https:\/\/hauxlifesupport.de\/wp-content\/uploads\/2023\/07\/HAUX-ECOSTAR_2000_space_saving_recompression_chamber_containerized.jpg 500w, https:\/\/hauxlifesupport.de\/wp-content\/uploads\/2023\/07\/HAUX-ECOSTAR_2000_space_saving_recompression_chamber_containerized-480x360.jpg 480w\" sizes=\"auto, (min-width: 0px) and (max-width: 480px) 480px, (min-width: 481px) 500px, 100vw\" \/><\/p>\n<p>Die <strong>HAUX-ECOSTAR<\/strong> mit einem \u00e4u\u00dferen Durchmesser von 2000 mm ist eine Sonderbauform aus der HAUX-STARCOM-Familie mit der Besonderheit einer extrem raumsparenden Ausf\u00fchrung, in dem die Vorkammer mit einem Durchmesser von 1500 mm in der Hauptkammer integriert ist. Damit ist es m\u00f6glich bei einer Breite von knapp \u00fcber 2000 mm auf einer L\u00e4nge von circa 2200 mm ein vollwertiges Tauchbehandlungsdruckkammer-System mit Vor- und Hauptkammer nebst Kompressor und Druckgasversorgungsanlage in einem Container anzuordnen.<\/p>\n<p>[\/et_pb_accordion_item][et_pb_accordion_item title=&#8220;HAUX-MODULSTAR&#8220; _builder_version=&#8220;4.21.0&#8243; _module_preset=&#8220;default&#8220; global_colors_info=&#8220;{}&#8220; open=&#8220;off&#8220;]<\/p>\n<p><img loading=\"lazy\" decoding=\"async\" src=\"https:\/\/hauxlifesupport.de\/wp-content\/uploads\/2023\/07\/HAUX-MODULSTAR_modular_diving_chamber_control-station_red.jpg\" alt=\"\" class=\"wp-image-1471 alignnone size-full\" width=\"500\" height=\"375\" title=\"\" srcset=\"https:\/\/hauxlifesupport.de\/wp-content\/uploads\/2023\/07\/HAUX-MODULSTAR_modular_diving_chamber_control-station_red.jpg 500w, https:\/\/hauxlifesupport.de\/wp-content\/uploads\/2023\/07\/HAUX-MODULSTAR_modular_diving_chamber_control-station_red-480x360.jpg 480w\" sizes=\"auto, (min-width: 0px) and (max-width: 480px) 480px, (min-width: 481px) 500px, 100vw\" \/> <img loading=\"lazy\" decoding=\"async\" src=\"https:\/\/hauxlifesupport.de\/wp-content\/uploads\/2023\/07\/HAUX-MODULSTAR_modular_diving_chamber_control-station_montage.jpg\" alt=\"\" class=\"wp-image-1467 alignnone size-full\" width=\"500\" height=\"375\" title=\"\" srcset=\"https:\/\/hauxlifesupport.de\/wp-content\/uploads\/2023\/07\/HAUX-MODULSTAR_modular_diving_chamber_control-station_montage.jpg 500w, https:\/\/hauxlifesupport.de\/wp-content\/uploads\/2023\/07\/HAUX-MODULSTAR_modular_diving_chamber_control-station_montage-480x360.jpg 480w\" sizes=\"auto, (min-width: 0px) and (max-width: 480px) 480px, (min-width: 481px) 500px, 100vw\" \/> <img loading=\"lazy\" decoding=\"async\" src=\"https:\/\/hauxlifesupport.de\/wp-content\/uploads\/2023\/07\/HAUX-MODULSTAR_modular_diving_chamber_containerized_air-tanks.jpg\" alt=\"\" class=\"wp-image-1463 alignnone size-full\" width=\"500\" height=\"375\" title=\"\" srcset=\"https:\/\/hauxlifesupport.de\/wp-content\/uploads\/2023\/07\/HAUX-MODULSTAR_modular_diving_chamber_containerized_air-tanks.jpg 500w, https:\/\/hauxlifesupport.de\/wp-content\/uploads\/2023\/07\/HAUX-MODULSTAR_modular_diving_chamber_containerized_air-tanks-480x360.jpg 480w\" sizes=\"auto, (min-width: 0px) and (max-width: 480px) 480px, (min-width: 481px) 500px, 100vw\" \/><\/p>\n<p>Die <strong>HAUX-MODULSTAR<\/strong> ist eine Sonderbauform der HAUX-STARCOM-Serie. Mit ihrer Modularen Bauweise kann dieses Druckkammer-System jeweils den ver\u00e4nderten Einsatzbedingungen und Aufgabenstellungen angepasst werden. Zum Beispiel als Zwei-Raum- oder Drei-Raumkammer, mit integriertem Schleusendom oder mit der Anschlussm\u00f6glichkeit einer Tauchkammer als modulares Tief-Tauchsystem.<\/p>\n<p>Durch die M\u00f6glichkeit das Kammersystem in Einzelteile zu zerlegen, kann die <strong>HAUX-MODULSTAR<\/strong> auch bei beengten Verh\u00e4ltnissen wie beispielsweise auf Schiffen problemlos eingebaut werden.<\/p>\n<p>[\/et_pb_accordion_item][et_pb_accordion_item title=&#8220;HAUX-MEDISTAR\/MEDILOCK&#8220; _builder_version=&#8220;4.21.0&#8243; _module_preset=&#8220;default&#8220; global_colors_info=&#8220;{}&#8220; open=&#8220;off&#8220;]<\/p>\n<p><img loading=\"lazy\" decoding=\"async\" src=\"https:\/\/hauxlifesupport.de\/wp-content\/uploads\/2023\/07\/HAUX-MEDISTAR-MEDILOCK_two-person_transport_recompression_chambers_docked.jpg\" alt=\"\" class=\"wp-image-1479 alignnone size-full\" width=\"500\" height=\"404\" title=\"\" srcset=\"https:\/\/hauxlifesupport.de\/wp-content\/uploads\/2023\/07\/HAUX-MEDISTAR-MEDILOCK_two-person_transport_recompression_chambers_docked.jpg 500w, https:\/\/hauxlifesupport.de\/wp-content\/uploads\/2023\/07\/HAUX-MEDISTAR-MEDILOCK_two-person_transport_recompression_chambers_docked-480x388.jpg 480w\" sizes=\"auto, (min-width: 0px) and (max-width: 480px) 480px, (min-width: 481px) 500px, 100vw\" \/> <img loading=\"lazy\" decoding=\"async\" src=\"https:\/\/hauxlifesupport.de\/wp-content\/uploads\/2023\/07\/HAUX-MEDISTAR_transport_recompression_chamber_container_docked.jpg\" alt=\"\" class=\"wp-image-1475 alignnone size-full\" width=\"500\" height=\"375\" title=\"\" srcset=\"https:\/\/hauxlifesupport.de\/wp-content\/uploads\/2023\/07\/HAUX-MEDISTAR_transport_recompression_chamber_container_docked.jpg 500w, https:\/\/hauxlifesupport.de\/wp-content\/uploads\/2023\/07\/HAUX-MEDISTAR_transport_recompression_chamber_container_docked-480x360.jpg 480w\" sizes=\"auto, (min-width: 0px) and (max-width: 480px) 480px, (min-width: 481px) 500px, 100vw\" \/><\/p>\n<p>Durch die Erg\u00e4nzung der transportablen Zwei-Personen-Taucherdruckkammer <strong>HAUX-MEDISTAR<\/strong> mit dem Schleusenmodul <strong>HAUX-MEDILOCK<\/strong> wird die Einheit zu einem vollwertigen mobilen Taucher-Behandlungsdruckkammer-System, bestehend aus Haupt- und Vorkammer.<\/p>\n<p>Somit wird das Ein- und Ausschleusen eines Arztes oder Betreuers m\u00f6glich, ohne dass der Behandlungsdruck f\u00fcr den Verunfallten ge\u00e4ndert werden muss.<\/p>\n<p>[\/et_pb_accordion_item][et_pb_accordion_item title=&#8220;HAUX-MEDICOM&#8220; _builder_version=&#8220;4.21.0&#8243; _module_preset=&#8220;default&#8220; global_colors_info=&#8220;{}&#8220; open=&#8220;off&#8220;]<\/p>\n<p><img loading=\"lazy\" decoding=\"async\" src=\"https:\/\/hauxlifesupport.de\/wp-content\/uploads\/2023\/07\/HAUX-MEDICOM_3D_500x500.jpg\" alt=\"\" class=\"wp-image-1487 alignnone size-full\" width=\"500\" height=\"465\" title=\"\" srcset=\"https:\/\/hauxlifesupport.de\/wp-content\/uploads\/2023\/07\/HAUX-MEDICOM_3D_500x500.jpg 500w, https:\/\/hauxlifesupport.de\/wp-content\/uploads\/2023\/07\/HAUX-MEDICOM_3D_500x500-480x446.jpg 480w\" sizes=\"auto, (min-width: 0px) and (max-width: 480px) 480px, (min-width: 481px) 500px, 100vw\" \/> <img loading=\"lazy\" decoding=\"async\" src=\"https:\/\/hauxlifesupport.de\/wp-content\/uploads\/2023\/07\/Medicom-Heli-mit-Kammer_I.jpg\" alt=\"\" class=\"wp-image-1491 alignnone size-full\" width=\"580\" height=\"375\" title=\"\" srcset=\"https:\/\/hauxlifesupport.de\/wp-content\/uploads\/2023\/07\/Medicom-Heli-mit-Kammer_I.jpg 580w, https:\/\/hauxlifesupport.de\/wp-content\/uploads\/2023\/07\/Medicom-Heli-mit-Kammer_I-480x310.jpg 480w\" sizes=\"auto, (min-width: 0px) and (max-width: 480px) 480px, (min-width: 481px) 580px, 100vw\" \/> <img loading=\"lazy\" decoding=\"async\" src=\"https:\/\/hauxlifesupport.de\/wp-content\/uploads\/2023\/07\/DSCN8804_medicom_korea2952_www_500x400.jpg\" alt=\"\" class=\"wp-image-1483 alignnone size-full\" width=\"500\" height=\"446\" title=\"\" srcset=\"https:\/\/hauxlifesupport.de\/wp-content\/uploads\/2023\/07\/DSCN8804_medicom_korea2952_www_500x400.jpg 500w, https:\/\/hauxlifesupport.de\/wp-content\/uploads\/2023\/07\/DSCN8804_medicom_korea2952_www_500x400-480x428.jpg 480w\" sizes=\"auto, (min-width: 0px) and (max-width: 480px) 480px, (min-width: 481px) 500px, 100vw\" \/><\/p>\n<p>Die <strong>HAUX-MEDICOM<\/strong> ist eine transportable Zweipersonen-Druckkammer mit integrierter Gasversorgung zum assistierten Transport eines verunfallten Tauchers und eines Begleiters zur n\u00e4chstgelegenen Taucherbehandlungs-Druckkammer.<\/p>\n<p>Ausger\u00fcstet mit DIN\/NATO-Bajonett-Flansch, Standard-Betriebsdruck 5,5 oder 8 bar. Kompaktes Bedienpult mit Pr\u00e4zisions-Manometer, Wechselsprechanlage, HAUX-MINISTARVALVE f\u00fcr Druck-Steuerung, Frischluftsp\u00fclsystem HAUX-VENTMASTER. Versorgungssschleuse, zwei Sichtfenster, Sauerstoff-Atemsystem.<\/p>\n<p>Optional lieferbar: LIFE-SUPPORT-Systeme f\u00fcr den Betrieb im halbgeschlossenen oder geschlossenen Kreislauf, Akkusatz, Beleuchtung, Transfer-Trolley, Zusatz-Druckgas-Vorr\u00e4te, Computer-Steuerung und vieles mehr.<\/p>\n<p>[\/et_pb_accordion_item][et_pb_accordion_item title=&#8220;HAUX-TRANSSTAR&#8220; _builder_version=&#8220;4.21.0&#8243; _module_preset=&#8220;default&#8220; global_colors_info=&#8220;{}&#8220; open=&#8220;off&#8220;]<\/p>\n<p><img loading=\"lazy\" decoding=\"async\" src=\"https:\/\/hauxlifesupport.de\/wp-content\/uploads\/2023\/07\/HAUX-TRANSSTAR_monoplace_transport_diving_chamber_open.jpg\" alt=\"\" class=\"wp-image-1499 alignnone size-full\" width=\"500\" height=\"375\" title=\"\" srcset=\"https:\/\/hauxlifesupport.de\/wp-content\/uploads\/2023\/07\/HAUX-TRANSSTAR_monoplace_transport_diving_chamber_open.jpg 500w, https:\/\/hauxlifesupport.de\/wp-content\/uploads\/2023\/07\/HAUX-TRANSSTAR_monoplace_transport_diving_chamber_open-480x360.jpg 480w\" sizes=\"auto, (min-width: 0px) and (max-width: 480px) 480px, (min-width: 481px) 500px, 100vw\" \/> <img loading=\"lazy\" decoding=\"async\" src=\"https:\/\/hauxlifesupport.de\/wp-content\/uploads\/2023\/07\/HAUX-TRANSSTAR_monoplace_transport_diving_chamber_closed.jpg\" alt=\"\" class=\"wp-image-1495 alignnone size-full\" width=\"500\" height=\"375\" title=\"\" srcset=\"https:\/\/hauxlifesupport.de\/wp-content\/uploads\/2023\/07\/HAUX-TRANSSTAR_monoplace_transport_diving_chamber_closed.jpg 500w, https:\/\/hauxlifesupport.de\/wp-content\/uploads\/2023\/07\/HAUX-TRANSSTAR_monoplace_transport_diving_chamber_closed-480x360.jpg 480w\" sizes=\"auto, (min-width: 0px) and (max-width: 480px) 480px, (min-width: 481px) 500px, 100vw\" \/><\/p>\n<p>Die <strong>HAUX-TRANSSTAR<\/strong> ist eine transportable Einpersonen-Druckkammer ausger\u00fcstet mit DIN\/NATO-Bajonett-Flansch, Standard-Betriebsdruck 5,5 oder 8 bar. Kompaktes Bedienpult mit Pr\u00e4zisions-Manometer, Wechselsprechanlage und HAUX-MINISTARVALVE. Versorgungssschleuse, zwei Sichtfenster, integrierte Atemluft- und Sauerstoff-Druckgas-Flaschen.<\/p>\n<p>[\/et_pb_accordion_item][\/et_pb_accordion][\/et_pb_column][\/et_pb_row][\/et_pb_section]<\/p>\n","protected":false},"excerpt":{"rendered":"<p>HAUX-Taucherdruckkammern Innovation, Erfahrung, Qualit\u00e4tTauchereinheiten &#8211; sei es bei gewerblichen Berufstauchern, Forschungseinrichtungen, Polizei, Feuerwehr, Rettungskr\u00e4ften, Milit\u00e4r, Tauchschulen oder Tauchbasen finden Ihr optimales Kammersystem im umfangreichen Programm von HAUX, so zum Beispiel die: Transportablen Ein- und Zweipersonen-Druckkammern HAUX-TRANSSTAR, HAUX-MEDICOM und HAUX-MEDISTAR Mobile Einheiten HAUX-MEDISTAR &amp; HAUX-MEDILOCK Station\u00e4re Einheiten HAUX-STARCOM \/ HAUX-ECOSTAR \/ HAUX-SPACESTAR Taucherdruckkammern k\u00f6nnen prinzipiell mobil [&hellip;]<\/p>\n","protected":false},"author":1,"featured_media":0,"parent":637,"menu_order":10,"comment_status":"closed","ping_status":"closed","template":"","meta":{"_et_pb_use_builder":"on","_et_pb_old_content":"<!-- wp:divi\/placeholder \/-->","_et_gb_content_width":"","_relevanssi_hide_post":"","_relevanssi_hide_content":"","_relevanssi_pin_for_all":"","_relevanssi_pin_keywords":"","_relevanssi_unpin_keywords":"","_relevanssi_related_keywords":"","_relevanssi_related_include_ids":"","_relevanssi_related_exclude_ids":"","_relevanssi_related_no_append":"","_relevanssi_related_not_related":"","_relevanssi_related_posts":"","_relevanssi_noindex_reason":"","footnotes":""},"class_list":["post-639","page","type-page","status-publish","hentry"],"_links":{"self":[{"href":"https:\/\/hauxlifesupport.de\/de\/wp-json\/wp\/v2\/pages\/639","targetHints":{"allow":["GET"]}}],"collection":[{"href":"https:\/\/hauxlifesupport.de\/de\/wp-json\/wp\/v2\/pages"}],"about":[{"href":"https:\/\/hauxlifesupport.de\/de\/wp-json\/wp\/v2\/types\/page"}],"author":[{"embeddable":true,"href":"https:\/\/hauxlifesupport.de\/de\/wp-json\/wp\/v2\/users\/1"}],"replies":[{"embeddable":true,"href":"https:\/\/hauxlifesupport.de\/de\/wp-json\/wp\/v2\/comments?post=639"}],"version-history":[{"count":20,"href":"https:\/\/hauxlifesupport.de\/de\/wp-json\/wp\/v2\/pages\/639\/revisions"}],"predecessor-version":[{"id":241944,"href":"https:\/\/hauxlifesupport.de\/de\/wp-json\/wp\/v2\/pages\/639\/revisions\/241944"}],"up":[{"embeddable":true,"href":"https:\/\/hauxlifesupport.de\/de\/wp-json\/wp\/v2\/pages\/637"}],"wp:attachment":[{"href":"https:\/\/hauxlifesupport.de\/de\/wp-json\/wp\/v2\/media?parent=639"}],"curies":[{"name":"wp","href":"https:\/\/api.w.org\/{rel}","templated":true}]}}