{"id":637,"date":"2023-06-26T10:59:04","date_gmt":"2023-06-26T08:59:04","guid":{"rendered":"https:\/\/hauxlifesupport.de\/?page_id=637"},"modified":"2024-09-03T09:20:42","modified_gmt":"2024-09-03T07:20:42","slug":"tauchtechnik","status":"publish","type":"page","link":"https:\/\/hauxlifesupport.de\/de\/produkte\/tauchtechnik\/","title":{"rendered":"TAUCHTECHNIK"},"content":{"rendered":"<p>[et_pb_section fb_built=&#8220;1&#8243; admin_label=&#8220;Slider&#8220; _builder_version=&#8220;4.21.0&#8243; _module_preset=&#8220;f2843d24-ad56-442f-a9e1-e3041953524c&#8220; width=&#8220;100%&#8220; max_width=&#8220;100%&#8220; custom_padding=&#8220;0px||0px||false|false&#8220; custom_padding_tablet=&#8220;0px||0px||false|false&#8220; custom_padding_phone=&#8220;0px||0px||false|false&#8220; global_colors_info=&#8220;{}&#8220;][et_pb_row _builder_version=&#8220;4.21.0&#8243; _module_preset=&#8220;7cb6190c-4283-41e8-bb8b-ae469157ed96&#8243; width=&#8220;100%&#8220; width_tablet=&#8220;100%&#8220; width_phone=&#8220;100%&#8220; width_last_edited=&#8220;on|desktop&#8220; max_width=&#8220;100%&#8220; module_alignment=&#8220;left&#8220; custom_margin=&#8220;0px||0px||false|false&#8220; custom_margin_tablet=&#8220;|0px||0px|false|false&#8220; custom_padding=&#8220;0px||0px||false|false&#8220; custom_padding_tablet=&#8220;|0px||0px|false|true&#8220; global_colors_info=&#8220;{}&#8220;][et_pb_column type=&#8220;4_4&#8243; _builder_version=&#8220;4.21.0&#8243; _module_preset=&#8220;default&#8220; global_colors_info=&#8220;{}&#8220;][et_pb_slider _builder_version=&#8220;4.21.0&#8243; _module_preset=&#8220;b8ceb8f1-18e1-4a30-87c9-e9b64e615132&#8243; custom_padding_tablet=&#8220;180px|0px|180px|0px|false|false&#8220; header_font_size_tablet=&#8220;&#8220; header_font_size_phone=&#8220;39px&#8220; header_font_size_last_edited=&#8220;on|tablet&#8220; body_font_size_phone=&#8220;39px&#8220; global_colors_info=&#8220;{}&#8220;][et_pb_slide _builder_version=&#8220;4.21.0&#8243; _module_preset=&#8220;2dc5af35-e1f8-410a-afef-aba0a25e6ce5&#8243; background_image=&#8220;https:\/\/hauxlifesupport.de\/wp-content\/uploads\/2023\/10\/Produkte_Tauchen_H_D.jpg&#8220; custom_padding=&#8220;|0px||0px|false|false&#8220; global_colors_info=&#8220;{}&#8220; sticky_transition=&#8220;on&#8220;][\/et_pb_slide][\/et_pb_slider][\/et_pb_column][\/et_pb_row][\/et_pb_section][et_pb_section fb_built=&#8220;1&#8243; admin_label=&#8220;Willkommen&#8220; _builder_version=&#8220;4.21.0&#8243; _module_preset=&#8220;f2843d24-ad56-442f-a9e1-e3041953524c&#8220; global_colors_info=&#8220;{}&#8220;][et_pb_row _builder_version=&#8220;4.21.0&#8243; _module_preset=&#8220;7cb6190c-4283-41e8-bb8b-ae469157ed96&#8243; custom_margin_tablet=&#8220;||0px||false|false&#8220; custom_margin_phone=&#8220;||0px||false|false&#8220; custom_margin_last_edited=&#8220;on|phone&#8220; custom_padding_tablet=&#8220;||0px||false|false&#8220; custom_padding_phone=&#8220;||0px||false|false&#8220; global_colors_info=&#8220;{}&#8220;][et_pb_column type=&#8220;4_4&#8243; _builder_version=&#8220;4.21.0&#8243; _module_preset=&#8220;default&#8220; global_colors_info=&#8220;{}&#8220;][et_pb_text _builder_version=&#8220;4.21.0&#8243; _module_preset=&#8220;1d6c08ce-9034-4863-b572-8d1f8fe79549&#8243; global_colors_info=&#8220;{}&#8220;]<\/p>\n<h1><strong>HAUX-LIFE-SUPPORT \u2013\u00a0<\/strong><strong>Tauchtechnik<\/strong><\/h1>\n<h2 style=\"margin-bottom: 1em;\"><span style=\"text-decoration: underline;\">Modulare System-Technik, Kundenorientierung, Sicherheit, hervorragendes Preis-Leistungs-Verh\u00e4ltnis<\/span><\/h2>\n<p>[\/et_pb_text][\/et_pb_column][\/et_pb_row][et_pb_row _builder_version=&#8220;4.21.0&#8243; _module_preset=&#8220;3cb11947-cb60-4ac8-b6e8-a249bbc44256&#8243; global_colors_info=&#8220;{}&#8220;][et_pb_column type=&#8220;4_4&#8243; _builder_version=&#8220;4.21.0&#8243; _module_preset=&#8220;default&#8220; global_colors_info=&#8220;{}&#8220;][et_pb_text _builder_version=&#8220;4.21.0&#8243; _module_preset=&#8220;5a82baeb-455d-473e-b1fb-a29db5629153&#8243; border_style_bottom=&#8220;none&#8220; global_colors_info=&#8220;{}&#8220;]<\/p>\n<p>Seit mehreren Jahren w\u00e4chst &#8211; unter anderem aufgrund zunehmender Rohstoff-Verknappung &#8211; das globale Interesse an der Taucherei zunehmend und kontinuierlich.<\/p>\n<p>In den vergangenen Jahren wurden unz\u00e4hlige Taucherdruckkammer-Systeme bei HAUX von internationalen Kunden geordert.<\/p>\n<p>Ob kleinere transportable Einheiten vom Typ, <strong>HAUX-MEDISTAR<\/strong>, <strong>HAUX-MEDILOCK<\/strong>, containerisierte oder station\u00e4re <strong>HAUX-STARCOM<\/strong>-Systeme oder komplette Gro\u00dfanlagen wie <strong>HAUX-DEEPSTAR<\/strong>-Tieftauchanlagen oder Tauchsimulatoren <strong>HAUX-DIVESTAR<\/strong>, mit unserem modularen System konzipieren und fertigen wir optimale System-L\u00f6sungen.<\/p>\n<p>[\/et_pb_text][\/et_pb_column][\/et_pb_row][\/et_pb_section][et_pb_section fb_built=&#8220;1&#8243; custom_padding_last_edited=&#8220;on|tablet&#8220; admin_label=&#8220;News HAUX-LIFE-SUPPORT&#8220; _builder_version=&#8220;4.21.0&#8243; _module_preset=&#8220;f2843d24-ad56-442f-a9e1-e3041953524c&#8220; background_color=&#8220;RGBA(255,255,255,0)&#8220; background_image=&#8220;https:\/\/hauxlifesupport.de\/wp-content\/uploads\/2023\/06\/827aa74837e28e0ff72c3c9487b38e28.jpg&#8220; custom_padding=&#8220;||||false|false&#8220; custom_padding_tablet=&#8220;||||false|false&#8220; custom_padding_phone=&#8220;||||false|false&#8220; global_colors_info=&#8220;{}&#8220;][et_pb_row _builder_version=&#8220;4.21.0&#8243; _module_preset=&#8220;126ce2d4-8ee6-4926-a9d7-a28071ed68d8&#8243; global_colors_info=&#8220;{}&#8220;][et_pb_column type=&#8220;4_4&#8243; admin_label=&#8220;Spalte&#8220; _builder_version=&#8220;4.21.0&#8243; _module_preset=&#8220;default&#8220; global_colors_info=&#8220;{}&#8220;][dica_divi_carousel show_items_tablet=&#8220;2&#8243; arrow_nav_color=&#8220;gcid-8d004b11-584e-4716-8158-78133c0b6f77&#8243; arrow_position_tablet=&#8220;middle-inside&#8220; arrow_position_phone=&#8220;middle-inside&#8220; arrow_font_size_phone=&#8220;40px&#8220; admin_label=&#8220;Divi Carousel&#8220; _builder_version=&#8220;4.23.1&#8243; _module_preset=&#8220;e0e13787-200d-4cbc-abd0-a9d25c3c5a23&#8243; title_text_color=&#8220;gcid-8d004b11-584e-4716-8158-78133c0b6f77&#8243; hover_enabled=&#8220;0&#8243; global_colors_info=&#8220;{%22gcid-8d004b11-584e-4716-8158-78133c0b6f77%22:%91%22arrow_nav_color%22,%22title_text_color%22%93}&#8220; sticky_enabled=&#8220;0&#8243;][dica_divi_carouselitem title=&#8220;TAUCHER-DRUCK\u00adKAMMERN&#8220; button_text=&#8220;Mehr erfahren&#8220; button_url=&#8220;https:\/\/hauxlifesupport.de\/de\/produkte\/tauchtechnik\/haux-taucherdruckkammern\/&#8220; button_url_new_window=&#8220;1&#8243; image=&#8220;https:\/\/hauxlifesupport.de\/wp-content\/uploads\/2023\/07\/HAUX-MEDILOCK-MEDISTAR_recompression_diving_transport_chamber_lock_1_500x375.jpg&#8220; image_padding=&#8220;||||false|false&#8220; content_padding=&#8220;||||false|false&#8220; button_margin=&#8220;||||false|false&#8220; button_padding=&#8220;||||false|false&#8220; custom_margin=&#8220;||||false|false&#8220; custom_padding=&#8220;||||false|false&#8220; _builder_version=&#8220;4.23.1&#8243; _module_preset=&#8220;default&#8220; header_level=&#8220;h3&#8243; header_font=&#8220;|700|||||||&#8220; header_text_color=&#8220;gcid-8d004b11-584e-4716-8158-78133c0b6f77&#8243; global_colors_info=&#8220;{%22gcid-8d004b11-584e-4716-8158-78133c0b6f77%22:%91%22header_text_color%22%93}&#8220;]<\/p>\n<p>Tauchereinheiten &#8211; sei es bei gewerblichen Berufs\u00adtauchern, Forschungs\u00adeinrichtungen, Polizei, Feuerwehr, Rettungs\u00adkr\u00e4ften, Milit\u00e4r, Tauch\u00adschulen oder Tauchbasen finden&#8230;<\/p>\n<p>[\/dica_divi_carouselitem][dica_divi_carouselitem title=&#8220;TAUCH\u00adSIMULATOREN&#8220; button_text=&#8220;Mehr erfahren&#8220; button_url=&#8220;https:\/\/hauxlifesupport.de\/de\/produkte\/tauchtechnik\/haux-divestar-tauchsimulatoren\/&#8220; button_url_new_window=&#8220;1&#8243; image=&#8220;https:\/\/hauxlifesupport.de\/wp-content\/uploads\/2023\/07\/HAUX-DIVESTAR_DIVING_SIMULATOR_HAUX-STARCOM_2300_Chamber_hall_500x375.jpg&#8220; image_padding=&#8220;||||false|false&#8220; content_padding=&#8220;||||false|false&#8220; button_margin=&#8220;||||false|false&#8220; button_padding=&#8220;||||false|false&#8220; custom_margin=&#8220;||||false|false&#8220; custom_padding=&#8220;||||false|false&#8220; _builder_version=&#8220;4.23.1&#8243; _module_preset=&#8220;default&#8220; header_level=&#8220;h3&#8243; header_font=&#8220;|700|||||||&#8220; header_text_color=&#8220;gcid-8d004b11-584e-4716-8158-78133c0b6f77&#8243; global_colors_info=&#8220;{%22gcid-8d004b11-584e-4716-8158-78133c0b6f77%22:%91%22header_text_color%22%93}&#8220;]<\/p>\n<p>F\u00fcr die Ausbildung von Tauchern, sowie f\u00fcr Ger\u00e4te\u00adtests, fertigt HAUX-LIFE-SUPPORT kom\u00adplexe Tauch\u00adsimulatoren f\u00fcr die Simu\u00adlation von&#8230;<\/p>\n<p>[\/dica_divi_carouselitem][dica_divi_carouselitem title=&#8220;TIEFTAUCH\u00adSYSTEME&#8220; button_text=&#8220;Mehr erfahren&#8220; button_url=&#8220;https:\/\/hauxlifesupport.de\/de\/produkte\/tauchtechnik\/haux-deepstar-tieftauchanlagen\/&#8220; button_url_new_window=&#8220;1&#8243; image=&#8220;https:\/\/hauxlifesupport.de\/wp-content\/uploads\/2023\/07\/HAUX-LIFE-SUPPORT_HAUX-DEEPSTAR_closed_deep_diving_bell_side_500x500-e1688640941642.png&#8220; image_padding=&#8220;||||false|false&#8220; content_padding=&#8220;||||false|false&#8220; button_margin=&#8220;||||false|false&#8220; button_padding=&#8220;||||false|false&#8220; custom_margin=&#8220;||||false|false&#8220; custom_padding=&#8220;||||false|false&#8220; _builder_version=&#8220;4.23.1&#8243; _module_preset=&#8220;default&#8220; header_level=&#8220;h3&#8243; header_font=&#8220;|700|||||||&#8220; header_text_color=&#8220;gcid-8d004b11-584e-4716-8158-78133c0b6f77&#8243; global_colors_info=&#8220;{%22gcid-8d004b11-584e-4716-8158-78133c0b6f77%22:%91%22header_text_color%22%93}&#8220;]<\/p>\n<p>Das <strong>HAUX<\/strong>-Team kann auf Er\u00adfahrung aus dem Bau von \u00fcber 30 Tief\u00adtauch\u00adsys\u00adtemen zur\u00fcck\u00adgreifen. <strong>HAUX-LIFE-SUPPORT<\/strong> konstruiert, entwickelt und fertigt Tief\u00adtauch\u00adsysteme und Wet-Bells jeder Gr\u00f6\u00dfe&#8230;<\/p>\n<p>[\/dica_divi_carouselitem][dica_divi_carouselitem title=&#8220;HAUX-LSS&#8220; button_text=&#8220;Mehr erfahren&#8220; button_url=&#8220;https:\/\/hauxlifesupport.de\/de\/produkte\/tauchtechnik\/haux-lss\/&#8220; button_url_new_window=&#8220;1&#8243; image=&#8220;https:\/\/hauxlifesupport.de\/wp-content\/uploads\/2023\/07\/HAUX-DEEPSTAR_HAUX-LSS_deep_diving_life_support_system_CO2_scrubber_500x375.png&#8220; image_padding=&#8220;||||false|false&#8220; content_padding=&#8220;||||false|false&#8220; button_margin=&#8220;||||false|false&#8220; button_padding=&#8220;||||false|false&#8220; custom_margin=&#8220;||||false|false&#8220; custom_padding=&#8220;||||false|false&#8220; _builder_version=&#8220;4.23.1&#8243; _module_preset=&#8220;default&#8220; header_level=&#8220;h3&#8243; header_font=&#8220;|700|||||||&#8220; header_text_color=&#8220;gcid-8d004b11-584e-4716-8158-78133c0b6f77&#8243; global_colors_info=&#8220;{%22gcid-8d004b11-584e-4716-8158-78133c0b6f77%22:%91%22header_text_color%22%93}&#8220;]<\/p>\n<p>Das <strong>HAUX-LSS<\/strong> dient der Er\u00adhal\u00adtung der Atem\u00adbarkeit hyper\u00adbarer Kammer\u00adatmosph\u00e4re. Das System arbeitet \u00fcber Gas\u00adauf\u00adbereitung im geschlos\u00adsenen System. Die Kammer\u00adatmosph\u00e4re wird&#8230;.<\/p>\n<p>[\/dica_divi_carouselitem][\/dica_divi_carousel][\/et_pb_column][\/et_pb_row][\/et_pb_section]<\/p>\n","protected":false},"excerpt":{"rendered":"<p>HAUX-LIFE-SUPPORT \u2013\u00a0Tauchtechnik Modulare System-Technik, Kundenorientierung, Sicherheit, hervorragendes Preis-Leistungs-Verh\u00e4ltnisSeit mehreren Jahren w\u00e4chst &#8211; unter anderem aufgrund zunehmender Rohstoff-Verknappung &#8211; das globale Interesse an der Taucherei zunehmend und kontinuierlich. In den vergangenen Jahren wurden unz\u00e4hlige Taucherdruckkammer-Systeme bei HAUX von internationalen Kunden geordert. Ob kleinere transportable Einheiten vom Typ, HAUX-MEDISTAR, HAUX-MEDILOCK, containerisierte oder station\u00e4re HAUX-STARCOM-Systeme oder komplette Gro\u00dfanlagen [&hellip;]<\/p>\n","protected":false},"author":1,"featured_media":0,"parent":633,"menu_order":120,"comment_status":"closed","ping_status":"closed","template":"","meta":{"_et_pb_use_builder":"on","_et_pb_old_content":"<!-- wp:divi\/placeholder \/-->","_et_gb_content_width":"","_relevanssi_hide_post":"","_relevanssi_hide_content":"","_relevanssi_pin_for_all":"","_relevanssi_pin_keywords":"","_relevanssi_unpin_keywords":"","_relevanssi_related_keywords":"","_relevanssi_related_include_ids":"","_relevanssi_related_exclude_ids":"","_relevanssi_related_no_append":"","_relevanssi_related_not_related":"","_relevanssi_related_posts":"","_relevanssi_noindex_reason":"","footnotes":""},"class_list":["post-637","page","type-page","status-publish","hentry"],"_links":{"self":[{"href":"https:\/\/hauxlifesupport.de\/de\/wp-json\/wp\/v2\/pages\/637","targetHints":{"allow":["GET"]}}],"collection":[{"href":"https:\/\/hauxlifesupport.de\/de\/wp-json\/wp\/v2\/pages"}],"about":[{"href":"https:\/\/hauxlifesupport.de\/de\/wp-json\/wp\/v2\/types\/page"}],"author":[{"embeddable":true,"href":"https:\/\/hauxlifesupport.de\/de\/wp-json\/wp\/v2\/users\/1"}],"replies":[{"embeddable":true,"href":"https:\/\/hauxlifesupport.de\/de\/wp-json\/wp\/v2\/comments?post=637"}],"version-history":[{"count":32,"href":"https:\/\/hauxlifesupport.de\/de\/wp-json\/wp\/v2\/pages\/637\/revisions"}],"predecessor-version":[{"id":242557,"href":"https:\/\/hauxlifesupport.de\/de\/wp-json\/wp\/v2\/pages\/637\/revisions\/242557"}],"up":[{"embeddable":true,"href":"https:\/\/hauxlifesupport.de\/de\/wp-json\/wp\/v2\/pages\/633"}],"wp:attachment":[{"href":"https:\/\/hauxlifesupport.de\/de\/wp-json\/wp\/v2\/media?parent=637"}],"curies":[{"name":"wp","href":"https:\/\/api.w.org\/{rel}","templated":true}]}}