{"id":635,"date":"2023-06-26T10:56:58","date_gmt":"2023-06-26T08:56:58","guid":{"rendered":"https:\/\/hauxlifesupport.de\/?page_id=635"},"modified":"2023-10-10T13:40:19","modified_gmt":"2023-10-10T11:40:19","slug":"medizintechnik","status":"publish","type":"page","link":"https:\/\/hauxlifesupport.de\/de\/produkte\/medizintechnik\/","title":{"rendered":"MEDIZINTECHNIK"},"content":{"rendered":"<p>[et_pb_section fb_built=&#8220;1&#8243; admin_label=&#8220;Slider&#8220; _builder_version=&#8220;4.21.0&#8243; _module_preset=&#8220;default&#8220; width=&#8220;100%&#8220; max_width=&#8220;100%&#8220; custom_padding=&#8220;0px||0px||false|false&#8220; custom_padding_tablet=&#8220;0px||0px||false|false&#8220; custom_padding_phone=&#8220;0px||0px||false|false&#8220; global_colors_info=&#8220;{}&#8220;][et_pb_row _builder_version=&#8220;4.21.0&#8243; _module_preset=&#8220;default&#8220; background_enable_color=&#8220;off&#8220; width=&#8220;100%&#8220; width_tablet=&#8220;100%&#8220; width_phone=&#8220;100%&#8220; width_last_edited=&#8220;on|desktop&#8220; max_width=&#8220;100%&#8220; module_alignment=&#8220;left&#8220; custom_margin=&#8220;0px||0px||false|false&#8220; custom_margin_tablet=&#8220;|0px||0px|false|false&#8220; custom_padding=&#8220;0px||0px||false|false&#8220; custom_padding_tablet=&#8220;|0px||0px|false|true&#8220; global_colors_info=&#8220;{}&#8220;][et_pb_column type=&#8220;4_4&#8243; _builder_version=&#8220;4.21.0&#8243; _module_preset=&#8220;default&#8220; background_enable_color=&#8220;off&#8220; global_colors_info=&#8220;{}&#8220;][et_pb_slider _builder_version=&#8220;4.21.0&#8243; _module_preset=&#8220;default&#8220; custom_padding_tablet=&#8220;180px|0px|180px|0px|false|false&#8220; hover_enabled=&#8220;0&#8243; header_font_size_tablet=&#8220;&#8220; header_font_size_phone=&#8220;39px&#8220; header_font_size_last_edited=&#8220;on|tablet&#8220; body_font_size_phone=&#8220;39px&#8220; global_colors_info=&#8220;{}&#8220; sticky_enabled=&#8220;0&#8243;][et_pb_slide _builder_version=&#8220;4.21.0&#8243; _module_preset=&#8220;default&#8220; background_image=&#8220;https:\/\/hauxlifesupport.de\/wp-content\/uploads\/2023\/10\/Produkte_Medizin_H_D.jpg&#8220; custom_padding=&#8220;|0px||0px|false|false&#8220; hover_enabled=&#8220;0&#8243; global_colors_info=&#8220;{}&#8220; sticky_transition=&#8220;on&#8220; title_text=&#8220;Produkte_Medizin_H_D&#8220; sticky_enabled=&#8220;0&#8243;][\/et_pb_slide][\/et_pb_slider][\/et_pb_column][\/et_pb_row][\/et_pb_section][et_pb_section fb_built=&#8220;1&#8243; admin_label=&#8220;Willkommen&#8220; _builder_version=&#8220;4.21.0&#8243; _module_preset=&#8220;default&#8220; global_colors_info=&#8220;{}&#8220;][et_pb_row _builder_version=&#8220;4.21.0&#8243; _module_preset=&#8220;_initial&#8220; custom_margin_tablet=&#8220;||0px||false|false&#8220; custom_margin_phone=&#8220;||0px||false|false&#8220; custom_margin_last_edited=&#8220;on|phone&#8220; custom_padding_tablet=&#8220;||0px||false|false&#8220; custom_padding_phone=&#8220;||0px||false|false&#8220; global_colors_info=&#8220;{}&#8220;][et_pb_column type=&#8220;4_4&#8243; _builder_version=&#8220;4.21.0&#8243; _module_preset=&#8220;default&#8220; global_colors_info=&#8220;{}&#8220;][et_pb_text _builder_version=&#8220;4.21.0&#8243; _module_preset=&#8220;1d6c08ce-9034-4863-b572-8d1f8fe79549&#8243; global_colors_info=&#8220;{}&#8220;]<\/p>\n<h1><strong>HAUX-LIFE-SUPPORT \u2013 Medizintechnik<\/strong><\/h1>\n<h2><span style=\"text-decoration: underline;\">Modulare Systemtechnik, Kundenorientierung, Sicherheit, hervorragendes Preis-Leistungs-Verh\u00e4ltnis<\/span><\/h2>\n<p>[\/et_pb_text][\/et_pb_column][\/et_pb_row][et_pb_row _builder_version=&#8220;4.21.0&#8243; _module_preset=&#8220;_initial&#8220; global_colors_info=&#8220;{}&#8220;][et_pb_column type=&#8220;4_4&#8243; _builder_version=&#8220;4.21.0&#8243; _module_preset=&#8220;default&#8220; global_colors_info=&#8220;{}&#8220;][et_pb_text _builder_version=&#8220;4.21.0&#8243; _module_preset=&#8220;default&#8220; border_style_bottom=&#8220;none&#8220; global_colors_info=&#8220;{}&#8220;]<\/p>\n<p>Das Interesse einer klinischen und ambulanten Nutzung der Hyperbaren Sauerstofftherapie w\u00e4chst zunehmend und kontinuierlich. So sind in den vergangenen Jahren weltweit unz\u00e4hlige medizinische Druckkammer-Systeme aus der HAUX-STARMED-QUADRO-Familie zum Einsatz gekommen.<\/p>\n<p>Ob Ein-Personen-Kammer der HAUX-OXYSTAR-Serie, Mehrpersonenkammer zylindrisch als HAUX-STARMED oder in Rechteck-Bauweise als HAUX-MINI-QUADRO oder HAUX-QUADRO, gemeinsam mit Ihnen konzipieren wir eine optimale Systeml\u00f6sung.<\/p>\n<p>Basierend auf unserer langj\u00e4hrigen Erfahrung in der hyperbaren Sauerstofftherapie und der weltweiten, intensiven Zusammenarbeit mit unseren Kunden, kennen wir auch die kleinsten Details auf die es bei der Konstruktion und der Ausstattung hyperbarer Kammersysteme ankommt. Nach der System-Sicherheit haben neben Bedienfreundlichkeit Patienten- und Nutzerkomfort h\u00f6chste Priorit\u00e4t.<\/p>\n<p>Lassen Sie uns Ihr spezielles Anforderungsprofil wissen. Mit dem modularen HAUX-System ist es m\u00f6glich entsprechend medizinischem, technischem und finanziellem Anforderungsprofil ma\u00dfgeschneidert auf Ihr Nutzer-Profil technische L\u00f6sungen auszuarbeiten.<\/p>\n<p>[\/et_pb_text][\/et_pb_column][\/et_pb_row][et_pb_row _builder_version=&#8220;4.21.0&#8243; _module_preset=&#8220;_initial&#8220; global_colors_info=&#8220;{}&#8220;][et_pb_column type=&#8220;4_4&#8243; _builder_version=&#8220;4.21.0&#8243; _module_preset=&#8220;default&#8220; global_colors_info=&#8220;{}&#8220;][et_pb_accordion _builder_version=&#8220;4.21.0&#8243; _module_preset=&#8220;default&#8220; global_colors_info=&#8220;{}&#8220;][et_pb_accordion_item title=&#8220;HAUX-QUADRO&#8220; open=&#8220;on&#8220; _builder_version=&#8220;4.21.0&#8243; _module_preset=&#8220;default&#8220; global_colors_info=&#8220;{}&#8220;]<\/p>\n<p><img loading=\"lazy\" decoding=\"async\" src=\"https:\/\/hauxlifesupport.de\/wp-content\/uploads\/2023\/07\/HAUX-QUADRO_Lille_2_hbo_therapy_rectangular_chamber_500x375.jpg\" alt=\"\" class=\"wp-image-1396 alignnone size-full\" width=\"500\" height=\"375\" title=\"\" srcset=\"https:\/\/hauxlifesupport.de\/wp-content\/uploads\/2023\/07\/HAUX-QUADRO_Lille_2_hbo_therapy_rectangular_chamber_500x375.jpg 500w, https:\/\/hauxlifesupport.de\/wp-content\/uploads\/2023\/07\/HAUX-QUADRO_Lille_2_hbo_therapy_rectangular_chamber_500x375-480x360.jpg 480w\" sizes=\"auto, (min-width: 0px) and (max-width: 480px) 480px, (min-width: 481px) 500px, 100vw\" \/> <img loading=\"lazy\" decoding=\"async\" src=\"https:\/\/hauxlifesupport.de\/wp-content\/uploads\/2023\/07\/HAUX-QUADRO_control_station_rectangular_hbo_therapy_chamber_500x373_96dpi.jpg\" alt=\"\" class=\"wp-image-1392 alignnone size-full\" width=\"500\" height=\"373\" title=\"\" srcset=\"https:\/\/hauxlifesupport.de\/wp-content\/uploads\/2023\/07\/HAUX-QUADRO_control_station_rectangular_hbo_therapy_chamber_500x373_96dpi.jpg 500w, https:\/\/hauxlifesupport.de\/wp-content\/uploads\/2023\/07\/HAUX-QUADRO_control_station_rectangular_hbo_therapy_chamber_500x373_96dpi-480x358.jpg 480w\" sizes=\"auto, (min-width: 0px) and (max-width: 480px) 480px, (min-width: 481px) 500px, 100vw\" \/> <img loading=\"lazy\" decoding=\"async\" src=\"https:\/\/hauxlifesupport.de\/wp-content\/uploads\/2023\/07\/HAUX-QUADRO_3100-2300_rectangular_hbo_therapy_hyperbaric_chamber_500x373.jpg\" alt=\"\" class=\"wp-image-1388 alignnone size-full\" width=\"500\" height=\"373\" title=\"\" srcset=\"https:\/\/hauxlifesupport.de\/wp-content\/uploads\/2023\/07\/HAUX-QUADRO_3100-2300_rectangular_hbo_therapy_hyperbaric_chamber_500x373.jpg 500w, https:\/\/hauxlifesupport.de\/wp-content\/uploads\/2023\/07\/HAUX-QUADRO_3100-2300_rectangular_hbo_therapy_hyperbaric_chamber_500x373-480x358.jpg 480w\" sizes=\"auto, (min-width: 0px) and (max-width: 480px) 480px, (min-width: 481px) 500px, 100vw\" \/><\/p>\n<p>Mit dem modularen HAUX-System ist es m\u00f6glich, <strong>HAUX-QUADRO-Systeme<\/strong> zu konzipieren, die optimal auf das medizinische, technische und finanzielle Anforderungsprofil des Nutzers zugeschnitten sind.<\/p>\n<p>Die <strong>HAUX-QUADRO&#8217;s<\/strong> bieten mit ihrer Rechteck-Bauform ein weiter optimiertes Raumangebot f\u00fcr Patienten und Nutzer, gegen\u00fcber der zylindrischen Bauform der HAUX-STARMED-Serie.<\/p>\n<p>Ein weltweit neue Ma\u00dfst\u00e4be setzendes Beispiel f\u00fcr ein <strong>HAUX-QUADRO-System<\/strong> stellt unsere Anlage im Universit\u00e4tshospital Lille in Frankreich dar.<\/p>\n<p>Profitieren Sie von unserer \u00fcber 40-j\u00e4hrigen Erfahrung und weit mehr als 1.500 realisierten hyperbaren HAUX-Systemen im weltweiten Einsatz.<\/p>\n<p><strong>Einige Highlights und besondere Vorteile der HAUX-QUADRO-Familie:<\/strong><strong><\/strong><\/p>\n<ul>\n<li>Systeme mit Haupt- und Vorkammer als Zwei-Raum-Kammer oder mit zwei Hauptkammern als Drei- oder Vier-Raum-Kammer<\/li>\n<li>Kammerraum-Abmessungen Spannweiten (lichte Weite innen) ab 2.000 mm bis zu 3.500 mm, L\u00e4nge nach Bedarf; gr\u00f6\u00dfere Abmessungen auf Anfrage<\/li>\n<li>Betriebs\u00fcberdr\u00fccke standardm\u00e4\u00dfig 2 bar (3 ATA) bis zu 5 bar (6 ATA) als Sonderkonstruktion; h\u00f6here Dr\u00fccke auf Anfrage<\/li>\n<li>Personenkapazit\u00e4t von 2 bis 24 Patienten und mehr (sitzend auf komfortablen Patienten-Sitzen oder im Rollstuhl, liegend im Intensivbett oder auf einer Trage)<\/li>\n<li>Vielf\u00e4ltige rechteckige T\u00fcrausf\u00fchrungen u.a. intensivbettg\u00e4ngige und extrem raumsparende Schiebet\u00fcr-Ausf\u00fchrung, manuell oder motorisch bet\u00e4tigt<\/li>\n<li>HAUX-Spezialbodenausgleichs-System f\u00fcr schwellenlosen T\u00fcr-\u00dcbergang im Innenraum der Kammer f\u00fcr bequemen, niveaugleichen Kammer-Zugang ohne Stufe, ohne Rampe<\/li>\n<li>Hervorragender Sichtkontakt durch lagerichtig positionierte Fenster mit optimiertem Sichtwinkel in der HAUX-MASTERWINDOW-Ausf\u00fchrung in verschiedenen Durchmessern z.B. 300 mm bis zu 700 mm<\/li>\n<li>Bedienerfreundliche Computersteuerung durch HAUX-DECOMAT 4.0 und HAUX-DECOSUPPORT<\/li>\n<li>Patientenkomfort durch bequeme Sitze<\/li>\n<li>Optional: Audio- und Video-Unterhaltung sowie Klimatisierung mit dem Heiz-\/K\u00fchl-System HAUX-HEAT-\/HAUX-COOLMASTER<\/li>\n<li>Schneller Systemwechsel Sitzend-\/Liegend-Patienten mit der HAUX-Roll-On\/Roll-Off Technik<\/li>\n<li>Modulare, vielf\u00e4ltige medizinische Ausstattungen: z.B. Medical-Monitoring-System HXMM, Beatmungsger\u00e4te, Infusionspumpe, Absaugsystem<\/li>\n<li>Standardm\u00e4\u00dfiger Einbau speziell entwickelter hochwirksamer und gepr\u00fcfter Feuerl\u00f6sch-Systeme vom Typ HAUX-SPRAY-FOG bzw. HAUX-SPRINKLER-System<\/li>\n<li>Neues Sauerstoff-Atem-System HAUX-OXYMASTER mit niedrigsten Atemwiderst\u00e4nden durch Injektor-Unterst\u00fctzung, Bauteile weitestgehend aus Niro<\/li>\n<\/ul>\n<p>[\/et_pb_accordion_item][et_pb_accordion_item title=&#8220;HAUX-STARMED&#8220; _builder_version=&#8220;4.21.0&#8243; _module_preset=&#8220;default&#8220; global_colors_info=&#8220;{}&#8220; open=&#8220;off&#8220;]<\/p>\n<p><img loading=\"lazy\" decoding=\"async\" src=\"https:\/\/hauxlifesupport.de\/wp-content\/uploads\/2023\/07\/HAUX-STARMED_cylindrical_omega_hbo_chamber_500x375_norw.jpg\" alt=\"\" class=\"wp-image-1408 alignnone size-full\" width=\"500\" height=\"375\" title=\"\" srcset=\"https:\/\/hauxlifesupport.de\/wp-content\/uploads\/2023\/07\/HAUX-STARMED_cylindrical_omega_hbo_chamber_500x375_norw.jpg 500w, https:\/\/hauxlifesupport.de\/wp-content\/uploads\/2023\/07\/HAUX-STARMED_cylindrical_omega_hbo_chamber_500x375_norw-480x360.jpg 480w\" sizes=\"auto, (min-width: 0px) and (max-width: 480px) 480px, (min-width: 481px) 500px, 100vw\" \/> <img loading=\"lazy\" decoding=\"async\" src=\"https:\/\/hauxlifesupport.de\/wp-content\/uploads\/2023\/07\/HAUX-STARMED_interior_500x375.jpg\" alt=\"\" class=\"wp-image-1412 alignnone size-full\" width=\"500\" height=\"375\" title=\"\" srcset=\"https:\/\/hauxlifesupport.de\/wp-content\/uploads\/2023\/07\/HAUX-STARMED_interior_500x375.jpg 500w, https:\/\/hauxlifesupport.de\/wp-content\/uploads\/2023\/07\/HAUX-STARMED_interior_500x375-480x360.jpg 480w\" sizes=\"auto, (min-width: 0px) and (max-width: 480px) 480px, (min-width: 481px) 500px, 100vw\" \/> <img loading=\"lazy\" decoding=\"async\" src=\"https:\/\/hauxlifesupport.de\/wp-content\/uploads\/2023\/07\/HAUX-STARMED_2000_HBO_CYLINDRICAL_CHAMBER_control_station_min-1.jpg\" alt=\"\" class=\"wp-image-1404 alignnone size-full\" width=\"500\" height=\"375\" title=\"\" srcset=\"https:\/\/hauxlifesupport.de\/wp-content\/uploads\/2023\/07\/HAUX-STARMED_2000_HBO_CYLINDRICAL_CHAMBER_control_station_min-1.jpg 500w, https:\/\/hauxlifesupport.de\/wp-content\/uploads\/2023\/07\/HAUX-STARMED_2000_HBO_CYLINDRICAL_CHAMBER_control_station_min-1-480x360.jpg 480w\" sizes=\"auto, (min-width: 0px) and (max-width: 480px) 480px, (min-width: 481px) 500px, 100vw\" \/> <img loading=\"lazy\" decoding=\"async\" src=\"https:\/\/hauxlifesupport.de\/wp-content\/uploads\/2023\/07\/HAUX-STARMED_2000_HBO_CYLINDRICAL_CHAMBER_3D.jpg\" alt=\"\" class=\"wp-image-1400 alignnone size-full\" width=\"500\" height=\"402\" title=\"\" srcset=\"https:\/\/hauxlifesupport.de\/wp-content\/uploads\/2023\/07\/HAUX-STARMED_2000_HBO_CYLINDRICAL_CHAMBER_3D.jpg 500w, https:\/\/hauxlifesupport.de\/wp-content\/uploads\/2023\/07\/HAUX-STARMED_2000_HBO_CYLINDRICAL_CHAMBER_3D-480x386.jpg 480w\" sizes=\"auto, (min-width: 0px) and (max-width: 480px) 480px, (min-width: 481px) 500px, 100vw\" \/><\/p>\n<p>Mit dem modularen HAUX-System ist es m\u00f6glich, <strong>HAUX-STARMED-Systeme<\/strong> zu konzipieren, die optimal auf das medizinische, technische und finanzielle Anforderungsprofil des Nutzers zugeschnitten sind.<\/p>\n<p>Profitieren Sie von unserer \u00fcber 40-j\u00e4hrigen Erfahrung und weit mehr als 1500 realisierten hyperbaren HAUX-Systemen im weltweiten Einsatz, davon alleine unz\u00e4hlige medizinische <strong>HAUX-STARMED-Systeme<\/strong>.<\/p>\n<p><strong>Einige Highlights und besondere Vorteile der HAUX-STARMED-Familie:<\/strong><strong><\/strong><\/p>\n<ul>\n<li>Kammer-Durchmesser ab 1800 mm bis zu 3200 mm und gr\u00f6\u00dfer<\/li>\n<li>Betriebs\u00fcberdr\u00fccke von 2 bar (3 ATA) \u00fcber 5 bar (6 ATA) bis zu 20 bar (21 ATA) und mehr f\u00fcr Sonderanlagen<\/li>\n<li>Personenkapazit\u00e4t von 2 bis 24 Patienten und mehr<\/li>\n<li>Systeme mit Haupt- und Vorkammer als Zwei-Raumkammer oder mit zwei Hauptkammern als Drei- oder Vier-Raumkammer<\/li>\n<li>Vielf\u00e4ltige T\u00fcrausf\u00fchrungen z.B. rechteckig, rund und variable Abmessungen \u2013 abh\u00e4ngig vom jeweiligen Kammerdurchmesser<br \/>Optional: intensivbettg\u00e4ngig und extrem raumsparende Schiebt\u00fcr-Ausf\u00fchrung<\/li>\n<li>Hervorragender Sichtkontakt durch lagerichtig positionierte Fenster mit optimiertem Sichtwinkel in der HAUX-MASTERWINDOW-Ausf\u00fchrung in verschiedenen Durchmessern z.B. 150 mm, 200 mm, 250 mm, 300 mm, 400 mm<\/li>\n<li>Bedienerfreundliche Computersteuerung HAUX-DECOMAT 4.0, HAUX-DECOSUPPORT<\/li>\n<li>Patientenkomfort durch bequeme Sitze<br \/>Optional: Audio- und Video-Unterhaltung sowie Klimatisierung mit dem Heiz-\/K\u00fchl-System HAUX-HEAT-\/HAUX-COOLMASTER<\/li>\n<li>Schneller Systemwechsel Sitzend-\/Liegend-Patienten mit der HAUX-Roll-On\/Roll-Off Technik<\/li>\n<li>HAUX-Planwand-Technologie f\u00fcr optimale Raumnutzung sowie HAUX-Planboden-Technologie mit drucktragendem planen Fu\u00dfboden f\u00fcr bequemen, niveaugleichen Kammer-Zugang ohne Stufe, ohne Rampe, in der Kammer keine Bilge, die aufwendig gereinigt werden muss; einbaufreundliche niedrige Kammer-Silhouette (Omega-Form)<\/li>\n<li>Modulare, vielf\u00e4ltige medizinische Ausstattungen: z.B. Medical-Monitoring-System HXMM, Beatmungsger\u00e4te, Infusionspumpe, Absaugsystem<\/li>\n<li>Standardm\u00e4\u00dfiger Einbau speziell entwickelter hochwirksamer und gepr\u00fcfter Feuerl\u00f6sch-Systeme vom Typ HAUX-SPRAY-FOG bzw HAUX-SPRINKLER-System<\/li>\n<li>Neues Sauerstoff-Atem-System HAUX-OXYMASTER mit niedrigsten Atemwiderst\u00e4nden durch Injektor-Unterst\u00fctzung, Bauteile weitestgehend aus Niro<strong><br \/><\/strong><\/li>\n<\/ul>\n<p>[\/et_pb_accordion_item][et_pb_accordion_item title=&#8220;HAUX-MINI-QUADRO-DUOX&#8220; _builder_version=&#8220;4.21.0&#8243; _module_preset=&#8220;default&#8220; global_colors_info=&#8220;{}&#8220; open=&#8220;off&#8220;]<\/p>\n<p>HAUX-LIFE-SUPPORT entwickelte mit der <strong>HAUX-MINI-QUADRO-DUOX<\/strong> eine platzsparende HBO-Behandlungskammer in Rechteckbauweise, die wahlweise 3 bis zu 6 sitzende Patienten bzw. in DUOX-Belegung einen liegenden Patienten mit Begleiter aufnehmen kann. Der Fahrstand befindet sich direkt an der Kammerfront von wo aus f\u00fcr Kammerbediener und Kammerinsassen direkter visueller Kontakt \u00fcber ein gro\u00dfes Sichtfenster erm\u00f6glicht wird. F\u00fcr die Kommunikation mit den Kammerinsassen sorgt unsere Wechselsprechanlage HAUX-TALKMASTER.<\/p>\n<p>Die Kammer besteht aus einer Hauptkammer, in der die Patienten via Atemmasken reinen Sauerstoff oder Luft atmen und einer Vorkammer durch die eine Person aus- bzw. eingeschleust werden kann, ohne den Druck in der Hauptkammer \u00e4ndern zu m\u00fcssen.<\/p>\n<p>Nat\u00fcrlich besteht auf Wunsch unserer Kunden die M\u00f6glichkeit das Computersystem<\/p>\n<ul>\n<li>HAUX-DECOMAT 4.0 und\/oder<\/li>\n<li>HAUX-MEDICAL-MONITORING zu integrieren.<\/li>\n<\/ul>\n<p>Weitere Ausbaumerkmale auf Anfrage.<\/p>\n<p>[\/et_pb_accordion_item][et_pb_accordion_item title=&#8220;HAUX-OXYSTAR&#8220; _builder_version=&#8220;4.21.0&#8243; _module_preset=&#8220;default&#8220; global_colors_info=&#8220;{}&#8220; open=&#8220;off&#8220;]<img loading=\"lazy\" decoding=\"async\" src=\"https:\/\/hauxlifesupport.de\/wp-content\/uploads\/2023\/07\/HAUX-OXYSTAR-1000_single_person_monoplace_hbo_chamber_500x375_01.jpg\" alt=\"\" class=\"wp-image-1416 alignnone size-full\" width=\"500\" height=\"376\" title=\"\" srcset=\"https:\/\/hauxlifesupport.de\/wp-content\/uploads\/2023\/07\/HAUX-OXYSTAR-1000_single_person_monoplace_hbo_chamber_500x375_01.jpg 500w, https:\/\/hauxlifesupport.de\/wp-content\/uploads\/2023\/07\/HAUX-OXYSTAR-1000_single_person_monoplace_hbo_chamber_500x375_01-480x361.jpg 480w\" sizes=\"auto, (min-width: 0px) and (max-width: 480px) 480px, (min-width: 481px) 500px, 100vw\" \/> <img loading=\"lazy\" decoding=\"async\" src=\"https:\/\/hauxlifesupport.de\/wp-content\/uploads\/2023\/07\/HAUX-OXYSTAR-1000_single_person_monoplace_hbo_chamber_trolley_500x375.jpg\" alt=\"\" class=\"wp-image-1420 alignnone size-full\" width=\"500\" height=\"375\" title=\"\" srcset=\"https:\/\/hauxlifesupport.de\/wp-content\/uploads\/2023\/07\/HAUX-OXYSTAR-1000_single_person_monoplace_hbo_chamber_trolley_500x375.jpg 500w, https:\/\/hauxlifesupport.de\/wp-content\/uploads\/2023\/07\/HAUX-OXYSTAR-1000_single_person_monoplace_hbo_chamber_trolley_500x375-480x360.jpg 480w\" sizes=\"auto, (min-width: 0px) and (max-width: 480px) 480px, (min-width: 481px) 500px, 100vw\" \/><\/p>\n<p>Mit den neuen Modellen <strong>800<\/strong>, <strong>1000<\/strong> und <strong>1200<\/strong> der <strong>HAUX-OXYSTAR<\/strong> Generation bieten wir eine leistungsf\u00e4hige Baureihe von Einpersonen-Kammern, die neben h\u00f6chsten medizinischen Anspr\u00fcchen auch allen Komfortw\u00fcnschen gerecht wird.<br \/>\nDie moderne Version der Einpersonen-Kammer \u00fcberzeugt durch eine platzsparende Therapiem\u00f6glichkeit, die dank ihrer kompakten Abmessungen und dem fahrbaren Unterbau extrem flexibel, auch in kleineren Behandlungsr\u00e4umen, eingesetzt werden kann.<\/p>\n<p>Ein ergonomisch designtes Bedienpult mit integriertem Computer-\u00dcberwachungssystem erm\u00f6glicht die sichere Bedienung der Einpersonen-Kammer.<\/p>\n<p>Der transparente Acrylglaszylinder bietet eine optimale Beobachtung des Patienten w\u00e4hrend der Behandlung und unterst\u00fctzt somit den Behandlungserfolg.<\/p>\n<p>Bei der optimierten Version der Therapie mit einer Atemmaske, atmet der Patient reinen Sauerstoff durch eine Maske. Die Atemmaske verhindert die Sauerstoffverbreitung ins Innere der Kammer. Die Ausatemluft des Patienten wird auf direktem Weg nach au\u00dfen geleitet, dadurch kann die O2-Konzentration innerhalb der Kammer stets unter 23% gehalten werden.<\/p>\n<p>Wir bieten Ihnen verschiedene Ausstattungsvarianten wie:<\/p>\n<ul>\n<li>Beatmungsger\u00e4t<\/li>\n<li>Infusionspumpe<\/li>\n<li>HXMM (HAUX-MEDICAL-MONITORING-SYSTEM)<\/li>\n<li>HAUX-DECOMAT 4.0<\/li>\n<\/ul>\n<p>Die <strong>HAUX-OXYSTAR<\/strong> erhalten Sie in drei Varianten:<\/p>\n<ul>\n<li><strong>HAUX-OXYSTAR 800<\/strong>: kosteng\u00fcnstiges Einstiegsmodell, das bereits alle Funktionalit\u00e4ten bietet<\/li>\n<li><strong>HAUX-OXYSTAR 1000<\/strong>: Komfortmodell, das zus\u00e4tzlich allen Anspr\u00fcchen des Patienten bez\u00fcglich Komfort gerecht wird<\/li>\n<li><strong>HAUX-OXYSTAR 1200<\/strong>: Premium-Modell, unsere Premiumvariante der Einpersonen-Kammer erf\u00fcllt h\u00f6chste Komfortanspr\u00fcche und bietet bestes Wohlbefinden f\u00fcr den Patienten w\u00e4hrend der Behandlung<\/li>\n<\/ul>\n<p>[\/et_pb_accordion_item][\/et_pb_accordion][\/et_pb_column][\/et_pb_row][\/et_pb_section]<\/p>\n","protected":false},"excerpt":{"rendered":"<p>HAUX-LIFE-SUPPORT \u2013 Medizintechnik Modulare Systemtechnik, Kundenorientierung, Sicherheit, hervorragendes Preis-Leistungs-Verh\u00e4ltnisDas Interesse einer klinischen und ambulanten Nutzung der Hyperbaren Sauerstofftherapie w\u00e4chst zunehmend und kontinuierlich. So sind in den vergangenen Jahren weltweit unz\u00e4hlige medizinische Druckkammer-Systeme aus der HAUX-STARMED-QUADRO-Familie zum Einsatz gekommen. Ob Ein-Personen-Kammer der HAUX-OXYSTAR-Serie, Mehrpersonenkammer zylindrisch als HAUX-STARMED oder in Rechteck-Bauweise als HAUX-MINI-QUADRO oder HAUX-QUADRO, gemeinsam mit [&hellip;]<\/p>\n","protected":false},"author":1,"featured_media":0,"parent":633,"menu_order":110,"comment_status":"closed","ping_status":"closed","template":"","meta":{"_et_pb_use_builder":"on","_et_pb_old_content":"<!-- wp:divi\/placeholder \/-->","_et_gb_content_width":"","_relevanssi_hide_post":"","_relevanssi_hide_content":"","_relevanssi_pin_for_all":"","_relevanssi_pin_keywords":"","_relevanssi_unpin_keywords":"","_relevanssi_related_keywords":"","_relevanssi_related_include_ids":"","_relevanssi_related_exclude_ids":"","_relevanssi_related_no_append":"","_relevanssi_related_not_related":"","_relevanssi_related_posts":"","_relevanssi_noindex_reason":"","footnotes":""},"class_list":["post-635","page","type-page","status-publish","hentry"],"_links":{"self":[{"href":"https:\/\/hauxlifesupport.de\/de\/wp-json\/wp\/v2\/pages\/635","targetHints":{"allow":["GET"]}}],"collection":[{"href":"https:\/\/hauxlifesupport.de\/de\/wp-json\/wp\/v2\/pages"}],"about":[{"href":"https:\/\/hauxlifesupport.de\/de\/wp-json\/wp\/v2\/types\/page"}],"author":[{"embeddable":true,"href":"https:\/\/hauxlifesupport.de\/de\/wp-json\/wp\/v2\/users\/1"}],"replies":[{"embeddable":true,"href":"https:\/\/hauxlifesupport.de\/de\/wp-json\/wp\/v2\/comments?post=635"}],"version-history":[{"count":28,"href":"https:\/\/hauxlifesupport.de\/de\/wp-json\/wp\/v2\/pages\/635\/revisions"}],"predecessor-version":[{"id":241754,"href":"https:\/\/hauxlifesupport.de\/de\/wp-json\/wp\/v2\/pages\/635\/revisions\/241754"}],"up":[{"embeddable":true,"href":"https:\/\/hauxlifesupport.de\/de\/wp-json\/wp\/v2\/pages\/633"}],"wp:attachment":[{"href":"https:\/\/hauxlifesupport.de\/de\/wp-json\/wp\/v2\/media?parent=635"}],"curies":[{"name":"wp","href":"https:\/\/api.w.org\/{rel}","templated":true}]}}