{"id":243098,"date":"2026-03-04T14:27:51","date_gmt":"2026-03-04T13:27:51","guid":{"rendered":"https:\/\/hauxlifesupport.de\/?page_id=243098"},"modified":"2026-03-16T13:27:02","modified_gmt":"2026-03-16T12:27:02","slug":"nizza-haux-starmed-quadro","status":"publish","type":"page","link":"https:\/\/hauxlifesupport.de\/de\/unternehmen\/news\/nizza-haux-starmed-quadro\/","title":{"rendered":"News &#8211; Gr\u00f6\u00dftes Druckkammersystem Europas im Pasteur II Hospital in Nizza"},"content":{"rendered":"<p>[et_pb_section fb_built=&#8220;1&#8243; admin_label=&#8220;Slider&#8220; _builder_version=&#8220;4.21.0&#8243; _module_preset=&#8220;default&#8220; width=&#8220;100%&#8220; max_width=&#8220;100%&#8220; custom_padding=&#8220;0px||0px||false|false&#8220; custom_padding_tablet=&#8220;0px||0px||false|false&#8220; custom_padding_phone=&#8220;0px||0px||false|false&#8220; global_colors_info=&#8220;{}&#8220;][et_pb_row _builder_version=&#8220;4.21.0&#8243; _module_preset=&#8220;default&#8220; background_enable_color=&#8220;off&#8220; width=&#8220;100%&#8220; width_tablet=&#8220;100%&#8220; width_phone=&#8220;100%&#8220; width_last_edited=&#8220;on|desktop&#8220; max_width=&#8220;100%&#8220; module_alignment=&#8220;left&#8220; custom_margin=&#8220;0px||0px||false|false&#8220; custom_margin_tablet=&#8220;|0px||0px|false|false&#8220; custom_padding=&#8220;0px||0px||false|false&#8220; custom_padding_tablet=&#8220;|0px||0px|false|true&#8220; global_colors_info=&#8220;{}&#8220;][et_pb_column type=&#8220;4_4&#8243; _builder_version=&#8220;4.21.0&#8243; _module_preset=&#8220;default&#8220; background_enable_color=&#8220;off&#8220; global_colors_info=&#8220;{}&#8220;][et_pb_slider _builder_version=&#8220;4.23.1&#8243; _module_preset=&#8220;default&#8220; custom_padding_tablet=&#8220;180px|0px|180px|0px|false|false&#8220; header_font_size_tablet=&#8220;&#8220; header_font_size_phone=&#8220;39px&#8220; header_font_size_last_edited=&#8220;on|tablet&#8220; body_font_size_phone=&#8220;39px&#8220; global_colors_info=&#8220;{}&#8220;][et_pb_slide _builder_version=&#8220;4.23.1&#8243; _module_preset=&#8220;default&#8220; background_color=&#8220;#0C71C3&#8243; background_enable_color=&#8220;on&#8220; background_image=&#8220;https:\/\/hauxlifesupport.de\/wp-content\/uploads\/2025\/12\/NEWS_HAUX_Druckkammer_HyperbaricPressureChamber_Nizza_Pasteur_2_Hospital_Neon-Flagge2_2025-scaled.jpg&#8220; parallax=&#8220;on&#8220; custom_padding=&#8220;|0px||0px|false|false&#8220; global_colors_info=&#8220;{}&#8220; sticky_transition=&#8220;on&#8220;]<\/p>\n<p><strong><br \/><\/strong><strong><\/strong><\/p>\n<p>[\/et_pb_slide][\/et_pb_slider][\/et_pb_column][\/et_pb_row][\/et_pb_section][et_pb_section fb_built=&#8220;1&#8243; admin_label=&#8220;Willkommen&#8220; _builder_version=&#8220;4.21.0&#8243; _module_preset=&#8220;default&#8220; min_height=&#8220;1575.7px&#8220; custom_padding=&#8220;||40px|||&#8220; global_colors_info=&#8220;{}&#8220;][et_pb_row _builder_version=&#8220;4.21.0&#8243; _module_preset=&#8220;_initial&#8220; custom_margin_tablet=&#8220;||0px||false|false&#8220; custom_margin_phone=&#8220;||0px||false|false&#8220; custom_margin_last_edited=&#8220;on|phone&#8220; custom_padding_tablet=&#8220;||0px||false|false&#8220; custom_padding_phone=&#8220;||0px||false|false&#8220; global_colors_info=&#8220;{}&#8220;][et_pb_column type=&#8220;4_4&#8243; _builder_version=&#8220;4.21.0&#8243; _module_preset=&#8220;default&#8220; global_colors_info=&#8220;{}&#8220;][et_pb_text _builder_version=&#8220;4.23.1&#8243; _module_preset=&#8220;default&#8220; global_colors_info=&#8220;{}&#8220;]<\/p>\n<h2><strong>News<\/strong><\/h2>\n<h2><span style=\"text-decoration: underline;\">Gr\u00f6\u00dftes Druck\u00adkammer\u00adsystem Europas im Pasteur II Hospital in Nizza<\/span><\/h2>\n<p>[\/et_pb_text][\/et_pb_column][\/et_pb_row][et_pb_row _builder_version=&#8220;4.23.1&#8243; _module_preset=&#8220;default&#8220; custom_padding=&#8220;||30px|||&#8220; global_colors_info=&#8220;{}&#8220;][et_pb_column type=&#8220;4_4&#8243; _builder_version=&#8220;4.23.1&#8243; _module_preset=&#8220;default&#8220; global_colors_info=&#8220;{}&#8220;][et_pb_text _builder_version=&#8220;4.23.1&#8243; _module_preset=&#8220;default&#8220; global_colors_info=&#8220;{}&#8220;]<\/p>\n<p>Mit der erfolgreichen Inbetriebnahme des neuen Druckkammersystems <strong>HAUX-STARMED-QUADRO 3000-2200\/3,3\/SC4 +6,6\/SC2 <\/strong>im Pasteur II Hospital in Nizza setzt HAUX-LIFE-SUPPORT einen neuen Ma\u00dfstab in der hyperbaren Medizin. Das im Juni 2022 gestartete Projekt erreichte nach einer intensiven Planungs- und Fertigungsphase im August 2025 seinen Abschluss.<\/p>\n<p>[\/et_pb_text][\/et_pb_column][\/et_pb_row][et_pb_row column_structure=&#8220;2_5,3_5&#8243; _builder_version=&#8220;4.23.1&#8243; _module_preset=&#8220;default&#8220; custom_margin=&#8220;|auto|-4px|auto||&#8220; global_colors_info=&#8220;{}&#8220;][et_pb_column type=&#8220;2_5&#8243; _builder_version=&#8220;4.23.1&#8243; _module_preset=&#8220;default&#8220; global_colors_info=&#8220;{}&#8220;][et_pb_image src=&#8220;https:\/\/hauxlifesupport.de\/wp-content\/uploads\/2025\/12\/NEWS_HAUX_Druckkammer_HyperbaricPressureChamber_Nizza_Pasteur_2_Hospital_Innenraum_2025-scaled.jpg&#8220; title_text=&#8220;NEWS_HAUX_Druckkammer_HyperbaricPressureChamber_Nizza_Pasteur_2_Hospital_Innenraum_2025&#8243; _builder_version=&#8220;4.23.1&#8243; _module_preset=&#8220;default&#8220; max_height=&#8220;617px&#8220; global_colors_info=&#8220;{}&#8220;][\/et_pb_image][\/et_pb_column][et_pb_column type=&#8220;3_5&#8243; _builder_version=&#8220;4.23.1&#8243; _module_preset=&#8220;default&#8220; global_colors_info=&#8220;{}&#8220;][et_pb_text _builder_version=&#8220;4.23.1&#8243; _module_preset=&#8220;default&#8220; custom_margin=&#8220;||17px|||&#8220; global_colors_info=&#8220;{}&#8220;]<\/p>\n<p><strong>Technische Spezifikationen<\/strong><\/p>\n<p>Das neue Druckkammersystem besteht aus einem HAUX-QUADRO-System mit drei Hauptkammern und drei Vorkammern. Das gesamte System hat ein Gewicht von knapp 200 Tonnen. Es handelt sich um eines der leistungsf\u00e4higsten und gr\u00f6\u00dften Systeme, das bisher realisiert wurde.<\/p>\n<p>Die Kammern sind wie folgt aufgebaut:<\/p>\n<ul>\n<li>Kammer 1:\u00a0 \u00a07 Personen in der Hauptkammer, 3 Personen in der Vorkammer<\/li>\n<li>Kammer 2: 13 Personen in der Hauptkammer, 3 Personen in der Vorkammer<\/li>\n<li>Kammer 3: 13 Personen in der Hauptkammer, 2 Personen in der Vorkammer<\/li>\n<\/ul>\n<p>Insgesamt k\u00f6nnen bis zu 41 Personen die Kammern gleichzeitig nutzen, davon k\u00f6nnen 30 Patienten zeitgleich behandelt werden \u2013 ein herausragender Wert im internationalen Vergleich.<\/p>\n<p>Eine Kammer inklusive ihrer Vorkammer ist f\u00fcr einen Betriebsdruck von bis zu 5,6 bar \u00dcberdruck ausgelegt und erm\u00f6glicht damit insbesondere die Behandlung schwerer Tauchunf\u00e4lle. Die \u00fcbrigen Kammern arbeiten mit einem Betriebsdruck von bis zu 3,3 bar, was sie f\u00fcr vielf\u00e4ltige Anwendungen in der hyperbaren Sauerstofftherapie (HBOT) qualifiziert.<\/p>\n<p>[\/et_pb_text][\/et_pb_column][\/et_pb_row][et_pb_row column_structure=&#8220;1_2,1_2&#8243; _builder_version=&#8220;4.23.1&#8243; _module_preset=&#8220;default&#8220; min_height=&#8220;417.8px&#8220; custom_padding=&#8220;||18px|||&#8220; global_colors_info=&#8220;{}&#8220;][et_pb_column type=&#8220;1_2&#8243; _builder_version=&#8220;4.23.1&#8243; _module_preset=&#8220;default&#8220; global_colors_info=&#8220;{}&#8220;][et_pb_text _builder_version=&#8220;4.23.1&#8243; _module_preset=&#8220;default&#8220; min_height=&#8220;389.8px&#8220; custom_margin=&#8220;||-2px|||&#8220; custom_padding=&#8220;||2px|||&#8220; global_colors_info=&#8220;{}&#8220;]<\/p>\n<p style=\"text-align: left;\"><strong>Innovative L\u00f6sungen f\u00fcr Sicherheit, Komfort und Flexibilit\u00e4t<\/strong><\/p>\n<p>Die Anlage bietet zahlreiche kundenindividuelle Anpassungen und Komfortmerkmale. Dazu z\u00e4hlen:<\/p>\n<ul>\n<li>Ein umfangreiches Patienten-Entertainmentsystem mit Netzwerkanschluss<\/li>\n<li>Platz f\u00fcr bis zu 8 Patientenbetten<\/li>\n<li>Drei kundenspezifisch konfigurierte Gase, die an jedem Behandlungsplatz individuell w\u00e4hlbar sind<\/li>\n<li style=\"text-align: left;\">Schraubbare Schleusenmodule, die flexible \u00dcbergaben w\u00e4hrend des laufenden Betriebs erm\u00f6glichen<\/li>\n<\/ul>\n<p>[\/et_pb_text][\/et_pb_column][et_pb_column type=&#8220;1_2&#8243; _builder_version=&#8220;4.23.1&#8243; _module_preset=&#8220;default&#8220; global_colors_info=&#8220;{}&#8220;][et_pb_image src=&#8220;https:\/\/hauxlifesupport.de\/wp-content\/uploads\/2025\/12\/NEWS_HAUX_Druckkammer_HyperbaricPressureChamber_Nizza_Pasteur_2_Hospital_Patientenbett_2025-scaled.jpg&#8220; title_text=&#8220;NEWS_HAUX_Druckkammer_HyperbaricPressureChamber_Nizza_Pasteur_2_Hospital_Patientenbett_2025&#8243; _builder_version=&#8220;4.23.1&#8243; _module_preset=&#8220;default&#8220; custom_margin=&#8220;||-4px|||&#8220; custom_padding=&#8220;0px|||||&#8220; global_colors_info=&#8220;{}&#8220;][\/et_pb_image][\/et_pb_column][\/et_pb_row][et_pb_row _builder_version=&#8220;4.23.1&#8243; _module_preset=&#8220;default&#8220; min_height=&#8220;87.2px&#8220; custom_margin=&#8220;|auto|3px|auto||&#8220; custom_padding=&#8220;||0px|||&#8220; global_colors_info=&#8220;{}&#8220;][et_pb_column type=&#8220;4_4&#8243; _builder_version=&#8220;4.23.1&#8243; _module_preset=&#8220;default&#8220; global_colors_info=&#8220;{}&#8220;][et_pb_text _builder_version=&#8220;4.23.1&#8243; _module_preset=&#8220;default&#8220; min_height=&#8220;60.2px&#8220; custom_margin=&#8220;||30px|||&#8220; global_colors_info=&#8220;{}&#8220;]<\/p>\n<p>Ein weiteres technisches Highlight: Die Kammern wurden modular konstruiert und f\u00fcr Transport und Einbringung in einzelne Sektionen zerlegt \u2013 eine logistische Herausforderung, die nur durch die enge Zusammenarbeit mit allen Projektbeteiligten m\u00f6glich wurde.<\/p>\n<p>[\/et_pb_text][\/et_pb_column][\/et_pb_row][et_pb_row column_structure=&#8220;2_5,3_5&#8243; _builder_version=&#8220;4.23.1&#8243; _module_preset=&#8220;default&#8220; min_height=&#8220;408.1px&#8220; custom_margin=&#8220;|auto|18px|auto|false|false&#8220; global_colors_info=&#8220;{}&#8220;][et_pb_column type=&#8220;2_5&#8243; _builder_version=&#8220;4.23.1&#8243; _module_preset=&#8220;default&#8220; global_colors_info=&#8220;{}&#8220;][et_pb_image src=&#8220;https:\/\/hauxlifesupport.de\/wp-content\/uploads\/2025\/12\/NEWS_HAUX_Druckkammer_HyperbaricPressureChamber_Nizza_Pasteur_2_Hospital_Fahrstand_2025.jpeg&#8220; title_text=&#8220;NEWS_HAUX_Druckkammer_HyperbaricPressureChamber_Nizza_Pasteur_2_Hospital_Fahrstand_2025&#8243; _builder_version=&#8220;4.23.1&#8243; _module_preset=&#8220;default&#8220; transform_scale=&#8220;102%|102%&#8220; global_colors_info=&#8220;{}&#8220;][\/et_pb_image][\/et_pb_column][et_pb_column type=&#8220;3_5&#8243; _builder_version=&#8220;4.23.1&#8243; _module_preset=&#8220;default&#8220; global_colors_info=&#8220;{}&#8220;][et_pb_text _builder_version=&#8220;4.23.1&#8243; _module_preset=&#8220;default&#8220; global_colors_info=&#8220;{}&#8220;]<\/p>\n<p><strong>Medizinische Einbindung und strategische Bedeutung<\/strong><\/p>\n<p>Die neue Anlage wird k\u00fcnftig ein Bestandteil der Notaufnahme des Pasteur II Hospitals sein. Neben der Standardversorgung in der HBOT bietet das System durch seinen Hochdruckbereich ideale Voraussetzungen f\u00fcr die Behandlung von Dekompressionserkrankungen und schweren Tauchunf\u00e4llen.<\/p>\n<p>Dar\u00fcber hinaus wird die Anlage f\u00fcr Forschungs- und Testzwecke genutzt \u2013 ein klares Bekenntnis des Krankenhauses zur wissenschaftlichen Weiterentwicklung der hyperbaren Sauerstofftherapie.<\/p>\n<p>Gegen\u00fcber der bisherigen Einrichtung vor Ort \u00fcberzeugt die neue L\u00f6sung durch ein deutlich erweitertes Platzangebot, gesteigerter Patientenkomfort und eine gro\u00dfe Behandlungsflexibilit\u00e4t.<\/p>\n<p>[\/et_pb_text][\/et_pb_column][\/et_pb_row][et_pb_row column_structure=&#8220;1_2,1_2&#8243; _builder_version=&#8220;4.23.1&#8243; _module_preset=&#8220;default&#8220; global_colors_info=&#8220;{}&#8220;][et_pb_column type=&#8220;1_2&#8243; _builder_version=&#8220;4.23.1&#8243; _module_preset=&#8220;default&#8220; global_colors_info=&#8220;{}&#8220;][et_pb_text _builder_version=&#8220;4.23.1&#8243; _module_preset=&#8220;default&#8220; global_colors_info=&#8220;{}&#8220;]<\/p>\n<p><strong>Komplexe Einbringung des Kammersystem im Hospital<\/strong><\/p>\n<p>Eine besondere Herausforderung stellte die Einbringung des Kammersystems dar. Aufgrund der baulichen Infrastruktur des Klinikums war eine konventionelle Anlieferung nicht m\u00f6glich.<\/p>\n<p>Die Kammern wurden deshalb per Kran auf das Gel\u00e4nde transportiert. Ein spezielles Einbringungsfahrzeug \u00fcbernahm anschlie\u00dfend den Weitertransport auf einem engen, ansteigenden Weg bis zur finalen Position am Geb\u00e4ude. An dieser logistischen Meisterleistung waren neben einem Transportunternehmen vier weitere Partner beteiligt.<\/p>\n<p>Die eindrucksvolle Einbringung sowie die technische Bedeutung des Projekts wurden auch medial begleitet. Ein regionaler franz\u00f6sischer Fernsehsender berichtete in einem Kurzbeitrag \u00fcber das neue Druckkammersystem.<\/p>\n<p>[\/et_pb_text][\/et_pb_column][et_pb_column type=&#8220;1_2&#8243; _builder_version=&#8220;4.23.1&#8243; _module_preset=&#8220;default&#8220; global_colors_info=&#8220;{}&#8220;][et_pb_video src=&#8220;https:\/\/www.youtube.com\/watch?v=PxbTtj0cHYQ&#038;si=XQjdqttltKzxButw&#8220; font_icon=&#8220;&#xe0a3;||divi||400&#8243; _builder_version=&#8220;4.23.1&#8243; _module_preset=&#8220;default&#8220; width=&#8220;100%&#8220; max_width=&#8220;100%&#8220; hover_enabled=&#8220;0&#8243; custom_css_free_form=&#8220;.et_pb_video_play {||    text-decoration: none !important;||}||||.et_pb_video iframe,||.et_pb_video video {||    width: 100%;||    aspect-ratio: 16 \/ 9;||    height: auto;||}&#8220; global_colors_info=&#8220;{}&#8220; sticky_enabled=&#8220;0&#8243;][\/et_pb_video][\/et_pb_column][\/et_pb_row][et_pb_row _builder_version=&#8220;4.23.1&#8243; _module_preset=&#8220;default&#8220; custom_padding=&#8220;0px|||||&#8220; global_colors_info=&#8220;{}&#8220;][et_pb_column type=&#8220;4_4&#8243; _builder_version=&#8220;4.23.1&#8243; _module_preset=&#8220;default&#8220; global_colors_info=&#8220;{}&#8220;][et_pb_text _builder_version=&#8220;4.23.1&#8243; _module_preset=&#8220;default&#8220; custom_margin=&#8220;15px||21px||false|false&#8220; global_colors_info=&#8220;{}&#8220;]<\/p>\n<p><strong>Entwicklung und Projektkoordination aus einer Hand<\/strong><\/p>\n<p>HAUX-LIFE-SUPPORT \u00fcbernahm bei diesem Projekt das komplette Projektengineering und die organisatorische Gesamtverantwortung \u2013 von der ersten Planung \u00fcber die Fertigung bis hin zur Inbetriebnahme und Abnahme durch den Kunden. Insbesondere die Dimensionen der Anlage und die komplexe Einbringung erforderten eine pr\u00e4zise und interdisziplin\u00e4re Projektsteuerung. Der erfolgreiche Abschluss dieses Projekts zeigt: Komplexe Herausforderungen lassen sich durch professionelle Planung, innovative Technik und enge Zusammenarbeit bew\u00e4ltigen.<\/p>\n<p>[\/et_pb_text][\/et_pb_column][\/et_pb_row][et_pb_row _builder_version=&#8220;4.23.1&#8243; _module_preset=&#8220;default&#8220; global_colors_info=&#8220;{}&#8220;][et_pb_column type=&#8220;4_4&#8243; _builder_version=&#8220;4.23.1&#8243; _module_preset=&#8220;default&#8220; global_colors_info=&#8220;{}&#8220;][et_pb_image src=&#8220;https:\/\/hauxlifesupport.de\/wp-content\/uploads\/2025\/12\/NEWS_HAUX_Druckkammer_HyperbaricPressureChamber_Nizza_Pasteur_2_Hospital_Turen_2025-scaled.jpg&#8220; title_text=&#8220;NEWS_HAUX_Druckkammer_HyperbaricPressureChamber_Nizza_Pasteur_2_Hospital_T\u00fcren_2025&#8243; force_fullwidth=&#8220;on&#8220; _builder_version=&#8220;4.23.1&#8243; _module_preset=&#8220;default&#8220; global_colors_info=&#8220;{}&#8220;][\/et_pb_image][\/et_pb_column][\/et_pb_row][\/et_pb_section]<\/p>\n","protected":false},"excerpt":{"rendered":"<p>News Gr\u00f6\u00dftes Druck\u00a6kammer\u00a6system Europas im Pasteur II Hospital in NizzaMit der erfolgreichen Inbetriebnahme des neuen Druckkammersystems HAUX-STARMED-QUADRO 3000-2200\/3,3\/SC4 +6,6\/SC2 im Pasteur II Hospital in Nizza setzt HAUX-LIFE-SUPPORT einen neuen Ma\u00dfstab in der hyperbaren Medizin. Das im Juni 2022 gestartete Projekt erreichte nach einer intensiven Planungs- und Fertigungsphase im August 2025 seinen Abschluss.Technische Spezifikationen Das neue [&hellip;]<\/p>\n","protected":false},"author":3,"featured_media":0,"parent":242532,"menu_order":0,"comment_status":"closed","ping_status":"closed","template":"","meta":{"_et_pb_use_builder":"on","_et_pb_old_content":"","_et_gb_content_width":"","_relevanssi_hide_post":"","_relevanssi_hide_content":"","_relevanssi_pin_for_all":"","_relevanssi_pin_keywords":"","_relevanssi_unpin_keywords":"","_relevanssi_related_keywords":"","_relevanssi_related_include_ids":"","_relevanssi_related_exclude_ids":"","_relevanssi_related_no_append":"","_relevanssi_related_not_related":"","_relevanssi_related_posts":"","_relevanssi_noindex_reason":"","footnotes":""},"class_list":["post-243098","page","type-page","status-publish","hentry"],"_links":{"self":[{"href":"https:\/\/hauxlifesupport.de\/de\/wp-json\/wp\/v2\/pages\/243098","targetHints":{"allow":["GET"]}}],"collection":[{"href":"https:\/\/hauxlifesupport.de\/de\/wp-json\/wp\/v2\/pages"}],"about":[{"href":"https:\/\/hauxlifesupport.de\/de\/wp-json\/wp\/v2\/types\/page"}],"author":[{"embeddable":true,"href":"https:\/\/hauxlifesupport.de\/de\/wp-json\/wp\/v2\/users\/3"}],"replies":[{"embeddable":true,"href":"https:\/\/hauxlifesupport.de\/de\/wp-json\/wp\/v2\/comments?post=243098"}],"version-history":[{"count":34,"href":"https:\/\/hauxlifesupport.de\/de\/wp-json\/wp\/v2\/pages\/243098\/revisions"}],"predecessor-version":[{"id":243582,"href":"https:\/\/hauxlifesupport.de\/de\/wp-json\/wp\/v2\/pages\/243098\/revisions\/243582"}],"up":[{"embeddable":true,"href":"https:\/\/hauxlifesupport.de\/de\/wp-json\/wp\/v2\/pages\/242532"}],"wp:attachment":[{"href":"https:\/\/hauxlifesupport.de\/de\/wp-json\/wp\/v2\/media?parent=243098"}],"curies":[{"name":"wp","href":"https:\/\/api.w.org\/{rel}","templated":true}]}}