{"id":242619,"date":"2024-12-11T16:50:21","date_gmt":"2024-12-11T15:50:21","guid":{"rendered":"https:\/\/hauxlifesupport.de\/?page_id=242619"},"modified":"2026-03-02T21:38:52","modified_gmt":"2026-03-02T20:38:52","slug":"ostrava-haux-quadro-2700-2200","status":"publish","type":"page","link":"https:\/\/hauxlifesupport.de\/de\/unternehmen\/news\/ostrava-haux-quadro-2700-2200\/","title":{"rendered":"News &#8211; Hoch\u00admoderne HAUX-Druck\u00adkammer im Ostrava City Hospital"},"content":{"rendered":"<p>[et_pb_section fb_built=&#8220;1&#8243; admin_label=&#8220;Slider&#8220; _builder_version=&#8220;4.21.0&#8243; _module_preset=&#8220;default&#8220; width=&#8220;100%&#8220; max_width=&#8220;100%&#8220; custom_padding=&#8220;0px||0px||false|false&#8220; custom_padding_tablet=&#8220;0px||0px||false|false&#8220; custom_padding_phone=&#8220;0px||0px||false|false&#8220; global_colors_info=&#8220;{}&#8220;][et_pb_row _builder_version=&#8220;4.21.0&#8243; _module_preset=&#8220;default&#8220; background_enable_color=&#8220;off&#8220; width=&#8220;100%&#8220; width_tablet=&#8220;100%&#8220; width_phone=&#8220;100%&#8220; width_last_edited=&#8220;on|desktop&#8220; max_width=&#8220;100%&#8220; module_alignment=&#8220;left&#8220; custom_margin=&#8220;0px||0px||false|false&#8220; custom_margin_tablet=&#8220;|0px||0px|false|false&#8220; custom_padding=&#8220;0px||0px||false|false&#8220; custom_padding_tablet=&#8220;|0px||0px|false|true&#8220; global_colors_info=&#8220;{}&#8220;][et_pb_column type=&#8220;4_4&#8243; _builder_version=&#8220;4.21.0&#8243; _module_preset=&#8220;default&#8220; background_enable_color=&#8220;off&#8220; global_colors_info=&#8220;{}&#8220;][et_pb_slider _builder_version=&#8220;4.23.1&#8243; _module_preset=&#8220;default&#8220; custom_padding_tablet=&#8220;180px|0px|180px|0px|false|false&#8220; header_font_size_tablet=&#8220;&#8220; header_font_size_phone=&#8220;39px&#8220; header_font_size_last_edited=&#8220;on|tablet&#8220; body_font_size_phone=&#8220;39px&#8220; global_colors_info=&#8220;{}&#8220;][et_pb_slide _builder_version=&#8220;4.23.1&#8243; _module_preset=&#8220;default&#8220; background_color=&#8220;#0C71C3&#8243; background_enable_color=&#8220;on&#8220; background_image=&#8220;https:\/\/hauxlifesupport.de\/wp-content\/uploads\/2024\/12\/HAUX-LIFE-SUPPORT_HAUX-QUADRO_2700-2200_Ostrava_Innen-4-scaled.jpg&#8220; background_position=&#8220;top_center&#8220; background_vertical_offset=&#8220;0%&#8220; custom_padding=&#8220;|0px||0px|false|false&#8220; global_colors_info=&#8220;{}&#8220; sticky_transition=&#8220;on&#8220;]<\/p>\n<p><strong><br \/><\/strong><strong><\/strong><\/p>\n<p>[\/et_pb_slide][\/et_pb_slider][\/et_pb_column][\/et_pb_row][\/et_pb_section][et_pb_section fb_built=&#8220;1&#8243; admin_label=&#8220;Willkommen&#8220; _builder_version=&#8220;4.21.0&#8243; _module_preset=&#8220;default&#8220; min_height=&#8220;1575.7px&#8220; custom_padding=&#8220;||40px|||&#8220; global_colors_info=&#8220;{}&#8220;][et_pb_row _builder_version=&#8220;4.21.0&#8243; _module_preset=&#8220;_initial&#8220; custom_margin_tablet=&#8220;||0px||false|false&#8220; custom_margin_phone=&#8220;||0px||false|false&#8220; custom_margin_last_edited=&#8220;on|phone&#8220; custom_padding_tablet=&#8220;||0px||false|false&#8220; custom_padding_phone=&#8220;||0px||false|false&#8220; global_colors_info=&#8220;{}&#8220;][et_pb_column type=&#8220;4_4&#8243; _builder_version=&#8220;4.21.0&#8243; _module_preset=&#8220;default&#8220; global_colors_info=&#8220;{}&#8220;][et_pb_text _builder_version=&#8220;4.23.1&#8243; _module_preset=&#8220;default&#8220; global_colors_info=&#8220;{}&#8220;]<\/p>\n<h2><strong>News<\/strong><\/h2>\n<h2><span style=\"text-decoration: underline;\">Hoch\u00admoderne HAUX-Druck\u00adkammer im Ostrava City Hospital<\/span><\/h2>\n<p><strong><em><\/em><\/strong><\/p>\n<p>[\/et_pb_text][\/et_pb_column][\/et_pb_row][et_pb_row _builder_version=&#8220;4.23.1&#8243; _module_preset=&#8220;default&#8220; custom_padding=&#8220;||30px|||&#8220; hover_enabled=&#8220;0&#8243; sticky_enabled=&#8220;0&#8243;][et_pb_column _builder_version=&#8220;4.23.1&#8243; _module_preset=&#8220;default&#8220; type=&#8220;4_4&#8243;][et_pb_text _builder_version=&#8220;4.23.1&#8243; _module_preset=&#8220;default&#8220; hover_enabled=&#8220;0&#8243; sticky_enabled=&#8220;0&#8243;]<\/p>\n<p>Wir freuen uns, die erfolgreiche Installation und Inbetriebnahme der <strong>HAUX-<\/strong> <strong>QUADRO 2700-2200<\/strong> im renommierten Ostrava City Hospital in Tschechien bekannt zu geben. Dieses Projekt stellt einen bedeutenden Fortschritt in der hyperbaren Sauerstofftherapie (HBO-Therapie) in Tschechien dar und demonstriert unsere f\u00fchrende Rolle in der Entwicklung fortschrittlicher medizinischer Technologie.<\/p>\n<p>[\/et_pb_text][\/et_pb_column][\/et_pb_row][et_pb_row _builder_version=&#8220;4.23.1&#8243; _module_preset=&#8220;default&#8220;][et_pb_column _builder_version=&#8220;4.23.1&#8243; _module_preset=&#8220;default&#8220; type=&#8220;4_4&#8243;][et_pb_video src=&#8220;https:\/\/hauxlifesupport.de\/wp-content\/uploads\/2024\/12\/IMG_1144.mp4&#8243; _builder_version=&#8220;4.23.1&#8243; _module_preset=&#8220;default&#8220; title_text=&#8220;Film_Ostrava_Druckkammer_HAUX_STARMED_QUADRO_2700-2200&#8243; hover_enabled=&#8220;0&#8243; sticky_enabled=&#8220;0&#8243; width=&#8220;100%&#8220; module_alignment=&#8220;left&#8220;][\/et_pb_video][\/et_pb_column][\/et_pb_row][et_pb_row _builder_version=&#8220;4.21.0&#8243; _module_preset=&#8220;_initial&#8220; global_colors_info=&#8220;{}&#8220;][et_pb_column type=&#8220;4_4&#8243; _builder_version=&#8220;4.21.0&#8243; _module_preset=&#8220;default&#8220; global_colors_info=&#8220;{}&#8220;][et_pb_text _builder_version=&#8220;4.23.1&#8243; _module_preset=&#8220;default&#8220; hover_enabled=&#8220;0&#8243; border_style_bottom=&#8220;none&#8220; global_colors_info=&#8220;{}&#8220; custom_padding=&#8220;30px||||false|false&#8220; sticky_enabled=&#8220;0&#8243;]<\/p>\n<p><strong>Technische Spezifikationen <\/strong><\/p>\n<p>Die Druckkammer vom Typ <strong>HAUX-QUADRO 2700-2200<\/strong> mit Ihrem Druckk\u00f6rper in Rechteck-Bauweise ist konzipiert, um eine optimale Behandlungsumgebung zu bieten. Mit einer Kapazit\u00e4t von 16 Personen in der Hauptkammer und 2 Personen in der Vorkammer k\u00f6nnen wir sicherstellen, dass mehrere Patienten gleichzeitig von der HBO-Therapie profitieren. Die Kammer ist f\u00fcr einen Betriebs\u00fcberdruck von 2 bar ausgelegt.<\/p>\n<p><strong>Projektzeitplan und Meilensteine<\/strong><\/p>\n<p>Bereits 2007 hatten wir die Steuerung der damals bestehenden jahrzehntealten Druckkammer im Ostrava City Hospital nachger\u00fcstet. Die neue Ausschreibung vom Jahr 2020, welche wir im Rahmen einer EU-Ausschreibung f\u00fcr uns gewinnen konnten, umfasste den Austausch der bestehenden Anlage durch eine komplett neue, hochmoderne Druckkammer. Das Projekt-Engineering wurde dabei von unserem Konstruktionsbereich \u00fcbernommen. Ziel war es, den bestehenden Technikraum im Nachbargeb\u00e4ude weiter zu nutzen sowie die moderne Druckkammer in ein neues Geb\u00e4ude einzubringen. Das Projekt wurde 2024 unter Erf\u00fcllung aller Kundenanforderungen erfolgreich abgeschlossen.<\/p>\n<p><strong>Hervorragende Zusammenarbeit<\/strong><\/p>\n<p>Ein wesentlicher Erfolgsfaktor dieses Projektes war die enge Zusammenarbeit mit unserem lokalen HAUX-Partner vor Ort, der die Kommunikation mit dem Ostrava City Hospital erfolgreich koordinierte. Dank dieser partnerschaftlichen Kooperation konnte das Krankenhaus dessen HBO-Therapie auf den neuesten Stand der Technik bringen. Dies stellt sicher, dass die Patienten die bestm\u00f6gliche Behandlung erhalten und die Forschung im Bereich der HBO-Therapie, die in Kooperation mit der \u00f6rtlichen Universit\u00e4tsklinik betrieben wird, auf h\u00f6chstem Niveau fortgef\u00fchrt werden kann.<\/p>\n<p>Eine wichtige Rolle gab es dabei auch f\u00fcr ein auf Schwertransporte spezialisiertes Transport-Unternehmen, das die reibungslose sichere Einbringung der Druckkammer mit einem Gewicht von circa 45 Tonnen in den Neubau erm\u00f6glichte.<\/p>\n<p><strong>Besonderheiten des Projekts<\/strong><\/p>\n<p>Die neue <strong>HAUX-QUADRO 2700-2200<\/strong> im Ostrava City Hospital bietet im Vergleich zur vorherigen Kammer \u2013 neben der besonderen Bauform des Druckbeh\u00e4lters in Rechteckbauweise &#8211; mehrere innovative Funktionen und Vorteile, die den Therapieprozess f\u00fcr Patienten erheblich verbessern. Eine der hervorzuhebenden Eigenschaften sind geringste Atemwiderst\u00e4nde und insbesondere die Ausatemunterst\u00fctzung. W\u00e4hrend herk\u00f6mmliche Atemregler oft einen gewissen Widerstand erzeugen, sorgt in der neuen Druckkammer eine besondere Technologie f\u00fcr geringste Atemwiderst\u00e4nde und erm\u00f6glicht es den Patienten die Atemmaske \u00fcber die gesamte Therapiedauer aufzubehalten, auch bei einem Kammerdruck von weniger als 0,3 bar.<\/p>\n<p><strong>Zukunftsaussichten<\/strong><\/p>\n<p>Mit der erfolgreichen Installation dieser hochmodernen Druckkammer ist das Ostrava City Hospital nun in der Lage, die HBO-Therapie auf einem neuen Niveau in Tschechien anzubieten.<\/p>\n<p>Wir bei HAUX setzen uns daf\u00fcr ein, modernste medizinische Technologien zu entwickeln und bei unseren Kunden zu implementieren, um die Gesundheitsversorgung weltweit zu verbessern. Die Zusammenarbeit mit dem Ostrava City Hospital ist eines von vielen Beispielen daf\u00fcr, wie unsere Innovationen und unser Fachwissen die medizinische Praxis optimieren und die Patientenversorgung nachhaltig durch technologischen Fortschritt verbessern k\u00f6nnen.<\/p>\n<p>[\/et_pb_text][\/et_pb_column][\/et_pb_row][\/et_pb_section]<\/p>\n","protected":false},"excerpt":{"rendered":"<p>News Hoch\u00a6moderne HAUX-Druck\u00a6kammer im Ostrava City Hospital Wir freuen uns, die erfolgreiche Installation und Inbetriebnahme der HAUX- QUADRO 2700-2200 im renommierten Ostrava City Hospital in Tschechien bekannt zu geben. Dieses Projekt stellt einen bedeutenden Fortschritt in der hyperbaren Sauerstofftherapie (HBO-Therapie) in Tschechien dar und demonstriert unsere f\u00fchrende Rolle in der Entwicklung fortschrittlicher medizinischer Technologie.Technische Spezifikationen [&hellip;]<\/p>\n","protected":false},"author":3,"featured_media":0,"parent":242532,"menu_order":0,"comment_status":"closed","ping_status":"closed","template":"","meta":{"_et_pb_use_builder":"on","_et_pb_old_content":"","_et_gb_content_width":"","_relevanssi_hide_post":"","_relevanssi_hide_content":"","_relevanssi_pin_for_all":"","_relevanssi_pin_keywords":"","_relevanssi_unpin_keywords":"","_relevanssi_related_keywords":"","_relevanssi_related_include_ids":"","_relevanssi_related_exclude_ids":"","_relevanssi_related_no_append":"","_relevanssi_related_not_related":"","_relevanssi_related_posts":"","_relevanssi_noindex_reason":"","footnotes":""},"class_list":["post-242619","page","type-page","status-publish","hentry"],"_links":{"self":[{"href":"https:\/\/hauxlifesupport.de\/de\/wp-json\/wp\/v2\/pages\/242619","targetHints":{"allow":["GET"]}}],"collection":[{"href":"https:\/\/hauxlifesupport.de\/de\/wp-json\/wp\/v2\/pages"}],"about":[{"href":"https:\/\/hauxlifesupport.de\/de\/wp-json\/wp\/v2\/types\/page"}],"author":[{"embeddable":true,"href":"https:\/\/hauxlifesupport.de\/de\/wp-json\/wp\/v2\/users\/3"}],"replies":[{"embeddable":true,"href":"https:\/\/hauxlifesupport.de\/de\/wp-json\/wp\/v2\/comments?post=242619"}],"version-history":[{"count":14,"href":"https:\/\/hauxlifesupport.de\/de\/wp-json\/wp\/v2\/pages\/242619\/revisions"}],"predecessor-version":[{"id":243355,"href":"https:\/\/hauxlifesupport.de\/de\/wp-json\/wp\/v2\/pages\/242619\/revisions\/243355"}],"up":[{"embeddable":true,"href":"https:\/\/hauxlifesupport.de\/de\/wp-json\/wp\/v2\/pages\/242532"}],"wp:attachment":[{"href":"https:\/\/hauxlifesupport.de\/de\/wp-json\/wp\/v2\/media?parent=242619"}],"curies":[{"name":"wp","href":"https:\/\/api.w.org\/{rel}","templated":true}]}}