{"id":242547,"date":"2024-09-03T08:52:17","date_gmt":"2024-09-03T06:52:17","guid":{"rendered":"https:\/\/hauxlifesupport.de\/?page_id=242547"},"modified":"2024-09-03T08:52:18","modified_gmt":"2024-09-03T06:52:18","slug":"taucherglockenanlage-fur-das-rhein-schiff-carl-straat","status":"publish","type":"page","link":"https:\/\/hauxlifesupport.de\/de\/unternehmen\/news\/taucherglockenanlage-fur-das-rhein-schiff-carl-straat\/","title":{"rendered":"News &#8211; Taucherglockenanlage f\u00fcr das Rhein-Schiff Carl Straat"},"content":{"rendered":"<p>[et_pb_section fb_built=&#8220;1&#8243; admin_label=&#8220;Slider&#8220; _builder_version=&#8220;4.21.0&#8243; _module_preset=&#8220;default&#8220; width=&#8220;100%&#8220; max_width=&#8220;100%&#8220; custom_padding=&#8220;0px||0px||false|false&#8220; custom_padding_tablet=&#8220;0px||0px||false|false&#8220; custom_padding_phone=&#8220;0px||0px||false|false&#8220; global_colors_info=&#8220;{}&#8220; theme_builder_area=&#8220;post_content&#8220;][et_pb_row _builder_version=&#8220;4.21.0&#8243; _module_preset=&#8220;default&#8220; background_enable_color=&#8220;off&#8220; width=&#8220;100%&#8220; width_tablet=&#8220;100%&#8220; width_phone=&#8220;100%&#8220; width_last_edited=&#8220;on|desktop&#8220; max_width=&#8220;100%&#8220; module_alignment=&#8220;left&#8220; custom_margin=&#8220;0px||0px||false|false&#8220; custom_margin_tablet=&#8220;|0px||0px|false|false&#8220; custom_padding=&#8220;0px||0px||false|false&#8220; custom_padding_tablet=&#8220;|0px||0px|false|true&#8220; global_colors_info=&#8220;{}&#8220; theme_builder_area=&#8220;post_content&#8220;][et_pb_column type=&#8220;4_4&#8243; _builder_version=&#8220;4.21.0&#8243; _module_preset=&#8220;default&#8220; background_enable_color=&#8220;off&#8220; global_colors_info=&#8220;{}&#8220; theme_builder_area=&#8220;post_content&#8220;][et_pb_slider _builder_version=&#8220;4.21.0&#8243; _module_preset=&#8220;default&#8220; custom_padding_tablet=&#8220;180px|0px|180px|0px|false|false&#8220; header_font_size_tablet=&#8220;&#8220; header_font_size_phone=&#8220;39px&#8220; header_font_size_last_edited=&#8220;on|tablet&#8220; body_font_size_phone=&#8220;39px&#8220; global_colors_info=&#8220;{}&#8220; theme_builder_area=&#8220;post_content&#8220;][et_pb_slide _builder_version=&#8220;4.21.0&#8243; _module_preset=&#8220;default&#8220; background_image=&#8220;https:\/\/hauxlifesupport.de\/wp-content\/uploads\/2023\/10\/Produkte_Tauchtechnik_Taucherglockenschiff.jpg&#8220; custom_padding=&#8220;|0px||0px|false|false&#8220; global_colors_info=&#8220;{}&#8220; sticky_transition=&#8220;on&#8220; theme_builder_area=&#8220;post_content&#8220;]<\/p>\n<p><strong><br \/><\/strong><strong><\/strong><\/p>\n<p>[\/et_pb_slide][\/et_pb_slider][\/et_pb_column][\/et_pb_row][\/et_pb_section][et_pb_section fb_built=&#8220;1&#8243; admin_label=&#8220;Willkommen&#8220; _builder_version=&#8220;4.21.0&#8243; _module_preset=&#8220;default&#8220; global_colors_info=&#8220;{}&#8220; theme_builder_area=&#8220;post_content&#8220;][et_pb_row _builder_version=&#8220;4.21.0&#8243; _module_preset=&#8220;_initial&#8220; custom_margin_tablet=&#8220;||0px||false|false&#8220; custom_margin_phone=&#8220;||0px||false|false&#8220; custom_margin_last_edited=&#8220;on|phone&#8220; custom_padding_tablet=&#8220;||0px||false|false&#8220; custom_padding_phone=&#8220;||0px||false|false&#8220; global_colors_info=&#8220;{}&#8220; theme_builder_area=&#8220;post_content&#8220;][et_pb_column type=&#8220;4_4&#8243; _builder_version=&#8220;4.21.0&#8243; _module_preset=&#8220;default&#8220; global_colors_info=&#8220;{}&#8220; theme_builder_area=&#8220;post_content&#8220;][et_pb_text _builder_version=&#8220;4.23.1&#8243; _module_preset=&#8220;default&#8220; hover_enabled=&#8220;0&#8243; global_colors_info=&#8220;{}&#8220; theme_builder_area=&#8220;post_content&#8220; sticky_enabled=&#8220;0&#8243;]<\/p>\n<h2><strong>News<\/strong><\/h2>\n<h2><span style=\"text-decoration: underline;\">Tauchglockenanlage f\u00fcr das Rhein-Schiff <em>Carl Straat<\/em><\/span><\/h2>\n<p><strong><em><\/em><\/strong><\/p>\n<p>[\/et_pb_text][\/et_pb_column][\/et_pb_row][et_pb_row _builder_version=&#8220;4.21.0&#8243; _module_preset=&#8220;_initial&#8220; global_colors_info=&#8220;{}&#8220; theme_builder_area=&#8220;post_content&#8220;][et_pb_column type=&#8220;4_4&#8243; _builder_version=&#8220;4.21.0&#8243; _module_preset=&#8220;default&#8220; global_colors_info=&#8220;{}&#8220; theme_builder_area=&#8220;post_content&#8220;][et_pb_text _builder_version=&#8220;4.21.0&#8243; _module_preset=&#8220;default&#8220; border_style_bottom=&#8220;none&#8220; global_colors_info=&#8220;{}&#8220; theme_builder_area=&#8220;post_content&#8220;]<\/p>\n<p><strong>HAUX-LIFE-SUPPORT<\/strong> liefert die Taucherglockenanlage f\u00fcr das Schiff <em>Carl Straat<\/em> f\u00fcr das Wasserstra\u00dfen- und Schifffahrtsamt Duisburg-Rhein (WSA). Das neue Taucherglockenschiff wird das gleichnamige alte Schiff ersetzen, welches das WSA seit 1963 auf dem Rhein betreibt.<\/p>\n<p>Das von <strong>HAUX <\/strong>entwickelte moderne Taucherglockensystem ist in eine Hebevorrichtung integriert, die es dem Schiff erm\u00f6glicht, den Rhein und seine Nebenfl\u00fcsse zu befahren, und ohne Absenkung des Wasserspiegels zu arbeiten. Laut WSA kann die <em>Carl Straat<\/em> auch Tonnenverankerungen im Kies- oder Felsbereich herstellen und Probenentnahmen durch Bohrungen mit Stickstoffvereisung durchf\u00fchren.<\/p>\n<p>Prof. Dr.-Ing. Hans-Heinrich Witte, Pr\u00e4sident der Generaldirektion des WSA Koblenz: \u201eDas neue moderne Taucherglockenschiff ist ein weltweites Unikat. Auf dem Rhein und seinen Nebenfl\u00fcssen wird dieses Spezialschiff ben\u00f6tigt, um verloren gegangene Ladung oder Wrackteile zu suchen und zu bergen. Dar\u00fcber hinaus kommt es f\u00fcr wichtige Arbeiten an der Gew\u00e4ssersohle oder f\u00fcr die Bauwerksinspektion zum Einsatz.\u201c<\/p>\n<p>In die Taucherglockenanlage sind die \u00dcberdruckkammern <strong>HAUX-STARCOM<\/strong> und<strong> HAUX-BELLSTAR<\/strong> integriert, bestehend aus einer Vorkammer, Schleusenrohr mit Treppe und einer Caisson-Kammer mit einer Kapazit\u00e4t von sechs Personen. Die Taucherglocke liefert einen Arbeitsdruck f\u00fcr eine Arbeitstauchtiefe von bis zu 10 Metern f\u00fcr Unterwasserarbeiten am Flussbett. Die spezifische Systemauslegung ber\u00fccksichtigt unter anderem den Einfluss von Str\u00f6mungskr\u00e4ften, und die Ausstattung umfasst das zertifizierte <strong>HAUX-BRANDBEK\u00c4MPFUNGSSYSTEM<\/strong>, eine Hochleistungs-Atemluftanlage f\u00fcr alle Kammerabteilungen sowie die Beheizung und Isolierung der Taucherglocke.<\/p>\n<p>Der Auftrag f\u00fcr den Bau der neuen <em>Carl Straat<\/em> ging an die niederl\u00e4ndische Werft \u201eDamen Shipyards\u201c in Hardinxveld, und die Auslieferung an das WSA ist f\u00fcr das Jahr 2020 vorgesehen.<\/p>\n<p>Einen interessanten Fachartikel mit vielen Informationen rund um das Thema Taucherglockenanlage finden Sie <a href=\"https:\/\/www.home-of-welding.com\/news\/den-gefahren-unter-wasser-auf-der-spur-1359\" target=\"_blank\" rel=\"noopener noreferrer\">hier<\/a>.<\/p>\n<p>[\/et_pb_text][\/et_pb_column][\/et_pb_row][\/et_pb_section][et_pb_section fb_built=&#8220;1&#8243; custom_padding_last_edited=&#8220;on|tablet&#8220; admin_label=&#8220;News HAUX-LIFE-SUPPORT&#8220; _builder_version=&#8220;4.21.0&#8243; _module_preset=&#8220;default&#8220; background_color=&#8220;RGBA(255,255,255,0)&#8220; background_image=&#8220;https:\/\/hauxlifesupport.de\/wp-content\/uploads\/2023\/06\/827aa74837e28e0ff72c3c9487b38e28.jpg&#8220; custom_padding=&#8220;||||false|false&#8220; custom_padding_tablet=&#8220;||||false|false&#8220; custom_padding_phone=&#8220;||||false|false&#8220; global_colors_info=&#8220;{}&#8220; theme_builder_area=&#8220;post_content&#8220;][et_pb_row _builder_version=&#8220;4.21.0&#8243; _module_preset=&#8220;default&#8220; global_colors_info=&#8220;{}&#8220; theme_builder_area=&#8220;post_content&#8220;][et_pb_column type=&#8220;4_4&#8243; admin_label=&#8220;Spalte&#8220; _builder_version=&#8220;4.21.0&#8243; _module_preset=&#8220;default&#8220; global_colors_info=&#8220;{}&#8220; theme_builder_area=&#8220;post_content&#8220;][dica_divi_carousel show_items_tablet=&#8220;2&#8243; autoplay=&#8220;on&#8220; hoverpause=&#8220;on&#8220; autoplay_speed=&#8220;2500&#8243; arrow_nav_color=&#8220;gcid-8d004b11-584e-4716-8158-78133c0b6f77&#8243; arrow_position_tablet=&#8220;middle-inside&#8220; arrow_position_phone=&#8220;middle-inside&#8220; arrow_font_size_phone=&#8220;40px&#8220; admin_label=&#8220;Divi Carousel&#8220; _builder_version=&#8220;4.23.1&#8243; _module_preset=&#8220;_initial&#8220; title_text_color=&#8220;gcid-8d004b11-584e-4716-8158-78133c0b6f77&#8243; hover_enabled=&#8220;0&#8243; global_colors_info=&#8220;{%22gcid-8d004b11-584e-4716-8158-78133c0b6f77%22:%91%22arrow_nav_color%22,%22title_text_color%22%93}&#8220; theme_builder_area=&#8220;post_content&#8220; content_container_padding=&#8220;0px|40px|0px|40px|false|false&#8220; content_container_padding_last_edited=&#8220;on|desktop&#8220; sticky_enabled=&#8220;0&#8243; content_container_padding_tablet=&#8220;0px|28px|0px|28px|false|false&#8220; content_container_padding_phone=&#8220;0px|28px|0px|28px|false|false&#8220;][dica_divi_carouselitem button_url_new_window=&#8220;1&#8243; image=&#8220;https:\/\/hauxlifesupport.de\/wp-content\/uploads\/2023\/07\/Taucherglocke.jpg&#8220; image_padding=&#8220;||||false|false&#8220; content_padding=&#8220;||||false|false&#8220; button_margin=&#8220;||||false|false&#8220; button_padding=&#8220;||||false|false&#8220; custom_margin=&#8220;||||false|false&#8220; custom_padding=&#8220;||||false|false&#8220; _builder_version=&#8220;4.21.0&#8243; _module_preset=&#8220;default&#8220; header_level=&#8220;h3&#8243; header_font=&#8220;|700|||||||&#8220; header_text_color=&#8220;gcid-8d004b11-584e-4716-8158-78133c0b6f77&#8243; global_colors_info=&#8220;{%22gcid-8d004b11-584e-4716-8158-78133c0b6f77%22:%91%22header_text_color%22%93}&#8220; theme_builder_area=&#8220;post_content&#8220;][\/dica_divi_carouselitem][dica_divi_carouselitem button_url_new_window=&#8220;1&#8243; image=&#8220;https:\/\/hauxlifesupport.de\/wp-content\/uploads\/2023\/07\/Schleusenrohr_2.jpg&#8220; image_padding=&#8220;||||false|false&#8220; content_padding=&#8220;||||false|false&#8220; button_margin=&#8220;||||false|false&#8220; button_padding=&#8220;||||false|false&#8220; custom_margin=&#8220;||||false|false&#8220; custom_padding=&#8220;||||false|false&#8220; _builder_version=&#8220;4.21.0&#8243; _module_preset=&#8220;default&#8220; header_level=&#8220;h3&#8243; header_font=&#8220;|700|||||||&#8220; header_text_color=&#8220;gcid-8d004b11-584e-4716-8158-78133c0b6f77&#8243; global_colors_info=&#8220;{%22gcid-8d004b11-584e-4716-8158-78133c0b6f77%22:%91%22header_text_color%22%93}&#8220; theme_builder_area=&#8220;post_content&#8220;][\/dica_divi_carouselitem][\/dica_divi_carousel][\/et_pb_column][\/et_pb_row][\/et_pb_section]<\/p>\n","protected":false},"excerpt":{"rendered":"<p>News Tauchglockenanlage f\u00fcr das Rhein-Schiff Carl Straat HAUX-LIFE-SUPPORT liefert die Taucherglockenanlage f\u00fcr das Schiff Carl Straat f\u00fcr das Wasserstra\u00dfen- und Schifffahrtsamt Duisburg-Rhein (WSA). Das neue Taucherglockenschiff wird das gleichnamige alte Schiff ersetzen, welches das WSA seit 1963 auf dem Rhein betreibt. Das von HAUX entwickelte moderne Taucherglockensystem ist in eine Hebevorrichtung integriert, die es dem [&hellip;]<\/p>\n","protected":false},"author":3,"featured_media":0,"parent":242532,"menu_order":0,"comment_status":"closed","ping_status":"closed","template":"","meta":{"_et_pb_use_builder":"on","_et_pb_old_content":"","_et_gb_content_width":"","_relevanssi_hide_post":"","_relevanssi_hide_content":"","_relevanssi_pin_for_all":"","_relevanssi_pin_keywords":"","_relevanssi_unpin_keywords":"","_relevanssi_related_keywords":"","_relevanssi_related_include_ids":"","_relevanssi_related_exclude_ids":"","_relevanssi_related_no_append":"","_relevanssi_related_not_related":"","_relevanssi_related_posts":"","_relevanssi_noindex_reason":"","footnotes":""},"class_list":["post-242547","page","type-page","status-publish","hentry"],"_links":{"self":[{"href":"https:\/\/hauxlifesupport.de\/de\/wp-json\/wp\/v2\/pages\/242547","targetHints":{"allow":["GET"]}}],"collection":[{"href":"https:\/\/hauxlifesupport.de\/de\/wp-json\/wp\/v2\/pages"}],"about":[{"href":"https:\/\/hauxlifesupport.de\/de\/wp-json\/wp\/v2\/types\/page"}],"author":[{"embeddable":true,"href":"https:\/\/hauxlifesupport.de\/de\/wp-json\/wp\/v2\/users\/3"}],"replies":[{"embeddable":true,"href":"https:\/\/hauxlifesupport.de\/de\/wp-json\/wp\/v2\/comments?post=242547"}],"version-history":[{"count":4,"href":"https:\/\/hauxlifesupport.de\/de\/wp-json\/wp\/v2\/pages\/242547\/revisions"}],"predecessor-version":[{"id":243273,"href":"https:\/\/hauxlifesupport.de\/de\/wp-json\/wp\/v2\/pages\/242547\/revisions\/243273"}],"up":[{"embeddable":true,"href":"https:\/\/hauxlifesupport.de\/de\/wp-json\/wp\/v2\/pages\/242532"}],"wp:attachment":[{"href":"https:\/\/hauxlifesupport.de\/de\/wp-json\/wp\/v2\/media?parent=242547"}],"curies":[{"name":"wp","href":"https:\/\/api.w.org\/{rel}","templated":true}]}}