{"id":242532,"date":"2024-09-03T08:38:39","date_gmt":"2024-09-03T06:38:39","guid":{"rendered":"https:\/\/hauxlifesupport.de\/?page_id=242532"},"modified":"2026-03-04T15:15:06","modified_gmt":"2026-03-04T14:15:06","slug":"news","status":"publish","type":"page","link":"https:\/\/hauxlifesupport.de\/de\/unternehmen\/news\/","title":{"rendered":"News"},"content":{"rendered":"<p>[et_pb_section fb_built=&#8220;1&#8243; admin_label=&#8220;Slider&#8220; _builder_version=&#8220;4.21.0&#8243; _module_preset=&#8220;default&#8220; width=&#8220;100%&#8220; max_width=&#8220;100%&#8220; custom_padding=&#8220;0px||0px||false|false&#8220; custom_padding_tablet=&#8220;0px||0px||false|false&#8220; custom_padding_phone=&#8220;0px||0px||false|false&#8220; global_colors_info=&#8220;{}&#8220;][et_pb_row _builder_version=&#8220;4.21.0&#8243; _module_preset=&#8220;default&#8220; background_enable_color=&#8220;off&#8220; width=&#8220;100%&#8220; width_tablet=&#8220;100%&#8220; width_phone=&#8220;100%&#8220; width_last_edited=&#8220;on|desktop&#8220; max_width=&#8220;100%&#8220; module_alignment=&#8220;left&#8220; custom_margin=&#8220;0px||0px||false|false&#8220; custom_margin_tablet=&#8220;|0px||0px|false|false&#8220; custom_padding=&#8220;0px||0px||false|false&#8220; custom_padding_tablet=&#8220;|0px||0px|false|true&#8220; global_colors_info=&#8220;{}&#8220;][et_pb_column type=&#8220;4_4&#8243; _builder_version=&#8220;4.21.0&#8243; _module_preset=&#8220;default&#8220; background_enable_color=&#8220;off&#8220; global_colors_info=&#8220;{}&#8220;][et_pb_slider _builder_version=&#8220;4.23.1&#8243; _module_preset=&#8220;default&#8220; background_image=&#8220;https:\/\/hauxlifesupport.de\/wp-content\/uploads\/2023\/08\/Produkte_H_D-1.jpg&#8220; custom_padding_tablet=&#8220;180px|0px|180px|0px|false|false&#8220; header_font_size_tablet=&#8220;&#8220; header_font_size_phone=&#8220;39px&#8220; header_font_size_last_edited=&#8220;on|tablet&#8220; body_font_size_phone=&#8220;39px&#8220; global_colors_info=&#8220;{}&#8220;][et_pb_slide _builder_version=&#8220;4.23.1&#8243; _module_preset=&#8220;default&#8220; background_image=&#8220;https:\/\/hauxlifesupport.de\/wp-content\/uploads\/2024\/09\/IMG_6552_v5-scaled.jpg&#8220; custom_padding=&#8220;|0px||0px|false|false&#8220; global_colors_info=&#8220;{}&#8220; sticky_transition=&#8220;on&#8220;][\/et_pb_slide][\/et_pb_slider][\/et_pb_column][\/et_pb_row][\/et_pb_section][et_pb_section fb_built=&#8220;1&#8243; admin_label=&#8220;Willkommen&#8220; _builder_version=&#8220;4.21.0&#8243; _module_preset=&#8220;default&#8220; custom_padding=&#8220;||50px|||&#8220; global_colors_info=&#8220;{}&#8220;][et_pb_row _builder_version=&#8220;4.21.0&#8243; _module_preset=&#8220;_initial&#8220; custom_margin_tablet=&#8220;||0px||false|false&#8220; custom_margin_phone=&#8220;||0px||false|false&#8220; custom_margin_last_edited=&#8220;on|phone&#8220; custom_padding_tablet=&#8220;||0px||false|false&#8220; custom_padding_phone=&#8220;||0px||false|false&#8220; global_colors_info=&#8220;{}&#8220;][et_pb_column type=&#8220;4_4&#8243; _builder_version=&#8220;4.21.0&#8243; _module_preset=&#8220;default&#8220; global_colors_info=&#8220;{}&#8220;][et_pb_text _builder_version=&#8220;4.23.1&#8243; _module_preset=&#8220;default&#8220; global_colors_info=&#8220;{}&#8220;]<\/p>\n<h2 style=\"text-align: center;\"><strong>News<\/strong><\/h2>\n<h2 style=\"text-align: center;\"><span style=\"text-decoration: underline;\">HAUX-LIFE-SUPPORT<br \/><\/span><\/h2>\n<p>[\/et_pb_text][\/et_pb_column][\/et_pb_row][\/et_pb_section][et_pb_section fb_built=&#8220;1&#8243; admin_label=&#8220;3 Spalten-Bereich&#8220; _builder_version=&#8220;4.21.0&#8243; _module_preset=&#8220;default&#8220; background_enable_color=&#8220;off&#8220; background_image=&#8220;https:\/\/hauxlifesupport.de\/wp-content\/uploads\/2023\/06\/827aa74837e28e0ff72c3c9487b38e28.jpg&#8220; global_colors_info=&#8220;{%22gcid-cc089cd5-3da9-4d63-a7e1-04fbecdd3d67%22:%91%22background_color%22%93}&#8220;][et_pb_row _builder_version=&#8220;4.21.0&#8243; _module_preset=&#8220;126ce2d4-8ee6-4926-a9d7-a28071ed68d8&#8243; global_colors_info=&#8220;{}&#8220;][et_pb_column type=&#8220;4_4&#8243; admin_label=&#8220;Spalte&#8220; _builder_version=&#8220;4.21.0&#8243; _module_preset=&#8220;default&#8220; global_colors_info=&#8220;{}&#8220;][dica_divi_carousel show_items_tablet=&#8220;2&#8243; carousel_container_padding_tablet=&#8220;&#8220; carousel_container_padding_phone=&#8220;|||40px|false|false&#8220; carousel_container_padding_last_edited=&#8220;on|desktop&#8220; arrow_font_size_tablet=&#8220;&#8220; arrow_font_size_phone=&#8220;40px&#8220; arrow_font_size_last_edited=&#8220;on|phone&#8220; admin_label=&#8220;Divi Carousel&#8220; _builder_version=&#8220;4.23.1&#8243; _module_preset=&#8220;e0e13787-200d-4cbc-abd0-a9d25c3c5a23&#8243; hover_enabled=&#8220;0&#8243; global_colors_info=&#8220;{%22gcid-8d004b11-584e-4716-8158-78133c0b6f77%22:%91%22arrow_nav_color%22%93}&#8220; sticky_enabled=&#8220;0&#8243;][dica_divi_carouselitem title=&#8220;Gr\u00f6\u00dftes Druck\u00ad\u00adkammer\u00ad\u00adsystem Europas im Pasteur II Hospital in Nizza&#8220; button_text=&#8220;Mehr erfahren&#8220; button_url=&#8220;https:\/\/hauxlifesupport.de\/de\/unternehmen\/news\/nizza-haux-starmed-quadro\/&#8220; button_url_new_window=&#8220;1&#8243; image=&#8220;https:\/\/hauxlifesupport.de\/wp-content\/uploads\/2025\/12\/NEWS_HAUX_Druckkammer_HyperbaricPressureChamber_Nizza_Pasteur_2_Hospital_Neon-Flagge_2025-scaled.jpg&#8220; _builder_version=&#8220;4.23.1&#8243; _module_preset=&#8220;default&#8220; hover_enabled=&#8220;0&#8243; global_colors_info=&#8220;{}&#8220; sticky_enabled=&#8220;0&#8243;]<\/p>\n<p>Mit der Inbetrieb\u00adnahme des neuen Druck\u00adkammer\u00adsystems in Nizza setzt HAUX-LIFE-SUPPORT einen neuen Ma\u00dfstab in der hyperbaren Medizin &#8230;<\/p>\n<p>[\/dica_divi_carouselitem][dica_divi_carouselitem title=&#8220;Erfolgreiche Inbetriebnahme einer HAUX-QUADRO im Ostrava City Hospital&#8220; button_text=&#8220;Mehr erfahren&#8220; button_url=&#8220;https:\/\/hauxlifesupport.de\/de\/unternehmen\/news\/ostrava-haux-quadro-2700-2200\/&#8220; button_url_new_window=&#8220;1&#8243; image=&#8220;https:\/\/hauxlifesupport.de\/wp-content\/uploads\/2024\/12\/HAUX-LIFE-SUPPORT_HAUX-QUADRO_2700-2200_Ostrava_Innen-5-scaled.jpg&#8220; _builder_version=&#8220;4.23.1&#8243; _module_preset=&#8220;default&#8220; hover_enabled=&#8220;0&#8243; global_colors_info=&#8220;{}&#8220; sticky_enabled=&#8220;0&#8243;]<\/p>\n<p>HAUX-LIFE-SUPPORT nimmt hoch\u00admoderne HAUX-Druck\u00adkammer im renommierten Ostrava City Hospital in Tschechien in Betrieb &#8230;<\/p>\n<p>[\/dica_divi_carouselitem][dica_divi_carouselitem title=&#8220;HAUX-LIFE-SUPPORT erh\u00e4lt Auftrag f\u00fcr H\u00f6hen\u00adphysiologie-Kammer&#8220; button_text=&#8220;Mehr erfahren&#8220; button_url=&#8220;https:\/\/hauxlifesupport.de\/de\/unternehmen\/news\/hoehenphysiologie-und-hyperbare-kammer\/&#8220; button_url_new_window=&#8220;1&#8243; image=&#8220;https:\/\/hauxlifesupport.de\/wp-content\/uploads\/2023\/07\/PILOTSTAR_3D_bearbeitet.jpg&#8220; _builder_version=&#8220;4.23.1&#8243; _module_preset=&#8220;default&#8220; hover_enabled=&#8220;0&#8243; global_colors_info=&#8220;{}&#8220; sticky_enabled=&#8220;0&#8243;]<\/p>\n<p>Tschechisches F<span>lug\u00ad\u00admedizin\u00ad\u00adisches Institut vergibt Auftrag f\u00fcr H\u00f6hen\u00ad\u00adphysiologie\u00ad\u00adkammer und Hyperbare Kammer an HAUX-LIFE-SUPPORT \u2026<\/span><\/p>\n<p>[\/dica_divi_carouselitem][dica_divi_carouselitem title=&#8220;HAUX-LIFE-SUPPORT fertigt Taucher\u00adglocken\u00adanlage&#8220; button_text=&#8220;Mehr erfahren&#8220; button_url=&#8220;https:\/\/hauxlifesupport.de\/de\/unternehmen\/news\/taucherglockenanlage-fur-das-rhein-schiff-carl-straat\/&#8220; button_url_new_window=&#8220;1&#8243; image=&#8220;https:\/\/hauxlifesupport.de\/wp-content\/uploads\/2023\/07\/Unbenannt-4.jpg&#8220; _builder_version=&#8220;4.23.1&#8243; _module_preset=&#8220;default&#8220; hover_enabled=&#8220;0&#8243; global_colors_info=&#8220;{}&#8220; sticky_enabled=&#8220;0&#8243;]<\/p>\n<p><span>HAUX-LIFE-SUPPORT fertigt Taucher\u00adglocke, Schleusen\u00adrohr und \u00dcberdruck\u00adkammer f\u00fcr das neue Taucher\u00adglocken\u00adschiff des WSA Duisburg-Rhein \u2026<\/span><\/p>\n<p>[\/dica_divi_carouselitem][\/dica_divi_carousel][\/et_pb_column][\/et_pb_row][\/et_pb_section]<\/p>\n","protected":false},"excerpt":{"rendered":"<p>News HAUX-LIFE-SUPPORT<div class=\"et_pb_module dica_divi_carousel dica_divi_carousel_0\">\n\t\t\t\t\n\t\t\t\t\n\t\t\t\t\n\t\t\t\t\n\t\t\t\t\n\t\t\t\t\n\t\t\t\t<div class=\"et_pb_module_inner\">\n\t\t\t\t\t<div class=\"dica-container  desktop_middle-inside tablet_middle-inside mobile_middle-inside\" data-props='{\"desktop\":\"3\",\"tablet\":\"2\",\"mobile\":\"1\",\"speed\":\"500\",\"arrow\":\"on\",\"dots\":\"off\",\"autoplay\":\"off\",\"autoSpeed\":\"1000\",\"loop\":\"off\",\"item_spacing\":\"50\",\"center_mode\":\"off\",\"slider_effec\":\"1\",\"cover_rotate\":\"50\",\"pause_onhover\":\"off\",\"multislide\":\"off\",\"cfshadow\":\"on\",\"order\":\"0\",\"lazyload\":\"on\",\"lazybefore\":\"on\",\"scroller_effect\":\"off\",\"autowidth\":\"off\",\"item_spacing_tablet\":\"50\",\"item_spacing_phone\":\"50\",\"scroller_speed\":\"4000\",\"hashNavigation\":\"off\",\"simulatetouch\":\"on\",\"allowtouchmove\":\"off\"}'>\r\n\t\t\t\t\t\t\t \t<div class=\"swiper-container\">\r\n\t\t\t\t\t\t\t\t\t<div class=\"swiper-wrapper\"><\/div>\t\r\n\t\t\t\t\t\t\t\t<\/div>\t\r\n\t\t\t\t\t\t\t\t<div class=\"swiper-buttton-container\"><div class=\"swiper-button-prev dica-prev-btn-0\" data-icon=\"4\"><\/div><div class=\"swiper-button-next dica-next-btn-0\" data-icon=\"5\"><\/div><\/div>\r\n\t\t\t\t\t\t\t\t\t\t\t\t\t\t\r\n\t\t\t\t\t\t\t<\/div>\n\t\t\t\t<\/div>\n\t\t\t<\/div><div class=\"et_pb_module dica_divi_carouselitem dica_divi_carouselitem_0\">\n\t\t\t\t\n\t\t\t\t\n\t\t\t\t\n\t\t\t\t\n\t\t\t\t\n\t\t\t\t\n\t\t\t\t<div class=\"et_pb_module_inner\">\n\t\t\t\t\t <div class=\"dica-item image_top swiper-lazy loading\"   data-hash=\"dica_divi_carouselitem_0\">\r\n\t\t\t\t\t\t\t\t\t<div class=\"dica-image-container\"><span class=\"image\"><img data-src=\"https:\/\/hauxlifesupport.de\/wp-content\/uploads\/2025\/12\/NEWS_HAUX_Druckkammer_HyperbaricPressureChamber_Nizza_Pasteur_2_Hospital_Neon-Flagge_2025-scaled.jpg\" alt=\"\" class=\"dica-item-image swiper-lazy\" width=\"1183\" height=\"2560\"\/><div class=\"swiper-lazy-preloader swiper-lazy-preloader-white\"><\/div><\/span><\/div>\r\n\t\t\t\t\t\t\t\t\t<div class=\"dica-item-content\"><h4 class=\"item-title\">Gr\u00f6\u00dftes Druck\u00a6\u00adkammer\u00a6\u00adsystem Europas im Pasteur II Hospital in Nizza<\/h4>   <div class=\"content\">Mit der Inbetrieb\u00a6nahme des neuen Druck\u00a6kammer\u00a6systems in Nizza setzt HAUX-LIFE-SUPPORT einen neuen Ma\u00dfstab in der hyperbaren Medizin &#8230;<\/div>     <div class=\"et_pb_button_wrapper\"><a class=\"et_pb_button\" href=\"https:\/\/hauxlifesupport.de\/de\/unternehmen\/news\/nizza-haux-starmed-quadro\/\">Mehr erfahren<\/a><\/div><\/div>\r\n\t\t\t\t\t\t\t<\/div>\n\t\t\t\t<\/div>\n\t\t\t<\/div><div class=\"et_pb_module dica_divi_carouselitem dica_divi_carouselitem_1\">\n\t\t\t\t\n\t\t\t\t\n\t\t\t\t\n\t\t\t\t\n\t\t\t\t\n\t\t\t\t\n\t\t\t\t<div class=\"et_pb_module_inner\">\n\t\t\t\t\t <div class=\"dica-item image_top swiper-lazy loading\"   data-hash=\"dica_divi_carouselitem_1\">\r\n\t\t\t\t\t\t\t\t\t\r\n\t\t\t\t\t\t\t\t\t<div class=\"dica-item-content\"><h4 class=\"item-title\">&#8220;Erfolgreiche<\/h4>        <\/div>\r\n\t\t\t\t\t\t\t<\/div>\n\t\t\t\t<\/div>\n\t\t\t<\/div><\/p>\n","protected":false},"author":3,"featured_media":0,"parent":667,"menu_order":0,"comment_status":"closed","ping_status":"closed","template":"","meta":{"_et_pb_use_builder":"on","_et_pb_old_content":"","_et_gb_content_width":"","_relevanssi_hide_post":"","_relevanssi_hide_content":"","_relevanssi_pin_for_all":"","_relevanssi_pin_keywords":"","_relevanssi_unpin_keywords":"","_relevanssi_related_keywords":"","_relevanssi_related_include_ids":"","_relevanssi_related_exclude_ids":"","_relevanssi_related_no_append":"","_relevanssi_related_not_related":"","_relevanssi_related_posts":"","_relevanssi_noindex_reason":"","footnotes":""},"class_list":["post-242532","page","type-page","status-publish","hentry"],"_links":{"self":[{"href":"https:\/\/hauxlifesupport.de\/de\/wp-json\/wp\/v2\/pages\/242532","targetHints":{"allow":["GET"]}}],"collection":[{"href":"https:\/\/hauxlifesupport.de\/de\/wp-json\/wp\/v2\/pages"}],"about":[{"href":"https:\/\/hauxlifesupport.de\/de\/wp-json\/wp\/v2\/types\/page"}],"author":[{"embeddable":true,"href":"https:\/\/hauxlifesupport.de\/de\/wp-json\/wp\/v2\/users\/3"}],"replies":[{"embeddable":true,"href":"https:\/\/hauxlifesupport.de\/de\/wp-json\/wp\/v2\/comments?post=242532"}],"version-history":[{"count":13,"href":"https:\/\/hauxlifesupport.de\/de\/wp-json\/wp\/v2\/pages\/242532\/revisions"}],"predecessor-version":[{"id":243443,"href":"https:\/\/hauxlifesupport.de\/de\/wp-json\/wp\/v2\/pages\/242532\/revisions\/243443"}],"up":[{"embeddable":true,"href":"https:\/\/hauxlifesupport.de\/de\/wp-json\/wp\/v2\/pages\/667"}],"wp:attachment":[{"href":"https:\/\/hauxlifesupport.de\/de\/wp-json\/wp\/v2\/media?parent=242532"}],"curies":[{"name":"wp","href":"https:\/\/api.w.org\/{rel}","templated":true}]}}