{"id":242484,"date":"2024-09-03T08:25:29","date_gmt":"2024-09-03T06:25:29","guid":{"rendered":"https:\/\/hauxlifesupport.de\/?page_id=242484"},"modified":"2026-03-02T21:01:00","modified_gmt":"2026-03-02T20:01:00","slug":"hoehenphysiologie-und-hyperbare-kammer","status":"publish","type":"page","link":"https:\/\/hauxlifesupport.de\/de\/unternehmen\/news\/hoehenphysiologie-und-hyperbare-kammer\/","title":{"rendered":"News &#8211; Auftrag f\u00fcr H\u00f6hen\u00adphysiologie- und Hyper\u00adbare Kammer"},"content":{"rendered":"<p>[et_pb_section fb_built=&#8220;1&#8243; admin_label=&#8220;Slider&#8220; _builder_version=&#8220;4.21.0&#8243; _module_preset=&#8220;default&#8220; width=&#8220;100%&#8220; max_width=&#8220;100%&#8220; custom_padding=&#8220;0px||0px||false|false&#8220; custom_padding_tablet=&#8220;0px||0px||false|false&#8220; custom_padding_phone=&#8220;0px||0px||false|false&#8220; global_colors_info=&#8220;{}&#8220;][et_pb_row _builder_version=&#8220;4.21.0&#8243; _module_preset=&#8220;default&#8220; background_enable_color=&#8220;off&#8220; width=&#8220;100%&#8220; width_tablet=&#8220;100%&#8220; width_phone=&#8220;100%&#8220; width_last_edited=&#8220;on|desktop&#8220; max_width=&#8220;100%&#8220; module_alignment=&#8220;left&#8220; custom_margin=&#8220;0px||0px||false|false&#8220; custom_margin_tablet=&#8220;|0px||0px|false|false&#8220; custom_padding=&#8220;0px||0px||false|false&#8220; custom_padding_tablet=&#8220;|0px||0px|false|true&#8220; global_colors_info=&#8220;{}&#8220;][et_pb_column type=&#8220;4_4&#8243; _builder_version=&#8220;4.21.0&#8243; _module_preset=&#8220;default&#8220; background_enable_color=&#8220;off&#8220; global_colors_info=&#8220;{}&#8220;][et_pb_slider _builder_version=&#8220;4.23.1&#8243; _module_preset=&#8220;default&#8220; custom_padding_tablet=&#8220;180px|0px|180px|0px|false|false&#8220; header_font_size_tablet=&#8220;&#8220; header_font_size_phone=&#8220;39px&#8220; header_font_size_last_edited=&#8220;on|tablet&#8220; body_font_size_phone=&#8220;39px&#8220; global_colors_info=&#8220;{}&#8220;][et_pb_slide _builder_version=&#8220;4.23.1&#8243; _module_preset=&#8220;default&#8220; background_image=&#8220;https:\/\/hauxlifesupport.de\/wp-content\/uploads\/2023\/10\/Produkte_Sondersysteme_H_D.jpg&#8220; background_position=&#8220;top_center&#8220; background_vertical_offset=&#8220;0%&#8220; custom_padding=&#8220;|0px||0px|false|false&#8220; global_colors_info=&#8220;{}&#8220; sticky_transition=&#8220;on&#8220;]<\/p>\n<p><strong><br \/><\/strong><strong><\/strong><\/p>\n<p>[\/et_pb_slide][\/et_pb_slider][\/et_pb_column][\/et_pb_row][\/et_pb_section][et_pb_section fb_built=&#8220;1&#8243; admin_label=&#8220;Willkommen&#8220; _builder_version=&#8220;4.21.0&#8243; _module_preset=&#8220;default&#8220; global_colors_info=&#8220;{}&#8220;][et_pb_row _builder_version=&#8220;4.21.0&#8243; _module_preset=&#8220;_initial&#8220; custom_margin_tablet=&#8220;||0px||false|false&#8220; custom_margin_phone=&#8220;||0px||false|false&#8220; custom_margin_last_edited=&#8220;on|phone&#8220; custom_padding_tablet=&#8220;||0px||false|false&#8220; custom_padding_phone=&#8220;||0px||false|false&#8220; global_colors_info=&#8220;{}&#8220;][et_pb_column type=&#8220;4_4&#8243; _builder_version=&#8220;4.21.0&#8243; _module_preset=&#8220;default&#8220; global_colors_info=&#8220;{}&#8220;][et_pb_text _builder_version=&#8220;4.23.1&#8243; _module_preset=&#8220;default&#8220; global_colors_info=&#8220;{}&#8220;]<\/p>\n<h2><strong>News<\/strong><\/h2>\n<h2><span style=\"text-decoration: underline;\">Auftrag f\u00fcr H\u00f6henphysiologie- und Hyperbare Kammer<\/span><\/h2>\n<p><strong><em><\/em><\/strong><\/p>\n<p>[\/et_pb_text][\/et_pb_column][\/et_pb_row][et_pb_row _builder_version=&#8220;4.21.0&#8243; _module_preset=&#8220;_initial&#8220; global_colors_info=&#8220;{}&#8220;][et_pb_column type=&#8220;4_4&#8243; _builder_version=&#8220;4.21.0&#8243; _module_preset=&#8220;default&#8220; global_colors_info=&#8220;{}&#8220;][et_pb_text _builder_version=&#8220;4.23.1&#8243; _module_preset=&#8220;default&#8220; hover_enabled=&#8220;0&#8243; border_style_bottom=&#8220;none&#8220; global_colors_info=&#8220;{}&#8220; sticky_enabled=&#8220;0&#8243;]<\/p>\n<p><strong>Tschechisches Flugmedizinisches Institut vergibt Auftrag f\u00fcr H\u00f6hen\u00adphysiologie-Kammer und Hyper\u00adbare Kammer an HAUX-LIFE-SUPPORT<\/strong><\/p>\n<p>Nach erfolgter internationaler offener EU-Aus\u00adschreibung wurde der Auf\u00adtrag des Tschechischen Flug\u00admedizinischen Insti\u00adtuts f\u00fcr eine H\u00f6hen\u00adphysiologie-Kammer, eine hyper\u00adbare Kammer und die erfor\u00adderlichen Geb\u00e4ude\u00admodifi\u00adkationen an die\u00a0<strong>HAUX-LIFE-SUPPORT GmbH<\/strong>\u00a0vergeben.<\/p>\n<p>Die\u00a0<strong>HAUX-LIFE-SUPPORT GmbH<\/strong> hat zum Aus\u00adbau ihrer beste\u00adhenden hypo\u00adbaren Aktivit\u00e4ten mit der \u00f6ster\u00adreichischen Firma\u00a0<strong>JFJ Consulting GmbH<\/strong>\u00a0eine globale, langfristige und strategische Partner\u00adschaft f\u00fcr den Bereich hypobare H\u00f6hen\u00adphysiologie geschlossen.<\/p>\n<p>Diese hat das Ziel der stetigen Weiter\u00adentwicklung der HAUX-H\u00f6hen\u00adphysiologie-Kammern zur Piloten\u00adausbildung auf h\u00f6chstem Perfor\u00admance-, Qualit\u00e4ts- und Sicherheits\u00adniveau sowie der globalen Vertriebs\u00adunterst\u00fctz\u00adung auf diesem Spezialgebiet.<\/p>\n<p>W\u00e4hrend das medizinische Druck\u00adkammer\u00adsystem vom Typ\u00a0<strong>HAUX-STARMED-QUADRO<\/strong>\u00a0unter anderem dazu dient, standard\u00adm\u00e4\u00dfige medizinische hyper\u00adbare Behand\u00adlungs\u00adprofile durch\u00adzuf\u00fchren, soll die hypobare Kammer vom Typ\u00a0<strong>HAUX-PILOTSTAR<\/strong>\u00a0ver\u00adwendet werden, um Piloten f\u00fcr den Ein\u00adsatz in H\u00f6hen bis zu 35 000 Fu\u00df aus- und weiter\u00adzubilden, sowie flug\u00adphysiologische Unter\u00adsuchungen vorzunehmen.<\/p>\n<p>Beide Anlagen sollen Ende des Jahres 2021 ausgeliefert und in Betrieb genommen werden.<\/p>\n<p>[\/et_pb_text][\/et_pb_column][\/et_pb_row][\/et_pb_section][et_pb_section fb_built=&#8220;1&#8243; custom_padding_last_edited=&#8220;on|tablet&#8220; admin_label=&#8220;News HAUX-LIFE-SUPPORT&#8220; _builder_version=&#8220;4.21.0&#8243; _module_preset=&#8220;default&#8220; background_color=&#8220;RGBA(255,255,255,0)&#8220; background_image=&#8220;https:\/\/hauxlifesupport.de\/wp-content\/uploads\/2023\/06\/827aa74837e28e0ff72c3c9487b38e28.jpg&#8220; custom_padding=&#8220;||||false|false&#8220; custom_padding_tablet=&#8220;||||false|false&#8220; custom_padding_phone=&#8220;||||false|false&#8220; global_colors_info=&#8220;{}&#8220;][et_pb_row _builder_version=&#8220;4.21.0&#8243; _module_preset=&#8220;default&#8220; global_colors_info=&#8220;{}&#8220;][et_pb_column type=&#8220;4_4&#8243; admin_label=&#8220;Spalte&#8220; _builder_version=&#8220;4.21.0&#8243; _module_preset=&#8220;default&#8220; global_colors_info=&#8220;{}&#8220;][dica_divi_carousel show_items_tablet=&#8220;2&#8243; autoplay=&#8220;on&#8220; hoverpause=&#8220;on&#8220; autoplay_speed=&#8220;2500&#8243; arrow_nav_color=&#8220;gcid-8d004b11-584e-4716-8158-78133c0b6f77&#8243; content_container_padding=&#8220;0px|40px|0px|40px|false|false&#8220; content_container_padding_tablet=&#8220;0px|28px|0px|28px|false|false&#8220; content_container_padding_phone=&#8220;0px|28px|0px|28px|false|false&#8220; content_container_padding_last_edited=&#8220;on|desktop&#8220; arrow_position_tablet=&#8220;middle-inside&#8220; arrow_position_phone=&#8220;middle-inside&#8220; arrow_font_size_phone=&#8220;40px&#8220; admin_label=&#8220;Divi Carousel&#8220; _builder_version=&#8220;4.23.1&#8243; _module_preset=&#8220;_initial&#8220; title_text_color=&#8220;gcid-8d004b11-584e-4716-8158-78133c0b6f77&#8243; global_colors_info=&#8220;{%22gcid-8d004b11-584e-4716-8158-78133c0b6f77%22:%91%22arrow_nav_color%22,%22title_text_color%22%93}&#8220;][dica_divi_carouselitem button_url_new_window=&#8220;1&#8243; image=&#8220;https:\/\/hauxlifesupport.de\/wp-content\/uploads\/2023\/07\/QUADRO_3D.jpg&#8220; image_lightbox=&#8220;on&#8220; image_padding=&#8220;||||false|false&#8220; content_padding=&#8220;||||false|false&#8220; button_margin=&#8220;||||false|false&#8220; button_padding=&#8220;||||false|false&#8220; custom_margin=&#8220;||||false|false&#8220; custom_padding=&#8220;||||false|false&#8220; _builder_version=&#8220;4.23.1&#8243; _module_preset=&#8220;default&#8220; header_level=&#8220;h3&#8243; header_font=&#8220;|700|||||||&#8220; header_text_color=&#8220;gcid-8d004b11-584e-4716-8158-78133c0b6f77&#8243; global_colors_info=&#8220;{%22gcid-8d004b11-584e-4716-8158-78133c0b6f77%22:%91%22header_text_color%22%93}&#8220;][\/dica_divi_carouselitem][dica_divi_carouselitem button_url_new_window=&#8220;1&#8243; image=&#8220;https:\/\/hauxlifesupport.de\/wp-content\/uploads\/2023\/07\/PILOTSTAR_3D_bearbeitet.jpg&#8220; image_padding=&#8220;||||false|false&#8220; content_padding=&#8220;||||false|false&#8220; button_margin=&#8220;||||false|false&#8220; button_padding=&#8220;||||false|false&#8220; custom_margin=&#8220;||||false|false&#8220; custom_padding=&#8220;||||false|false&#8220; _builder_version=&#8220;4.23.1&#8243; _module_preset=&#8220;default&#8220; header_level=&#8220;h3&#8243; header_font=&#8220;|700|||||||&#8220; header_text_color=&#8220;gcid-8d004b11-584e-4716-8158-78133c0b6f77&#8243; global_colors_info=&#8220;{%22gcid-8d004b11-584e-4716-8158-78133c0b6f77%22:%91%22header_text_color%22%93}&#8220;][\/dica_divi_carouselitem][\/dica_divi_carousel][\/et_pb_column][\/et_pb_row][\/et_pb_section]<\/p>\n","protected":false},"excerpt":{"rendered":"<p>News Auftrag f\u00fcr H\u00f6henphysiologie- und Hyperbare Kammer Tschechisches Flugmedizinisches Institut vergibt Auftrag f\u00fcr H\u00f6hen\u00adphysiologie-Kammer und Hyper\u00adbare Kammer an HAUX-LIFE-SUPPORT Nach erfolgter internationaler offener EU-Aus\u00adschreibung wurde der Auf\u00adtrag des Tschechischen Flug\u00admedizinischen Insti\u00adtuts f\u00fcr eine H\u00f6hen\u00adphysiologie-Kammer, eine hyper\u00adbare Kammer und die erfor\u00adderlichen Geb\u00e4ude\u00admodifi\u00adkationen an die\u00a0HAUX-LIFE-SUPPORT GmbH\u00a0vergeben. Die\u00a0HAUX-LIFE-SUPPORT GmbH hat zum Aus\u00adbau ihrer beste\u00adhenden hypo\u00adbaren Aktivit\u00e4ten mit der [&hellip;]<\/p>\n","protected":false},"author":3,"featured_media":0,"parent":242532,"menu_order":0,"comment_status":"closed","ping_status":"closed","template":"","meta":{"_et_pb_use_builder":"on","_et_pb_old_content":"","_et_gb_content_width":"","_relevanssi_hide_post":"","_relevanssi_hide_content":"","_relevanssi_pin_for_all":"","_relevanssi_pin_keywords":"","_relevanssi_unpin_keywords":"","_relevanssi_related_keywords":"","_relevanssi_related_include_ids":"","_relevanssi_related_exclude_ids":"","_relevanssi_related_no_append":"","_relevanssi_related_not_related":"","_relevanssi_related_posts":"","_relevanssi_noindex_reason":"","footnotes":""},"class_list":["post-242484","page","type-page","status-publish","hentry"],"_links":{"self":[{"href":"https:\/\/hauxlifesupport.de\/de\/wp-json\/wp\/v2\/pages\/242484","targetHints":{"allow":["GET"]}}],"collection":[{"href":"https:\/\/hauxlifesupport.de\/de\/wp-json\/wp\/v2\/pages"}],"about":[{"href":"https:\/\/hauxlifesupport.de\/de\/wp-json\/wp\/v2\/types\/page"}],"author":[{"embeddable":true,"href":"https:\/\/hauxlifesupport.de\/de\/wp-json\/wp\/v2\/users\/3"}],"replies":[{"embeddable":true,"href":"https:\/\/hauxlifesupport.de\/de\/wp-json\/wp\/v2\/comments?post=242484"}],"version-history":[{"count":17,"href":"https:\/\/hauxlifesupport.de\/de\/wp-json\/wp\/v2\/pages\/242484\/revisions"}],"predecessor-version":[{"id":243331,"href":"https:\/\/hauxlifesupport.de\/de\/wp-json\/wp\/v2\/pages\/242484\/revisions\/243331"}],"up":[{"embeddable":true,"href":"https:\/\/hauxlifesupport.de\/de\/wp-json\/wp\/v2\/pages\/242532"}],"wp:attachment":[{"href":"https:\/\/hauxlifesupport.de\/de\/wp-json\/wp\/v2\/media?parent=242484"}],"curies":[{"name":"wp","href":"https:\/\/api.w.org\/{rel}","templated":true}]}}